{"id":17229,"date":"2023-11-02T09:47:46","date_gmt":"2023-11-02T08:47:46","guid":{"rendered":"https:\/\/9staedte.de\/informacje-o-przewodniku-i-wycieczkach-w-hamelin\/"},"modified":"2025-02-18T16:49:05","modified_gmt":"2025-02-18T15:49:05","slug":"informacje-o-przewodniku-i-wycieczkach-w-hamelin","status":"publish","type":"page","link":"https:\/\/9staedte.de\/pl\/hamelin-legendarne-miasto-pied-piper\/informacje-o-przewodniku-i-wycieczkach-w-hamelin\/","title":{"rendered":"Informacje o przewodniku i wycieczkach w Hameln"},"content":{"rendered":"\n<h2 class=\"wp-block-heading\">Zarezerwuj wycieczk\u0119 do Weserbergland  <\/h2>\n\n\n\n<p>Hameln Marketing und Tourismus GmbH ch\u0119tnie zorganizuje przewodnik\u00f3w na wycieczki autokarowe i rowerowe.<br>lub w\u0119dr\u00f3wki po Weserbergland. Tematy obejmuj\u0105 legendy i bajki, renesans nad Wezer\u0105 i ko\u015bcio\u0142y.<\/p>\n\n\n\n<p><\/p>\n\n\n\n<h3 class=\"wp-block-heading\">Weserbergland jest uwa\u017cany za krain\u0119 odkrywc\u00f3w&#8230;<\/h3>\n\n\n\n<p>&#8230;Tutaj znajdziesz nie tylko niewyobra\u017calne miejsca do relaksu, ale tak\u017ce atrakcyjne mo\u017cliwo\u015bci sp\u0119dzania wolnego czasu. Pi\u0119knie zdobione miasteczka z muru pruskiego w idyllicznym, niskog\u00f3rskim krajobrazie ukszta\u0142towanym przez Wezer\u0119 otwieraj\u0105 szeroki wachlarz ofert dla wczasowicz\u00f3w.<\/p>\n\n\n\n<p>Sie\u0107 dobrze oznakowanych szlak\u00f3w pieszych i rowerowych otacza Hameln i \u0142\u0105czy miasto Pied Piper z atrakcyjnymi lokalnymi terenami rekreacyjnymi wzd\u0142u\u017c Wezery. Popularnymi celami wycieczek pieszych s\u0105 wie\u017ca S\u00fcntel i Hohenstein w pobli\u017cu Hessisch Oldendorf.<\/p>\n\n\n\n<p>D\u0142ugodystansowa trasa rowerowa Weser jest bardzo atrakcyjna i odpowiednio popularna. Przeje\u017cd\u017ca przez Hameln na swojej 450-kilometrowej trasie z Hannoversch M\u00fcnden do Bremerhaven i jest u\u017cywany przez oko\u0142o 150 000 turyst\u00f3w rowerowych rocznie. Wed\u0142ug Allgemeiner Deutscher Fahrradclub (ADFC), Weser Cycle Route od lat jest najpopularniejsz\u0105 d\u0142ugodystansow\u0105 tras\u0105 rowerow\u0105 w Niemczech.<\/p>\n\n\n\n<p>Atrakcj\u0105 w Weserbergland jest zamek H\u00e4melschenburg w pobli\u017cu Hameln. Zbudowany w 1588 roku jako zamek z fos\u0105 w stylu renesansu wezerskiego, uwa\u017cany jest za jeden z najpi\u0119kniejszych zamk\u00f3w w p\u00f3\u0142nocnych Niemczech.<\/p>\n\n\n\n<p>Warto r\u00f3wnie\u017c zobaczy\u0107 opactwo Fischbeck w Hessich Oldendorf ze s\u0142ynnym gobelinem z 1583 roku. Klasztor mo\u017cna zwiedza\u0107 codziennie od kwietnia do pa\u017adziernika, z wyj\u0105tkiem poniedzia\u0142k\u00f3w.<\/p>\n\n\n\n<p>Inne warte odwiedzenia miejsca w Weserbergland to uzdrowisko Bad Pyrmont z rozleg\u0142ymi ogrodami uzdrowiskowymi i ogrodem palmowym (najwi\u0119kszy odkryty ogr\u00f3d palmowy na p\u00f3\u0142noc od Alp), miasto Bodenwerder w M\u00fcnchhausen, Rinteln, B\u00fcckeburg i Holzminden.<\/p>\n\n\n\n<p>Oko\u0142o 60 km na po\u0142udnie od Hameln, F\u00fcrstenberg jest domem dla jednej z najstarszych manufaktur porcelany w Europie, mieszcz\u0105cej si\u0119 w pi\u0119knym renesansowym zamku nad Wezer\u0105. Warto zobaczy\u0107 wystaw\u0119 muzealn\u0105 po\u015bwi\u0119con\u0105 ponad 250-letniej historii produkcji. Niedaleko, po drugiej stronie Wezery, warto odwiedzi\u0107 zamek Corvey.<\/p>\n\n\n\n<p>Przez Weserbergland przebiega Niemiecka Droga Dom\u00f3w z Drewna, Droga Renesansu Wezery i Niemiecka Droga Bajek.<\/p>\n\n\n\n<p>Weserbergland jest uwa\u017cany za krain\u0119 ba\u015bni i legend. Opr\u00f3cz przedstawienia &#8222;Pied Piper&#8221; i musicalu &#8222;Szczury&#8221; w Hamelin, wystawiane s\u0105 r\u00f3wnie\u017c inne przedstawienia plenerowe: M\u00fcnchhausen w Bodenwerder, Kopciuszek w Polle, Ja\u015b i Ma\u0142gosia w H\u00f6xter oraz Doktor \u017belaznobrody w Hann. M\u00fcnden.<\/p>\n\n\n\n<p>Oko\u0142o 25 km na wsch\u00f3d od Hameln m\u0142odzi i starsi znajd\u0105 co\u015b dla siebie w parku rozrywki Rastiland. Wizyta na torze saneczkowym w Bodenwerder (23 km na po\u0142udnie) r\u00f3wnie\u017c obiecuje mn\u00f3stwo zabawy.<\/p>\n\n\n\n<p>Wi\u0119cej informacji na temat atrakcyjnych okolic Hameln mo\u017cna uzyska\u0107 od <a href=\"https:\/\/www.weserbergland-tourismus.de\/de\/\" target=\"_blank\" rel=\"noreferrer noopener\">Weserbergland Tourismus e.V.<\/a> gotowy dla Ciebie.<\/p>\n\n\n\n<h4 class=\"wp-block-heading\">Rezerwacje z:<\/h4>\n\n\n\n<p>Hameln Marketing and Tourism GmbH<br>Informacje turystyczne<br>Deisterallee 1<br>31785 Hamelin<br>Tel.: +49 (0) 5151\/957823<br>Faks:&nbsp; +49 (0) 5151\/957840<br>E-mail:&nbsp;<a href=\"mailto:touristinfo@hameln.de\" target=\"_blank\" rel=\"noreferrer noopener\">touristinfo@hameln.de<\/a><br>Internet:&nbsp;<a href=\"http:\/\/www.hameln.de\/\" target=\"_blank\" rel=\"noreferrer noopener\">www.hameln.de<\/a><\/p>\n","protected":false},"excerpt":{"rendered":"<p>Zarezerwuj wycieczk\u0119 do Weserbergland Hameln Marketing und Tourismus GmbH ch\u0119tnie zorganizuje przewodnik\u00f3w na wycieczki autokarowe i rowerowe.lub w\u0119dr\u00f3wki po Weserbergland. Tematy obejmuj\u0105 legendy i bajki, renesans nad Wezer\u0105 i ko\u015bcio\u0142y. Weserbergland jest uwa\u017cany za krain\u0119 odkrywc\u00f3w&#8230; &#8230;Tutaj znajdziesz nie tylko niewyobra\u017calne miejsca do relaksu, ale tak\u017ce atrakcyjne mo\u017cliwo\u015bci sp\u0119dzania wolnego czasu. Pi\u0119knie zdobione miasteczka z [&hellip;]<\/p>\n","protected":false},"author":1,"featured_media":17237,"parent":17928,"menu_order":0,"comment_status":"closed","ping_status":"closed","template":"pagetemplates\/template-stadtthema.php","meta":{"_acf_changed":false,"footnotes":""},"categories":[],"tags":[],"ncap_cities_tax":[450,1292],"class_list":["post-17229","page","type-page","status-publish","has-post-thumbnail","hentry","ncap_cities_tax-hameln-pl","ncap_cities_tax-reiseleitung-und-ausflugen-hameln-pl"],"acf":[],"yoast_head":"<!-- This site is optimized with the Yoast SEO plugin v26.8 - https:\/\/yoast.com\/product\/yoast-seo-wordpress\/ -->\n<title>Informacje o przewodniku i wycieczkach w Hameln - 9 St\u00e4dte in Niedersachsen<\/title>\n<meta name=\"robots\" content=\"index, follow, max-snippet:-1, max-image-preview:large, max-video-preview:-1\" \/>\n<link rel=\"canonical\" href=\"https:\/\/9staedte.de\/pl\/hamelin-legendarne-miasto-pied-piper\/informacje-o-przewodniku-i-wycieczkach-w-hamelin\/\" \/>\n<meta property=\"og:locale\" content=\"pl_PL\" \/>\n<meta property=\"og:type\" content=\"article\" \/>\n<meta property=\"og:title\" content=\"Informacje o przewodniku i wycieczkach w Hameln - 9 St\u00e4dte in Niedersachsen\" \/>\n<meta property=\"og:description\" content=\"Zarezerwuj wycieczk\u0119 do Weserbergland Hameln Marketing und Tourismus GmbH ch\u0119tnie zorganizuje przewodnik\u00f3w na wycieczki autokarowe i rowerowe.lub w\u0119dr\u00f3wki po Weserbergland. Tematy obejmuj\u0105 legendy i bajki, renesans nad Wezer\u0105 i ko\u015bcio\u0142y. Weserbergland jest uwa\u017cany za krain\u0119 odkrywc\u00f3w&#8230; &#8230;Tutaj znajdziesz nie tylko niewyobra\u017calne miejsca do relaksu, ale tak\u017ce atrakcyjne mo\u017cliwo\u015bci sp\u0119dzania wolnego czasu. Pi\u0119knie zdobione miasteczka z [&hellip;]\" \/>\n<meta property=\"og:url\" content=\"https:\/\/9staedte.de\/pl\/hamelin-legendarne-miasto-pied-piper\/informacje-o-przewodniku-i-wycieczkach-w-hamelin\/\" \/>\n<meta property=\"og:site_name\" content=\"9 St\u00e4dte in Niedersachsen\" \/>\n<meta property=\"article:modified_time\" content=\"2025-02-18T15:49:05+00:00\" \/>\n<meta property=\"og:image\" content=\"https:\/\/9staedte.de\/wp-content\/uploads\/2023\/02\/Indian-Summer-iim-Weserbergland-cHMT.jpg\" \/>\n\t<meta property=\"og:image:width\" content=\"1020\" \/>\n\t<meta property=\"og:image:height\" content=\"560\" \/>\n\t<meta property=\"og:image:type\" content=\"image\/jpeg\" \/>\n<meta name=\"twitter:card\" content=\"summary_large_image\" \/>\n<meta name=\"twitter:label1\" content=\"Szacowany czas czytania\" \/>\n\t<meta name=\"twitter:data1\" content=\"3 minuty\" \/>\n<script type=\"application\/ld+json\" class=\"yoast-schema-graph\">{\"@context\":\"https:\/\/schema.org\",\"@graph\":[{\"@type\":\"WebPage\",\"@id\":\"https:\/\/9staedte.de\/pl\/hamelin-legendarne-miasto-pied-piper\/informacje-o-przewodniku-i-wycieczkach-w-hamelin\/\",\"url\":\"https:\/\/9staedte.de\/pl\/hamelin-legendarne-miasto-pied-piper\/informacje-o-przewodniku-i-wycieczkach-w-hamelin\/\",\"name\":\"Informacje o przewodniku i wycieczkach w Hameln - 9 St\u00e4dte in Niedersachsen\",\"isPartOf\":{\"@id\":\"https:\/\/9staedte.de\/pl\/#website\"},\"primaryImageOfPage\":{\"@id\":\"https:\/\/9staedte.de\/pl\/hamelin-legendarne-miasto-pied-piper\/informacje-o-przewodniku-i-wycieczkach-w-hamelin\/#primaryimage\"},\"image\":{\"@id\":\"https:\/\/9staedte.de\/pl\/hamelin-legendarne-miasto-pied-piper\/informacje-o-przewodniku-i-wycieczkach-w-hamelin\/#primaryimage\"},\"thumbnailUrl\":\"https:\/\/9staedte.de\/wp-content\/uploads\/2023\/02\/Indian-Summer-iim-Weserbergland-cHMT.jpg\",\"datePublished\":\"2023-11-02T08:47:46+00:00\",\"dateModified\":\"2025-02-18T15:49:05+00:00\",\"breadcrumb\":{\"@id\":\"https:\/\/9staedte.de\/pl\/hamelin-legendarne-miasto-pied-piper\/informacje-o-przewodniku-i-wycieczkach-w-hamelin\/#breadcrumb\"},\"inLanguage\":\"pl-PL\",\"potentialAction\":[{\"@type\":\"ReadAction\",\"target\":[\"https:\/\/9staedte.de\/pl\/hamelin-legendarne-miasto-pied-piper\/informacje-o-przewodniku-i-wycieczkach-w-hamelin\/\"]}]},{\"@type\":\"ImageObject\",\"inLanguage\":\"pl-PL\",\"@id\":\"https:\/\/9staedte.de\/pl\/hamelin-legendarne-miasto-pied-piper\/informacje-o-przewodniku-i-wycieczkach-w-hamelin\/#primaryimage\",\"url\":\"https:\/\/9staedte.de\/wp-content\/uploads\/2023\/02\/Indian-Summer-iim-Weserbergland-cHMT.jpg\",\"contentUrl\":\"https:\/\/9staedte.de\/wp-content\/uploads\/2023\/02\/Indian-Summer-iim-Weserbergland-cHMT.jpg\",\"width\":1020,\"height\":560,\"caption\":\"Indian Summer im Weserbergland c)HMT\"},{\"@type\":\"BreadcrumbList\",\"@id\":\"https:\/\/9staedte.de\/pl\/hamelin-legendarne-miasto-pied-piper\/informacje-o-przewodniku-i-wycieczkach-w-hamelin\/#breadcrumb\",\"itemListElement\":[{\"@type\":\"ListItem\",\"position\":1,\"name\":\"Startseite\",\"item\":\"https:\/\/9staedte.de\/pl\/\"},{\"@type\":\"ListItem\",\"position\":2,\"name\":\"Hameln &#8211; legendarne miasto Pied Piper\",\"item\":\"https:\/\/9staedte.de\/pl\/hamelin-legendarne-miasto-pied-piper\/\"},{\"@type\":\"ListItem\",\"position\":3,\"name\":\"Informacje o przewodniku i wycieczkach w Hameln\"}]},{\"@type\":\"WebSite\",\"@id\":\"https:\/\/9staedte.de\/pl\/#website\",\"url\":\"https:\/\/9staedte.de\/pl\/\",\"name\":\"9 St\u00e4dte in Niedersachsen\",\"description\":\"\",\"publisher\":{\"@id\":\"https:\/\/9staedte.de\/pl\/#organization\"},\"potentialAction\":[{\"@type\":\"SearchAction\",\"target\":{\"@type\":\"EntryPoint\",\"urlTemplate\":\"https:\/\/9staedte.de\/pl\/?s={search_term_string}\"},\"query-input\":{\"@type\":\"PropertyValueSpecification\",\"valueRequired\":true,\"valueName\":\"search_term_string\"}}],\"inLanguage\":\"pl-PL\"},{\"@type\":\"Organization\",\"@id\":\"https:\/\/9staedte.de\/pl\/#organization\",\"name\":\"9 St\u00e4dte in Niedersachsen\",\"url\":\"https:\/\/9staedte.de\/pl\/\",\"logo\":{\"@type\":\"ImageObject\",\"inLanguage\":\"pl-PL\",\"@id\":\"https:\/\/9staedte.de\/pl\/#\/schema\/logo\/image\/\",\"url\":\"https:\/\/9staedte.de\/wp-content\/uploads\/2025\/01\/9-neg-deutsch-2-1.png\",\"contentUrl\":\"https:\/\/9staedte.de\/wp-content\/uploads\/2025\/01\/9-neg-deutsch-2-1.png\",\"width\":190,\"height\":114,\"caption\":\"9 St\u00e4dte in Niedersachsen\"},\"image\":{\"@id\":\"https:\/\/9staedte.de\/pl\/#\/schema\/logo\/image\/\"}}]}<\/script>\n<!-- \/ Yoast SEO plugin. -->","yoast_head_json":{"title":"Informacje o przewodniku i wycieczkach w Hameln - 9 St\u00e4dte in Niedersachsen","robots":{"index":"index","follow":"follow","max-snippet":"max-snippet:-1","max-image-preview":"max-image-preview:large","max-video-preview":"max-video-preview:-1"},"canonical":"https:\/\/9staedte.de\/pl\/hamelin-legendarne-miasto-pied-piper\/informacje-o-przewodniku-i-wycieczkach-w-hamelin\/","og_locale":"pl_PL","og_type":"article","og_title":"Informacje o przewodniku i wycieczkach w Hameln - 9 St\u00e4dte in Niedersachsen","og_description":"Zarezerwuj wycieczk\u0119 do Weserbergland Hameln Marketing und Tourismus GmbH ch\u0119tnie zorganizuje przewodnik\u00f3w na wycieczki autokarowe i rowerowe.lub w\u0119dr\u00f3wki po Weserbergland. Tematy obejmuj\u0105 legendy i bajki, renesans nad Wezer\u0105 i ko\u015bcio\u0142y. Weserbergland jest uwa\u017cany za krain\u0119 odkrywc\u00f3w&#8230; &#8230;Tutaj znajdziesz nie tylko niewyobra\u017calne miejsca do relaksu, ale tak\u017ce atrakcyjne mo\u017cliwo\u015bci sp\u0119dzania wolnego czasu. Pi\u0119knie zdobione miasteczka z [&hellip;]","og_url":"https:\/\/9staedte.de\/pl\/hamelin-legendarne-miasto-pied-piper\/informacje-o-przewodniku-i-wycieczkach-w-hamelin\/","og_site_name":"9 St\u00e4dte in Niedersachsen","article_modified_time":"2025-02-18T15:49:05+00:00","og_image":[{"width":1020,"height":560,"url":"https:\/\/9staedte.de\/wp-content\/uploads\/2023\/02\/Indian-Summer-iim-Weserbergland-cHMT.jpg","type":"image\/jpeg"}],"twitter_card":"summary_large_image","twitter_misc":{"Szacowany czas czytania":"3 minuty"},"schema":{"@context":"https:\/\/schema.org","@graph":[{"@type":"WebPage","@id":"https:\/\/9staedte.de\/pl\/hamelin-legendarne-miasto-pied-piper\/informacje-o-przewodniku-i-wycieczkach-w-hamelin\/","url":"https:\/\/9staedte.de\/pl\/hamelin-legendarne-miasto-pied-piper\/informacje-o-przewodniku-i-wycieczkach-w-hamelin\/","name":"Informacje o przewodniku i wycieczkach w Hameln - 9 St\u00e4dte in Niedersachsen","isPartOf":{"@id":"https:\/\/9staedte.de\/pl\/#website"},"primaryImageOfPage":{"@id":"https:\/\/9staedte.de\/pl\/hamelin-legendarne-miasto-pied-piper\/informacje-o-przewodniku-i-wycieczkach-w-hamelin\/#primaryimage"},"image":{"@id":"https:\/\/9staedte.de\/pl\/hamelin-legendarne-miasto-pied-piper\/informacje-o-przewodniku-i-wycieczkach-w-hamelin\/#primaryimage"},"thumbnailUrl":"https:\/\/9staedte.de\/wp-content\/uploads\/2023\/02\/Indian-Summer-iim-Weserbergland-cHMT.jpg","datePublished":"2023-11-02T08:47:46+00:00","dateModified":"2025-02-18T15:49:05+00:00","breadcrumb":{"@id":"https:\/\/9staedte.de\/pl\/hamelin-legendarne-miasto-pied-piper\/informacje-o-przewodniku-i-wycieczkach-w-hamelin\/#breadcrumb"},"inLanguage":"pl-PL","potentialAction":[{"@type":"ReadAction","target":["https:\/\/9staedte.de\/pl\/hamelin-legendarne-miasto-pied-piper\/informacje-o-przewodniku-i-wycieczkach-w-hamelin\/"]}]},{"@type":"ImageObject","inLanguage":"pl-PL","@id":"https:\/\/9staedte.de\/pl\/hamelin-legendarne-miasto-pied-piper\/informacje-o-przewodniku-i-wycieczkach-w-hamelin\/#primaryimage","url":"https:\/\/9staedte.de\/wp-content\/uploads\/2023\/02\/Indian-Summer-iim-Weserbergland-cHMT.jpg","contentUrl":"https:\/\/9staedte.de\/wp-content\/uploads\/2023\/02\/Indian-Summer-iim-Weserbergland-cHMT.jpg","width":1020,"height":560,"caption":"Indian Summer im Weserbergland c)HMT"},{"@type":"BreadcrumbList","@id":"https:\/\/9staedte.de\/pl\/hamelin-legendarne-miasto-pied-piper\/informacje-o-przewodniku-i-wycieczkach-w-hamelin\/#breadcrumb","itemListElement":[{"@type":"ListItem","position":1,"name":"Startseite","item":"https:\/\/9staedte.de\/pl\/"},{"@type":"ListItem","position":2,"name":"Hameln &#8211; legendarne miasto Pied Piper","item":"https:\/\/9staedte.de\/pl\/hamelin-legendarne-miasto-pied-piper\/"},{"@type":"ListItem","position":3,"name":"Informacje o przewodniku i wycieczkach w Hameln"}]},{"@type":"WebSite","@id":"https:\/\/9staedte.de\/pl\/#website","url":"https:\/\/9staedte.de\/pl\/","name":"9 St\u00e4dte in Niedersachsen","description":"","publisher":{"@id":"https:\/\/9staedte.de\/pl\/#organization"},"potentialAction":[{"@type":"SearchAction","target":{"@type":"EntryPoint","urlTemplate":"https:\/\/9staedte.de\/pl\/?s={search_term_string}"},"query-input":{"@type":"PropertyValueSpecification","valueRequired":true,"valueName":"search_term_string"}}],"inLanguage":"pl-PL"},{"@type":"Organization","@id":"https:\/\/9staedte.de\/pl\/#organization","name":"9 St\u00e4dte in Niedersachsen","url":"https:\/\/9staedte.de\/pl\/","logo":{"@type":"ImageObject","inLanguage":"pl-PL","@id":"https:\/\/9staedte.de\/pl\/#\/schema\/logo\/image\/","url":"https:\/\/9staedte.de\/wp-content\/uploads\/2025\/01\/9-neg-deutsch-2-1.png","contentUrl":"https:\/\/9staedte.de\/wp-content\/uploads\/2025\/01\/9-neg-deutsch-2-1.png","width":190,"height":114,"caption":"9 St\u00e4dte in Niedersachsen"},"image":{"@id":"https:\/\/9staedte.de\/pl\/#\/schema\/logo\/image\/"}}]}},"_links":{"self":[{"href":"https:\/\/9staedte.de\/pl\/wp-json\/wp\/v2\/pages\/17229","targetHints":{"allow":["GET"]}}],"collection":[{"href":"https:\/\/9staedte.de\/pl\/wp-json\/wp\/v2\/pages"}],"about":[{"href":"https:\/\/9staedte.de\/pl\/wp-json\/wp\/v2\/types\/page"}],"author":[{"embeddable":true,"href":"https:\/\/9staedte.de\/pl\/wp-json\/wp\/v2\/users\/1"}],"replies":[{"embeddable":true,"href":"https:\/\/9staedte.de\/pl\/wp-json\/wp\/v2\/comments?post=17229"}],"version-history":[{"count":2,"href":"https:\/\/9staedte.de\/pl\/wp-json\/wp\/v2\/pages\/17229\/revisions"}],"predecessor-version":[{"id":24847,"href":"https:\/\/9staedte.de\/pl\/wp-json\/wp\/v2\/pages\/17229\/revisions\/24847"}],"up":[{"embeddable":true,"href":"https:\/\/9staedte.de\/pl\/wp-json\/wp\/v2\/pages\/17928"}],"wp:featuredmedia":[{"embeddable":true,"href":"https:\/\/9staedte.de\/pl\/wp-json\/wp\/v2\/media\/17237"}],"wp:attachment":[{"href":"https:\/\/9staedte.de\/pl\/wp-json\/wp\/v2\/media?parent=17229"}],"wp:term":[{"taxonomy":"category","embeddable":true,"href":"https:\/\/9staedte.de\/pl\/wp-json\/wp\/v2\/categories?post=17229"},{"taxonomy":"post_tag","embeddable":true,"href":"https:\/\/9staedte.de\/pl\/wp-json\/wp\/v2\/tags?post=17229"},{"taxonomy":"ncap_cities_tax","embeddable":true,"href":"https:\/\/9staedte.de\/pl\/wp-json\/wp\/v2\/ncap_cities_tax?post=17229"}],"curies":[{"name":"wp","href":"https:\/\/api.w.org\/{rel}","templated":true}]}}