{"id":17209,"date":"2023-11-02T09:47:44","date_gmt":"2023-11-02T08:47:44","guid":{"rendered":"https:\/\/9staedte.de\/jarmark-bozonarodzeniowy-w-hamelin\/"},"modified":"2026-03-23T13:19:45","modified_gmt":"2026-03-23T12:19:45","slug":"jarmark-bozonarodzeniowy-w-hamelin","status":"publish","type":"page","link":"https:\/\/9staedte.de\/pl\/hamelin-legendarne-miasto-pied-piper\/jarmark-bozonarodzeniowy-w-hamelin\/","title":{"rendered":"Jarmark bo\u017conarodzeniowy w Hamelin"},"content":{"rendered":"\n<h2 class=\"wp-block-heading\">Magia \u015bwi\u0105t Bo\u017cego Narodzenia w mie\u015bcie Pied Piper<\/h2>\n\n<p>Hamelin kusi&#8230; szczeg\u00f3lnie w okresie Bo\u017cego Narodzenia! Ka\u017cdego roku wspaniale udekorowane renesansowe budynki nad Wezer\u0105 i urocze domy z muru pruskiego z pi\u0119knie udekorowanymi sklepami tworz\u0105 wyj\u0105tkowe t\u0142o dla jarmarku bo\u017conarodzeniowego w Hameln.<br\/>60 indywidualnie zaprojektowanych chat i ogromna piramida s\u0105 ustawione w \u015bwi\u0105tecznej scenerii. Kolorowy i weso\u0142y Pied Piper paraduje ulicami wraz z odwiedzaj\u0105cymi, a &#8222;Musical Winter Hameln&#8221; przyci\u0105ga go\u015bci do teatru spektakularnym pokazem scenicznym. Daj si\u0119 oczarowa\u0107 Hamelin i jego bajecznym ofertom.   <\/p>\n\n<p><a href=\"https:\/\/www.hameln.de\/de\/veranstaltungen\/weihnachtsmarkt\/\" target=\"_blank\" rel=\"noreferrer noopener\">Wi\u0119cej informacji<\/a><\/p>\n\n\n<div class=\"banner-wrapper\">\n  <div class=\"banner-inner \">\n      <div class=\"img-container\">\n      <div class=\"img-wrapper\">\n        <img decoding=\"async\" src=\"https:\/\/9staedte.de\/wp-content\/smush-webp\/2022\/03\/Hameln_Weihnachtsmarkt-1.jpg.webp\" alt=\"Zdj\u0119cie przedstawia jarmark bo\u017conarodzeniowy w Hameln. Jest wiecz\u00f3r i ciemne niebo. Du\u017ca choinka jest ozdobiona \u015bwiate\u0142kami. Wielu ludzi chodzi mi\u0119dzy straganami. W tle wida\u0107 stary ko\u015bci\u00f3\u0142. Na ziemi i dachach le\u017cy \u015bnieg. Wszystko wygl\u0105da bardzo \u015bwi\u0105tecznie.\" \/>\n                  <div class=\"thumbnail-label\">\n            <span>Hamelner Weihnachtsmarkt c) HMT<\/span>\n          <\/div>\n              <\/div>\n    <\/div>\n        <div class=\"text-container\">\n      <div class=\"content\">\n        <h2>9 wskaz\u00f3wek dotycz\u0105cych wizyty na jarmarku bo\u017conarodzeniowym w Hameln<\/h2>\n<p>&#8211; Wizyta w zimowym musicalu &#8222;Der Schimmelreiter&#8221;<br \/>\n&#8211; \u015awi\u0105teczne aran\u017cacje z noclegiem lub bez<br \/>\n&#8211; ogromna piramida<br \/>\n&#8211; Adwentowe rejsy statkiem po Wezerze<br \/>\n&#8211; \u015awi\u0105teczna wycieczka po mie\u015bcie<br \/>\n&#8211; historyczny diabelski m\u0142yn<br \/>\n&#8211; Muzeum Hamelin z teatrem Pied Piper<br \/>\n&#8211; Atrakcyjne obiekty handlowe<br \/>\n&#8211; Wej\u015bcie na wie\u017c\u0119 ko\u015bcio\u0142a<\/p>\n      <\/div>\n    <\/div>\n    <\/div>\n<\/div>\n\n\n<p class=\"h3\"><strong>Jarmark bo\u017conarodzeniowy w Hamelin<\/strong><\/p>\n\n <div class=\"brlbs-cmpnt-container brlbs-cmpnt-content-blocker brlbs-cmpnt-with-individual-styles\" data-borlabs-cookie-content-blocker-id=\"google-maps\" data-borlabs-cookie-content=\"PGlmcmFtZSBzcmM9Imh0dHBzOi8vd3d3Lmdvb2dsZS5jb20vbWFwcy9lbWJlZD9wYj0hMW0xOCExbTEyITFtMyExZDcyOC41NjkyNTMxODk0MjUxITJkOS4zNTYzODk2OTI5OTY4NDQhM2Q1Mi4xMDUxMjAxNTc3MzQxMiEybTMhMWYwITJmMCEzZjAhM20yITFpMTAyNCEyaTc2OCE0ZjEzLjEhM20zITFtMiExczB4NDdiYThmMmVhYzU1OGMwNyUzQTB4NzVmYWNiMTI2MmE5MDBmNCEyc1dlaWhhY2h0c21hcmt0JTIwSGFtZWxuITVlMCEzbTIhMXNkZSEyc2RlITR2MTY5MjE4MzMzNTMzOCE1bTIhMXNkZSEyc2RlIiB3aWR0aD0iNjAwIiBoZWlnaHQ9IjQ1MCIgc3R5bGU9ImJvcmRlcjowOyIgYWxsb3dmdWxsc2NyZWVuPSIiIGxvYWRpbmc9ImxhenkiIHJlZmVycmVycG9saWN5PSJuby1yZWZlcnJlci13aGVuLWRvd25ncmFkZSI+PC9pZnJhbWU+\"><div class=\"brlbs-cmpnt-cb-preset-b brlbs-cmpnt-cb-google-maps\"> <div class=\"brlbs-cmpnt-cb-thumbnail\" style=\"background-image: url('https:\/\/9staedte.de\/wp-content\/uploads\/borlabs-cookie\/1\/brlbs-cb-google-maps-main.png')\"><\/div> <div class=\"brlbs-cmpnt-cb-main\"> <div class=\"brlbs-cmpnt-cb-content\"> <p class=\"brlbs-cmpnt-cb-description\">Aktualnie wy\u015bwietlana jest tre\u015b\u0107 zast\u0119pcza z <strong>Google Maps<\/strong>. Aby uzyska\u0107 dost\u0119p do rzeczywistej tre\u015bci, kliknij poni\u017cszy przycisk. Pami\u0119taj, \u017ce spowoduje to udost\u0119pnienie danych zewn\u0119trznym operatorom.<\/p> <a class=\"brlbs-cmpnt-cb-provider-toggle\" href=\"#\" data-borlabs-cookie-show-provider-information role=\"button\">Wi\u0119cej informacji<\/a> <\/div> <div class=\"brlbs-cmpnt-cb-buttons\"> <a class=\"brlbs-cmpnt-cb-btn\" href=\"#\" data-borlabs-cookie-unblock role=\"button\">Odblokuj tre\u015b\u0107<\/a> <a class=\"brlbs-cmpnt-cb-btn\" href=\"#\" data-borlabs-cookie-accept-service role=\"button\" style=\"display: inherit\">Zaakceptuj wymagan\u0105 us\u0142ug\u0119 i odblokuj tre\u015b\u0107<\/a> <\/div> <\/div> <\/div><\/div>\n\n<div style=\"height:43px\" aria-hidden=\"true\" class=\"wp-block-spacer\"><\/div>\n","protected":false},"excerpt":{"rendered":"<p>Magia \u015bwi\u0105t Bo\u017cego Narodzenia w mie\u015bcie Pied Piper Hamelin kusi&#8230; szczeg\u00f3lnie w okresie Bo\u017cego Narodzenia! Ka\u017cdego roku wspaniale udekorowane renesansowe budynki nad Wezer\u0105 i urocze domy z muru pruskiego z pi\u0119knie udekorowanymi sklepami tworz\u0105 wyj\u0105tkowe t\u0142o dla jarmarku bo\u017conarodzeniowego w Hameln.60 indywidualnie zaprojektowanych chat i ogromna piramida s\u0105 ustawione w \u015bwi\u0105tecznej scenerii. Kolorowy i weso\u0142y [&hellip;]<\/p>\n","protected":false},"author":1,"featured_media":15281,"parent":17928,"menu_order":0,"comment_status":"closed","ping_status":"closed","template":"pagetemplates\/template-stadtthema.php","meta":{"_acf_changed":false,"footnotes":""},"categories":[],"tags":[],"ncap_cities_tax":[450,521],"class_list":["post-17209","page","type-page","status-publish","has-post-thumbnail","hentry","ncap_cities_tax-hameln-pl","ncap_cities_tax-weihnachtsmarkte-hameln-pl"],"acf":[],"yoast_head":"<!-- This site is optimized with the Yoast SEO plugin v26.8 - https:\/\/yoast.com\/product\/yoast-seo-wordpress\/ -->\n<title>Jarmark bo\u017conarodzeniowy w Hamelin - 9 St\u00e4dte in Niedersachsen<\/title>\n<meta name=\"description\" content=\"Prze\u017cyj jarmark bo\u017conarodzeniowy w Hameln w \u015brodku historycznego starego miasta z unikalnymi budynkami renesansu Wezery.\" \/>\n<meta name=\"robots\" content=\"index, follow, max-snippet:-1, max-image-preview:large, max-video-preview:-1\" \/>\n<link rel=\"canonical\" href=\"https:\/\/9staedte.de\/pl\/hamelin-legendarne-miasto-pied-piper\/jarmark-bozonarodzeniowy-w-hamelin\/\" \/>\n<meta property=\"og:locale\" content=\"pl_PL\" \/>\n<meta property=\"og:type\" content=\"article\" \/>\n<meta property=\"og:title\" content=\"Jarmark bo\u017conarodzeniowy w Hamelin - 9 St\u00e4dte in Niedersachsen\" \/>\n<meta property=\"og:description\" content=\"Prze\u017cyj jarmark bo\u017conarodzeniowy w Hameln w \u015brodku historycznego starego miasta z unikalnymi budynkami renesansu Wezery.\" \/>\n<meta property=\"og:url\" content=\"https:\/\/9staedte.de\/pl\/hamelin-legendarne-miasto-pied-piper\/jarmark-bozonarodzeniowy-w-hamelin\/\" \/>\n<meta property=\"og:site_name\" content=\"9 St\u00e4dte in Niedersachsen\" \/>\n<meta property=\"article:modified_time\" content=\"2026-03-23T12:19:45+00:00\" \/>\n<meta property=\"og:image\" content=\"https:\/\/9staedte.de\/wp-content\/uploads\/2023\/02\/Hameln-Christmas-Market-n-c-Hameln-Marketing-und-Tourismus-GmbH-1.jpg\" \/>\n\t<meta property=\"og:image:width\" content=\"1020\" \/>\n\t<meta property=\"og:image:height\" content=\"559\" \/>\n\t<meta property=\"og:image:type\" content=\"image\/jpeg\" \/>\n<meta name=\"twitter:card\" content=\"summary_large_image\" \/>\n<meta name=\"twitter:label1\" content=\"Szacowany czas czytania\" \/>\n\t<meta name=\"twitter:data1\" content=\"1 minuta\" \/>\n<script type=\"application\/ld+json\" class=\"yoast-schema-graph\">{\"@context\":\"https:\/\/schema.org\",\"@graph\":[{\"@type\":\"WebPage\",\"@id\":\"https:\/\/9staedte.de\/pl\/hamelin-legendarne-miasto-pied-piper\/jarmark-bozonarodzeniowy-w-hamelin\/\",\"url\":\"https:\/\/9staedte.de\/pl\/hamelin-legendarne-miasto-pied-piper\/jarmark-bozonarodzeniowy-w-hamelin\/\",\"name\":\"Jarmark bo\u017conarodzeniowy w Hamelin - 9 St\u00e4dte in Niedersachsen\",\"isPartOf\":{\"@id\":\"https:\/\/9staedte.de\/pl\/#website\"},\"primaryImageOfPage\":{\"@id\":\"https:\/\/9staedte.de\/pl\/hamelin-legendarne-miasto-pied-piper\/jarmark-bozonarodzeniowy-w-hamelin\/#primaryimage\"},\"image\":{\"@id\":\"https:\/\/9staedte.de\/pl\/hamelin-legendarne-miasto-pied-piper\/jarmark-bozonarodzeniowy-w-hamelin\/#primaryimage\"},\"thumbnailUrl\":\"https:\/\/9staedte.de\/wp-content\/uploads\/2023\/02\/Hameln-Christmas-Market-n-c-Hameln-Marketing-und-Tourismus-GmbH-1.jpg\",\"datePublished\":\"2023-11-02T08:47:44+00:00\",\"dateModified\":\"2026-03-23T12:19:45+00:00\",\"description\":\"Prze\u017cyj jarmark bo\u017conarodzeniowy w Hameln w \u015brodku historycznego starego miasta z unikalnymi budynkami renesansu Wezery.\",\"breadcrumb\":{\"@id\":\"https:\/\/9staedte.de\/pl\/hamelin-legendarne-miasto-pied-piper\/jarmark-bozonarodzeniowy-w-hamelin\/#breadcrumb\"},\"inLanguage\":\"pl-PL\",\"potentialAction\":[{\"@type\":\"ReadAction\",\"target\":[\"https:\/\/9staedte.de\/pl\/hamelin-legendarne-miasto-pied-piper\/jarmark-bozonarodzeniowy-w-hamelin\/\"]}]},{\"@type\":\"ImageObject\",\"inLanguage\":\"pl-PL\",\"@id\":\"https:\/\/9staedte.de\/pl\/hamelin-legendarne-miasto-pied-piper\/jarmark-bozonarodzeniowy-w-hamelin\/#primaryimage\",\"url\":\"https:\/\/9staedte.de\/wp-content\/uploads\/2023\/02\/Hameln-Christmas-Market-n-c-Hameln-Marketing-und-Tourismus-GmbH-1.jpg\",\"contentUrl\":\"https:\/\/9staedte.de\/wp-content\/uploads\/2023\/02\/Hameln-Christmas-Market-n-c-Hameln-Marketing-und-Tourismus-GmbH-1.jpg\",\"width\":1020,\"height\":559,\"caption\":\"Hameln Christmas Market n c) Hameln Marketing und Tourismus GmbH\"},{\"@type\":\"BreadcrumbList\",\"@id\":\"https:\/\/9staedte.de\/pl\/hamelin-legendarne-miasto-pied-piper\/jarmark-bozonarodzeniowy-w-hamelin\/#breadcrumb\",\"itemListElement\":[{\"@type\":\"ListItem\",\"position\":1,\"name\":\"Startseite\",\"item\":\"https:\/\/9staedte.de\/pl\/\"},{\"@type\":\"ListItem\",\"position\":2,\"name\":\"Hameln &#8211; legendarne miasto Pied Piper\",\"item\":\"https:\/\/9staedte.de\/pl\/hamelin-legendarne-miasto-pied-piper\/\"},{\"@type\":\"ListItem\",\"position\":3,\"name\":\"Jarmark bo\u017conarodzeniowy w Hamelin\"}]},{\"@type\":\"WebSite\",\"@id\":\"https:\/\/9staedte.de\/pl\/#website\",\"url\":\"https:\/\/9staedte.de\/pl\/\",\"name\":\"9 St\u00e4dte in Niedersachsen\",\"description\":\"\",\"publisher\":{\"@id\":\"https:\/\/9staedte.de\/pl\/#organization\"},\"potentialAction\":[{\"@type\":\"SearchAction\",\"target\":{\"@type\":\"EntryPoint\",\"urlTemplate\":\"https:\/\/9staedte.de\/pl\/?s={search_term_string}\"},\"query-input\":{\"@type\":\"PropertyValueSpecification\",\"valueRequired\":true,\"valueName\":\"search_term_string\"}}],\"inLanguage\":\"pl-PL\"},{\"@type\":\"Organization\",\"@id\":\"https:\/\/9staedte.de\/pl\/#organization\",\"name\":\"9 St\u00e4dte in Niedersachsen\",\"url\":\"https:\/\/9staedte.de\/pl\/\",\"logo\":{\"@type\":\"ImageObject\",\"inLanguage\":\"pl-PL\",\"@id\":\"https:\/\/9staedte.de\/pl\/#\/schema\/logo\/image\/\",\"url\":\"https:\/\/9staedte.de\/wp-content\/uploads\/2025\/01\/9-neg-deutsch-2-1.png\",\"contentUrl\":\"https:\/\/9staedte.de\/wp-content\/uploads\/2025\/01\/9-neg-deutsch-2-1.png\",\"width\":190,\"height\":114,\"caption\":\"9 St\u00e4dte in Niedersachsen\"},\"image\":{\"@id\":\"https:\/\/9staedte.de\/pl\/#\/schema\/logo\/image\/\"}}]}<\/script>\n<!-- \/ Yoast SEO plugin. -->","yoast_head_json":{"title":"Jarmark bo\u017conarodzeniowy w Hamelin - 9 St\u00e4dte in Niedersachsen","description":"Prze\u017cyj jarmark bo\u017conarodzeniowy w Hameln w \u015brodku historycznego starego miasta z unikalnymi budynkami renesansu Wezery.","robots":{"index":"index","follow":"follow","max-snippet":"max-snippet:-1","max-image-preview":"max-image-preview:large","max-video-preview":"max-video-preview:-1"},"canonical":"https:\/\/9staedte.de\/pl\/hamelin-legendarne-miasto-pied-piper\/jarmark-bozonarodzeniowy-w-hamelin\/","og_locale":"pl_PL","og_type":"article","og_title":"Jarmark bo\u017conarodzeniowy w Hamelin - 9 St\u00e4dte in Niedersachsen","og_description":"Prze\u017cyj jarmark bo\u017conarodzeniowy w Hameln w \u015brodku historycznego starego miasta z unikalnymi budynkami renesansu Wezery.","og_url":"https:\/\/9staedte.de\/pl\/hamelin-legendarne-miasto-pied-piper\/jarmark-bozonarodzeniowy-w-hamelin\/","og_site_name":"9 St\u00e4dte in Niedersachsen","article_modified_time":"2026-03-23T12:19:45+00:00","og_image":[{"width":1020,"height":559,"url":"https:\/\/9staedte.de\/wp-content\/uploads\/2023\/02\/Hameln-Christmas-Market-n-c-Hameln-Marketing-und-Tourismus-GmbH-1.jpg","type":"image\/jpeg"}],"twitter_card":"summary_large_image","twitter_misc":{"Szacowany czas czytania":"1 minuta"},"schema":{"@context":"https:\/\/schema.org","@graph":[{"@type":"WebPage","@id":"https:\/\/9staedte.de\/pl\/hamelin-legendarne-miasto-pied-piper\/jarmark-bozonarodzeniowy-w-hamelin\/","url":"https:\/\/9staedte.de\/pl\/hamelin-legendarne-miasto-pied-piper\/jarmark-bozonarodzeniowy-w-hamelin\/","name":"Jarmark bo\u017conarodzeniowy w Hamelin - 9 St\u00e4dte in Niedersachsen","isPartOf":{"@id":"https:\/\/9staedte.de\/pl\/#website"},"primaryImageOfPage":{"@id":"https:\/\/9staedte.de\/pl\/hamelin-legendarne-miasto-pied-piper\/jarmark-bozonarodzeniowy-w-hamelin\/#primaryimage"},"image":{"@id":"https:\/\/9staedte.de\/pl\/hamelin-legendarne-miasto-pied-piper\/jarmark-bozonarodzeniowy-w-hamelin\/#primaryimage"},"thumbnailUrl":"https:\/\/9staedte.de\/wp-content\/uploads\/2023\/02\/Hameln-Christmas-Market-n-c-Hameln-Marketing-und-Tourismus-GmbH-1.jpg","datePublished":"2023-11-02T08:47:44+00:00","dateModified":"2026-03-23T12:19:45+00:00","description":"Prze\u017cyj jarmark bo\u017conarodzeniowy w Hameln w \u015brodku historycznego starego miasta z unikalnymi budynkami renesansu Wezery.","breadcrumb":{"@id":"https:\/\/9staedte.de\/pl\/hamelin-legendarne-miasto-pied-piper\/jarmark-bozonarodzeniowy-w-hamelin\/#breadcrumb"},"inLanguage":"pl-PL","potentialAction":[{"@type":"ReadAction","target":["https:\/\/9staedte.de\/pl\/hamelin-legendarne-miasto-pied-piper\/jarmark-bozonarodzeniowy-w-hamelin\/"]}]},{"@type":"ImageObject","inLanguage":"pl-PL","@id":"https:\/\/9staedte.de\/pl\/hamelin-legendarne-miasto-pied-piper\/jarmark-bozonarodzeniowy-w-hamelin\/#primaryimage","url":"https:\/\/9staedte.de\/wp-content\/uploads\/2023\/02\/Hameln-Christmas-Market-n-c-Hameln-Marketing-und-Tourismus-GmbH-1.jpg","contentUrl":"https:\/\/9staedte.de\/wp-content\/uploads\/2023\/02\/Hameln-Christmas-Market-n-c-Hameln-Marketing-und-Tourismus-GmbH-1.jpg","width":1020,"height":559,"caption":"Hameln Christmas Market n c) Hameln Marketing und Tourismus GmbH"},{"@type":"BreadcrumbList","@id":"https:\/\/9staedte.de\/pl\/hamelin-legendarne-miasto-pied-piper\/jarmark-bozonarodzeniowy-w-hamelin\/#breadcrumb","itemListElement":[{"@type":"ListItem","position":1,"name":"Startseite","item":"https:\/\/9staedte.de\/pl\/"},{"@type":"ListItem","position":2,"name":"Hameln &#8211; legendarne miasto Pied Piper","item":"https:\/\/9staedte.de\/pl\/hamelin-legendarne-miasto-pied-piper\/"},{"@type":"ListItem","position":3,"name":"Jarmark bo\u017conarodzeniowy w Hamelin"}]},{"@type":"WebSite","@id":"https:\/\/9staedte.de\/pl\/#website","url":"https:\/\/9staedte.de\/pl\/","name":"9 St\u00e4dte in Niedersachsen","description":"","publisher":{"@id":"https:\/\/9staedte.de\/pl\/#organization"},"potentialAction":[{"@type":"SearchAction","target":{"@type":"EntryPoint","urlTemplate":"https:\/\/9staedte.de\/pl\/?s={search_term_string}"},"query-input":{"@type":"PropertyValueSpecification","valueRequired":true,"valueName":"search_term_string"}}],"inLanguage":"pl-PL"},{"@type":"Organization","@id":"https:\/\/9staedte.de\/pl\/#organization","name":"9 St\u00e4dte in Niedersachsen","url":"https:\/\/9staedte.de\/pl\/","logo":{"@type":"ImageObject","inLanguage":"pl-PL","@id":"https:\/\/9staedte.de\/pl\/#\/schema\/logo\/image\/","url":"https:\/\/9staedte.de\/wp-content\/uploads\/2025\/01\/9-neg-deutsch-2-1.png","contentUrl":"https:\/\/9staedte.de\/wp-content\/uploads\/2025\/01\/9-neg-deutsch-2-1.png","width":190,"height":114,"caption":"9 St\u00e4dte in Niedersachsen"},"image":{"@id":"https:\/\/9staedte.de\/pl\/#\/schema\/logo\/image\/"}}]}},"_links":{"self":[{"href":"https:\/\/9staedte.de\/pl\/wp-json\/wp\/v2\/pages\/17209","targetHints":{"allow":["GET"]}}],"collection":[{"href":"https:\/\/9staedte.de\/pl\/wp-json\/wp\/v2\/pages"}],"about":[{"href":"https:\/\/9staedte.de\/pl\/wp-json\/wp\/v2\/types\/page"}],"author":[{"embeddable":true,"href":"https:\/\/9staedte.de\/pl\/wp-json\/wp\/v2\/users\/1"}],"replies":[{"embeddable":true,"href":"https:\/\/9staedte.de\/pl\/wp-json\/wp\/v2\/comments?post=17209"}],"version-history":[{"count":17,"href":"https:\/\/9staedte.de\/pl\/wp-json\/wp\/v2\/pages\/17209\/revisions"}],"predecessor-version":[{"id":27924,"href":"https:\/\/9staedte.de\/pl\/wp-json\/wp\/v2\/pages\/17209\/revisions\/27924"}],"up":[{"embeddable":true,"href":"https:\/\/9staedte.de\/pl\/wp-json\/wp\/v2\/pages\/17928"}],"wp:featuredmedia":[{"embeddable":true,"href":"https:\/\/9staedte.de\/pl\/wp-json\/wp\/v2\/media\/15281"}],"wp:attachment":[{"href":"https:\/\/9staedte.de\/pl\/wp-json\/wp\/v2\/media?parent=17209"}],"wp:term":[{"taxonomy":"category","embeddable":true,"href":"https:\/\/9staedte.de\/pl\/wp-json\/wp\/v2\/categories?post=17209"},{"taxonomy":"post_tag","embeddable":true,"href":"https:\/\/9staedte.de\/pl\/wp-json\/wp\/v2\/tags?post=17209"},{"taxonomy":"ncap_cities_tax","embeddable":true,"href":"https:\/\/9staedte.de\/pl\/wp-json\/wp\/v2\/ncap_cities_tax?post=17209"}],"curies":[{"name":"wp","href":"https:\/\/api.w.org\/{rel}","templated":true}]}}