{"id":17203,"date":"2023-11-02T09:47:44","date_gmt":"2023-11-02T08:47:44","guid":{"rendered":"https:\/\/9staedte.de\/wycieczki-po-miescie-w-hamelin\/"},"modified":"2025-02-18T16:32:34","modified_gmt":"2025-02-18T15:32:34","slug":"wycieczki-po-miescie-w-hameln","status":"publish","type":"page","link":"https:\/\/9staedte.de\/pl\/hamelin-legendarne-miasto-pied-piper\/wycieczki-po-miescie-w-hameln\/","title":{"rendered":"Wycieczki po mie\u015bcie w Hameln"},"content":{"rendered":"\r\n\r\n    <div class=\"filter-posts\">\r\n            <div  id=\"filterContent\">\r\n                                                        \n<div class=\"contentKachel filtr-item\" data-category=\"hameln-pl\">\n    <a href=\"https:\/\/9staedte.de\/pl\/aby-dowiedziec-sie-wiecej-najwazniejsze-wydarzenia-w-hamelin-w-60-minut\/\">\n        <div class=\"contentKachel-inner\">\n                            <div class=\"contentKachel-thumbnail\">\n                    <img loading=\"lazy\" decoding=\"async\" width=\"300\" height=\"165\" src=\"https:\/\/9staedte.de\/wp-content\/smush-webp\/2022\/06\/Hameln-Stadtfuehrung-300x165.jpg.webp\" class=\"objectfitcover withfilters wp-post-image\" alt=\"ANa zdj\u0119ciu jest grupa ludzi. Id\u0105 razem po mie\u015bcie Hameln. Jedna osoba opowiada o mie\u015bcie. To jest wycieczka z przewodnikiem. Ludzie s\u0142uchaj\u0105 z zainteresowaniem.\" srcset=\"https:\/\/9staedte.de\/wp-content\/smush-webp\/2022\/06\/Hameln-Stadtfuehrung-300x165.jpg.webp 300w, https:\/\/9staedte.de\/wp-content\/smush-webp\/2022\/06\/Hameln-Stadtfuehrung-768x422.jpg.webp 768w, https:\/\/9staedte.de\/wp-content\/smush-webp\/2022\/06\/Hameln-Stadtfuehrung.jpg.webp 1020w\" sizes=\"auto, (max-width: 300px) 100vw, 300px\" \/>                    <img loading=\"lazy\" decoding=\"async\" width=\"300\" height=\"165\" src=\"https:\/\/9staedte.de\/wp-content\/smush-webp\/2022\/06\/Hameln-Stadtfuehrung-300x165.jpg.webp\" class=\"objectfitcontain wp-post-image\" alt=\"ANa zdj\u0119ciu jest grupa ludzi. Id\u0105 razem po mie\u015bcie Hameln. Jedna osoba opowiada o mie\u015bcie. To jest wycieczka z przewodnikiem. Ludzie s\u0142uchaj\u0105 z zainteresowaniem.\" srcset=\"https:\/\/9staedte.de\/wp-content\/smush-webp\/2022\/06\/Hameln-Stadtfuehrung-300x165.jpg.webp 300w, https:\/\/9staedte.de\/wp-content\/smush-webp\/2022\/06\/Hameln-Stadtfuehrung-768x422.jpg.webp 768w, https:\/\/9staedte.de\/wp-content\/smush-webp\/2022\/06\/Hameln-Stadtfuehrung.jpg.webp 1020w\" sizes=\"auto, (max-width: 300px) 100vw, 300px\" \/>                        <div class=\"thumbnail-label\">\n    <span>Hameln Stadtfuehrung c) HMT<\/span>\n    <\/div>\n                <\/div>\n                        <div class=\"contentKachel-content\">\n                                    <div class=\"city-tag bg-hameln\">\n                        Hameln                    <\/div>\n                \n                <div class=\"title\">\n\n                    Aby dowiedzie\u0107 si\u0119 wi\u0119cej: Najwa\u017cniejsze wydarzenia w Hameln w 60 minut                    \n                <\/div>\n\n                            <\/div>\n\n        <\/div>\n    <\/a>\n<\/div>                                                        \n<div class=\"contentKachel filtr-item\" data-category=\"hameln-pl\">\n    <a href=\"https:\/\/9staedte.de\/pl\/uwiedziony-uwodziciel\/\">\n        <div class=\"contentKachel-inner\">\n                            <div class=\"contentKachel-thumbnail\">\n                    <img loading=\"lazy\" decoding=\"async\" width=\"300\" height=\"166\" src=\"https:\/\/9staedte.de\/wp-content\/smush-webp\/2022\/06\/Stadtfuehrung-Der-verfuehrte-Verfuehrer-300x166.jpg.webp\" class=\"objectfitcover withfilters wp-post-image\" alt=\"M\u0119\u017cczyzna patrzy powa\u017cnie w kamer\u0119. Ma na sobie ciemne ubrania ze starych czas\u00f3w. Za nim jest pomnik i stare domy. Prowadzi specjalne zwiedzanie miasta. Zwiedzanie nazywa si\u0119: \u201eUwiedziony uwodziciel\u201d. To zwiedzanie odbywa si\u0119 w Hameln.\" srcset=\"https:\/\/9staedte.de\/wp-content\/smush-webp\/2022\/06\/Stadtfuehrung-Der-verfuehrte-Verfuehrer-300x166.jpg.webp 300w, https:\/\/9staedte.de\/wp-content\/smush-webp\/2022\/06\/Stadtfuehrung-Der-verfuehrte-Verfuehrer-768x424.jpg.webp 768w, https:\/\/9staedte.de\/wp-content\/smush-webp\/2022\/06\/Stadtfuehrung-Der-verfuehrte-Verfuehrer.jpg.webp 1020w\" sizes=\"auto, (max-width: 300px) 100vw, 300px\" \/>                    <img loading=\"lazy\" decoding=\"async\" width=\"300\" height=\"166\" src=\"https:\/\/9staedte.de\/wp-content\/smush-webp\/2022\/06\/Stadtfuehrung-Der-verfuehrte-Verfuehrer-300x166.jpg.webp\" class=\"objectfitcontain wp-post-image\" alt=\"M\u0119\u017cczyzna patrzy powa\u017cnie w kamer\u0119. Ma na sobie ciemne ubrania ze starych czas\u00f3w. Za nim jest pomnik i stare domy. Prowadzi specjalne zwiedzanie miasta. Zwiedzanie nazywa si\u0119: \u201eUwiedziony uwodziciel\u201d. To zwiedzanie odbywa si\u0119 w Hameln.\" srcset=\"https:\/\/9staedte.de\/wp-content\/smush-webp\/2022\/06\/Stadtfuehrung-Der-verfuehrte-Verfuehrer-300x166.jpg.webp 300w, https:\/\/9staedte.de\/wp-content\/smush-webp\/2022\/06\/Stadtfuehrung-Der-verfuehrte-Verfuehrer-768x424.jpg.webp 768w, https:\/\/9staedte.de\/wp-content\/smush-webp\/2022\/06\/Stadtfuehrung-Der-verfuehrte-Verfuehrer.jpg.webp 1020w\" sizes=\"auto, (max-width: 300px) 100vw, 300px\" \/>                        <div class=\"thumbnail-label\">\n    <span>Stadtf\u00fchrung Der verf\u00fchrte Verf\u00fchrer c) HMT<\/span>\n    <\/div>\n                <\/div>\n                        <div class=\"contentKachel-content\">\n                                    <div class=\"city-tag bg-hameln\">\n                        Hameln                    <\/div>\n                \n                <div class=\"title\">\n\n                    &#8222;Uwiedziony uwodziciel&#8221;                    \n                <\/div>\n\n                            <\/div>\n\n        <\/div>\n    <\/a>\n<\/div>                                                        \n<div class=\"contentKachel filtr-item\" data-category=\"hameln-pl\">\n    <a href=\"https:\/\/9staedte.de\/pl\/nocna-wycieczka-dla-dzielnych-wojownikow\/\">\n        <div class=\"contentKachel-inner\">\n                            <div class=\"contentKachel-thumbnail\">\n                    <img loading=\"lazy\" decoding=\"async\" width=\"300\" height=\"173\" src=\"https:\/\/9staedte.de\/wp-content\/smush-webp\/2022\/06\/Henker-Hexen-und-Halunken-c-HMT-300x173.jpg.webp\" class=\"objectfitcover withfilters wp-post-image\" alt=\"Jest wiecz\u00f3r albo noc. Wiele os\u00f3b stoi w grupie. S\u0142uchaj\u0105 przewodnika. Ludzie trzymaj\u0105 pochodnie. To nocne zwiedzanie miasta. Zwiedzanie odbywa si\u0119 w Hameln.\" srcset=\"https:\/\/9staedte.de\/wp-content\/smush-webp\/2022\/06\/Henker-Hexen-und-Halunken-c-HMT-300x173.jpg.webp 300w, https:\/\/9staedte.de\/wp-content\/smush-webp\/2022\/06\/Henker-Hexen-und-Halunken-c-HMT-768x442.jpg.webp 768w, https:\/\/9staedte.de\/wp-content\/smush-webp\/2022\/06\/Henker-Hexen-und-Halunken-c-HMT.jpg.webp 1000w\" sizes=\"auto, (max-width: 300px) 100vw, 300px\" \/>                    <img loading=\"lazy\" decoding=\"async\" width=\"300\" height=\"173\" src=\"https:\/\/9staedte.de\/wp-content\/smush-webp\/2022\/06\/Henker-Hexen-und-Halunken-c-HMT-300x173.jpg.webp\" class=\"objectfitcontain wp-post-image\" alt=\"Jest wiecz\u00f3r albo noc. Wiele os\u00f3b stoi w grupie. S\u0142uchaj\u0105 przewodnika. Ludzie trzymaj\u0105 pochodnie. To nocne zwiedzanie miasta. Zwiedzanie odbywa si\u0119 w Hameln.\" srcset=\"https:\/\/9staedte.de\/wp-content\/smush-webp\/2022\/06\/Henker-Hexen-und-Halunken-c-HMT-300x173.jpg.webp 300w, https:\/\/9staedte.de\/wp-content\/smush-webp\/2022\/06\/Henker-Hexen-und-Halunken-c-HMT-768x442.jpg.webp 768w, https:\/\/9staedte.de\/wp-content\/smush-webp\/2022\/06\/Henker-Hexen-und-Halunken-c-HMT.jpg.webp 1000w\" sizes=\"auto, (max-width: 300px) 100vw, 300px\" \/>                        <div class=\"thumbnail-label\">\n    <span>Stadtf\u00fchrung Henker Hexen und Halunken c) HMT<\/span>\n    <\/div>\n                <\/div>\n                        <div class=\"contentKachel-content\">\n                                    <div class=\"city-tag bg-hameln\">\n                        Hameln                    <\/div>\n                \n                <div class=\"title\">\n\n                    Nocna wycieczka dla dzielnych wojownik\u00f3w                    \n                <\/div>\n\n                            <\/div>\n\n        <\/div>\n    <\/a>\n<\/div>                                                        \n<div class=\"contentKachel filtr-item\" data-category=\"hameln-pl\">\n    <a href=\"https:\/\/9staedte.de\/pl\/wycieczka-po-miescie-z-pied-piper\/\">\n        <div class=\"contentKachel-inner\">\n                            <div class=\"contentKachel-thumbnail\">\n                    <img loading=\"lazy\" decoding=\"async\" width=\"300\" height=\"162\" src=\"https:\/\/9staedte.de\/wp-content\/smush-webp\/2022\/06\/Rattenfaenger-Fuehrung-c-Hameln-Marketing-und-Tourismus-GmbhG-300x162.jpg.webp\" class=\"objectfitcover withfilters wp-post-image\" alt=\"Zdj\u0119cie pokazuje wycieczk\u0119 z przewodnikiem w Hameln. M\u0119\u017cczyzna ma kolorowy kostium. Wygl\u0105da jak szczuro\u0142ap z legendy. Wskazuje na stary dom z muru pruskiego. Domy s\u0105 pi\u0119knie ozdobione.\" srcset=\"https:\/\/9staedte.de\/wp-content\/smush-webp\/2022\/06\/Rattenfaenger-Fuehrung-c-Hameln-Marketing-und-Tourismus-GmbhG-300x162.jpg.webp 300w, https:\/\/9staedte.de\/wp-content\/smush-webp\/2022\/06\/Rattenfaenger-Fuehrung-c-Hameln-Marketing-und-Tourismus-GmbhG-768x415.jpg.webp 768w, https:\/\/9staedte.de\/wp-content\/smush-webp\/2022\/06\/Rattenfaenger-Fuehrung-c-Hameln-Marketing-und-Tourismus-GmbhG.jpg.webp 1020w\" sizes=\"auto, (max-width: 300px) 100vw, 300px\" \/>                    <img loading=\"lazy\" decoding=\"async\" width=\"300\" height=\"162\" src=\"https:\/\/9staedte.de\/wp-content\/smush-webp\/2022\/06\/Rattenfaenger-Fuehrung-c-Hameln-Marketing-und-Tourismus-GmbhG-300x162.jpg.webp\" class=\"objectfitcontain wp-post-image\" alt=\"Zdj\u0119cie pokazuje wycieczk\u0119 z przewodnikiem w Hameln. M\u0119\u017cczyzna ma kolorowy kostium. Wygl\u0105da jak szczuro\u0142ap z legendy. Wskazuje na stary dom z muru pruskiego. Domy s\u0105 pi\u0119knie ozdobione.\" srcset=\"https:\/\/9staedte.de\/wp-content\/smush-webp\/2022\/06\/Rattenfaenger-Fuehrung-c-Hameln-Marketing-und-Tourismus-GmbhG-300x162.jpg.webp 300w, https:\/\/9staedte.de\/wp-content\/smush-webp\/2022\/06\/Rattenfaenger-Fuehrung-c-Hameln-Marketing-und-Tourismus-GmbhG-768x415.jpg.webp 768w, https:\/\/9staedte.de\/wp-content\/smush-webp\/2022\/06\/Rattenfaenger-Fuehrung-c-Hameln-Marketing-und-Tourismus-GmbhG.jpg.webp 1020w\" sizes=\"auto, (max-width: 300px) 100vw, 300px\" \/>                        <div class=\"thumbnail-label\">\n    <span>Rattenf\u00e4nger-F\u00fchrung c) Hameln Marketing und Tourismus GmbH<\/span>\n    <\/div>\n                <\/div>\n                        <div class=\"contentKachel-content\">\n                                    <div class=\"city-tag bg-hameln\">\n                        Hameln                    <\/div>\n                \n                <div class=\"title\">\n\n                    Wycieczka po mie\u015bcie z Pied Piper                    \n                <\/div>\n\n                            <\/div>\n\n        <\/div>\n    <\/a>\n<\/div>                                                        \n<div class=\"contentKachel filtr-item\" data-category=\"hameln-pl\">\n    <a href=\"https:\/\/9staedte.de\/pl\/pied-piper-welcome\/\">\n        <div class=\"contentKachel-inner\">\n                            <div class=\"contentKachel-thumbnail\">\n                    <img loading=\"lazy\" decoding=\"async\" width=\"300\" height=\"165\" src=\"https:\/\/9staedte.de\/wp-content\/smush-webp\/2023\/01\/Guided-tour-with-the-pied-piper-c-Hameln-Marketing-und-Tourismus-GmbH-300x165.jpg.webp\" class=\"objectfitcover withfilters wp-post-image\" alt=\"M\u0119\u017cczyzna ma kolorowy str\u00f3j. Nosi czerwony kapelusz z d\u0142ugim pi\u00f3rem. Trzyma ma\u0142y flet w r\u0119ce. Robi wyra\u017any ruch r\u0119k\u0105. Rozmawia z lud\u017ami przed sob\u0105. To szczuro\u0142ap z Hameln.\" srcset=\"https:\/\/9staedte.de\/wp-content\/smush-webp\/2023\/01\/Guided-tour-with-the-pied-piper-c-Hameln-Marketing-und-Tourismus-GmbH-300x165.jpg.webp 300w, https:\/\/9staedte.de\/wp-content\/smush-webp\/2023\/01\/Guided-tour-with-the-pied-piper-c-Hameln-Marketing-und-Tourismus-GmbH-768x422.jpg.webp 768w, https:\/\/9staedte.de\/wp-content\/smush-webp\/2023\/01\/Guided-tour-with-the-pied-piper-c-Hameln-Marketing-und-Tourismus-GmbH.jpg.webp 1020w\" sizes=\"auto, (max-width: 300px) 100vw, 300px\" \/>                    <img loading=\"lazy\" decoding=\"async\" width=\"300\" height=\"165\" src=\"https:\/\/9staedte.de\/wp-content\/smush-webp\/2023\/01\/Guided-tour-with-the-pied-piper-c-Hameln-Marketing-und-Tourismus-GmbH-300x165.jpg.webp\" class=\"objectfitcontain wp-post-image\" alt=\"M\u0119\u017cczyzna ma kolorowy str\u00f3j. Nosi czerwony kapelusz z d\u0142ugim pi\u00f3rem. Trzyma ma\u0142y flet w r\u0119ce. Robi wyra\u017any ruch r\u0119k\u0105. Rozmawia z lud\u017ami przed sob\u0105. To szczuro\u0142ap z Hameln.\" srcset=\"https:\/\/9staedte.de\/wp-content\/smush-webp\/2023\/01\/Guided-tour-with-the-pied-piper-c-Hameln-Marketing-und-Tourismus-GmbH-300x165.jpg.webp 300w, https:\/\/9staedte.de\/wp-content\/smush-webp\/2023\/01\/Guided-tour-with-the-pied-piper-c-Hameln-Marketing-und-Tourismus-GmbH-768x422.jpg.webp 768w, https:\/\/9staedte.de\/wp-content\/smush-webp\/2023\/01\/Guided-tour-with-the-pied-piper-c-Hameln-Marketing-und-Tourismus-GmbH.jpg.webp 1020w\" sizes=\"auto, (max-width: 300px) 100vw, 300px\" \/>                        <div class=\"thumbnail-label\">\n    <span>Stadtf\u00fchrung mit dem Rattenf\u00e4nger c) HMT<\/span>\n    <\/div>\n                <\/div>\n                        <div class=\"contentKachel-content\">\n                                    <div class=\"city-tag bg-hameln\">\n                        Hameln                    <\/div>\n                \n                <div class=\"title\">\n\n                    Pied Piper Welcome                    \n                <\/div>\n\n                            <\/div>\n\n        <\/div>\n    <\/a>\n<\/div>                                            <\/div>\r\n    <\/div>\r\n","protected":false},"excerpt":{"rendered":"","protected":false},"author":1,"featured_media":17216,"parent":17928,"menu_order":0,"comment_status":"closed","ping_status":"closed","template":"pagetemplates\/template-stadtthema.php","meta":{"_acf_changed":false,"footnotes":""},"categories":[],"tags":[],"ncap_cities_tax":[450,1227],"class_list":["post-17203","page","type-page","status-publish","has-post-thumbnail","hentry","ncap_cities_tax-hameln-pl","ncap_cities_tax-stadtfuhrungen-hameln-pl"],"acf":[],"yoast_head":"<!-- This site is optimized with the Yoast SEO plugin v27.4 - https:\/\/yoast.com\/product\/yoast-seo-wordpress\/ -->\n<title>Wycieczki po mie\u015bcie w Hameln - 9 St\u00e4dte in Niedersachsen<\/title>\n<meta name=\"robots\" content=\"index, follow, max-snippet:-1, max-image-preview:large, max-video-preview:-1\" \/>\n<link rel=\"canonical\" href=\"https:\/\/9staedte.de\/pl\/hamelin-legendarne-miasto-pied-piper\/wycieczki-po-miescie-w-hameln\/\" \/>\n<meta property=\"og:locale\" content=\"pl_PL\" \/>\n<meta property=\"og:type\" content=\"article\" \/>\n<meta property=\"og:title\" content=\"Wycieczki po mie\u015bcie w Hameln - 9 St\u00e4dte in Niedersachsen\" \/>\n<meta property=\"og:url\" content=\"https:\/\/9staedte.de\/pl\/hamelin-legendarne-miasto-pied-piper\/wycieczki-po-miescie-w-hameln\/\" \/>\n<meta property=\"og:site_name\" content=\"9 St\u00e4dte in Niedersachsen\" \/>\n<meta property=\"article:modified_time\" content=\"2025-02-18T15:32:34+00:00\" \/>\n<meta property=\"og:image\" content=\"https:\/\/9staedte.de\/wp-content\/uploads\/2023\/07\/Hameln-Stadtfuehrung-c-Hameln-Marketing-und-Tourismus-GmbH.jpg\" \/>\n\t<meta property=\"og:image:width\" content=\"2508\" \/>\n\t<meta property=\"og:image:height\" content=\"1672\" \/>\n\t<meta property=\"og:image:type\" content=\"image\/jpeg\" \/>\n<meta name=\"twitter:card\" content=\"summary_large_image\" \/>\n<meta name=\"twitter:label1\" content=\"Szacowany czas czytania\" \/>\n\t<meta name=\"twitter:data1\" content=\"1 minuta\" \/>\n<script type=\"application\/ld+json\" class=\"yoast-schema-graph\">{\"@context\":\"https:\\\/\\\/schema.org\",\"@graph\":[{\"@type\":\"WebPage\",\"@id\":\"https:\\\/\\\/9staedte.de\\\/pl\\\/hamelin-legendarne-miasto-pied-piper\\\/wycieczki-po-miescie-w-hameln\\\/\",\"url\":\"https:\\\/\\\/9staedte.de\\\/pl\\\/hamelin-legendarne-miasto-pied-piper\\\/wycieczki-po-miescie-w-hameln\\\/\",\"name\":\"Wycieczki po mie\u015bcie w Hameln - 9 St\u00e4dte in Niedersachsen\",\"isPartOf\":{\"@id\":\"https:\\\/\\\/9staedte.de\\\/pl\\\/#website\"},\"primaryImageOfPage\":{\"@id\":\"https:\\\/\\\/9staedte.de\\\/pl\\\/hamelin-legendarne-miasto-pied-piper\\\/wycieczki-po-miescie-w-hameln\\\/#primaryimage\"},\"image\":{\"@id\":\"https:\\\/\\\/9staedte.de\\\/pl\\\/hamelin-legendarne-miasto-pied-piper\\\/wycieczki-po-miescie-w-hameln\\\/#primaryimage\"},\"thumbnailUrl\":\"https:\\\/\\\/9staedte.de\\\/wp-content\\\/uploads\\\/2023\\\/07\\\/Hameln-Stadtfuehrung-c-Hameln-Marketing-und-Tourismus-GmbH.jpg\",\"datePublished\":\"2023-11-02T08:47:44+00:00\",\"dateModified\":\"2025-02-18T15:32:34+00:00\",\"breadcrumb\":{\"@id\":\"https:\\\/\\\/9staedte.de\\\/pl\\\/hamelin-legendarne-miasto-pied-piper\\\/wycieczki-po-miescie-w-hameln\\\/#breadcrumb\"},\"inLanguage\":\"pl-PL\",\"potentialAction\":[{\"@type\":\"ReadAction\",\"target\":[\"https:\\\/\\\/9staedte.de\\\/pl\\\/hamelin-legendarne-miasto-pied-piper\\\/wycieczki-po-miescie-w-hameln\\\/\"]}]},{\"@type\":\"ImageObject\",\"inLanguage\":\"pl-PL\",\"@id\":\"https:\\\/\\\/9staedte.de\\\/pl\\\/hamelin-legendarne-miasto-pied-piper\\\/wycieczki-po-miescie-w-hameln\\\/#primaryimage\",\"url\":\"https:\\\/\\\/9staedte.de\\\/wp-content\\\/uploads\\\/2023\\\/07\\\/Hameln-Stadtfuehrung-c-Hameln-Marketing-und-Tourismus-GmbH.jpg\",\"contentUrl\":\"https:\\\/\\\/9staedte.de\\\/wp-content\\\/uploads\\\/2023\\\/07\\\/Hameln-Stadtfuehrung-c-Hameln-Marketing-und-Tourismus-GmbH.jpg\",\"width\":2508,\"height\":1672,\"caption\":\"Hameln Stadtfuehrung c) Hameln Marketing und Tourismus GmbH\"},{\"@type\":\"BreadcrumbList\",\"@id\":\"https:\\\/\\\/9staedte.de\\\/pl\\\/hamelin-legendarne-miasto-pied-piper\\\/wycieczki-po-miescie-w-hameln\\\/#breadcrumb\",\"itemListElement\":[{\"@type\":\"ListItem\",\"position\":1,\"name\":\"Startseite\",\"item\":\"https:\\\/\\\/9staedte.de\\\/pl\\\/\"},{\"@type\":\"ListItem\",\"position\":2,\"name\":\"Hameln &#8211; legendarne miasto Pied Piper\",\"item\":\"https:\\\/\\\/9staedte.de\\\/pl\\\/hamelin-legendarne-miasto-pied-piper\\\/\"},{\"@type\":\"ListItem\",\"position\":3,\"name\":\"Wycieczki po mie\u015bcie w Hameln\"}]},{\"@type\":\"WebSite\",\"@id\":\"https:\\\/\\\/9staedte.de\\\/pl\\\/#website\",\"url\":\"https:\\\/\\\/9staedte.de\\\/pl\\\/\",\"name\":\"9 St\u00e4dte in Niedersachsen\",\"description\":\"\",\"publisher\":{\"@id\":\"https:\\\/\\\/9staedte.de\\\/pl\\\/#organization\"},\"potentialAction\":[{\"@type\":\"SearchAction\",\"target\":{\"@type\":\"EntryPoint\",\"urlTemplate\":\"https:\\\/\\\/9staedte.de\\\/pl\\\/?s={search_term_string}\"},\"query-input\":{\"@type\":\"PropertyValueSpecification\",\"valueRequired\":true,\"valueName\":\"search_term_string\"}}],\"inLanguage\":\"pl-PL\"},{\"@type\":\"Organization\",\"@id\":\"https:\\\/\\\/9staedte.de\\\/pl\\\/#organization\",\"name\":\"9 St\u00e4dte in Niedersachsen\",\"url\":\"https:\\\/\\\/9staedte.de\\\/pl\\\/\",\"logo\":{\"@type\":\"ImageObject\",\"inLanguage\":\"pl-PL\",\"@id\":\"https:\\\/\\\/9staedte.de\\\/pl\\\/#\\\/schema\\\/logo\\\/image\\\/\",\"url\":\"https:\\\/\\\/9staedte.de\\\/wp-content\\\/uploads\\\/2025\\\/01\\\/9-neg-deutsch-2-1.png\",\"contentUrl\":\"https:\\\/\\\/9staedte.de\\\/wp-content\\\/uploads\\\/2025\\\/01\\\/9-neg-deutsch-2-1.png\",\"width\":190,\"height\":114,\"caption\":\"9 St\u00e4dte in Niedersachsen\"},\"image\":{\"@id\":\"https:\\\/\\\/9staedte.de\\\/pl\\\/#\\\/schema\\\/logo\\\/image\\\/\"}}]}<\/script>\n<!-- \/ Yoast SEO plugin. -->","yoast_head_json":{"title":"Wycieczki po mie\u015bcie w Hameln - 9 St\u00e4dte in Niedersachsen","robots":{"index":"index","follow":"follow","max-snippet":"max-snippet:-1","max-image-preview":"max-image-preview:large","max-video-preview":"max-video-preview:-1"},"canonical":"https:\/\/9staedte.de\/pl\/hamelin-legendarne-miasto-pied-piper\/wycieczki-po-miescie-w-hameln\/","og_locale":"pl_PL","og_type":"article","og_title":"Wycieczki po mie\u015bcie w Hameln - 9 St\u00e4dte in Niedersachsen","og_url":"https:\/\/9staedte.de\/pl\/hamelin-legendarne-miasto-pied-piper\/wycieczki-po-miescie-w-hameln\/","og_site_name":"9 St\u00e4dte in Niedersachsen","article_modified_time":"2025-02-18T15:32:34+00:00","og_image":[{"width":2508,"height":1672,"url":"https:\/\/9staedte.de\/wp-content\/uploads\/2023\/07\/Hameln-Stadtfuehrung-c-Hameln-Marketing-und-Tourismus-GmbH.jpg","type":"image\/jpeg"}],"twitter_card":"summary_large_image","twitter_misc":{"Szacowany czas czytania":"1 minuta"},"schema":{"@context":"https:\/\/schema.org","@graph":[{"@type":"WebPage","@id":"https:\/\/9staedte.de\/pl\/hamelin-legendarne-miasto-pied-piper\/wycieczki-po-miescie-w-hameln\/","url":"https:\/\/9staedte.de\/pl\/hamelin-legendarne-miasto-pied-piper\/wycieczki-po-miescie-w-hameln\/","name":"Wycieczki po mie\u015bcie w Hameln - 9 St\u00e4dte in Niedersachsen","isPartOf":{"@id":"https:\/\/9staedte.de\/pl\/#website"},"primaryImageOfPage":{"@id":"https:\/\/9staedte.de\/pl\/hamelin-legendarne-miasto-pied-piper\/wycieczki-po-miescie-w-hameln\/#primaryimage"},"image":{"@id":"https:\/\/9staedte.de\/pl\/hamelin-legendarne-miasto-pied-piper\/wycieczki-po-miescie-w-hameln\/#primaryimage"},"thumbnailUrl":"https:\/\/9staedte.de\/wp-content\/uploads\/2023\/07\/Hameln-Stadtfuehrung-c-Hameln-Marketing-und-Tourismus-GmbH.jpg","datePublished":"2023-11-02T08:47:44+00:00","dateModified":"2025-02-18T15:32:34+00:00","breadcrumb":{"@id":"https:\/\/9staedte.de\/pl\/hamelin-legendarne-miasto-pied-piper\/wycieczki-po-miescie-w-hameln\/#breadcrumb"},"inLanguage":"pl-PL","potentialAction":[{"@type":"ReadAction","target":["https:\/\/9staedte.de\/pl\/hamelin-legendarne-miasto-pied-piper\/wycieczki-po-miescie-w-hameln\/"]}]},{"@type":"ImageObject","inLanguage":"pl-PL","@id":"https:\/\/9staedte.de\/pl\/hamelin-legendarne-miasto-pied-piper\/wycieczki-po-miescie-w-hameln\/#primaryimage","url":"https:\/\/9staedte.de\/wp-content\/uploads\/2023\/07\/Hameln-Stadtfuehrung-c-Hameln-Marketing-und-Tourismus-GmbH.jpg","contentUrl":"https:\/\/9staedte.de\/wp-content\/uploads\/2023\/07\/Hameln-Stadtfuehrung-c-Hameln-Marketing-und-Tourismus-GmbH.jpg","width":2508,"height":1672,"caption":"Hameln Stadtfuehrung c) Hameln Marketing und Tourismus GmbH"},{"@type":"BreadcrumbList","@id":"https:\/\/9staedte.de\/pl\/hamelin-legendarne-miasto-pied-piper\/wycieczki-po-miescie-w-hameln\/#breadcrumb","itemListElement":[{"@type":"ListItem","position":1,"name":"Startseite","item":"https:\/\/9staedte.de\/pl\/"},{"@type":"ListItem","position":2,"name":"Hameln &#8211; legendarne miasto Pied Piper","item":"https:\/\/9staedte.de\/pl\/hamelin-legendarne-miasto-pied-piper\/"},{"@type":"ListItem","position":3,"name":"Wycieczki po mie\u015bcie w Hameln"}]},{"@type":"WebSite","@id":"https:\/\/9staedte.de\/pl\/#website","url":"https:\/\/9staedte.de\/pl\/","name":"9 St\u00e4dte in Niedersachsen","description":"","publisher":{"@id":"https:\/\/9staedte.de\/pl\/#organization"},"potentialAction":[{"@type":"SearchAction","target":{"@type":"EntryPoint","urlTemplate":"https:\/\/9staedte.de\/pl\/?s={search_term_string}"},"query-input":{"@type":"PropertyValueSpecification","valueRequired":true,"valueName":"search_term_string"}}],"inLanguage":"pl-PL"},{"@type":"Organization","@id":"https:\/\/9staedte.de\/pl\/#organization","name":"9 St\u00e4dte in Niedersachsen","url":"https:\/\/9staedte.de\/pl\/","logo":{"@type":"ImageObject","inLanguage":"pl-PL","@id":"https:\/\/9staedte.de\/pl\/#\/schema\/logo\/image\/","url":"https:\/\/9staedte.de\/wp-content\/uploads\/2025\/01\/9-neg-deutsch-2-1.png","contentUrl":"https:\/\/9staedte.de\/wp-content\/uploads\/2025\/01\/9-neg-deutsch-2-1.png","width":190,"height":114,"caption":"9 St\u00e4dte in Niedersachsen"},"image":{"@id":"https:\/\/9staedte.de\/pl\/#\/schema\/logo\/image\/"}}]}},"_links":{"self":[{"href":"https:\/\/9staedte.de\/pl\/wp-json\/wp\/v2\/pages\/17203","targetHints":{"allow":["GET"]}}],"collection":[{"href":"https:\/\/9staedte.de\/pl\/wp-json\/wp\/v2\/pages"}],"about":[{"href":"https:\/\/9staedte.de\/pl\/wp-json\/wp\/v2\/types\/page"}],"author":[{"embeddable":true,"href":"https:\/\/9staedte.de\/pl\/wp-json\/wp\/v2\/users\/1"}],"replies":[{"embeddable":true,"href":"https:\/\/9staedte.de\/pl\/wp-json\/wp\/v2\/comments?post=17203"}],"version-history":[{"count":2,"href":"https:\/\/9staedte.de\/pl\/wp-json\/wp\/v2\/pages\/17203\/revisions"}],"predecessor-version":[{"id":24833,"href":"https:\/\/9staedte.de\/pl\/wp-json\/wp\/v2\/pages\/17203\/revisions\/24833"}],"up":[{"embeddable":true,"href":"https:\/\/9staedte.de\/pl\/wp-json\/wp\/v2\/pages\/17928"}],"wp:featuredmedia":[{"embeddable":true,"href":"https:\/\/9staedte.de\/pl\/wp-json\/wp\/v2\/media\/17216"}],"wp:attachment":[{"href":"https:\/\/9staedte.de\/pl\/wp-json\/wp\/v2\/media?parent=17203"}],"wp:term":[{"taxonomy":"category","embeddable":true,"href":"https:\/\/9staedte.de\/pl\/wp-json\/wp\/v2\/categories?post=17203"},{"taxonomy":"post_tag","embeddable":true,"href":"https:\/\/9staedte.de\/pl\/wp-json\/wp\/v2\/tags?post=17203"},{"taxonomy":"ncap_cities_tax","embeddable":true,"href":"https:\/\/9staedte.de\/pl\/wp-json\/wp\/v2\/ncap_cities_tax?post=17203"}],"curies":[{"name":"wp","href":"https:\/\/api.w.org\/{rel}","templated":true}]}}