{"id":17181,"date":"2023-11-02T09:47:42","date_gmt":"2023-11-02T08:47:42","guid":{"rendered":"https:\/\/9staedte.de\/wycieczki-z-przewodnikiem-po-goslar\/"},"modified":"2024-05-08T11:08:53","modified_gmt":"2024-05-08T09:08:53","slug":"wycieczki-z-przewodnikiem-po-goslar","status":"publish","type":"page","link":"https:\/\/9staedte.de\/pl\/goslar-miejsce-swiatowego-dziedzictwa-w-gorach-harz\/wycieczki-z-przewodnikiem-po-goslar\/","title":{"rendered":"Wycieczki z przewodnikiem po Goslar"},"content":{"rendered":"\r\n\r\n    <div class=\"filter-posts\">\r\n            <div  id=\"filterContent\">\r\n                                                        \n<div class=\"contentKachel filtr-item\" data-category=\"goslar-pl\">\n    <a href=\"https:\/\/9staedte.de\/pl\/dziedzictwo-kulturowe-goslar\/\">\n        <div class=\"contentKachel-inner\">\n                            <div class=\"contentKachel-thumbnail\">\n                    <img loading=\"lazy\" decoding=\"async\" width=\"300\" height=\"164\" src=\"https:\/\/9staedte.de\/wp-content\/smush-webp\/2022\/06\/Kaiserringhaus-Adler-Fotograf-Stefan-Schiefer-Quelle-GOSLAR-marketing-gmbh-300x164.jpg.webp\" class=\"objectfitcover withfilters wp-post-image\" alt=\"Na zdj\u0119ciu wida\u0107 fontann\u0119. Na g\u00f3rze stoi z\u0142oty orze\u0142 z roz\u0142o\u017conymi skrzyd\u0142ami. Z fontanny leci woda. W tle wida\u0107 stary budynek z ciemnym dachem. Na budynku jest zegar. Obok zegara s\u0105 ma\u0142e figurki. \u015awieci s\u0142o\u0144ce.\" srcset=\"https:\/\/9staedte.de\/wp-content\/smush-webp\/2022\/06\/Kaiserringhaus-Adler-Fotograf-Stefan-Schiefer-Quelle-GOSLAR-marketing-gmbh-300x164.jpg.webp 300w, https:\/\/9staedte.de\/wp-content\/smush-webp\/2022\/06\/Kaiserringhaus-Adler-Fotograf-Stefan-Schiefer-Quelle-GOSLAR-marketing-gmbh-768x420.jpg.webp 768w, https:\/\/9staedte.de\/wp-content\/smush-webp\/2022\/06\/Kaiserringhaus-Adler-Fotograf-Stefan-Schiefer-Quelle-GOSLAR-marketing-gmbh.jpg.webp 1020w\" sizes=\"auto, (max-width: 300px) 100vw, 300px\" \/>                    <img loading=\"lazy\" decoding=\"async\" width=\"300\" height=\"164\" src=\"https:\/\/9staedte.de\/wp-content\/smush-webp\/2022\/06\/Kaiserringhaus-Adler-Fotograf-Stefan-Schiefer-Quelle-GOSLAR-marketing-gmbh-300x164.jpg.webp\" class=\"objectfitcontain wp-post-image\" alt=\"Na zdj\u0119ciu wida\u0107 fontann\u0119. Na g\u00f3rze stoi z\u0142oty orze\u0142 z roz\u0142o\u017conymi skrzyd\u0142ami. Z fontanny leci woda. W tle wida\u0107 stary budynek z ciemnym dachem. Na budynku jest zegar. Obok zegara s\u0105 ma\u0142e figurki. \u015awieci s\u0142o\u0144ce.\" srcset=\"https:\/\/9staedte.de\/wp-content\/smush-webp\/2022\/06\/Kaiserringhaus-Adler-Fotograf-Stefan-Schiefer-Quelle-GOSLAR-marketing-gmbh-300x164.jpg.webp 300w, https:\/\/9staedte.de\/wp-content\/smush-webp\/2022\/06\/Kaiserringhaus-Adler-Fotograf-Stefan-Schiefer-Quelle-GOSLAR-marketing-gmbh-768x420.jpg.webp 768w, https:\/\/9staedte.de\/wp-content\/smush-webp\/2022\/06\/Kaiserringhaus-Adler-Fotograf-Stefan-Schiefer-Quelle-GOSLAR-marketing-gmbh.jpg.webp 1020w\" sizes=\"auto, (max-width: 300px) 100vw, 300px\" \/>                        <div class=\"thumbnail-label\">\n    <span>Kaiserringhaus &#038; Adler Fotograf Stefan Schiefer Quelle GOSLAR marketing gmbh<\/span>\n    <\/div>\n                <\/div>\n                        <div class=\"contentKachel-content\">\n                                    <div class=\"city-tag bg-goslar\">\n                        Goslar                    <\/div>\n                \n                <div class=\"title\">\n\n                    Dziedzictwo kulturowe Goslar                    \n                <\/div>\n\n                            <\/div>\n\n        <\/div>\n    <\/a>\n<\/div>                                                        \n<div class=\"contentKachel filtr-item\" data-category=\"goslar-pl\">\n    <a href=\"https:\/\/9staedte.de\/pl\/rodzinna-tradycja-w-miescie-w-gorach-harz\/\">\n        <div class=\"contentKachel-inner\">\n                            <div class=\"contentKachel-thumbnail\">\n                    <img loading=\"lazy\" decoding=\"async\" width=\"300\" height=\"165\" src=\"https:\/\/9staedte.de\/wp-content\/smush-webp\/2022\/06\/Siemenshaus-in-Goslar-c-Martin-Kirchner-300x165.jpg.webp\" class=\"objectfitcover withfilters wp-post-image\" alt=\"M\u0119\u017cczyzna stoi przed du\u017cym, starym domem szachulcowym z ciemnego drewna. Dom ma wiele okien i ozdobne wzory w kolorach pomara\u0144czowym i czarnym. Na rogu wisi znak z napisem \u201eSchreiberstra\u00dfe\u201d.\" srcset=\"https:\/\/9staedte.de\/wp-content\/smush-webp\/2022\/06\/Siemenshaus-in-Goslar-c-Martin-Kirchner-300x165.jpg.webp 300w, https:\/\/9staedte.de\/wp-content\/smush-webp\/2022\/06\/Siemenshaus-in-Goslar-c-Martin-Kirchner-768x421.jpg.webp 768w, https:\/\/9staedte.de\/wp-content\/smush-webp\/2022\/06\/Siemenshaus-in-Goslar-c-Martin-Kirchner.jpg.webp 1019w\" sizes=\"auto, (max-width: 300px) 100vw, 300px\" \/>                    <img loading=\"lazy\" decoding=\"async\" width=\"300\" height=\"165\" src=\"https:\/\/9staedte.de\/wp-content\/smush-webp\/2022\/06\/Siemenshaus-in-Goslar-c-Martin-Kirchner-300x165.jpg.webp\" class=\"objectfitcontain wp-post-image\" alt=\"M\u0119\u017cczyzna stoi przed du\u017cym, starym domem szachulcowym z ciemnego drewna. Dom ma wiele okien i ozdobne wzory w kolorach pomara\u0144czowym i czarnym. Na rogu wisi znak z napisem \u201eSchreiberstra\u00dfe\u201d.\" srcset=\"https:\/\/9staedte.de\/wp-content\/smush-webp\/2022\/06\/Siemenshaus-in-Goslar-c-Martin-Kirchner-300x165.jpg.webp 300w, https:\/\/9staedte.de\/wp-content\/smush-webp\/2022\/06\/Siemenshaus-in-Goslar-c-Martin-Kirchner-768x421.jpg.webp 768w, https:\/\/9staedte.de\/wp-content\/smush-webp\/2022\/06\/Siemenshaus-in-Goslar-c-Martin-Kirchner.jpg.webp 1019w\" sizes=\"auto, (max-width: 300px) 100vw, 300px\" \/>                        <div class=\"thumbnail-label\">\n    <span>Goslar, Stammhaus der Familie Siemens c) Martin Kirchner<\/span>\n    <\/div>\n                <\/div>\n                        <div class=\"contentKachel-content\">\n                                    <div class=\"city-tag bg-goslar\">\n                        Goslar                    <\/div>\n                \n                <div class=\"title\">\n\n                    Rodzinna tradycja w mie\u015bcie w g\u00f3rach Harz                    \n                <\/div>\n\n                            <\/div>\n\n        <\/div>\n    <\/a>\n<\/div>                                                        \n<div class=\"contentKachel filtr-item\" data-category=\"goslar-pl\">\n    <a href=\"https:\/\/9staedte.de\/pl\/wycieczka-z-przewodnikiem-po-najwazniejszych-atrakcjach-goslar\/\">\n        <div class=\"contentKachel-inner\">\n                            <div class=\"contentKachel-thumbnail\">\n                    <img loading=\"lazy\" decoding=\"async\" width=\"300\" height=\"162\" src=\"https:\/\/9staedte.de\/wp-content\/smush-webp\/2022\/06\/Kaiserpfalz_Gruppen_GOSLAR_marketing_gmbh_Fotograf_Stefan_Schiefer-300x162.jpg.webp\" class=\"objectfitcover withfilters wp-post-image\" alt=\"Du\u017cy, stary budynek z wieloma \u0142ukami i oknami stoi na trawniku. Przed nim stoj\u0105 dwa pomniki je\u017ad\u017ac\u00f3w. Po lewej stronie stoi zaprz\u0119\u017cony pow\u00f3z. To cesarski pa\u0142ac w Goslarze.\" srcset=\"https:\/\/9staedte.de\/wp-content\/smush-webp\/2022\/06\/Kaiserpfalz_Gruppen_GOSLAR_marketing_gmbh_Fotograf_Stefan_Schiefer-300x162.jpg.webp 300w, https:\/\/9staedte.de\/wp-content\/smush-webp\/2022\/06\/Kaiserpfalz_Gruppen_GOSLAR_marketing_gmbh_Fotograf_Stefan_Schiefer-768x414.jpg.webp 768w, https:\/\/9staedte.de\/wp-content\/smush-webp\/2022\/06\/Kaiserpfalz_Gruppen_GOSLAR_marketing_gmbh_Fotograf_Stefan_Schiefer.jpg.webp 1020w\" sizes=\"auto, (max-width: 300px) 100vw, 300px\" \/>                    <img loading=\"lazy\" decoding=\"async\" width=\"300\" height=\"162\" src=\"https:\/\/9staedte.de\/wp-content\/smush-webp\/2022\/06\/Kaiserpfalz_Gruppen_GOSLAR_marketing_gmbh_Fotograf_Stefan_Schiefer-300x162.jpg.webp\" class=\"objectfitcontain wp-post-image\" alt=\"Du\u017cy, stary budynek z wieloma \u0142ukami i oknami stoi na trawniku. Przed nim stoj\u0105 dwa pomniki je\u017ad\u017ac\u00f3w. Po lewej stronie stoi zaprz\u0119\u017cony pow\u00f3z. To cesarski pa\u0142ac w Goslarze.\" srcset=\"https:\/\/9staedte.de\/wp-content\/smush-webp\/2022\/06\/Kaiserpfalz_Gruppen_GOSLAR_marketing_gmbh_Fotograf_Stefan_Schiefer-300x162.jpg.webp 300w, https:\/\/9staedte.de\/wp-content\/smush-webp\/2022\/06\/Kaiserpfalz_Gruppen_GOSLAR_marketing_gmbh_Fotograf_Stefan_Schiefer-768x414.jpg.webp 768w, https:\/\/9staedte.de\/wp-content\/smush-webp\/2022\/06\/Kaiserpfalz_Gruppen_GOSLAR_marketing_gmbh_Fotograf_Stefan_Schiefer.jpg.webp 1020w\" sizes=\"auto, (max-width: 300px) 100vw, 300px\" \/>                        <div class=\"thumbnail-label\">\n    <span>Kaiserpfalz_GOSLAR Fotograf_Stefan_Schiefer<\/span>\n    <\/div>\n                <\/div>\n                        <div class=\"contentKachel-content\">\n                                    <div class=\"city-tag bg-goslar\">\n                        Goslar                    <\/div>\n                \n                <div class=\"title\">\n\n                    Wycieczka z przewodnikiem po najwa\u017cniejszych atrakcjach Goslar                    \n                <\/div>\n\n                            <\/div>\n\n        <\/div>\n    <\/a>\n<\/div>                                            <\/div>\r\n    <\/div>\r\n","protected":false},"excerpt":{"rendered":"","protected":false},"author":1,"featured_media":17194,"parent":17961,"menu_order":0,"comment_status":"closed","ping_status":"closed","template":"pagetemplates\/template-stadtthema.php","meta":{"_acf_changed":false,"footnotes":""},"categories":[],"tags":[],"ncap_cities_tax":[445,1221],"class_list":["post-17181","page","type-page","status-publish","has-post-thumbnail","hentry","ncap_cities_tax-goslar-pl","ncap_cities_tax-stadtfuhrungen-goslar-pl"],"acf":[],"yoast_head":"<!-- This site is optimized with the Yoast SEO plugin v27.4 - https:\/\/yoast.com\/product\/yoast-seo-wordpress\/ -->\n<title>Wycieczki z przewodnikiem po Goslar - 9 St\u00e4dte in Niedersachsen<\/title>\n<meta name=\"robots\" content=\"index, follow, max-snippet:-1, max-image-preview:large, max-video-preview:-1\" \/>\n<link rel=\"canonical\" href=\"https:\/\/9staedte.de\/pl\/goslar-miejsce-swiatowego-dziedzictwa-w-gorach-harz\/wycieczki-z-przewodnikiem-po-goslar\/\" \/>\n<meta property=\"og:locale\" content=\"pl_PL\" \/>\n<meta property=\"og:type\" content=\"article\" \/>\n<meta property=\"og:title\" content=\"Wycieczki z przewodnikiem po Goslar - 9 St\u00e4dte in Niedersachsen\" \/>\n<meta property=\"og:url\" content=\"https:\/\/9staedte.de\/pl\/goslar-miejsce-swiatowego-dziedzictwa-w-gorach-harz\/wycieczki-z-przewodnikiem-po-goslar\/\" \/>\n<meta property=\"og:site_name\" content=\"9 St\u00e4dte in Niedersachsen\" \/>\n<meta property=\"article:modified_time\" content=\"2024-05-08T09:08:53+00:00\" \/>\n<meta property=\"og:image\" content=\"https:\/\/9staedte.de\/wp-content\/uploads\/2023\/02\/04-Stadtfuehrung-Altstadt-Fotograf-Stefan-Schiefer-Quelle-GOSLAR-marketing-gmbh.jpg\" \/>\n\t<meta property=\"og:image:width\" content=\"1020\" \/>\n\t<meta property=\"og:image:height\" content=\"560\" \/>\n\t<meta property=\"og:image:type\" content=\"image\/jpeg\" \/>\n<meta name=\"twitter:card\" content=\"summary_large_image\" \/>\n<meta name=\"twitter:label1\" content=\"Szacowany czas czytania\" \/>\n\t<meta name=\"twitter:data1\" content=\"1 minuta\" \/>\n<script type=\"application\/ld+json\" class=\"yoast-schema-graph\">{\"@context\":\"https:\\\/\\\/schema.org\",\"@graph\":[{\"@type\":\"WebPage\",\"@id\":\"https:\\\/\\\/9staedte.de\\\/pl\\\/goslar-miejsce-swiatowego-dziedzictwa-w-gorach-harz\\\/wycieczki-z-przewodnikiem-po-goslar\\\/\",\"url\":\"https:\\\/\\\/9staedte.de\\\/pl\\\/goslar-miejsce-swiatowego-dziedzictwa-w-gorach-harz\\\/wycieczki-z-przewodnikiem-po-goslar\\\/\",\"name\":\"Wycieczki z przewodnikiem po Goslar - 9 St\u00e4dte in Niedersachsen\",\"isPartOf\":{\"@id\":\"https:\\\/\\\/9staedte.de\\\/pl\\\/#website\"},\"primaryImageOfPage\":{\"@id\":\"https:\\\/\\\/9staedte.de\\\/pl\\\/goslar-miejsce-swiatowego-dziedzictwa-w-gorach-harz\\\/wycieczki-z-przewodnikiem-po-goslar\\\/#primaryimage\"},\"image\":{\"@id\":\"https:\\\/\\\/9staedte.de\\\/pl\\\/goslar-miejsce-swiatowego-dziedzictwa-w-gorach-harz\\\/wycieczki-z-przewodnikiem-po-goslar\\\/#primaryimage\"},\"thumbnailUrl\":\"https:\\\/\\\/9staedte.de\\\/wp-content\\\/uploads\\\/2023\\\/02\\\/04-Stadtfuehrung-Altstadt-Fotograf-Stefan-Schiefer-Quelle-GOSLAR-marketing-gmbh.jpg\",\"datePublished\":\"2023-11-02T08:47:42+00:00\",\"dateModified\":\"2024-05-08T09:08:53+00:00\",\"breadcrumb\":{\"@id\":\"https:\\\/\\\/9staedte.de\\\/pl\\\/goslar-miejsce-swiatowego-dziedzictwa-w-gorach-harz\\\/wycieczki-z-przewodnikiem-po-goslar\\\/#breadcrumb\"},\"inLanguage\":\"pl-PL\",\"potentialAction\":[{\"@type\":\"ReadAction\",\"target\":[\"https:\\\/\\\/9staedte.de\\\/pl\\\/goslar-miejsce-swiatowego-dziedzictwa-w-gorach-harz\\\/wycieczki-z-przewodnikiem-po-goslar\\\/\"]}]},{\"@type\":\"ImageObject\",\"inLanguage\":\"pl-PL\",\"@id\":\"https:\\\/\\\/9staedte.de\\\/pl\\\/goslar-miejsce-swiatowego-dziedzictwa-w-gorach-harz\\\/wycieczki-z-przewodnikiem-po-goslar\\\/#primaryimage\",\"url\":\"https:\\\/\\\/9staedte.de\\\/wp-content\\\/uploads\\\/2023\\\/02\\\/04-Stadtfuehrung-Altstadt-Fotograf-Stefan-Schiefer-Quelle-GOSLAR-marketing-gmbh.jpg\",\"contentUrl\":\"https:\\\/\\\/9staedte.de\\\/wp-content\\\/uploads\\\/2023\\\/02\\\/04-Stadtfuehrung-Altstadt-Fotograf-Stefan-Schiefer-Quelle-GOSLAR-marketing-gmbh.jpg\",\"width\":1020,\"height\":560,\"caption\":\"Stadtf\u00fchrung Altstadt Goslar Fotograf Stefan Schiefer Quelle GOSLAR marketing gmbh\"},{\"@type\":\"BreadcrumbList\",\"@id\":\"https:\\\/\\\/9staedte.de\\\/pl\\\/goslar-miejsce-swiatowego-dziedzictwa-w-gorach-harz\\\/wycieczki-z-przewodnikiem-po-goslar\\\/#breadcrumb\",\"itemListElement\":[{\"@type\":\"ListItem\",\"position\":1,\"name\":\"Startseite\",\"item\":\"https:\\\/\\\/9staedte.de\\\/pl\\\/\"},{\"@type\":\"ListItem\",\"position\":2,\"name\":\"Goslar &#8211; miejsce \u015bwiatowego dziedzictwa w g\u00f3rach Harz\",\"item\":\"https:\\\/\\\/9staedte.de\\\/pl\\\/goslar-miejsce-swiatowego-dziedzictwa-w-gorach-harz\\\/\"},{\"@type\":\"ListItem\",\"position\":3,\"name\":\"Wycieczki z przewodnikiem po Goslar\"}]},{\"@type\":\"WebSite\",\"@id\":\"https:\\\/\\\/9staedte.de\\\/pl\\\/#website\",\"url\":\"https:\\\/\\\/9staedte.de\\\/pl\\\/\",\"name\":\"9 St\u00e4dte in Niedersachsen\",\"description\":\"\",\"publisher\":{\"@id\":\"https:\\\/\\\/9staedte.de\\\/pl\\\/#organization\"},\"potentialAction\":[{\"@type\":\"SearchAction\",\"target\":{\"@type\":\"EntryPoint\",\"urlTemplate\":\"https:\\\/\\\/9staedte.de\\\/pl\\\/?s={search_term_string}\"},\"query-input\":{\"@type\":\"PropertyValueSpecification\",\"valueRequired\":true,\"valueName\":\"search_term_string\"}}],\"inLanguage\":\"pl-PL\"},{\"@type\":\"Organization\",\"@id\":\"https:\\\/\\\/9staedte.de\\\/pl\\\/#organization\",\"name\":\"9 St\u00e4dte in Niedersachsen\",\"url\":\"https:\\\/\\\/9staedte.de\\\/pl\\\/\",\"logo\":{\"@type\":\"ImageObject\",\"inLanguage\":\"pl-PL\",\"@id\":\"https:\\\/\\\/9staedte.de\\\/pl\\\/#\\\/schema\\\/logo\\\/image\\\/\",\"url\":\"https:\\\/\\\/9staedte.de\\\/wp-content\\\/uploads\\\/2025\\\/01\\\/9-neg-deutsch-2-1.png\",\"contentUrl\":\"https:\\\/\\\/9staedte.de\\\/wp-content\\\/uploads\\\/2025\\\/01\\\/9-neg-deutsch-2-1.png\",\"width\":190,\"height\":114,\"caption\":\"9 St\u00e4dte in Niedersachsen\"},\"image\":{\"@id\":\"https:\\\/\\\/9staedte.de\\\/pl\\\/#\\\/schema\\\/logo\\\/image\\\/\"}}]}<\/script>\n<!-- \/ Yoast SEO plugin. -->","yoast_head_json":{"title":"Wycieczki z przewodnikiem po Goslar - 9 St\u00e4dte in Niedersachsen","robots":{"index":"index","follow":"follow","max-snippet":"max-snippet:-1","max-image-preview":"max-image-preview:large","max-video-preview":"max-video-preview:-1"},"canonical":"https:\/\/9staedte.de\/pl\/goslar-miejsce-swiatowego-dziedzictwa-w-gorach-harz\/wycieczki-z-przewodnikiem-po-goslar\/","og_locale":"pl_PL","og_type":"article","og_title":"Wycieczki z przewodnikiem po Goslar - 9 St\u00e4dte in Niedersachsen","og_url":"https:\/\/9staedte.de\/pl\/goslar-miejsce-swiatowego-dziedzictwa-w-gorach-harz\/wycieczki-z-przewodnikiem-po-goslar\/","og_site_name":"9 St\u00e4dte in Niedersachsen","article_modified_time":"2024-05-08T09:08:53+00:00","og_image":[{"width":1020,"height":560,"url":"https:\/\/9staedte.de\/wp-content\/uploads\/2023\/02\/04-Stadtfuehrung-Altstadt-Fotograf-Stefan-Schiefer-Quelle-GOSLAR-marketing-gmbh.jpg","type":"image\/jpeg"}],"twitter_card":"summary_large_image","twitter_misc":{"Szacowany czas czytania":"1 minuta"},"schema":{"@context":"https:\/\/schema.org","@graph":[{"@type":"WebPage","@id":"https:\/\/9staedte.de\/pl\/goslar-miejsce-swiatowego-dziedzictwa-w-gorach-harz\/wycieczki-z-przewodnikiem-po-goslar\/","url":"https:\/\/9staedte.de\/pl\/goslar-miejsce-swiatowego-dziedzictwa-w-gorach-harz\/wycieczki-z-przewodnikiem-po-goslar\/","name":"Wycieczki z przewodnikiem po Goslar - 9 St\u00e4dte in Niedersachsen","isPartOf":{"@id":"https:\/\/9staedte.de\/pl\/#website"},"primaryImageOfPage":{"@id":"https:\/\/9staedte.de\/pl\/goslar-miejsce-swiatowego-dziedzictwa-w-gorach-harz\/wycieczki-z-przewodnikiem-po-goslar\/#primaryimage"},"image":{"@id":"https:\/\/9staedte.de\/pl\/goslar-miejsce-swiatowego-dziedzictwa-w-gorach-harz\/wycieczki-z-przewodnikiem-po-goslar\/#primaryimage"},"thumbnailUrl":"https:\/\/9staedte.de\/wp-content\/uploads\/2023\/02\/04-Stadtfuehrung-Altstadt-Fotograf-Stefan-Schiefer-Quelle-GOSLAR-marketing-gmbh.jpg","datePublished":"2023-11-02T08:47:42+00:00","dateModified":"2024-05-08T09:08:53+00:00","breadcrumb":{"@id":"https:\/\/9staedte.de\/pl\/goslar-miejsce-swiatowego-dziedzictwa-w-gorach-harz\/wycieczki-z-przewodnikiem-po-goslar\/#breadcrumb"},"inLanguage":"pl-PL","potentialAction":[{"@type":"ReadAction","target":["https:\/\/9staedte.de\/pl\/goslar-miejsce-swiatowego-dziedzictwa-w-gorach-harz\/wycieczki-z-przewodnikiem-po-goslar\/"]}]},{"@type":"ImageObject","inLanguage":"pl-PL","@id":"https:\/\/9staedte.de\/pl\/goslar-miejsce-swiatowego-dziedzictwa-w-gorach-harz\/wycieczki-z-przewodnikiem-po-goslar\/#primaryimage","url":"https:\/\/9staedte.de\/wp-content\/uploads\/2023\/02\/04-Stadtfuehrung-Altstadt-Fotograf-Stefan-Schiefer-Quelle-GOSLAR-marketing-gmbh.jpg","contentUrl":"https:\/\/9staedte.de\/wp-content\/uploads\/2023\/02\/04-Stadtfuehrung-Altstadt-Fotograf-Stefan-Schiefer-Quelle-GOSLAR-marketing-gmbh.jpg","width":1020,"height":560,"caption":"Stadtf\u00fchrung Altstadt Goslar Fotograf Stefan Schiefer Quelle GOSLAR marketing gmbh"},{"@type":"BreadcrumbList","@id":"https:\/\/9staedte.de\/pl\/goslar-miejsce-swiatowego-dziedzictwa-w-gorach-harz\/wycieczki-z-przewodnikiem-po-goslar\/#breadcrumb","itemListElement":[{"@type":"ListItem","position":1,"name":"Startseite","item":"https:\/\/9staedte.de\/pl\/"},{"@type":"ListItem","position":2,"name":"Goslar &#8211; miejsce \u015bwiatowego dziedzictwa w g\u00f3rach Harz","item":"https:\/\/9staedte.de\/pl\/goslar-miejsce-swiatowego-dziedzictwa-w-gorach-harz\/"},{"@type":"ListItem","position":3,"name":"Wycieczki z przewodnikiem po Goslar"}]},{"@type":"WebSite","@id":"https:\/\/9staedte.de\/pl\/#website","url":"https:\/\/9staedte.de\/pl\/","name":"9 St\u00e4dte in Niedersachsen","description":"","publisher":{"@id":"https:\/\/9staedte.de\/pl\/#organization"},"potentialAction":[{"@type":"SearchAction","target":{"@type":"EntryPoint","urlTemplate":"https:\/\/9staedte.de\/pl\/?s={search_term_string}"},"query-input":{"@type":"PropertyValueSpecification","valueRequired":true,"valueName":"search_term_string"}}],"inLanguage":"pl-PL"},{"@type":"Organization","@id":"https:\/\/9staedte.de\/pl\/#organization","name":"9 St\u00e4dte in Niedersachsen","url":"https:\/\/9staedte.de\/pl\/","logo":{"@type":"ImageObject","inLanguage":"pl-PL","@id":"https:\/\/9staedte.de\/pl\/#\/schema\/logo\/image\/","url":"https:\/\/9staedte.de\/wp-content\/uploads\/2025\/01\/9-neg-deutsch-2-1.png","contentUrl":"https:\/\/9staedte.de\/wp-content\/uploads\/2025\/01\/9-neg-deutsch-2-1.png","width":190,"height":114,"caption":"9 St\u00e4dte in Niedersachsen"},"image":{"@id":"https:\/\/9staedte.de\/pl\/#\/schema\/logo\/image\/"}}]}},"_links":{"self":[{"href":"https:\/\/9staedte.de\/pl\/wp-json\/wp\/v2\/pages\/17181","targetHints":{"allow":["GET"]}}],"collection":[{"href":"https:\/\/9staedte.de\/pl\/wp-json\/wp\/v2\/pages"}],"about":[{"href":"https:\/\/9staedte.de\/pl\/wp-json\/wp\/v2\/types\/page"}],"author":[{"embeddable":true,"href":"https:\/\/9staedte.de\/pl\/wp-json\/wp\/v2\/users\/1"}],"replies":[{"embeddable":true,"href":"https:\/\/9staedte.de\/pl\/wp-json\/wp\/v2\/comments?post=17181"}],"version-history":[{"count":2,"href":"https:\/\/9staedte.de\/pl\/wp-json\/wp\/v2\/pages\/17181\/revisions"}],"predecessor-version":[{"id":22230,"href":"https:\/\/9staedte.de\/pl\/wp-json\/wp\/v2\/pages\/17181\/revisions\/22230"}],"up":[{"embeddable":true,"href":"https:\/\/9staedte.de\/pl\/wp-json\/wp\/v2\/pages\/17961"}],"wp:featuredmedia":[{"embeddable":true,"href":"https:\/\/9staedte.de\/pl\/wp-json\/wp\/v2\/media\/17194"}],"wp:attachment":[{"href":"https:\/\/9staedte.de\/pl\/wp-json\/wp\/v2\/media?parent=17181"}],"wp:term":[{"taxonomy":"category","embeddable":true,"href":"https:\/\/9staedte.de\/pl\/wp-json\/wp\/v2\/categories?post=17181"},{"taxonomy":"post_tag","embeddable":true,"href":"https:\/\/9staedte.de\/pl\/wp-json\/wp\/v2\/tags?post=17181"},{"taxonomy":"ncap_cities_tax","embeddable":true,"href":"https:\/\/9staedte.de\/pl\/wp-json\/wp\/v2\/ncap_cities_tax?post=17181"}],"curies":[{"name":"wp","href":"https:\/\/api.w.org\/{rel}","templated":true}]}}