{"id":17180,"date":"2023-11-02T09:47:42","date_gmt":"2023-11-02T08:47:42","guid":{"rendered":"https:\/\/9staedte.de\/hamelin-odkrywaj-w-sposob-zrownowazony\/"},"modified":"2025-02-18T16:47:57","modified_gmt":"2025-02-18T15:47:57","slug":"hamelin-odkrywaj-w-sposob-zrownowazony","status":"publish","type":"page","link":"https:\/\/9staedte.de\/pl\/hamelin-legendarne-miasto-pied-piper\/hamelin-odkrywaj-w-sposob-zrownowazony\/","title":{"rendered":"Hameln &#8211; odkrywaj w spos\u00f3b zr\u00f3wnowa\u017cony"},"content":{"rendered":"\n<p>Zwiedzaj Pied Piper City w modny i zr\u00f3wnowa\u017cony spos\u00f3b za pomoc\u0105 hulajnogi elektrycznej lub Segwaya, spaceruj po cotygodniowym targu lub pi\u0119knym starym mie\u015bcie z ma\u0142ymi butikami lub poznaj okolic\u0119 z innej perspektywy na dw\u00f3ch k\u00f3\u0142kach. Skorzystaj z us\u0142ug Deutsche Bahn podczas podr\u00f3\u017cy. Czas podr\u00f3\u017cy S5 \/ S 51 z Hannover Hbf do Hameln wynosi od 38 do 45 minut, a z lotniska w Hanowerze 64 minuty. Z zachodu lub wschodu do Hameln mo\u017cna dojecha\u0107 kolej\u0105 Nordwestbahn. Wskaz\u00f3wka: &#8222;Niedersachsen-Ticket&#8221; kolei jest r\u00f3wnie\u017c wa\u017cny na przejazdy autobusowe w systemie transportu lokalnego Hameln-Pyrmont.<\/p>\n\n\n\n<p><\/p>\n\n\n\n\n<div class=\"banner-wrapper\">\n  <div class=\"banner-inner \">\n      <div class=\"img-container\">\n      <div class=\"img-wrapper\">\n        <img decoding=\"async\" src=\"https:\/\/9staedte.de\/wp-content\/smush-webp\/2023\/02\/EBike-HMT.jpg.webp\" alt=\"ANa zdj\u0119ciu wida\u0107 wiele rower\u00f3w elektrycznych. Stoj\u0105 w rz\u0119dzie. S\u0105 \u017c\u00f3\u0142to-zielone i czarne. Stoj\u0105 przed budynkiem z du\u017cymi oknami. Rowerami zarz\u0105dza informacja turystyczna w Hameln. Mo\u017cna je tam wypo\u017cyczy\u0107.\" \/>\n                  <div class=\"thumbnail-label\">\n            <span>EBike Tourist Info Hameln c) HMT<\/span>\n          <\/div>\n              <\/div>\n    <\/div>\n        <div class=\"text-container\">\n      <div class=\"content\">\n        <section class=\"opacity-on\">\n<article class=\"bg-cities\">\n<div class=\"content\">\n<h2>Odkryj Hamelin w spos\u00f3b zr\u00f3wnowa\u017cony: 9 wskaz\u00f3wek<\/h2>\n<p>&#8211; Wypo\u017cyczalnia rower\u00f3w elektrycznych: odkryj najpi\u0119kniejsze zak\u0105tki Weserbergland na jednym z naszych rower\u00f3w elektrycznych<\/p>\n<p>&#8211; Przejed\u017a si\u0119 po naszym historycznym starym mie\u015bcie na Segwayu i do\u015bwiadcz czystej mobilno\u015bci podczas wycieczki na \u0142ono natury.<\/p>\n<p>&#8211; W\u0119dr\u00f3wki po Hameln &#8211; pod g\u00f3r\u0119, w d\u00f3\u0142: zawsze dobry widok. Hameln i jego idylliczne dzielnice po\u0142o\u017cone s\u0105 na jednych z najg\u0119\u015bciej zalesionych wzg\u00f3rz w malowniczym regionie Weserbergland. Prawie jedna trzecia miasta jest zalesiona. Czyni to Hameln jednym z najg\u0119\u015bciej zalesionych miast w p\u00f3\u0142nocnych Niemczech.<\/p>\n<p>&#8211; Wycieczka kajakiem wzd\u0142u\u017c idyllicznego krajobrazu Wezery to idealne do\u015bwiadczenie, aby ponownie rozrusza\u0107 zm\u0119czone ko\u015bci<\/p>\n<p>&#8211; Poznaj wielowiekow\u0105 tradycj\u0119 sp\u0142ywu Wezer\u0105 podczas wycieczki tratw\u0105, pozwalaj\u0105c spojrzeniu w\u0119drowa\u0107 po mijanym krajobrazie Weserbergland.<\/p>\n<p>&#8211; Podziwiaj kolorow\u0105 r\u00f3\u017cnorodno\u015b\u0107 sezonowych produkt\u00f3w z regionalnych upraw podczas spaceru po cotygodniowym targu w Hameln. Cotygodniowy targ w Hameln na placu ratuszowym przyci\u0105ga odwiedzaj\u0105cych z bliska i daleka w ka\u017cd\u0105 \u015brod\u0119 i sobot\u0119 od 7 rano do 1 po po\u0142udniu.<\/p>\n<p>&#8211; W sklepie z pami\u0105tkami w centrum informacji turystycznej mo\u017cna znale\u017a\u0107 typowe pami\u0105tki z Hameln, takie jak szczury chlebowe lub zab\u00f3jcy szczur\u00f3w, a tak\u017ce produkty z regionu.<\/p>\n<p>&#8211; Budynek informacji turystycznej jest zoptymalizowanym energetycznie budynkiem solarnym. Oko\u0142o 150 metr\u00f3w kwadratowych modu\u0142\u00f3w fotowoltaicznych dostarcza energi\u0119 elektryczn\u0105, a tak\u017ce s\u0142u\u017cy jako statyczne zacienienie. Pr\u00f3\u017cniowe kolektory rurowe wspomagaj\u0105 system ogrzewania, kt\u00f3ry dzia\u0142a bez grzejnik\u00f3w i ogrzewa poprzez system wentylacji. \u015awie\u017ce powietrze jest klimatyzowane przez kana\u0142y ziemne. Budynek mo\u017ce by\u0107 postrzegany jako dom niskoenergetyczny, poniewa\u017c fotowoltaiczne i termiczne wykorzystanie energii s\u0142onecznej zosta\u0142o w widoczny i &#8222;namacalny&#8221; spos\u00f3b zintegrowane z koncepcj\u0105 budynku<\/p>\n<\/div>\n<\/article>\n<\/section>\n      <\/div>\n    <\/div>\n    <\/div>\n<\/div>\n\n","protected":false},"excerpt":{"rendered":"<p>Zwiedzaj Pied Piper City w modny i zr\u00f3wnowa\u017cony spos\u00f3b za pomoc\u0105 hulajnogi elektrycznej lub Segwaya, spaceruj po cotygodniowym targu lub pi\u0119knym starym mie\u015bcie z ma\u0142ymi butikami lub poznaj okolic\u0119 z innej perspektywy na dw\u00f3ch k\u00f3\u0142kach. Skorzystaj z us\u0142ug Deutsche Bahn podczas podr\u00f3\u017cy. Czas podr\u00f3\u017cy S5 \/ S 51 z Hannover Hbf do Hameln wynosi od [&hellip;]<\/p>\n","protected":false},"author":1,"featured_media":17195,"parent":17928,"menu_order":0,"comment_status":"closed","ping_status":"closed","template":"pagetemplates\/template-stadtthema.php","meta":{"_acf_changed":false,"footnotes":""},"categories":[],"tags":[],"ncap_cities_tax":[450,1011],"class_list":["post-17180","page","type-page","status-publish","has-post-thumbnail","hentry","ncap_cities_tax-hameln-pl","ncap_cities_tax-naturerlebnisse-und-nachhaltigkeit-hameln-pl"],"acf":[],"yoast_head":"<!-- This site is optimized with the Yoast SEO plugin v26.8 - https:\/\/yoast.com\/product\/yoast-seo-wordpress\/ -->\n<title>Hameln - odkrywaj w spos\u00f3b zr\u00f3wnowa\u017cony - 9 St\u00e4dte in Niedersachsen<\/title>\n<meta name=\"robots\" content=\"index, follow, max-snippet:-1, max-image-preview:large, max-video-preview:-1\" \/>\n<link rel=\"canonical\" href=\"https:\/\/9staedte.de\/pl\/hamelin-legendarne-miasto-pied-piper\/hamelin-odkrywaj-w-sposob-zrownowazony\/\" \/>\n<meta property=\"og:locale\" content=\"pl_PL\" \/>\n<meta property=\"og:type\" content=\"article\" \/>\n<meta property=\"og:title\" content=\"Hameln - odkrywaj w spos\u00f3b zr\u00f3wnowa\u017cony - 9 St\u00e4dte in Niedersachsen\" \/>\n<meta property=\"og:description\" content=\"Zwiedzaj Pied Piper City w modny i zr\u00f3wnowa\u017cony spos\u00f3b za pomoc\u0105 hulajnogi elektrycznej lub Segwaya, spaceruj po cotygodniowym targu lub pi\u0119knym starym mie\u015bcie z ma\u0142ymi butikami lub poznaj okolic\u0119 z innej perspektywy na dw\u00f3ch k\u00f3\u0142kach. Skorzystaj z us\u0142ug Deutsche Bahn podczas podr\u00f3\u017cy. Czas podr\u00f3\u017cy S5 \/ S 51 z Hannover Hbf do Hameln wynosi od [&hellip;]\" \/>\n<meta property=\"og:url\" content=\"https:\/\/9staedte.de\/pl\/hamelin-legendarne-miasto-pied-piper\/hamelin-odkrywaj-w-sposob-zrownowazony\/\" \/>\n<meta property=\"og:site_name\" content=\"9 St\u00e4dte in Niedersachsen\" \/>\n<meta property=\"article:modified_time\" content=\"2025-02-18T15:47:57+00:00\" \/>\n<meta property=\"og:image\" content=\"https:\/\/9staedte.de\/wp-content\/uploads\/2023\/02\/Kanu_auf_der_Weser-c-HMT.jpg\" \/>\n\t<meta property=\"og:image:width\" content=\"1020\" \/>\n\t<meta property=\"og:image:height\" content=\"560\" \/>\n\t<meta property=\"og:image:type\" content=\"image\/jpeg\" \/>\n<meta name=\"twitter:card\" content=\"summary_large_image\" \/>\n<meta name=\"twitter:label1\" content=\"Szacowany czas czytania\" \/>\n\t<meta name=\"twitter:data1\" content=\"1 minuta\" \/>\n<script type=\"application\/ld+json\" class=\"yoast-schema-graph\">{\"@context\":\"https:\/\/schema.org\",\"@graph\":[{\"@type\":\"WebPage\",\"@id\":\"https:\/\/9staedte.de\/pl\/hamelin-legendarne-miasto-pied-piper\/hamelin-odkrywaj-w-sposob-zrownowazony\/\",\"url\":\"https:\/\/9staedte.de\/pl\/hamelin-legendarne-miasto-pied-piper\/hamelin-odkrywaj-w-sposob-zrownowazony\/\",\"name\":\"Hameln - odkrywaj w spos\u00f3b zr\u00f3wnowa\u017cony - 9 St\u00e4dte in Niedersachsen\",\"isPartOf\":{\"@id\":\"https:\/\/9staedte.de\/pl\/#website\"},\"primaryImageOfPage\":{\"@id\":\"https:\/\/9staedte.de\/pl\/hamelin-legendarne-miasto-pied-piper\/hamelin-odkrywaj-w-sposob-zrownowazony\/#primaryimage\"},\"image\":{\"@id\":\"https:\/\/9staedte.de\/pl\/hamelin-legendarne-miasto-pied-piper\/hamelin-odkrywaj-w-sposob-zrownowazony\/#primaryimage\"},\"thumbnailUrl\":\"https:\/\/9staedte.de\/wp-content\/uploads\/2023\/02\/Kanu_auf_der_Weser-c-HMT.jpg\",\"datePublished\":\"2023-11-02T08:47:42+00:00\",\"dateModified\":\"2025-02-18T15:47:57+00:00\",\"breadcrumb\":{\"@id\":\"https:\/\/9staedte.de\/pl\/hamelin-legendarne-miasto-pied-piper\/hamelin-odkrywaj-w-sposob-zrownowazony\/#breadcrumb\"},\"inLanguage\":\"pl-PL\",\"potentialAction\":[{\"@type\":\"ReadAction\",\"target\":[\"https:\/\/9staedte.de\/pl\/hamelin-legendarne-miasto-pied-piper\/hamelin-odkrywaj-w-sposob-zrownowazony\/\"]}]},{\"@type\":\"ImageObject\",\"inLanguage\":\"pl-PL\",\"@id\":\"https:\/\/9staedte.de\/pl\/hamelin-legendarne-miasto-pied-piper\/hamelin-odkrywaj-w-sposob-zrownowazony\/#primaryimage\",\"url\":\"https:\/\/9staedte.de\/wp-content\/uploads\/2023\/02\/Kanu_auf_der_Weser-c-HMT.jpg\",\"contentUrl\":\"https:\/\/9staedte.de\/wp-content\/uploads\/2023\/02\/Kanu_auf_der_Weser-c-HMT.jpg\",\"width\":1020,\"height\":560,\"caption\":\"Kanu_auf_der_Weser c) HMT\"},{\"@type\":\"BreadcrumbList\",\"@id\":\"https:\/\/9staedte.de\/pl\/hamelin-legendarne-miasto-pied-piper\/hamelin-odkrywaj-w-sposob-zrownowazony\/#breadcrumb\",\"itemListElement\":[{\"@type\":\"ListItem\",\"position\":1,\"name\":\"Startseite\",\"item\":\"https:\/\/9staedte.de\/pl\/\"},{\"@type\":\"ListItem\",\"position\":2,\"name\":\"Hameln &#8211; legendarne miasto Pied Piper\",\"item\":\"https:\/\/9staedte.de\/pl\/hamelin-legendarne-miasto-pied-piper\/\"},{\"@type\":\"ListItem\",\"position\":3,\"name\":\"Hameln &#8211; odkrywaj w spos\u00f3b zr\u00f3wnowa\u017cony\"}]},{\"@type\":\"WebSite\",\"@id\":\"https:\/\/9staedte.de\/pl\/#website\",\"url\":\"https:\/\/9staedte.de\/pl\/\",\"name\":\"9 St\u00e4dte in Niedersachsen\",\"description\":\"\",\"publisher\":{\"@id\":\"https:\/\/9staedte.de\/pl\/#organization\"},\"potentialAction\":[{\"@type\":\"SearchAction\",\"target\":{\"@type\":\"EntryPoint\",\"urlTemplate\":\"https:\/\/9staedte.de\/pl\/?s={search_term_string}\"},\"query-input\":{\"@type\":\"PropertyValueSpecification\",\"valueRequired\":true,\"valueName\":\"search_term_string\"}}],\"inLanguage\":\"pl-PL\"},{\"@type\":\"Organization\",\"@id\":\"https:\/\/9staedte.de\/pl\/#organization\",\"name\":\"9 St\u00e4dte in Niedersachsen\",\"url\":\"https:\/\/9staedte.de\/pl\/\",\"logo\":{\"@type\":\"ImageObject\",\"inLanguage\":\"pl-PL\",\"@id\":\"https:\/\/9staedte.de\/pl\/#\/schema\/logo\/image\/\",\"url\":\"https:\/\/9staedte.de\/wp-content\/uploads\/2025\/01\/9-neg-deutsch-2-1.png\",\"contentUrl\":\"https:\/\/9staedte.de\/wp-content\/uploads\/2025\/01\/9-neg-deutsch-2-1.png\",\"width\":190,\"height\":114,\"caption\":\"9 St\u00e4dte in Niedersachsen\"},\"image\":{\"@id\":\"https:\/\/9staedte.de\/pl\/#\/schema\/logo\/image\/\"}}]}<\/script>\n<!-- \/ Yoast SEO plugin. -->","yoast_head_json":{"title":"Hameln - odkrywaj w spos\u00f3b zr\u00f3wnowa\u017cony - 9 St\u00e4dte in Niedersachsen","robots":{"index":"index","follow":"follow","max-snippet":"max-snippet:-1","max-image-preview":"max-image-preview:large","max-video-preview":"max-video-preview:-1"},"canonical":"https:\/\/9staedte.de\/pl\/hamelin-legendarne-miasto-pied-piper\/hamelin-odkrywaj-w-sposob-zrownowazony\/","og_locale":"pl_PL","og_type":"article","og_title":"Hameln - odkrywaj w spos\u00f3b zr\u00f3wnowa\u017cony - 9 St\u00e4dte in Niedersachsen","og_description":"Zwiedzaj Pied Piper City w modny i zr\u00f3wnowa\u017cony spos\u00f3b za pomoc\u0105 hulajnogi elektrycznej lub Segwaya, spaceruj po cotygodniowym targu lub pi\u0119knym starym mie\u015bcie z ma\u0142ymi butikami lub poznaj okolic\u0119 z innej perspektywy na dw\u00f3ch k\u00f3\u0142kach. Skorzystaj z us\u0142ug Deutsche Bahn podczas podr\u00f3\u017cy. Czas podr\u00f3\u017cy S5 \/ S 51 z Hannover Hbf do Hameln wynosi od [&hellip;]","og_url":"https:\/\/9staedte.de\/pl\/hamelin-legendarne-miasto-pied-piper\/hamelin-odkrywaj-w-sposob-zrownowazony\/","og_site_name":"9 St\u00e4dte in Niedersachsen","article_modified_time":"2025-02-18T15:47:57+00:00","og_image":[{"width":1020,"height":560,"url":"https:\/\/9staedte.de\/wp-content\/uploads\/2023\/02\/Kanu_auf_der_Weser-c-HMT.jpg","type":"image\/jpeg"}],"twitter_card":"summary_large_image","twitter_misc":{"Szacowany czas czytania":"1 minuta"},"schema":{"@context":"https:\/\/schema.org","@graph":[{"@type":"WebPage","@id":"https:\/\/9staedte.de\/pl\/hamelin-legendarne-miasto-pied-piper\/hamelin-odkrywaj-w-sposob-zrownowazony\/","url":"https:\/\/9staedte.de\/pl\/hamelin-legendarne-miasto-pied-piper\/hamelin-odkrywaj-w-sposob-zrownowazony\/","name":"Hameln - odkrywaj w spos\u00f3b zr\u00f3wnowa\u017cony - 9 St\u00e4dte in Niedersachsen","isPartOf":{"@id":"https:\/\/9staedte.de\/pl\/#website"},"primaryImageOfPage":{"@id":"https:\/\/9staedte.de\/pl\/hamelin-legendarne-miasto-pied-piper\/hamelin-odkrywaj-w-sposob-zrownowazony\/#primaryimage"},"image":{"@id":"https:\/\/9staedte.de\/pl\/hamelin-legendarne-miasto-pied-piper\/hamelin-odkrywaj-w-sposob-zrownowazony\/#primaryimage"},"thumbnailUrl":"https:\/\/9staedte.de\/wp-content\/uploads\/2023\/02\/Kanu_auf_der_Weser-c-HMT.jpg","datePublished":"2023-11-02T08:47:42+00:00","dateModified":"2025-02-18T15:47:57+00:00","breadcrumb":{"@id":"https:\/\/9staedte.de\/pl\/hamelin-legendarne-miasto-pied-piper\/hamelin-odkrywaj-w-sposob-zrownowazony\/#breadcrumb"},"inLanguage":"pl-PL","potentialAction":[{"@type":"ReadAction","target":["https:\/\/9staedte.de\/pl\/hamelin-legendarne-miasto-pied-piper\/hamelin-odkrywaj-w-sposob-zrownowazony\/"]}]},{"@type":"ImageObject","inLanguage":"pl-PL","@id":"https:\/\/9staedte.de\/pl\/hamelin-legendarne-miasto-pied-piper\/hamelin-odkrywaj-w-sposob-zrownowazony\/#primaryimage","url":"https:\/\/9staedte.de\/wp-content\/uploads\/2023\/02\/Kanu_auf_der_Weser-c-HMT.jpg","contentUrl":"https:\/\/9staedte.de\/wp-content\/uploads\/2023\/02\/Kanu_auf_der_Weser-c-HMT.jpg","width":1020,"height":560,"caption":"Kanu_auf_der_Weser c) HMT"},{"@type":"BreadcrumbList","@id":"https:\/\/9staedte.de\/pl\/hamelin-legendarne-miasto-pied-piper\/hamelin-odkrywaj-w-sposob-zrownowazony\/#breadcrumb","itemListElement":[{"@type":"ListItem","position":1,"name":"Startseite","item":"https:\/\/9staedte.de\/pl\/"},{"@type":"ListItem","position":2,"name":"Hameln &#8211; legendarne miasto Pied Piper","item":"https:\/\/9staedte.de\/pl\/hamelin-legendarne-miasto-pied-piper\/"},{"@type":"ListItem","position":3,"name":"Hameln &#8211; odkrywaj w spos\u00f3b zr\u00f3wnowa\u017cony"}]},{"@type":"WebSite","@id":"https:\/\/9staedte.de\/pl\/#website","url":"https:\/\/9staedte.de\/pl\/","name":"9 St\u00e4dte in Niedersachsen","description":"","publisher":{"@id":"https:\/\/9staedte.de\/pl\/#organization"},"potentialAction":[{"@type":"SearchAction","target":{"@type":"EntryPoint","urlTemplate":"https:\/\/9staedte.de\/pl\/?s={search_term_string}"},"query-input":{"@type":"PropertyValueSpecification","valueRequired":true,"valueName":"search_term_string"}}],"inLanguage":"pl-PL"},{"@type":"Organization","@id":"https:\/\/9staedte.de\/pl\/#organization","name":"9 St\u00e4dte in Niedersachsen","url":"https:\/\/9staedte.de\/pl\/","logo":{"@type":"ImageObject","inLanguage":"pl-PL","@id":"https:\/\/9staedte.de\/pl\/#\/schema\/logo\/image\/","url":"https:\/\/9staedte.de\/wp-content\/uploads\/2025\/01\/9-neg-deutsch-2-1.png","contentUrl":"https:\/\/9staedte.de\/wp-content\/uploads\/2025\/01\/9-neg-deutsch-2-1.png","width":190,"height":114,"caption":"9 St\u00e4dte in Niedersachsen"},"image":{"@id":"https:\/\/9staedte.de\/pl\/#\/schema\/logo\/image\/"}}]}},"_links":{"self":[{"href":"https:\/\/9staedte.de\/pl\/wp-json\/wp\/v2\/pages\/17180","targetHints":{"allow":["GET"]}}],"collection":[{"href":"https:\/\/9staedte.de\/pl\/wp-json\/wp\/v2\/pages"}],"about":[{"href":"https:\/\/9staedte.de\/pl\/wp-json\/wp\/v2\/types\/page"}],"author":[{"embeddable":true,"href":"https:\/\/9staedte.de\/pl\/wp-json\/wp\/v2\/users\/1"}],"replies":[{"embeddable":true,"href":"https:\/\/9staedte.de\/pl\/wp-json\/wp\/v2\/comments?post=17180"}],"version-history":[{"count":4,"href":"https:\/\/9staedte.de\/pl\/wp-json\/wp\/v2\/pages\/17180\/revisions"}],"predecessor-version":[{"id":24846,"href":"https:\/\/9staedte.de\/pl\/wp-json\/wp\/v2\/pages\/17180\/revisions\/24846"}],"up":[{"embeddable":true,"href":"https:\/\/9staedte.de\/pl\/wp-json\/wp\/v2\/pages\/17928"}],"wp:featuredmedia":[{"embeddable":true,"href":"https:\/\/9staedte.de\/pl\/wp-json\/wp\/v2\/media\/17195"}],"wp:attachment":[{"href":"https:\/\/9staedte.de\/pl\/wp-json\/wp\/v2\/media?parent=17180"}],"wp:term":[{"taxonomy":"category","embeddable":true,"href":"https:\/\/9staedte.de\/pl\/wp-json\/wp\/v2\/categories?post=17180"},{"taxonomy":"post_tag","embeddable":true,"href":"https:\/\/9staedte.de\/pl\/wp-json\/wp\/v2\/tags?post=17180"},{"taxonomy":"ncap_cities_tax","embeddable":true,"href":"https:\/\/9staedte.de\/pl\/wp-json\/wp\/v2\/ncap_cities_tax?post=17180"}],"curies":[{"name":"wp","href":"https:\/\/api.w.org\/{rel}","templated":true}]}}