{"id":17175,"date":"2023-11-02T09:47:41","date_gmt":"2023-11-02T08:47:41","guid":{"rendered":"https:\/\/9staedte.de\/hanower-odkrywaj-w-sposob-zrownowazony\/"},"modified":"2024-03-21T14:41:24","modified_gmt":"2024-03-21T13:41:24","slug":"hanower-odkrywaj-w-sposob-zrownowazony","status":"publish","type":"page","link":"https:\/\/9staedte.de\/pl\/hanower-stolica-dolnej-saksonii\/hanower-odkrywaj-w-sposob-zrownowazony\/","title":{"rendered":"Hanower &#8211; odkrywaj w spos\u00f3b zr\u00f3wnowa\u017cony"},"content":{"rendered":"\n<h2 class=\"wp-block-heading\">Hanower: zielony i przyjazny do \u017cycia<\/h2>\n\n\n\n<p>W 2018 r. Hanower zosta\u0142 uznany za najbardziej zr\u00f3wnowa\u017cone du\u017ce miasto w Niemczech i otrzyma\u0142 Niemieck\u0105 Nagrod\u0119 Zr\u00f3wnowa\u017conego Rozwoju. Jako\u015b\u0107 \u017cycia w mie\u015bcie jest odpowiednio wysoka. Ziele\u0144 bez ko\u0144ca mo\u017cna znale\u017a\u0107 w Eilenriede, najwi\u0119kszym lesie miejskim w Europie, ogrodach Herrenhausen i wok\u00f3\u0142 rzek Leine i Ihme, kana\u0142u Mittelland lub Maschsee. Liczne \u015bcie\u017cki rowerowe i dobrze rozwini\u0119ta sie\u0107 transportu lokalnego sprawiaj\u0105, \u017ce w Hanowerze \u0142atwo jest porusza\u0107 si\u0119 w spos\u00f3b zr\u00f3wnowa\u017cony. Hanower oferuje wspania\u0142e mo\u017cliwo\u015bci wycieczek rowerowych w mie\u015bcie i oczywi\u015bcie w regionie. Wycieczki kajakowe pozwalaj\u0105 odkrywa\u0107 miasto z wody. Szczeg\u00f3lnie w dzielnicach znajduje si\u0119 wiele ma\u0142ych sklep\u00f3w i restauracji z regionalnymi, zr\u00f3wnowa\u017conymi i uczciwymi ofertami.<\/p>\n\n\n\n<p>Hanower jest wa\u017cnym w\u0119z\u0142em transportowym w Europie. Dzi\u0119ki szybkim po\u0142\u0105czeniom ICE we wszystkich kierunkach, podr\u00f3\u017c poci\u0105giem jest jedn\u0105 z najwygodniejszych i oczywi\u015bcie zr\u00f3wnowa\u017conych opcji.<\/p>\n\n\n\n\n<div class=\"banner-wrapper\">\n  <div class=\"banner-inner \">\n      <div class=\"img-container\">\n      <div class=\"img-wrapper\">\n        <img decoding=\"async\" src=\"https:\/\/9staedte.de\/wp-content\/smush-webp\/2022\/06\/Hannover-Neues-Leineufer-c-HMTG-Christian-Wyrwa1.jpg.webp\" alt=\"Na zdj\u0119ciu wida\u0107 brzeg rzeki Leine w Hanowerze. Po lewej stronie jest restauracja z tarasem. Ludzie jedz\u0105 i pij\u0105. Po prawej stronie p\u0142ynie rzeka Leine. Na wodzie s\u0105 dwa kajaki z m\u0142odymi lud\u017ami. \u015awieci s\u0142o\u0144ce, jest ciep\u0142o. To \u0142adny letni dzie\u0144. Atmosfera jest spokojna i radosna.\" \/>\n                  <div class=\"thumbnail-label\">\n            <span>Hannover, DEU, 21.08.2019 Hohes Ufer\r\n\r\n\r\n. [ Fotos: Christian Wyrwa, Diplom-Foto-Designer (FH),  Burgwedeler Str. 91D , 30916 Isernhagen (bei Hannover), Germany, E-Mail: info@wyrwa-foto.de,  Tel: +49-511-3945254, Fax:+49-511-1233545, Mobil: +49-171-8340094, Dieses Lichtbildwerk ist gesetzlich geschuetzt. CC0 Nachdruck, honorarfrei gegen Autorennennung.: &#8222;Foto: Christian Wyrwa&#8221; , kein Modelrelease vorhanden, no modelrelease]<\/span>\n          <\/div>\n              <\/div>\n    <\/div>\n        <div class=\"text-container\">\n      <div class=\"content\">\n        <h2>Odkryj Hanower w zr\u00f3wnowa\u017cony spos\u00f3b: 9 wskaz\u00f3wek<\/h2>\n<p>&#8211; W Hanowerze i regionie znajduje si\u0119 oko\u0142o 1000 kilometr\u00f3w \u015bcie\u017cek rowerowych<\/p>\n<p>&#8211; HannoverCard: odkryj wiele zabytk\u00f3w w Hanowerze i regionie w spos\u00f3b zr\u00f3wnowa\u017cony, korzystaj\u0105c z transportu publicznego.<\/p>\n<p>&#8211; Cotygodniowe targi z regionalnymi, sezonowymi i ekologicznymi produktami w wielu dzielnicach<\/p>\n<p>&#8211; Hannoccino: hanowerski kubek wielokrotnego u\u017cytku do napoj\u00f3w na wynos.<\/p>\n<p>&#8211; Kawiarnie, restauracje i sklepy z ekologiczn\u0105 i zr\u00f3wnowa\u017con\u0105 ofert\u0105 w modnej dzielnicy Linden<\/p>\n<p>&#8211; Gie\u0142da upcyklingowa w Glocksee<\/p>\n<p>&#8211; Mobilno\u015b\u0107 na wodzie: wios\u0142owanie, wios\u0142owanie lub p\u0142ywanie na rowerze wodnym po Maschsee, wycieczki kajakowe po Ihme i Leine.<\/p>\n<p>&#8211; Wygodna rezerwacja us\u0142ugi wsp\u00f3lnych przejazd\u00f3w sp\u00f3\u0142ki zale\u017cnej VW Moja za po\u015brednictwem aplikacji.<\/p>\n<p>&#8211; Broszura <a href=\"https:\/\/www.visit-hannover.com\/Media\/01-DATA-Neu\/Downloads\/HMTG\/Imagebrosch%C3%BCren\/Hannover-Living-nachhaltig-unterwegs\">&#8222;Hannover inside &#8211; podr\u00f3\u017cowanie w spos\u00f3b zr\u00f3wnowa\u017cony&#8221;<\/a> z wieloma innymi wskaz\u00f3wkami.<\/p>\n      <\/div>\n    <\/div>\n    <\/div>\n<\/div>\n\n","protected":false},"excerpt":{"rendered":"<p>Hanower: zielony i przyjazny do \u017cycia W 2018 r. Hanower zosta\u0142 uznany za najbardziej zr\u00f3wnowa\u017cone du\u017ce miasto w Niemczech i otrzyma\u0142 Niemieck\u0105 Nagrod\u0119 Zr\u00f3wnowa\u017conego Rozwoju. Jako\u015b\u0107 \u017cycia w mie\u015bcie jest odpowiednio wysoka. Ziele\u0144 bez ko\u0144ca mo\u017cna znale\u017a\u0107 w Eilenriede, najwi\u0119kszym lesie miejskim w Europie, ogrodach Herrenhausen i wok\u00f3\u0142 rzek Leine i Ihme, kana\u0142u Mittelland lub [&hellip;]<\/p>\n","protected":false},"author":1,"featured_media":17182,"parent":18029,"menu_order":0,"comment_status":"closed","ping_status":"closed","template":"pagetemplates\/template-stadtthema.php","meta":{"_acf_changed":false,"footnotes":""},"categories":[],"tags":[],"ncap_cities_tax":[458,1039],"class_list":["post-17175","page","type-page","status-publish","has-post-thumbnail","hentry","ncap_cities_tax-hannover-pl","ncap_cities_tax-naturerlebnisse-und-nachhaltigkeit-hannover-pl"],"acf":[],"yoast_head":"<!-- This site is optimized with the Yoast SEO plugin v26.8 - https:\/\/yoast.com\/product\/yoast-seo-wordpress\/ -->\n<title>Hanower - odkrywaj w spos\u00f3b zr\u00f3wnowa\u017cony - 9 St\u00e4dte in Niedersachsen<\/title>\n<meta name=\"robots\" content=\"index, follow, max-snippet:-1, max-image-preview:large, max-video-preview:-1\" \/>\n<link rel=\"canonical\" href=\"https:\/\/9staedte.de\/pl\/hanower-stolica-dolnej-saksonii\/hanower-odkrywaj-w-sposob-zrownowazony\/\" \/>\n<meta property=\"og:locale\" content=\"pl_PL\" \/>\n<meta property=\"og:type\" content=\"article\" \/>\n<meta property=\"og:title\" content=\"Hanower - odkrywaj w spos\u00f3b zr\u00f3wnowa\u017cony - 9 St\u00e4dte in Niedersachsen\" \/>\n<meta property=\"og:description\" content=\"Hanower: zielony i przyjazny do \u017cycia W 2018 r. Hanower zosta\u0142 uznany za najbardziej zr\u00f3wnowa\u017cone du\u017ce miasto w Niemczech i otrzyma\u0142 Niemieck\u0105 Nagrod\u0119 Zr\u00f3wnowa\u017conego Rozwoju. Jako\u015b\u0107 \u017cycia w mie\u015bcie jest odpowiednio wysoka. Ziele\u0144 bez ko\u0144ca mo\u017cna znale\u017a\u0107 w Eilenriede, najwi\u0119kszym lesie miejskim w Europie, ogrodach Herrenhausen i wok\u00f3\u0142 rzek Leine i Ihme, kana\u0142u Mittelland lub [&hellip;]\" \/>\n<meta property=\"og:url\" content=\"https:\/\/9staedte.de\/pl\/hanower-stolica-dolnej-saksonii\/hanower-odkrywaj-w-sposob-zrownowazony\/\" \/>\n<meta property=\"og:site_name\" content=\"9 St\u00e4dte in Niedersachsen\" \/>\n<meta property=\"article:modified_time\" content=\"2024-03-21T13:41:24+00:00\" \/>\n<meta property=\"og:image\" content=\"https:\/\/9staedte.de\/wp-content\/uploads\/2023\/03\/Green-Hannover-c-HMTG-Sebastian-Grote.jpg\" \/>\n\t<meta property=\"og:image:width\" content=\"1020\" \/>\n\t<meta property=\"og:image:height\" content=\"560\" \/>\n\t<meta property=\"og:image:type\" content=\"image\/jpeg\" \/>\n<meta name=\"twitter:card\" content=\"summary_large_image\" \/>\n<meta name=\"twitter:label1\" content=\"Szacowany czas czytania\" \/>\n\t<meta name=\"twitter:data1\" content=\"1 minuta\" \/>\n<script type=\"application\/ld+json\" class=\"yoast-schema-graph\">{\"@context\":\"https:\/\/schema.org\",\"@graph\":[{\"@type\":\"WebPage\",\"@id\":\"https:\/\/9staedte.de\/pl\/hanower-stolica-dolnej-saksonii\/hanower-odkrywaj-w-sposob-zrownowazony\/\",\"url\":\"https:\/\/9staedte.de\/pl\/hanower-stolica-dolnej-saksonii\/hanower-odkrywaj-w-sposob-zrownowazony\/\",\"name\":\"Hanower - odkrywaj w spos\u00f3b zr\u00f3wnowa\u017cony - 9 St\u00e4dte in Niedersachsen\",\"isPartOf\":{\"@id\":\"https:\/\/9staedte.de\/pl\/#website\"},\"primaryImageOfPage\":{\"@id\":\"https:\/\/9staedte.de\/pl\/hanower-stolica-dolnej-saksonii\/hanower-odkrywaj-w-sposob-zrownowazony\/#primaryimage\"},\"image\":{\"@id\":\"https:\/\/9staedte.de\/pl\/hanower-stolica-dolnej-saksonii\/hanower-odkrywaj-w-sposob-zrownowazony\/#primaryimage\"},\"thumbnailUrl\":\"https:\/\/9staedte.de\/wp-content\/uploads\/2023\/03\/Green-Hannover-c-HMTG-Sebastian-Grote.jpg\",\"datePublished\":\"2023-11-02T08:47:41+00:00\",\"dateModified\":\"2024-03-21T13:41:24+00:00\",\"breadcrumb\":{\"@id\":\"https:\/\/9staedte.de\/pl\/hanower-stolica-dolnej-saksonii\/hanower-odkrywaj-w-sposob-zrownowazony\/#breadcrumb\"},\"inLanguage\":\"pl-PL\",\"potentialAction\":[{\"@type\":\"ReadAction\",\"target\":[\"https:\/\/9staedte.de\/pl\/hanower-stolica-dolnej-saksonii\/hanower-odkrywaj-w-sposob-zrownowazony\/\"]}]},{\"@type\":\"ImageObject\",\"inLanguage\":\"pl-PL\",\"@id\":\"https:\/\/9staedte.de\/pl\/hanower-stolica-dolnej-saksonii\/hanower-odkrywaj-w-sposob-zrownowazony\/#primaryimage\",\"url\":\"https:\/\/9staedte.de\/wp-content\/uploads\/2023\/03\/Green-Hannover-c-HMTG-Sebastian-Grote.jpg\",\"contentUrl\":\"https:\/\/9staedte.de\/wp-content\/uploads\/2023\/03\/Green-Hannover-c-HMTG-Sebastian-Grote.jpg\",\"width\":1020,\"height\":560,\"caption\":\"Green Hannover c) HMTG Sebastian Grote\"},{\"@type\":\"BreadcrumbList\",\"@id\":\"https:\/\/9staedte.de\/pl\/hanower-stolica-dolnej-saksonii\/hanower-odkrywaj-w-sposob-zrownowazony\/#breadcrumb\",\"itemListElement\":[{\"@type\":\"ListItem\",\"position\":1,\"name\":\"Startseite\",\"item\":\"https:\/\/9staedte.de\/pl\/\"},{\"@type\":\"ListItem\",\"position\":2,\"name\":\"Hanower &#8211; stolica Dolnej Saksonii\",\"item\":\"https:\/\/9staedte.de\/pl\/hanower-stolica-dolnej-saksonii\/\"},{\"@type\":\"ListItem\",\"position\":3,\"name\":\"Hanower &#8211; odkrywaj w spos\u00f3b zr\u00f3wnowa\u017cony\"}]},{\"@type\":\"WebSite\",\"@id\":\"https:\/\/9staedte.de\/pl\/#website\",\"url\":\"https:\/\/9staedte.de\/pl\/\",\"name\":\"9 St\u00e4dte in Niedersachsen\",\"description\":\"\",\"publisher\":{\"@id\":\"https:\/\/9staedte.de\/pl\/#organization\"},\"potentialAction\":[{\"@type\":\"SearchAction\",\"target\":{\"@type\":\"EntryPoint\",\"urlTemplate\":\"https:\/\/9staedte.de\/pl\/?s={search_term_string}\"},\"query-input\":{\"@type\":\"PropertyValueSpecification\",\"valueRequired\":true,\"valueName\":\"search_term_string\"}}],\"inLanguage\":\"pl-PL\"},{\"@type\":\"Organization\",\"@id\":\"https:\/\/9staedte.de\/pl\/#organization\",\"name\":\"9 St\u00e4dte in Niedersachsen\",\"url\":\"https:\/\/9staedte.de\/pl\/\",\"logo\":{\"@type\":\"ImageObject\",\"inLanguage\":\"pl-PL\",\"@id\":\"https:\/\/9staedte.de\/pl\/#\/schema\/logo\/image\/\",\"url\":\"https:\/\/9staedte.de\/wp-content\/uploads\/2025\/01\/9-neg-deutsch-2-1.png\",\"contentUrl\":\"https:\/\/9staedte.de\/wp-content\/uploads\/2025\/01\/9-neg-deutsch-2-1.png\",\"width\":190,\"height\":114,\"caption\":\"9 St\u00e4dte in Niedersachsen\"},\"image\":{\"@id\":\"https:\/\/9staedte.de\/pl\/#\/schema\/logo\/image\/\"}}]}<\/script>\n<!-- \/ Yoast SEO plugin. -->","yoast_head_json":{"title":"Hanower - odkrywaj w spos\u00f3b zr\u00f3wnowa\u017cony - 9 St\u00e4dte in Niedersachsen","robots":{"index":"index","follow":"follow","max-snippet":"max-snippet:-1","max-image-preview":"max-image-preview:large","max-video-preview":"max-video-preview:-1"},"canonical":"https:\/\/9staedte.de\/pl\/hanower-stolica-dolnej-saksonii\/hanower-odkrywaj-w-sposob-zrownowazony\/","og_locale":"pl_PL","og_type":"article","og_title":"Hanower - odkrywaj w spos\u00f3b zr\u00f3wnowa\u017cony - 9 St\u00e4dte in Niedersachsen","og_description":"Hanower: zielony i przyjazny do \u017cycia W 2018 r. Hanower zosta\u0142 uznany za najbardziej zr\u00f3wnowa\u017cone du\u017ce miasto w Niemczech i otrzyma\u0142 Niemieck\u0105 Nagrod\u0119 Zr\u00f3wnowa\u017conego Rozwoju. Jako\u015b\u0107 \u017cycia w mie\u015bcie jest odpowiednio wysoka. Ziele\u0144 bez ko\u0144ca mo\u017cna znale\u017a\u0107 w Eilenriede, najwi\u0119kszym lesie miejskim w Europie, ogrodach Herrenhausen i wok\u00f3\u0142 rzek Leine i Ihme, kana\u0142u Mittelland lub [&hellip;]","og_url":"https:\/\/9staedte.de\/pl\/hanower-stolica-dolnej-saksonii\/hanower-odkrywaj-w-sposob-zrownowazony\/","og_site_name":"9 St\u00e4dte in Niedersachsen","article_modified_time":"2024-03-21T13:41:24+00:00","og_image":[{"width":1020,"height":560,"url":"https:\/\/9staedte.de\/wp-content\/uploads\/2023\/03\/Green-Hannover-c-HMTG-Sebastian-Grote.jpg","type":"image\/jpeg"}],"twitter_card":"summary_large_image","twitter_misc":{"Szacowany czas czytania":"1 minuta"},"schema":{"@context":"https:\/\/schema.org","@graph":[{"@type":"WebPage","@id":"https:\/\/9staedte.de\/pl\/hanower-stolica-dolnej-saksonii\/hanower-odkrywaj-w-sposob-zrownowazony\/","url":"https:\/\/9staedte.de\/pl\/hanower-stolica-dolnej-saksonii\/hanower-odkrywaj-w-sposob-zrownowazony\/","name":"Hanower - odkrywaj w spos\u00f3b zr\u00f3wnowa\u017cony - 9 St\u00e4dte in Niedersachsen","isPartOf":{"@id":"https:\/\/9staedte.de\/pl\/#website"},"primaryImageOfPage":{"@id":"https:\/\/9staedte.de\/pl\/hanower-stolica-dolnej-saksonii\/hanower-odkrywaj-w-sposob-zrownowazony\/#primaryimage"},"image":{"@id":"https:\/\/9staedte.de\/pl\/hanower-stolica-dolnej-saksonii\/hanower-odkrywaj-w-sposob-zrownowazony\/#primaryimage"},"thumbnailUrl":"https:\/\/9staedte.de\/wp-content\/uploads\/2023\/03\/Green-Hannover-c-HMTG-Sebastian-Grote.jpg","datePublished":"2023-11-02T08:47:41+00:00","dateModified":"2024-03-21T13:41:24+00:00","breadcrumb":{"@id":"https:\/\/9staedte.de\/pl\/hanower-stolica-dolnej-saksonii\/hanower-odkrywaj-w-sposob-zrownowazony\/#breadcrumb"},"inLanguage":"pl-PL","potentialAction":[{"@type":"ReadAction","target":["https:\/\/9staedte.de\/pl\/hanower-stolica-dolnej-saksonii\/hanower-odkrywaj-w-sposob-zrownowazony\/"]}]},{"@type":"ImageObject","inLanguage":"pl-PL","@id":"https:\/\/9staedte.de\/pl\/hanower-stolica-dolnej-saksonii\/hanower-odkrywaj-w-sposob-zrownowazony\/#primaryimage","url":"https:\/\/9staedte.de\/wp-content\/uploads\/2023\/03\/Green-Hannover-c-HMTG-Sebastian-Grote.jpg","contentUrl":"https:\/\/9staedte.de\/wp-content\/uploads\/2023\/03\/Green-Hannover-c-HMTG-Sebastian-Grote.jpg","width":1020,"height":560,"caption":"Green Hannover c) HMTG Sebastian Grote"},{"@type":"BreadcrumbList","@id":"https:\/\/9staedte.de\/pl\/hanower-stolica-dolnej-saksonii\/hanower-odkrywaj-w-sposob-zrownowazony\/#breadcrumb","itemListElement":[{"@type":"ListItem","position":1,"name":"Startseite","item":"https:\/\/9staedte.de\/pl\/"},{"@type":"ListItem","position":2,"name":"Hanower &#8211; stolica Dolnej Saksonii","item":"https:\/\/9staedte.de\/pl\/hanower-stolica-dolnej-saksonii\/"},{"@type":"ListItem","position":3,"name":"Hanower &#8211; odkrywaj w spos\u00f3b zr\u00f3wnowa\u017cony"}]},{"@type":"WebSite","@id":"https:\/\/9staedte.de\/pl\/#website","url":"https:\/\/9staedte.de\/pl\/","name":"9 St\u00e4dte in Niedersachsen","description":"","publisher":{"@id":"https:\/\/9staedte.de\/pl\/#organization"},"potentialAction":[{"@type":"SearchAction","target":{"@type":"EntryPoint","urlTemplate":"https:\/\/9staedte.de\/pl\/?s={search_term_string}"},"query-input":{"@type":"PropertyValueSpecification","valueRequired":true,"valueName":"search_term_string"}}],"inLanguage":"pl-PL"},{"@type":"Organization","@id":"https:\/\/9staedte.de\/pl\/#organization","name":"9 St\u00e4dte in Niedersachsen","url":"https:\/\/9staedte.de\/pl\/","logo":{"@type":"ImageObject","inLanguage":"pl-PL","@id":"https:\/\/9staedte.de\/pl\/#\/schema\/logo\/image\/","url":"https:\/\/9staedte.de\/wp-content\/uploads\/2025\/01\/9-neg-deutsch-2-1.png","contentUrl":"https:\/\/9staedte.de\/wp-content\/uploads\/2025\/01\/9-neg-deutsch-2-1.png","width":190,"height":114,"caption":"9 St\u00e4dte in Niedersachsen"},"image":{"@id":"https:\/\/9staedte.de\/pl\/#\/schema\/logo\/image\/"}}]}},"_links":{"self":[{"href":"https:\/\/9staedte.de\/pl\/wp-json\/wp\/v2\/pages\/17175","targetHints":{"allow":["GET"]}}],"collection":[{"href":"https:\/\/9staedte.de\/pl\/wp-json\/wp\/v2\/pages"}],"about":[{"href":"https:\/\/9staedte.de\/pl\/wp-json\/wp\/v2\/types\/page"}],"author":[{"embeddable":true,"href":"https:\/\/9staedte.de\/pl\/wp-json\/wp\/v2\/users\/1"}],"replies":[{"embeddable":true,"href":"https:\/\/9staedte.de\/pl\/wp-json\/wp\/v2\/comments?post=17175"}],"version-history":[{"count":4,"href":"https:\/\/9staedte.de\/pl\/wp-json\/wp\/v2\/pages\/17175\/revisions"}],"predecessor-version":[{"id":21483,"href":"https:\/\/9staedte.de\/pl\/wp-json\/wp\/v2\/pages\/17175\/revisions\/21483"}],"up":[{"embeddable":true,"href":"https:\/\/9staedte.de\/pl\/wp-json\/wp\/v2\/pages\/18029"}],"wp:featuredmedia":[{"embeddable":true,"href":"https:\/\/9staedte.de\/pl\/wp-json\/wp\/v2\/media\/17182"}],"wp:attachment":[{"href":"https:\/\/9staedte.de\/pl\/wp-json\/wp\/v2\/media?parent=17175"}],"wp:term":[{"taxonomy":"category","embeddable":true,"href":"https:\/\/9staedte.de\/pl\/wp-json\/wp\/v2\/categories?post=17175"},{"taxonomy":"post_tag","embeddable":true,"href":"https:\/\/9staedte.de\/pl\/wp-json\/wp\/v2\/tags?post=17175"},{"taxonomy":"ncap_cities_tax","embeddable":true,"href":"https:\/\/9staedte.de\/pl\/wp-json\/wp\/v2\/ncap_cities_tax?post=17175"}],"curies":[{"name":"wp","href":"https:\/\/api.w.org\/{rel}","templated":true}]}}