{"id":17155,"date":"2023-11-02T09:47:40","date_gmt":"2023-11-02T08:47:40","guid":{"rendered":"https:\/\/9staedte.de\/konferencje-i-kongresy-w-hameln\/"},"modified":"2023-11-02T17:59:04","modified_gmt":"2023-11-02T16:59:04","slug":"konferencje-i-kongresy-w-hameln","status":"publish","type":"page","link":"https:\/\/9staedte.de\/pl\/hamelin-legendarne-miasto-pied-piper\/konferencje-i-kongresy-w-hameln\/","title":{"rendered":"Konferencje i kongresy w Hameln"},"content":{"rendered":"\n<h2 class=\"wp-block-heading\">Twoje wydarzenie w mie\u015bcie Pied Piper<\/h2>\n\n\n\n<p>Znaczenie Hameln jako miejsca konferencji znacznie wzros\u0142o w ostatnich latach. Jednym z czynnik\u00f3w by\u0142o uko\u0144czenie nowoczesnego i centralnie po\u0142o\u017conego centrum eventowego Weserbergland-Zentrum (WB-Z) w 1996 roku. Wyposa\u017cenie techniczne obiektu spe\u0142nia najnowocze\u015bniejsze wymagania i umo\u017cliwia organizacj\u0119 konferencji dla grup od 17 do 700 os\u00f3b na powierzchni ok. 1 500 m\u00b2 dzi\u0119ki elastycznemu uk\u0142adowi pomieszcze\u0144. Dzi\u0119ki bezpo\u015bredniemu po\u0142\u0105czeniu z Weserbergland Centre do Teatru Hamelin, mo\u017cna wykorzysta\u0107 dodatkowe 700 miejsc siedz\u0105cych (w sta\u0142ych rz\u0119dach) i kompletn\u0105 scen\u0119 teatraln\u0105. Dzi\u0119ki temu mo\u017cna jednocze\u015bnie korzysta\u0107 z du\u017cego audytorium i pomieszcze\u0144 w centrum konferencyjnym na potrzeby warsztat\u00f3w lub wystaw. Innym miejscem konferencyjnym w Hameln jest wielofunkcyjna hala Rattenf\u00e4nger-Halle. Oferuje przestrze\u0144 dla r\u00f3\u017cnych du\u017cych wydarze\u0144 gospodarczych, kulturalnych i sportowych do 2200 miejsc oraz targ\u00f3w.<\/p>\n\n\n\r\n\r\n    <div class=\"filter-posts\">\r\n            <div  id=\"filterContent\">\r\n                                                        \n<div class=\"contentKachel filtr-item\" data-category=\"hameln-pl\">\n    <a href=\"https:\/\/9staedte.de\/pl\/hameln-marketing-und-tourismus-gmbh-nasz-serwis\/\">\n        <div class=\"contentKachel-inner\">\n                            <div class=\"contentKachel-thumbnail\">\n                    <img loading=\"lazy\" decoding=\"async\" width=\"300\" height=\"165\" src=\"https:\/\/9staedte.de\/wp-content\/smush-webp\/2023\/02\/Hameln-Theater-und-Weserberglandzentrum-bei-Nacht-c-HMT-300x165.jpg.webp\" class=\"objectfitcover withfilters wp-post-image\" alt=\"Na zdj\u0119ciu jest du\u017cy budynek noc\u0105. Budynek jest jasno o\u015bwietlony. Po lewej stronie jest teatr. Po prawej stronie jest centrum Weserbergland. Wida\u0107 wiele okien. Kilka os\u00f3b stoi przy wej\u015bciu. Jest ciemno, ale \u015bwiat\u0142a dobrze wszystko pokazuj\u0105.\" srcset=\"https:\/\/9staedte.de\/wp-content\/smush-webp\/2023\/02\/Hameln-Theater-und-Weserberglandzentrum-bei-Nacht-c-HMT-300x165.jpg.webp 300w, https:\/\/9staedte.de\/wp-content\/smush-webp\/2023\/02\/Hameln-Theater-und-Weserberglandzentrum-bei-Nacht-c-HMT-768x422.jpg.webp 768w, https:\/\/9staedte.de\/wp-content\/smush-webp\/2023\/02\/Hameln-Theater-und-Weserberglandzentrum-bei-Nacht-c-HMT.jpg.webp 1020w\" sizes=\"auto, (max-width: 300px) 100vw, 300px\" \/>                    <img loading=\"lazy\" decoding=\"async\" width=\"300\" height=\"165\" src=\"https:\/\/9staedte.de\/wp-content\/smush-webp\/2023\/02\/Hameln-Theater-und-Weserberglandzentrum-bei-Nacht-c-HMT-300x165.jpg.webp\" class=\"objectfitcontain wp-post-image\" alt=\"Na zdj\u0119ciu jest du\u017cy budynek noc\u0105. Budynek jest jasno o\u015bwietlony. Po lewej stronie jest teatr. Po prawej stronie jest centrum Weserbergland. Wida\u0107 wiele okien. Kilka os\u00f3b stoi przy wej\u015bciu. Jest ciemno, ale \u015bwiat\u0142a dobrze wszystko pokazuj\u0105.\" srcset=\"https:\/\/9staedte.de\/wp-content\/smush-webp\/2023\/02\/Hameln-Theater-und-Weserberglandzentrum-bei-Nacht-c-HMT-300x165.jpg.webp 300w, https:\/\/9staedte.de\/wp-content\/smush-webp\/2023\/02\/Hameln-Theater-und-Weserberglandzentrum-bei-Nacht-c-HMT-768x422.jpg.webp 768w, https:\/\/9staedte.de\/wp-content\/smush-webp\/2023\/02\/Hameln-Theater-und-Weserberglandzentrum-bei-Nacht-c-HMT.jpg.webp 1020w\" sizes=\"auto, (max-width: 300px) 100vw, 300px\" \/>                        <div class=\"thumbnail-label\">\n    <span>Hameln Theater und Weserberglandzentrum bei Nacht c) HMT<\/span>\n    <\/div>\n                <\/div>\n                        <div class=\"contentKachel-content\">\n                                    <div class=\"city-tag bg-hameln\">\n                        Hameln                    <\/div>\n                \n                <div class=\"title\">\n\n                    Hameln Marketing und Tourismus GmbH: Nasz serwis:                    \n                <\/div>\n\n                            <\/div>\n\n        <\/div>\n    <\/a>\n<\/div>                                                        \n<div class=\"contentKachel filtr-item\" data-category=\"hameln-pl\">\n    <a href=\"https:\/\/9staedte.de\/pl\/9-powodow-dla-ktorych-warto-zorganizowac-wydarzenie-w-hameln\/\">\n        <div class=\"contentKachel-inner\">\n                            <div class=\"contentKachel-thumbnail\">\n                    <img loading=\"lazy\" decoding=\"async\" width=\"300\" height=\"200\" src=\"https:\/\/9staedte.de\/wp-content\/smush-webp\/2023\/02\/Hameln-herbstempfang-c-HMT-300x200.jpg.webp\" class=\"objectfitcover withfilters wp-post-image\" alt=\"Na zdj\u0119ciu jest du\u017ca sala. Wiele krzese\u0142 stoi w rz\u0119dach. Z przodu jest du\u017cy ekran i m\u00f3wnica. Scena ma niebieskie \u015bwiat\u0142o. Sala jest jeszcze pusta. Odb\u0119dzie si\u0119 tu wydarzenie. To jest przyj\u0119cie jesienne w Hameln.\" srcset=\"https:\/\/9staedte.de\/wp-content\/smush-webp\/2023\/02\/Hameln-herbstempfang-c-HMT-300x200.jpg.webp 300w, https:\/\/9staedte.de\/wp-content\/smush-webp\/2023\/02\/Hameln-herbstempfang-c-HMT-768x511.jpg.webp 768w, https:\/\/9staedte.de\/wp-content\/smush-webp\/2023\/02\/Hameln-herbstempfang-c-HMT.jpg.webp 850w\" sizes=\"auto, (max-width: 300px) 100vw, 300px\" \/>                    <img loading=\"lazy\" decoding=\"async\" width=\"300\" height=\"200\" src=\"https:\/\/9staedte.de\/wp-content\/smush-webp\/2023\/02\/Hameln-herbstempfang-c-HMT-300x200.jpg.webp\" class=\"objectfitcontain wp-post-image\" alt=\"Na zdj\u0119ciu jest du\u017ca sala. Wiele krzese\u0142 stoi w rz\u0119dach. Z przodu jest du\u017cy ekran i m\u00f3wnica. Scena ma niebieskie \u015bwiat\u0142o. Sala jest jeszcze pusta. Odb\u0119dzie si\u0119 tu wydarzenie. To jest przyj\u0119cie jesienne w Hameln.\" srcset=\"https:\/\/9staedte.de\/wp-content\/smush-webp\/2023\/02\/Hameln-herbstempfang-c-HMT-300x200.jpg.webp 300w, https:\/\/9staedte.de\/wp-content\/smush-webp\/2023\/02\/Hameln-herbstempfang-c-HMT-768x511.jpg.webp 768w, https:\/\/9staedte.de\/wp-content\/smush-webp\/2023\/02\/Hameln-herbstempfang-c-HMT.jpg.webp 850w\" sizes=\"auto, (max-width: 300px) 100vw, 300px\" \/>                        <div class=\"thumbnail-label\">\n    <span>Hameln herbstempfang c) HMT<\/span>\n    <\/div>\n                <\/div>\n                        <div class=\"contentKachel-content\">\n                                    <div class=\"city-tag bg-hameln\">\n                        Hameln                    <\/div>\n                \n                <div class=\"title\">\n\n                    9 powod\u00f3w, dla kt\u00f3rych warto zorganizowa\u0107 wydarzenie w Hameln                    \n                <\/div>\n\n                            <\/div>\n\n        <\/div>\n    <\/a>\n<\/div>                                            <\/div>\r\n    <\/div>\r\n","protected":false},"excerpt":{"rendered":"<p>Twoje wydarzenie w mie\u015bcie Pied Piper Znaczenie Hameln jako miejsca konferencji znacznie wzros\u0142o w ostatnich latach. Jednym z czynnik\u00f3w by\u0142o uko\u0144czenie nowoczesnego i centralnie po\u0142o\u017conego centrum eventowego Weserbergland-Zentrum (WB-Z) w 1996 roku. Wyposa\u017cenie techniczne obiektu spe\u0142nia najnowocze\u015bniejsze wymagania i umo\u017cliwia organizacj\u0119 konferencji dla grup od 17 do 700 os\u00f3b na powierzchni ok. 1 500 m\u00b2 [&hellip;]<\/p>\n","protected":false},"author":1,"featured_media":17169,"parent":17928,"menu_order":0,"comment_status":"closed","ping_status":"closed","template":"pagetemplates\/template-stadtthema.php","meta":{"_acf_changed":false,"footnotes":""},"categories":[],"tags":[],"ncap_cities_tax":[450,1157],"class_list":["post-17155","page","type-page","status-publish","has-post-thumbnail","hentry","ncap_cities_tax-hameln-pl","ncap_cities_tax-tagungen-und-kongresse-hameln-pl"],"acf":[],"yoast_head":"<!-- This site is optimized with the Yoast SEO plugin v27.4 - https:\/\/yoast.com\/product\/yoast-seo-wordpress\/ -->\n<title>Konferencje i kongresy w Hameln - 9 St\u00e4dte in Niedersachsen<\/title>\n<meta name=\"robots\" content=\"index, follow, max-snippet:-1, max-image-preview:large, max-video-preview:-1\" \/>\n<link rel=\"canonical\" href=\"https:\/\/9staedte.de\/pl\/hamelin-legendarne-miasto-pied-piper\/konferencje-i-kongresy-w-hameln\/\" \/>\n<meta property=\"og:locale\" content=\"pl_PL\" \/>\n<meta property=\"og:type\" content=\"article\" \/>\n<meta property=\"og:title\" content=\"Konferencje i kongresy w Hameln - 9 St\u00e4dte in Niedersachsen\" \/>\n<meta property=\"og:description\" content=\"Twoje wydarzenie w mie\u015bcie Pied Piper Znaczenie Hameln jako miejsca konferencji znacznie wzros\u0142o w ostatnich latach. Jednym z czynnik\u00f3w by\u0142o uko\u0144czenie nowoczesnego i centralnie po\u0142o\u017conego centrum eventowego Weserbergland-Zentrum (WB-Z) w 1996 roku. Wyposa\u017cenie techniczne obiektu spe\u0142nia najnowocze\u015bniejsze wymagania i umo\u017cliwia organizacj\u0119 konferencji dla grup od 17 do 700 os\u00f3b na powierzchni ok. 1 500 m\u00b2 [&hellip;]\" \/>\n<meta property=\"og:url\" content=\"https:\/\/9staedte.de\/pl\/hamelin-legendarne-miasto-pied-piper\/konferencje-i-kongresy-w-hameln\/\" \/>\n<meta property=\"og:site_name\" content=\"9 St\u00e4dte in Niedersachsen\" \/>\n<meta property=\"article:modified_time\" content=\"2023-11-02T16:59:04+00:00\" \/>\n<meta property=\"og:image\" content=\"https:\/\/9staedte.de\/wp-content\/uploads\/2023\/07\/Weserbergland-Zentrum_-_Herzlich_Willkommen-1.jpg\" \/>\n\t<meta property=\"og:image:width\" content=\"1020\" \/>\n\t<meta property=\"og:image:height\" content=\"560\" \/>\n\t<meta property=\"og:image:type\" content=\"image\/jpeg\" \/>\n<meta name=\"twitter:card\" content=\"summary_large_image\" \/>\n<meta name=\"twitter:label1\" content=\"Szacowany czas czytania\" \/>\n\t<meta name=\"twitter:data1\" content=\"1 minuta\" \/>\n<script type=\"application\/ld+json\" class=\"yoast-schema-graph\">{\"@context\":\"https:\\\/\\\/schema.org\",\"@graph\":[{\"@type\":\"WebPage\",\"@id\":\"https:\\\/\\\/9staedte.de\\\/pl\\\/hamelin-legendarne-miasto-pied-piper\\\/konferencje-i-kongresy-w-hameln\\\/\",\"url\":\"https:\\\/\\\/9staedte.de\\\/pl\\\/hamelin-legendarne-miasto-pied-piper\\\/konferencje-i-kongresy-w-hameln\\\/\",\"name\":\"Konferencje i kongresy w Hameln - 9 St\u00e4dte in Niedersachsen\",\"isPartOf\":{\"@id\":\"https:\\\/\\\/9staedte.de\\\/pl\\\/#website\"},\"primaryImageOfPage\":{\"@id\":\"https:\\\/\\\/9staedte.de\\\/pl\\\/hamelin-legendarne-miasto-pied-piper\\\/konferencje-i-kongresy-w-hameln\\\/#primaryimage\"},\"image\":{\"@id\":\"https:\\\/\\\/9staedte.de\\\/pl\\\/hamelin-legendarne-miasto-pied-piper\\\/konferencje-i-kongresy-w-hameln\\\/#primaryimage\"},\"thumbnailUrl\":\"https:\\\/\\\/9staedte.de\\\/wp-content\\\/uploads\\\/2023\\\/07\\\/Weserbergland-Zentrum_-_Herzlich_Willkommen-1.jpg\",\"datePublished\":\"2023-11-02T08:47:40+00:00\",\"dateModified\":\"2023-11-02T16:59:04+00:00\",\"breadcrumb\":{\"@id\":\"https:\\\/\\\/9staedte.de\\\/pl\\\/hamelin-legendarne-miasto-pied-piper\\\/konferencje-i-kongresy-w-hameln\\\/#breadcrumb\"},\"inLanguage\":\"pl-PL\",\"potentialAction\":[{\"@type\":\"ReadAction\",\"target\":[\"https:\\\/\\\/9staedte.de\\\/pl\\\/hamelin-legendarne-miasto-pied-piper\\\/konferencje-i-kongresy-w-hameln\\\/\"]}]},{\"@type\":\"ImageObject\",\"inLanguage\":\"pl-PL\",\"@id\":\"https:\\\/\\\/9staedte.de\\\/pl\\\/hamelin-legendarne-miasto-pied-piper\\\/konferencje-i-kongresy-w-hameln\\\/#primaryimage\",\"url\":\"https:\\\/\\\/9staedte.de\\\/wp-content\\\/uploads\\\/2023\\\/07\\\/Weserbergland-Zentrum_-_Herzlich_Willkommen-1.jpg\",\"contentUrl\":\"https:\\\/\\\/9staedte.de\\\/wp-content\\\/uploads\\\/2023\\\/07\\\/Weserbergland-Zentrum_-_Herzlich_Willkommen-1.jpg\",\"width\":1020,\"height\":560,\"caption\":\"Tagen in Hameln - Weserbergland-Zentrum Herzlich Willkommen\"},{\"@type\":\"BreadcrumbList\",\"@id\":\"https:\\\/\\\/9staedte.de\\\/pl\\\/hamelin-legendarne-miasto-pied-piper\\\/konferencje-i-kongresy-w-hameln\\\/#breadcrumb\",\"itemListElement\":[{\"@type\":\"ListItem\",\"position\":1,\"name\":\"Startseite\",\"item\":\"https:\\\/\\\/9staedte.de\\\/pl\\\/\"},{\"@type\":\"ListItem\",\"position\":2,\"name\":\"Hameln &#8211; legendarne miasto Pied Piper\",\"item\":\"https:\\\/\\\/9staedte.de\\\/pl\\\/hamelin-legendarne-miasto-pied-piper\\\/\"},{\"@type\":\"ListItem\",\"position\":3,\"name\":\"Konferencje i kongresy w Hameln\"}]},{\"@type\":\"WebSite\",\"@id\":\"https:\\\/\\\/9staedte.de\\\/pl\\\/#website\",\"url\":\"https:\\\/\\\/9staedte.de\\\/pl\\\/\",\"name\":\"9 St\u00e4dte in Niedersachsen\",\"description\":\"\",\"publisher\":{\"@id\":\"https:\\\/\\\/9staedte.de\\\/pl\\\/#organization\"},\"potentialAction\":[{\"@type\":\"SearchAction\",\"target\":{\"@type\":\"EntryPoint\",\"urlTemplate\":\"https:\\\/\\\/9staedte.de\\\/pl\\\/?s={search_term_string}\"},\"query-input\":{\"@type\":\"PropertyValueSpecification\",\"valueRequired\":true,\"valueName\":\"search_term_string\"}}],\"inLanguage\":\"pl-PL\"},{\"@type\":\"Organization\",\"@id\":\"https:\\\/\\\/9staedte.de\\\/pl\\\/#organization\",\"name\":\"9 St\u00e4dte in Niedersachsen\",\"url\":\"https:\\\/\\\/9staedte.de\\\/pl\\\/\",\"logo\":{\"@type\":\"ImageObject\",\"inLanguage\":\"pl-PL\",\"@id\":\"https:\\\/\\\/9staedte.de\\\/pl\\\/#\\\/schema\\\/logo\\\/image\\\/\",\"url\":\"https:\\\/\\\/9staedte.de\\\/wp-content\\\/uploads\\\/2025\\\/01\\\/9-neg-deutsch-2-1.png\",\"contentUrl\":\"https:\\\/\\\/9staedte.de\\\/wp-content\\\/uploads\\\/2025\\\/01\\\/9-neg-deutsch-2-1.png\",\"width\":190,\"height\":114,\"caption\":\"9 St\u00e4dte in Niedersachsen\"},\"image\":{\"@id\":\"https:\\\/\\\/9staedte.de\\\/pl\\\/#\\\/schema\\\/logo\\\/image\\\/\"}}]}<\/script>\n<!-- \/ Yoast SEO plugin. -->","yoast_head_json":{"title":"Konferencje i kongresy w Hameln - 9 St\u00e4dte in Niedersachsen","robots":{"index":"index","follow":"follow","max-snippet":"max-snippet:-1","max-image-preview":"max-image-preview:large","max-video-preview":"max-video-preview:-1"},"canonical":"https:\/\/9staedte.de\/pl\/hamelin-legendarne-miasto-pied-piper\/konferencje-i-kongresy-w-hameln\/","og_locale":"pl_PL","og_type":"article","og_title":"Konferencje i kongresy w Hameln - 9 St\u00e4dte in Niedersachsen","og_description":"Twoje wydarzenie w mie\u015bcie Pied Piper Znaczenie Hameln jako miejsca konferencji znacznie wzros\u0142o w ostatnich latach. Jednym z czynnik\u00f3w by\u0142o uko\u0144czenie nowoczesnego i centralnie po\u0142o\u017conego centrum eventowego Weserbergland-Zentrum (WB-Z) w 1996 roku. Wyposa\u017cenie techniczne obiektu spe\u0142nia najnowocze\u015bniejsze wymagania i umo\u017cliwia organizacj\u0119 konferencji dla grup od 17 do 700 os\u00f3b na powierzchni ok. 1 500 m\u00b2 [&hellip;]","og_url":"https:\/\/9staedte.de\/pl\/hamelin-legendarne-miasto-pied-piper\/konferencje-i-kongresy-w-hameln\/","og_site_name":"9 St\u00e4dte in Niedersachsen","article_modified_time":"2023-11-02T16:59:04+00:00","og_image":[{"width":1020,"height":560,"url":"https:\/\/9staedte.de\/wp-content\/uploads\/2023\/07\/Weserbergland-Zentrum_-_Herzlich_Willkommen-1.jpg","type":"image\/jpeg"}],"twitter_card":"summary_large_image","twitter_misc":{"Szacowany czas czytania":"1 minuta"},"schema":{"@context":"https:\/\/schema.org","@graph":[{"@type":"WebPage","@id":"https:\/\/9staedte.de\/pl\/hamelin-legendarne-miasto-pied-piper\/konferencje-i-kongresy-w-hameln\/","url":"https:\/\/9staedte.de\/pl\/hamelin-legendarne-miasto-pied-piper\/konferencje-i-kongresy-w-hameln\/","name":"Konferencje i kongresy w Hameln - 9 St\u00e4dte in Niedersachsen","isPartOf":{"@id":"https:\/\/9staedte.de\/pl\/#website"},"primaryImageOfPage":{"@id":"https:\/\/9staedte.de\/pl\/hamelin-legendarne-miasto-pied-piper\/konferencje-i-kongresy-w-hameln\/#primaryimage"},"image":{"@id":"https:\/\/9staedte.de\/pl\/hamelin-legendarne-miasto-pied-piper\/konferencje-i-kongresy-w-hameln\/#primaryimage"},"thumbnailUrl":"https:\/\/9staedte.de\/wp-content\/uploads\/2023\/07\/Weserbergland-Zentrum_-_Herzlich_Willkommen-1.jpg","datePublished":"2023-11-02T08:47:40+00:00","dateModified":"2023-11-02T16:59:04+00:00","breadcrumb":{"@id":"https:\/\/9staedte.de\/pl\/hamelin-legendarne-miasto-pied-piper\/konferencje-i-kongresy-w-hameln\/#breadcrumb"},"inLanguage":"pl-PL","potentialAction":[{"@type":"ReadAction","target":["https:\/\/9staedte.de\/pl\/hamelin-legendarne-miasto-pied-piper\/konferencje-i-kongresy-w-hameln\/"]}]},{"@type":"ImageObject","inLanguage":"pl-PL","@id":"https:\/\/9staedte.de\/pl\/hamelin-legendarne-miasto-pied-piper\/konferencje-i-kongresy-w-hameln\/#primaryimage","url":"https:\/\/9staedte.de\/wp-content\/uploads\/2023\/07\/Weserbergland-Zentrum_-_Herzlich_Willkommen-1.jpg","contentUrl":"https:\/\/9staedte.de\/wp-content\/uploads\/2023\/07\/Weserbergland-Zentrum_-_Herzlich_Willkommen-1.jpg","width":1020,"height":560,"caption":"Tagen in Hameln - Weserbergland-Zentrum Herzlich Willkommen"},{"@type":"BreadcrumbList","@id":"https:\/\/9staedte.de\/pl\/hamelin-legendarne-miasto-pied-piper\/konferencje-i-kongresy-w-hameln\/#breadcrumb","itemListElement":[{"@type":"ListItem","position":1,"name":"Startseite","item":"https:\/\/9staedte.de\/pl\/"},{"@type":"ListItem","position":2,"name":"Hameln &#8211; legendarne miasto Pied Piper","item":"https:\/\/9staedte.de\/pl\/hamelin-legendarne-miasto-pied-piper\/"},{"@type":"ListItem","position":3,"name":"Konferencje i kongresy w Hameln"}]},{"@type":"WebSite","@id":"https:\/\/9staedte.de\/pl\/#website","url":"https:\/\/9staedte.de\/pl\/","name":"9 St\u00e4dte in Niedersachsen","description":"","publisher":{"@id":"https:\/\/9staedte.de\/pl\/#organization"},"potentialAction":[{"@type":"SearchAction","target":{"@type":"EntryPoint","urlTemplate":"https:\/\/9staedte.de\/pl\/?s={search_term_string}"},"query-input":{"@type":"PropertyValueSpecification","valueRequired":true,"valueName":"search_term_string"}}],"inLanguage":"pl-PL"},{"@type":"Organization","@id":"https:\/\/9staedte.de\/pl\/#organization","name":"9 St\u00e4dte in Niedersachsen","url":"https:\/\/9staedte.de\/pl\/","logo":{"@type":"ImageObject","inLanguage":"pl-PL","@id":"https:\/\/9staedte.de\/pl\/#\/schema\/logo\/image\/","url":"https:\/\/9staedte.de\/wp-content\/uploads\/2025\/01\/9-neg-deutsch-2-1.png","contentUrl":"https:\/\/9staedte.de\/wp-content\/uploads\/2025\/01\/9-neg-deutsch-2-1.png","width":190,"height":114,"caption":"9 St\u00e4dte in Niedersachsen"},"image":{"@id":"https:\/\/9staedte.de\/pl\/#\/schema\/logo\/image\/"}}]}},"_links":{"self":[{"href":"https:\/\/9staedte.de\/pl\/wp-json\/wp\/v2\/pages\/17155","targetHints":{"allow":["GET"]}}],"collection":[{"href":"https:\/\/9staedte.de\/pl\/wp-json\/wp\/v2\/pages"}],"about":[{"href":"https:\/\/9staedte.de\/pl\/wp-json\/wp\/v2\/types\/page"}],"author":[{"embeddable":true,"href":"https:\/\/9staedte.de\/pl\/wp-json\/wp\/v2\/users\/1"}],"replies":[{"embeddable":true,"href":"https:\/\/9staedte.de\/pl\/wp-json\/wp\/v2\/comments?post=17155"}],"version-history":[{"count":1,"href":"https:\/\/9staedte.de\/pl\/wp-json\/wp\/v2\/pages\/17155\/revisions"}],"predecessor-version":[{"id":19889,"href":"https:\/\/9staedte.de\/pl\/wp-json\/wp\/v2\/pages\/17155\/revisions\/19889"}],"up":[{"embeddable":true,"href":"https:\/\/9staedte.de\/pl\/wp-json\/wp\/v2\/pages\/17928"}],"wp:featuredmedia":[{"embeddable":true,"href":"https:\/\/9staedte.de\/pl\/wp-json\/wp\/v2\/media\/17169"}],"wp:attachment":[{"href":"https:\/\/9staedte.de\/pl\/wp-json\/wp\/v2\/media?parent=17155"}],"wp:term":[{"taxonomy":"category","embeddable":true,"href":"https:\/\/9staedte.de\/pl\/wp-json\/wp\/v2\/categories?post=17155"},{"taxonomy":"post_tag","embeddable":true,"href":"https:\/\/9staedte.de\/pl\/wp-json\/wp\/v2\/tags?post=17155"},{"taxonomy":"ncap_cities_tax","embeddable":true,"href":"https:\/\/9staedte.de\/pl\/wp-json\/wp\/v2\/ncap_cities_tax?post=17155"}],"curies":[{"name":"wp","href":"https:\/\/api.w.org\/{rel}","templated":true}]}}