{"id":17154,"date":"2023-11-02T09:47:40","date_gmt":"2023-11-02T08:47:40","guid":{"rendered":"https:\/\/9staedte.de\/zakupy-i-wypady-na-miasto-w-hanowerze\/"},"modified":"2023-11-02T18:08:49","modified_gmt":"2023-11-02T17:08:49","slug":"zakupy-i-wypady-na-miasto-w-hanowerze","status":"publish","type":"page","link":"https:\/\/9staedte.de\/pl\/hanower-stolica-dolnej-saksonii\/zakupy-i-wypady-na-miasto-w-hanowerze\/","title":{"rendered":"Zakupy i wypady na miasto w Hanowerze"},"content":{"rendered":"\n<p>W jednej z najwi\u0119kszych stref dla pieszych w Niemczech ka\u017cdy znajdzie co\u015b dla siebie &#8211; i dla ka\u017cdego portfela! Znajdziesz tu nie tylko du\u017ce domy towarowe z ich szerok\u0105 gam\u0105 towar\u00f3w, ekskluzywne ulice handlowe i pasa\u017ce, ale tak\u017ce sklepy i butiki starego miasta z jego spokojn\u0105 atmosfer\u0105. Wyj\u015bcie na miasto w Hanowerze to tak\u017ce do\u015bwiadczenie. Przytulne bary i restauracje, idylliczne ogr\u00f3dki piwne, modne kluby, dyskoteki, r\u00f3\u017cnorodne pokazy, jazz, teatr, kabaret, opera &#8230;: Oczekuj na ca\u0142\u0105 r\u00f3\u017cnorodno\u015b\u0107, jak\u0105 ma do zaoferowania du\u017ce miasto.<\/p>\n\n\n\n\n<div class=\"banner-wrapper\">\n  <div class=\"banner-inner \">\n      <div class=\"img-container\">\n      <div class=\"img-wrapper\">\n        <img decoding=\"async\" src=\"https:\/\/9staedte.de\/wp-content\/smush-webp\/2023\/02\/Hannover-Altstadt-Ballhof-c-HMTG-Patrick-Graf.jpg.webp\" alt=\"Na zdj\u0119ciu wida\u0107 Ballhof w Hanowerze wieczorem. Domy z muru pruskiego s\u0105 o\u015bwietlone. Wiele os\u00f3b siedzi na zewn\u0105trz przy restauracji. Nad sto\u0142ami s\u0105 du\u017ce parasole. Wok\u00f3\u0142 s\u0105 drzewa i ro\u015bliny.\" \/>\n                  <div class=\"thumbnail-label\">\n            <span>Hannover Altstadt Ballhofplatz c) HMTG Patrick Graf<\/span>\n          <\/div>\n              <\/div>\n    <\/div>\n        <div class=\"text-container\">\n      <div class=\"content\">\n        <p><strong>9 Tipps rund ums Einkaufen und Ausgehen in Hannover:<\/strong><\/p>\n<ul>\n<li>Ernst-August-Galerie mit mehr als 150 Shops direkt am Hauptbahnhof sowie exklusive Passagen und Galerien rund um Kr\u00f6pcke und Oper<\/li>\n<li>Die Markthalle, der \u201eBauch von Hannover\u201c, mit internationalen kulinarischen K\u00f6stlichkeiten.<\/li>\n<li>Der Hauptbahnhof: Einkaufs- und Schlemmerparadies auch am Sonntag<\/li>\n<li>Flohmarkt am Hohen Ufer, jeden Samstag<\/li>\n<li>Die Altstadt mit kleinen L\u00e4den, Kneipen, Stra\u00dfencaf\u00e9s und Restaurants am Leineufer.<\/li>\n<li>Vielf\u00e4ltige Szene mit trendigen L\u00e4den, Bars und Restaurants in den Stadtteilen Linden, Nordstadt und List<\/li>\n<li>Jazz-Club Hannover<\/li>\n<li>International pr\u00e4miert: Oper und Schauspielhaus<\/li>\n<li>Im Sommer: Mediterranes Flair in den Bierg\u00e4rten und Restaurants rund den Maschsee<\/li>\n<\/ul>\n      <\/div>\n    <\/div>\n    <\/div>\n<\/div>\n\n","protected":false},"excerpt":{"rendered":"<p>W jednej z najwi\u0119kszych stref dla pieszych w Niemczech ka\u017cdy znajdzie co\u015b dla siebie &#8211; i dla ka\u017cdego portfela! Znajdziesz tu nie tylko du\u017ce domy towarowe z ich szerok\u0105 gam\u0105 towar\u00f3w, ekskluzywne ulice handlowe i pasa\u017ce, ale tak\u017ce sklepy i butiki starego miasta z jego spokojn\u0105 atmosfer\u0105. Wyj\u015bcie na miasto w Hanowerze to tak\u017ce do\u015bwiadczenie. [&hellip;]<\/p>\n","protected":false},"author":1,"featured_media":17162,"parent":18029,"menu_order":0,"comment_status":"closed","ping_status":"closed","template":"pagetemplates\/template-stadtthema.php","meta":{"_acf_changed":false,"footnotes":""},"categories":[],"tags":[],"ncap_cities_tax":[458,793],"class_list":["post-17154","page","type-page","status-publish","has-post-thumbnail","hentry","ncap_cities_tax-hannover-pl","ncap_cities_tax-shopping-und-ausgehen-hannover-pl"],"acf":[],"yoast_head":"<!-- This site is optimized with the Yoast SEO plugin v26.8 - https:\/\/yoast.com\/product\/yoast-seo-wordpress\/ -->\n<title>Zakupy i wypady na miasto w Hanowerze - 9 St\u00e4dte in Niedersachsen<\/title>\n<meta name=\"robots\" content=\"index, follow, max-snippet:-1, max-image-preview:large, max-video-preview:-1\" \/>\n<link rel=\"canonical\" href=\"https:\/\/9staedte.de\/pl\/hanower-stolica-dolnej-saksonii\/zakupy-i-wypady-na-miasto-w-hanowerze\/\" \/>\n<meta property=\"og:locale\" content=\"pl_PL\" \/>\n<meta property=\"og:type\" content=\"article\" \/>\n<meta property=\"og:title\" content=\"Zakupy i wypady na miasto w Hanowerze - 9 St\u00e4dte in Niedersachsen\" \/>\n<meta property=\"og:description\" content=\"W jednej z najwi\u0119kszych stref dla pieszych w Niemczech ka\u017cdy znajdzie co\u015b dla siebie &#8211; i dla ka\u017cdego portfela! Znajdziesz tu nie tylko du\u017ce domy towarowe z ich szerok\u0105 gam\u0105 towar\u00f3w, ekskluzywne ulice handlowe i pasa\u017ce, ale tak\u017ce sklepy i butiki starego miasta z jego spokojn\u0105 atmosfer\u0105. Wyj\u015bcie na miasto w Hanowerze to tak\u017ce do\u015bwiadczenie. [&hellip;]\" \/>\n<meta property=\"og:url\" content=\"https:\/\/9staedte.de\/pl\/hanower-stolica-dolnej-saksonii\/zakupy-i-wypady-na-miasto-w-hanowerze\/\" \/>\n<meta property=\"og:site_name\" content=\"9 St\u00e4dte in Niedersachsen\" \/>\n<meta property=\"article:modified_time\" content=\"2023-11-02T17:08:49+00:00\" \/>\n<meta property=\"og:image\" content=\"https:\/\/9staedte.de\/wp-content\/uploads\/2023\/02\/Hannover-Hauptbahnhof-c-HMTG-Christian-Wyrwa.jpg\" \/>\n\t<meta property=\"og:image:width\" content=\"1020\" \/>\n\t<meta property=\"og:image:height\" content=\"560\" \/>\n\t<meta property=\"og:image:type\" content=\"image\/jpeg\" \/>\n<meta name=\"twitter:card\" content=\"summary_large_image\" \/>\n<meta name=\"twitter:label1\" content=\"Szacowany czas czytania\" \/>\n\t<meta name=\"twitter:data1\" content=\"1 minuta\" \/>\n<script type=\"application\/ld+json\" class=\"yoast-schema-graph\">{\"@context\":\"https:\/\/schema.org\",\"@graph\":[{\"@type\":\"WebPage\",\"@id\":\"https:\/\/9staedte.de\/pl\/hanower-stolica-dolnej-saksonii\/zakupy-i-wypady-na-miasto-w-hanowerze\/\",\"url\":\"https:\/\/9staedte.de\/pl\/hanower-stolica-dolnej-saksonii\/zakupy-i-wypady-na-miasto-w-hanowerze\/\",\"name\":\"Zakupy i wypady na miasto w Hanowerze - 9 St\u00e4dte in Niedersachsen\",\"isPartOf\":{\"@id\":\"https:\/\/9staedte.de\/pl\/#website\"},\"primaryImageOfPage\":{\"@id\":\"https:\/\/9staedte.de\/pl\/hanower-stolica-dolnej-saksonii\/zakupy-i-wypady-na-miasto-w-hanowerze\/#primaryimage\"},\"image\":{\"@id\":\"https:\/\/9staedte.de\/pl\/hanower-stolica-dolnej-saksonii\/zakupy-i-wypady-na-miasto-w-hanowerze\/#primaryimage\"},\"thumbnailUrl\":\"https:\/\/9staedte.de\/wp-content\/uploads\/2023\/02\/Hannover-Hauptbahnhof-c-HMTG-Christian-Wyrwa.jpg\",\"datePublished\":\"2023-11-02T08:47:40+00:00\",\"dateModified\":\"2023-11-02T17:08:49+00:00\",\"breadcrumb\":{\"@id\":\"https:\/\/9staedte.de\/pl\/hanower-stolica-dolnej-saksonii\/zakupy-i-wypady-na-miasto-w-hanowerze\/#breadcrumb\"},\"inLanguage\":\"pl-PL\",\"potentialAction\":[{\"@type\":\"ReadAction\",\"target\":[\"https:\/\/9staedte.de\/pl\/hanower-stolica-dolnej-saksonii\/zakupy-i-wypady-na-miasto-w-hanowerze\/\"]}]},{\"@type\":\"ImageObject\",\"inLanguage\":\"pl-PL\",\"@id\":\"https:\/\/9staedte.de\/pl\/hanower-stolica-dolnej-saksonii\/zakupy-i-wypady-na-miasto-w-hanowerze\/#primaryimage\",\"url\":\"https:\/\/9staedte.de\/wp-content\/uploads\/2023\/02\/Hannover-Hauptbahnhof-c-HMTG-Christian-Wyrwa.jpg\",\"contentUrl\":\"https:\/\/9staedte.de\/wp-content\/uploads\/2023\/02\/Hannover-Hauptbahnhof-c-HMTG-Christian-Wyrwa.jpg\",\"width\":1020,\"height\":560,\"caption\":\"Hannover Hauptbahnhof c) HMTG Chrisitan Wyrwa\"},{\"@type\":\"BreadcrumbList\",\"@id\":\"https:\/\/9staedte.de\/pl\/hanower-stolica-dolnej-saksonii\/zakupy-i-wypady-na-miasto-w-hanowerze\/#breadcrumb\",\"itemListElement\":[{\"@type\":\"ListItem\",\"position\":1,\"name\":\"Startseite\",\"item\":\"https:\/\/9staedte.de\/pl\/\"},{\"@type\":\"ListItem\",\"position\":2,\"name\":\"Hanower &#8211; stolica Dolnej Saksonii\",\"item\":\"https:\/\/9staedte.de\/pl\/hanower-stolica-dolnej-saksonii\/\"},{\"@type\":\"ListItem\",\"position\":3,\"name\":\"Zakupy i wypady na miasto w Hanowerze\"}]},{\"@type\":\"WebSite\",\"@id\":\"https:\/\/9staedte.de\/pl\/#website\",\"url\":\"https:\/\/9staedte.de\/pl\/\",\"name\":\"9 St\u00e4dte in Niedersachsen\",\"description\":\"\",\"publisher\":{\"@id\":\"https:\/\/9staedte.de\/pl\/#organization\"},\"potentialAction\":[{\"@type\":\"SearchAction\",\"target\":{\"@type\":\"EntryPoint\",\"urlTemplate\":\"https:\/\/9staedte.de\/pl\/?s={search_term_string}\"},\"query-input\":{\"@type\":\"PropertyValueSpecification\",\"valueRequired\":true,\"valueName\":\"search_term_string\"}}],\"inLanguage\":\"pl-PL\"},{\"@type\":\"Organization\",\"@id\":\"https:\/\/9staedte.de\/pl\/#organization\",\"name\":\"9 St\u00e4dte in Niedersachsen\",\"url\":\"https:\/\/9staedte.de\/pl\/\",\"logo\":{\"@type\":\"ImageObject\",\"inLanguage\":\"pl-PL\",\"@id\":\"https:\/\/9staedte.de\/pl\/#\/schema\/logo\/image\/\",\"url\":\"https:\/\/9staedte.de\/wp-content\/uploads\/2025\/01\/9-neg-deutsch-2-1.png\",\"contentUrl\":\"https:\/\/9staedte.de\/wp-content\/uploads\/2025\/01\/9-neg-deutsch-2-1.png\",\"width\":190,\"height\":114,\"caption\":\"9 St\u00e4dte in Niedersachsen\"},\"image\":{\"@id\":\"https:\/\/9staedte.de\/pl\/#\/schema\/logo\/image\/\"}}]}<\/script>\n<!-- \/ Yoast SEO plugin. -->","yoast_head_json":{"title":"Zakupy i wypady na miasto w Hanowerze - 9 St\u00e4dte in Niedersachsen","robots":{"index":"index","follow":"follow","max-snippet":"max-snippet:-1","max-image-preview":"max-image-preview:large","max-video-preview":"max-video-preview:-1"},"canonical":"https:\/\/9staedte.de\/pl\/hanower-stolica-dolnej-saksonii\/zakupy-i-wypady-na-miasto-w-hanowerze\/","og_locale":"pl_PL","og_type":"article","og_title":"Zakupy i wypady na miasto w Hanowerze - 9 St\u00e4dte in Niedersachsen","og_description":"W jednej z najwi\u0119kszych stref dla pieszych w Niemczech ka\u017cdy znajdzie co\u015b dla siebie &#8211; i dla ka\u017cdego portfela! Znajdziesz tu nie tylko du\u017ce domy towarowe z ich szerok\u0105 gam\u0105 towar\u00f3w, ekskluzywne ulice handlowe i pasa\u017ce, ale tak\u017ce sklepy i butiki starego miasta z jego spokojn\u0105 atmosfer\u0105. Wyj\u015bcie na miasto w Hanowerze to tak\u017ce do\u015bwiadczenie. [&hellip;]","og_url":"https:\/\/9staedte.de\/pl\/hanower-stolica-dolnej-saksonii\/zakupy-i-wypady-na-miasto-w-hanowerze\/","og_site_name":"9 St\u00e4dte in Niedersachsen","article_modified_time":"2023-11-02T17:08:49+00:00","og_image":[{"width":1020,"height":560,"url":"https:\/\/9staedte.de\/wp-content\/uploads\/2023\/02\/Hannover-Hauptbahnhof-c-HMTG-Christian-Wyrwa.jpg","type":"image\/jpeg"}],"twitter_card":"summary_large_image","twitter_misc":{"Szacowany czas czytania":"1 minuta"},"schema":{"@context":"https:\/\/schema.org","@graph":[{"@type":"WebPage","@id":"https:\/\/9staedte.de\/pl\/hanower-stolica-dolnej-saksonii\/zakupy-i-wypady-na-miasto-w-hanowerze\/","url":"https:\/\/9staedte.de\/pl\/hanower-stolica-dolnej-saksonii\/zakupy-i-wypady-na-miasto-w-hanowerze\/","name":"Zakupy i wypady na miasto w Hanowerze - 9 St\u00e4dte in Niedersachsen","isPartOf":{"@id":"https:\/\/9staedte.de\/pl\/#website"},"primaryImageOfPage":{"@id":"https:\/\/9staedte.de\/pl\/hanower-stolica-dolnej-saksonii\/zakupy-i-wypady-na-miasto-w-hanowerze\/#primaryimage"},"image":{"@id":"https:\/\/9staedte.de\/pl\/hanower-stolica-dolnej-saksonii\/zakupy-i-wypady-na-miasto-w-hanowerze\/#primaryimage"},"thumbnailUrl":"https:\/\/9staedte.de\/wp-content\/uploads\/2023\/02\/Hannover-Hauptbahnhof-c-HMTG-Christian-Wyrwa.jpg","datePublished":"2023-11-02T08:47:40+00:00","dateModified":"2023-11-02T17:08:49+00:00","breadcrumb":{"@id":"https:\/\/9staedte.de\/pl\/hanower-stolica-dolnej-saksonii\/zakupy-i-wypady-na-miasto-w-hanowerze\/#breadcrumb"},"inLanguage":"pl-PL","potentialAction":[{"@type":"ReadAction","target":["https:\/\/9staedte.de\/pl\/hanower-stolica-dolnej-saksonii\/zakupy-i-wypady-na-miasto-w-hanowerze\/"]}]},{"@type":"ImageObject","inLanguage":"pl-PL","@id":"https:\/\/9staedte.de\/pl\/hanower-stolica-dolnej-saksonii\/zakupy-i-wypady-na-miasto-w-hanowerze\/#primaryimage","url":"https:\/\/9staedte.de\/wp-content\/uploads\/2023\/02\/Hannover-Hauptbahnhof-c-HMTG-Christian-Wyrwa.jpg","contentUrl":"https:\/\/9staedte.de\/wp-content\/uploads\/2023\/02\/Hannover-Hauptbahnhof-c-HMTG-Christian-Wyrwa.jpg","width":1020,"height":560,"caption":"Hannover Hauptbahnhof c) HMTG Chrisitan Wyrwa"},{"@type":"BreadcrumbList","@id":"https:\/\/9staedte.de\/pl\/hanower-stolica-dolnej-saksonii\/zakupy-i-wypady-na-miasto-w-hanowerze\/#breadcrumb","itemListElement":[{"@type":"ListItem","position":1,"name":"Startseite","item":"https:\/\/9staedte.de\/pl\/"},{"@type":"ListItem","position":2,"name":"Hanower &#8211; stolica Dolnej Saksonii","item":"https:\/\/9staedte.de\/pl\/hanower-stolica-dolnej-saksonii\/"},{"@type":"ListItem","position":3,"name":"Zakupy i wypady na miasto w Hanowerze"}]},{"@type":"WebSite","@id":"https:\/\/9staedte.de\/pl\/#website","url":"https:\/\/9staedte.de\/pl\/","name":"9 St\u00e4dte in Niedersachsen","description":"","publisher":{"@id":"https:\/\/9staedte.de\/pl\/#organization"},"potentialAction":[{"@type":"SearchAction","target":{"@type":"EntryPoint","urlTemplate":"https:\/\/9staedte.de\/pl\/?s={search_term_string}"},"query-input":{"@type":"PropertyValueSpecification","valueRequired":true,"valueName":"search_term_string"}}],"inLanguage":"pl-PL"},{"@type":"Organization","@id":"https:\/\/9staedte.de\/pl\/#organization","name":"9 St\u00e4dte in Niedersachsen","url":"https:\/\/9staedte.de\/pl\/","logo":{"@type":"ImageObject","inLanguage":"pl-PL","@id":"https:\/\/9staedte.de\/pl\/#\/schema\/logo\/image\/","url":"https:\/\/9staedte.de\/wp-content\/uploads\/2025\/01\/9-neg-deutsch-2-1.png","contentUrl":"https:\/\/9staedte.de\/wp-content\/uploads\/2025\/01\/9-neg-deutsch-2-1.png","width":190,"height":114,"caption":"9 St\u00e4dte in Niedersachsen"},"image":{"@id":"https:\/\/9staedte.de\/pl\/#\/schema\/logo\/image\/"}}]}},"_links":{"self":[{"href":"https:\/\/9staedte.de\/pl\/wp-json\/wp\/v2\/pages\/17154","targetHints":{"allow":["GET"]}}],"collection":[{"href":"https:\/\/9staedte.de\/pl\/wp-json\/wp\/v2\/pages"}],"about":[{"href":"https:\/\/9staedte.de\/pl\/wp-json\/wp\/v2\/types\/page"}],"author":[{"embeddable":true,"href":"https:\/\/9staedte.de\/pl\/wp-json\/wp\/v2\/users\/1"}],"replies":[{"embeddable":true,"href":"https:\/\/9staedte.de\/pl\/wp-json\/wp\/v2\/comments?post=17154"}],"version-history":[{"count":1,"href":"https:\/\/9staedte.de\/pl\/wp-json\/wp\/v2\/pages\/17154\/revisions"}],"predecessor-version":[{"id":19923,"href":"https:\/\/9staedte.de\/pl\/wp-json\/wp\/v2\/pages\/17154\/revisions\/19923"}],"up":[{"embeddable":true,"href":"https:\/\/9staedte.de\/pl\/wp-json\/wp\/v2\/pages\/18029"}],"wp:featuredmedia":[{"embeddable":true,"href":"https:\/\/9staedte.de\/pl\/wp-json\/wp\/v2\/media\/17162"}],"wp:attachment":[{"href":"https:\/\/9staedte.de\/pl\/wp-json\/wp\/v2\/media?parent=17154"}],"wp:term":[{"taxonomy":"category","embeddable":true,"href":"https:\/\/9staedte.de\/pl\/wp-json\/wp\/v2\/categories?post=17154"},{"taxonomy":"post_tag","embeddable":true,"href":"https:\/\/9staedte.de\/pl\/wp-json\/wp\/v2\/tags?post=17154"},{"taxonomy":"ncap_cities_tax","embeddable":true,"href":"https:\/\/9staedte.de\/pl\/wp-json\/wp\/v2\/ncap_cities_tax?post=17154"}],"curies":[{"name":"wp","href":"https:\/\/api.w.org\/{rel}","templated":true}]}}