{"id":17137,"date":"2023-11-02T09:47:17","date_gmt":"2023-11-02T08:47:17","guid":{"rendered":"https:\/\/9staedte.de\/zakwaterowanie-w-hanowerze\/"},"modified":"2023-11-02T18:05:54","modified_gmt":"2023-11-02T17:05:54","slug":"zakwaterowanie-w-hanowerze","status":"publish","type":"page","link":"https:\/\/9staedte.de\/pl\/hanower-stolica-dolnej-saksonii\/zakwaterowanie-w-hanowerze\/","title":{"rendered":"Zakwaterowanie w Hanowerze"},"content":{"rendered":"\n<h2 class=\"wp-block-heading\">Rezerwacja pokoju w Hanowerze<\/h2>\n\n\n\n<p><br><a href=\"https:\/\/welcome.visit-hannover.com\/Hotelportal\/start?reset=1&amp;persistentParameters=1\" target=\"_blank\" rel=\"noreferrer noopener\">Tutaj mo\u017cna wybiera\u0107 spo\u015br\u00f3d r\u00f3\u017cnych ofert:<\/a><\/p>\n\n\n\n<figure class=\"wp-block-image size-large\"><a href=\"https:\/\/www.visit-hannover.com\/Hotels,-FeWo,-B-Bs-Erlebnispakete\/Hotels,-Ferienwohnungen-und-Privatzimmer\"><img loading=\"lazy\" decoding=\"async\" width=\"1024\" height=\"669\" src=\"https:\/\/9staedte.de\/wp-content\/smush-webp\/2023\/07\/Reservierung-Hannover-1024x669.jpg.webp\" alt=\"\" class=\"wp-image-7445\" srcset=\"https:\/\/9staedte.de\/wp-content\/smush-webp\/2023\/07\/Reservierung-Hannover-1024x669.jpg.webp 1024w, https:\/\/9staedte.de\/wp-content\/smush-webp\/2023\/07\/Reservierung-Hannover-300x196.jpg.webp 300w, https:\/\/9staedte.de\/wp-content\/smush-webp\/2023\/07\/Reservierung-Hannover-768x502.jpg.webp 768w, https:\/\/9staedte.de\/wp-content\/smush-webp\/2023\/07\/Reservierung-Hannover.jpg.webp 1028w\" sizes=\"auto, (max-width: 1024px) 100vw, 1024px\" \/><\/a><\/figure>\n","protected":false},"excerpt":{"rendered":"<p>Rezerwacja pokoju w Hanowerze Tutaj mo\u017cna wybiera\u0107 spo\u015br\u00f3d r\u00f3\u017cnych ofert:<\/p>\n","protected":false},"author":1,"featured_media":17139,"parent":18029,"menu_order":0,"comment_status":"closed","ping_status":"closed","template":"pagetemplates\/template-stadtthema.php","meta":{"_acf_changed":false,"footnotes":""},"categories":[],"tags":[],"ncap_cities_tax":[458,1053],"class_list":["post-17137","page","type-page","status-publish","has-post-thumbnail","hentry","ncap_cities_tax-hannover-pl","ncap_cities_tax-reservierungen-hannover-pl"],"acf":[],"yoast_head":"<!-- This site is optimized with the Yoast SEO plugin v26.8 - https:\/\/yoast.com\/product\/yoast-seo-wordpress\/ -->\n<title>Zakwaterowanie w Hanowerze - 9 St\u00e4dte in Niedersachsen<\/title>\n<meta name=\"robots\" content=\"index, follow, max-snippet:-1, max-image-preview:large, max-video-preview:-1\" \/>\n<link rel=\"canonical\" href=\"https:\/\/9staedte.de\/pl\/hanower-stolica-dolnej-saksonii\/zakwaterowanie-w-hanowerze\/\" \/>\n<meta property=\"og:locale\" content=\"pl_PL\" \/>\n<meta property=\"og:type\" content=\"article\" \/>\n<meta property=\"og:title\" content=\"Zakwaterowanie w Hanowerze - 9 St\u00e4dte in Niedersachsen\" \/>\n<meta property=\"og:description\" content=\"Rezerwacja pokoju w Hanowerze Tutaj mo\u017cna wybiera\u0107 spo\u015br\u00f3d r\u00f3\u017cnych ofert:\" \/>\n<meta property=\"og:url\" content=\"https:\/\/9staedte.de\/pl\/hanower-stolica-dolnej-saksonii\/zakwaterowanie-w-hanowerze\/\" \/>\n<meta property=\"og:site_name\" content=\"9 St\u00e4dte in Niedersachsen\" \/>\n<meta property=\"article:modified_time\" content=\"2023-11-02T17:05:54+00:00\" \/>\n<meta property=\"og:image\" content=\"https:\/\/9staedte.de\/wp-content\/uploads\/2023\/02\/Hannover-Hauptbahnhof-c-HMTG-Stefan-Knaak.jpg\" \/>\n\t<meta property=\"og:image:width\" content=\"1020\" \/>\n\t<meta property=\"og:image:height\" content=\"561\" \/>\n\t<meta property=\"og:image:type\" content=\"image\/jpeg\" \/>\n<meta name=\"twitter:card\" content=\"summary_large_image\" \/>\n<meta name=\"twitter:label1\" content=\"Szacowany czas czytania\" \/>\n\t<meta name=\"twitter:data1\" content=\"1 minuta\" \/>\n<script type=\"application\/ld+json\" class=\"yoast-schema-graph\">{\"@context\":\"https:\/\/schema.org\",\"@graph\":[{\"@type\":\"WebPage\",\"@id\":\"https:\/\/9staedte.de\/pl\/hanower-stolica-dolnej-saksonii\/zakwaterowanie-w-hanowerze\/\",\"url\":\"https:\/\/9staedte.de\/pl\/hanower-stolica-dolnej-saksonii\/zakwaterowanie-w-hanowerze\/\",\"name\":\"Zakwaterowanie w Hanowerze - 9 St\u00e4dte in Niedersachsen\",\"isPartOf\":{\"@id\":\"https:\/\/9staedte.de\/pl\/#website\"},\"primaryImageOfPage\":{\"@id\":\"https:\/\/9staedte.de\/pl\/hanower-stolica-dolnej-saksonii\/zakwaterowanie-w-hanowerze\/#primaryimage\"},\"image\":{\"@id\":\"https:\/\/9staedte.de\/pl\/hanower-stolica-dolnej-saksonii\/zakwaterowanie-w-hanowerze\/#primaryimage\"},\"thumbnailUrl\":\"https:\/\/9staedte.de\/wp-content\/uploads\/2023\/02\/Hannover-Hauptbahnhof-c-HMTG-Stefan-Knaak.jpg\",\"datePublished\":\"2023-11-02T08:47:17+00:00\",\"dateModified\":\"2023-11-02T17:05:54+00:00\",\"breadcrumb\":{\"@id\":\"https:\/\/9staedte.de\/pl\/hanower-stolica-dolnej-saksonii\/zakwaterowanie-w-hanowerze\/#breadcrumb\"},\"inLanguage\":\"pl-PL\",\"potentialAction\":[{\"@type\":\"ReadAction\",\"target\":[\"https:\/\/9staedte.de\/pl\/hanower-stolica-dolnej-saksonii\/zakwaterowanie-w-hanowerze\/\"]}]},{\"@type\":\"ImageObject\",\"inLanguage\":\"pl-PL\",\"@id\":\"https:\/\/9staedte.de\/pl\/hanower-stolica-dolnej-saksonii\/zakwaterowanie-w-hanowerze\/#primaryimage\",\"url\":\"https:\/\/9staedte.de\/wp-content\/uploads\/2023\/02\/Hannover-Hauptbahnhof-c-HMTG-Stefan-Knaak.jpg\",\"contentUrl\":\"https:\/\/9staedte.de\/wp-content\/uploads\/2023\/02\/Hannover-Hauptbahnhof-c-HMTG-Stefan-Knaak.jpg\",\"width\":1020,\"height\":561,\"caption\":\"Hannover Hauptbahnhof c) HMTG Stefan Knaak\"},{\"@type\":\"BreadcrumbList\",\"@id\":\"https:\/\/9staedte.de\/pl\/hanower-stolica-dolnej-saksonii\/zakwaterowanie-w-hanowerze\/#breadcrumb\",\"itemListElement\":[{\"@type\":\"ListItem\",\"position\":1,\"name\":\"Startseite\",\"item\":\"https:\/\/9staedte.de\/pl\/\"},{\"@type\":\"ListItem\",\"position\":2,\"name\":\"Hanower &#8211; stolica Dolnej Saksonii\",\"item\":\"https:\/\/9staedte.de\/pl\/hanower-stolica-dolnej-saksonii\/\"},{\"@type\":\"ListItem\",\"position\":3,\"name\":\"Zakwaterowanie w Hanowerze\"}]},{\"@type\":\"WebSite\",\"@id\":\"https:\/\/9staedte.de\/pl\/#website\",\"url\":\"https:\/\/9staedte.de\/pl\/\",\"name\":\"9 St\u00e4dte in Niedersachsen\",\"description\":\"\",\"publisher\":{\"@id\":\"https:\/\/9staedte.de\/pl\/#organization\"},\"potentialAction\":[{\"@type\":\"SearchAction\",\"target\":{\"@type\":\"EntryPoint\",\"urlTemplate\":\"https:\/\/9staedte.de\/pl\/?s={search_term_string}\"},\"query-input\":{\"@type\":\"PropertyValueSpecification\",\"valueRequired\":true,\"valueName\":\"search_term_string\"}}],\"inLanguage\":\"pl-PL\"},{\"@type\":\"Organization\",\"@id\":\"https:\/\/9staedte.de\/pl\/#organization\",\"name\":\"9 St\u00e4dte in Niedersachsen\",\"url\":\"https:\/\/9staedte.de\/pl\/\",\"logo\":{\"@type\":\"ImageObject\",\"inLanguage\":\"pl-PL\",\"@id\":\"https:\/\/9staedte.de\/pl\/#\/schema\/logo\/image\/\",\"url\":\"https:\/\/9staedte.de\/wp-content\/uploads\/2025\/01\/9-neg-deutsch-2-1.png\",\"contentUrl\":\"https:\/\/9staedte.de\/wp-content\/uploads\/2025\/01\/9-neg-deutsch-2-1.png\",\"width\":190,\"height\":114,\"caption\":\"9 St\u00e4dte in Niedersachsen\"},\"image\":{\"@id\":\"https:\/\/9staedte.de\/pl\/#\/schema\/logo\/image\/\"}}]}<\/script>\n<!-- \/ Yoast SEO plugin. -->","yoast_head_json":{"title":"Zakwaterowanie w Hanowerze - 9 St\u00e4dte in Niedersachsen","robots":{"index":"index","follow":"follow","max-snippet":"max-snippet:-1","max-image-preview":"max-image-preview:large","max-video-preview":"max-video-preview:-1"},"canonical":"https:\/\/9staedte.de\/pl\/hanower-stolica-dolnej-saksonii\/zakwaterowanie-w-hanowerze\/","og_locale":"pl_PL","og_type":"article","og_title":"Zakwaterowanie w Hanowerze - 9 St\u00e4dte in Niedersachsen","og_description":"Rezerwacja pokoju w Hanowerze Tutaj mo\u017cna wybiera\u0107 spo\u015br\u00f3d r\u00f3\u017cnych ofert:","og_url":"https:\/\/9staedte.de\/pl\/hanower-stolica-dolnej-saksonii\/zakwaterowanie-w-hanowerze\/","og_site_name":"9 St\u00e4dte in Niedersachsen","article_modified_time":"2023-11-02T17:05:54+00:00","og_image":[{"width":1020,"height":561,"url":"https:\/\/9staedte.de\/wp-content\/uploads\/2023\/02\/Hannover-Hauptbahnhof-c-HMTG-Stefan-Knaak.jpg","type":"image\/jpeg"}],"twitter_card":"summary_large_image","twitter_misc":{"Szacowany czas czytania":"1 minuta"},"schema":{"@context":"https:\/\/schema.org","@graph":[{"@type":"WebPage","@id":"https:\/\/9staedte.de\/pl\/hanower-stolica-dolnej-saksonii\/zakwaterowanie-w-hanowerze\/","url":"https:\/\/9staedte.de\/pl\/hanower-stolica-dolnej-saksonii\/zakwaterowanie-w-hanowerze\/","name":"Zakwaterowanie w Hanowerze - 9 St\u00e4dte in Niedersachsen","isPartOf":{"@id":"https:\/\/9staedte.de\/pl\/#website"},"primaryImageOfPage":{"@id":"https:\/\/9staedte.de\/pl\/hanower-stolica-dolnej-saksonii\/zakwaterowanie-w-hanowerze\/#primaryimage"},"image":{"@id":"https:\/\/9staedte.de\/pl\/hanower-stolica-dolnej-saksonii\/zakwaterowanie-w-hanowerze\/#primaryimage"},"thumbnailUrl":"https:\/\/9staedte.de\/wp-content\/uploads\/2023\/02\/Hannover-Hauptbahnhof-c-HMTG-Stefan-Knaak.jpg","datePublished":"2023-11-02T08:47:17+00:00","dateModified":"2023-11-02T17:05:54+00:00","breadcrumb":{"@id":"https:\/\/9staedte.de\/pl\/hanower-stolica-dolnej-saksonii\/zakwaterowanie-w-hanowerze\/#breadcrumb"},"inLanguage":"pl-PL","potentialAction":[{"@type":"ReadAction","target":["https:\/\/9staedte.de\/pl\/hanower-stolica-dolnej-saksonii\/zakwaterowanie-w-hanowerze\/"]}]},{"@type":"ImageObject","inLanguage":"pl-PL","@id":"https:\/\/9staedte.de\/pl\/hanower-stolica-dolnej-saksonii\/zakwaterowanie-w-hanowerze\/#primaryimage","url":"https:\/\/9staedte.de\/wp-content\/uploads\/2023\/02\/Hannover-Hauptbahnhof-c-HMTG-Stefan-Knaak.jpg","contentUrl":"https:\/\/9staedte.de\/wp-content\/uploads\/2023\/02\/Hannover-Hauptbahnhof-c-HMTG-Stefan-Knaak.jpg","width":1020,"height":561,"caption":"Hannover Hauptbahnhof c) HMTG Stefan Knaak"},{"@type":"BreadcrumbList","@id":"https:\/\/9staedte.de\/pl\/hanower-stolica-dolnej-saksonii\/zakwaterowanie-w-hanowerze\/#breadcrumb","itemListElement":[{"@type":"ListItem","position":1,"name":"Startseite","item":"https:\/\/9staedte.de\/pl\/"},{"@type":"ListItem","position":2,"name":"Hanower &#8211; stolica Dolnej Saksonii","item":"https:\/\/9staedte.de\/pl\/hanower-stolica-dolnej-saksonii\/"},{"@type":"ListItem","position":3,"name":"Zakwaterowanie w Hanowerze"}]},{"@type":"WebSite","@id":"https:\/\/9staedte.de\/pl\/#website","url":"https:\/\/9staedte.de\/pl\/","name":"9 St\u00e4dte in Niedersachsen","description":"","publisher":{"@id":"https:\/\/9staedte.de\/pl\/#organization"},"potentialAction":[{"@type":"SearchAction","target":{"@type":"EntryPoint","urlTemplate":"https:\/\/9staedte.de\/pl\/?s={search_term_string}"},"query-input":{"@type":"PropertyValueSpecification","valueRequired":true,"valueName":"search_term_string"}}],"inLanguage":"pl-PL"},{"@type":"Organization","@id":"https:\/\/9staedte.de\/pl\/#organization","name":"9 St\u00e4dte in Niedersachsen","url":"https:\/\/9staedte.de\/pl\/","logo":{"@type":"ImageObject","inLanguage":"pl-PL","@id":"https:\/\/9staedte.de\/pl\/#\/schema\/logo\/image\/","url":"https:\/\/9staedte.de\/wp-content\/uploads\/2025\/01\/9-neg-deutsch-2-1.png","contentUrl":"https:\/\/9staedte.de\/wp-content\/uploads\/2025\/01\/9-neg-deutsch-2-1.png","width":190,"height":114,"caption":"9 St\u00e4dte in Niedersachsen"},"image":{"@id":"https:\/\/9staedte.de\/pl\/#\/schema\/logo\/image\/"}}]}},"_links":{"self":[{"href":"https:\/\/9staedte.de\/pl\/wp-json\/wp\/v2\/pages\/17137","targetHints":{"allow":["GET"]}}],"collection":[{"href":"https:\/\/9staedte.de\/pl\/wp-json\/wp\/v2\/pages"}],"about":[{"href":"https:\/\/9staedte.de\/pl\/wp-json\/wp\/v2\/types\/page"}],"author":[{"embeddable":true,"href":"https:\/\/9staedte.de\/pl\/wp-json\/wp\/v2\/users\/1"}],"replies":[{"embeddable":true,"href":"https:\/\/9staedte.de\/pl\/wp-json\/wp\/v2\/comments?post=17137"}],"version-history":[{"count":1,"href":"https:\/\/9staedte.de\/pl\/wp-json\/wp\/v2\/pages\/17137\/revisions"}],"predecessor-version":[{"id":19904,"href":"https:\/\/9staedte.de\/pl\/wp-json\/wp\/v2\/pages\/17137\/revisions\/19904"}],"up":[{"embeddable":true,"href":"https:\/\/9staedte.de\/pl\/wp-json\/wp\/v2\/pages\/18029"}],"wp:featuredmedia":[{"embeddable":true,"href":"https:\/\/9staedte.de\/pl\/wp-json\/wp\/v2\/media\/17139"}],"wp:attachment":[{"href":"https:\/\/9staedte.de\/pl\/wp-json\/wp\/v2\/media?parent=17137"}],"wp:term":[{"taxonomy":"category","embeddable":true,"href":"https:\/\/9staedte.de\/pl\/wp-json\/wp\/v2\/categories?post=17137"},{"taxonomy":"post_tag","embeddable":true,"href":"https:\/\/9staedte.de\/pl\/wp-json\/wp\/v2\/tags?post=17137"},{"taxonomy":"ncap_cities_tax","embeddable":true,"href":"https:\/\/9staedte.de\/pl\/wp-json\/wp\/v2\/ncap_cities_tax?post=17137"}],"curies":[{"name":"wp","href":"https:\/\/api.w.org\/{rel}","templated":true}]}}