{"id":17119,"date":"2023-11-02T09:47:10","date_gmt":"2023-11-02T08:47:10","guid":{"rendered":"https:\/\/9staedte.de\/konferencje-i-kongresy-w-hanowerze\/"},"modified":"2025-03-07T12:57:07","modified_gmt":"2025-03-07T11:57:07","slug":"konferencje-i-kongresy-w-hanowerze","status":"publish","type":"page","link":"https:\/\/9staedte.de\/pl\/hanower-stolica-dolnej-saksonii\/konferencje-i-kongresy-w-hanowerze\/","title":{"rendered":"Konferencje i kongresy w Hanowerze"},"content":{"rendered":"\n\n<div class=\"banner-wrapper\">\n  <div class=\"banner-inner \">\n      <div class=\"img-container\">\n      <div class=\"img-wrapper\">\n        <img decoding=\"async\" src=\"https:\/\/9staedte.de\/wp-content\/smush-webp\/2023\/02\/HMTG_Europakarte_200x200.jpg.webp\" alt=\"\" \/>\n                  <div class=\"thumbnail-label\">\n            <span>Hannover HMTG_Europakarte_200x200<\/span>\n          <\/div>\n              <\/div>\n    <\/div>\n        <div class=\"text-container\">\n      <div class=\"content\">\n        <h3><strong>Hannover &#8211; Zentraler Wirtschafts- und Kongressstandort<\/strong><\/h3>\n<p><strong>Die Messe- und Kongressmetropole im Herzen Europas<br \/>\n<\/strong>Als weltweit bedeutende Messestadt blickt Hannover auf eine \u00fcber 75-j\u00e4hrige Tradition zur\u00fcck. Das hannoversche Messegel\u00e4nde ist Schauplatz f\u00fcr internationale Leitmessen wie die HANNOVER MESSE, IAA Transportation, DOMOTEX, LIGNA, EMO oder AGRITECHNICA. Auch als Konferenz- und Kongressort spielt Hannover eine wichtige Rolle und beeindruckt mit einer gro\u00dfen Auswahl von au\u00dfergew\u00f6hnlichen Locations.<\/p>\n<p><strong>Made in Hannover<\/strong><br \/>\nNamhafte Marken und Weltkonzerne verleihen der Wirtschaftsregion internationale Strahlkraft: Bahlsen, KIND H\u00f6rger\u00e4te, Komatsu-Hanomag, Rossmann, Sennheiser electronic und die TUI sind hier ans\u00e4ssig. Besondere Bedeutung haben die Automobilindustrie (Volkswagen Nutzfahrzeuge und Continental) sowie die Versicherungs- und Finanzdienstleistungsbranche. Und auch eine florierende Startup-Szene Wirtschaftsplatz Hannover.<\/p>\n<p>&nbsp;<\/p>\n<p>&nbsp;<\/p>\n      <\/div>\n    <\/div>\n    <\/div>\n<\/div>\n\n\n\n\r\n\r\n    <div class=\"filter-posts\">\r\n            <div  id=\"filterContent\">\r\n                                                        \n<div class=\"contentKachel filtr-item\" data-category=\"hannover-pl\">\n    <a href=\"https:\/\/9staedte.de\/pl\/hannover-congress-and-event-bureau-doskonala-obsluga-z-jednego-zrodla\/\">\n        <div class=\"contentKachel-inner\">\n                            <div class=\"contentKachel-thumbnail\">\n                    <img loading=\"lazy\" decoding=\"async\" width=\"300\" height=\"164\" src=\"https:\/\/9staedte.de\/wp-content\/smush-webp\/2023\/02\/Deutsche-Messe-Halle-19-c-Marc-Winkel-Fotografie-300x164.jpg.webp\" class=\"objectfitcover withfilters wp-post-image\" alt=\"Na zdj\u0119ciu wida\u0107 du\u017c\u0105 hal\u0119 targow\u0105. Budynek ma du\u017co okien i jest jasno o\u015bwietlony. Jest wiecz\u00f3r, a niebo jest niebiesko-r\u00f3\u017cowe. Przed budynkiem rosn\u0105 ma\u0142e drzewa. Budynek nazywa si\u0119 Hala 19 Deutsche Messe w Hanowerze.\" srcset=\"https:\/\/9staedte.de\/wp-content\/smush-webp\/2023\/02\/Deutsche-Messe-Halle-19-c-Marc-Winkel-Fotografie-300x164.jpg.webp 300w, https:\/\/9staedte.de\/wp-content\/smush-webp\/2023\/02\/Deutsche-Messe-Halle-19-c-Marc-Winkel-Fotografie-768x421.jpg.webp 768w, https:\/\/9staedte.de\/wp-content\/smush-webp\/2023\/02\/Deutsche-Messe-Halle-19-c-Marc-Winkel-Fotografie.jpg.webp 1020w\" sizes=\"auto, (max-width: 300px) 100vw, 300px\" \/>                    <img loading=\"lazy\" decoding=\"async\" width=\"300\" height=\"164\" src=\"https:\/\/9staedte.de\/wp-content\/smush-webp\/2023\/02\/Deutsche-Messe-Halle-19-c-Marc-Winkel-Fotografie-300x164.jpg.webp\" class=\"objectfitcontain wp-post-image\" alt=\"Na zdj\u0119ciu wida\u0107 du\u017c\u0105 hal\u0119 targow\u0105. Budynek ma du\u017co okien i jest jasno o\u015bwietlony. Jest wiecz\u00f3r, a niebo jest niebiesko-r\u00f3\u017cowe. Przed budynkiem rosn\u0105 ma\u0142e drzewa. Budynek nazywa si\u0119 Hala 19 Deutsche Messe w Hanowerze.\" srcset=\"https:\/\/9staedte.de\/wp-content\/smush-webp\/2023\/02\/Deutsche-Messe-Halle-19-c-Marc-Winkel-Fotografie-300x164.jpg.webp 300w, https:\/\/9staedte.de\/wp-content\/smush-webp\/2023\/02\/Deutsche-Messe-Halle-19-c-Marc-Winkel-Fotografie-768x421.jpg.webp 768w, https:\/\/9staedte.de\/wp-content\/smush-webp\/2023\/02\/Deutsche-Messe-Halle-19-c-Marc-Winkel-Fotografie.jpg.webp 1020w\" sizes=\"auto, (max-width: 300px) 100vw, 300px\" \/>                        <div class=\"thumbnail-label\">\n    <span>Deutsche Messe Halle 19 c) Marc Winkel Fotografie<\/span>\n    <\/div>\n                <\/div>\n                        <div class=\"contentKachel-content\">\n                                    <div class=\"city-tag bg-hannover\">\n                        Hannover                    <\/div>\n                \n                <div class=\"title\">\n\n                    Hannover Convention Bureau &#8211; doskona\u0142a obs\u0142uga z jednego \u017ar\u00f3d\u0142a                    \n                <\/div>\n\n                            <\/div>\n\n        <\/div>\n    <\/a>\n<\/div>                                                        \n<div class=\"contentKachel filtr-item\" data-category=\"hannover-pl\">\n    <a href=\"https:\/\/9staedte.de\/pl\/biuro-konwencji-i-wydarzen-w-hanowerze-portal-lokalizacji\/\">\n        <div class=\"contentKachel-inner\">\n                            <div class=\"contentKachel-thumbnail\">\n                    <img loading=\"lazy\" decoding=\"async\" width=\"300\" height=\"165\" src=\"https:\/\/9staedte.de\/wp-content\/smush-webp\/2022\/06\/Kuppelsaal-2-\u00a9-R.-Droese-300x165.jpg.webp\" class=\"objectfitcover withfilters wp-post-image\" alt=\"Na zdj\u0119ciu wida\u0107 du\u017c\u0105 sal\u0119 koncertow\u0105. Sala jest okr\u0105g\u0142a. Jest tam wiele fioletowych krzese\u0142. Sufit jest wysoki i okr\u0105g\u0142y. Z sufitu wisz\u0105 du\u017ce lampy. Sala nazywa si\u0119 Kuppelsaal w Hannover Congress Centrum.\" srcset=\"https:\/\/9staedte.de\/wp-content\/smush-webp\/2022\/06\/Kuppelsaal-2-\u00a9-R.-Droese-300x165.jpg.webp 300w, https:\/\/9staedte.de\/wp-content\/smush-webp\/2022\/06\/Kuppelsaal-2-\u00a9-R.-Droese-768x422.jpg.webp 768w, https:\/\/9staedte.de\/wp-content\/smush-webp\/2022\/06\/Kuppelsaal-2-\u00a9-R.-Droese.jpg.webp 1020w\" sizes=\"auto, (max-width: 300px) 100vw, 300px\" \/>                    <img loading=\"lazy\" decoding=\"async\" width=\"300\" height=\"165\" src=\"https:\/\/9staedte.de\/wp-content\/smush-webp\/2022\/06\/Kuppelsaal-2-\u00a9-R.-Droese-300x165.jpg.webp\" class=\"objectfitcontain wp-post-image\" alt=\"Na zdj\u0119ciu wida\u0107 du\u017c\u0105 sal\u0119 koncertow\u0105. Sala jest okr\u0105g\u0142a. Jest tam wiele fioletowych krzese\u0142. Sufit jest wysoki i okr\u0105g\u0142y. Z sufitu wisz\u0105 du\u017ce lampy. Sala nazywa si\u0119 Kuppelsaal w Hannover Congress Centrum.\" srcset=\"https:\/\/9staedte.de\/wp-content\/smush-webp\/2022\/06\/Kuppelsaal-2-\u00a9-R.-Droese-300x165.jpg.webp 300w, https:\/\/9staedte.de\/wp-content\/smush-webp\/2022\/06\/Kuppelsaal-2-\u00a9-R.-Droese-768x422.jpg.webp 768w, https:\/\/9staedte.de\/wp-content\/smush-webp\/2022\/06\/Kuppelsaal-2-\u00a9-R.-Droese.jpg.webp 1020w\" sizes=\"auto, (max-width: 300px) 100vw, 300px\" \/>                        <div class=\"thumbnail-label\">\n    <span>HCC Kuppelsaal c) R. Dr\u00f6se<\/span>\n    <\/div>\n                <\/div>\n                        <div class=\"contentKachel-content\">\n                                    <div class=\"city-tag bg-hannover\">\n                        Hannover                    <\/div>\n                \n                <div class=\"title\">\n\n                    Hannover Convention Bureau &#8211; Portal lokalizacji                    \n                <\/div>\n\n                            <\/div>\n\n        <\/div>\n    <\/a>\n<\/div>                                                        \n<div class=\"contentKachel filtr-item\" data-category=\"hannover-pl\">\n    <a href=\"https:\/\/9staedte.de\/pl\/lokalizacje-w-hanowerze-na-konferencje-targi-i-kongresy-w-360\/\">\n        <div class=\"contentKachel-inner\">\n                            <div class=\"contentKachel-thumbnail\">\n                    <img loading=\"lazy\" decoding=\"async\" width=\"300\" height=\"150\" src=\"https:\/\/9staedte.de\/wp-content\/smush-webp\/2023\/02\/Little-Planet-Messe-21-300x150.jpg.webp\" class=\"objectfitcover withfilters wp-post-image\" alt=\"Zdj\u0119cie pokazuje teren targ\u00f3w w Hanowerze. Zosta\u0142o zrobione specjalnym aparatem. Teren wygl\u0105da jak ma\u0142y, okr\u0105g\u0142y \u015bwiat. Wida\u0107 du\u017cy szklany budynek. Na niebie s\u0105 niebieskie kolory i kilka chmur. Na \u015brodku jest brukowany plac. Zdj\u0119cie wygl\u0105da jak ma\u0142a planeta z g\u00f3ry.\" srcset=\"https:\/\/9staedte.de\/wp-content\/smush-webp\/2023\/02\/Little-Planet-Messe-21-300x150.jpg.webp 300w, https:\/\/9staedte.de\/wp-content\/smush-webp\/2023\/02\/Little-Planet-Messe-21-768x384.jpg.webp 768w, https:\/\/9staedte.de\/wp-content\/smush-webp\/2023\/02\/Little-Planet-Messe-21.jpg.webp 1020w\" sizes=\"auto, (max-width: 300px) 100vw, 300px\" \/>                    <img loading=\"lazy\" decoding=\"async\" width=\"300\" height=\"150\" src=\"https:\/\/9staedte.de\/wp-content\/smush-webp\/2023\/02\/Little-Planet-Messe-21-300x150.jpg.webp\" class=\"objectfitcontain wp-post-image\" alt=\"Zdj\u0119cie pokazuje teren targ\u00f3w w Hanowerze. Zosta\u0142o zrobione specjalnym aparatem. Teren wygl\u0105da jak ma\u0142y, okr\u0105g\u0142y \u015bwiat. Wida\u0107 du\u017cy szklany budynek. Na niebie s\u0105 niebieskie kolory i kilka chmur. Na \u015brodku jest brukowany plac. Zdj\u0119cie wygl\u0105da jak ma\u0142a planeta z g\u00f3ry.\" srcset=\"https:\/\/9staedte.de\/wp-content\/smush-webp\/2023\/02\/Little-Planet-Messe-21-300x150.jpg.webp 300w, https:\/\/9staedte.de\/wp-content\/smush-webp\/2023\/02\/Little-Planet-Messe-21-768x384.jpg.webp 768w, https:\/\/9staedte.de\/wp-content\/smush-webp\/2023\/02\/Little-Planet-Messe-21.jpg.webp 1020w\" sizes=\"auto, (max-width: 300px) 100vw, 300px\" \/>                        <div class=\"thumbnail-label\">\n    <span>360\u00b0 Hannover Messegel\u00e4nde c) HMTG<\/span>\n    <\/div>\n                <\/div>\n                        <div class=\"contentKachel-content\">\n                                    <div class=\"city-tag bg-hannover\">\n                        Hannover                    <\/div>\n                \n                <div class=\"title\">\n\n                    Lokalizacje w Hanowerze na konferencje, targi i kongresy w 360\u00b0.                    \n                <\/div>\n\n                            <\/div>\n\n        <\/div>\n    <\/a>\n<\/div>                                            <\/div>\r\n    <\/div>\r\n","protected":false},"excerpt":{"rendered":"","protected":false},"author":1,"featured_media":17120,"parent":18029,"menu_order":0,"comment_status":"closed","ping_status":"closed","template":"pagetemplates\/template-stadtthema.php","meta":{"_acf_changed":false,"footnotes":""},"categories":[],"tags":[],"ncap_cities_tax":[458,1165],"class_list":["post-17119","page","type-page","status-publish","has-post-thumbnail","hentry","ncap_cities_tax-hannover-pl","ncap_cities_tax-tagungen-und-kongresse-hannover-pl"],"acf":[],"yoast_head":"<!-- This site is optimized with the Yoast SEO plugin v26.8 - https:\/\/yoast.com\/product\/yoast-seo-wordpress\/ -->\n<title>Konferencje i kongresy w Hanowerze - 9 St\u00e4dte in Niedersachsen<\/title>\n<meta name=\"robots\" content=\"index, follow, max-snippet:-1, max-image-preview:large, max-video-preview:-1\" \/>\n<link rel=\"canonical\" href=\"https:\/\/9staedte.de\/pl\/hanower-stolica-dolnej-saksonii\/konferencje-i-kongresy-w-hanowerze\/\" \/>\n<meta property=\"og:locale\" content=\"pl_PL\" \/>\n<meta property=\"og:type\" content=\"article\" \/>\n<meta property=\"og:title\" content=\"Konferencje i kongresy w Hanowerze - 9 St\u00e4dte in Niedersachsen\" \/>\n<meta property=\"og:url\" content=\"https:\/\/9staedte.de\/pl\/hanower-stolica-dolnej-saksonii\/konferencje-i-kongresy-w-hanowerze\/\" \/>\n<meta property=\"og:site_name\" content=\"9 St\u00e4dte in Niedersachsen\" \/>\n<meta property=\"article:modified_time\" content=\"2025-03-07T11:57:07+00:00\" \/>\n<meta property=\"og:image\" content=\"https:\/\/9staedte.de\/wp-content\/uploads\/2023\/02\/Veranstaltung-im-Schloss-Herrenhausen-c-Bjoern-Kuessner.jpg\" \/>\n\t<meta property=\"og:image:width\" content=\"1020\" \/>\n\t<meta property=\"og:image:height\" content=\"559\" \/>\n\t<meta property=\"og:image:type\" content=\"image\/jpeg\" \/>\n<meta name=\"twitter:card\" content=\"summary_large_image\" \/>\n<meta name=\"twitter:label1\" content=\"Szacowany czas czytania\" \/>\n\t<meta name=\"twitter:data1\" content=\"1 minuta\" \/>\n<script type=\"application\/ld+json\" class=\"yoast-schema-graph\">{\"@context\":\"https:\/\/schema.org\",\"@graph\":[{\"@type\":\"WebPage\",\"@id\":\"https:\/\/9staedte.de\/pl\/hanower-stolica-dolnej-saksonii\/konferencje-i-kongresy-w-hanowerze\/\",\"url\":\"https:\/\/9staedte.de\/pl\/hanower-stolica-dolnej-saksonii\/konferencje-i-kongresy-w-hanowerze\/\",\"name\":\"Konferencje i kongresy w Hanowerze - 9 St\u00e4dte in Niedersachsen\",\"isPartOf\":{\"@id\":\"https:\/\/9staedte.de\/pl\/#website\"},\"primaryImageOfPage\":{\"@id\":\"https:\/\/9staedte.de\/pl\/hanower-stolica-dolnej-saksonii\/konferencje-i-kongresy-w-hanowerze\/#primaryimage\"},\"image\":{\"@id\":\"https:\/\/9staedte.de\/pl\/hanower-stolica-dolnej-saksonii\/konferencje-i-kongresy-w-hanowerze\/#primaryimage\"},\"thumbnailUrl\":\"https:\/\/9staedte.de\/wp-content\/uploads\/2023\/02\/Veranstaltung-im-Schloss-Herrenhausen-c-Bjoern-Kuessner.jpg\",\"datePublished\":\"2023-11-02T08:47:10+00:00\",\"dateModified\":\"2025-03-07T11:57:07+00:00\",\"breadcrumb\":{\"@id\":\"https:\/\/9staedte.de\/pl\/hanower-stolica-dolnej-saksonii\/konferencje-i-kongresy-w-hanowerze\/#breadcrumb\"},\"inLanguage\":\"pl-PL\",\"potentialAction\":[{\"@type\":\"ReadAction\",\"target\":[\"https:\/\/9staedte.de\/pl\/hanower-stolica-dolnej-saksonii\/konferencje-i-kongresy-w-hanowerze\/\"]}]},{\"@type\":\"ImageObject\",\"inLanguage\":\"pl-PL\",\"@id\":\"https:\/\/9staedte.de\/pl\/hanower-stolica-dolnej-saksonii\/konferencje-i-kongresy-w-hanowerze\/#primaryimage\",\"url\":\"https:\/\/9staedte.de\/wp-content\/uploads\/2023\/02\/Veranstaltung-im-Schloss-Herrenhausen-c-Bjoern-Kuessner.jpg\",\"contentUrl\":\"https:\/\/9staedte.de\/wp-content\/uploads\/2023\/02\/Veranstaltung-im-Schloss-Herrenhausen-c-Bjoern-Kuessner.jpg\",\"width\":1020,\"height\":559,\"caption\":\"Veranstaltung im Schloss Herrenhausen c) Bj\u00f6rn K\u00fcssner\"},{\"@type\":\"BreadcrumbList\",\"@id\":\"https:\/\/9staedte.de\/pl\/hanower-stolica-dolnej-saksonii\/konferencje-i-kongresy-w-hanowerze\/#breadcrumb\",\"itemListElement\":[{\"@type\":\"ListItem\",\"position\":1,\"name\":\"Startseite\",\"item\":\"https:\/\/9staedte.de\/pl\/\"},{\"@type\":\"ListItem\",\"position\":2,\"name\":\"Hanower &#8211; stolica Dolnej Saksonii\",\"item\":\"https:\/\/9staedte.de\/pl\/hanower-stolica-dolnej-saksonii\/\"},{\"@type\":\"ListItem\",\"position\":3,\"name\":\"Konferencje i kongresy w Hanowerze\"}]},{\"@type\":\"WebSite\",\"@id\":\"https:\/\/9staedte.de\/pl\/#website\",\"url\":\"https:\/\/9staedte.de\/pl\/\",\"name\":\"9 St\u00e4dte in Niedersachsen\",\"description\":\"\",\"publisher\":{\"@id\":\"https:\/\/9staedte.de\/pl\/#organization\"},\"potentialAction\":[{\"@type\":\"SearchAction\",\"target\":{\"@type\":\"EntryPoint\",\"urlTemplate\":\"https:\/\/9staedte.de\/pl\/?s={search_term_string}\"},\"query-input\":{\"@type\":\"PropertyValueSpecification\",\"valueRequired\":true,\"valueName\":\"search_term_string\"}}],\"inLanguage\":\"pl-PL\"},{\"@type\":\"Organization\",\"@id\":\"https:\/\/9staedte.de\/pl\/#organization\",\"name\":\"9 St\u00e4dte in Niedersachsen\",\"url\":\"https:\/\/9staedte.de\/pl\/\",\"logo\":{\"@type\":\"ImageObject\",\"inLanguage\":\"pl-PL\",\"@id\":\"https:\/\/9staedte.de\/pl\/#\/schema\/logo\/image\/\",\"url\":\"https:\/\/9staedte.de\/wp-content\/uploads\/2025\/01\/9-neg-deutsch-2-1.png\",\"contentUrl\":\"https:\/\/9staedte.de\/wp-content\/uploads\/2025\/01\/9-neg-deutsch-2-1.png\",\"width\":190,\"height\":114,\"caption\":\"9 St\u00e4dte in Niedersachsen\"},\"image\":{\"@id\":\"https:\/\/9staedte.de\/pl\/#\/schema\/logo\/image\/\"}}]}<\/script>\n<!-- \/ Yoast SEO plugin. -->","yoast_head_json":{"title":"Konferencje i kongresy w Hanowerze - 9 St\u00e4dte in Niedersachsen","robots":{"index":"index","follow":"follow","max-snippet":"max-snippet:-1","max-image-preview":"max-image-preview:large","max-video-preview":"max-video-preview:-1"},"canonical":"https:\/\/9staedte.de\/pl\/hanower-stolica-dolnej-saksonii\/konferencje-i-kongresy-w-hanowerze\/","og_locale":"pl_PL","og_type":"article","og_title":"Konferencje i kongresy w Hanowerze - 9 St\u00e4dte in Niedersachsen","og_url":"https:\/\/9staedte.de\/pl\/hanower-stolica-dolnej-saksonii\/konferencje-i-kongresy-w-hanowerze\/","og_site_name":"9 St\u00e4dte in Niedersachsen","article_modified_time":"2025-03-07T11:57:07+00:00","og_image":[{"width":1020,"height":559,"url":"https:\/\/9staedte.de\/wp-content\/uploads\/2023\/02\/Veranstaltung-im-Schloss-Herrenhausen-c-Bjoern-Kuessner.jpg","type":"image\/jpeg"}],"twitter_card":"summary_large_image","twitter_misc":{"Szacowany czas czytania":"1 minuta"},"schema":{"@context":"https:\/\/schema.org","@graph":[{"@type":"WebPage","@id":"https:\/\/9staedte.de\/pl\/hanower-stolica-dolnej-saksonii\/konferencje-i-kongresy-w-hanowerze\/","url":"https:\/\/9staedte.de\/pl\/hanower-stolica-dolnej-saksonii\/konferencje-i-kongresy-w-hanowerze\/","name":"Konferencje i kongresy w Hanowerze - 9 St\u00e4dte in Niedersachsen","isPartOf":{"@id":"https:\/\/9staedte.de\/pl\/#website"},"primaryImageOfPage":{"@id":"https:\/\/9staedte.de\/pl\/hanower-stolica-dolnej-saksonii\/konferencje-i-kongresy-w-hanowerze\/#primaryimage"},"image":{"@id":"https:\/\/9staedte.de\/pl\/hanower-stolica-dolnej-saksonii\/konferencje-i-kongresy-w-hanowerze\/#primaryimage"},"thumbnailUrl":"https:\/\/9staedte.de\/wp-content\/uploads\/2023\/02\/Veranstaltung-im-Schloss-Herrenhausen-c-Bjoern-Kuessner.jpg","datePublished":"2023-11-02T08:47:10+00:00","dateModified":"2025-03-07T11:57:07+00:00","breadcrumb":{"@id":"https:\/\/9staedte.de\/pl\/hanower-stolica-dolnej-saksonii\/konferencje-i-kongresy-w-hanowerze\/#breadcrumb"},"inLanguage":"pl-PL","potentialAction":[{"@type":"ReadAction","target":["https:\/\/9staedte.de\/pl\/hanower-stolica-dolnej-saksonii\/konferencje-i-kongresy-w-hanowerze\/"]}]},{"@type":"ImageObject","inLanguage":"pl-PL","@id":"https:\/\/9staedte.de\/pl\/hanower-stolica-dolnej-saksonii\/konferencje-i-kongresy-w-hanowerze\/#primaryimage","url":"https:\/\/9staedte.de\/wp-content\/uploads\/2023\/02\/Veranstaltung-im-Schloss-Herrenhausen-c-Bjoern-Kuessner.jpg","contentUrl":"https:\/\/9staedte.de\/wp-content\/uploads\/2023\/02\/Veranstaltung-im-Schloss-Herrenhausen-c-Bjoern-Kuessner.jpg","width":1020,"height":559,"caption":"Veranstaltung im Schloss Herrenhausen c) Bj\u00f6rn K\u00fcssner"},{"@type":"BreadcrumbList","@id":"https:\/\/9staedte.de\/pl\/hanower-stolica-dolnej-saksonii\/konferencje-i-kongresy-w-hanowerze\/#breadcrumb","itemListElement":[{"@type":"ListItem","position":1,"name":"Startseite","item":"https:\/\/9staedte.de\/pl\/"},{"@type":"ListItem","position":2,"name":"Hanower &#8211; stolica Dolnej Saksonii","item":"https:\/\/9staedte.de\/pl\/hanower-stolica-dolnej-saksonii\/"},{"@type":"ListItem","position":3,"name":"Konferencje i kongresy w Hanowerze"}]},{"@type":"WebSite","@id":"https:\/\/9staedte.de\/pl\/#website","url":"https:\/\/9staedte.de\/pl\/","name":"9 St\u00e4dte in Niedersachsen","description":"","publisher":{"@id":"https:\/\/9staedte.de\/pl\/#organization"},"potentialAction":[{"@type":"SearchAction","target":{"@type":"EntryPoint","urlTemplate":"https:\/\/9staedte.de\/pl\/?s={search_term_string}"},"query-input":{"@type":"PropertyValueSpecification","valueRequired":true,"valueName":"search_term_string"}}],"inLanguage":"pl-PL"},{"@type":"Organization","@id":"https:\/\/9staedte.de\/pl\/#organization","name":"9 St\u00e4dte in Niedersachsen","url":"https:\/\/9staedte.de\/pl\/","logo":{"@type":"ImageObject","inLanguage":"pl-PL","@id":"https:\/\/9staedte.de\/pl\/#\/schema\/logo\/image\/","url":"https:\/\/9staedte.de\/wp-content\/uploads\/2025\/01\/9-neg-deutsch-2-1.png","contentUrl":"https:\/\/9staedte.de\/wp-content\/uploads\/2025\/01\/9-neg-deutsch-2-1.png","width":190,"height":114,"caption":"9 St\u00e4dte in Niedersachsen"},"image":{"@id":"https:\/\/9staedte.de\/pl\/#\/schema\/logo\/image\/"}}]}},"_links":{"self":[{"href":"https:\/\/9staedte.de\/pl\/wp-json\/wp\/v2\/pages\/17119","targetHints":{"allow":["GET"]}}],"collection":[{"href":"https:\/\/9staedte.de\/pl\/wp-json\/wp\/v2\/pages"}],"about":[{"href":"https:\/\/9staedte.de\/pl\/wp-json\/wp\/v2\/types\/page"}],"author":[{"embeddable":true,"href":"https:\/\/9staedte.de\/pl\/wp-json\/wp\/v2\/users\/1"}],"replies":[{"embeddable":true,"href":"https:\/\/9staedte.de\/pl\/wp-json\/wp\/v2\/comments?post=17119"}],"version-history":[{"count":2,"href":"https:\/\/9staedte.de\/pl\/wp-json\/wp\/v2\/pages\/17119\/revisions"}],"predecessor-version":[{"id":24883,"href":"https:\/\/9staedte.de\/pl\/wp-json\/wp\/v2\/pages\/17119\/revisions\/24883"}],"up":[{"embeddable":true,"href":"https:\/\/9staedte.de\/pl\/wp-json\/wp\/v2\/pages\/18029"}],"wp:featuredmedia":[{"embeddable":true,"href":"https:\/\/9staedte.de\/pl\/wp-json\/wp\/v2\/media\/17120"}],"wp:attachment":[{"href":"https:\/\/9staedte.de\/pl\/wp-json\/wp\/v2\/media?parent=17119"}],"wp:term":[{"taxonomy":"category","embeddable":true,"href":"https:\/\/9staedte.de\/pl\/wp-json\/wp\/v2\/categories?post=17119"},{"taxonomy":"post_tag","embeddable":true,"href":"https:\/\/9staedte.de\/pl\/wp-json\/wp\/v2\/tags?post=17119"},{"taxonomy":"ncap_cities_tax","embeddable":true,"href":"https:\/\/9staedte.de\/pl\/wp-json\/wp\/v2\/ncap_cities_tax?post=17119"}],"curies":[{"name":"wp","href":"https:\/\/api.w.org\/{rel}","templated":true}]}}