{"id":17115,"date":"2023-11-02T09:47:08","date_gmt":"2023-11-02T08:47:08","guid":{"rendered":"https:\/\/9staedte.de\/hildesheim-odkrywaj-w-sposob-zrownowazony\/"},"modified":"2024-03-21T15:12:39","modified_gmt":"2024-03-21T14:12:39","slug":"hildesheim-odkrywaj-w-sposob-zrownowazony","status":"publish","type":"page","link":"https:\/\/9staedte.de\/pl\/hildesheim-miasto-wpisane-na-liste-swiatowego-dziedzictwa-unesco\/hildesheim-odkrywaj-w-sposob-zrownowazony\/","title":{"rendered":"Hildesheim &#8211; odkrywaj w spos\u00f3b zr\u00f3wnowa\u017cony"},"content":{"rendered":"\n<h2 class=\"wp-block-heading\">Hildesheim &#8211; odkrywaj w spos\u00f3b zr\u00f3wnowa\u017cony<\/h2>\n\n\n\n<p>Dzi\u0119ki dobrym po\u0142\u0105czeniom z sieci\u0105 kolejow\u0105, do Hildesheim mo\u017cna dotrze\u0107 w przyjazny dla \u015brodowiska spos\u00f3b poci\u0105gami ICE, Metronom, Eurobahn i NordWestBahn, a tak\u017ce S-Bahn. Do\u015bwiadcz Hildesheim w zr\u00f3wnowa\u017cony spos\u00f3b i odkrywaj miasto na kr\u00f3tkich dystansach podczas pieszych w\u0119dr\u00f3wek, spacer\u00f3w, jazdy na rowerze lub pojazdem elektrycznym. Wizyta na cotygodniowych targach jest obowi\u0105zkowa podczas pobytu: s\u0142odkie truskawki i chrupi\u0105ca sa\u0142ata z Algermissen, grube ziemniaki z Hildesheim B\u00f6rde i s\u0142odki mi\u00f3d od pszcz\u00f3\u0142 z miasta Hildesheim. R\u0119cznie robione i lokalne smako\u0142yki r\u00f3wnie\u017c wype\u0142niaj\u0105 p\u00f3\u0142ki sklep\u00f3w w regionie. Przekonaj si\u0119 do zr\u00f3wnowa\u017conych ofert w Hildesheim!<\/p>\n\n\n\n\n<div class=\"banner-wrapper\">\n  <div class=\"banner-inner \">\n      <div class=\"img-container\">\n      <div class=\"img-wrapper\">\n        <img decoding=\"async\" src=\"https:\/\/9staedte.de\/wp-content\/smush-webp\/2023\/03\/Radfahren-in-Hildesheim\u00a9-Hildesheim-Marketing-Foto-Bierwagen.jpg.webp\" alt=\"Na zdj\u0119ciu jest m\u0119\u017cczyzna i kobieta na rowerach. Jad\u0105 obok siebie przez las. \u015acie\u017cka jest prosta i otoczona drzewami. Oboje si\u0119 u\u015bmiechaj\u0105 i maj\u0105 na sobie lu\u017ane ubrania. S\u0142o\u0144ce \u015bwieci przez li\u015bcie. Jest spokojnie i zielono. To miejsce jest w Hildesheim.\" \/>\n                  <div class=\"thumbnail-label\">\n            <span>Radfahren in Hildesheim\u00a9 Hildesheim Marketing, Foto Bierwagen<\/span>\n          <\/div>\n              <\/div>\n    <\/div>\n        <div class=\"text-container\">\n      <div class=\"content\">\n        <h2>Odkryj Hildesheim w spos\u00f3b zr\u00f3wnowa\u017cony: 9 wskaz\u00f3wek<\/h2>\n<p>&#8211; Sprawiedliwy handel na poziomie lokalnym: oficjalne &#8222;Fairtrade Town&#8221; Hildesheim<\/p>\n<p>&#8211; Van der Valk Hotel Hildesheim jako &#8222;certyfikowany zielony hotel&#8221;<\/p>\n<p>&#8211; Cotygodniowe targi ze specja\u0142ami od regionalnych dostawc\u00f3w<\/p>\n<p>&#8211; Regionalna, sprawiedliwie sprzedawana \u017cywno\u015b\u0107 z logo Hi-Land<\/p>\n<p>&#8211; Produkty regionalne, takie jak mi\u00f3d, piwo, trufle i wiele innych w niekt\u00f3rych sklepach i supermarketach w Hildesheim<\/p>\n<p>&#8211; Wycieczki kajakowe po wodach rzek Leine i Innerste<\/p>\n<p>&#8211; W\u0119dr\u00f3wki po g\u00f3rskich i panoramicznych szlakach w Hildesheim i okolicach<\/p>\n<p>&#8211; Jazda na rowerze w regionie na oko\u0142o 460 kilometrach<\/p>\n<p>&#8211; Wsp\u00f3\u0142dzielenie samochod\u00f3w (Stadtmobil) i hulajnogi elektryczne (Tier) w Hildesheim<\/p>\n      <\/div>\n    <\/div>\n    <\/div>\n<\/div>\n\n","protected":false},"excerpt":{"rendered":"<p>Hildesheim &#8211; odkrywaj w spos\u00f3b zr\u00f3wnowa\u017cony Dzi\u0119ki dobrym po\u0142\u0105czeniom z sieci\u0105 kolejow\u0105, do Hildesheim mo\u017cna dotrze\u0107 w przyjazny dla \u015brodowiska spos\u00f3b poci\u0105gami ICE, Metronom, Eurobahn i NordWestBahn, a tak\u017ce S-Bahn. Do\u015bwiadcz Hildesheim w zr\u00f3wnowa\u017cony spos\u00f3b i odkrywaj miasto na kr\u00f3tkich dystansach podczas pieszych w\u0119dr\u00f3wek, spacer\u00f3w, jazdy na rowerze lub pojazdem elektrycznym. Wizyta na cotygodniowych targach [&hellip;]<\/p>\n","protected":false},"author":1,"featured_media":17116,"parent":17929,"menu_order":0,"comment_status":"closed","ping_status":"closed","template":"pagetemplates\/template-stadtthema.php","meta":{"_acf_changed":false,"footnotes":""},"categories":[],"tags":[],"ncap_cities_tax":[465,1068],"class_list":["post-17115","page","type-page","status-publish","has-post-thumbnail","hentry","ncap_cities_tax-hildesheim-pl","ncap_cities_tax-naturerlebnisse-und-nachhaltigkeit-hildesheim-pl"],"acf":[],"yoast_head":"<!-- This site is optimized with the Yoast SEO plugin v26.8 - https:\/\/yoast.com\/product\/yoast-seo-wordpress\/ -->\n<title>Hildesheim - odkrywaj w spos\u00f3b zr\u00f3wnowa\u017cony - 9 St\u00e4dte in Niedersachsen<\/title>\n<meta name=\"robots\" content=\"index, follow, max-snippet:-1, max-image-preview:large, max-video-preview:-1\" \/>\n<link rel=\"canonical\" href=\"https:\/\/9staedte.de\/pl\/hildesheim-miasto-wpisane-na-liste-swiatowego-dziedzictwa-unesco\/hildesheim-odkrywaj-w-sposob-zrownowazony\/\" \/>\n<meta property=\"og:locale\" content=\"pl_PL\" \/>\n<meta property=\"og:type\" content=\"article\" \/>\n<meta property=\"og:title\" content=\"Hildesheim - odkrywaj w spos\u00f3b zr\u00f3wnowa\u017cony - 9 St\u00e4dte in Niedersachsen\" \/>\n<meta property=\"og:description\" content=\"Hildesheim &#8211; odkrywaj w spos\u00f3b zr\u00f3wnowa\u017cony Dzi\u0119ki dobrym po\u0142\u0105czeniom z sieci\u0105 kolejow\u0105, do Hildesheim mo\u017cna dotrze\u0107 w przyjazny dla \u015brodowiska spos\u00f3b poci\u0105gami ICE, Metronom, Eurobahn i NordWestBahn, a tak\u017ce S-Bahn. Do\u015bwiadcz Hildesheim w zr\u00f3wnowa\u017cony spos\u00f3b i odkrywaj miasto na kr\u00f3tkich dystansach podczas pieszych w\u0119dr\u00f3wek, spacer\u00f3w, jazdy na rowerze lub pojazdem elektrycznym. Wizyta na cotygodniowych targach [&hellip;]\" \/>\n<meta property=\"og:url\" content=\"https:\/\/9staedte.de\/pl\/hildesheim-miasto-wpisane-na-liste-swiatowego-dziedzictwa-unesco\/hildesheim-odkrywaj-w-sposob-zrownowazony\/\" \/>\n<meta property=\"og:site_name\" content=\"9 St\u00e4dte in Niedersachsen\" \/>\n<meta property=\"article:modified_time\" content=\"2024-03-21T14:12:39+00:00\" \/>\n<meta property=\"og:image\" content=\"https:\/\/9staedte.de\/wp-content\/uploads\/2023\/03\/Wochenmakrt-Hildesheim-\u00a9-Hildesheim-Marketing-GmbH-Foto-Dagmar-Schwelle.jpg\" \/>\n\t<meta property=\"og:image:width\" content=\"1020\" \/>\n\t<meta property=\"og:image:height\" content=\"560\" \/>\n\t<meta property=\"og:image:type\" content=\"image\/jpeg\" \/>\n<meta name=\"twitter:card\" content=\"summary_large_image\" \/>\n<meta name=\"twitter:label1\" content=\"Szacowany czas czytania\" \/>\n\t<meta name=\"twitter:data1\" content=\"1 minuta\" \/>\n<script type=\"application\/ld+json\" class=\"yoast-schema-graph\">{\"@context\":\"https:\/\/schema.org\",\"@graph\":[{\"@type\":\"WebPage\",\"@id\":\"https:\/\/9staedte.de\/pl\/hildesheim-miasto-wpisane-na-liste-swiatowego-dziedzictwa-unesco\/hildesheim-odkrywaj-w-sposob-zrownowazony\/\",\"url\":\"https:\/\/9staedte.de\/pl\/hildesheim-miasto-wpisane-na-liste-swiatowego-dziedzictwa-unesco\/hildesheim-odkrywaj-w-sposob-zrownowazony\/\",\"name\":\"Hildesheim - odkrywaj w spos\u00f3b zr\u00f3wnowa\u017cony - 9 St\u00e4dte in Niedersachsen\",\"isPartOf\":{\"@id\":\"https:\/\/9staedte.de\/pl\/#website\"},\"primaryImageOfPage\":{\"@id\":\"https:\/\/9staedte.de\/pl\/hildesheim-miasto-wpisane-na-liste-swiatowego-dziedzictwa-unesco\/hildesheim-odkrywaj-w-sposob-zrownowazony\/#primaryimage\"},\"image\":{\"@id\":\"https:\/\/9staedte.de\/pl\/hildesheim-miasto-wpisane-na-liste-swiatowego-dziedzictwa-unesco\/hildesheim-odkrywaj-w-sposob-zrownowazony\/#primaryimage\"},\"thumbnailUrl\":\"https:\/\/9staedte.de\/wp-content\/uploads\/2023\/03\/Wochenmakrt-Hildesheim-\u00a9-Hildesheim-Marketing-GmbH-Foto-Dagmar-Schwelle.jpg\",\"datePublished\":\"2023-11-02T08:47:08+00:00\",\"dateModified\":\"2024-03-21T14:12:39+00:00\",\"breadcrumb\":{\"@id\":\"https:\/\/9staedte.de\/pl\/hildesheim-miasto-wpisane-na-liste-swiatowego-dziedzictwa-unesco\/hildesheim-odkrywaj-w-sposob-zrownowazony\/#breadcrumb\"},\"inLanguage\":\"pl-PL\",\"potentialAction\":[{\"@type\":\"ReadAction\",\"target\":[\"https:\/\/9staedte.de\/pl\/hildesheim-miasto-wpisane-na-liste-swiatowego-dziedzictwa-unesco\/hildesheim-odkrywaj-w-sposob-zrownowazony\/\"]}]},{\"@type\":\"ImageObject\",\"inLanguage\":\"pl-PL\",\"@id\":\"https:\/\/9staedte.de\/pl\/hildesheim-miasto-wpisane-na-liste-swiatowego-dziedzictwa-unesco\/hildesheim-odkrywaj-w-sposob-zrownowazony\/#primaryimage\",\"url\":\"https:\/\/9staedte.de\/wp-content\/uploads\/2023\/03\/Wochenmakrt-Hildesheim-\u00a9-Hildesheim-Marketing-GmbH-Foto-Dagmar-Schwelle.jpg\",\"contentUrl\":\"https:\/\/9staedte.de\/wp-content\/uploads\/2023\/03\/Wochenmakrt-Hildesheim-\u00a9-Hildesheim-Marketing-GmbH-Foto-Dagmar-Schwelle.jpg\",\"width\":1020,\"height\":560,\"caption\":\"Wochenmarkt Hildesheim \u00a9 Hildesheim Marketing GmbH, Foto Dagmar Schwelle\"},{\"@type\":\"BreadcrumbList\",\"@id\":\"https:\/\/9staedte.de\/pl\/hildesheim-miasto-wpisane-na-liste-swiatowego-dziedzictwa-unesco\/hildesheim-odkrywaj-w-sposob-zrownowazony\/#breadcrumb\",\"itemListElement\":[{\"@type\":\"ListItem\",\"position\":1,\"name\":\"Startseite\",\"item\":\"https:\/\/9staedte.de\/pl\/\"},{\"@type\":\"ListItem\",\"position\":2,\"name\":\"Hildesheim &#8211; miasto wpisane na list\u0119 \u015bwiatowego dziedzictwa UNESCO\",\"item\":\"https:\/\/9staedte.de\/pl\/hildesheim-miasto-wpisane-na-liste-swiatowego-dziedzictwa-unesco\/\"},{\"@type\":\"ListItem\",\"position\":3,\"name\":\"Hildesheim &#8211; odkrywaj w spos\u00f3b zr\u00f3wnowa\u017cony\"}]},{\"@type\":\"WebSite\",\"@id\":\"https:\/\/9staedte.de\/pl\/#website\",\"url\":\"https:\/\/9staedte.de\/pl\/\",\"name\":\"9 St\u00e4dte in Niedersachsen\",\"description\":\"\",\"publisher\":{\"@id\":\"https:\/\/9staedte.de\/pl\/#organization\"},\"potentialAction\":[{\"@type\":\"SearchAction\",\"target\":{\"@type\":\"EntryPoint\",\"urlTemplate\":\"https:\/\/9staedte.de\/pl\/?s={search_term_string}\"},\"query-input\":{\"@type\":\"PropertyValueSpecification\",\"valueRequired\":true,\"valueName\":\"search_term_string\"}}],\"inLanguage\":\"pl-PL\"},{\"@type\":\"Organization\",\"@id\":\"https:\/\/9staedte.de\/pl\/#organization\",\"name\":\"9 St\u00e4dte in Niedersachsen\",\"url\":\"https:\/\/9staedte.de\/pl\/\",\"logo\":{\"@type\":\"ImageObject\",\"inLanguage\":\"pl-PL\",\"@id\":\"https:\/\/9staedte.de\/pl\/#\/schema\/logo\/image\/\",\"url\":\"https:\/\/9staedte.de\/wp-content\/uploads\/2025\/01\/9-neg-deutsch-2-1.png\",\"contentUrl\":\"https:\/\/9staedte.de\/wp-content\/uploads\/2025\/01\/9-neg-deutsch-2-1.png\",\"width\":190,\"height\":114,\"caption\":\"9 St\u00e4dte in Niedersachsen\"},\"image\":{\"@id\":\"https:\/\/9staedte.de\/pl\/#\/schema\/logo\/image\/\"}}]}<\/script>\n<!-- \/ Yoast SEO plugin. -->","yoast_head_json":{"title":"Hildesheim - odkrywaj w spos\u00f3b zr\u00f3wnowa\u017cony - 9 St\u00e4dte in Niedersachsen","robots":{"index":"index","follow":"follow","max-snippet":"max-snippet:-1","max-image-preview":"max-image-preview:large","max-video-preview":"max-video-preview:-1"},"canonical":"https:\/\/9staedte.de\/pl\/hildesheim-miasto-wpisane-na-liste-swiatowego-dziedzictwa-unesco\/hildesheim-odkrywaj-w-sposob-zrownowazony\/","og_locale":"pl_PL","og_type":"article","og_title":"Hildesheim - odkrywaj w spos\u00f3b zr\u00f3wnowa\u017cony - 9 St\u00e4dte in Niedersachsen","og_description":"Hildesheim &#8211; odkrywaj w spos\u00f3b zr\u00f3wnowa\u017cony Dzi\u0119ki dobrym po\u0142\u0105czeniom z sieci\u0105 kolejow\u0105, do Hildesheim mo\u017cna dotrze\u0107 w przyjazny dla \u015brodowiska spos\u00f3b poci\u0105gami ICE, Metronom, Eurobahn i NordWestBahn, a tak\u017ce S-Bahn. Do\u015bwiadcz Hildesheim w zr\u00f3wnowa\u017cony spos\u00f3b i odkrywaj miasto na kr\u00f3tkich dystansach podczas pieszych w\u0119dr\u00f3wek, spacer\u00f3w, jazdy na rowerze lub pojazdem elektrycznym. Wizyta na cotygodniowych targach [&hellip;]","og_url":"https:\/\/9staedte.de\/pl\/hildesheim-miasto-wpisane-na-liste-swiatowego-dziedzictwa-unesco\/hildesheim-odkrywaj-w-sposob-zrownowazony\/","og_site_name":"9 St\u00e4dte in Niedersachsen","article_modified_time":"2024-03-21T14:12:39+00:00","og_image":[{"width":1020,"height":560,"url":"https:\/\/9staedte.de\/wp-content\/uploads\/2023\/03\/Wochenmakrt-Hildesheim-\u00a9-Hildesheim-Marketing-GmbH-Foto-Dagmar-Schwelle.jpg","type":"image\/jpeg"}],"twitter_card":"summary_large_image","twitter_misc":{"Szacowany czas czytania":"1 minuta"},"schema":{"@context":"https:\/\/schema.org","@graph":[{"@type":"WebPage","@id":"https:\/\/9staedte.de\/pl\/hildesheim-miasto-wpisane-na-liste-swiatowego-dziedzictwa-unesco\/hildesheim-odkrywaj-w-sposob-zrownowazony\/","url":"https:\/\/9staedte.de\/pl\/hildesheim-miasto-wpisane-na-liste-swiatowego-dziedzictwa-unesco\/hildesheim-odkrywaj-w-sposob-zrownowazony\/","name":"Hildesheim - odkrywaj w spos\u00f3b zr\u00f3wnowa\u017cony - 9 St\u00e4dte in Niedersachsen","isPartOf":{"@id":"https:\/\/9staedte.de\/pl\/#website"},"primaryImageOfPage":{"@id":"https:\/\/9staedte.de\/pl\/hildesheim-miasto-wpisane-na-liste-swiatowego-dziedzictwa-unesco\/hildesheim-odkrywaj-w-sposob-zrownowazony\/#primaryimage"},"image":{"@id":"https:\/\/9staedte.de\/pl\/hildesheim-miasto-wpisane-na-liste-swiatowego-dziedzictwa-unesco\/hildesheim-odkrywaj-w-sposob-zrownowazony\/#primaryimage"},"thumbnailUrl":"https:\/\/9staedte.de\/wp-content\/uploads\/2023\/03\/Wochenmakrt-Hildesheim-\u00a9-Hildesheim-Marketing-GmbH-Foto-Dagmar-Schwelle.jpg","datePublished":"2023-11-02T08:47:08+00:00","dateModified":"2024-03-21T14:12:39+00:00","breadcrumb":{"@id":"https:\/\/9staedte.de\/pl\/hildesheim-miasto-wpisane-na-liste-swiatowego-dziedzictwa-unesco\/hildesheim-odkrywaj-w-sposob-zrownowazony\/#breadcrumb"},"inLanguage":"pl-PL","potentialAction":[{"@type":"ReadAction","target":["https:\/\/9staedte.de\/pl\/hildesheim-miasto-wpisane-na-liste-swiatowego-dziedzictwa-unesco\/hildesheim-odkrywaj-w-sposob-zrownowazony\/"]}]},{"@type":"ImageObject","inLanguage":"pl-PL","@id":"https:\/\/9staedte.de\/pl\/hildesheim-miasto-wpisane-na-liste-swiatowego-dziedzictwa-unesco\/hildesheim-odkrywaj-w-sposob-zrownowazony\/#primaryimage","url":"https:\/\/9staedte.de\/wp-content\/uploads\/2023\/03\/Wochenmakrt-Hildesheim-\u00a9-Hildesheim-Marketing-GmbH-Foto-Dagmar-Schwelle.jpg","contentUrl":"https:\/\/9staedte.de\/wp-content\/uploads\/2023\/03\/Wochenmakrt-Hildesheim-\u00a9-Hildesheim-Marketing-GmbH-Foto-Dagmar-Schwelle.jpg","width":1020,"height":560,"caption":"Wochenmarkt Hildesheim \u00a9 Hildesheim Marketing GmbH, Foto Dagmar Schwelle"},{"@type":"BreadcrumbList","@id":"https:\/\/9staedte.de\/pl\/hildesheim-miasto-wpisane-na-liste-swiatowego-dziedzictwa-unesco\/hildesheim-odkrywaj-w-sposob-zrownowazony\/#breadcrumb","itemListElement":[{"@type":"ListItem","position":1,"name":"Startseite","item":"https:\/\/9staedte.de\/pl\/"},{"@type":"ListItem","position":2,"name":"Hildesheim &#8211; miasto wpisane na list\u0119 \u015bwiatowego dziedzictwa UNESCO","item":"https:\/\/9staedte.de\/pl\/hildesheim-miasto-wpisane-na-liste-swiatowego-dziedzictwa-unesco\/"},{"@type":"ListItem","position":3,"name":"Hildesheim &#8211; odkrywaj w spos\u00f3b zr\u00f3wnowa\u017cony"}]},{"@type":"WebSite","@id":"https:\/\/9staedte.de\/pl\/#website","url":"https:\/\/9staedte.de\/pl\/","name":"9 St\u00e4dte in Niedersachsen","description":"","publisher":{"@id":"https:\/\/9staedte.de\/pl\/#organization"},"potentialAction":[{"@type":"SearchAction","target":{"@type":"EntryPoint","urlTemplate":"https:\/\/9staedte.de\/pl\/?s={search_term_string}"},"query-input":{"@type":"PropertyValueSpecification","valueRequired":true,"valueName":"search_term_string"}}],"inLanguage":"pl-PL"},{"@type":"Organization","@id":"https:\/\/9staedte.de\/pl\/#organization","name":"9 St\u00e4dte in Niedersachsen","url":"https:\/\/9staedte.de\/pl\/","logo":{"@type":"ImageObject","inLanguage":"pl-PL","@id":"https:\/\/9staedte.de\/pl\/#\/schema\/logo\/image\/","url":"https:\/\/9staedte.de\/wp-content\/uploads\/2025\/01\/9-neg-deutsch-2-1.png","contentUrl":"https:\/\/9staedte.de\/wp-content\/uploads\/2025\/01\/9-neg-deutsch-2-1.png","width":190,"height":114,"caption":"9 St\u00e4dte in Niedersachsen"},"image":{"@id":"https:\/\/9staedte.de\/pl\/#\/schema\/logo\/image\/"}}]}},"_links":{"self":[{"href":"https:\/\/9staedte.de\/pl\/wp-json\/wp\/v2\/pages\/17115","targetHints":{"allow":["GET"]}}],"collection":[{"href":"https:\/\/9staedte.de\/pl\/wp-json\/wp\/v2\/pages"}],"about":[{"href":"https:\/\/9staedte.de\/pl\/wp-json\/wp\/v2\/types\/page"}],"author":[{"embeddable":true,"href":"https:\/\/9staedte.de\/pl\/wp-json\/wp\/v2\/users\/1"}],"replies":[{"embeddable":true,"href":"https:\/\/9staedte.de\/pl\/wp-json\/wp\/v2\/comments?post=17115"}],"version-history":[{"count":4,"href":"https:\/\/9staedte.de\/pl\/wp-json\/wp\/v2\/pages\/17115\/revisions"}],"predecessor-version":[{"id":21497,"href":"https:\/\/9staedte.de\/pl\/wp-json\/wp\/v2\/pages\/17115\/revisions\/21497"}],"up":[{"embeddable":true,"href":"https:\/\/9staedte.de\/pl\/wp-json\/wp\/v2\/pages\/17929"}],"wp:featuredmedia":[{"embeddable":true,"href":"https:\/\/9staedte.de\/pl\/wp-json\/wp\/v2\/media\/17116"}],"wp:attachment":[{"href":"https:\/\/9staedte.de\/pl\/wp-json\/wp\/v2\/media?parent=17115"}],"wp:term":[{"taxonomy":"category","embeddable":true,"href":"https:\/\/9staedte.de\/pl\/wp-json\/wp\/v2\/categories?post=17115"},{"taxonomy":"post_tag","embeddable":true,"href":"https:\/\/9staedte.de\/pl\/wp-json\/wp\/v2\/tags?post=17115"},{"taxonomy":"ncap_cities_tax","embeddable":true,"href":"https:\/\/9staedte.de\/pl\/wp-json\/wp\/v2\/ncap_cities_tax?post=17115"}],"curies":[{"name":"wp","href":"https:\/\/api.w.org\/{rel}","templated":true}]}}