{"id":17074,"date":"2023-11-02T09:47:04","date_gmt":"2023-11-02T08:47:04","guid":{"rendered":"https:\/\/9staedte.de\/konferencje-i-kongresy-w-hildesheim\/"},"modified":"2023-11-02T18:15:18","modified_gmt":"2023-11-02T17:15:18","slug":"konferencje-i-kongresy-w-hildesheim","status":"publish","type":"page","link":"https:\/\/9staedte.de\/pl\/hildesheim-miasto-wpisane-na-liste-swiatowego-dziedzictwa-unesco\/konferencje-i-kongresy-w-hildesheim\/","title":{"rendered":"Konferencje i kongresy w Hildesheim"},"content":{"rendered":"\n<h2 class=\"wp-block-heading\">Twoje nast\u0119pne wydarzenie w Hildesheim<\/h2>\n\n\n\n<p>Podobnie jak samo miasto, hotele konferencyjne i lokalizacje w Hildesheim s\u0105 tak r\u00f3\u017cnorodne: konferencje w stylowych hotelach, efektywne prezentacje w nowoczesnych salach eventowych lub nietypowych lokalizacjach, konferencje w muzeum, specjalistyczne wyk\u0142ady na terenie wpisanym na List\u0119 \u015awiatowego Dziedzictwa UNESCO, dni mediacji w klasztorze lub serie wyk\u0142ad\u00f3w na uniwersytecie &#8211; Hildesheim oferuje atrakcyjne otoczenie i profesjonalne struktury us\u0142ug dla specjalistycznych dyskusji, konferencji i kongres\u00f3w.<\/p>\n\n\n\n\n<div class=\"banner-wrapper\">\n  <div class=\"banner-inner \">\n      <div class=\"img-container\">\n      <div class=\"img-wrapper\">\n        <img decoding=\"async\" src=\"https:\/\/9staedte.de\/wp-content\/smush-webp\/2023\/07\/Pelizaeus-Pavillon_Aussicht-c-RPM.jpg.webp\" alt=\"Na zdj\u0119ciu jest st\u00f3\u0142 przygotowany na przyj\u0119cie. Stoi w sali ze szklan\u0105 \u015bcian\u0105. Na tarasie na zewn\u0105trz s\u0105 sto\u0142y i krzes\u0142a. W tle wida\u0107 czerwone dachy i stary zamek. Widok jest pi\u0119kny.\" \/>\n                  <div class=\"thumbnail-label\">\n            <span>Pelizeaus Pavillon im Roemer-  und Pelizeaus Museum <\/span>\n          <\/div>\n              <\/div>\n    <\/div>\n        <div class=\"text-container\">\n      <div class=\"content\">\n        <p><strong>Mit diesen 9 Tipps f\u00fcr Tagungen und Kongresse in Hildesheim : <\/strong><\/p>\n<p>\u2013  N\u00e4he zum gr\u00f6\u00dften Messegel\u00e4nde der Welt Hannover\/Laatzen<br \/>\n\u2013 Direkte Autobahnanbindung, ICE-Bahnhof, 30 min. zum Flughafen Hannover<br \/>\n\u2013 Multifunktionale Tagungsr\u00e4ume von 25 m\u00b2 bis knapp 2.000 m\u00b2<br \/>\n\u2013 Au\u00dfergew\u00f6hnliche Locations \u2013 Veranstaltungen im Welterbe und in Museen<br \/>\n\u2013 Knapp 5000  Betten in der Region<br \/>\n\u2013 Kurze Wege bei \u00fcber 100.000 Einwohnern<br \/>\n\u2013 Eine Universit\u00e4t und zwei Hochschulen<br \/>\n\u2013 UNESCO-Welterbe, vielf\u00e4ltige Kultur, historische Bauten und viel Gr\u00fcn<br \/>\n\u2013 Service aus einer Hand<\/p>\n      <\/div>\n    <\/div>\n    <\/div>\n<\/div>\n\n\n\n\n\n<div class=\"banner-wrapper\">\n  <div class=\"banner-inner reverse\">\n      <div class=\"img-container\">\n      <div class=\"img-wrapper\">\n        <img decoding=\"async\" src=\"https:\/\/9staedte.de\/wp-content\/smush-webp\/2023\/07\/Wollenweber_Tagungraum-im-Van-der-Valk-Hotel-Hildesheim.jpg.webp\" alt=\"Na zdj\u0119ciu jest fili\u017canka kawy na tacy. Obok stoi szklanka wody. Na tacy jest te\u017c \u0142y\u017ceczka, ciastko i cukier. W tle wida\u0107 muffiny na talerzach. Na stole pal\u0105 si\u0119 dwa ma\u0142e \u015bwieczki. Jest spokojnie i przytulnie.\" \/>\n                  <div class=\"thumbnail-label\">\n            <span>Wollenweber_Tagungraum im Van der Valk Hotel Hildesheim<\/span>\n          <\/div>\n              <\/div>\n    <\/div>\n        <div class=\"text-container\">\n      <div class=\"content\">\n        <p><strong>Angebots- und Serviceleistungen der Hildesheim Marketing GmbH<br \/>\n<\/strong><br \/>\nVon der Basisleistung bis zu Full-Services \u2013 wir unterst\u00fctzen Sie erfolgreiche Tagungen und Kongresse in Hildesheim bei f\u00fcr Sie minimalem Aufwand und geringem Risiko durchzuf\u00fchren. Unser Team steht Ihnen von der ersten Planung an bis hin zur Veranstaltungsdokumentation zur Seite. Bei uns finden Sie umfassende Informationen zu den Tagungsst\u00e4tten sowie zu professionellen Leistungsanbietern. Wir beraten bei der Festlegung Ihrer Tagungsorte, organisieren ausgefallene Rahmenprogramme und verwalten die Hotelkontingente f\u00fcr Ihre Veranstaltung. Bis hin zur kompletten Tagungsabwicklung, speziell auf Ihre Bed\u00fcrfnisse zugeschnitten.<\/p>\n<p><a href=\"https:\/\/www.hildesheim.de\/tagen-in-hildesheim.html\">Weitere Informationen:<\/a><\/p>\n      <\/div>\n    <\/div>\n    <\/div>\n<\/div>\n\n","protected":false},"excerpt":{"rendered":"<p>Twoje nast\u0119pne wydarzenie w Hildesheim Podobnie jak samo miasto, hotele konferencyjne i lokalizacje w Hildesheim s\u0105 tak r\u00f3\u017cnorodne: konferencje w stylowych hotelach, efektywne prezentacje w nowoczesnych salach eventowych lub nietypowych lokalizacjach, konferencje w muzeum, specjalistyczne wyk\u0142ady na terenie wpisanym na List\u0119 \u015awiatowego Dziedzictwa UNESCO, dni mediacji w klasztorze lub serie wyk\u0142ad\u00f3w na uniwersytecie &#8211; Hildesheim [&hellip;]<\/p>\n","protected":false},"author":1,"featured_media":17084,"parent":17929,"menu_order":0,"comment_status":"closed","ping_status":"closed","template":"pagetemplates\/template-stadtthema.php","meta":{"_acf_changed":false,"footnotes":""},"categories":[],"tags":[],"ncap_cities_tax":[465,1172],"class_list":["post-17074","page","type-page","status-publish","has-post-thumbnail","hentry","ncap_cities_tax-hildesheim-pl","ncap_cities_tax-tagungen-und-kongresse-hildesheim-pl"],"acf":[],"yoast_head":"<!-- This site is optimized with the Yoast SEO plugin v26.8 - https:\/\/yoast.com\/product\/yoast-seo-wordpress\/ -->\n<title>Konferencje i kongresy w Hildesheim - 9 St\u00e4dte in Niedersachsen<\/title>\n<meta name=\"robots\" content=\"index, follow, max-snippet:-1, max-image-preview:large, max-video-preview:-1\" \/>\n<link rel=\"canonical\" href=\"https:\/\/9staedte.de\/pl\/hildesheim-miasto-wpisane-na-liste-swiatowego-dziedzictwa-unesco\/konferencje-i-kongresy-w-hildesheim\/\" \/>\n<meta property=\"og:locale\" content=\"pl_PL\" \/>\n<meta property=\"og:type\" content=\"article\" \/>\n<meta property=\"og:title\" content=\"Konferencje i kongresy w Hildesheim - 9 St\u00e4dte in Niedersachsen\" \/>\n<meta property=\"og:description\" content=\"Twoje nast\u0119pne wydarzenie w Hildesheim Podobnie jak samo miasto, hotele konferencyjne i lokalizacje w Hildesheim s\u0105 tak r\u00f3\u017cnorodne: konferencje w stylowych hotelach, efektywne prezentacje w nowoczesnych salach eventowych lub nietypowych lokalizacjach, konferencje w muzeum, specjalistyczne wyk\u0142ady na terenie wpisanym na List\u0119 \u015awiatowego Dziedzictwa UNESCO, dni mediacji w klasztorze lub serie wyk\u0142ad\u00f3w na uniwersytecie &#8211; Hildesheim [&hellip;]\" \/>\n<meta property=\"og:url\" content=\"https:\/\/9staedte.de\/pl\/hildesheim-miasto-wpisane-na-liste-swiatowego-dziedzictwa-unesco\/konferencje-i-kongresy-w-hildesheim\/\" \/>\n<meta property=\"og:site_name\" content=\"9 St\u00e4dte in Niedersachsen\" \/>\n<meta property=\"article:modified_time\" content=\"2023-11-02T17:15:18+00:00\" \/>\n<meta property=\"og:image\" content=\"https:\/\/9staedte.de\/wp-content\/uploads\/2023\/07\/Hildesheimer-Marktplatz_Foto-Max-Wiesenbach-1.jpg\" \/>\n\t<meta property=\"og:image:width\" content=\"1020\" \/>\n\t<meta property=\"og:image:height\" content=\"561\" \/>\n\t<meta property=\"og:image:type\" content=\"image\/jpeg\" \/>\n<meta name=\"twitter:card\" content=\"summary_large_image\" \/>\n<meta name=\"twitter:label1\" content=\"Szacowany czas czytania\" \/>\n\t<meta name=\"twitter:data1\" content=\"1 minuta\" \/>\n<script type=\"application\/ld+json\" class=\"yoast-schema-graph\">{\"@context\":\"https:\/\/schema.org\",\"@graph\":[{\"@type\":\"WebPage\",\"@id\":\"https:\/\/9staedte.de\/pl\/hildesheim-miasto-wpisane-na-liste-swiatowego-dziedzictwa-unesco\/konferencje-i-kongresy-w-hildesheim\/\",\"url\":\"https:\/\/9staedte.de\/pl\/hildesheim-miasto-wpisane-na-liste-swiatowego-dziedzictwa-unesco\/konferencje-i-kongresy-w-hildesheim\/\",\"name\":\"Konferencje i kongresy w Hildesheim - 9 St\u00e4dte in Niedersachsen\",\"isPartOf\":{\"@id\":\"https:\/\/9staedte.de\/pl\/#website\"},\"primaryImageOfPage\":{\"@id\":\"https:\/\/9staedte.de\/pl\/hildesheim-miasto-wpisane-na-liste-swiatowego-dziedzictwa-unesco\/konferencje-i-kongresy-w-hildesheim\/#primaryimage\"},\"image\":{\"@id\":\"https:\/\/9staedte.de\/pl\/hildesheim-miasto-wpisane-na-liste-swiatowego-dziedzictwa-unesco\/konferencje-i-kongresy-w-hildesheim\/#primaryimage\"},\"thumbnailUrl\":\"https:\/\/9staedte.de\/wp-content\/uploads\/2023\/07\/Hildesheimer-Marktplatz_Foto-Max-Wiesenbach-1.jpg\",\"datePublished\":\"2023-11-02T08:47:04+00:00\",\"dateModified\":\"2023-11-02T17:15:18+00:00\",\"breadcrumb\":{\"@id\":\"https:\/\/9staedte.de\/pl\/hildesheim-miasto-wpisane-na-liste-swiatowego-dziedzictwa-unesco\/konferencje-i-kongresy-w-hildesheim\/#breadcrumb\"},\"inLanguage\":\"pl-PL\",\"potentialAction\":[{\"@type\":\"ReadAction\",\"target\":[\"https:\/\/9staedte.de\/pl\/hildesheim-miasto-wpisane-na-liste-swiatowego-dziedzictwa-unesco\/konferencje-i-kongresy-w-hildesheim\/\"]}]},{\"@type\":\"ImageObject\",\"inLanguage\":\"pl-PL\",\"@id\":\"https:\/\/9staedte.de\/pl\/hildesheim-miasto-wpisane-na-liste-swiatowego-dziedzictwa-unesco\/konferencje-i-kongresy-w-hildesheim\/#primaryimage\",\"url\":\"https:\/\/9staedte.de\/wp-content\/uploads\/2023\/07\/Hildesheimer-Marktplatz_Foto-Max-Wiesenbach-1.jpg\",\"contentUrl\":\"https:\/\/9staedte.de\/wp-content\/uploads\/2023\/07\/Hildesheimer-Marktplatz_Foto-Max-Wiesenbach-1.jpg\",\"width\":1020,\"height\":561,\"caption\":\"Hildesheimer Marktplatz_Foto Max Wiesenbach (1)\"},{\"@type\":\"BreadcrumbList\",\"@id\":\"https:\/\/9staedte.de\/pl\/hildesheim-miasto-wpisane-na-liste-swiatowego-dziedzictwa-unesco\/konferencje-i-kongresy-w-hildesheim\/#breadcrumb\",\"itemListElement\":[{\"@type\":\"ListItem\",\"position\":1,\"name\":\"Startseite\",\"item\":\"https:\/\/9staedte.de\/pl\/\"},{\"@type\":\"ListItem\",\"position\":2,\"name\":\"Hildesheim &#8211; miasto wpisane na list\u0119 \u015bwiatowego dziedzictwa UNESCO\",\"item\":\"https:\/\/9staedte.de\/pl\/hildesheim-miasto-wpisane-na-liste-swiatowego-dziedzictwa-unesco\/\"},{\"@type\":\"ListItem\",\"position\":3,\"name\":\"Konferencje i kongresy w Hildesheim\"}]},{\"@type\":\"WebSite\",\"@id\":\"https:\/\/9staedte.de\/pl\/#website\",\"url\":\"https:\/\/9staedte.de\/pl\/\",\"name\":\"9 St\u00e4dte in Niedersachsen\",\"description\":\"\",\"publisher\":{\"@id\":\"https:\/\/9staedte.de\/pl\/#organization\"},\"potentialAction\":[{\"@type\":\"SearchAction\",\"target\":{\"@type\":\"EntryPoint\",\"urlTemplate\":\"https:\/\/9staedte.de\/pl\/?s={search_term_string}\"},\"query-input\":{\"@type\":\"PropertyValueSpecification\",\"valueRequired\":true,\"valueName\":\"search_term_string\"}}],\"inLanguage\":\"pl-PL\"},{\"@type\":\"Organization\",\"@id\":\"https:\/\/9staedte.de\/pl\/#organization\",\"name\":\"9 St\u00e4dte in Niedersachsen\",\"url\":\"https:\/\/9staedte.de\/pl\/\",\"logo\":{\"@type\":\"ImageObject\",\"inLanguage\":\"pl-PL\",\"@id\":\"https:\/\/9staedte.de\/pl\/#\/schema\/logo\/image\/\",\"url\":\"https:\/\/9staedte.de\/wp-content\/uploads\/2025\/01\/9-neg-deutsch-2-1.png\",\"contentUrl\":\"https:\/\/9staedte.de\/wp-content\/uploads\/2025\/01\/9-neg-deutsch-2-1.png\",\"width\":190,\"height\":114,\"caption\":\"9 St\u00e4dte in Niedersachsen\"},\"image\":{\"@id\":\"https:\/\/9staedte.de\/pl\/#\/schema\/logo\/image\/\"}}]}<\/script>\n<!-- \/ Yoast SEO plugin. -->","yoast_head_json":{"title":"Konferencje i kongresy w Hildesheim - 9 St\u00e4dte in Niedersachsen","robots":{"index":"index","follow":"follow","max-snippet":"max-snippet:-1","max-image-preview":"max-image-preview:large","max-video-preview":"max-video-preview:-1"},"canonical":"https:\/\/9staedte.de\/pl\/hildesheim-miasto-wpisane-na-liste-swiatowego-dziedzictwa-unesco\/konferencje-i-kongresy-w-hildesheim\/","og_locale":"pl_PL","og_type":"article","og_title":"Konferencje i kongresy w Hildesheim - 9 St\u00e4dte in Niedersachsen","og_description":"Twoje nast\u0119pne wydarzenie w Hildesheim Podobnie jak samo miasto, hotele konferencyjne i lokalizacje w Hildesheim s\u0105 tak r\u00f3\u017cnorodne: konferencje w stylowych hotelach, efektywne prezentacje w nowoczesnych salach eventowych lub nietypowych lokalizacjach, konferencje w muzeum, specjalistyczne wyk\u0142ady na terenie wpisanym na List\u0119 \u015awiatowego Dziedzictwa UNESCO, dni mediacji w klasztorze lub serie wyk\u0142ad\u00f3w na uniwersytecie &#8211; Hildesheim [&hellip;]","og_url":"https:\/\/9staedte.de\/pl\/hildesheim-miasto-wpisane-na-liste-swiatowego-dziedzictwa-unesco\/konferencje-i-kongresy-w-hildesheim\/","og_site_name":"9 St\u00e4dte in Niedersachsen","article_modified_time":"2023-11-02T17:15:18+00:00","og_image":[{"width":1020,"height":561,"url":"https:\/\/9staedte.de\/wp-content\/uploads\/2023\/07\/Hildesheimer-Marktplatz_Foto-Max-Wiesenbach-1.jpg","type":"image\/jpeg"}],"twitter_card":"summary_large_image","twitter_misc":{"Szacowany czas czytania":"1 minuta"},"schema":{"@context":"https:\/\/schema.org","@graph":[{"@type":"WebPage","@id":"https:\/\/9staedte.de\/pl\/hildesheim-miasto-wpisane-na-liste-swiatowego-dziedzictwa-unesco\/konferencje-i-kongresy-w-hildesheim\/","url":"https:\/\/9staedte.de\/pl\/hildesheim-miasto-wpisane-na-liste-swiatowego-dziedzictwa-unesco\/konferencje-i-kongresy-w-hildesheim\/","name":"Konferencje i kongresy w Hildesheim - 9 St\u00e4dte in Niedersachsen","isPartOf":{"@id":"https:\/\/9staedte.de\/pl\/#website"},"primaryImageOfPage":{"@id":"https:\/\/9staedte.de\/pl\/hildesheim-miasto-wpisane-na-liste-swiatowego-dziedzictwa-unesco\/konferencje-i-kongresy-w-hildesheim\/#primaryimage"},"image":{"@id":"https:\/\/9staedte.de\/pl\/hildesheim-miasto-wpisane-na-liste-swiatowego-dziedzictwa-unesco\/konferencje-i-kongresy-w-hildesheim\/#primaryimage"},"thumbnailUrl":"https:\/\/9staedte.de\/wp-content\/uploads\/2023\/07\/Hildesheimer-Marktplatz_Foto-Max-Wiesenbach-1.jpg","datePublished":"2023-11-02T08:47:04+00:00","dateModified":"2023-11-02T17:15:18+00:00","breadcrumb":{"@id":"https:\/\/9staedte.de\/pl\/hildesheim-miasto-wpisane-na-liste-swiatowego-dziedzictwa-unesco\/konferencje-i-kongresy-w-hildesheim\/#breadcrumb"},"inLanguage":"pl-PL","potentialAction":[{"@type":"ReadAction","target":["https:\/\/9staedte.de\/pl\/hildesheim-miasto-wpisane-na-liste-swiatowego-dziedzictwa-unesco\/konferencje-i-kongresy-w-hildesheim\/"]}]},{"@type":"ImageObject","inLanguage":"pl-PL","@id":"https:\/\/9staedte.de\/pl\/hildesheim-miasto-wpisane-na-liste-swiatowego-dziedzictwa-unesco\/konferencje-i-kongresy-w-hildesheim\/#primaryimage","url":"https:\/\/9staedte.de\/wp-content\/uploads\/2023\/07\/Hildesheimer-Marktplatz_Foto-Max-Wiesenbach-1.jpg","contentUrl":"https:\/\/9staedte.de\/wp-content\/uploads\/2023\/07\/Hildesheimer-Marktplatz_Foto-Max-Wiesenbach-1.jpg","width":1020,"height":561,"caption":"Hildesheimer Marktplatz_Foto Max Wiesenbach (1)"},{"@type":"BreadcrumbList","@id":"https:\/\/9staedte.de\/pl\/hildesheim-miasto-wpisane-na-liste-swiatowego-dziedzictwa-unesco\/konferencje-i-kongresy-w-hildesheim\/#breadcrumb","itemListElement":[{"@type":"ListItem","position":1,"name":"Startseite","item":"https:\/\/9staedte.de\/pl\/"},{"@type":"ListItem","position":2,"name":"Hildesheim &#8211; miasto wpisane na list\u0119 \u015bwiatowego dziedzictwa UNESCO","item":"https:\/\/9staedte.de\/pl\/hildesheim-miasto-wpisane-na-liste-swiatowego-dziedzictwa-unesco\/"},{"@type":"ListItem","position":3,"name":"Konferencje i kongresy w Hildesheim"}]},{"@type":"WebSite","@id":"https:\/\/9staedte.de\/pl\/#website","url":"https:\/\/9staedte.de\/pl\/","name":"9 St\u00e4dte in Niedersachsen","description":"","publisher":{"@id":"https:\/\/9staedte.de\/pl\/#organization"},"potentialAction":[{"@type":"SearchAction","target":{"@type":"EntryPoint","urlTemplate":"https:\/\/9staedte.de\/pl\/?s={search_term_string}"},"query-input":{"@type":"PropertyValueSpecification","valueRequired":true,"valueName":"search_term_string"}}],"inLanguage":"pl-PL"},{"@type":"Organization","@id":"https:\/\/9staedte.de\/pl\/#organization","name":"9 St\u00e4dte in Niedersachsen","url":"https:\/\/9staedte.de\/pl\/","logo":{"@type":"ImageObject","inLanguage":"pl-PL","@id":"https:\/\/9staedte.de\/pl\/#\/schema\/logo\/image\/","url":"https:\/\/9staedte.de\/wp-content\/uploads\/2025\/01\/9-neg-deutsch-2-1.png","contentUrl":"https:\/\/9staedte.de\/wp-content\/uploads\/2025\/01\/9-neg-deutsch-2-1.png","width":190,"height":114,"caption":"9 St\u00e4dte in Niedersachsen"},"image":{"@id":"https:\/\/9staedte.de\/pl\/#\/schema\/logo\/image\/"}}]}},"_links":{"self":[{"href":"https:\/\/9staedte.de\/pl\/wp-json\/wp\/v2\/pages\/17074","targetHints":{"allow":["GET"]}}],"collection":[{"href":"https:\/\/9staedte.de\/pl\/wp-json\/wp\/v2\/pages"}],"about":[{"href":"https:\/\/9staedte.de\/pl\/wp-json\/wp\/v2\/types\/page"}],"author":[{"embeddable":true,"href":"https:\/\/9staedte.de\/pl\/wp-json\/wp\/v2\/users\/1"}],"replies":[{"embeddable":true,"href":"https:\/\/9staedte.de\/pl\/wp-json\/wp\/v2\/comments?post=17074"}],"version-history":[{"count":1,"href":"https:\/\/9staedte.de\/pl\/wp-json\/wp\/v2\/pages\/17074\/revisions"}],"predecessor-version":[{"id":19961,"href":"https:\/\/9staedte.de\/pl\/wp-json\/wp\/v2\/pages\/17074\/revisions\/19961"}],"up":[{"embeddable":true,"href":"https:\/\/9staedte.de\/pl\/wp-json\/wp\/v2\/pages\/17929"}],"wp:featuredmedia":[{"embeddable":true,"href":"https:\/\/9staedte.de\/pl\/wp-json\/wp\/v2\/media\/17084"}],"wp:attachment":[{"href":"https:\/\/9staedte.de\/pl\/wp-json\/wp\/v2\/media?parent=17074"}],"wp:term":[{"taxonomy":"category","embeddable":true,"href":"https:\/\/9staedte.de\/pl\/wp-json\/wp\/v2\/categories?post=17074"},{"taxonomy":"post_tag","embeddable":true,"href":"https:\/\/9staedte.de\/pl\/wp-json\/wp\/v2\/tags?post=17074"},{"taxonomy":"ncap_cities_tax","embeddable":true,"href":"https:\/\/9staedte.de\/pl\/wp-json\/wp\/v2\/ncap_cities_tax?post=17074"}],"curies":[{"name":"wp","href":"https:\/\/api.w.org\/{rel}","templated":true}]}}