{"id":17069,"date":"2023-11-02T09:47:04","date_gmt":"2023-11-02T08:47:04","guid":{"rendered":"https:\/\/9staedte.de\/jarmark-bozonarodzeniowy-w-hildesheim\/"},"modified":"2026-03-23T16:59:04","modified_gmt":"2026-03-23T15:59:04","slug":"jarmark-bozonarodzeniowy-w-hildesheim","status":"publish","type":"page","link":"https:\/\/9staedte.de\/pl\/hildesheim-miasto-wpisane-na-liste-swiatowego-dziedzictwa-unesco\/jarmark-bozonarodzeniowy-w-hildesheim\/","title":{"rendered":"Jarmark bo\u017conarodzeniowy w Hildesheim"},"content":{"rendered":"\n<h2 class=\"wp-block-heading\">Serce jarmarku bo\u017conarodzeniowego bije na historycznym rynku<\/h2>\n\n<p>Tutaj pi\u0119kne fasady z muru pruskiego oraz zapach \u015bwie\u017cych piernik\u00f3w i grzanego wina tworz\u0105 wyj\u0105tkow\u0105 przed\u015bwi\u0105teczn\u0105 atmosfer\u0119. \u015awi\u0105tecznie udekorowane stragany na placu An der Lilie r\u00f3wnie\u017c zapraszaj\u0105 do spaceru.<br\/>W urz\u0119dzie pocztowym &#8222;Zum Rentier&#8221; na placu An der Lilie dzieci mog\u0105 do 12 grudnia wysy\u0142a\u0107 swoje listy \u017cycze\u0144, kt\u00f3re s\u0105 wysy\u0142ane bezpo\u015brednio do najstarszego \u015bwi\u0105tecznego urz\u0119du pocztowego w Himmelsth\u00fcr. <br\/>Ponad 30 ko\u015bcio\u0142\u00f3w w Hildesheim charakteryzuje krajobraz miasta i opowiada o jego bogatej historii. W okresie poprzedzaj\u0105cym Bo\u017ce Narodzenie ko\u015bcio\u0142y s\u0105 miejscem wewn\u0119trznego spokoju, kt\u00f3remu towarzyszy kontemplacyjna muzyka adwentowa i bo\u017conarodzeniowa. <\/p>\n\n<p><a href=\"https:\/\/www.hildesheim-tourismus.de\/weihnachtsmarkt\" target=\"_blank\" rel=\"noreferrer noopener\">Wi\u0119cej informacji<\/a><\/p>\n\n\n<div class=\"banner-wrapper\">\n  <div class=\"banner-inner \">\n      <div class=\"img-container\">\n      <div class=\"img-wrapper\">\n        <img decoding=\"async\" src=\"https:\/\/9staedte.de\/wp-content\/smush-webp\/2023\/02\/Weihnachtsmarkt-Hildesheim-\u00a9-Dirk-Bastert.jpg.webp\" alt=\"Zdj\u0119cie przedstawia jarmark bo\u017conarodzeniowy w Hildesheim. Jest wiecz\u00f3r i ciemne niebo. Na \u015brodku stoi du\u017ca, o\u015bwietlona piramida \u015bwi\u0105teczna. Wielu ludzi chodzi mi\u0119dzy straganami. Po prawej stronie jest ozdobiona choinka. W tle wida\u0107 pi\u0119kne stare budynki. Atmosfera jest \u015bwi\u0105teczna i przytulna.\" \/>\n                  <div class=\"thumbnail-label\">\n            <span>Weihnachtsmarkt Hildesheim \u00a9 Dirk Bastert<\/span>\n          <\/div>\n              <\/div>\n    <\/div>\n        <div class=\"text-container\">\n      <div class=\"content\">\n        <h2 class=\"h3\">9 wskaz\u00f3wek, jak odwiedzi\u0107 jarmark bo\u017conarodzeniowy w Hildesheim<\/h2>\n<ul>\n<li>Wycieczki z przewodnikiem po \u015bwi\u0105tecznym Hildesheim<\/li>\n<li>Ciep\u0142e, przytulne, towarzyskie &#8211; chaty pe\u0142ne \u015bwi\u0105tecznej magii<\/li>\n<li>Miejsca na zdj\u0119cia: Renifer, nied\u017awied\u017a polarny, las legend, drzewo prezent\u00f3w (#weihnachtsmarkthildesheim)<\/li>\n<li>\u015awi\u0105teczna wystawa r\u0119kodzie\u0142a artystycznego w ratuszu<\/li>\n<li><a href=\"https:\/\/www.hildesheim-tourismus.de\/veranstaltungen\">Muzyka adwentowa i bo\u017conarodzeniowa w ko\u015bcio\u0142ach roma\u0144skich<\/a><\/li>\n<li>Poczta &#8222;Zum Reindeer&#8221; dla list\u00f3w i \u017cycze\u0144 do Ojca \u015aw.<\/li>\n<li>\u015awi\u0105tecznie o\u015bwietlona wst\u0119ga \u015bwiatowego dziedzictwa do wpisanych na list\u0119 UNESCO ko\u015bcio\u0142\u00f3w \u015bw. Micha\u0142a i katedry<\/li>\n<li>Skosztuj pumpernikla z Hildesheim i niebia\u0144skich trufli<\/li>\n<li>\u015awi\u0105teczne pami\u0105tki, prezenty i bony upominkowe w centrum informacji turystycznej<\/li>\n<\/ul>\n      <\/div>\n    <\/div>\n    <\/div>\n<\/div>\n\n\n<p class=\"h3\"><strong>Jarmark bo\u017conarodzeniowy w Hildesheim<\/strong><\/p>\n\n <div class=\"brlbs-cmpnt-container brlbs-cmpnt-content-blocker brlbs-cmpnt-with-individual-styles\" data-borlabs-cookie-content-blocker-id=\"google-maps\" data-borlabs-cookie-content=\"PGlmcmFtZSBzcmM9Imh0dHBzOi8vd3d3Lmdvb2dsZS5jb20vbWFwcy9lbWJlZD9wYj0hMW0xOCExbTEyITFtMyExZDI0NDcuOTg1ODQ4NjY0MjQ3NCEyZDkuOTQ4OTY3ODc3MzEyNjQ3ITNkNTIuMTUyNzY3MDcxOTY3MjA1ITJtMyExZjAhMmYwITNmMCEzbTIhMWkxMDI0ITJpNzY4ITRmMTMuMSEzbTMhMW0yITFzMHg0N2JhYWZhOWJkY2U4ZjI1JTNBMHg0YzY5M2M3MzYyMmRiZmJjITJzTWFya3RwbGF0eiUyMEhpbGRlc2hlaW0hNWUwITNtMiExc2RlITJzZGUhNHYxNjkyMTg0NTQ1OTk5ITVtMiExc2RlITJzZGUiIHdpZHRoPSI2MDAiIGhlaWdodD0iNDUwIiBzdHlsZT0iYm9yZGVyOjA7IiBhbGxvd2Z1bGxzY3JlZW49IiIgbG9hZGluZz0ibGF6eSIgcmVmZXJyZXJwb2xpY3k9Im5vLXJlZmVycmVyLXdoZW4tZG93bmdyYWRlIj48L2lmcmFtZT4=\"><div class=\"brlbs-cmpnt-cb-preset-b brlbs-cmpnt-cb-google-maps\"> <div class=\"brlbs-cmpnt-cb-thumbnail\" style=\"background-image: url('https:\/\/9staedte.de\/wp-content\/uploads\/borlabs-cookie\/1\/brlbs-cb-google-maps-main.png')\"><\/div> <div class=\"brlbs-cmpnt-cb-main\"> <div class=\"brlbs-cmpnt-cb-content\"> <p class=\"brlbs-cmpnt-cb-description\">Aktualnie wy\u015bwietlana jest tre\u015b\u0107 zast\u0119pcza z <strong>Google Maps<\/strong>. Aby uzyska\u0107 dost\u0119p do rzeczywistej tre\u015bci, kliknij poni\u017cszy przycisk. Pami\u0119taj, \u017ce spowoduje to udost\u0119pnienie danych zewn\u0119trznym operatorom.<\/p> <a class=\"brlbs-cmpnt-cb-provider-toggle\" href=\"#\" data-borlabs-cookie-show-provider-information role=\"button\">Wi\u0119cej informacji<\/a> <\/div> <div class=\"brlbs-cmpnt-cb-buttons\"> <a class=\"brlbs-cmpnt-cb-btn\" href=\"#\" data-borlabs-cookie-unblock role=\"button\">Odblokuj tre\u015b\u0107<\/a> <a class=\"brlbs-cmpnt-cb-btn\" href=\"#\" data-borlabs-cookie-accept-service role=\"button\" style=\"display: inherit\">Zaakceptuj wymagan\u0105 us\u0142ug\u0119 i odblokuj tre\u015b\u0107<\/a> <\/div> <\/div> <\/div><\/div>\n\n<div style=\"height:41px\" aria-hidden=\"true\" class=\"wp-block-spacer\"><\/div>\n\n<h2 class=\"wp-block-heading h3\">Magia \u015bwi\u0105t Bo\u017cego Narodzenia w Hildesheim<\/h2>\n\n<p>&#8211; jeden nocleg w cenie. \u015bniadanie<br\/>&#8211; grzane wino na jarmarku bo\u017conarodzeniowym<br\/>&#8211; pami\u0105tka bo\u017conarodzeniowa<br\/>&#8211; folder informacyjny na temat \u015bwi\u0105t Bo\u017cego Narodzenia w Hildesheim na pok\u00f3j <br\/><br\/><strong><a href=\"https:\/\/www.hildesheim-tourismus.de\/package\/weihnachtszauber-in-hildesheim-fuer-kleingruppen\" target=\"_blank\" rel=\"noreferrer noopener\">Rezerwacje<\/a><\/strong><br\/><br\/>Zastosowanie maj\u0105 Og\u00f3lne Warunki Handlowe Hildesheim Marketing GmbH.<\/p>\n\n<p><\/p>\n","protected":false},"excerpt":{"rendered":"<p>Serce jarmarku bo\u017conarodzeniowego bije na historycznym rynku Tutaj pi\u0119kne fasady z muru pruskiego oraz zapach \u015bwie\u017cych piernik\u00f3w i grzanego wina tworz\u0105 wyj\u0105tkow\u0105 przed\u015bwi\u0105teczn\u0105 atmosfer\u0119. \u015awi\u0105tecznie udekorowane stragany na placu An der Lilie r\u00f3wnie\u017c zapraszaj\u0105 do spaceru.W urz\u0119dzie pocztowym &#8222;Zum Rentier&#8221; na placu An der Lilie dzieci mog\u0105 do 12 grudnia wysy\u0142a\u0107 swoje listy \u017cycze\u0144, kt\u00f3re [&hellip;]<\/p>\n","protected":false},"author":1,"featured_media":23636,"parent":17929,"menu_order":0,"comment_status":"closed","ping_status":"closed","template":"pagetemplates\/template-stadtthema.php","meta":{"_acf_changed":false,"footnotes":""},"categories":[],"tags":[],"ncap_cities_tax":[465,535],"class_list":["post-17069","page","type-page","status-publish","has-post-thumbnail","hentry","ncap_cities_tax-hildesheim-pl","ncap_cities_tax-weihnachtsmarkte-hildesheim-pl"],"acf":[],"yoast_head":"<!-- This site is optimized with the Yoast SEO plugin v26.8 - https:\/\/yoast.com\/product\/yoast-seo-wordpress\/ -->\n<title>Jarmark bo\u017conarodzeniowy w Hildesheim - 9 St\u00e4dte in Niedersachsen<\/title>\n<meta name=\"description\" content=\"Serce jarmarku bo\u017conarodzeniowego w Hildesheim bije na historycznym rynku z pi\u0119knymi domami z muru pruskiego.\" \/>\n<meta name=\"robots\" content=\"index, follow, max-snippet:-1, max-image-preview:large, max-video-preview:-1\" \/>\n<link rel=\"canonical\" href=\"https:\/\/9staedte.de\/pl\/hildesheim-miasto-wpisane-na-liste-swiatowego-dziedzictwa-unesco\/jarmark-bozonarodzeniowy-w-hildesheim\/\" \/>\n<meta property=\"og:locale\" content=\"pl_PL\" \/>\n<meta property=\"og:type\" content=\"article\" \/>\n<meta property=\"og:title\" content=\"Jarmark bo\u017conarodzeniowy w Hildesheim - 9 St\u00e4dte in Niedersachsen\" \/>\n<meta property=\"og:description\" content=\"Serce jarmarku bo\u017conarodzeniowego w Hildesheim bije na historycznym rynku z pi\u0119knymi domami z muru pruskiego.\" \/>\n<meta property=\"og:url\" content=\"https:\/\/9staedte.de\/pl\/hildesheim-miasto-wpisane-na-liste-swiatowego-dziedzictwa-unesco\/jarmark-bozonarodzeniowy-w-hildesheim\/\" \/>\n<meta property=\"og:site_name\" content=\"9 St\u00e4dte in Niedersachsen\" \/>\n<meta property=\"article:modified_time\" content=\"2026-03-23T15:59:04+00:00\" \/>\n<meta property=\"og:image\" content=\"https:\/\/9staedte.de\/wp-content\/uploads\/2024\/09\/Weihnachtsmarkt-Hildesheim-c-Hildesheim-Marketing-Foto-Lars-Griebner-CC-BY.jpg\" \/>\n\t<meta property=\"og:image:width\" content=\"1020\" \/>\n\t<meta property=\"og:image:height\" content=\"560\" \/>\n\t<meta property=\"og:image:type\" content=\"image\/jpeg\" \/>\n<meta name=\"twitter:card\" content=\"summary_large_image\" \/>\n<meta name=\"twitter:label1\" content=\"Szacowany czas czytania\" \/>\n\t<meta name=\"twitter:data1\" content=\"1 minuta\" \/>\n<script type=\"application\/ld+json\" class=\"yoast-schema-graph\">{\"@context\":\"https:\/\/schema.org\",\"@graph\":[{\"@type\":\"WebPage\",\"@id\":\"https:\/\/9staedte.de\/pl\/hildesheim-miasto-wpisane-na-liste-swiatowego-dziedzictwa-unesco\/jarmark-bozonarodzeniowy-w-hildesheim\/\",\"url\":\"https:\/\/9staedte.de\/pl\/hildesheim-miasto-wpisane-na-liste-swiatowego-dziedzictwa-unesco\/jarmark-bozonarodzeniowy-w-hildesheim\/\",\"name\":\"Jarmark bo\u017conarodzeniowy w Hildesheim - 9 St\u00e4dte in Niedersachsen\",\"isPartOf\":{\"@id\":\"https:\/\/9staedte.de\/pl\/#website\"},\"primaryImageOfPage\":{\"@id\":\"https:\/\/9staedte.de\/pl\/hildesheim-miasto-wpisane-na-liste-swiatowego-dziedzictwa-unesco\/jarmark-bozonarodzeniowy-w-hildesheim\/#primaryimage\"},\"image\":{\"@id\":\"https:\/\/9staedte.de\/pl\/hildesheim-miasto-wpisane-na-liste-swiatowego-dziedzictwa-unesco\/jarmark-bozonarodzeniowy-w-hildesheim\/#primaryimage\"},\"thumbnailUrl\":\"https:\/\/9staedte.de\/wp-content\/uploads\/2024\/09\/Weihnachtsmarkt-Hildesheim-c-Hildesheim-Marketing-Foto-Lars-Griebner-CC-BY.jpg\",\"datePublished\":\"2023-11-02T08:47:04+00:00\",\"dateModified\":\"2026-03-23T15:59:04+00:00\",\"description\":\"Serce jarmarku bo\u017conarodzeniowego w Hildesheim bije na historycznym rynku z pi\u0119knymi domami z muru pruskiego.\",\"breadcrumb\":{\"@id\":\"https:\/\/9staedte.de\/pl\/hildesheim-miasto-wpisane-na-liste-swiatowego-dziedzictwa-unesco\/jarmark-bozonarodzeniowy-w-hildesheim\/#breadcrumb\"},\"inLanguage\":\"pl-PL\",\"potentialAction\":[{\"@type\":\"ReadAction\",\"target\":[\"https:\/\/9staedte.de\/pl\/hildesheim-miasto-wpisane-na-liste-swiatowego-dziedzictwa-unesco\/jarmark-bozonarodzeniowy-w-hildesheim\/\"]}]},{\"@type\":\"ImageObject\",\"inLanguage\":\"pl-PL\",\"@id\":\"https:\/\/9staedte.de\/pl\/hildesheim-miasto-wpisane-na-liste-swiatowego-dziedzictwa-unesco\/jarmark-bozonarodzeniowy-w-hildesheim\/#primaryimage\",\"url\":\"https:\/\/9staedte.de\/wp-content\/uploads\/2024\/09\/Weihnachtsmarkt-Hildesheim-c-Hildesheim-Marketing-Foto-Lars-Griebner-CC-BY.jpg\",\"contentUrl\":\"https:\/\/9staedte.de\/wp-content\/uploads\/2024\/09\/Weihnachtsmarkt-Hildesheim-c-Hildesheim-Marketing-Foto-Lars-Griebner-CC-BY.jpg\",\"width\":1020,\"height\":560,\"caption\":\"Weihnachtsmarkt Hildesheim c) Hildesheim Marketing Foto Lars Griebner (CC-BY)\"},{\"@type\":\"BreadcrumbList\",\"@id\":\"https:\/\/9staedte.de\/pl\/hildesheim-miasto-wpisane-na-liste-swiatowego-dziedzictwa-unesco\/jarmark-bozonarodzeniowy-w-hildesheim\/#breadcrumb\",\"itemListElement\":[{\"@type\":\"ListItem\",\"position\":1,\"name\":\"Startseite\",\"item\":\"https:\/\/9staedte.de\/pl\/\"},{\"@type\":\"ListItem\",\"position\":2,\"name\":\"Hildesheim &#8211; miasto wpisane na list\u0119 \u015bwiatowego dziedzictwa UNESCO\",\"item\":\"https:\/\/9staedte.de\/pl\/hildesheim-miasto-wpisane-na-liste-swiatowego-dziedzictwa-unesco\/\"},{\"@type\":\"ListItem\",\"position\":3,\"name\":\"Jarmark bo\u017conarodzeniowy w Hildesheim\"}]},{\"@type\":\"WebSite\",\"@id\":\"https:\/\/9staedte.de\/pl\/#website\",\"url\":\"https:\/\/9staedte.de\/pl\/\",\"name\":\"9 St\u00e4dte in Niedersachsen\",\"description\":\"\",\"publisher\":{\"@id\":\"https:\/\/9staedte.de\/pl\/#organization\"},\"potentialAction\":[{\"@type\":\"SearchAction\",\"target\":{\"@type\":\"EntryPoint\",\"urlTemplate\":\"https:\/\/9staedte.de\/pl\/?s={search_term_string}\"},\"query-input\":{\"@type\":\"PropertyValueSpecification\",\"valueRequired\":true,\"valueName\":\"search_term_string\"}}],\"inLanguage\":\"pl-PL\"},{\"@type\":\"Organization\",\"@id\":\"https:\/\/9staedte.de\/pl\/#organization\",\"name\":\"9 St\u00e4dte in Niedersachsen\",\"url\":\"https:\/\/9staedte.de\/pl\/\",\"logo\":{\"@type\":\"ImageObject\",\"inLanguage\":\"pl-PL\",\"@id\":\"https:\/\/9staedte.de\/pl\/#\/schema\/logo\/image\/\",\"url\":\"https:\/\/9staedte.de\/wp-content\/uploads\/2025\/01\/9-neg-deutsch-2-1.png\",\"contentUrl\":\"https:\/\/9staedte.de\/wp-content\/uploads\/2025\/01\/9-neg-deutsch-2-1.png\",\"width\":190,\"height\":114,\"caption\":\"9 St\u00e4dte in Niedersachsen\"},\"image\":{\"@id\":\"https:\/\/9staedte.de\/pl\/#\/schema\/logo\/image\/\"}}]}<\/script>\n<!-- \/ Yoast SEO plugin. -->","yoast_head_json":{"title":"Jarmark bo\u017conarodzeniowy w Hildesheim - 9 St\u00e4dte in Niedersachsen","description":"Serce jarmarku bo\u017conarodzeniowego w Hildesheim bije na historycznym rynku z pi\u0119knymi domami z muru pruskiego.","robots":{"index":"index","follow":"follow","max-snippet":"max-snippet:-1","max-image-preview":"max-image-preview:large","max-video-preview":"max-video-preview:-1"},"canonical":"https:\/\/9staedte.de\/pl\/hildesheim-miasto-wpisane-na-liste-swiatowego-dziedzictwa-unesco\/jarmark-bozonarodzeniowy-w-hildesheim\/","og_locale":"pl_PL","og_type":"article","og_title":"Jarmark bo\u017conarodzeniowy w Hildesheim - 9 St\u00e4dte in Niedersachsen","og_description":"Serce jarmarku bo\u017conarodzeniowego w Hildesheim bije na historycznym rynku z pi\u0119knymi domami z muru pruskiego.","og_url":"https:\/\/9staedte.de\/pl\/hildesheim-miasto-wpisane-na-liste-swiatowego-dziedzictwa-unesco\/jarmark-bozonarodzeniowy-w-hildesheim\/","og_site_name":"9 St\u00e4dte in Niedersachsen","article_modified_time":"2026-03-23T15:59:04+00:00","og_image":[{"width":1020,"height":560,"url":"https:\/\/9staedte.de\/wp-content\/uploads\/2024\/09\/Weihnachtsmarkt-Hildesheim-c-Hildesheim-Marketing-Foto-Lars-Griebner-CC-BY.jpg","type":"image\/jpeg"}],"twitter_card":"summary_large_image","twitter_misc":{"Szacowany czas czytania":"1 minuta"},"schema":{"@context":"https:\/\/schema.org","@graph":[{"@type":"WebPage","@id":"https:\/\/9staedte.de\/pl\/hildesheim-miasto-wpisane-na-liste-swiatowego-dziedzictwa-unesco\/jarmark-bozonarodzeniowy-w-hildesheim\/","url":"https:\/\/9staedte.de\/pl\/hildesheim-miasto-wpisane-na-liste-swiatowego-dziedzictwa-unesco\/jarmark-bozonarodzeniowy-w-hildesheim\/","name":"Jarmark bo\u017conarodzeniowy w Hildesheim - 9 St\u00e4dte in Niedersachsen","isPartOf":{"@id":"https:\/\/9staedte.de\/pl\/#website"},"primaryImageOfPage":{"@id":"https:\/\/9staedte.de\/pl\/hildesheim-miasto-wpisane-na-liste-swiatowego-dziedzictwa-unesco\/jarmark-bozonarodzeniowy-w-hildesheim\/#primaryimage"},"image":{"@id":"https:\/\/9staedte.de\/pl\/hildesheim-miasto-wpisane-na-liste-swiatowego-dziedzictwa-unesco\/jarmark-bozonarodzeniowy-w-hildesheim\/#primaryimage"},"thumbnailUrl":"https:\/\/9staedte.de\/wp-content\/uploads\/2024\/09\/Weihnachtsmarkt-Hildesheim-c-Hildesheim-Marketing-Foto-Lars-Griebner-CC-BY.jpg","datePublished":"2023-11-02T08:47:04+00:00","dateModified":"2026-03-23T15:59:04+00:00","description":"Serce jarmarku bo\u017conarodzeniowego w Hildesheim bije na historycznym rynku z pi\u0119knymi domami z muru pruskiego.","breadcrumb":{"@id":"https:\/\/9staedte.de\/pl\/hildesheim-miasto-wpisane-na-liste-swiatowego-dziedzictwa-unesco\/jarmark-bozonarodzeniowy-w-hildesheim\/#breadcrumb"},"inLanguage":"pl-PL","potentialAction":[{"@type":"ReadAction","target":["https:\/\/9staedte.de\/pl\/hildesheim-miasto-wpisane-na-liste-swiatowego-dziedzictwa-unesco\/jarmark-bozonarodzeniowy-w-hildesheim\/"]}]},{"@type":"ImageObject","inLanguage":"pl-PL","@id":"https:\/\/9staedte.de\/pl\/hildesheim-miasto-wpisane-na-liste-swiatowego-dziedzictwa-unesco\/jarmark-bozonarodzeniowy-w-hildesheim\/#primaryimage","url":"https:\/\/9staedte.de\/wp-content\/uploads\/2024\/09\/Weihnachtsmarkt-Hildesheim-c-Hildesheim-Marketing-Foto-Lars-Griebner-CC-BY.jpg","contentUrl":"https:\/\/9staedte.de\/wp-content\/uploads\/2024\/09\/Weihnachtsmarkt-Hildesheim-c-Hildesheim-Marketing-Foto-Lars-Griebner-CC-BY.jpg","width":1020,"height":560,"caption":"Weihnachtsmarkt Hildesheim c) Hildesheim Marketing Foto Lars Griebner (CC-BY)"},{"@type":"BreadcrumbList","@id":"https:\/\/9staedte.de\/pl\/hildesheim-miasto-wpisane-na-liste-swiatowego-dziedzictwa-unesco\/jarmark-bozonarodzeniowy-w-hildesheim\/#breadcrumb","itemListElement":[{"@type":"ListItem","position":1,"name":"Startseite","item":"https:\/\/9staedte.de\/pl\/"},{"@type":"ListItem","position":2,"name":"Hildesheim &#8211; miasto wpisane na list\u0119 \u015bwiatowego dziedzictwa UNESCO","item":"https:\/\/9staedte.de\/pl\/hildesheim-miasto-wpisane-na-liste-swiatowego-dziedzictwa-unesco\/"},{"@type":"ListItem","position":3,"name":"Jarmark bo\u017conarodzeniowy w Hildesheim"}]},{"@type":"WebSite","@id":"https:\/\/9staedte.de\/pl\/#website","url":"https:\/\/9staedte.de\/pl\/","name":"9 St\u00e4dte in Niedersachsen","description":"","publisher":{"@id":"https:\/\/9staedte.de\/pl\/#organization"},"potentialAction":[{"@type":"SearchAction","target":{"@type":"EntryPoint","urlTemplate":"https:\/\/9staedte.de\/pl\/?s={search_term_string}"},"query-input":{"@type":"PropertyValueSpecification","valueRequired":true,"valueName":"search_term_string"}}],"inLanguage":"pl-PL"},{"@type":"Organization","@id":"https:\/\/9staedte.de\/pl\/#organization","name":"9 St\u00e4dte in Niedersachsen","url":"https:\/\/9staedte.de\/pl\/","logo":{"@type":"ImageObject","inLanguage":"pl-PL","@id":"https:\/\/9staedte.de\/pl\/#\/schema\/logo\/image\/","url":"https:\/\/9staedte.de\/wp-content\/uploads\/2025\/01\/9-neg-deutsch-2-1.png","contentUrl":"https:\/\/9staedte.de\/wp-content\/uploads\/2025\/01\/9-neg-deutsch-2-1.png","width":190,"height":114,"caption":"9 St\u00e4dte in Niedersachsen"},"image":{"@id":"https:\/\/9staedte.de\/pl\/#\/schema\/logo\/image\/"}}]}},"_links":{"self":[{"href":"https:\/\/9staedte.de\/pl\/wp-json\/wp\/v2\/pages\/17069","targetHints":{"allow":["GET"]}}],"collection":[{"href":"https:\/\/9staedte.de\/pl\/wp-json\/wp\/v2\/pages"}],"about":[{"href":"https:\/\/9staedte.de\/pl\/wp-json\/wp\/v2\/types\/page"}],"author":[{"embeddable":true,"href":"https:\/\/9staedte.de\/pl\/wp-json\/wp\/v2\/users\/1"}],"replies":[{"embeddable":true,"href":"https:\/\/9staedte.de\/pl\/wp-json\/wp\/v2\/comments?post=17069"}],"version-history":[{"count":8,"href":"https:\/\/9staedte.de\/pl\/wp-json\/wp\/v2\/pages\/17069\/revisions"}],"predecessor-version":[{"id":27634,"href":"https:\/\/9staedte.de\/pl\/wp-json\/wp\/v2\/pages\/17069\/revisions\/27634"}],"up":[{"embeddable":true,"href":"https:\/\/9staedte.de\/pl\/wp-json\/wp\/v2\/pages\/17929"}],"wp:featuredmedia":[{"embeddable":true,"href":"https:\/\/9staedte.de\/pl\/wp-json\/wp\/v2\/media\/23636"}],"wp:attachment":[{"href":"https:\/\/9staedte.de\/pl\/wp-json\/wp\/v2\/media?parent=17069"}],"wp:term":[{"taxonomy":"category","embeddable":true,"href":"https:\/\/9staedte.de\/pl\/wp-json\/wp\/v2\/categories?post=17069"},{"taxonomy":"post_tag","embeddable":true,"href":"https:\/\/9staedte.de\/pl\/wp-json\/wp\/v2\/tags?post=17069"},{"taxonomy":"ncap_cities_tax","embeddable":true,"href":"https:\/\/9staedte.de\/pl\/wp-json\/wp\/v2\/ncap_cities_tax?post=17069"}],"curies":[{"name":"wp","href":"https:\/\/api.w.org\/{rel}","templated":true}]}}