{"id":17067,"date":"2023-11-02T09:47:04","date_gmt":"2023-11-02T08:47:04","guid":{"rendered":"https:\/\/9staedte.de\/informacje-o-przewodnikach-i-wycieczkach-w-hanowerze\/"},"modified":"2025-05-09T12:23:07","modified_gmt":"2025-05-09T10:23:07","slug":"informacje-o-przewodnikach-i-wycieczkach-w-hanowerze","status":"publish","type":"page","link":"https:\/\/9staedte.de\/pl\/hanower-stolica-dolnej-saksonii\/informacje-o-przewodnikach-i-wycieczkach-w-hanowerze\/","title":{"rendered":"Informacje o przewodnikach i wycieczkach w Hanowerze"},"content":{"rendered":"\n<h3 class=\"wp-block-heading\">Ceny i oferty:<\/h3>\n\n\n\n<h3 class=\"wp-block-heading\">1. misje pomocowe w obcym j\u0119zyku<\/h3>\n\n\n\n<p>(np. asystenci transferu, spotkanie i powitanie na lotnisku itp.)<\/p>\n\n\n\n<p>do 2 godzin:<br>Cena: \u20ac 140,-<br>Ka\u017cda dodatkowa godzina lub jej cz\u0119\u015b\u0107: 65,- \u20ac.<\/p>\n\n\n\n<h3 class=\"wp-block-heading\">2. pomoc w misji \/ towarzysz podr\u00f3\u017cy w obcym j\u0119zyku*<\/h3>\n\n\n\n<p>P\u00f3\u0142 dnia \/ do 4 godzin:<br>Cena: 225,- \u20ac<br>Ka\u017cda dodatkowa godzina lub jej cz\u0119\u015b\u0107: 65,- \u20ac.<\/p>\n\n\n\n<p>ca\u0142y dzie\u0144 \/ 8 godzin:<br>Cena: \u20ac 395,-<\/p>\n\n\n\n<p>* Nie jest to jednak<br>certyfikowanych przewodnik\u00f3w.<\/p>\n\n\n\n<h3 class=\"wp-block-heading\">3. pomoc w t\u0142umaczeniu<\/h3>\n\n\n\n<p>(np. wizyty w firmach, wizyty na targach)<\/p>\n\n\n\n<p>Czas pracy do 2 godzin:<br>Cena: 185,- \u20ac<br>Ka\u017cda dodatkowa godzina lub jej cz\u0119\u015b\u0107: 65,- \u20ac.<br>p\u00f3\u0142 dnia \/ 4 godziny: 315,- \u20ac<br>ca\u0142y dzie\u0144 \/ 8 godzin: 430,- \u20ac<\/p>\n\n\n\n<p>Dodatki za wszystkie powy\u017csze zadania:<\/p>\n\n\n\n<p>Dop\u0142ata za trudno dost\u0119pne i poza miastem punkty spotka\u0144 plus 50,- \u20ac (stawka zrycza\u0142towana)<br>Dotyczy to r\u00f3wnie\u017c niedogodnie zlokalizowanych punkt\u00f3w odlotu\/przylotu\u00a0.<\/p>\n\n\n\n<h4 class=\"wp-block-heading\">Dodatek nocny:<\/h4>\n\n\n\n<p>dla operacji w godzinach od 22:00 do 06:00<br>Za ka\u017cd\u0105 godzin\u0119 lub cz\u0119\u015b\u0107 godziny naliczana jest dop\u0142ata w wysoko\u015bci<br>za dodatkow\u0105 godzin\u0119.<br>&#8211; W przypadku d\u0142u\u017cszych zlece\u0144, poniesione koszty dodatkowe<br>(np. koszty podr\u00f3\u017cy, op\u0142aty parkingowe, posi\u0142ki, nocleg itp.) b\u0119d\u0105 dodatkowo p\u0142atne.<\/p>\n\n\n\n<h4 class=\"wp-block-heading\">Op\u0142ata za umieszczenie\/przetwarzanie<\/h4>\n\n\n\n<p>W zale\u017cno\u015bci od wielko\u015bci zam\u00f3wienia naliczona zostanie op\u0142ata za po\u015brednictwo\/obs\u0142ug\u0119, z wyj\u0105tkiem rezerwacji wy\u0142\u0105cznie na wycieczki po mie\u015bcie.<\/p>\n\n\n\n<p>J\u0119zyki obce na \u017cyczenie!<br>(angielski, francuski, hiszpa\u0144ski, w\u0142oski, portugalski, holenderski, rosyjski, polski, bu\u0142garski, japo\u0144ski itp.)<\/p>\n\n\n\n<h4 class=\"wp-block-heading\">Rezerwacje z:<\/h4>\n\n\n\n<p>Hanover Marketing &amp; Tourism GmbH<br>Przerwy w mie\u015bcie<br>Vahrenwalder Strasse 7<br>30165 Hanower<br>Tel.: +49 (0) 511\/12345-333<br>Faks:&nbsp; +49 (0) 511\/12345-334<br>E-mail:&nbsp;<a href=\"mailto:staedtereisen@hannover-tourismus.de\" target=\"_blank\" rel=\"noreferrer noopener\">staedtereise@hannover-tourismus.de<\/a><br>Internet:<a href=\"http:\/\/www.visit-hannover.com\/\">&nbsp;www.visit-hannover.com<\/a><\/p>\n","protected":false},"excerpt":{"rendered":"<p>Ceny i oferty: 1. misje pomocowe w obcym j\u0119zyku (np. asystenci transferu, spotkanie i powitanie na lotnisku itp.) do 2 godzin:Cena: \u20ac 140,-Ka\u017cda dodatkowa godzina lub jej cz\u0119\u015b\u0107: 65,- \u20ac. 2. pomoc w misji \/ towarzysz podr\u00f3\u017cy w obcym j\u0119zyku* P\u00f3\u0142 dnia \/ do 4 godzin:Cena: 225,- \u20acKa\u017cda dodatkowa godzina lub jej cz\u0119\u015b\u0107: 65,- \u20ac. [&hellip;]<\/p>\n","protected":false},"author":1,"featured_media":16454,"parent":18029,"menu_order":0,"comment_status":"closed","ping_status":"closed","template":"pagetemplates\/template-stadtthema.php","meta":{"_acf_changed":false,"footnotes":""},"categories":[],"tags":[],"ncap_cities_tax":[458,1298],"class_list":["post-17067","page","type-page","status-publish","has-post-thumbnail","hentry","ncap_cities_tax-hannover-pl","ncap_cities_tax-reiseleitung-und-ausflugen-hannover-pl"],"acf":[],"yoast_head":"<!-- This site is optimized with the Yoast SEO plugin v27.4 - https:\/\/yoast.com\/product\/yoast-seo-wordpress\/ -->\n<title>Informacje o przewodnikach i wycieczkach w Hanowerze - 9 St\u00e4dte in Niedersachsen<\/title>\n<meta name=\"robots\" content=\"index, follow, max-snippet:-1, max-image-preview:large, max-video-preview:-1\" \/>\n<link rel=\"canonical\" href=\"https:\/\/9staedte.de\/pl\/hanower-stolica-dolnej-saksonii\/informacje-o-przewodnikach-i-wycieczkach-w-hanowerze\/\" \/>\n<meta property=\"og:locale\" content=\"pl_PL\" \/>\n<meta property=\"og:type\" content=\"article\" \/>\n<meta property=\"og:title\" content=\"Informacje o przewodnikach i wycieczkach w Hanowerze - 9 St\u00e4dte in Niedersachsen\" \/>\n<meta property=\"og:description\" content=\"Ceny i oferty: 1. misje pomocowe w obcym j\u0119zyku (np. asystenci transferu, spotkanie i powitanie na lotnisku itp.) do 2 godzin:Cena: \u20ac 140,-Ka\u017cda dodatkowa godzina lub jej cz\u0119\u015b\u0107: 65,- \u20ac. 2. pomoc w misji \/ towarzysz podr\u00f3\u017cy w obcym j\u0119zyku* P\u00f3\u0142 dnia \/ do 4 godzin:Cena: 225,- \u20acKa\u017cda dodatkowa godzina lub jej cz\u0119\u015b\u0107: 65,- \u20ac. [&hellip;]\" \/>\n<meta property=\"og:url\" content=\"https:\/\/9staedte.de\/pl\/hanower-stolica-dolnej-saksonii\/informacje-o-przewodnikach-i-wycieczkach-w-hanowerze\/\" \/>\n<meta property=\"og:site_name\" content=\"9 St\u00e4dte in Niedersachsen\" \/>\n<meta property=\"article:modified_time\" content=\"2025-05-09T10:23:07+00:00\" \/>\n<meta property=\"og:image\" content=\"https:\/\/9staedte.de\/wp-content\/uploads\/2022\/03\/Schloss-Marienburg-c-HMTG-Michael-Abid.jpg\" \/>\n\t<meta property=\"og:image:width\" content=\"1019\" \/>\n\t<meta property=\"og:image:height\" content=\"554\" \/>\n\t<meta property=\"og:image:type\" content=\"image\/jpeg\" \/>\n<meta name=\"twitter:card\" content=\"summary_large_image\" \/>\n<meta name=\"twitter:label1\" content=\"Szacowany czas czytania\" \/>\n\t<meta name=\"twitter:data1\" content=\"2 minuty\" \/>\n<script type=\"application\/ld+json\" class=\"yoast-schema-graph\">{\"@context\":\"https:\\\/\\\/schema.org\",\"@graph\":[{\"@type\":\"WebPage\",\"@id\":\"https:\\\/\\\/9staedte.de\\\/pl\\\/hanower-stolica-dolnej-saksonii\\\/informacje-o-przewodnikach-i-wycieczkach-w-hanowerze\\\/\",\"url\":\"https:\\\/\\\/9staedte.de\\\/pl\\\/hanower-stolica-dolnej-saksonii\\\/informacje-o-przewodnikach-i-wycieczkach-w-hanowerze\\\/\",\"name\":\"Informacje o przewodnikach i wycieczkach w Hanowerze - 9 St\u00e4dte in Niedersachsen\",\"isPartOf\":{\"@id\":\"https:\\\/\\\/9staedte.de\\\/pl\\\/#website\"},\"primaryImageOfPage\":{\"@id\":\"https:\\\/\\\/9staedte.de\\\/pl\\\/hanower-stolica-dolnej-saksonii\\\/informacje-o-przewodnikach-i-wycieczkach-w-hanowerze\\\/#primaryimage\"},\"image\":{\"@id\":\"https:\\\/\\\/9staedte.de\\\/pl\\\/hanower-stolica-dolnej-saksonii\\\/informacje-o-przewodnikach-i-wycieczkach-w-hanowerze\\\/#primaryimage\"},\"thumbnailUrl\":\"https:\\\/\\\/9staedte.de\\\/wp-content\\\/uploads\\\/2022\\\/03\\\/Schloss-Marienburg-c-HMTG-Michael-Abid.jpg\",\"datePublished\":\"2023-11-02T08:47:04+00:00\",\"dateModified\":\"2025-05-09T10:23:07+00:00\",\"breadcrumb\":{\"@id\":\"https:\\\/\\\/9staedte.de\\\/pl\\\/hanower-stolica-dolnej-saksonii\\\/informacje-o-przewodnikach-i-wycieczkach-w-hanowerze\\\/#breadcrumb\"},\"inLanguage\":\"pl-PL\",\"potentialAction\":[{\"@type\":\"ReadAction\",\"target\":[\"https:\\\/\\\/9staedte.de\\\/pl\\\/hanower-stolica-dolnej-saksonii\\\/informacje-o-przewodnikach-i-wycieczkach-w-hanowerze\\\/\"]}]},{\"@type\":\"ImageObject\",\"inLanguage\":\"pl-PL\",\"@id\":\"https:\\\/\\\/9staedte.de\\\/pl\\\/hanower-stolica-dolnej-saksonii\\\/informacje-o-przewodnikach-i-wycieczkach-w-hanowerze\\\/#primaryimage\",\"url\":\"https:\\\/\\\/9staedte.de\\\/wp-content\\\/uploads\\\/2022\\\/03\\\/Schloss-Marienburg-c-HMTG-Michael-Abid.jpg\",\"contentUrl\":\"https:\\\/\\\/9staedte.de\\\/wp-content\\\/uploads\\\/2022\\\/03\\\/Schloss-Marienburg-c-HMTG-Michael-Abid.jpg\",\"width\":1019,\"height\":554,\"caption\":\"Schloss Marienburg c) HMTG Michael Abid\"},{\"@type\":\"BreadcrumbList\",\"@id\":\"https:\\\/\\\/9staedte.de\\\/pl\\\/hanower-stolica-dolnej-saksonii\\\/informacje-o-przewodnikach-i-wycieczkach-w-hanowerze\\\/#breadcrumb\",\"itemListElement\":[{\"@type\":\"ListItem\",\"position\":1,\"name\":\"Startseite\",\"item\":\"https:\\\/\\\/9staedte.de\\\/pl\\\/\"},{\"@type\":\"ListItem\",\"position\":2,\"name\":\"Hanower &#8211; stolica Dolnej Saksonii\",\"item\":\"https:\\\/\\\/9staedte.de\\\/pl\\\/hanower-stolica-dolnej-saksonii\\\/\"},{\"@type\":\"ListItem\",\"position\":3,\"name\":\"Informacje o przewodnikach i wycieczkach w Hanowerze\"}]},{\"@type\":\"WebSite\",\"@id\":\"https:\\\/\\\/9staedte.de\\\/pl\\\/#website\",\"url\":\"https:\\\/\\\/9staedte.de\\\/pl\\\/\",\"name\":\"9 St\u00e4dte in Niedersachsen\",\"description\":\"\",\"publisher\":{\"@id\":\"https:\\\/\\\/9staedte.de\\\/pl\\\/#organization\"},\"potentialAction\":[{\"@type\":\"SearchAction\",\"target\":{\"@type\":\"EntryPoint\",\"urlTemplate\":\"https:\\\/\\\/9staedte.de\\\/pl\\\/?s={search_term_string}\"},\"query-input\":{\"@type\":\"PropertyValueSpecification\",\"valueRequired\":true,\"valueName\":\"search_term_string\"}}],\"inLanguage\":\"pl-PL\"},{\"@type\":\"Organization\",\"@id\":\"https:\\\/\\\/9staedte.de\\\/pl\\\/#organization\",\"name\":\"9 St\u00e4dte in Niedersachsen\",\"url\":\"https:\\\/\\\/9staedte.de\\\/pl\\\/\",\"logo\":{\"@type\":\"ImageObject\",\"inLanguage\":\"pl-PL\",\"@id\":\"https:\\\/\\\/9staedte.de\\\/pl\\\/#\\\/schema\\\/logo\\\/image\\\/\",\"url\":\"https:\\\/\\\/9staedte.de\\\/wp-content\\\/uploads\\\/2025\\\/01\\\/9-neg-deutsch-2-1.png\",\"contentUrl\":\"https:\\\/\\\/9staedte.de\\\/wp-content\\\/uploads\\\/2025\\\/01\\\/9-neg-deutsch-2-1.png\",\"width\":190,\"height\":114,\"caption\":\"9 St\u00e4dte in Niedersachsen\"},\"image\":{\"@id\":\"https:\\\/\\\/9staedte.de\\\/pl\\\/#\\\/schema\\\/logo\\\/image\\\/\"}}]}<\/script>\n<!-- \/ Yoast SEO plugin. -->","yoast_head_json":{"title":"Informacje o przewodnikach i wycieczkach w Hanowerze - 9 St\u00e4dte in Niedersachsen","robots":{"index":"index","follow":"follow","max-snippet":"max-snippet:-1","max-image-preview":"max-image-preview:large","max-video-preview":"max-video-preview:-1"},"canonical":"https:\/\/9staedte.de\/pl\/hanower-stolica-dolnej-saksonii\/informacje-o-przewodnikach-i-wycieczkach-w-hanowerze\/","og_locale":"pl_PL","og_type":"article","og_title":"Informacje o przewodnikach i wycieczkach w Hanowerze - 9 St\u00e4dte in Niedersachsen","og_description":"Ceny i oferty: 1. misje pomocowe w obcym j\u0119zyku (np. asystenci transferu, spotkanie i powitanie na lotnisku itp.) do 2 godzin:Cena: \u20ac 140,-Ka\u017cda dodatkowa godzina lub jej cz\u0119\u015b\u0107: 65,- \u20ac. 2. pomoc w misji \/ towarzysz podr\u00f3\u017cy w obcym j\u0119zyku* P\u00f3\u0142 dnia \/ do 4 godzin:Cena: 225,- \u20acKa\u017cda dodatkowa godzina lub jej cz\u0119\u015b\u0107: 65,- \u20ac. [&hellip;]","og_url":"https:\/\/9staedte.de\/pl\/hanower-stolica-dolnej-saksonii\/informacje-o-przewodnikach-i-wycieczkach-w-hanowerze\/","og_site_name":"9 St\u00e4dte in Niedersachsen","article_modified_time":"2025-05-09T10:23:07+00:00","og_image":[{"width":1019,"height":554,"url":"https:\/\/9staedte.de\/wp-content\/uploads\/2022\/03\/Schloss-Marienburg-c-HMTG-Michael-Abid.jpg","type":"image\/jpeg"}],"twitter_card":"summary_large_image","twitter_misc":{"Szacowany czas czytania":"2 minuty"},"schema":{"@context":"https:\/\/schema.org","@graph":[{"@type":"WebPage","@id":"https:\/\/9staedte.de\/pl\/hanower-stolica-dolnej-saksonii\/informacje-o-przewodnikach-i-wycieczkach-w-hanowerze\/","url":"https:\/\/9staedte.de\/pl\/hanower-stolica-dolnej-saksonii\/informacje-o-przewodnikach-i-wycieczkach-w-hanowerze\/","name":"Informacje o przewodnikach i wycieczkach w Hanowerze - 9 St\u00e4dte in Niedersachsen","isPartOf":{"@id":"https:\/\/9staedte.de\/pl\/#website"},"primaryImageOfPage":{"@id":"https:\/\/9staedte.de\/pl\/hanower-stolica-dolnej-saksonii\/informacje-o-przewodnikach-i-wycieczkach-w-hanowerze\/#primaryimage"},"image":{"@id":"https:\/\/9staedte.de\/pl\/hanower-stolica-dolnej-saksonii\/informacje-o-przewodnikach-i-wycieczkach-w-hanowerze\/#primaryimage"},"thumbnailUrl":"https:\/\/9staedte.de\/wp-content\/uploads\/2022\/03\/Schloss-Marienburg-c-HMTG-Michael-Abid.jpg","datePublished":"2023-11-02T08:47:04+00:00","dateModified":"2025-05-09T10:23:07+00:00","breadcrumb":{"@id":"https:\/\/9staedte.de\/pl\/hanower-stolica-dolnej-saksonii\/informacje-o-przewodnikach-i-wycieczkach-w-hanowerze\/#breadcrumb"},"inLanguage":"pl-PL","potentialAction":[{"@type":"ReadAction","target":["https:\/\/9staedte.de\/pl\/hanower-stolica-dolnej-saksonii\/informacje-o-przewodnikach-i-wycieczkach-w-hanowerze\/"]}]},{"@type":"ImageObject","inLanguage":"pl-PL","@id":"https:\/\/9staedte.de\/pl\/hanower-stolica-dolnej-saksonii\/informacje-o-przewodnikach-i-wycieczkach-w-hanowerze\/#primaryimage","url":"https:\/\/9staedte.de\/wp-content\/uploads\/2022\/03\/Schloss-Marienburg-c-HMTG-Michael-Abid.jpg","contentUrl":"https:\/\/9staedte.de\/wp-content\/uploads\/2022\/03\/Schloss-Marienburg-c-HMTG-Michael-Abid.jpg","width":1019,"height":554,"caption":"Schloss Marienburg c) HMTG Michael Abid"},{"@type":"BreadcrumbList","@id":"https:\/\/9staedte.de\/pl\/hanower-stolica-dolnej-saksonii\/informacje-o-przewodnikach-i-wycieczkach-w-hanowerze\/#breadcrumb","itemListElement":[{"@type":"ListItem","position":1,"name":"Startseite","item":"https:\/\/9staedte.de\/pl\/"},{"@type":"ListItem","position":2,"name":"Hanower &#8211; stolica Dolnej Saksonii","item":"https:\/\/9staedte.de\/pl\/hanower-stolica-dolnej-saksonii\/"},{"@type":"ListItem","position":3,"name":"Informacje o przewodnikach i wycieczkach w Hanowerze"}]},{"@type":"WebSite","@id":"https:\/\/9staedte.de\/pl\/#website","url":"https:\/\/9staedte.de\/pl\/","name":"9 St\u00e4dte in Niedersachsen","description":"","publisher":{"@id":"https:\/\/9staedte.de\/pl\/#organization"},"potentialAction":[{"@type":"SearchAction","target":{"@type":"EntryPoint","urlTemplate":"https:\/\/9staedte.de\/pl\/?s={search_term_string}"},"query-input":{"@type":"PropertyValueSpecification","valueRequired":true,"valueName":"search_term_string"}}],"inLanguage":"pl-PL"},{"@type":"Organization","@id":"https:\/\/9staedte.de\/pl\/#organization","name":"9 St\u00e4dte in Niedersachsen","url":"https:\/\/9staedte.de\/pl\/","logo":{"@type":"ImageObject","inLanguage":"pl-PL","@id":"https:\/\/9staedte.de\/pl\/#\/schema\/logo\/image\/","url":"https:\/\/9staedte.de\/wp-content\/uploads\/2025\/01\/9-neg-deutsch-2-1.png","contentUrl":"https:\/\/9staedte.de\/wp-content\/uploads\/2025\/01\/9-neg-deutsch-2-1.png","width":190,"height":114,"caption":"9 St\u00e4dte in Niedersachsen"},"image":{"@id":"https:\/\/9staedte.de\/pl\/#\/schema\/logo\/image\/"}}]}},"_links":{"self":[{"href":"https:\/\/9staedte.de\/pl\/wp-json\/wp\/v2\/pages\/17067","targetHints":{"allow":["GET"]}}],"collection":[{"href":"https:\/\/9staedte.de\/pl\/wp-json\/wp\/v2\/pages"}],"about":[{"href":"https:\/\/9staedte.de\/pl\/wp-json\/wp\/v2\/types\/page"}],"author":[{"embeddable":true,"href":"https:\/\/9staedte.de\/pl\/wp-json\/wp\/v2\/users\/1"}],"replies":[{"embeddable":true,"href":"https:\/\/9staedte.de\/pl\/wp-json\/wp\/v2\/comments?post=17067"}],"version-history":[{"count":2,"href":"https:\/\/9staedte.de\/pl\/wp-json\/wp\/v2\/pages\/17067\/revisions"}],"predecessor-version":[{"id":25680,"href":"https:\/\/9staedte.de\/pl\/wp-json\/wp\/v2\/pages\/17067\/revisions\/25680"}],"up":[{"embeddable":true,"href":"https:\/\/9staedte.de\/pl\/wp-json\/wp\/v2\/pages\/18029"}],"wp:featuredmedia":[{"embeddable":true,"href":"https:\/\/9staedte.de\/pl\/wp-json\/wp\/v2\/media\/16454"}],"wp:attachment":[{"href":"https:\/\/9staedte.de\/pl\/wp-json\/wp\/v2\/media?parent=17067"}],"wp:term":[{"taxonomy":"category","embeddable":true,"href":"https:\/\/9staedte.de\/pl\/wp-json\/wp\/v2\/categories?post=17067"},{"taxonomy":"post_tag","embeddable":true,"href":"https:\/\/9staedte.de\/pl\/wp-json\/wp\/v2\/tags?post=17067"},{"taxonomy":"ncap_cities_tax","embeddable":true,"href":"https:\/\/9staedte.de\/pl\/wp-json\/wp\/v2\/ncap_cities_tax?post=17067"}],"curies":[{"name":"wp","href":"https:\/\/api.w.org\/{rel}","templated":true}]}}