{"id":17053,"date":"2023-11-02T09:47:02","date_gmt":"2023-11-02T08:47:02","guid":{"rendered":"https:\/\/9staedte.de\/wolfenbuettel-odkrywaj-w-sposob-zrownowazony\/"},"modified":"2024-03-21T16:00:38","modified_gmt":"2024-03-21T15:00:38","slug":"wolfenbuettel-odkrywaj-w-sposob-zrownowazony","status":"publish","type":"page","link":"https:\/\/9staedte.de\/pl\/wolfenbuttel-miasto-lessingow\/wolfenbuettel-odkrywaj-w-sposob-zrownowazony\/","title":{"rendered":"Wolfenb\u00fcttel &#8211; odkrywaj w spos\u00f3b zr\u00f3wnowa\u017cony"},"content":{"rendered":"\n<h2 class=\"wp-block-heading\">Wakacje od pocz\u0105tku<\/h2>\n\n\n\n<p>Wakacje w Wolfenb\u00fcttel rozpoczynaj\u0105 si\u0119 od spaceru z dworca kolejowego do wybranego zakwaterowania. Do starego miasta mo\u017cna dotrze\u0107 w zaledwie kilka minut wzd\u0142u\u017c pi\u0119knych dom\u00f3w w stylu wilhelmi\u0144skim lub przez Seeligerpark lub Wallanlage ze starymi drzewami. Stare miasto zachwyca ponad 1000 dom\u00f3w z muru pruskiego, pi\u0119knymi placami i oczywi\u015bcie zamkiem Guelph, znan\u0105 na ca\u0142ym \u015bwiecie Bibliotek\u0105 Ksi\u0119cia Augusta, Domem Lessinga, nowym pomnikiem nazistowskiej sprawiedliwo\u015bci i ko\u015bcio\u0142ami. Wizyta w Lessingstadt jest szczeg\u00f3lnie zr\u00f3wnowa\u017cona, poniewa\u017c wszystko jest tak blisko. W centrum miasta wszystkie zabytki mo\u017cna z \u0142atwo\u015bci\u0105 zwiedza\u0107 pieszo, a ci, kt\u00f3rzy chc\u0105 du\u017co podr\u00f3\u017cowa\u0107, mog\u0105 po prostu wypo\u017cyczy\u0107 rower elektryczny w bezbarierowym centrum informacji turystycznej. Wolfenb\u00fcttel jest r\u00f3wnie\u017c idealn\u0105 baz\u0105 wypadow\u0105 do wycieczek rowerowych po regionie.<\/p>\n\n\n\n<p>Do Wolfenb\u00fcttel mo\u017cna \u0142atwo dojecha\u0107 \u015brodkami transportu publicznego. Ze stacji kolejowej ICE w s\u0105siednim mie\u015bcie Braunschweig mo\u017cna w nieca\u0142e 10 minut dojecha\u0107 poci\u0105giem regionalnym lub w 20 minut autobusem do Wolfenb\u00fcttel. Co wi\u0119cej, mo\u017cna stamt\u0105d dotrze\u0107 np. do Berlina w oko\u0142o 1,5 godziny.<\/p>\n\n\n\n\n<div class=\"banner-wrapper\">\n  <div class=\"banner-inner \">\n      <div class=\"img-container\">\n      <div class=\"img-wrapper\">\n        <img decoding=\"async\" src=\"https:\/\/9staedte.de\/wp-content\/smush-webp\/2023\/04\/Raddahren-in-Wolfenbuettel-c-Christian-Bierwagen.jpg.webp\" alt=\"Na zdj\u0119ciu s\u0105 dwie osoby z rowerami. Maj\u0105 kaski na g\u0142owach. Stoj\u0105 na placu w mie\u015bcie. W tle jest fontanna i pomnik. Osoby si\u0119 u\u015bmiechaj\u0105. To \u0142adny dzie\u0144.\" \/>\n                  <div class=\"thumbnail-label\">\n            <span>Radfahren in Wolfenb\u00fcttel c) Christian Bierwagen<\/span>\n          <\/div>\n              <\/div>\n    <\/div>\n        <div class=\"text-container\">\n      <div class=\"content\">\n        <h2>Poznaj Wolfenb\u00fcttel w spos\u00f3b zr\u00f3wnowa\u017cony: 9 wskaz\u00f3wek<\/h2>\n<p>&#8211; Miasto z certyfikatem Fairtrade<\/p>\n<p>&#8211; Prowadzone przez w\u0142a\u015bcicieli sklepy dla smakoszy, takie jak sklepy mi\u0119sne, sklepy z winami, sklepy ze zdrow\u0105 \u017cywno\u015bci\u0105 itp.<\/p>\n<p>&#8211; Cotygodniowy targ w \u015brody i soboty z ekologicznymi producentami z regionu, mi\u0119dzy innymi<\/p>\n<p>&#8211; Nagrodzona jako gmina przyjazna rowerzystom: wypo\u017cyczalnia rower\u00f3w elektrycznych w centrum informacji turystycznej, dla go\u015bci indywidualnych, a tak\u017ce dla grup po wcze\u015bniejszym uzgodnieniu; wskaz\u00f3wki dotycz\u0105ce wycieczek, np: Wycieczka rowerowa \u015bladami Lessinga z Wolfenb\u00fcttel do Brunszwiku i z powrotem.<\/p>\n<p>&#8211; Lokalna rekreacja w mie\u015bcie z lasami i parkami lub dla rodzin: le\u015bny szlak przygodowy L\u00d6WEPfad w Lechlumer Holz bezpo\u015brednio na p\u00f3\u0142nocnych obrze\u017cach miasta (dojazd autobusem co 15 minut).<\/p>\n<p>&#8211; Wypo\u017cyczalnia kajak\u00f3w i liczne przystanie kajakowe wzd\u0142u\u017c rzeki Oker na d\u0142u\u017csze wycieczki po okolicy<\/p>\n<p>&#8211; Geocaching \u015bladami Lessinga<\/p>\n<p>&#8211; System kubk\u00f3w depozytowych RECUP<\/p>\n      <\/div>\n    <\/div>\n    <\/div>\n<\/div>\n\n","protected":false},"excerpt":{"rendered":"<p>Wakacje od pocz\u0105tku Wakacje w Wolfenb\u00fcttel rozpoczynaj\u0105 si\u0119 od spaceru z dworca kolejowego do wybranego zakwaterowania. Do starego miasta mo\u017cna dotrze\u0107 w zaledwie kilka minut wzd\u0142u\u017c pi\u0119knych dom\u00f3w w stylu wilhelmi\u0144skim lub przez Seeligerpark lub Wallanlage ze starymi drzewami. Stare miasto zachwyca ponad 1000 dom\u00f3w z muru pruskiego, pi\u0119knymi placami i oczywi\u015bcie zamkiem Guelph, znan\u0105 [&hellip;]<\/p>\n","protected":false},"author":1,"featured_media":17063,"parent":17991,"menu_order":0,"comment_status":"closed","ping_status":"closed","template":"pagetemplates\/template-stadtthema.php","meta":{"_acf_changed":false,"footnotes":""},"categories":[],"tags":[],"ncap_cities_tax":[1095,473],"class_list":["post-17053","page","type-page","status-publish","has-post-thumbnail","hentry","ncap_cities_tax-naturerlebnisse-und-nachhaltigkeit-wolfenbuettel-pl","ncap_cities_tax-wolfenbuettel-pl"],"acf":[],"yoast_head":"<!-- This site is optimized with the Yoast SEO plugin v27.4 - https:\/\/yoast.com\/product\/yoast-seo-wordpress\/ -->\n<title>Wolfenb\u00fcttel - odkrywaj w spos\u00f3b zr\u00f3wnowa\u017cony - 9 St\u00e4dte in Niedersachsen<\/title>\n<meta name=\"robots\" content=\"index, follow, max-snippet:-1, max-image-preview:large, max-video-preview:-1\" \/>\n<link rel=\"canonical\" href=\"https:\/\/9staedte.de\/pl\/wolfenbuttel-miasto-lessingow\/wolfenbuettel-odkrywaj-w-sposob-zrownowazony\/\" \/>\n<meta property=\"og:locale\" content=\"pl_PL\" \/>\n<meta property=\"og:type\" content=\"article\" \/>\n<meta property=\"og:title\" content=\"Wolfenb\u00fcttel - odkrywaj w spos\u00f3b zr\u00f3wnowa\u017cony - 9 St\u00e4dte in Niedersachsen\" \/>\n<meta property=\"og:description\" content=\"Wakacje od pocz\u0105tku Wakacje w Wolfenb\u00fcttel rozpoczynaj\u0105 si\u0119 od spaceru z dworca kolejowego do wybranego zakwaterowania. Do starego miasta mo\u017cna dotrze\u0107 w zaledwie kilka minut wzd\u0142u\u017c pi\u0119knych dom\u00f3w w stylu wilhelmi\u0144skim lub przez Seeligerpark lub Wallanlage ze starymi drzewami. Stare miasto zachwyca ponad 1000 dom\u00f3w z muru pruskiego, pi\u0119knymi placami i oczywi\u015bcie zamkiem Guelph, znan\u0105 [&hellip;]\" \/>\n<meta property=\"og:url\" content=\"https:\/\/9staedte.de\/pl\/wolfenbuttel-miasto-lessingow\/wolfenbuettel-odkrywaj-w-sposob-zrownowazony\/\" \/>\n<meta property=\"og:site_name\" content=\"9 St\u00e4dte in Niedersachsen\" \/>\n<meta property=\"article:modified_time\" content=\"2024-03-21T15:00:38+00:00\" \/>\n<meta property=\"og:image\" content=\"https:\/\/9staedte.de\/wp-content\/uploads\/2023\/04\/Wallanlagen-Wolfenbuettel-c-Achim-Meurer.jpg\" \/>\n\t<meta property=\"og:image:width\" content=\"1020\" \/>\n\t<meta property=\"og:image:height\" content=\"560\" \/>\n\t<meta property=\"og:image:type\" content=\"image\/jpeg\" \/>\n<meta name=\"twitter:card\" content=\"summary_large_image\" \/>\n<meta name=\"twitter:label1\" content=\"Szacowany czas czytania\" \/>\n\t<meta name=\"twitter:data1\" content=\"2 minuty\" \/>\n<script type=\"application\/ld+json\" class=\"yoast-schema-graph\">{\"@context\":\"https:\\\/\\\/schema.org\",\"@graph\":[{\"@type\":\"WebPage\",\"@id\":\"https:\\\/\\\/9staedte.de\\\/pl\\\/wolfenbuttel-miasto-lessingow\\\/wolfenbuettel-odkrywaj-w-sposob-zrownowazony\\\/\",\"url\":\"https:\\\/\\\/9staedte.de\\\/pl\\\/wolfenbuttel-miasto-lessingow\\\/wolfenbuettel-odkrywaj-w-sposob-zrownowazony\\\/\",\"name\":\"Wolfenb\u00fcttel - odkrywaj w spos\u00f3b zr\u00f3wnowa\u017cony - 9 St\u00e4dte in Niedersachsen\",\"isPartOf\":{\"@id\":\"https:\\\/\\\/9staedte.de\\\/pl\\\/#website\"},\"primaryImageOfPage\":{\"@id\":\"https:\\\/\\\/9staedte.de\\\/pl\\\/wolfenbuttel-miasto-lessingow\\\/wolfenbuettel-odkrywaj-w-sposob-zrownowazony\\\/#primaryimage\"},\"image\":{\"@id\":\"https:\\\/\\\/9staedte.de\\\/pl\\\/wolfenbuttel-miasto-lessingow\\\/wolfenbuettel-odkrywaj-w-sposob-zrownowazony\\\/#primaryimage\"},\"thumbnailUrl\":\"https:\\\/\\\/9staedte.de\\\/wp-content\\\/uploads\\\/2023\\\/04\\\/Wallanlagen-Wolfenbuettel-c-Achim-Meurer.jpg\",\"datePublished\":\"2023-11-02T08:47:02+00:00\",\"dateModified\":\"2024-03-21T15:00:38+00:00\",\"breadcrumb\":{\"@id\":\"https:\\\/\\\/9staedte.de\\\/pl\\\/wolfenbuttel-miasto-lessingow\\\/wolfenbuettel-odkrywaj-w-sposob-zrownowazony\\\/#breadcrumb\"},\"inLanguage\":\"pl-PL\",\"potentialAction\":[{\"@type\":\"ReadAction\",\"target\":[\"https:\\\/\\\/9staedte.de\\\/pl\\\/wolfenbuttel-miasto-lessingow\\\/wolfenbuettel-odkrywaj-w-sposob-zrownowazony\\\/\"]}]},{\"@type\":\"ImageObject\",\"inLanguage\":\"pl-PL\",\"@id\":\"https:\\\/\\\/9staedte.de\\\/pl\\\/wolfenbuttel-miasto-lessingow\\\/wolfenbuettel-odkrywaj-w-sposob-zrownowazony\\\/#primaryimage\",\"url\":\"https:\\\/\\\/9staedte.de\\\/wp-content\\\/uploads\\\/2023\\\/04\\\/Wallanlagen-Wolfenbuettel-c-Achim-Meurer.jpg\",\"contentUrl\":\"https:\\\/\\\/9staedte.de\\\/wp-content\\\/uploads\\\/2023\\\/04\\\/Wallanlagen-Wolfenbuettel-c-Achim-Meurer.jpg\",\"width\":1020,\"height\":560,\"caption\":\"Gr\u00fcnes Wolfenb\u00fcttel - Wallanlagen c) Achim Meurer\"},{\"@type\":\"BreadcrumbList\",\"@id\":\"https:\\\/\\\/9staedte.de\\\/pl\\\/wolfenbuttel-miasto-lessingow\\\/wolfenbuettel-odkrywaj-w-sposob-zrownowazony\\\/#breadcrumb\",\"itemListElement\":[{\"@type\":\"ListItem\",\"position\":1,\"name\":\"Startseite\",\"item\":\"https:\\\/\\\/9staedte.de\\\/pl\\\/\"},{\"@type\":\"ListItem\",\"position\":2,\"name\":\"Wolfenb\u00fcttel &#8211; miasto Lessing\u00f3w\",\"item\":\"https:\\\/\\\/9staedte.de\\\/pl\\\/wolfenbuttel-miasto-lessingow\\\/\"},{\"@type\":\"ListItem\",\"position\":3,\"name\":\"Wolfenb\u00fcttel &#8211; odkrywaj w spos\u00f3b zr\u00f3wnowa\u017cony\"}]},{\"@type\":\"WebSite\",\"@id\":\"https:\\\/\\\/9staedte.de\\\/pl\\\/#website\",\"url\":\"https:\\\/\\\/9staedte.de\\\/pl\\\/\",\"name\":\"9 St\u00e4dte in Niedersachsen\",\"description\":\"\",\"publisher\":{\"@id\":\"https:\\\/\\\/9staedte.de\\\/pl\\\/#organization\"},\"potentialAction\":[{\"@type\":\"SearchAction\",\"target\":{\"@type\":\"EntryPoint\",\"urlTemplate\":\"https:\\\/\\\/9staedte.de\\\/pl\\\/?s={search_term_string}\"},\"query-input\":{\"@type\":\"PropertyValueSpecification\",\"valueRequired\":true,\"valueName\":\"search_term_string\"}}],\"inLanguage\":\"pl-PL\"},{\"@type\":\"Organization\",\"@id\":\"https:\\\/\\\/9staedte.de\\\/pl\\\/#organization\",\"name\":\"9 St\u00e4dte in Niedersachsen\",\"url\":\"https:\\\/\\\/9staedte.de\\\/pl\\\/\",\"logo\":{\"@type\":\"ImageObject\",\"inLanguage\":\"pl-PL\",\"@id\":\"https:\\\/\\\/9staedte.de\\\/pl\\\/#\\\/schema\\\/logo\\\/image\\\/\",\"url\":\"https:\\\/\\\/9staedte.de\\\/wp-content\\\/uploads\\\/2025\\\/01\\\/9-neg-deutsch-2-1.png\",\"contentUrl\":\"https:\\\/\\\/9staedte.de\\\/wp-content\\\/uploads\\\/2025\\\/01\\\/9-neg-deutsch-2-1.png\",\"width\":190,\"height\":114,\"caption\":\"9 St\u00e4dte in Niedersachsen\"},\"image\":{\"@id\":\"https:\\\/\\\/9staedte.de\\\/pl\\\/#\\\/schema\\\/logo\\\/image\\\/\"}}]}<\/script>\n<!-- \/ Yoast SEO plugin. -->","yoast_head_json":{"title":"Wolfenb\u00fcttel - odkrywaj w spos\u00f3b zr\u00f3wnowa\u017cony - 9 St\u00e4dte in Niedersachsen","robots":{"index":"index","follow":"follow","max-snippet":"max-snippet:-1","max-image-preview":"max-image-preview:large","max-video-preview":"max-video-preview:-1"},"canonical":"https:\/\/9staedte.de\/pl\/wolfenbuttel-miasto-lessingow\/wolfenbuettel-odkrywaj-w-sposob-zrownowazony\/","og_locale":"pl_PL","og_type":"article","og_title":"Wolfenb\u00fcttel - odkrywaj w spos\u00f3b zr\u00f3wnowa\u017cony - 9 St\u00e4dte in Niedersachsen","og_description":"Wakacje od pocz\u0105tku Wakacje w Wolfenb\u00fcttel rozpoczynaj\u0105 si\u0119 od spaceru z dworca kolejowego do wybranego zakwaterowania. Do starego miasta mo\u017cna dotrze\u0107 w zaledwie kilka minut wzd\u0142u\u017c pi\u0119knych dom\u00f3w w stylu wilhelmi\u0144skim lub przez Seeligerpark lub Wallanlage ze starymi drzewami. Stare miasto zachwyca ponad 1000 dom\u00f3w z muru pruskiego, pi\u0119knymi placami i oczywi\u015bcie zamkiem Guelph, znan\u0105 [&hellip;]","og_url":"https:\/\/9staedte.de\/pl\/wolfenbuttel-miasto-lessingow\/wolfenbuettel-odkrywaj-w-sposob-zrownowazony\/","og_site_name":"9 St\u00e4dte in Niedersachsen","article_modified_time":"2024-03-21T15:00:38+00:00","og_image":[{"width":1020,"height":560,"url":"https:\/\/9staedte.de\/wp-content\/uploads\/2023\/04\/Wallanlagen-Wolfenbuettel-c-Achim-Meurer.jpg","type":"image\/jpeg"}],"twitter_card":"summary_large_image","twitter_misc":{"Szacowany czas czytania":"2 minuty"},"schema":{"@context":"https:\/\/schema.org","@graph":[{"@type":"WebPage","@id":"https:\/\/9staedte.de\/pl\/wolfenbuttel-miasto-lessingow\/wolfenbuettel-odkrywaj-w-sposob-zrownowazony\/","url":"https:\/\/9staedte.de\/pl\/wolfenbuttel-miasto-lessingow\/wolfenbuettel-odkrywaj-w-sposob-zrownowazony\/","name":"Wolfenb\u00fcttel - odkrywaj w spos\u00f3b zr\u00f3wnowa\u017cony - 9 St\u00e4dte in Niedersachsen","isPartOf":{"@id":"https:\/\/9staedte.de\/pl\/#website"},"primaryImageOfPage":{"@id":"https:\/\/9staedte.de\/pl\/wolfenbuttel-miasto-lessingow\/wolfenbuettel-odkrywaj-w-sposob-zrownowazony\/#primaryimage"},"image":{"@id":"https:\/\/9staedte.de\/pl\/wolfenbuttel-miasto-lessingow\/wolfenbuettel-odkrywaj-w-sposob-zrownowazony\/#primaryimage"},"thumbnailUrl":"https:\/\/9staedte.de\/wp-content\/uploads\/2023\/04\/Wallanlagen-Wolfenbuettel-c-Achim-Meurer.jpg","datePublished":"2023-11-02T08:47:02+00:00","dateModified":"2024-03-21T15:00:38+00:00","breadcrumb":{"@id":"https:\/\/9staedte.de\/pl\/wolfenbuttel-miasto-lessingow\/wolfenbuettel-odkrywaj-w-sposob-zrownowazony\/#breadcrumb"},"inLanguage":"pl-PL","potentialAction":[{"@type":"ReadAction","target":["https:\/\/9staedte.de\/pl\/wolfenbuttel-miasto-lessingow\/wolfenbuettel-odkrywaj-w-sposob-zrownowazony\/"]}]},{"@type":"ImageObject","inLanguage":"pl-PL","@id":"https:\/\/9staedte.de\/pl\/wolfenbuttel-miasto-lessingow\/wolfenbuettel-odkrywaj-w-sposob-zrownowazony\/#primaryimage","url":"https:\/\/9staedte.de\/wp-content\/uploads\/2023\/04\/Wallanlagen-Wolfenbuettel-c-Achim-Meurer.jpg","contentUrl":"https:\/\/9staedte.de\/wp-content\/uploads\/2023\/04\/Wallanlagen-Wolfenbuettel-c-Achim-Meurer.jpg","width":1020,"height":560,"caption":"Gr\u00fcnes Wolfenb\u00fcttel - Wallanlagen c) Achim Meurer"},{"@type":"BreadcrumbList","@id":"https:\/\/9staedte.de\/pl\/wolfenbuttel-miasto-lessingow\/wolfenbuettel-odkrywaj-w-sposob-zrownowazony\/#breadcrumb","itemListElement":[{"@type":"ListItem","position":1,"name":"Startseite","item":"https:\/\/9staedte.de\/pl\/"},{"@type":"ListItem","position":2,"name":"Wolfenb\u00fcttel &#8211; miasto Lessing\u00f3w","item":"https:\/\/9staedte.de\/pl\/wolfenbuttel-miasto-lessingow\/"},{"@type":"ListItem","position":3,"name":"Wolfenb\u00fcttel &#8211; odkrywaj w spos\u00f3b zr\u00f3wnowa\u017cony"}]},{"@type":"WebSite","@id":"https:\/\/9staedte.de\/pl\/#website","url":"https:\/\/9staedte.de\/pl\/","name":"9 St\u00e4dte in Niedersachsen","description":"","publisher":{"@id":"https:\/\/9staedte.de\/pl\/#organization"},"potentialAction":[{"@type":"SearchAction","target":{"@type":"EntryPoint","urlTemplate":"https:\/\/9staedte.de\/pl\/?s={search_term_string}"},"query-input":{"@type":"PropertyValueSpecification","valueRequired":true,"valueName":"search_term_string"}}],"inLanguage":"pl-PL"},{"@type":"Organization","@id":"https:\/\/9staedte.de\/pl\/#organization","name":"9 St\u00e4dte in Niedersachsen","url":"https:\/\/9staedte.de\/pl\/","logo":{"@type":"ImageObject","inLanguage":"pl-PL","@id":"https:\/\/9staedte.de\/pl\/#\/schema\/logo\/image\/","url":"https:\/\/9staedte.de\/wp-content\/uploads\/2025\/01\/9-neg-deutsch-2-1.png","contentUrl":"https:\/\/9staedte.de\/wp-content\/uploads\/2025\/01\/9-neg-deutsch-2-1.png","width":190,"height":114,"caption":"9 St\u00e4dte in Niedersachsen"},"image":{"@id":"https:\/\/9staedte.de\/pl\/#\/schema\/logo\/image\/"}}]}},"_links":{"self":[{"href":"https:\/\/9staedte.de\/pl\/wp-json\/wp\/v2\/pages\/17053","targetHints":{"allow":["GET"]}}],"collection":[{"href":"https:\/\/9staedte.de\/pl\/wp-json\/wp\/v2\/pages"}],"about":[{"href":"https:\/\/9staedte.de\/pl\/wp-json\/wp\/v2\/types\/page"}],"author":[{"embeddable":true,"href":"https:\/\/9staedte.de\/pl\/wp-json\/wp\/v2\/users\/1"}],"replies":[{"embeddable":true,"href":"https:\/\/9staedte.de\/pl\/wp-json\/wp\/v2\/comments?post=17053"}],"version-history":[{"count":3,"href":"https:\/\/9staedte.de\/pl\/wp-json\/wp\/v2\/pages\/17053\/revisions"}],"predecessor-version":[{"id":21526,"href":"https:\/\/9staedte.de\/pl\/wp-json\/wp\/v2\/pages\/17053\/revisions\/21526"}],"up":[{"embeddable":true,"href":"https:\/\/9staedte.de\/pl\/wp-json\/wp\/v2\/pages\/17991"}],"wp:featuredmedia":[{"embeddable":true,"href":"https:\/\/9staedte.de\/pl\/wp-json\/wp\/v2\/media\/17063"}],"wp:attachment":[{"href":"https:\/\/9staedte.de\/pl\/wp-json\/wp\/v2\/media?parent=17053"}],"wp:term":[{"taxonomy":"category","embeddable":true,"href":"https:\/\/9staedte.de\/pl\/wp-json\/wp\/v2\/categories?post=17053"},{"taxonomy":"post_tag","embeddable":true,"href":"https:\/\/9staedte.de\/pl\/wp-json\/wp\/v2\/tags?post=17053"},{"taxonomy":"ncap_cities_tax","embeddable":true,"href":"https:\/\/9staedte.de\/pl\/wp-json\/wp\/v2\/ncap_cities_tax?post=17053"}],"curies":[{"name":"wp","href":"https:\/\/api.w.org\/{rel}","templated":true}]}}