{"id":17040,"date":"2023-11-02T09:47:01","date_gmt":"2023-11-02T08:47:01","guid":{"rendered":"https:\/\/9staedte.de\/informacje-o-przewodnikach-i-wycieczkach-w-hildesheim\/"},"modified":"2024-10-21T10:32:54","modified_gmt":"2024-10-21T08:32:54","slug":"informacje-o-przewodnikach-i-wycieczkach-w-hildesheim","status":"publish","type":"page","link":"https:\/\/9staedte.de\/pl\/hildesheim-miasto-wpisane-na-liste-swiatowego-dziedzictwa-unesco\/informacje-o-przewodnikach-i-wycieczkach-w-hildesheim\/","title":{"rendered":"Informacje o przewodnikach i wycieczkach w Hildesheim"},"content":{"rendered":"\n<h3 class=\"wp-block-heading\">Podr\u00f3\u017ce w obie strony w regionie<\/h3>\n\n\n\n<p>Niezale\u017cnie od tego, czy jest to wycieczka po Harzu, szlak klasztorny, wzd\u0142u\u017c rzeki Leine, czy te\u017c ciekawostki na temat ziemniak\u00f3w i kredy &#8211; pozw\u00f3l, aby do\u015bwiadczeni przewodnicy pokazali Ci uderzaj\u0105ce i wyj\u0105tkowe \u015bwiadectwa historii w zr\u00f3\u017cnicowanym otoczeniu Hildesheim. Wsp\u00f3lnie odkryjecie dawne rezydencje ksi\u0105\u017c\u0119ce i arystokratyczne, podziwiaj\u0105c skarby sztuki i wa\u017cne kompleksy klasztorne lub delektuj\u0105c si\u0119 kaw\u0105 i ciastem w cukrowni w ramach p\u00f3\u0142dniowych i ca\u0142odniowych wycieczek autobusowych po regionie.<\/p>\n\n\n\n<p>Ceny i warunki na \u017cyczenie<br><\/p>\n\n\n\n<h4 class=\"wp-block-heading\">\u015awiatowe dziedzictwo w regionie Hildesheim<\/h4>\n\n\n\n<p>Poznaj wyj\u0105tkowy, wpisany na list\u0119 \u015bwiatowego dziedzictwa UNESCO region Hildesheim:<br>W Hildesheim zwiedzimy ko\u015bci\u00f3\u0142 \u015bw. Micha\u0142a i br\u0105zowe dzie\u0142a biskupa Bernwarda. Nast\u0119pnie podr\u00f3\u017c kontynuowana jest do Alfeld do fabryki Fagus, pierwszego budynku przemys\u0142owego ery nowo\u017cytnej.<\/p>\n\n\n\n<p>Ceny i warunki na \u017cyczenie<\/p>\n\n\n\n<h4 class=\"wp-block-heading\">Wi\u0119cej informacji:<\/h4>\n\n\n\n<p>Informacje turystyczne<br>Rathausstra\u00dfe 20 (Temple House)<br>31134 Hildesheim<br>Tel.: + 49 (0) 5121 1798 &#8211; 0<br>Faks: + 49 (0) 5121 1798 &#8211; 88<br>E-mail: <a href=\"mailto:tourist-info@hildesheim-marketing.de\" target=\"_blank\" rel=\"noreferrer noopener\">tourist-info@hildesheim-marketing.de<\/a><br>Internet: <a href=\"https:\/\/www.hildesheim-tourismus.de\/\" target=\"_blank\" rel=\"noreferrer noopener\">www.hildesheim-tourismus.de<\/a><\/p>\n","protected":false},"excerpt":{"rendered":"<p>Podr\u00f3\u017ce w obie strony w regionie Niezale\u017cnie od tego, czy jest to wycieczka po Harzu, szlak klasztorny, wzd\u0142u\u017c rzeki Leine, czy te\u017c ciekawostki na temat ziemniak\u00f3w i kredy &#8211; pozw\u00f3l, aby do\u015bwiadczeni przewodnicy pokazali Ci uderzaj\u0105ce i wyj\u0105tkowe \u015bwiadectwa historii w zr\u00f3\u017cnicowanym otoczeniu Hildesheim. Wsp\u00f3lnie odkryjecie dawne rezydencje ksi\u0105\u017c\u0119ce i arystokratyczne, podziwiaj\u0105c skarby sztuki i [&hellip;]<\/p>\n","protected":false},"author":1,"featured_media":17047,"parent":17929,"menu_order":0,"comment_status":"closed","ping_status":"closed","template":"pagetemplates\/template-stadtthema.php","meta":{"_acf_changed":false,"footnotes":""},"categories":[],"tags":[],"ncap_cities_tax":[465,1305],"class_list":["post-17040","page","type-page","status-publish","has-post-thumbnail","hentry","ncap_cities_tax-hildesheim-pl","ncap_cities_tax-reiseleitung-und-ausflugen-hildesheim-pl"],"acf":[],"yoast_head":"<!-- This site is optimized with the Yoast SEO plugin v27.4 - https:\/\/yoast.com\/product\/yoast-seo-wordpress\/ -->\n<title>Informacje o przewodnikach i wycieczkach w Hildesheim - 9 St\u00e4dte in Niedersachsen<\/title>\n<meta name=\"robots\" content=\"index, follow, max-snippet:-1, max-image-preview:large, max-video-preview:-1\" \/>\n<link rel=\"canonical\" href=\"https:\/\/9staedte.de\/pl\/hildesheim-miasto-wpisane-na-liste-swiatowego-dziedzictwa-unesco\/informacje-o-przewodnikach-i-wycieczkach-w-hildesheim\/\" \/>\n<meta property=\"og:locale\" content=\"pl_PL\" \/>\n<meta property=\"og:type\" content=\"article\" \/>\n<meta property=\"og:title\" content=\"Informacje o przewodnikach i wycieczkach w Hildesheim - 9 St\u00e4dte in Niedersachsen\" \/>\n<meta property=\"og:description\" content=\"Podr\u00f3\u017ce w obie strony w regionie Niezale\u017cnie od tego, czy jest to wycieczka po Harzu, szlak klasztorny, wzd\u0142u\u017c rzeki Leine, czy te\u017c ciekawostki na temat ziemniak\u00f3w i kredy &#8211; pozw\u00f3l, aby do\u015bwiadczeni przewodnicy pokazali Ci uderzaj\u0105ce i wyj\u0105tkowe \u015bwiadectwa historii w zr\u00f3\u017cnicowanym otoczeniu Hildesheim. Wsp\u00f3lnie odkryjecie dawne rezydencje ksi\u0105\u017c\u0119ce i arystokratyczne, podziwiaj\u0105c skarby sztuki i [&hellip;]\" \/>\n<meta property=\"og:url\" content=\"https:\/\/9staedte.de\/pl\/hildesheim-miasto-wpisane-na-liste-swiatowego-dziedzictwa-unesco\/informacje-o-przewodnikach-i-wycieczkach-w-hildesheim\/\" \/>\n<meta property=\"og:site_name\" content=\"9 St\u00e4dte in Niedersachsen\" \/>\n<meta property=\"article:modified_time\" content=\"2024-10-21T08:32:54+00:00\" \/>\n<meta property=\"og:image\" content=\"https:\/\/9staedte.de\/wp-content\/uploads\/2023\/03\/FagusWerk-in-Alfeld-c-Fagus-Werk.jpg\" \/>\n\t<meta property=\"og:image:width\" content=\"945\" \/>\n\t<meta property=\"og:image:height\" content=\"531\" \/>\n\t<meta property=\"og:image:type\" content=\"image\/jpeg\" \/>\n<meta name=\"twitter:card\" content=\"summary_large_image\" \/>\n<meta name=\"twitter:label1\" content=\"Szacowany czas czytania\" \/>\n\t<meta name=\"twitter:data1\" content=\"1 minuta\" \/>\n<script type=\"application\/ld+json\" class=\"yoast-schema-graph\">{\"@context\":\"https:\\\/\\\/schema.org\",\"@graph\":[{\"@type\":\"WebPage\",\"@id\":\"https:\\\/\\\/9staedte.de\\\/pl\\\/hildesheim-miasto-wpisane-na-liste-swiatowego-dziedzictwa-unesco\\\/informacje-o-przewodnikach-i-wycieczkach-w-hildesheim\\\/\",\"url\":\"https:\\\/\\\/9staedte.de\\\/pl\\\/hildesheim-miasto-wpisane-na-liste-swiatowego-dziedzictwa-unesco\\\/informacje-o-przewodnikach-i-wycieczkach-w-hildesheim\\\/\",\"name\":\"Informacje o przewodnikach i wycieczkach w Hildesheim - 9 St\u00e4dte in Niedersachsen\",\"isPartOf\":{\"@id\":\"https:\\\/\\\/9staedte.de\\\/pl\\\/#website\"},\"primaryImageOfPage\":{\"@id\":\"https:\\\/\\\/9staedte.de\\\/pl\\\/hildesheim-miasto-wpisane-na-liste-swiatowego-dziedzictwa-unesco\\\/informacje-o-przewodnikach-i-wycieczkach-w-hildesheim\\\/#primaryimage\"},\"image\":{\"@id\":\"https:\\\/\\\/9staedte.de\\\/pl\\\/hildesheim-miasto-wpisane-na-liste-swiatowego-dziedzictwa-unesco\\\/informacje-o-przewodnikach-i-wycieczkach-w-hildesheim\\\/#primaryimage\"},\"thumbnailUrl\":\"https:\\\/\\\/9staedte.de\\\/wp-content\\\/uploads\\\/2023\\\/03\\\/FagusWerk-in-Alfeld-c-Fagus-Werk.jpg\",\"datePublished\":\"2023-11-02T08:47:01+00:00\",\"dateModified\":\"2024-10-21T08:32:54+00:00\",\"breadcrumb\":{\"@id\":\"https:\\\/\\\/9staedte.de\\\/pl\\\/hildesheim-miasto-wpisane-na-liste-swiatowego-dziedzictwa-unesco\\\/informacje-o-przewodnikach-i-wycieczkach-w-hildesheim\\\/#breadcrumb\"},\"inLanguage\":\"pl-PL\",\"potentialAction\":[{\"@type\":\"ReadAction\",\"target\":[\"https:\\\/\\\/9staedte.de\\\/pl\\\/hildesheim-miasto-wpisane-na-liste-swiatowego-dziedzictwa-unesco\\\/informacje-o-przewodnikach-i-wycieczkach-w-hildesheim\\\/\"]}]},{\"@type\":\"ImageObject\",\"inLanguage\":\"pl-PL\",\"@id\":\"https:\\\/\\\/9staedte.de\\\/pl\\\/hildesheim-miasto-wpisane-na-liste-swiatowego-dziedzictwa-unesco\\\/informacje-o-przewodnikach-i-wycieczkach-w-hildesheim\\\/#primaryimage\",\"url\":\"https:\\\/\\\/9staedte.de\\\/wp-content\\\/uploads\\\/2023\\\/03\\\/FagusWerk-in-Alfeld-c-Fagus-Werk.jpg\",\"contentUrl\":\"https:\\\/\\\/9staedte.de\\\/wp-content\\\/uploads\\\/2023\\\/03\\\/FagusWerk-in-Alfeld-c-Fagus-Werk.jpg\",\"width\":945,\"height\":531,\"caption\":\"FagusWerk in Alfeld c) Fagus Werk\"},{\"@type\":\"BreadcrumbList\",\"@id\":\"https:\\\/\\\/9staedte.de\\\/pl\\\/hildesheim-miasto-wpisane-na-liste-swiatowego-dziedzictwa-unesco\\\/informacje-o-przewodnikach-i-wycieczkach-w-hildesheim\\\/#breadcrumb\",\"itemListElement\":[{\"@type\":\"ListItem\",\"position\":1,\"name\":\"Startseite\",\"item\":\"https:\\\/\\\/9staedte.de\\\/pl\\\/\"},{\"@type\":\"ListItem\",\"position\":2,\"name\":\"Hildesheim &#8211; miasto wpisane na list\u0119 \u015bwiatowego dziedzictwa UNESCO\",\"item\":\"https:\\\/\\\/9staedte.de\\\/pl\\\/hildesheim-miasto-wpisane-na-liste-swiatowego-dziedzictwa-unesco\\\/\"},{\"@type\":\"ListItem\",\"position\":3,\"name\":\"Informacje o przewodnikach i wycieczkach w Hildesheim\"}]},{\"@type\":\"WebSite\",\"@id\":\"https:\\\/\\\/9staedte.de\\\/pl\\\/#website\",\"url\":\"https:\\\/\\\/9staedte.de\\\/pl\\\/\",\"name\":\"9 St\u00e4dte in Niedersachsen\",\"description\":\"\",\"publisher\":{\"@id\":\"https:\\\/\\\/9staedte.de\\\/pl\\\/#organization\"},\"potentialAction\":[{\"@type\":\"SearchAction\",\"target\":{\"@type\":\"EntryPoint\",\"urlTemplate\":\"https:\\\/\\\/9staedte.de\\\/pl\\\/?s={search_term_string}\"},\"query-input\":{\"@type\":\"PropertyValueSpecification\",\"valueRequired\":true,\"valueName\":\"search_term_string\"}}],\"inLanguage\":\"pl-PL\"},{\"@type\":\"Organization\",\"@id\":\"https:\\\/\\\/9staedte.de\\\/pl\\\/#organization\",\"name\":\"9 St\u00e4dte in Niedersachsen\",\"url\":\"https:\\\/\\\/9staedte.de\\\/pl\\\/\",\"logo\":{\"@type\":\"ImageObject\",\"inLanguage\":\"pl-PL\",\"@id\":\"https:\\\/\\\/9staedte.de\\\/pl\\\/#\\\/schema\\\/logo\\\/image\\\/\",\"url\":\"https:\\\/\\\/9staedte.de\\\/wp-content\\\/uploads\\\/2025\\\/01\\\/9-neg-deutsch-2-1.png\",\"contentUrl\":\"https:\\\/\\\/9staedte.de\\\/wp-content\\\/uploads\\\/2025\\\/01\\\/9-neg-deutsch-2-1.png\",\"width\":190,\"height\":114,\"caption\":\"9 St\u00e4dte in Niedersachsen\"},\"image\":{\"@id\":\"https:\\\/\\\/9staedte.de\\\/pl\\\/#\\\/schema\\\/logo\\\/image\\\/\"}}]}<\/script>\n<!-- \/ Yoast SEO plugin. -->","yoast_head_json":{"title":"Informacje o przewodnikach i wycieczkach w Hildesheim - 9 St\u00e4dte in Niedersachsen","robots":{"index":"index","follow":"follow","max-snippet":"max-snippet:-1","max-image-preview":"max-image-preview:large","max-video-preview":"max-video-preview:-1"},"canonical":"https:\/\/9staedte.de\/pl\/hildesheim-miasto-wpisane-na-liste-swiatowego-dziedzictwa-unesco\/informacje-o-przewodnikach-i-wycieczkach-w-hildesheim\/","og_locale":"pl_PL","og_type":"article","og_title":"Informacje o przewodnikach i wycieczkach w Hildesheim - 9 St\u00e4dte in Niedersachsen","og_description":"Podr\u00f3\u017ce w obie strony w regionie Niezale\u017cnie od tego, czy jest to wycieczka po Harzu, szlak klasztorny, wzd\u0142u\u017c rzeki Leine, czy te\u017c ciekawostki na temat ziemniak\u00f3w i kredy &#8211; pozw\u00f3l, aby do\u015bwiadczeni przewodnicy pokazali Ci uderzaj\u0105ce i wyj\u0105tkowe \u015bwiadectwa historii w zr\u00f3\u017cnicowanym otoczeniu Hildesheim. Wsp\u00f3lnie odkryjecie dawne rezydencje ksi\u0105\u017c\u0119ce i arystokratyczne, podziwiaj\u0105c skarby sztuki i [&hellip;]","og_url":"https:\/\/9staedte.de\/pl\/hildesheim-miasto-wpisane-na-liste-swiatowego-dziedzictwa-unesco\/informacje-o-przewodnikach-i-wycieczkach-w-hildesheim\/","og_site_name":"9 St\u00e4dte in Niedersachsen","article_modified_time":"2024-10-21T08:32:54+00:00","og_image":[{"width":945,"height":531,"url":"https:\/\/9staedte.de\/wp-content\/uploads\/2023\/03\/FagusWerk-in-Alfeld-c-Fagus-Werk.jpg","type":"image\/jpeg"}],"twitter_card":"summary_large_image","twitter_misc":{"Szacowany czas czytania":"1 minuta"},"schema":{"@context":"https:\/\/schema.org","@graph":[{"@type":"WebPage","@id":"https:\/\/9staedte.de\/pl\/hildesheim-miasto-wpisane-na-liste-swiatowego-dziedzictwa-unesco\/informacje-o-przewodnikach-i-wycieczkach-w-hildesheim\/","url":"https:\/\/9staedte.de\/pl\/hildesheim-miasto-wpisane-na-liste-swiatowego-dziedzictwa-unesco\/informacje-o-przewodnikach-i-wycieczkach-w-hildesheim\/","name":"Informacje o przewodnikach i wycieczkach w Hildesheim - 9 St\u00e4dte in Niedersachsen","isPartOf":{"@id":"https:\/\/9staedte.de\/pl\/#website"},"primaryImageOfPage":{"@id":"https:\/\/9staedte.de\/pl\/hildesheim-miasto-wpisane-na-liste-swiatowego-dziedzictwa-unesco\/informacje-o-przewodnikach-i-wycieczkach-w-hildesheim\/#primaryimage"},"image":{"@id":"https:\/\/9staedte.de\/pl\/hildesheim-miasto-wpisane-na-liste-swiatowego-dziedzictwa-unesco\/informacje-o-przewodnikach-i-wycieczkach-w-hildesheim\/#primaryimage"},"thumbnailUrl":"https:\/\/9staedte.de\/wp-content\/uploads\/2023\/03\/FagusWerk-in-Alfeld-c-Fagus-Werk.jpg","datePublished":"2023-11-02T08:47:01+00:00","dateModified":"2024-10-21T08:32:54+00:00","breadcrumb":{"@id":"https:\/\/9staedte.de\/pl\/hildesheim-miasto-wpisane-na-liste-swiatowego-dziedzictwa-unesco\/informacje-o-przewodnikach-i-wycieczkach-w-hildesheim\/#breadcrumb"},"inLanguage":"pl-PL","potentialAction":[{"@type":"ReadAction","target":["https:\/\/9staedte.de\/pl\/hildesheim-miasto-wpisane-na-liste-swiatowego-dziedzictwa-unesco\/informacje-o-przewodnikach-i-wycieczkach-w-hildesheim\/"]}]},{"@type":"ImageObject","inLanguage":"pl-PL","@id":"https:\/\/9staedte.de\/pl\/hildesheim-miasto-wpisane-na-liste-swiatowego-dziedzictwa-unesco\/informacje-o-przewodnikach-i-wycieczkach-w-hildesheim\/#primaryimage","url":"https:\/\/9staedte.de\/wp-content\/uploads\/2023\/03\/FagusWerk-in-Alfeld-c-Fagus-Werk.jpg","contentUrl":"https:\/\/9staedte.de\/wp-content\/uploads\/2023\/03\/FagusWerk-in-Alfeld-c-Fagus-Werk.jpg","width":945,"height":531,"caption":"FagusWerk in Alfeld c) Fagus Werk"},{"@type":"BreadcrumbList","@id":"https:\/\/9staedte.de\/pl\/hildesheim-miasto-wpisane-na-liste-swiatowego-dziedzictwa-unesco\/informacje-o-przewodnikach-i-wycieczkach-w-hildesheim\/#breadcrumb","itemListElement":[{"@type":"ListItem","position":1,"name":"Startseite","item":"https:\/\/9staedte.de\/pl\/"},{"@type":"ListItem","position":2,"name":"Hildesheim &#8211; miasto wpisane na list\u0119 \u015bwiatowego dziedzictwa UNESCO","item":"https:\/\/9staedte.de\/pl\/hildesheim-miasto-wpisane-na-liste-swiatowego-dziedzictwa-unesco\/"},{"@type":"ListItem","position":3,"name":"Informacje o przewodnikach i wycieczkach w Hildesheim"}]},{"@type":"WebSite","@id":"https:\/\/9staedte.de\/pl\/#website","url":"https:\/\/9staedte.de\/pl\/","name":"9 St\u00e4dte in Niedersachsen","description":"","publisher":{"@id":"https:\/\/9staedte.de\/pl\/#organization"},"potentialAction":[{"@type":"SearchAction","target":{"@type":"EntryPoint","urlTemplate":"https:\/\/9staedte.de\/pl\/?s={search_term_string}"},"query-input":{"@type":"PropertyValueSpecification","valueRequired":true,"valueName":"search_term_string"}}],"inLanguage":"pl-PL"},{"@type":"Organization","@id":"https:\/\/9staedte.de\/pl\/#organization","name":"9 St\u00e4dte in Niedersachsen","url":"https:\/\/9staedte.de\/pl\/","logo":{"@type":"ImageObject","inLanguage":"pl-PL","@id":"https:\/\/9staedte.de\/pl\/#\/schema\/logo\/image\/","url":"https:\/\/9staedte.de\/wp-content\/uploads\/2025\/01\/9-neg-deutsch-2-1.png","contentUrl":"https:\/\/9staedte.de\/wp-content\/uploads\/2025\/01\/9-neg-deutsch-2-1.png","width":190,"height":114,"caption":"9 St\u00e4dte in Niedersachsen"},"image":{"@id":"https:\/\/9staedte.de\/pl\/#\/schema\/logo\/image\/"}}]}},"_links":{"self":[{"href":"https:\/\/9staedte.de\/pl\/wp-json\/wp\/v2\/pages\/17040","targetHints":{"allow":["GET"]}}],"collection":[{"href":"https:\/\/9staedte.de\/pl\/wp-json\/wp\/v2\/pages"}],"about":[{"href":"https:\/\/9staedte.de\/pl\/wp-json\/wp\/v2\/types\/page"}],"author":[{"embeddable":true,"href":"https:\/\/9staedte.de\/pl\/wp-json\/wp\/v2\/users\/1"}],"replies":[{"embeddable":true,"href":"https:\/\/9staedte.de\/pl\/wp-json\/wp\/v2\/comments?post=17040"}],"version-history":[{"count":3,"href":"https:\/\/9staedte.de\/pl\/wp-json\/wp\/v2\/pages\/17040\/revisions"}],"predecessor-version":[{"id":24012,"href":"https:\/\/9staedte.de\/pl\/wp-json\/wp\/v2\/pages\/17040\/revisions\/24012"}],"up":[{"embeddable":true,"href":"https:\/\/9staedte.de\/pl\/wp-json\/wp\/v2\/pages\/17929"}],"wp:featuredmedia":[{"embeddable":true,"href":"https:\/\/9staedte.de\/pl\/wp-json\/wp\/v2\/media\/17047"}],"wp:attachment":[{"href":"https:\/\/9staedte.de\/pl\/wp-json\/wp\/v2\/media?parent=17040"}],"wp:term":[{"taxonomy":"category","embeddable":true,"href":"https:\/\/9staedte.de\/pl\/wp-json\/wp\/v2\/categories?post=17040"},{"taxonomy":"post_tag","embeddable":true,"href":"https:\/\/9staedte.de\/pl\/wp-json\/wp\/v2\/tags?post=17040"},{"taxonomy":"ncap_cities_tax","embeddable":true,"href":"https:\/\/9staedte.de\/pl\/wp-json\/wp\/v2\/ncap_cities_tax?post=17040"}],"curies":[{"name":"wp","href":"https:\/\/api.w.org\/{rel}","templated":true}]}}