{"id":17031,"date":"2023-11-02T09:47:01","date_gmt":"2023-11-02T08:47:01","guid":{"rendered":"https:\/\/9staedte.de\/jarmark-bozonarodzeniowy-w-wolfenbuettel\/"},"modified":"2026-03-23T17:04:54","modified_gmt":"2026-03-23T16:04:54","slug":"jarmark-bozonarodzeniowy-w-wolfenbuettel","status":"publish","type":"page","link":"https:\/\/9staedte.de\/pl\/wolfenbuttel-miasto-lessingow\/jarmark-bozonarodzeniowy-w-wolfenbuettel\/","title":{"rendered":"Jarmark bo\u017conarodzeniowy w Wolfenb\u00fcttel"},"content":{"rendered":"\n<h2 class=\"wp-block-heading\">\u015awi\u0105teczny nastr\u00f3j w mie\u015bcie Lessing<\/h2>\n\n<p>Jarmark bo\u017conarodzeniowy w Wolfenb\u00fcttel \u015bwieci w historycznym tle w centrum miasta od 1585 roku. Po raz kolejny w tym roku pi\u0119knie udekorowane chaty, zapach \u015bwi\u0105tecznych przysmak\u00f3w, b\u0142yszcz\u0105ce choinki, \u015bwi\u0105teczne pomys\u0142y na prezenty i klimatyczny program oczarowuj\u0105 odwiedzaj\u0105cych Schlossplatz. Muzyka bo\u017conarodzeniowa tworzy nastr\u00f3j najpi\u0119kniejszych \u015bwi\u0105t w roku. I oczywi\u015bcie wpada tam r\u00f3wnie\u017c Ojciec Gwiazdka. W adwentowe weekendy na targu sztuki i rzemios\u0142a w Kommisse mo\u017cna kupi\u0107 r\u0119cznie robione ozdoby \u015bwi\u0105teczne i nie tylko.<\/p>\n\n<p><\/p>\n\n<p><\/p>\n\n<p><a href=\"https:\/\/www.wolfenbuettel.de\/Stadtleben\/Veranstaltungskalender\/Weihnachtsmarkt\/\" target=\"_blank\" rel=\"noreferrer noopener\">Wi\u0119cej informacji<\/a><\/p>\n\n\n<div class=\"banner-wrapper\">\n  <div class=\"banner-inner \">\n      <div class=\"img-container\">\n      <div class=\"img-wrapper\">\n        <img decoding=\"async\" src=\"https:\/\/9staedte.de\/wp-content\/smush-webp\/2025\/10\/Wolfenbuettel-Weihnachtskugel-auf-dem-Stadtmarkt-c-Stadt-Wolfenbuettel-Christian-Bierwagen.jpg.webp\" alt=\"Na rynku w Wolfenb\u00fcttel stoi du\u017ca kula \u015bwietlna w kszta\u0142cie bombki choinkowej. Obok stoi choinka. W tle s\u0105 domy z muru pruskiego z wieloma o\u015bwietlonymi oknami. Ludzie spaceruj\u0105 po placu.\" \/>\n                  <div class=\"thumbnail-label\">\n            <span>Wolfenb\u00fcttel Weihnachtskugel auf dem Stadtmarkt (c) Stadt Wolfenb\u00fcttel Christian Bierwagen<\/span>\n          <\/div>\n              <\/div>\n    <\/div>\n        <div class=\"text-container\">\n      <div class=\"content\">\n        <h2 class=\"h3\">9 wskaz\u00f3wek, jak odwiedzi\u0107 jarmark bo\u017conarodzeniowy w Wolfenb\u00fcttel<\/h2>\n<p>&#8211; \u015awi\u0105teczne przysmaki i smako\u0142yki na Schlossplatz<br \/>\n&#8211; O\u015bwietlona bombka bo\u017conarodzeniowa<br \/>\n&#8211; \u015awi\u0105teczne figurki i o\u015bwietlone centrum miasta<br \/>\n&#8211; Adwentowy jarmark sztuki i rzemios\u0142a w Kommisse<br \/>\n&#8211; Wieczorna wycieczka bo\u017conarodzeniowa z bonem \u017cywno\u015bciowym &#8211; Codzienny program rodzinny na scenie &#8211; Zwiedzanie wa\u017cnych ko\u015bcio\u0142\u00f3w &#8211; Nie zapomnij o Lessinghaus &#8211; Ekskluzywna bombka choinkowa z motywem Wolfenb\u00fcttel Kupon \u017cywno\u015bciowy<br \/>\n&#8211; Codzienny program rodzinny na scenie<br \/>\n&#8211; Zwiedzanie wa\u017cnych ko\u015bcio\u0142\u00f3w<br \/>\n&#8211; Nie zapomnij o Lessinghaus<br \/>\n&#8211; Ekskluzywna bombka choinkowa z motywem Wolfenb\u00fcttel dost\u0119pna w biurze informacji turystycznej <\/p>\n<p>&nbsp;<\/p>\n      <\/div>\n    <\/div>\n    <\/div>\n<\/div>\n\n\n<p class=\"h3\"><strong>Jarmark bo\u017conarodzeniowy w Wolfenb\u00fcttel<\/strong><\/p>\n\n <div class=\"brlbs-cmpnt-container brlbs-cmpnt-content-blocker brlbs-cmpnt-with-individual-styles\" data-borlabs-cookie-content-blocker-id=\"google-maps\" data-borlabs-cookie-content=\"PGlmcmFtZSBzcmM9Imh0dHBzOi8vd3d3Lmdvb2dsZS5jb20vbWFwcy9kL3UvMC9lbWJlZD9taWQ9MXJWenpJWVlMeUdJc0VfWnJ5RWxsUlFmcGNCakpaN00mZWhiYz0yRTMxMkYiIHdpZHRoPSI2NDAiIGhlaWdodD0iNDgwIj48L2lmcmFtZT4=\"><div class=\"brlbs-cmpnt-cb-preset-b brlbs-cmpnt-cb-google-maps\"> <div class=\"brlbs-cmpnt-cb-thumbnail\" style=\"background-image: url('https:\/\/9staedte.de\/wp-content\/uploads\/borlabs-cookie\/1\/brlbs-cb-google-maps-main.png')\"><\/div> <div class=\"brlbs-cmpnt-cb-main\"> <div class=\"brlbs-cmpnt-cb-content\"> <p class=\"brlbs-cmpnt-cb-description\">Aktualnie wy\u015bwietlana jest tre\u015b\u0107 zast\u0119pcza z <strong>Google Maps<\/strong>. Aby uzyska\u0107 dost\u0119p do rzeczywistej tre\u015bci, kliknij poni\u017cszy przycisk. Pami\u0119taj, \u017ce spowoduje to udost\u0119pnienie danych zewn\u0119trznym operatorom.<\/p> <a class=\"brlbs-cmpnt-cb-provider-toggle\" href=\"#\" data-borlabs-cookie-show-provider-information role=\"button\">Wi\u0119cej informacji<\/a> <\/div> <div class=\"brlbs-cmpnt-cb-buttons\"> <a class=\"brlbs-cmpnt-cb-btn\" href=\"#\" data-borlabs-cookie-unblock role=\"button\">Odblokuj tre\u015b\u0107<\/a> <a class=\"brlbs-cmpnt-cb-btn\" href=\"#\" data-borlabs-cookie-accept-service role=\"button\" style=\"display: inherit\">Zaakceptuj wymagan\u0105 us\u0142ug\u0119 i odblokuj tre\u015b\u0107<\/a> <\/div> <\/div> <\/div><\/div>\n\n<div style=\"height:56px\" aria-hidden=\"true\" class=\"wp-block-spacer\"><\/div>\n\n<h2 class=\"wp-block-heading h3\"><strong>Pakiet \u015bwi\u0105teczny na jarmarku bo\u017conarodzeniowym w Wolfenb\u00fcttel<\/strong><\/h2>\n\n<p>Bo\u017ce Narodzenie w mie\u015bcie Lessing &#8211; jarmark bo\u017conarodzeniowy w Wolfenb\u00fcttel<\/p>\n\n<p>Romantyczna star\u00f3wka, atrakcje kulturalne i urzekaj\u0105cy jarmark bo\u017conarodzeniowy zapewni\u0105 nastrojowy weekend adwentowy w mie\u015bcie Lessing\u00f3w Wolfenb\u00fcttel:<\/p>\n\n<p><br\/><br\/><br\/>&#8211; 2 noclegi\/noc w wybranych hotelach &#8211; 1 karta echt-lessig &#8211; 1 \u015bwi\u0105teczna wycieczka po mie\u015bcie + bon na jedzenie na jarmarku bo\u017conarodzeniowym &#8211; prezent \u015bwi\u0105teczny<\/p>\n\n<p>Cena: na zapytanie<\/p>\n\n<p>Mo\u017cliwo\u015b\u0107 rezerwacji na \u017cyczenie<\/p>\n\n<p>Zastosowanie maj\u0105 Og\u00f3lne Warunki Handlowe Miasta Wolfenb\u00fcttel.<\/p>\n","protected":false},"excerpt":{"rendered":"<p>\u015awi\u0105teczny nastr\u00f3j w mie\u015bcie Lessing Jarmark bo\u017conarodzeniowy w Wolfenb\u00fcttel \u015bwieci w historycznym tle w centrum miasta od 1585 roku. Po raz kolejny w tym roku pi\u0119knie udekorowane chaty, zapach \u015bwi\u0105tecznych przysmak\u00f3w, b\u0142yszcz\u0105ce choinki, \u015bwi\u0105teczne pomys\u0142y na prezenty i klimatyczny program oczarowuj\u0105 odwiedzaj\u0105cych Schlossplatz. Muzyka bo\u017conarodzeniowa tworzy nastr\u00f3j najpi\u0119kniejszych \u015bwi\u0105t w roku. I oczywi\u015bcie wpada tam [&hellip;]<\/p>\n","protected":false},"author":1,"featured_media":20281,"parent":17991,"menu_order":0,"comment_status":"closed","ping_status":"closed","template":"pagetemplates\/template-stadtthema.php","meta":{"_acf_changed":false,"footnotes":""},"categories":[],"tags":[],"ncap_cities_tax":[542,473],"class_list":["post-17031","page","type-page","status-publish","has-post-thumbnail","hentry","ncap_cities_tax-weihnachtsmarkte-wolfenbuettel-pl-wolfenbuettel-pl","ncap_cities_tax-wolfenbuettel-pl"],"acf":[],"yoast_head":"<!-- This site is optimized with the Yoast SEO plugin v27.4 - https:\/\/yoast.com\/product\/yoast-seo-wordpress\/ -->\n<title>Jarmark bo\u017conarodzeniowy w Wolfenb\u00fcttel - 9 St\u00e4dte in Niedersachsen<\/title>\n<meta name=\"description\" content=\"Unikalne stragany z muru pruskiego i historyczna atmosfera na placu Schlossplatz tworz\u0105 \u015bwi\u0105teczn\u0105 atmosfer\u0119 w mie\u015bcie Lessing Wolfenb\u00fcttel.\" \/>\n<meta name=\"robots\" content=\"index, follow, max-snippet:-1, max-image-preview:large, max-video-preview:-1\" \/>\n<link rel=\"canonical\" href=\"https:\/\/9staedte.de\/pl\/wolfenbuttel-miasto-lessingow\/jarmark-bozonarodzeniowy-w-wolfenbuettel\/\" \/>\n<meta property=\"og:locale\" content=\"pl_PL\" \/>\n<meta property=\"og:type\" content=\"article\" \/>\n<meta property=\"og:title\" content=\"Jarmark bo\u017conarodzeniowy w Wolfenb\u00fcttel - 9 St\u00e4dte in Niedersachsen\" \/>\n<meta property=\"og:description\" content=\"Unikalne stragany z muru pruskiego i historyczna atmosfera na placu Schlossplatz tworz\u0105 \u015bwi\u0105teczn\u0105 atmosfer\u0119 w mie\u015bcie Lessing Wolfenb\u00fcttel.\" \/>\n<meta property=\"og:url\" content=\"https:\/\/9staedte.de\/pl\/wolfenbuttel-miasto-lessingow\/jarmark-bozonarodzeniowy-w-wolfenbuettel\/\" \/>\n<meta property=\"og:site_name\" content=\"9 St\u00e4dte in Niedersachsen\" \/>\n<meta property=\"article:modified_time\" content=\"2026-03-23T16:04:54+00:00\" \/>\n<meta property=\"og:image\" content=\"https:\/\/9staedte.de\/wp-content\/uploads\/2023\/12\/Weihnachtsmarkt-Wolfenbuettel-2023-c-Stadt-Wolfenbuettel.jpg\" \/>\n\t<meta property=\"og:image:width\" content=\"1020\" \/>\n\t<meta property=\"og:image:height\" content=\"560\" \/>\n\t<meta property=\"og:image:type\" content=\"image\/jpeg\" \/>\n<meta name=\"twitter:card\" content=\"summary_large_image\" \/>\n<meta name=\"twitter:label1\" content=\"Szacowany czas czytania\" \/>\n\t<meta name=\"twitter:data1\" content=\"2 minuty\" \/>\n<script type=\"application\/ld+json\" class=\"yoast-schema-graph\">{\"@context\":\"https:\\\/\\\/schema.org\",\"@graph\":[{\"@type\":\"WebPage\",\"@id\":\"https:\\\/\\\/9staedte.de\\\/pl\\\/wolfenbuttel-miasto-lessingow\\\/jarmark-bozonarodzeniowy-w-wolfenbuettel\\\/\",\"url\":\"https:\\\/\\\/9staedte.de\\\/pl\\\/wolfenbuttel-miasto-lessingow\\\/jarmark-bozonarodzeniowy-w-wolfenbuettel\\\/\",\"name\":\"Jarmark bo\u017conarodzeniowy w Wolfenb\u00fcttel - 9 St\u00e4dte in Niedersachsen\",\"isPartOf\":{\"@id\":\"https:\\\/\\\/9staedte.de\\\/pl\\\/#website\"},\"primaryImageOfPage\":{\"@id\":\"https:\\\/\\\/9staedte.de\\\/pl\\\/wolfenbuttel-miasto-lessingow\\\/jarmark-bozonarodzeniowy-w-wolfenbuettel\\\/#primaryimage\"},\"image\":{\"@id\":\"https:\\\/\\\/9staedte.de\\\/pl\\\/wolfenbuttel-miasto-lessingow\\\/jarmark-bozonarodzeniowy-w-wolfenbuettel\\\/#primaryimage\"},\"thumbnailUrl\":\"https:\\\/\\\/9staedte.de\\\/wp-content\\\/uploads\\\/2023\\\/12\\\/Weihnachtsmarkt-Wolfenbuettel-2023-c-Stadt-Wolfenbuettel.jpg\",\"datePublished\":\"2023-11-02T08:47:01+00:00\",\"dateModified\":\"2026-03-23T16:04:54+00:00\",\"description\":\"Unikalne stragany z muru pruskiego i historyczna atmosfera na placu Schlossplatz tworz\u0105 \u015bwi\u0105teczn\u0105 atmosfer\u0119 w mie\u015bcie Lessing Wolfenb\u00fcttel.\",\"breadcrumb\":{\"@id\":\"https:\\\/\\\/9staedte.de\\\/pl\\\/wolfenbuttel-miasto-lessingow\\\/jarmark-bozonarodzeniowy-w-wolfenbuettel\\\/#breadcrumb\"},\"inLanguage\":\"pl-PL\",\"potentialAction\":[{\"@type\":\"ReadAction\",\"target\":[\"https:\\\/\\\/9staedte.de\\\/pl\\\/wolfenbuttel-miasto-lessingow\\\/jarmark-bozonarodzeniowy-w-wolfenbuettel\\\/\"]}]},{\"@type\":\"ImageObject\",\"inLanguage\":\"pl-PL\",\"@id\":\"https:\\\/\\\/9staedte.de\\\/pl\\\/wolfenbuttel-miasto-lessingow\\\/jarmark-bozonarodzeniowy-w-wolfenbuettel\\\/#primaryimage\",\"url\":\"https:\\\/\\\/9staedte.de\\\/wp-content\\\/uploads\\\/2023\\\/12\\\/Weihnachtsmarkt-Wolfenbuettel-2023-c-Stadt-Wolfenbuettel.jpg\",\"contentUrl\":\"https:\\\/\\\/9staedte.de\\\/wp-content\\\/uploads\\\/2023\\\/12\\\/Weihnachtsmarkt-Wolfenbuettel-2023-c-Stadt-Wolfenbuettel.jpg\",\"width\":1020,\"height\":560,\"caption\":\"Weihnachtsmarkt Wolfenb\u00fcttel 2023 c) Stadt Wolfenb\u00fcttel\"},{\"@type\":\"BreadcrumbList\",\"@id\":\"https:\\\/\\\/9staedte.de\\\/pl\\\/wolfenbuttel-miasto-lessingow\\\/jarmark-bozonarodzeniowy-w-wolfenbuettel\\\/#breadcrumb\",\"itemListElement\":[{\"@type\":\"ListItem\",\"position\":1,\"name\":\"Startseite\",\"item\":\"https:\\\/\\\/9staedte.de\\\/pl\\\/\"},{\"@type\":\"ListItem\",\"position\":2,\"name\":\"Wolfenb\u00fcttel &#8211; miasto Lessing\u00f3w\",\"item\":\"https:\\\/\\\/9staedte.de\\\/pl\\\/wolfenbuttel-miasto-lessingow\\\/\"},{\"@type\":\"ListItem\",\"position\":3,\"name\":\"Jarmark bo\u017conarodzeniowy w Wolfenb\u00fcttel\"}]},{\"@type\":\"WebSite\",\"@id\":\"https:\\\/\\\/9staedte.de\\\/pl\\\/#website\",\"url\":\"https:\\\/\\\/9staedte.de\\\/pl\\\/\",\"name\":\"9 St\u00e4dte in Niedersachsen\",\"description\":\"\",\"publisher\":{\"@id\":\"https:\\\/\\\/9staedte.de\\\/pl\\\/#organization\"},\"potentialAction\":[{\"@type\":\"SearchAction\",\"target\":{\"@type\":\"EntryPoint\",\"urlTemplate\":\"https:\\\/\\\/9staedte.de\\\/pl\\\/?s={search_term_string}\"},\"query-input\":{\"@type\":\"PropertyValueSpecification\",\"valueRequired\":true,\"valueName\":\"search_term_string\"}}],\"inLanguage\":\"pl-PL\"},{\"@type\":\"Organization\",\"@id\":\"https:\\\/\\\/9staedte.de\\\/pl\\\/#organization\",\"name\":\"9 St\u00e4dte in Niedersachsen\",\"url\":\"https:\\\/\\\/9staedte.de\\\/pl\\\/\",\"logo\":{\"@type\":\"ImageObject\",\"inLanguage\":\"pl-PL\",\"@id\":\"https:\\\/\\\/9staedte.de\\\/pl\\\/#\\\/schema\\\/logo\\\/image\\\/\",\"url\":\"https:\\\/\\\/9staedte.de\\\/wp-content\\\/uploads\\\/2025\\\/01\\\/9-neg-deutsch-2-1.png\",\"contentUrl\":\"https:\\\/\\\/9staedte.de\\\/wp-content\\\/uploads\\\/2025\\\/01\\\/9-neg-deutsch-2-1.png\",\"width\":190,\"height\":114,\"caption\":\"9 St\u00e4dte in Niedersachsen\"},\"image\":{\"@id\":\"https:\\\/\\\/9staedte.de\\\/pl\\\/#\\\/schema\\\/logo\\\/image\\\/\"}}]}<\/script>\n<!-- \/ Yoast SEO plugin. -->","yoast_head_json":{"title":"Jarmark bo\u017conarodzeniowy w Wolfenb\u00fcttel - 9 St\u00e4dte in Niedersachsen","description":"Unikalne stragany z muru pruskiego i historyczna atmosfera na placu Schlossplatz tworz\u0105 \u015bwi\u0105teczn\u0105 atmosfer\u0119 w mie\u015bcie Lessing Wolfenb\u00fcttel.","robots":{"index":"index","follow":"follow","max-snippet":"max-snippet:-1","max-image-preview":"max-image-preview:large","max-video-preview":"max-video-preview:-1"},"canonical":"https:\/\/9staedte.de\/pl\/wolfenbuttel-miasto-lessingow\/jarmark-bozonarodzeniowy-w-wolfenbuettel\/","og_locale":"pl_PL","og_type":"article","og_title":"Jarmark bo\u017conarodzeniowy w Wolfenb\u00fcttel - 9 St\u00e4dte in Niedersachsen","og_description":"Unikalne stragany z muru pruskiego i historyczna atmosfera na placu Schlossplatz tworz\u0105 \u015bwi\u0105teczn\u0105 atmosfer\u0119 w mie\u015bcie Lessing Wolfenb\u00fcttel.","og_url":"https:\/\/9staedte.de\/pl\/wolfenbuttel-miasto-lessingow\/jarmark-bozonarodzeniowy-w-wolfenbuettel\/","og_site_name":"9 St\u00e4dte in Niedersachsen","article_modified_time":"2026-03-23T16:04:54+00:00","og_image":[{"width":1020,"height":560,"url":"https:\/\/9staedte.de\/wp-content\/uploads\/2023\/12\/Weihnachtsmarkt-Wolfenbuettel-2023-c-Stadt-Wolfenbuettel.jpg","type":"image\/jpeg"}],"twitter_card":"summary_large_image","twitter_misc":{"Szacowany czas czytania":"2 minuty"},"schema":{"@context":"https:\/\/schema.org","@graph":[{"@type":"WebPage","@id":"https:\/\/9staedte.de\/pl\/wolfenbuttel-miasto-lessingow\/jarmark-bozonarodzeniowy-w-wolfenbuettel\/","url":"https:\/\/9staedte.de\/pl\/wolfenbuttel-miasto-lessingow\/jarmark-bozonarodzeniowy-w-wolfenbuettel\/","name":"Jarmark bo\u017conarodzeniowy w Wolfenb\u00fcttel - 9 St\u00e4dte in Niedersachsen","isPartOf":{"@id":"https:\/\/9staedte.de\/pl\/#website"},"primaryImageOfPage":{"@id":"https:\/\/9staedte.de\/pl\/wolfenbuttel-miasto-lessingow\/jarmark-bozonarodzeniowy-w-wolfenbuettel\/#primaryimage"},"image":{"@id":"https:\/\/9staedte.de\/pl\/wolfenbuttel-miasto-lessingow\/jarmark-bozonarodzeniowy-w-wolfenbuettel\/#primaryimage"},"thumbnailUrl":"https:\/\/9staedte.de\/wp-content\/uploads\/2023\/12\/Weihnachtsmarkt-Wolfenbuettel-2023-c-Stadt-Wolfenbuettel.jpg","datePublished":"2023-11-02T08:47:01+00:00","dateModified":"2026-03-23T16:04:54+00:00","description":"Unikalne stragany z muru pruskiego i historyczna atmosfera na placu Schlossplatz tworz\u0105 \u015bwi\u0105teczn\u0105 atmosfer\u0119 w mie\u015bcie Lessing Wolfenb\u00fcttel.","breadcrumb":{"@id":"https:\/\/9staedte.de\/pl\/wolfenbuttel-miasto-lessingow\/jarmark-bozonarodzeniowy-w-wolfenbuettel\/#breadcrumb"},"inLanguage":"pl-PL","potentialAction":[{"@type":"ReadAction","target":["https:\/\/9staedte.de\/pl\/wolfenbuttel-miasto-lessingow\/jarmark-bozonarodzeniowy-w-wolfenbuettel\/"]}]},{"@type":"ImageObject","inLanguage":"pl-PL","@id":"https:\/\/9staedte.de\/pl\/wolfenbuttel-miasto-lessingow\/jarmark-bozonarodzeniowy-w-wolfenbuettel\/#primaryimage","url":"https:\/\/9staedte.de\/wp-content\/uploads\/2023\/12\/Weihnachtsmarkt-Wolfenbuettel-2023-c-Stadt-Wolfenbuettel.jpg","contentUrl":"https:\/\/9staedte.de\/wp-content\/uploads\/2023\/12\/Weihnachtsmarkt-Wolfenbuettel-2023-c-Stadt-Wolfenbuettel.jpg","width":1020,"height":560,"caption":"Weihnachtsmarkt Wolfenb\u00fcttel 2023 c) Stadt Wolfenb\u00fcttel"},{"@type":"BreadcrumbList","@id":"https:\/\/9staedte.de\/pl\/wolfenbuttel-miasto-lessingow\/jarmark-bozonarodzeniowy-w-wolfenbuettel\/#breadcrumb","itemListElement":[{"@type":"ListItem","position":1,"name":"Startseite","item":"https:\/\/9staedte.de\/pl\/"},{"@type":"ListItem","position":2,"name":"Wolfenb\u00fcttel &#8211; miasto Lessing\u00f3w","item":"https:\/\/9staedte.de\/pl\/wolfenbuttel-miasto-lessingow\/"},{"@type":"ListItem","position":3,"name":"Jarmark bo\u017conarodzeniowy w Wolfenb\u00fcttel"}]},{"@type":"WebSite","@id":"https:\/\/9staedte.de\/pl\/#website","url":"https:\/\/9staedte.de\/pl\/","name":"9 St\u00e4dte in Niedersachsen","description":"","publisher":{"@id":"https:\/\/9staedte.de\/pl\/#organization"},"potentialAction":[{"@type":"SearchAction","target":{"@type":"EntryPoint","urlTemplate":"https:\/\/9staedte.de\/pl\/?s={search_term_string}"},"query-input":{"@type":"PropertyValueSpecification","valueRequired":true,"valueName":"search_term_string"}}],"inLanguage":"pl-PL"},{"@type":"Organization","@id":"https:\/\/9staedte.de\/pl\/#organization","name":"9 St\u00e4dte in Niedersachsen","url":"https:\/\/9staedte.de\/pl\/","logo":{"@type":"ImageObject","inLanguage":"pl-PL","@id":"https:\/\/9staedte.de\/pl\/#\/schema\/logo\/image\/","url":"https:\/\/9staedte.de\/wp-content\/uploads\/2025\/01\/9-neg-deutsch-2-1.png","contentUrl":"https:\/\/9staedte.de\/wp-content\/uploads\/2025\/01\/9-neg-deutsch-2-1.png","width":190,"height":114,"caption":"9 St\u00e4dte in Niedersachsen"},"image":{"@id":"https:\/\/9staedte.de\/pl\/#\/schema\/logo\/image\/"}}]}},"_links":{"self":[{"href":"https:\/\/9staedte.de\/pl\/wp-json\/wp\/v2\/pages\/17031","targetHints":{"allow":["GET"]}}],"collection":[{"href":"https:\/\/9staedte.de\/pl\/wp-json\/wp\/v2\/pages"}],"about":[{"href":"https:\/\/9staedte.de\/pl\/wp-json\/wp\/v2\/types\/page"}],"author":[{"embeddable":true,"href":"https:\/\/9staedte.de\/pl\/wp-json\/wp\/v2\/users\/1"}],"replies":[{"embeddable":true,"href":"https:\/\/9staedte.de\/pl\/wp-json\/wp\/v2\/comments?post=17031"}],"version-history":[{"count":11,"href":"https:\/\/9staedte.de\/pl\/wp-json\/wp\/v2\/pages\/17031\/revisions"}],"predecessor-version":[{"id":27642,"href":"https:\/\/9staedte.de\/pl\/wp-json\/wp\/v2\/pages\/17031\/revisions\/27642"}],"up":[{"embeddable":true,"href":"https:\/\/9staedte.de\/pl\/wp-json\/wp\/v2\/pages\/17991"}],"wp:featuredmedia":[{"embeddable":true,"href":"https:\/\/9staedte.de\/pl\/wp-json\/wp\/v2\/media\/20281"}],"wp:attachment":[{"href":"https:\/\/9staedte.de\/pl\/wp-json\/wp\/v2\/media?parent=17031"}],"wp:term":[{"taxonomy":"category","embeddable":true,"href":"https:\/\/9staedte.de\/pl\/wp-json\/wp\/v2\/categories?post=17031"},{"taxonomy":"post_tag","embeddable":true,"href":"https:\/\/9staedte.de\/pl\/wp-json\/wp\/v2\/tags?post=17031"},{"taxonomy":"ncap_cities_tax","embeddable":true,"href":"https:\/\/9staedte.de\/pl\/wp-json\/wp\/v2\/ncap_cities_tax?post=17031"}],"curies":[{"name":"wp","href":"https:\/\/api.w.org\/{rel}","templated":true}]}}