{"id":16991,"date":"2023-11-02T09:46:30","date_gmt":"2023-11-02T08:46:30","guid":{"rendered":"https:\/\/9staedte.de\/wycieczki-po-miescie-w-wolfenbuettel\/"},"modified":"2023-11-02T18:18:08","modified_gmt":"2023-11-02T17:18:08","slug":"wycieczki-po-miescie-w-wolfenbuettel","status":"publish","type":"page","link":"https:\/\/9staedte.de\/pl\/wolfenbuttel-miasto-lessingow\/wycieczki-po-miescie-w-wolfenbuettel\/","title":{"rendered":"Wycieczki po mie\u015bcie w Wolfenb\u00fcttel"},"content":{"rendered":"\r\n\r\n    <div class=\"filter-posts\">\r\n            <div  id=\"filterContent\">\r\n                                                        \n<div class=\"contentKachel filtr-item\" data-category=\"wolfenbuettel-pl\">\n    <a href=\"https:\/\/9staedte.de\/pl\/wycieczka-do-wolfenbuttel-z-daniem-glownym\/\">\n        <div class=\"contentKachel-inner\">\n                            <div class=\"contentKachel-thumbnail\">\n                    <img loading=\"lazy\" decoding=\"async\" width=\"300\" height=\"165\" src=\"https:\/\/9staedte.de\/wp-content\/smush-webp\/2023\/06\/Ausgehen-in-Wolfenbuettel-c-Stadt-Wolfenbuettel-Christian-Bierwagen-300x165.jpg.webp\" class=\"objectfitcover withfilters wp-post-image\" alt=\"Cztery osoby siedz\u0105 przy stole w restauracji. \u015amiej\u0105 si\u0119 i jedz\u0105 razem. Na stole s\u0105 pizza, sa\u0142atka, wino i woda. Wszyscy wygl\u0105daj\u0105 na szcz\u0119\u015bliwych. W tle wida\u0107 zdj\u0119cia na \u015bcianie. Atmosfera jest przytulna.\" srcset=\"https:\/\/9staedte.de\/wp-content\/smush-webp\/2023\/06\/Ausgehen-in-Wolfenbuettel-c-Stadt-Wolfenbuettel-Christian-Bierwagen-300x165.jpg.webp 300w, https:\/\/9staedte.de\/wp-content\/smush-webp\/2023\/06\/Ausgehen-in-Wolfenbuettel-c-Stadt-Wolfenbuettel-Christian-Bierwagen-768x422.jpg.webp 768w, https:\/\/9staedte.de\/wp-content\/smush-webp\/2023\/06\/Ausgehen-in-Wolfenbuettel-c-Stadt-Wolfenbuettel-Christian-Bierwagen.jpg.webp 1020w\" sizes=\"auto, (max-width: 300px) 100vw, 300px\" \/>                    <img loading=\"lazy\" decoding=\"async\" width=\"300\" height=\"165\" src=\"https:\/\/9staedte.de\/wp-content\/smush-webp\/2023\/06\/Ausgehen-in-Wolfenbuettel-c-Stadt-Wolfenbuettel-Christian-Bierwagen-300x165.jpg.webp\" class=\"objectfitcontain wp-post-image\" alt=\"Cztery osoby siedz\u0105 przy stole w restauracji. \u015amiej\u0105 si\u0119 i jedz\u0105 razem. Na stole s\u0105 pizza, sa\u0142atka, wino i woda. Wszyscy wygl\u0105daj\u0105 na szcz\u0119\u015bliwych. W tle wida\u0107 zdj\u0119cia na \u015bcianie. Atmosfera jest przytulna.\" srcset=\"https:\/\/9staedte.de\/wp-content\/smush-webp\/2023\/06\/Ausgehen-in-Wolfenbuettel-c-Stadt-Wolfenbuettel-Christian-Bierwagen-300x165.jpg.webp 300w, https:\/\/9staedte.de\/wp-content\/smush-webp\/2023\/06\/Ausgehen-in-Wolfenbuettel-c-Stadt-Wolfenbuettel-Christian-Bierwagen-768x422.jpg.webp 768w, https:\/\/9staedte.de\/wp-content\/smush-webp\/2023\/06\/Ausgehen-in-Wolfenbuettel-c-Stadt-Wolfenbuettel-Christian-Bierwagen.jpg.webp 1020w\" sizes=\"auto, (max-width: 300px) 100vw, 300px\" \/>                        <div class=\"thumbnail-label\">\n    <span>Ausgehen in Wolfenb\u00fcttel c) Stadt Wolfenb\u00fcttel Christian Bierwagen<\/span>\n    <\/div>\n                <\/div>\n                        <div class=\"contentKachel-content\">\n                                    <div class=\"city-tag bg-wolfenbuettel\">\n                        Wolfenb\u00fcttel                    <\/div>\n                \n                <div class=\"title\">\n\n                    Wolfenb\u00fcttel &#8211; historia i rozrywka                    \n                <\/div>\n\n                            <\/div>\n\n        <\/div>\n    <\/a>\n<\/div>                                                        \n<div class=\"contentKachel filtr-item\" data-category=\"wolfenbuettel-pl\">\n    <a href=\"https:\/\/9staedte.de\/pl\/wycieczka-po-starym-miescie-w-wolfenbuttel-dla-grup\/\">\n        <div class=\"contentKachel-inner\">\n                            <div class=\"contentKachel-thumbnail\">\n                    <img loading=\"lazy\" decoding=\"async\" width=\"300\" height=\"200\" src=\"https:\/\/9staedte.de\/wp-content\/smush-webp\/2022\/06\/Altstadtrundgang-Wolfenbuettel-c-Stadt-Wolfenbuettel-Christian-Bierwagen1-300x200.jpg.webp\" class=\"objectfitcover withfilters wp-post-image\" alt=\"Wiele os\u00f3b jest na spacerze z przewodnikiem w Wolfenb\u00fcttel. M\u0119\u017cczyzna w okularach i z identyfikatorem co\u015b opowiada. Wskazuje palcem na dom. Inni patrz\u0105 do g\u00f3ry. Ulica ma stare domy z muru pruskiego. Ludzie s\u0105 zainteresowani.\" srcset=\"https:\/\/9staedte.de\/wp-content\/smush-webp\/2022\/06\/Altstadtrundgang-Wolfenbuettel-c-Stadt-Wolfenbuettel-Christian-Bierwagen1-300x200.jpg.webp 300w, https:\/\/9staedte.de\/wp-content\/smush-webp\/2022\/06\/Altstadtrundgang-Wolfenbuettel-c-Stadt-Wolfenbuettel-Christian-Bierwagen1.jpg.webp 580w\" sizes=\"auto, (max-width: 300px) 100vw, 300px\" \/>                    <img loading=\"lazy\" decoding=\"async\" width=\"300\" height=\"200\" src=\"https:\/\/9staedte.de\/wp-content\/smush-webp\/2022\/06\/Altstadtrundgang-Wolfenbuettel-c-Stadt-Wolfenbuettel-Christian-Bierwagen1-300x200.jpg.webp\" class=\"objectfitcontain wp-post-image\" alt=\"Wiele os\u00f3b jest na spacerze z przewodnikiem w Wolfenb\u00fcttel. M\u0119\u017cczyzna w okularach i z identyfikatorem co\u015b opowiada. Wskazuje palcem na dom. Inni patrz\u0105 do g\u00f3ry. Ulica ma stare domy z muru pruskiego. Ludzie s\u0105 zainteresowani.\" srcset=\"https:\/\/9staedte.de\/wp-content\/smush-webp\/2022\/06\/Altstadtrundgang-Wolfenbuettel-c-Stadt-Wolfenbuettel-Christian-Bierwagen1-300x200.jpg.webp 300w, https:\/\/9staedte.de\/wp-content\/smush-webp\/2022\/06\/Altstadtrundgang-Wolfenbuettel-c-Stadt-Wolfenbuettel-Christian-Bierwagen1.jpg.webp 580w\" sizes=\"auto, (max-width: 300px) 100vw, 300px\" \/>                        <div class=\"thumbnail-label\">\n    <span>Altstadtrundgang-Wolfenbuettel-c-Stadt-Wolfenbuettel-Christian-Bierwagen[1]<\/span>\n    <\/div>\n                <\/div>\n                        <div class=\"contentKachel-content\">\n                                    <div class=\"city-tag bg-wolfenbuettel\">\n                        Wolfenb\u00fcttel                    <\/div>\n                \n                <div class=\"title\">\n\n                    Wycieczka po Starym Mie\u015bcie w Wolfenb\u00fcttel dla grup                    \n                <\/div>\n\n                            <\/div>\n\n        <\/div>\n    <\/a>\n<\/div>                                                        \n<div class=\"contentKachel filtr-item\" data-category=\"wolfenbuettel-pl\">\n    <a href=\"https:\/\/9staedte.de\/pl\/wycieczki-po-miescie-z-roznica-wycieczki-tematyczne-po-wolfenbuttel\/\">\n        <div class=\"contentKachel-inner\">\n                            <div class=\"contentKachel-thumbnail\">\n                    <img loading=\"lazy\" decoding=\"async\" width=\"300\" height=\"165\" src=\"https:\/\/9staedte.de\/wp-content\/smush-webp\/2022\/06\/Themenfuehrung-in-Wolfenbuettel-c-Lessingstadt-Wolfenbuettel-300x165.jpg.webp\" class=\"objectfitcover withfilters wp-post-image\" alt=\"Na zdj\u0119ciu wida\u0107 zwiedzanie miasta. Osiem os\u00f3b stoi przed starym budynkiem. Patrz\u0105 w g\u00f3r\u0119 i s\u0142uchaj\u0105. Jeden m\u0119\u017cczyzna ma kapelusz i trzyma parasol. W tle wida\u0107 znak \u201cRetter der Antike\u201d. Zwiedzanie odbywa si\u0119 w Wolfenb\u00fcttel.\" srcset=\"https:\/\/9staedte.de\/wp-content\/smush-webp\/2022\/06\/Themenfuehrung-in-Wolfenbuettel-c-Lessingstadt-Wolfenbuettel-300x165.jpg.webp 300w, https:\/\/9staedte.de\/wp-content\/smush-webp\/2022\/06\/Themenfuehrung-in-Wolfenbuettel-c-Lessingstadt-Wolfenbuettel-768x422.jpg.webp 768w, https:\/\/9staedte.de\/wp-content\/smush-webp\/2022\/06\/Themenfuehrung-in-Wolfenbuettel-c-Lessingstadt-Wolfenbuettel.jpg.webp 1019w\" sizes=\"auto, (max-width: 300px) 100vw, 300px\" \/>                    <img loading=\"lazy\" decoding=\"async\" width=\"300\" height=\"165\" src=\"https:\/\/9staedte.de\/wp-content\/smush-webp\/2022\/06\/Themenfuehrung-in-Wolfenbuettel-c-Lessingstadt-Wolfenbuettel-300x165.jpg.webp\" class=\"objectfitcontain wp-post-image\" alt=\"Na zdj\u0119ciu wida\u0107 zwiedzanie miasta. Osiem os\u00f3b stoi przed starym budynkiem. Patrz\u0105 w g\u00f3r\u0119 i s\u0142uchaj\u0105. Jeden m\u0119\u017cczyzna ma kapelusz i trzyma parasol. W tle wida\u0107 znak \u201cRetter der Antike\u201d. Zwiedzanie odbywa si\u0119 w Wolfenb\u00fcttel.\" srcset=\"https:\/\/9staedte.de\/wp-content\/smush-webp\/2022\/06\/Themenfuehrung-in-Wolfenbuettel-c-Lessingstadt-Wolfenbuettel-300x165.jpg.webp 300w, https:\/\/9staedte.de\/wp-content\/smush-webp\/2022\/06\/Themenfuehrung-in-Wolfenbuettel-c-Lessingstadt-Wolfenbuettel-768x422.jpg.webp 768w, https:\/\/9staedte.de\/wp-content\/smush-webp\/2022\/06\/Themenfuehrung-in-Wolfenbuettel-c-Lessingstadt-Wolfenbuettel.jpg.webp 1019w\" sizes=\"auto, (max-width: 300px) 100vw, 300px\" \/>                        <div class=\"thumbnail-label\">\n    <span>Themenf\u00fchrung in Wolfenb\u00fcttel c) Lessingstadt Wolfenb\u00fcttel c) Stadt Wolfenb\u00fcttel Christian Bierwagen<\/span>\n    <\/div>\n                <\/div>\n                        <div class=\"contentKachel-content\">\n                                    <div class=\"city-tag bg-wolfenbuettel\">\n                        Wolfenb\u00fcttel                    <\/div>\n                \n                <div class=\"title\">\n\n                    Wycieczki po mie\u015bcie z r\u00f3\u017cnic\u0105: wycieczki tematyczne po Wolfenb\u00fcttel                    \n                <\/div>\n\n                            <\/div>\n\n        <\/div>\n    <\/a>\n<\/div>                                            <\/div>\r\n    <\/div>\r\n","protected":false},"excerpt":{"rendered":"","protected":false},"author":1,"featured_media":16992,"parent":17991,"menu_order":0,"comment_status":"closed","ping_status":"closed","template":"pagetemplates\/template-stadtthema.php","meta":{"_acf_changed":false,"footnotes":""},"categories":[],"tags":[],"ncap_cities_tax":[1249,473],"class_list":["post-16991","page","type-page","status-publish","has-post-thumbnail","hentry","ncap_cities_tax-stadtfuhrungen-wolfenbuettel-pl-wolfenbuettel-pl","ncap_cities_tax-wolfenbuettel-pl"],"acf":[],"yoast_head":"<!-- This site is optimized with the Yoast SEO plugin v26.8 - https:\/\/yoast.com\/product\/yoast-seo-wordpress\/ -->\n<title>Wycieczki po mie\u015bcie w Wolfenb\u00fcttel - 9 St\u00e4dte in Niedersachsen<\/title>\n<meta name=\"robots\" content=\"index, follow, max-snippet:-1, max-image-preview:large, max-video-preview:-1\" \/>\n<link rel=\"canonical\" href=\"https:\/\/9staedte.de\/pl\/wolfenbuttel-miasto-lessingow\/wycieczki-po-miescie-w-wolfenbuettel\/\" \/>\n<meta property=\"og:locale\" content=\"pl_PL\" \/>\n<meta property=\"og:type\" content=\"article\" \/>\n<meta property=\"og:title\" content=\"Wycieczki po mie\u015bcie w Wolfenb\u00fcttel - 9 St\u00e4dte in Niedersachsen\" \/>\n<meta property=\"og:url\" content=\"https:\/\/9staedte.de\/pl\/wolfenbuttel-miasto-lessingow\/wycieczki-po-miescie-w-wolfenbuettel\/\" \/>\n<meta property=\"og:site_name\" content=\"9 St\u00e4dte in Niedersachsen\" \/>\n<meta property=\"article:modified_time\" content=\"2023-11-02T17:18:08+00:00\" \/>\n<meta property=\"og:image\" content=\"https:\/\/9staedte.de\/wp-content\/uploads\/2023\/02\/161008-wf-marketing-087.jpg\" \/>\n\t<meta property=\"og:image:width\" content=\"1020\" \/>\n\t<meta property=\"og:image:height\" content=\"575\" \/>\n\t<meta property=\"og:image:type\" content=\"image\/jpeg\" \/>\n<meta name=\"twitter:card\" content=\"summary_large_image\" \/>\n<script type=\"application\/ld+json\" class=\"yoast-schema-graph\">{\"@context\":\"https:\/\/schema.org\",\"@graph\":[{\"@type\":\"WebPage\",\"@id\":\"https:\/\/9staedte.de\/pl\/wolfenbuttel-miasto-lessingow\/wycieczki-po-miescie-w-wolfenbuettel\/\",\"url\":\"https:\/\/9staedte.de\/pl\/wolfenbuttel-miasto-lessingow\/wycieczki-po-miescie-w-wolfenbuettel\/\",\"name\":\"Wycieczki po mie\u015bcie w Wolfenb\u00fcttel - 9 St\u00e4dte in Niedersachsen\",\"isPartOf\":{\"@id\":\"https:\/\/9staedte.de\/pl\/#website\"},\"primaryImageOfPage\":{\"@id\":\"https:\/\/9staedte.de\/pl\/wolfenbuttel-miasto-lessingow\/wycieczki-po-miescie-w-wolfenbuettel\/#primaryimage\"},\"image\":{\"@id\":\"https:\/\/9staedte.de\/pl\/wolfenbuttel-miasto-lessingow\/wycieczki-po-miescie-w-wolfenbuettel\/#primaryimage\"},\"thumbnailUrl\":\"https:\/\/9staedte.de\/wp-content\/uploads\/2023\/02\/161008-wf-marketing-087.jpg\",\"datePublished\":\"2023-11-02T08:46:30+00:00\",\"dateModified\":\"2023-11-02T17:18:08+00:00\",\"breadcrumb\":{\"@id\":\"https:\/\/9staedte.de\/pl\/wolfenbuttel-miasto-lessingow\/wycieczki-po-miescie-w-wolfenbuettel\/#breadcrumb\"},\"inLanguage\":\"pl-PL\",\"potentialAction\":[{\"@type\":\"ReadAction\",\"target\":[\"https:\/\/9staedte.de\/pl\/wolfenbuttel-miasto-lessingow\/wycieczki-po-miescie-w-wolfenbuettel\/\"]}]},{\"@type\":\"ImageObject\",\"inLanguage\":\"pl-PL\",\"@id\":\"https:\/\/9staedte.de\/pl\/wolfenbuttel-miasto-lessingow\/wycieczki-po-miescie-w-wolfenbuettel\/#primaryimage\",\"url\":\"https:\/\/9staedte.de\/wp-content\/uploads\/2023\/02\/161008-wf-marketing-087.jpg\",\"contentUrl\":\"https:\/\/9staedte.de\/wp-content\/uploads\/2023\/02\/161008-wf-marketing-087.jpg\",\"width\":1020,\"height\":575,\"caption\":\"F\u00fchrung in Wolfenb\u00fcttel c) Stadt Wolfenb\u00fcttel Christian Bierwagen\"},{\"@type\":\"BreadcrumbList\",\"@id\":\"https:\/\/9staedte.de\/pl\/wolfenbuttel-miasto-lessingow\/wycieczki-po-miescie-w-wolfenbuettel\/#breadcrumb\",\"itemListElement\":[{\"@type\":\"ListItem\",\"position\":1,\"name\":\"Startseite\",\"item\":\"https:\/\/9staedte.de\/pl\/\"},{\"@type\":\"ListItem\",\"position\":2,\"name\":\"Wolfenb\u00fcttel &#8211; miasto Lessing\u00f3w\",\"item\":\"https:\/\/9staedte.de\/pl\/wolfenbuttel-miasto-lessingow\/\"},{\"@type\":\"ListItem\",\"position\":3,\"name\":\"Wycieczki po mie\u015bcie w Wolfenb\u00fcttel\"}]},{\"@type\":\"WebSite\",\"@id\":\"https:\/\/9staedte.de\/pl\/#website\",\"url\":\"https:\/\/9staedte.de\/pl\/\",\"name\":\"9 St\u00e4dte in Niedersachsen\",\"description\":\"\",\"publisher\":{\"@id\":\"https:\/\/9staedte.de\/pl\/#organization\"},\"potentialAction\":[{\"@type\":\"SearchAction\",\"target\":{\"@type\":\"EntryPoint\",\"urlTemplate\":\"https:\/\/9staedte.de\/pl\/?s={search_term_string}\"},\"query-input\":{\"@type\":\"PropertyValueSpecification\",\"valueRequired\":true,\"valueName\":\"search_term_string\"}}],\"inLanguage\":\"pl-PL\"},{\"@type\":\"Organization\",\"@id\":\"https:\/\/9staedte.de\/pl\/#organization\",\"name\":\"9 St\u00e4dte in Niedersachsen\",\"url\":\"https:\/\/9staedte.de\/pl\/\",\"logo\":{\"@type\":\"ImageObject\",\"inLanguage\":\"pl-PL\",\"@id\":\"https:\/\/9staedte.de\/pl\/#\/schema\/logo\/image\/\",\"url\":\"https:\/\/9staedte.de\/wp-content\/uploads\/2025\/01\/9-neg-deutsch-2-1.png\",\"contentUrl\":\"https:\/\/9staedte.de\/wp-content\/uploads\/2025\/01\/9-neg-deutsch-2-1.png\",\"width\":190,\"height\":114,\"caption\":\"9 St\u00e4dte in Niedersachsen\"},\"image\":{\"@id\":\"https:\/\/9staedte.de\/pl\/#\/schema\/logo\/image\/\"}}]}<\/script>\n<!-- \/ Yoast SEO plugin. -->","yoast_head_json":{"title":"Wycieczki po mie\u015bcie w Wolfenb\u00fcttel - 9 St\u00e4dte in Niedersachsen","robots":{"index":"index","follow":"follow","max-snippet":"max-snippet:-1","max-image-preview":"max-image-preview:large","max-video-preview":"max-video-preview:-1"},"canonical":"https:\/\/9staedte.de\/pl\/wolfenbuttel-miasto-lessingow\/wycieczki-po-miescie-w-wolfenbuettel\/","og_locale":"pl_PL","og_type":"article","og_title":"Wycieczki po mie\u015bcie w Wolfenb\u00fcttel - 9 St\u00e4dte in Niedersachsen","og_url":"https:\/\/9staedte.de\/pl\/wolfenbuttel-miasto-lessingow\/wycieczki-po-miescie-w-wolfenbuettel\/","og_site_name":"9 St\u00e4dte in Niedersachsen","article_modified_time":"2023-11-02T17:18:08+00:00","og_image":[{"width":1020,"height":575,"url":"https:\/\/9staedte.de\/wp-content\/uploads\/2023\/02\/161008-wf-marketing-087.jpg","type":"image\/jpeg"}],"twitter_card":"summary_large_image","schema":{"@context":"https:\/\/schema.org","@graph":[{"@type":"WebPage","@id":"https:\/\/9staedte.de\/pl\/wolfenbuttel-miasto-lessingow\/wycieczki-po-miescie-w-wolfenbuettel\/","url":"https:\/\/9staedte.de\/pl\/wolfenbuttel-miasto-lessingow\/wycieczki-po-miescie-w-wolfenbuettel\/","name":"Wycieczki po mie\u015bcie w Wolfenb\u00fcttel - 9 St\u00e4dte in Niedersachsen","isPartOf":{"@id":"https:\/\/9staedte.de\/pl\/#website"},"primaryImageOfPage":{"@id":"https:\/\/9staedte.de\/pl\/wolfenbuttel-miasto-lessingow\/wycieczki-po-miescie-w-wolfenbuettel\/#primaryimage"},"image":{"@id":"https:\/\/9staedte.de\/pl\/wolfenbuttel-miasto-lessingow\/wycieczki-po-miescie-w-wolfenbuettel\/#primaryimage"},"thumbnailUrl":"https:\/\/9staedte.de\/wp-content\/uploads\/2023\/02\/161008-wf-marketing-087.jpg","datePublished":"2023-11-02T08:46:30+00:00","dateModified":"2023-11-02T17:18:08+00:00","breadcrumb":{"@id":"https:\/\/9staedte.de\/pl\/wolfenbuttel-miasto-lessingow\/wycieczki-po-miescie-w-wolfenbuettel\/#breadcrumb"},"inLanguage":"pl-PL","potentialAction":[{"@type":"ReadAction","target":["https:\/\/9staedte.de\/pl\/wolfenbuttel-miasto-lessingow\/wycieczki-po-miescie-w-wolfenbuettel\/"]}]},{"@type":"ImageObject","inLanguage":"pl-PL","@id":"https:\/\/9staedte.de\/pl\/wolfenbuttel-miasto-lessingow\/wycieczki-po-miescie-w-wolfenbuettel\/#primaryimage","url":"https:\/\/9staedte.de\/wp-content\/uploads\/2023\/02\/161008-wf-marketing-087.jpg","contentUrl":"https:\/\/9staedte.de\/wp-content\/uploads\/2023\/02\/161008-wf-marketing-087.jpg","width":1020,"height":575,"caption":"F\u00fchrung in Wolfenb\u00fcttel c) Stadt Wolfenb\u00fcttel Christian Bierwagen"},{"@type":"BreadcrumbList","@id":"https:\/\/9staedte.de\/pl\/wolfenbuttel-miasto-lessingow\/wycieczki-po-miescie-w-wolfenbuettel\/#breadcrumb","itemListElement":[{"@type":"ListItem","position":1,"name":"Startseite","item":"https:\/\/9staedte.de\/pl\/"},{"@type":"ListItem","position":2,"name":"Wolfenb\u00fcttel &#8211; miasto Lessing\u00f3w","item":"https:\/\/9staedte.de\/pl\/wolfenbuttel-miasto-lessingow\/"},{"@type":"ListItem","position":3,"name":"Wycieczki po mie\u015bcie w Wolfenb\u00fcttel"}]},{"@type":"WebSite","@id":"https:\/\/9staedte.de\/pl\/#website","url":"https:\/\/9staedte.de\/pl\/","name":"9 St\u00e4dte in Niedersachsen","description":"","publisher":{"@id":"https:\/\/9staedte.de\/pl\/#organization"},"potentialAction":[{"@type":"SearchAction","target":{"@type":"EntryPoint","urlTemplate":"https:\/\/9staedte.de\/pl\/?s={search_term_string}"},"query-input":{"@type":"PropertyValueSpecification","valueRequired":true,"valueName":"search_term_string"}}],"inLanguage":"pl-PL"},{"@type":"Organization","@id":"https:\/\/9staedte.de\/pl\/#organization","name":"9 St\u00e4dte in Niedersachsen","url":"https:\/\/9staedte.de\/pl\/","logo":{"@type":"ImageObject","inLanguage":"pl-PL","@id":"https:\/\/9staedte.de\/pl\/#\/schema\/logo\/image\/","url":"https:\/\/9staedte.de\/wp-content\/uploads\/2025\/01\/9-neg-deutsch-2-1.png","contentUrl":"https:\/\/9staedte.de\/wp-content\/uploads\/2025\/01\/9-neg-deutsch-2-1.png","width":190,"height":114,"caption":"9 St\u00e4dte in Niedersachsen"},"image":{"@id":"https:\/\/9staedte.de\/pl\/#\/schema\/logo\/image\/"}}]}},"_links":{"self":[{"href":"https:\/\/9staedte.de\/pl\/wp-json\/wp\/v2\/pages\/16991","targetHints":{"allow":["GET"]}}],"collection":[{"href":"https:\/\/9staedte.de\/pl\/wp-json\/wp\/v2\/pages"}],"about":[{"href":"https:\/\/9staedte.de\/pl\/wp-json\/wp\/v2\/types\/page"}],"author":[{"embeddable":true,"href":"https:\/\/9staedte.de\/pl\/wp-json\/wp\/v2\/users\/1"}],"replies":[{"embeddable":true,"href":"https:\/\/9staedte.de\/pl\/wp-json\/wp\/v2\/comments?post=16991"}],"version-history":[{"count":1,"href":"https:\/\/9staedte.de\/pl\/wp-json\/wp\/v2\/pages\/16991\/revisions"}],"predecessor-version":[{"id":19979,"href":"https:\/\/9staedte.de\/pl\/wp-json\/wp\/v2\/pages\/16991\/revisions\/19979"}],"up":[{"embeddable":true,"href":"https:\/\/9staedte.de\/pl\/wp-json\/wp\/v2\/pages\/17991"}],"wp:featuredmedia":[{"embeddable":true,"href":"https:\/\/9staedte.de\/pl\/wp-json\/wp\/v2\/media\/16992"}],"wp:attachment":[{"href":"https:\/\/9staedte.de\/pl\/wp-json\/wp\/v2\/media?parent=16991"}],"wp:term":[{"taxonomy":"category","embeddable":true,"href":"https:\/\/9staedte.de\/pl\/wp-json\/wp\/v2\/categories?post=16991"},{"taxonomy":"post_tag","embeddable":true,"href":"https:\/\/9staedte.de\/pl\/wp-json\/wp\/v2\/tags?post=16991"},{"taxonomy":"ncap_cities_tax","embeddable":true,"href":"https:\/\/9staedte.de\/pl\/wp-json\/wp\/v2\/ncap_cities_tax?post=16991"}],"curies":[{"name":"wp","href":"https:\/\/api.w.org\/{rel}","templated":true}]}}