{"id":16970,"date":"2023-11-02T09:46:24","date_gmt":"2023-11-02T08:46:24","guid":{"rendered":"https:\/\/9staedte.de\/zimowy-swiat-w-autostadt-w-wolfsburgu\/"},"modified":"2026-01-05T10:46:59","modified_gmt":"2026-01-05T09:46:59","slug":"zimowy-swiat-w-autostadt-w-wolfsburgu","status":"publish","type":"page","link":"https:\/\/9staedte.de\/pl\/zimowy-swiat-w-autostadt-w-wolfsburgu\/","title":{"rendered":"Zimowy \u015bwiat w Autostadt w Wolfsburgu"},"content":{"rendered":"\n<h2 class=\"wp-block-heading\">Zimowa kraina czar\u00f3w i jarmark bo\u017conarodzeniowy w Autostadt<\/h2>\n\n<p>Kiedy dni staj\u0105 si\u0119 kr\u00f3tsze, dla wielu zaczyna si\u0119 najpi\u0119kniejszy czas w roku &#8211; i mo\u017cesz naprawd\u0119 cieszy\u0107 si\u0119 tym czasem w Zimowym \u015awiecie Autostadt: ze \u015bwi\u0105tecznie udekorowanym parkiem, ogromnym lodowiskiem, tradycyjnym jarmarkiem zimowym i nie tylko.<br\/>Prze\u017cyj akcj\u0119 na \u015bniegu i lodzie lub sp\u0119d\u017a kontemplacyjne, pi\u0119kne chwile z przyjaci\u00f3\u0142mi lub rodzin\u0105 przy delikatnym blasku \u015bwiate\u0142 i zapachu cynamonu, go\u017adzik\u00f3w i pomara\u0144czy na ma\u0142ym jarmarku bo\u017conarodzeniowym.<br\/>(mo\u017ce ulec zmianie)<\/p>\n\n<p><a href=\"http:\/\/www.autostadt.de\/veranstaltungen\">Wi\u0119cej informacji<\/a><\/p>\n\n<div style=\"height:30px\" aria-hidden=\"true\" class=\"wp-block-spacer\"><\/div>\n\n<h3 class=\"wp-block-heading\">Autostadt w Wolfsburgu<\/h3>\n\n <div class=\"brlbs-cmpnt-container brlbs-cmpnt-content-blocker brlbs-cmpnt-with-individual-styles\" data-borlabs-cookie-content-blocker-id=\"google-maps\" data-borlabs-cookie-content=\"PGlmcmFtZSBzcmM9Imh0dHBzOi8vd3d3Lmdvb2dsZS5jb20vbWFwcy9lbWJlZD9wYj0hMW0xOCExbTEyITFtMyExZDI0MzIuNTY1NDcwMzMwMjYhMmQxMC43OTE2MzAzNzY5NzMyNiEzZDUyLjQzMjY3MDY0MjY5MTEyITJtMyExZjAhMmYwITNmMCEzbTIhMWkxMDI0ITJpNzY4ITRmMTMuMSEzbTMhMW0yITFzMHg0N2FmOTNiN2I4OWJmYWNmJTNBMHg0ZGNkZjA3ZjRkMjM3ZmY4ITJzQXV0b3N0YWR0ITVlMCEzbTIhMXNkZSEyc2RlITR2MTY5MjYyNDgzNzE0OCE1bTIhMXNkZSEyc2RlIiB3aWR0aD0iNjAwIiBoZWlnaHQ9IjQ1MCIgc3R5bGU9ImJvcmRlcjowOyIgYWxsb3dmdWxsc2NyZWVuPSIiIGxvYWRpbmc9ImxhenkiIHJlZmVycmVycG9saWN5PSJuby1yZWZlcnJlci13aGVuLWRvd25ncmFkZSI+PC9pZnJhbWU+\"><div class=\"brlbs-cmpnt-cb-preset-b brlbs-cmpnt-cb-google-maps\"> <div class=\"brlbs-cmpnt-cb-thumbnail\" style=\"background-image: url('https:\/\/9staedte.de\/wp-content\/uploads\/borlabs-cookie\/1\/brlbs-cb-google-maps-main.png')\"><\/div> <div class=\"brlbs-cmpnt-cb-main\"> <div class=\"brlbs-cmpnt-cb-content\"> <p class=\"brlbs-cmpnt-cb-description\">Aktualnie wy\u015bwietlana jest tre\u015b\u0107 zast\u0119pcza z <strong>Google Maps<\/strong>. Aby uzyska\u0107 dost\u0119p do rzeczywistej tre\u015bci, kliknij poni\u017cszy przycisk. Pami\u0119taj, \u017ce spowoduje to udost\u0119pnienie danych zewn\u0119trznym operatorom.<\/p> <a class=\"brlbs-cmpnt-cb-provider-toggle\" href=\"#\" data-borlabs-cookie-show-provider-information role=\"button\">Wi\u0119cej informacji<\/a> <\/div> <div class=\"brlbs-cmpnt-cb-buttons\"> <a class=\"brlbs-cmpnt-cb-btn\" href=\"#\" data-borlabs-cookie-unblock role=\"button\">Odblokuj tre\u015b\u0107<\/a> <a class=\"brlbs-cmpnt-cb-btn\" href=\"#\" data-borlabs-cookie-accept-service role=\"button\" style=\"display: inherit\">Zaakceptuj wymagan\u0105 us\u0142ug\u0119 i odblokuj tre\u015b\u0107<\/a> <\/div> <\/div> <\/div><\/div>\n\n<div style=\"height:30px\" aria-hidden=\"true\" class=\"wp-block-spacer\"><\/div>\n","protected":false},"excerpt":{"rendered":"<p>Zimowa kraina czar\u00f3w i jarmark bo\u017conarodzeniowy w Autostadt Kiedy dni staj\u0105 si\u0119 kr\u00f3tsze, dla wielu zaczyna si\u0119 najpi\u0119kniejszy czas w roku &#8211; i mo\u017cesz naprawd\u0119 cieszy\u0107 si\u0119 tym czasem w Zimowym \u015awiecie Autostadt: ze \u015bwi\u0105tecznie udekorowanym parkiem, ogromnym lodowiskiem, tradycyjnym jarmarkiem zimowym i nie tylko.Prze\u017cyj akcj\u0119 na \u015bniegu i lodzie lub sp\u0119d\u017a kontemplacyjne, pi\u0119kne chwile [&hellip;]<\/p>\n","protected":false},"author":6,"featured_media":15190,"parent":0,"menu_order":0,"comment_status":"closed","ping_status":"closed","template":"","meta":{"_acf_changed":false,"footnotes":""},"categories":[],"tags":[],"ncap_cities_tax":[486,557],"class_list":["post-16970","page","type-page","status-publish","has-post-thumbnail","hentry","ncap_cities_tax-autostadt-pl","ncap_cities_tax-weihnachtsmarkte-autostadt-pl"],"acf":[],"yoast_head":"<!-- This site is optimized with the Yoast SEO plugin v26.8 - https:\/\/yoast.com\/product\/yoast-seo-wordpress\/ -->\n<title>Zimowy \u015bwiat w Autostadt w Wolfsburgu - 9 St\u00e4dte in Niedersachsen<\/title>\n<meta name=\"description\" content=\"Zimowy \u015bwiat w Autostadt w Wolfsburgu: zimowa kraina czar\u00f3w ze \u015bwi\u0105tecznie udekorowanym parkiem, lodowiskiem i zimowym targiem\" \/>\n<meta name=\"robots\" content=\"index, follow, max-snippet:-1, max-image-preview:large, max-video-preview:-1\" \/>\n<link rel=\"canonical\" href=\"https:\/\/9staedte.de\/pl\/zimowy-swiat-w-autostadt-w-wolfsburgu\/\" \/>\n<meta property=\"og:locale\" content=\"pl_PL\" \/>\n<meta property=\"og:type\" content=\"article\" \/>\n<meta property=\"og:title\" content=\"Zimowy \u015bwiat w Autostadt w Wolfsburgu - 9 St\u00e4dte in Niedersachsen\" \/>\n<meta property=\"og:description\" content=\"Zimowy \u015bwiat w Autostadt w Wolfsburgu: zimowa kraina czar\u00f3w ze \u015bwi\u0105tecznie udekorowanym parkiem, lodowiskiem i zimowym targiem\" \/>\n<meta property=\"og:url\" content=\"https:\/\/9staedte.de\/pl\/zimowy-swiat-w-autostadt-w-wolfsburgu\/\" \/>\n<meta property=\"og:site_name\" content=\"9 St\u00e4dte in Niedersachsen\" \/>\n<meta property=\"article:modified_time\" content=\"2026-01-05T09:46:59+00:00\" \/>\n<meta property=\"og:image\" content=\"https:\/\/9staedte.de\/wp-content\/uploads\/2023\/07\/Winter-in-der-Autostadt_Credit-Michael-Jungblut.jpg\" \/>\n\t<meta property=\"og:image:width\" content=\"1020\" \/>\n\t<meta property=\"og:image:height\" content=\"561\" \/>\n\t<meta property=\"og:image:type\" content=\"image\/jpeg\" \/>\n<meta name=\"twitter:card\" content=\"summary_large_image\" \/>\n<script type=\"application\/ld+json\" class=\"yoast-schema-graph\">{\"@context\":\"https:\/\/schema.org\",\"@graph\":[{\"@type\":\"WebPage\",\"@id\":\"https:\/\/9staedte.de\/pl\/zimowy-swiat-w-autostadt-w-wolfsburgu\/\",\"url\":\"https:\/\/9staedte.de\/pl\/zimowy-swiat-w-autostadt-w-wolfsburgu\/\",\"name\":\"Zimowy \u015bwiat w Autostadt w Wolfsburgu - 9 St\u00e4dte in Niedersachsen\",\"isPartOf\":{\"@id\":\"https:\/\/9staedte.de\/pl\/#website\"},\"primaryImageOfPage\":{\"@id\":\"https:\/\/9staedte.de\/pl\/zimowy-swiat-w-autostadt-w-wolfsburgu\/#primaryimage\"},\"image\":{\"@id\":\"https:\/\/9staedte.de\/pl\/zimowy-swiat-w-autostadt-w-wolfsburgu\/#primaryimage\"},\"thumbnailUrl\":\"https:\/\/9staedte.de\/wp-content\/uploads\/2023\/07\/Winter-in-der-Autostadt_Credit-Michael-Jungblut.jpg\",\"datePublished\":\"2023-11-02T08:46:24+00:00\",\"dateModified\":\"2026-01-05T09:46:59+00:00\",\"description\":\"Zimowy \u015bwiat w Autostadt w Wolfsburgu: zimowa kraina czar\u00f3w ze \u015bwi\u0105tecznie udekorowanym parkiem, lodowiskiem i zimowym targiem\",\"breadcrumb\":{\"@id\":\"https:\/\/9staedte.de\/pl\/zimowy-swiat-w-autostadt-w-wolfsburgu\/#breadcrumb\"},\"inLanguage\":\"pl-PL\",\"potentialAction\":[{\"@type\":\"ReadAction\",\"target\":[\"https:\/\/9staedte.de\/pl\/zimowy-swiat-w-autostadt-w-wolfsburgu\/\"]}]},{\"@type\":\"ImageObject\",\"inLanguage\":\"pl-PL\",\"@id\":\"https:\/\/9staedte.de\/pl\/zimowy-swiat-w-autostadt-w-wolfsburgu\/#primaryimage\",\"url\":\"https:\/\/9staedte.de\/wp-content\/uploads\/2023\/07\/Winter-in-der-Autostadt_Credit-Michael-Jungblut.jpg\",\"contentUrl\":\"https:\/\/9staedte.de\/wp-content\/uploads\/2023\/07\/Winter-in-der-Autostadt_Credit-Michael-Jungblut.jpg\",\"width\":1020,\"height\":561,\"caption\":\"Winter in der Autostadt_Credit Michael Jungblut\"},{\"@type\":\"BreadcrumbList\",\"@id\":\"https:\/\/9staedte.de\/pl\/zimowy-swiat-w-autostadt-w-wolfsburgu\/#breadcrumb\",\"itemListElement\":[{\"@type\":\"ListItem\",\"position\":1,\"name\":\"Startseite\",\"item\":\"https:\/\/9staedte.de\/pl\/\"},{\"@type\":\"ListItem\",\"position\":2,\"name\":\"Zimowy \u015bwiat w Autostadt w Wolfsburgu\"}]},{\"@type\":\"WebSite\",\"@id\":\"https:\/\/9staedte.de\/pl\/#website\",\"url\":\"https:\/\/9staedte.de\/pl\/\",\"name\":\"9 St\u00e4dte in Niedersachsen\",\"description\":\"\",\"publisher\":{\"@id\":\"https:\/\/9staedte.de\/pl\/#organization\"},\"potentialAction\":[{\"@type\":\"SearchAction\",\"target\":{\"@type\":\"EntryPoint\",\"urlTemplate\":\"https:\/\/9staedte.de\/pl\/?s={search_term_string}\"},\"query-input\":{\"@type\":\"PropertyValueSpecification\",\"valueRequired\":true,\"valueName\":\"search_term_string\"}}],\"inLanguage\":\"pl-PL\"},{\"@type\":\"Organization\",\"@id\":\"https:\/\/9staedte.de\/pl\/#organization\",\"name\":\"9 St\u00e4dte in Niedersachsen\",\"url\":\"https:\/\/9staedte.de\/pl\/\",\"logo\":{\"@type\":\"ImageObject\",\"inLanguage\":\"pl-PL\",\"@id\":\"https:\/\/9staedte.de\/pl\/#\/schema\/logo\/image\/\",\"url\":\"https:\/\/9staedte.de\/wp-content\/uploads\/2025\/01\/9-neg-deutsch-2-1.png\",\"contentUrl\":\"https:\/\/9staedte.de\/wp-content\/uploads\/2025\/01\/9-neg-deutsch-2-1.png\",\"width\":190,\"height\":114,\"caption\":\"9 St\u00e4dte in Niedersachsen\"},\"image\":{\"@id\":\"https:\/\/9staedte.de\/pl\/#\/schema\/logo\/image\/\"}}]}<\/script>\n<!-- \/ Yoast SEO plugin. -->","yoast_head_json":{"title":"Zimowy \u015bwiat w Autostadt w Wolfsburgu - 9 St\u00e4dte in Niedersachsen","description":"Zimowy \u015bwiat w Autostadt w Wolfsburgu: zimowa kraina czar\u00f3w ze \u015bwi\u0105tecznie udekorowanym parkiem, lodowiskiem i zimowym targiem","robots":{"index":"index","follow":"follow","max-snippet":"max-snippet:-1","max-image-preview":"max-image-preview:large","max-video-preview":"max-video-preview:-1"},"canonical":"https:\/\/9staedte.de\/pl\/zimowy-swiat-w-autostadt-w-wolfsburgu\/","og_locale":"pl_PL","og_type":"article","og_title":"Zimowy \u015bwiat w Autostadt w Wolfsburgu - 9 St\u00e4dte in Niedersachsen","og_description":"Zimowy \u015bwiat w Autostadt w Wolfsburgu: zimowa kraina czar\u00f3w ze \u015bwi\u0105tecznie udekorowanym parkiem, lodowiskiem i zimowym targiem","og_url":"https:\/\/9staedte.de\/pl\/zimowy-swiat-w-autostadt-w-wolfsburgu\/","og_site_name":"9 St\u00e4dte in Niedersachsen","article_modified_time":"2026-01-05T09:46:59+00:00","og_image":[{"width":1020,"height":561,"url":"https:\/\/9staedte.de\/wp-content\/uploads\/2023\/07\/Winter-in-der-Autostadt_Credit-Michael-Jungblut.jpg","type":"image\/jpeg"}],"twitter_card":"summary_large_image","schema":{"@context":"https:\/\/schema.org","@graph":[{"@type":"WebPage","@id":"https:\/\/9staedte.de\/pl\/zimowy-swiat-w-autostadt-w-wolfsburgu\/","url":"https:\/\/9staedte.de\/pl\/zimowy-swiat-w-autostadt-w-wolfsburgu\/","name":"Zimowy \u015bwiat w Autostadt w Wolfsburgu - 9 St\u00e4dte in Niedersachsen","isPartOf":{"@id":"https:\/\/9staedte.de\/pl\/#website"},"primaryImageOfPage":{"@id":"https:\/\/9staedte.de\/pl\/zimowy-swiat-w-autostadt-w-wolfsburgu\/#primaryimage"},"image":{"@id":"https:\/\/9staedte.de\/pl\/zimowy-swiat-w-autostadt-w-wolfsburgu\/#primaryimage"},"thumbnailUrl":"https:\/\/9staedte.de\/wp-content\/uploads\/2023\/07\/Winter-in-der-Autostadt_Credit-Michael-Jungblut.jpg","datePublished":"2023-11-02T08:46:24+00:00","dateModified":"2026-01-05T09:46:59+00:00","description":"Zimowy \u015bwiat w Autostadt w Wolfsburgu: zimowa kraina czar\u00f3w ze \u015bwi\u0105tecznie udekorowanym parkiem, lodowiskiem i zimowym targiem","breadcrumb":{"@id":"https:\/\/9staedte.de\/pl\/zimowy-swiat-w-autostadt-w-wolfsburgu\/#breadcrumb"},"inLanguage":"pl-PL","potentialAction":[{"@type":"ReadAction","target":["https:\/\/9staedte.de\/pl\/zimowy-swiat-w-autostadt-w-wolfsburgu\/"]}]},{"@type":"ImageObject","inLanguage":"pl-PL","@id":"https:\/\/9staedte.de\/pl\/zimowy-swiat-w-autostadt-w-wolfsburgu\/#primaryimage","url":"https:\/\/9staedte.de\/wp-content\/uploads\/2023\/07\/Winter-in-der-Autostadt_Credit-Michael-Jungblut.jpg","contentUrl":"https:\/\/9staedte.de\/wp-content\/uploads\/2023\/07\/Winter-in-der-Autostadt_Credit-Michael-Jungblut.jpg","width":1020,"height":561,"caption":"Winter in der Autostadt_Credit Michael Jungblut"},{"@type":"BreadcrumbList","@id":"https:\/\/9staedte.de\/pl\/zimowy-swiat-w-autostadt-w-wolfsburgu\/#breadcrumb","itemListElement":[{"@type":"ListItem","position":1,"name":"Startseite","item":"https:\/\/9staedte.de\/pl\/"},{"@type":"ListItem","position":2,"name":"Zimowy \u015bwiat w Autostadt w Wolfsburgu"}]},{"@type":"WebSite","@id":"https:\/\/9staedte.de\/pl\/#website","url":"https:\/\/9staedte.de\/pl\/","name":"9 St\u00e4dte in Niedersachsen","description":"","publisher":{"@id":"https:\/\/9staedte.de\/pl\/#organization"},"potentialAction":[{"@type":"SearchAction","target":{"@type":"EntryPoint","urlTemplate":"https:\/\/9staedte.de\/pl\/?s={search_term_string}"},"query-input":{"@type":"PropertyValueSpecification","valueRequired":true,"valueName":"search_term_string"}}],"inLanguage":"pl-PL"},{"@type":"Organization","@id":"https:\/\/9staedte.de\/pl\/#organization","name":"9 St\u00e4dte in Niedersachsen","url":"https:\/\/9staedte.de\/pl\/","logo":{"@type":"ImageObject","inLanguage":"pl-PL","@id":"https:\/\/9staedte.de\/pl\/#\/schema\/logo\/image\/","url":"https:\/\/9staedte.de\/wp-content\/uploads\/2025\/01\/9-neg-deutsch-2-1.png","contentUrl":"https:\/\/9staedte.de\/wp-content\/uploads\/2025\/01\/9-neg-deutsch-2-1.png","width":190,"height":114,"caption":"9 St\u00e4dte in Niedersachsen"},"image":{"@id":"https:\/\/9staedte.de\/pl\/#\/schema\/logo\/image\/"}}]}},"_links":{"self":[{"href":"https:\/\/9staedte.de\/pl\/wp-json\/wp\/v2\/pages\/16970","targetHints":{"allow":["GET"]}}],"collection":[{"href":"https:\/\/9staedte.de\/pl\/wp-json\/wp\/v2\/pages"}],"about":[{"href":"https:\/\/9staedte.de\/pl\/wp-json\/wp\/v2\/types\/page"}],"author":[{"embeddable":true,"href":"https:\/\/9staedte.de\/pl\/wp-json\/wp\/v2\/users\/6"}],"replies":[{"embeddable":true,"href":"https:\/\/9staedte.de\/pl\/wp-json\/wp\/v2\/comments?post=16970"}],"version-history":[{"count":2,"href":"https:\/\/9staedte.de\/pl\/wp-json\/wp\/v2\/pages\/16970\/revisions"}],"predecessor-version":[{"id":27000,"href":"https:\/\/9staedte.de\/pl\/wp-json\/wp\/v2\/pages\/16970\/revisions\/27000"}],"wp:featuredmedia":[{"embeddable":true,"href":"https:\/\/9staedte.de\/pl\/wp-json\/wp\/v2\/media\/15190"}],"wp:attachment":[{"href":"https:\/\/9staedte.de\/pl\/wp-json\/wp\/v2\/media?parent=16970"}],"wp:term":[{"taxonomy":"category","embeddable":true,"href":"https:\/\/9staedte.de\/pl\/wp-json\/wp\/v2\/categories?post=16970"},{"taxonomy":"post_tag","embeddable":true,"href":"https:\/\/9staedte.de\/pl\/wp-json\/wp\/v2\/tags?post=16970"},{"taxonomy":"ncap_cities_tax","embeddable":true,"href":"https:\/\/9staedte.de\/pl\/wp-json\/wp\/v2\/ncap_cities_tax?post=16970"}],"curies":[{"name":"wp","href":"https:\/\/api.w.org\/{rel}","templated":true}]}}