{"id":16968,"date":"2023-11-02T09:46:24","date_gmt":"2023-11-02T08:46:24","guid":{"rendered":"https:\/\/9staedte.de\/wskazowki-dotyczace-konferencji-w-wolfenbuettel\/"},"modified":"2023-11-02T09:46:24","modified_gmt":"2023-11-02T08:46:24","slug":"wskazowki-dotyczace-konferencji-w-wolfenbuettel","status":"publish","type":"page","link":"https:\/\/9staedte.de\/pl\/wskazowki-dotyczace-konferencji-w-wolfenbuettel\/","title":{"rendered":"Wskaz\u00f3wki dotycz\u0105ce konferencji w Wolfenb\u00fcttel:"},"content":{"rendered":"\n<p><strong>Spotkania w zamku Wolfenb\u00fcttel<\/strong><br>Zorganizuj konferencj\u0119 w drugim co do wielko\u015bci zamku w Dolnej Saksonii i zamieszkaj w nim jak niegdy\u015b ksi\u0105\u017c\u0119ta Guelph. Oferujemy zabytkowe pomieszczenia oraz odpowiednie i niezapomniane programy towarzyskie w bezpo\u015brednim centrum Wolfenb\u00fcttel.<\/p>\n\n\n\n<p><strong>Kongresy w Lindenhalle Wolfenb\u00fcttel<\/strong><br>Najlepszy adres na konferencje i kongresy w klasycznym, ale nowoczesnym stylu. Jako najwi\u0119ksze centrum eventowe w Wolfenb\u00fcttel, Lindenhalle oferuje wysoki stopie\u0144 elastyczno\u015bci, najnowocze\u015bniejszy sprz\u0119t i odpowiedni\u0105 infrastruktur\u0119.<\/p>\n\n\n\n<p><strong>Natura i nowoczesno\u015b\u0107 w Jugendg\u00e4stehaus Wolfenb\u00fcttel<\/strong><br>Jugendg\u00e4stehaus Wolfenb\u00fcttel znajduje si\u0119 w centrum miasta Wolfenb\u00fcttel i oferuje r\u00f3\u017cne sale konferencyjne i zakwaterowanie, a tak\u017ce bezpo\u015bredni dost\u0119p do naszego parku miejskiego, Seeligerpark, gdzie jest du\u017co miejsca na zaj\u0119cia na \u015bwie\u017cym powietrzu, o\u017cywione dyskusje i dobre decyzje.<\/p>\n\n\n\n<p><strong>Kommisse &#8230; niezwyk\u0142e konferencje w historycznym otoczeniu<\/strong><br>Kommisse Wolfenb\u00fcttel to stary, tradycyjny budynek po\u0142o\u017cony w centrum miasta Wolfenb\u00fcttel. Zbudowany jako m\u0142yn, zosta\u0142 oddany do u\u017cytku ksi\u0105\u017c\u0105t Guelph i od tego czasu s\u0142u\u017cy\u0142 jako magazyn handlowy, a tak\u017ce dom gier i wesel. Dzi\u015b wiernie odrestaurowane pokoje oferuj\u0105 idealn\u0105 okazj\u0119 do przekszta\u0142cenia ka\u017cdego wydarzenia w atrakcj\u0119.<\/p>\n\n\n\n<p><strong>Indywidualne programy spo\u0142eczne<\/strong><br>Wraz z nasz\u0105 informacj\u0105 turystyczn\u0105 z przyjemno\u015bci\u0105 zorganizujemy odpowiedni program wspieraj\u0105cy konferencj\u0119 lub kongres. Wycieczki kulinarne po starym mie\u015bcie, zaj\u0119cia sportowe jako \u015brodek budowania zespo\u0142u, wieczorne spacery J\u00e4germeister i wiele wi\u0119cej mo\u017cna r\u00f3wnie\u017c zorganizowa\u0107 indywidualnie dla Ciebie.<\/p>\n\n\n\n<p><strong>Catering wed\u0142ug \u017cyczenia!<\/strong><br>Oferujemy najlepsz\u0105 mo\u017cliw\u0105 obs\u0142ug\u0119 go\u015bci. Projektujemy catering dla Twoich go\u015bci ca\u0142kowicie indywidualnie, zgodnie z Twoimi \u017cyczeniami. Dzi\u0119ki wybranym i zr\u00f3\u017cnicowanym partnerom catering przyczyni si\u0119 do sukcesu Twojego wydarzenia.<br>Pakiety na ka\u017cde \u017cyczenie<br>Nasze r\u00f3\u017cne pakiety konferencyjne oferuj\u0105 dobr\u0105 okazj\u0119 dla ka\u017cdego wydarzenia, aby utrzyma\u0107 koszty pod kontrol\u0105, ale nadal nie musie\u0107 rezygnowa\u0107 z niczego. Mo\u017cemy r\u00f3wnie\u017c zapewni\u0107 indywidualn\u0105 ofert\u0119 all-inclusive zgodnie z Twoimi \u017cyczeniami.<\/p>\n\n\n\n<p><strong>Wielodniowe konferencje na ka\u017cd\u0105 kiesze\u0144<\/strong><br>W przypadku wydarze\u0144 trwaj\u0105cych kilka dni zapewniamy wsparcie w zakresie zakwaterowania uczestnik\u00f3w. Dla uczestnik\u00f3w zwracaj\u0105cych uwag\u0119 na cen\u0119, w pensjonacie m\u0142odzie\u017cowym dost\u0119pnych jest do 131 miejsc noclegowych w nowoczesnych i funkcjonalnych pokojach od jedno- do czteroosobowych. Dzi\u0119ki dobrej sieci w regionie mo\u017cemy r\u00f3wnie\u017c zorganizowa\u0107 dla Ciebie 5-gwiazdkowy hotel.<\/p>\n","protected":false},"excerpt":{"rendered":"<p>Spotkania w zamku Wolfenb\u00fcttelZorganizuj konferencj\u0119 w drugim co do wielko\u015bci zamku w Dolnej Saksonii i zamieszkaj w nim jak niegdy\u015b ksi\u0105\u017c\u0119ta Guelph. Oferujemy zabytkowe pomieszczenia oraz odpowiednie i niezapomniane programy towarzyskie w bezpo\u015brednim centrum Wolfenb\u00fcttel. Kongresy w Lindenhalle Wolfenb\u00fcttelNajlepszy adres na konferencje i kongresy w klasycznym, ale nowoczesnym stylu. Jako najwi\u0119ksze centrum eventowe w Wolfenb\u00fcttel, [&hellip;]<\/p>\n","protected":false},"author":6,"featured_media":16972,"parent":0,"menu_order":0,"comment_status":"closed","ping_status":"closed","template":"","meta":{"_acf_changed":false,"footnotes":""},"categories":[],"tags":[],"ncap_cities_tax":[473],"class_list":["post-16968","page","type-page","status-publish","has-post-thumbnail","hentry","ncap_cities_tax-wolfenbuettel-pl"],"acf":[],"yoast_head":"<!-- This site is optimized with the Yoast SEO plugin v26.8 - https:\/\/yoast.com\/product\/yoast-seo-wordpress\/ -->\n<title>Wskaz\u00f3wki dotycz\u0105ce konferencji w Wolfenb\u00fcttel: - 9 St\u00e4dte in Niedersachsen<\/title>\n<meta name=\"robots\" content=\"index, follow, max-snippet:-1, max-image-preview:large, max-video-preview:-1\" \/>\n<link rel=\"canonical\" href=\"https:\/\/9staedte.de\/pl\/wskazowki-dotyczace-konferencji-w-wolfenbuettel\/\" \/>\n<meta property=\"og:locale\" content=\"pl_PL\" \/>\n<meta property=\"og:type\" content=\"article\" \/>\n<meta property=\"og:title\" content=\"Wskaz\u00f3wki dotycz\u0105ce konferencji w Wolfenb\u00fcttel: - 9 St\u00e4dte in Niedersachsen\" \/>\n<meta property=\"og:description\" content=\"Spotkania w zamku Wolfenb\u00fcttelZorganizuj konferencj\u0119 w drugim co do wielko\u015bci zamku w Dolnej Saksonii i zamieszkaj w nim jak niegdy\u015b ksi\u0105\u017c\u0119ta Guelph. Oferujemy zabytkowe pomieszczenia oraz odpowiednie i niezapomniane programy towarzyskie w bezpo\u015brednim centrum Wolfenb\u00fcttel. Kongresy w Lindenhalle Wolfenb\u00fcttelNajlepszy adres na konferencje i kongresy w klasycznym, ale nowoczesnym stylu. Jako najwi\u0119ksze centrum eventowe w Wolfenb\u00fcttel, [&hellip;]\" \/>\n<meta property=\"og:url\" content=\"https:\/\/9staedte.de\/pl\/wskazowki-dotyczace-konferencji-w-wolfenbuettel\/\" \/>\n<meta property=\"og:site_name\" content=\"9 St\u00e4dte in Niedersachsen\" \/>\n<meta name=\"twitter:card\" content=\"summary_large_image\" \/>\n<meta name=\"twitter:label1\" content=\"Szacowany czas czytania\" \/>\n\t<meta name=\"twitter:data1\" content=\"2 minuty\" \/>\n<script type=\"application\/ld+json\" class=\"yoast-schema-graph\">{\"@context\":\"https:\/\/schema.org\",\"@graph\":[{\"@type\":\"WebPage\",\"@id\":\"https:\/\/9staedte.de\/pl\/wskazowki-dotyczace-konferencji-w-wolfenbuettel\/\",\"url\":\"https:\/\/9staedte.de\/pl\/wskazowki-dotyczace-konferencji-w-wolfenbuettel\/\",\"name\":\"Wskaz\u00f3wki dotycz\u0105ce konferencji w Wolfenb\u00fcttel: - 9 St\u00e4dte in Niedersachsen\",\"isPartOf\":{\"@id\":\"https:\/\/9staedte.de\/pl\/#website\"},\"primaryImageOfPage\":{\"@id\":\"https:\/\/9staedte.de\/pl\/wskazowki-dotyczace-konferencji-w-wolfenbuettel\/#primaryimage\"},\"image\":{\"@id\":\"https:\/\/9staedte.de\/pl\/wskazowki-dotyczace-konferencji-w-wolfenbuettel\/#primaryimage\"},\"thumbnailUrl\":\"https:\/\/9staedte.de\/wp-content\/uploads\/2023\/03\/Lindenhalle-c-Susanne-Huebner.jpg\",\"datePublished\":\"2023-11-02T08:46:24+00:00\",\"breadcrumb\":{\"@id\":\"https:\/\/9staedte.de\/pl\/wskazowki-dotyczace-konferencji-w-wolfenbuettel\/#breadcrumb\"},\"inLanguage\":\"pl-PL\",\"potentialAction\":[{\"@type\":\"ReadAction\",\"target\":[\"https:\/\/9staedte.de\/pl\/wskazowki-dotyczace-konferencji-w-wolfenbuettel\/\"]}]},{\"@type\":\"ImageObject\",\"inLanguage\":\"pl-PL\",\"@id\":\"https:\/\/9staedte.de\/pl\/wskazowki-dotyczace-konferencji-w-wolfenbuettel\/#primaryimage\",\"url\":\"https:\/\/9staedte.de\/wp-content\/uploads\/2023\/03\/Lindenhalle-c-Susanne-Huebner.jpg\",\"contentUrl\":\"https:\/\/9staedte.de\/wp-content\/uploads\/2023\/03\/Lindenhalle-c-Susanne-Huebner.jpg\",\"width\":1019,\"height\":558,\"caption\":\"Lindenhalle Wolfenb\u00fcttel (c) Susanne H\u00fcbner\"},{\"@type\":\"BreadcrumbList\",\"@id\":\"https:\/\/9staedte.de\/pl\/wskazowki-dotyczace-konferencji-w-wolfenbuettel\/#breadcrumb\",\"itemListElement\":[{\"@type\":\"ListItem\",\"position\":1,\"name\":\"Startseite\",\"item\":\"https:\/\/9staedte.de\/pl\/\"},{\"@type\":\"ListItem\",\"position\":2,\"name\":\"Wskaz\u00f3wki dotycz\u0105ce konferencji w Wolfenb\u00fcttel:\"}]},{\"@type\":\"WebSite\",\"@id\":\"https:\/\/9staedte.de\/pl\/#website\",\"url\":\"https:\/\/9staedte.de\/pl\/\",\"name\":\"9 St\u00e4dte in Niedersachsen\",\"description\":\"\",\"publisher\":{\"@id\":\"https:\/\/9staedte.de\/pl\/#organization\"},\"potentialAction\":[{\"@type\":\"SearchAction\",\"target\":{\"@type\":\"EntryPoint\",\"urlTemplate\":\"https:\/\/9staedte.de\/pl\/?s={search_term_string}\"},\"query-input\":{\"@type\":\"PropertyValueSpecification\",\"valueRequired\":true,\"valueName\":\"search_term_string\"}}],\"inLanguage\":\"pl-PL\"},{\"@type\":\"Organization\",\"@id\":\"https:\/\/9staedte.de\/pl\/#organization\",\"name\":\"9 St\u00e4dte in Niedersachsen\",\"url\":\"https:\/\/9staedte.de\/pl\/\",\"logo\":{\"@type\":\"ImageObject\",\"inLanguage\":\"pl-PL\",\"@id\":\"https:\/\/9staedte.de\/pl\/#\/schema\/logo\/image\/\",\"url\":\"https:\/\/9staedte.de\/wp-content\/uploads\/2025\/01\/9-neg-deutsch-2-1.png\",\"contentUrl\":\"https:\/\/9staedte.de\/wp-content\/uploads\/2025\/01\/9-neg-deutsch-2-1.png\",\"width\":190,\"height\":114,\"caption\":\"9 St\u00e4dte in Niedersachsen\"},\"image\":{\"@id\":\"https:\/\/9staedte.de\/pl\/#\/schema\/logo\/image\/\"}}]}<\/script>\n<!-- \/ Yoast SEO plugin. -->","yoast_head_json":{"title":"Wskaz\u00f3wki dotycz\u0105ce konferencji w Wolfenb\u00fcttel: - 9 St\u00e4dte in Niedersachsen","robots":{"index":"index","follow":"follow","max-snippet":"max-snippet:-1","max-image-preview":"max-image-preview:large","max-video-preview":"max-video-preview:-1"},"canonical":"https:\/\/9staedte.de\/pl\/wskazowki-dotyczace-konferencji-w-wolfenbuettel\/","og_locale":"pl_PL","og_type":"article","og_title":"Wskaz\u00f3wki dotycz\u0105ce konferencji w Wolfenb\u00fcttel: - 9 St\u00e4dte in Niedersachsen","og_description":"Spotkania w zamku Wolfenb\u00fcttelZorganizuj konferencj\u0119 w drugim co do wielko\u015bci zamku w Dolnej Saksonii i zamieszkaj w nim jak niegdy\u015b ksi\u0105\u017c\u0119ta Guelph. Oferujemy zabytkowe pomieszczenia oraz odpowiednie i niezapomniane programy towarzyskie w bezpo\u015brednim centrum Wolfenb\u00fcttel. Kongresy w Lindenhalle Wolfenb\u00fcttelNajlepszy adres na konferencje i kongresy w klasycznym, ale nowoczesnym stylu. Jako najwi\u0119ksze centrum eventowe w Wolfenb\u00fcttel, [&hellip;]","og_url":"https:\/\/9staedte.de\/pl\/wskazowki-dotyczace-konferencji-w-wolfenbuettel\/","og_site_name":"9 St\u00e4dte in Niedersachsen","twitter_card":"summary_large_image","twitter_misc":{"Szacowany czas czytania":"2 minuty"},"schema":{"@context":"https:\/\/schema.org","@graph":[{"@type":"WebPage","@id":"https:\/\/9staedte.de\/pl\/wskazowki-dotyczace-konferencji-w-wolfenbuettel\/","url":"https:\/\/9staedte.de\/pl\/wskazowki-dotyczace-konferencji-w-wolfenbuettel\/","name":"Wskaz\u00f3wki dotycz\u0105ce konferencji w Wolfenb\u00fcttel: - 9 St\u00e4dte in Niedersachsen","isPartOf":{"@id":"https:\/\/9staedte.de\/pl\/#website"},"primaryImageOfPage":{"@id":"https:\/\/9staedte.de\/pl\/wskazowki-dotyczace-konferencji-w-wolfenbuettel\/#primaryimage"},"image":{"@id":"https:\/\/9staedte.de\/pl\/wskazowki-dotyczace-konferencji-w-wolfenbuettel\/#primaryimage"},"thumbnailUrl":"https:\/\/9staedte.de\/wp-content\/uploads\/2023\/03\/Lindenhalle-c-Susanne-Huebner.jpg","datePublished":"2023-11-02T08:46:24+00:00","breadcrumb":{"@id":"https:\/\/9staedte.de\/pl\/wskazowki-dotyczace-konferencji-w-wolfenbuettel\/#breadcrumb"},"inLanguage":"pl-PL","potentialAction":[{"@type":"ReadAction","target":["https:\/\/9staedte.de\/pl\/wskazowki-dotyczace-konferencji-w-wolfenbuettel\/"]}]},{"@type":"ImageObject","inLanguage":"pl-PL","@id":"https:\/\/9staedte.de\/pl\/wskazowki-dotyczace-konferencji-w-wolfenbuettel\/#primaryimage","url":"https:\/\/9staedte.de\/wp-content\/uploads\/2023\/03\/Lindenhalle-c-Susanne-Huebner.jpg","contentUrl":"https:\/\/9staedte.de\/wp-content\/uploads\/2023\/03\/Lindenhalle-c-Susanne-Huebner.jpg","width":1019,"height":558,"caption":"Lindenhalle Wolfenb\u00fcttel (c) Susanne H\u00fcbner"},{"@type":"BreadcrumbList","@id":"https:\/\/9staedte.de\/pl\/wskazowki-dotyczace-konferencji-w-wolfenbuettel\/#breadcrumb","itemListElement":[{"@type":"ListItem","position":1,"name":"Startseite","item":"https:\/\/9staedte.de\/pl\/"},{"@type":"ListItem","position":2,"name":"Wskaz\u00f3wki dotycz\u0105ce konferencji w Wolfenb\u00fcttel:"}]},{"@type":"WebSite","@id":"https:\/\/9staedte.de\/pl\/#website","url":"https:\/\/9staedte.de\/pl\/","name":"9 St\u00e4dte in Niedersachsen","description":"","publisher":{"@id":"https:\/\/9staedte.de\/pl\/#organization"},"potentialAction":[{"@type":"SearchAction","target":{"@type":"EntryPoint","urlTemplate":"https:\/\/9staedte.de\/pl\/?s={search_term_string}"},"query-input":{"@type":"PropertyValueSpecification","valueRequired":true,"valueName":"search_term_string"}}],"inLanguage":"pl-PL"},{"@type":"Organization","@id":"https:\/\/9staedte.de\/pl\/#organization","name":"9 St\u00e4dte in Niedersachsen","url":"https:\/\/9staedte.de\/pl\/","logo":{"@type":"ImageObject","inLanguage":"pl-PL","@id":"https:\/\/9staedte.de\/pl\/#\/schema\/logo\/image\/","url":"https:\/\/9staedte.de\/wp-content\/uploads\/2025\/01\/9-neg-deutsch-2-1.png","contentUrl":"https:\/\/9staedte.de\/wp-content\/uploads\/2025\/01\/9-neg-deutsch-2-1.png","width":190,"height":114,"caption":"9 St\u00e4dte in Niedersachsen"},"image":{"@id":"https:\/\/9staedte.de\/pl\/#\/schema\/logo\/image\/"}}]}},"_links":{"self":[{"href":"https:\/\/9staedte.de\/pl\/wp-json\/wp\/v2\/pages\/16968","targetHints":{"allow":["GET"]}}],"collection":[{"href":"https:\/\/9staedte.de\/pl\/wp-json\/wp\/v2\/pages"}],"about":[{"href":"https:\/\/9staedte.de\/pl\/wp-json\/wp\/v2\/types\/page"}],"author":[{"embeddable":true,"href":"https:\/\/9staedte.de\/pl\/wp-json\/wp\/v2\/users\/6"}],"replies":[{"embeddable":true,"href":"https:\/\/9staedte.de\/pl\/wp-json\/wp\/v2\/comments?post=16968"}],"version-history":[{"count":0,"href":"https:\/\/9staedte.de\/pl\/wp-json\/wp\/v2\/pages\/16968\/revisions"}],"wp:featuredmedia":[{"embeddable":true,"href":"https:\/\/9staedte.de\/pl\/wp-json\/wp\/v2\/media\/16972"}],"wp:attachment":[{"href":"https:\/\/9staedte.de\/pl\/wp-json\/wp\/v2\/media?parent=16968"}],"wp:term":[{"taxonomy":"category","embeddable":true,"href":"https:\/\/9staedte.de\/pl\/wp-json\/wp\/v2\/categories?post=16968"},{"taxonomy":"post_tag","embeddable":true,"href":"https:\/\/9staedte.de\/pl\/wp-json\/wp\/v2\/tags?post=16968"},{"taxonomy":"ncap_cities_tax","embeddable":true,"href":"https:\/\/9staedte.de\/pl\/wp-json\/wp\/v2\/ncap_cities_tax?post=16968"}],"curies":[{"name":"wp","href":"https:\/\/api.w.org\/{rel}","templated":true}]}}