{"id":16958,"date":"2023-11-02T09:46:23","date_gmt":"2023-11-02T08:46:23","guid":{"rendered":"https:\/\/9staedte.de\/jarmark-bozonarodzeniowy-w-einbeck\/"},"modified":"2026-03-23T12:58:07","modified_gmt":"2026-03-23T11:58:07","slug":"jarmark-bozonarodzeniowy-w-einbeck","status":"publish","type":"page","link":"https:\/\/9staedte.de\/pl\/einbeck-klasyczne-samochody-domy-z-muru-pruskiego-piwo\/jarmark-bozonarodzeniowy-w-einbeck\/","title":{"rendered":"Jarmark bo\u017conarodzeniowy w Einbeck"},"content":{"rendered":"\n<h2 class=\"wp-block-heading\">Kontemplacyjny nastr\u00f3j w \u015bwi\u0105tecznej wiosce<\/h2>\n\n<p>Ka\u017cdego roku, od ko\u0144ca listopada do ko\u0144ca grudnia, bo\u017conarodzeniowa wioska Einbeck z historycznym szachulcowym t\u0142em zaprasza odwiedzaj\u0105cych, aby wprowadzi\u0107 si\u0119 w \u015bwi\u0105teczny nastr\u00f3j. Niezale\u017cnie od tego, czy chodzi o grzane wino, kulinarne przysmaki czy drobne upominki, ka\u017cdy znajdzie tu to, czego szuka. Lampki \u015bwi\u0105teczne o\u015bwietlaj\u0105 centrum Einbeck, a odwiedzaj\u0105cy mog\u0105 spodziewa\u0107 si\u0119 szerokiej gamy sztuki i rzemios\u0142a, regionalnych specja\u0142\u00f3w i zr\u00f3\u017cnicowanego programu. Wizyta w Einbeck Christmas Village to obietnica niezapomnianych chwil w atmosferze \u015bwi\u0105tecznego oczekiwania.   <\/p>\n\n<p><a href=\"https:\/\/www.einbeck-tourismus.de\/stadtfeste-maerkte-events\">Wi\u0119cej informacji<\/a><\/p>\n\n\n<div class=\"banner-wrapper\">\n  <div class=\"banner-inner \">\n      <div class=\"img-container\">\n      <div class=\"img-wrapper\">\n        <img decoding=\"async\" src=\"https:\/\/9staedte.de\/wp-content\/smush-webp\/2025\/10\/Einbeck-Weihnachtdorf-Fachwerk-\u00a9Spieker-Fotografie.jpg.webp\" alt=\"Na zdj\u0119ciu wida\u0107 jarmark bo\u017conarodzeniowy. Wiele os\u00f3b stoi przy ma\u0142ych drewnianych budkach. Jest du\u017ca choinka ze \u015bwiat\u0142ami. W tle s\u0105 stare i pi\u0119kne domy. Ca\u0142o\u015b\u0107 wygl\u0105da \u015bwi\u0105tecznie i rado\u015bnie.\" \/>\n                  <div class=\"thumbnail-label\">\n            <span>Einbeck Weihnachtdorf Fachwerk \u00a9Spieker Fotografie<\/span>\n          <\/div>\n              <\/div>\n    <\/div>\n        <div class=\"text-container\">\n      <div class=\"content\">\n        <p><strong>9 wskaz\u00f3wek dotycz\u0105cych wizyty na jarmarku bo\u017conarodzeniowym w Einbeck:<\/strong><\/p>\n<ul>\n<li>Skosztuj s\u0142ynnego piwa Einbeck<\/li>\n<li>Towarzyski wiecz\u00f3r na lodowisku do curlingu<\/li>\n<li>Lampki choinkowe z czterema punktami fotograficznymi<\/li>\n<li>Kulinarny prezent od Genuss Kontor Einbeck<\/li>\n<li>Urozmaicony program przed\u015bwi\u0105teczny przez ca\u0142y okres Adwentu<\/li>\n<li>Wizyta w najwi\u0119kszym muzeum klasycznych samochod\u00f3w w Europie, PS.SPEICHER<\/li>\n<li>Do\u015bwiadczenie w druku tradycyjnym w Einbeck Blueprint<\/li>\n<li>\u015aladami tradycji piwowarskich na Szlaku Piwnym Einbeck<\/li>\n<li>Najwi\u0119ksza plenerowa galeria sztuki ulicznej w po\u0142udniowej Dolnej Saksonii w historycznym centrum miasta<\/li>\n<\/ul>\n      <\/div>\n    <\/div>\n    <\/div>\n<\/div>\n\n\n<div style=\"height:49px\" aria-hidden=\"true\" class=\"wp-block-spacer\"><\/div>\n\n<p class=\"h3\"><strong>Jarmark bo\u017conarodzeniowy w Einbeck<\/strong><\/p>\n\n <div class=\"brlbs-cmpnt-container brlbs-cmpnt-content-blocker brlbs-cmpnt-with-individual-styles\" data-borlabs-cookie-content-blocker-id=\"google-maps\" data-borlabs-cookie-content=\"PGlmcmFtZSBzcmM9Imh0dHBzOi8vd3d3Lmdvb2dsZS5jb20vbWFwcy9lbWJlZD9wYj0hMW0xOCExbTEyITFtMyExZDQ3NS40NTA3MDg1NjM1NTExMyEyZDkuODY2NDg4NjgxOTIwODc3ITNkNTEuODE4MzQ5MjA0MDQ0MTMhMm0zITFmMCEyZjAhM2YwITNtMiExaTEwMjQhMmk3NjghNGYxMy4xITNtMyExbTIhMXMweDQ3YmFjZjNiMTcyZjc4MjklM0EweDlmYTdjOWMzNGNmNGIzZWQhMnNNYXJrdHBsYXR6JTIwRWluYmVjayE1ZTAhM20yITFzZGUhMnNkZSE0djE2OTIxODMxNDA2OTMhNW0yITFzZGUhMnNkZSIgd2lkdGg9IjYwMCIgaGVpZ2h0PSI0NTAiIHN0eWxlPSJib3JkZXI6MDsiIGFsbG93ZnVsbHNjcmVlbj0iIiBsb2FkaW5nPSJsYXp5IiByZWZlcnJlcnBvbGljeT0ibm8tcmVmZXJyZXItd2hlbi1kb3duZ3JhZGUiPjwvaWZyYW1lPg==\"><div class=\"brlbs-cmpnt-cb-preset-b brlbs-cmpnt-cb-google-maps\"> <div class=\"brlbs-cmpnt-cb-thumbnail\" style=\"background-image: url('https:\/\/9staedte.de\/wp-content\/uploads\/borlabs-cookie\/1\/brlbs-cb-google-maps-main.png')\"><\/div> <div class=\"brlbs-cmpnt-cb-main\"> <div class=\"brlbs-cmpnt-cb-content\"> <p class=\"brlbs-cmpnt-cb-description\">Aktualnie wy\u015bwietlana jest tre\u015b\u0107 zast\u0119pcza z <strong>Google Maps<\/strong>. Aby uzyska\u0107 dost\u0119p do rzeczywistej tre\u015bci, kliknij poni\u017cszy przycisk. Pami\u0119taj, \u017ce spowoduje to udost\u0119pnienie danych zewn\u0119trznym operatorom.<\/p> <a class=\"brlbs-cmpnt-cb-provider-toggle\" href=\"#\" data-borlabs-cookie-show-provider-information role=\"button\">Wi\u0119cej informacji<\/a> <\/div> <div class=\"brlbs-cmpnt-cb-buttons\"> <a class=\"brlbs-cmpnt-cb-btn\" href=\"#\" data-borlabs-cookie-unblock role=\"button\">Odblokuj tre\u015b\u0107<\/a> <a class=\"brlbs-cmpnt-cb-btn\" href=\"#\" data-borlabs-cookie-accept-service role=\"button\" style=\"display: inherit\">Zaakceptuj wymagan\u0105 us\u0142ug\u0119 i odblokuj tre\u015b\u0107<\/a> <\/div> <\/div> <\/div><\/div>\n","protected":false},"excerpt":{"rendered":"<p>Kontemplacyjny nastr\u00f3j w \u015bwi\u0105tecznej wiosce Ka\u017cdego roku, od ko\u0144ca listopada do ko\u0144ca grudnia, bo\u017conarodzeniowa wioska Einbeck z historycznym szachulcowym t\u0142em zaprasza odwiedzaj\u0105cych, aby wprowadzi\u0107 si\u0119 w \u015bwi\u0105teczny nastr\u00f3j. Niezale\u017cnie od tego, czy chodzi o grzane wino, kulinarne przysmaki czy drobne upominki, ka\u017cdy znajdzie tu to, czego szuka. Lampki \u015bwi\u0105teczne o\u015bwietlaj\u0105 centrum Einbeck, a odwiedzaj\u0105cy mog\u0105 [&hellip;]<\/p>\n","protected":false},"author":1,"featured_media":23425,"parent":18058,"menu_order":0,"comment_status":"closed","ping_status":"closed","template":"pagetemplates\/template-stadtthema.php","meta":{"_acf_changed":false,"footnotes":""},"categories":[],"tags":[],"ncap_cities_tax":[479,549],"class_list":["post-16958","page","type-page","status-publish","has-post-thumbnail","hentry","ncap_cities_tax-einbeck-pl","ncap_cities_tax-weihnachtsmarkte-einbeck-pl"],"acf":[],"yoast_head":"<!-- This site is optimized with the Yoast SEO plugin v27.4 - https:\/\/yoast.com\/product\/yoast-seo-wordpress\/ -->\n<title>Jarmark bo\u017conarodzeniowy w Einbeck - 9 St\u00e4dte in Niedersachsen<\/title>\n<meta name=\"description\" content=\"Ka\u017cdego roku wioska bo\u017conarodzeniowa w Einbeck, po\u0142o\u017cona na tle historycznego muru pruskiego, zaprasza odwiedzaj\u0105cych do wprowadzenia si\u0119 w \u015bwi\u0105teczny nastr\u00f3j.\" \/>\n<meta name=\"robots\" content=\"index, follow, max-snippet:-1, max-image-preview:large, max-video-preview:-1\" \/>\n<link rel=\"canonical\" href=\"https:\/\/9staedte.de\/pl\/einbeck-klasyczne-samochody-domy-z-muru-pruskiego-piwo\/jarmark-bozonarodzeniowy-w-einbeck\/\" \/>\n<meta property=\"og:locale\" content=\"pl_PL\" \/>\n<meta property=\"og:type\" content=\"article\" \/>\n<meta property=\"og:title\" content=\"Jarmark bo\u017conarodzeniowy w Einbeck - 9 St\u00e4dte in Niedersachsen\" \/>\n<meta property=\"og:description\" content=\"Ka\u017cdego roku wioska bo\u017conarodzeniowa w Einbeck, po\u0142o\u017cona na tle historycznego muru pruskiego, zaprasza odwiedzaj\u0105cych do wprowadzenia si\u0119 w \u015bwi\u0105teczny nastr\u00f3j.\" \/>\n<meta property=\"og:url\" content=\"https:\/\/9staedte.de\/pl\/einbeck-klasyczne-samochody-domy-z-muru-pruskiego-piwo\/jarmark-bozonarodzeniowy-w-einbeck\/\" \/>\n<meta property=\"og:site_name\" content=\"9 St\u00e4dte in Niedersachsen\" \/>\n<meta property=\"article:modified_time\" content=\"2026-03-23T11:58:07+00:00\" \/>\n<meta property=\"og:image\" content=\"https:\/\/9staedte.de\/wp-content\/uploads\/2024\/08\/Weihnachtsdorf-Weihnachten-Markt-Winter-\u00a9Spieker-Fotografie-2.jpg\" \/>\n\t<meta property=\"og:image:width\" content=\"1020\" \/>\n\t<meta property=\"og:image:height\" content=\"559\" \/>\n\t<meta property=\"og:image:type\" content=\"image\/jpeg\" \/>\n<meta name=\"twitter:card\" content=\"summary_large_image\" \/>\n<meta name=\"twitter:label1\" content=\"Szacowany czas czytania\" \/>\n\t<meta name=\"twitter:data1\" content=\"1 minuta\" \/>\n<script type=\"application\/ld+json\" class=\"yoast-schema-graph\">{\"@context\":\"https:\\\/\\\/schema.org\",\"@graph\":[{\"@type\":\"WebPage\",\"@id\":\"https:\\\/\\\/9staedte.de\\\/pl\\\/einbeck-klasyczne-samochody-domy-z-muru-pruskiego-piwo\\\/jarmark-bozonarodzeniowy-w-einbeck\\\/\",\"url\":\"https:\\\/\\\/9staedte.de\\\/pl\\\/einbeck-klasyczne-samochody-domy-z-muru-pruskiego-piwo\\\/jarmark-bozonarodzeniowy-w-einbeck\\\/\",\"name\":\"Jarmark bo\u017conarodzeniowy w Einbeck - 9 St\u00e4dte in Niedersachsen\",\"isPartOf\":{\"@id\":\"https:\\\/\\\/9staedte.de\\\/pl\\\/#website\"},\"primaryImageOfPage\":{\"@id\":\"https:\\\/\\\/9staedte.de\\\/pl\\\/einbeck-klasyczne-samochody-domy-z-muru-pruskiego-piwo\\\/jarmark-bozonarodzeniowy-w-einbeck\\\/#primaryimage\"},\"image\":{\"@id\":\"https:\\\/\\\/9staedte.de\\\/pl\\\/einbeck-klasyczne-samochody-domy-z-muru-pruskiego-piwo\\\/jarmark-bozonarodzeniowy-w-einbeck\\\/#primaryimage\"},\"thumbnailUrl\":\"https:\\\/\\\/9staedte.de\\\/wp-content\\\/uploads\\\/2024\\\/08\\\/Weihnachtsdorf-Weihnachten-Markt-Winter-\u00a9Spieker-Fotografie-2.jpg\",\"datePublished\":\"2023-11-02T08:46:23+00:00\",\"dateModified\":\"2026-03-23T11:58:07+00:00\",\"description\":\"Ka\u017cdego roku wioska bo\u017conarodzeniowa w Einbeck, po\u0142o\u017cona na tle historycznego muru pruskiego, zaprasza odwiedzaj\u0105cych do wprowadzenia si\u0119 w \u015bwi\u0105teczny nastr\u00f3j.\",\"breadcrumb\":{\"@id\":\"https:\\\/\\\/9staedte.de\\\/pl\\\/einbeck-klasyczne-samochody-domy-z-muru-pruskiego-piwo\\\/jarmark-bozonarodzeniowy-w-einbeck\\\/#breadcrumb\"},\"inLanguage\":\"pl-PL\",\"potentialAction\":[{\"@type\":\"ReadAction\",\"target\":[\"https:\\\/\\\/9staedte.de\\\/pl\\\/einbeck-klasyczne-samochody-domy-z-muru-pruskiego-piwo\\\/jarmark-bozonarodzeniowy-w-einbeck\\\/\"]}]},{\"@type\":\"ImageObject\",\"inLanguage\":\"pl-PL\",\"@id\":\"https:\\\/\\\/9staedte.de\\\/pl\\\/einbeck-klasyczne-samochody-domy-z-muru-pruskiego-piwo\\\/jarmark-bozonarodzeniowy-w-einbeck\\\/#primaryimage\",\"url\":\"https:\\\/\\\/9staedte.de\\\/wp-content\\\/uploads\\\/2024\\\/08\\\/Weihnachtsdorf-Weihnachten-Markt-Winter-\u00a9Spieker-Fotografie-2.jpg\",\"contentUrl\":\"https:\\\/\\\/9staedte.de\\\/wp-content\\\/uploads\\\/2024\\\/08\\\/Weihnachtsdorf-Weihnachten-Markt-Winter-\u00a9Spieker-Fotografie-2.jpg\",\"width\":1020,\"height\":559,\"caption\":\"Einbeck Weihnachtsdorf, Weihnachten, Markt, Winter, \u00a9Spieker Fotografie (2)\"},{\"@type\":\"BreadcrumbList\",\"@id\":\"https:\\\/\\\/9staedte.de\\\/pl\\\/einbeck-klasyczne-samochody-domy-z-muru-pruskiego-piwo\\\/jarmark-bozonarodzeniowy-w-einbeck\\\/#breadcrumb\",\"itemListElement\":[{\"@type\":\"ListItem\",\"position\":1,\"name\":\"Startseite\",\"item\":\"https:\\\/\\\/9staedte.de\\\/pl\\\/\"},{\"@type\":\"ListItem\",\"position\":2,\"name\":\"Einbeck &#8211; klasyczne samochody, domy z muru pruskiego, piwo\",\"item\":\"https:\\\/\\\/9staedte.de\\\/pl\\\/einbeck-klasyczne-samochody-domy-z-muru-pruskiego-piwo\\\/\"},{\"@type\":\"ListItem\",\"position\":3,\"name\":\"Jarmark bo\u017conarodzeniowy w Einbeck\"}]},{\"@type\":\"WebSite\",\"@id\":\"https:\\\/\\\/9staedte.de\\\/pl\\\/#website\",\"url\":\"https:\\\/\\\/9staedte.de\\\/pl\\\/\",\"name\":\"9 St\u00e4dte in Niedersachsen\",\"description\":\"\",\"publisher\":{\"@id\":\"https:\\\/\\\/9staedte.de\\\/pl\\\/#organization\"},\"potentialAction\":[{\"@type\":\"SearchAction\",\"target\":{\"@type\":\"EntryPoint\",\"urlTemplate\":\"https:\\\/\\\/9staedte.de\\\/pl\\\/?s={search_term_string}\"},\"query-input\":{\"@type\":\"PropertyValueSpecification\",\"valueRequired\":true,\"valueName\":\"search_term_string\"}}],\"inLanguage\":\"pl-PL\"},{\"@type\":\"Organization\",\"@id\":\"https:\\\/\\\/9staedte.de\\\/pl\\\/#organization\",\"name\":\"9 St\u00e4dte in Niedersachsen\",\"url\":\"https:\\\/\\\/9staedte.de\\\/pl\\\/\",\"logo\":{\"@type\":\"ImageObject\",\"inLanguage\":\"pl-PL\",\"@id\":\"https:\\\/\\\/9staedte.de\\\/pl\\\/#\\\/schema\\\/logo\\\/image\\\/\",\"url\":\"https:\\\/\\\/9staedte.de\\\/wp-content\\\/uploads\\\/2025\\\/01\\\/9-neg-deutsch-2-1.png\",\"contentUrl\":\"https:\\\/\\\/9staedte.de\\\/wp-content\\\/uploads\\\/2025\\\/01\\\/9-neg-deutsch-2-1.png\",\"width\":190,\"height\":114,\"caption\":\"9 St\u00e4dte in Niedersachsen\"},\"image\":{\"@id\":\"https:\\\/\\\/9staedte.de\\\/pl\\\/#\\\/schema\\\/logo\\\/image\\\/\"}}]}<\/script>\n<!-- \/ Yoast SEO plugin. -->","yoast_head_json":{"title":"Jarmark bo\u017conarodzeniowy w Einbeck - 9 St\u00e4dte in Niedersachsen","description":"Ka\u017cdego roku wioska bo\u017conarodzeniowa w Einbeck, po\u0142o\u017cona na tle historycznego muru pruskiego, zaprasza odwiedzaj\u0105cych do wprowadzenia si\u0119 w \u015bwi\u0105teczny nastr\u00f3j.","robots":{"index":"index","follow":"follow","max-snippet":"max-snippet:-1","max-image-preview":"max-image-preview:large","max-video-preview":"max-video-preview:-1"},"canonical":"https:\/\/9staedte.de\/pl\/einbeck-klasyczne-samochody-domy-z-muru-pruskiego-piwo\/jarmark-bozonarodzeniowy-w-einbeck\/","og_locale":"pl_PL","og_type":"article","og_title":"Jarmark bo\u017conarodzeniowy w Einbeck - 9 St\u00e4dte in Niedersachsen","og_description":"Ka\u017cdego roku wioska bo\u017conarodzeniowa w Einbeck, po\u0142o\u017cona na tle historycznego muru pruskiego, zaprasza odwiedzaj\u0105cych do wprowadzenia si\u0119 w \u015bwi\u0105teczny nastr\u00f3j.","og_url":"https:\/\/9staedte.de\/pl\/einbeck-klasyczne-samochody-domy-z-muru-pruskiego-piwo\/jarmark-bozonarodzeniowy-w-einbeck\/","og_site_name":"9 St\u00e4dte in Niedersachsen","article_modified_time":"2026-03-23T11:58:07+00:00","og_image":[{"width":1020,"height":559,"url":"https:\/\/9staedte.de\/wp-content\/uploads\/2024\/08\/Weihnachtsdorf-Weihnachten-Markt-Winter-\u00a9Spieker-Fotografie-2.jpg","type":"image\/jpeg"}],"twitter_card":"summary_large_image","twitter_misc":{"Szacowany czas czytania":"1 minuta"},"schema":{"@context":"https:\/\/schema.org","@graph":[{"@type":"WebPage","@id":"https:\/\/9staedte.de\/pl\/einbeck-klasyczne-samochody-domy-z-muru-pruskiego-piwo\/jarmark-bozonarodzeniowy-w-einbeck\/","url":"https:\/\/9staedte.de\/pl\/einbeck-klasyczne-samochody-domy-z-muru-pruskiego-piwo\/jarmark-bozonarodzeniowy-w-einbeck\/","name":"Jarmark bo\u017conarodzeniowy w Einbeck - 9 St\u00e4dte in Niedersachsen","isPartOf":{"@id":"https:\/\/9staedte.de\/pl\/#website"},"primaryImageOfPage":{"@id":"https:\/\/9staedte.de\/pl\/einbeck-klasyczne-samochody-domy-z-muru-pruskiego-piwo\/jarmark-bozonarodzeniowy-w-einbeck\/#primaryimage"},"image":{"@id":"https:\/\/9staedte.de\/pl\/einbeck-klasyczne-samochody-domy-z-muru-pruskiego-piwo\/jarmark-bozonarodzeniowy-w-einbeck\/#primaryimage"},"thumbnailUrl":"https:\/\/9staedte.de\/wp-content\/uploads\/2024\/08\/Weihnachtsdorf-Weihnachten-Markt-Winter-\u00a9Spieker-Fotografie-2.jpg","datePublished":"2023-11-02T08:46:23+00:00","dateModified":"2026-03-23T11:58:07+00:00","description":"Ka\u017cdego roku wioska bo\u017conarodzeniowa w Einbeck, po\u0142o\u017cona na tle historycznego muru pruskiego, zaprasza odwiedzaj\u0105cych do wprowadzenia si\u0119 w \u015bwi\u0105teczny nastr\u00f3j.","breadcrumb":{"@id":"https:\/\/9staedte.de\/pl\/einbeck-klasyczne-samochody-domy-z-muru-pruskiego-piwo\/jarmark-bozonarodzeniowy-w-einbeck\/#breadcrumb"},"inLanguage":"pl-PL","potentialAction":[{"@type":"ReadAction","target":["https:\/\/9staedte.de\/pl\/einbeck-klasyczne-samochody-domy-z-muru-pruskiego-piwo\/jarmark-bozonarodzeniowy-w-einbeck\/"]}]},{"@type":"ImageObject","inLanguage":"pl-PL","@id":"https:\/\/9staedte.de\/pl\/einbeck-klasyczne-samochody-domy-z-muru-pruskiego-piwo\/jarmark-bozonarodzeniowy-w-einbeck\/#primaryimage","url":"https:\/\/9staedte.de\/wp-content\/uploads\/2024\/08\/Weihnachtsdorf-Weihnachten-Markt-Winter-\u00a9Spieker-Fotografie-2.jpg","contentUrl":"https:\/\/9staedte.de\/wp-content\/uploads\/2024\/08\/Weihnachtsdorf-Weihnachten-Markt-Winter-\u00a9Spieker-Fotografie-2.jpg","width":1020,"height":559,"caption":"Einbeck Weihnachtsdorf, Weihnachten, Markt, Winter, \u00a9Spieker Fotografie (2)"},{"@type":"BreadcrumbList","@id":"https:\/\/9staedte.de\/pl\/einbeck-klasyczne-samochody-domy-z-muru-pruskiego-piwo\/jarmark-bozonarodzeniowy-w-einbeck\/#breadcrumb","itemListElement":[{"@type":"ListItem","position":1,"name":"Startseite","item":"https:\/\/9staedte.de\/pl\/"},{"@type":"ListItem","position":2,"name":"Einbeck &#8211; klasyczne samochody, domy z muru pruskiego, piwo","item":"https:\/\/9staedte.de\/pl\/einbeck-klasyczne-samochody-domy-z-muru-pruskiego-piwo\/"},{"@type":"ListItem","position":3,"name":"Jarmark bo\u017conarodzeniowy w Einbeck"}]},{"@type":"WebSite","@id":"https:\/\/9staedte.de\/pl\/#website","url":"https:\/\/9staedte.de\/pl\/","name":"9 St\u00e4dte in Niedersachsen","description":"","publisher":{"@id":"https:\/\/9staedte.de\/pl\/#organization"},"potentialAction":[{"@type":"SearchAction","target":{"@type":"EntryPoint","urlTemplate":"https:\/\/9staedte.de\/pl\/?s={search_term_string}"},"query-input":{"@type":"PropertyValueSpecification","valueRequired":true,"valueName":"search_term_string"}}],"inLanguage":"pl-PL"},{"@type":"Organization","@id":"https:\/\/9staedte.de\/pl\/#organization","name":"9 St\u00e4dte in Niedersachsen","url":"https:\/\/9staedte.de\/pl\/","logo":{"@type":"ImageObject","inLanguage":"pl-PL","@id":"https:\/\/9staedte.de\/pl\/#\/schema\/logo\/image\/","url":"https:\/\/9staedte.de\/wp-content\/uploads\/2025\/01\/9-neg-deutsch-2-1.png","contentUrl":"https:\/\/9staedte.de\/wp-content\/uploads\/2025\/01\/9-neg-deutsch-2-1.png","width":190,"height":114,"caption":"9 St\u00e4dte in Niedersachsen"},"image":{"@id":"https:\/\/9staedte.de\/pl\/#\/schema\/logo\/image\/"}}]}},"_links":{"self":[{"href":"https:\/\/9staedte.de\/pl\/wp-json\/wp\/v2\/pages\/16958","targetHints":{"allow":["GET"]}}],"collection":[{"href":"https:\/\/9staedte.de\/pl\/wp-json\/wp\/v2\/pages"}],"about":[{"href":"https:\/\/9staedte.de\/pl\/wp-json\/wp\/v2\/types\/page"}],"author":[{"embeddable":true,"href":"https:\/\/9staedte.de\/pl\/wp-json\/wp\/v2\/users\/1"}],"replies":[{"embeddable":true,"href":"https:\/\/9staedte.de\/pl\/wp-json\/wp\/v2\/comments?post=16958"}],"version-history":[{"count":8,"href":"https:\/\/9staedte.de\/pl\/wp-json\/wp\/v2\/pages\/16958\/revisions"}],"predecessor-version":[{"id":27917,"href":"https:\/\/9staedte.de\/pl\/wp-json\/wp\/v2\/pages\/16958\/revisions\/27917"}],"up":[{"embeddable":true,"href":"https:\/\/9staedte.de\/pl\/wp-json\/wp\/v2\/pages\/18058"}],"wp:featuredmedia":[{"embeddable":true,"href":"https:\/\/9staedte.de\/pl\/wp-json\/wp\/v2\/media\/23425"}],"wp:attachment":[{"href":"https:\/\/9staedte.de\/pl\/wp-json\/wp\/v2\/media?parent=16958"}],"wp:term":[{"taxonomy":"category","embeddable":true,"href":"https:\/\/9staedte.de\/pl\/wp-json\/wp\/v2\/categories?post=16958"},{"taxonomy":"post_tag","embeddable":true,"href":"https:\/\/9staedte.de\/pl\/wp-json\/wp\/v2\/tags?post=16958"},{"taxonomy":"ncap_cities_tax","embeddable":true,"href":"https:\/\/9staedte.de\/pl\/wp-json\/wp\/v2\/ncap_cities_tax?post=16958"}],"curies":[{"name":"wp","href":"https:\/\/api.w.org\/{rel}","templated":true}]}}