{"id":16936,"date":"2023-11-02T09:46:22","date_gmt":"2023-11-02T08:46:22","guid":{"rendered":"https:\/\/9staedte.de\/programy-poldniowe-w-einbeck\/"},"modified":"2023-11-02T17:38:37","modified_gmt":"2023-11-02T16:38:37","slug":"programy-poldniowe-w-einbeck","status":"publish","type":"page","link":"https:\/\/9staedte.de\/pl\/einbeck-klasyczne-samochody-domy-z-muru-pruskiego-piwo\/programy-poldniowe-w-einbeck\/","title":{"rendered":"Programy p\u00f3\u0142dniowe w Einbeck"},"content":{"rendered":"\r\n\r\n    <div class=\"filter-posts\">\r\n            <div  id=\"filterContent\">\r\n                                                        \n<div class=\"contentKachel filtr-item\" data-category=\"einbeck-pl\">\n    <a href=\"https:\/\/9staedte.de\/pl\/program-poldniowy-architektura-szachulcowa-i-przyjemnosc-warzenia-piwa\/\">\n        <div class=\"contentKachel-inner\">\n                            <div class=\"contentKachel-thumbnail\">\n                    <img loading=\"lazy\" decoding=\"async\" width=\"300\" height=\"165\" src=\"https:\/\/9staedte.de\/wp-content\/smush-webp\/2023\/05\/Einbecker-Bierdiplom\u00a9Ole-Spata-300x165.jpg.webp\" class=\"objectfitcover withfilters wp-post-image\" alt=\"Na zdj\u0119ciu wida\u0107 pi\u0119\u0107 os\u00f3b przy drewnianym stole. Wznosz\u0105 toast kieliszkami piwa. Jedna kobieta ma na sobie historyczny kostium. Na stole stoj\u0105 ma\u0142e szklanki ze zbo\u017cem. Atmosfera jest radosna.\" srcset=\"https:\/\/9staedte.de\/wp-content\/smush-webp\/2023\/05\/Einbecker-Bierdiplom\u00a9Ole-Spata-300x165.jpg.webp 300w, https:\/\/9staedte.de\/wp-content\/smush-webp\/2023\/05\/Einbecker-Bierdiplom\u00a9Ole-Spata-768x422.jpg.webp 768w, https:\/\/9staedte.de\/wp-content\/smush-webp\/2023\/05\/Einbecker-Bierdiplom\u00a9Ole-Spata.jpg.webp 1020w\" sizes=\"auto, (max-width: 300px) 100vw, 300px\" \/>                    <img loading=\"lazy\" decoding=\"async\" width=\"300\" height=\"165\" src=\"https:\/\/9staedte.de\/wp-content\/smush-webp\/2023\/05\/Einbecker-Bierdiplom\u00a9Ole-Spata-300x165.jpg.webp\" class=\"objectfitcontain wp-post-image\" alt=\"Na zdj\u0119ciu wida\u0107 pi\u0119\u0107 os\u00f3b przy drewnianym stole. Wznosz\u0105 toast kieliszkami piwa. Jedna kobieta ma na sobie historyczny kostium. Na stole stoj\u0105 ma\u0142e szklanki ze zbo\u017cem. Atmosfera jest radosna.\" srcset=\"https:\/\/9staedte.de\/wp-content\/smush-webp\/2023\/05\/Einbecker-Bierdiplom\u00a9Ole-Spata-300x165.jpg.webp 300w, https:\/\/9staedte.de\/wp-content\/smush-webp\/2023\/05\/Einbecker-Bierdiplom\u00a9Ole-Spata-768x422.jpg.webp 768w, https:\/\/9staedte.de\/wp-content\/smush-webp\/2023\/05\/Einbecker-Bierdiplom\u00a9Ole-Spata.jpg.webp 1020w\" sizes=\"auto, (max-width: 300px) 100vw, 300px\" \/>                        <div class=\"thumbnail-label\">\n    <span>Einbecker Bierdiplom c) Ole Spata<\/span>\n    <\/div>\n                <\/div>\n                        <div class=\"contentKachel-content\">\n                                    <div class=\"city-tag bg-einbeck\">\n                        Einbeck                    <\/div>\n                \n                <div class=\"title\">\n\n                    Program p\u00f3\u0142dniowy: Architektura szachulcowa i przyjemno\u015b\u0107 warzenia piwa                    \n                <\/div>\n\n                            <\/div>\n\n        <\/div>\n    <\/a>\n<\/div>                                                        \n<div class=\"contentKachel filtr-item\" data-category=\"einbeck-pl\">\n    <a href=\"https:\/\/9staedte.de\/pl\/program-poldniowy-domy-z-muru-pruskiego-i-coffee-klatsch\/\">\n        <div class=\"contentKachel-inner\">\n                            <div class=\"contentKachel-thumbnail\">\n                    <img loading=\"lazy\" decoding=\"async\" width=\"300\" height=\"165\" src=\"https:\/\/9staedte.de\/wp-content\/smush-webp\/2023\/05\/Einbeck-Eickesches-Haus-2-c-Daniel-Li-Photography-300x165.jpg.webp\" class=\"objectfitcover withfilters wp-post-image\" alt=\"Zdj\u0119cie przedstawia Eicke House, dom z muru pruskiego w Einbeck. Dom jest wykonany z drewna i ma wiele dekoracji. Okna s\u0105 czerwone. Z okna macha kobieta w stroju z epoki.\" srcset=\"https:\/\/9staedte.de\/wp-content\/smush-webp\/2023\/05\/Einbeck-Eickesches-Haus-2-c-Daniel-Li-Photography-300x165.jpg.webp 300w, https:\/\/9staedte.de\/wp-content\/smush-webp\/2023\/05\/Einbeck-Eickesches-Haus-2-c-Daniel-Li-Photography-768x422.jpg.webp 768w, https:\/\/9staedte.de\/wp-content\/smush-webp\/2023\/05\/Einbeck-Eickesches-Haus-2-c-Daniel-Li-Photography.jpg.webp 1020w\" sizes=\"auto, (max-width: 300px) 100vw, 300px\" \/>                    <img loading=\"lazy\" decoding=\"async\" width=\"300\" height=\"165\" src=\"https:\/\/9staedte.de\/wp-content\/smush-webp\/2023\/05\/Einbeck-Eickesches-Haus-2-c-Daniel-Li-Photography-300x165.jpg.webp\" class=\"objectfitcontain wp-post-image\" alt=\"Zdj\u0119cie przedstawia Eicke House, dom z muru pruskiego w Einbeck. Dom jest wykonany z drewna i ma wiele dekoracji. Okna s\u0105 czerwone. Z okna macha kobieta w stroju z epoki.\" srcset=\"https:\/\/9staedte.de\/wp-content\/smush-webp\/2023\/05\/Einbeck-Eickesches-Haus-2-c-Daniel-Li-Photography-300x165.jpg.webp 300w, https:\/\/9staedte.de\/wp-content\/smush-webp\/2023\/05\/Einbeck-Eickesches-Haus-2-c-Daniel-Li-Photography-768x422.jpg.webp 768w, https:\/\/9staedte.de\/wp-content\/smush-webp\/2023\/05\/Einbeck-Eickesches-Haus-2-c-Daniel-Li-Photography.jpg.webp 1020w\" sizes=\"auto, (max-width: 300px) 100vw, 300px\" \/>                        <div class=\"thumbnail-label\">\n    <span>Einbeck Eickesches Haus 2 c) Daniel Li Photography<\/span>\n    <\/div>\n                <\/div>\n                        <div class=\"contentKachel-content\">\n                                    <div class=\"city-tag bg-einbeck\">\n                        Einbeck                    <\/div>\n                \n                <div class=\"title\">\n\n                    Program p\u00f3\u0142dniowy: Domy z muru pruskiego i coffee klatsch                    \n                <\/div>\n\n                            <\/div>\n\n        <\/div>\n    <\/a>\n<\/div>                                                        \n<div class=\"contentKachel filtr-item\" data-category=\"einbeck-pl\">\n    <a href=\"https:\/\/9staedte.de\/pl\/poldniowy-program-piwologia-w-einbeck\/\">\n        <div class=\"contentKachel-inner\">\n                            <div class=\"contentKachel-thumbnail\">\n                    <img loading=\"lazy\" decoding=\"async\" width=\"300\" height=\"165\" src=\"https:\/\/9staedte.de\/wp-content\/smush-webp\/2023\/05\/Beertasting\u00a9Einbecker-Brauhaus-AG-300x165.jpg.webp\" class=\"objectfitcover withfilters wp-post-image\" alt=\"Na zdj\u0119ciu wida\u0107 dwie osoby w Brodhausie w Einbeck. Siedz\u0105 w wn\u0119ce przypominaj\u0105cej du\u017ce beczki na piwo. Wznosz\u0105 toast kuflami piwa. \u015aciany s\u0105 z drewna i kamienia. Wygl\u0105da to przytulnie i rustykalnie. Atmosfera jest przyjazna i swobodna.\" srcset=\"https:\/\/9staedte.de\/wp-content\/smush-webp\/2023\/05\/Beertasting\u00a9Einbecker-Brauhaus-AG-300x165.jpg.webp 300w, https:\/\/9staedte.de\/wp-content\/smush-webp\/2023\/05\/Beertasting\u00a9Einbecker-Brauhaus-AG-768x423.jpg.webp 768w, https:\/\/9staedte.de\/wp-content\/smush-webp\/2023\/05\/Beertasting\u00a9Einbecker-Brauhaus-AG.jpg.webp 1019w\" sizes=\"auto, (max-width: 300px) 100vw, 300px\" \/>                    <img loading=\"lazy\" decoding=\"async\" width=\"300\" height=\"165\" src=\"https:\/\/9staedte.de\/wp-content\/smush-webp\/2023\/05\/Beertasting\u00a9Einbecker-Brauhaus-AG-300x165.jpg.webp\" class=\"objectfitcontain wp-post-image\" alt=\"Na zdj\u0119ciu wida\u0107 dwie osoby w Brodhausie w Einbeck. Siedz\u0105 w wn\u0119ce przypominaj\u0105cej du\u017ce beczki na piwo. Wznosz\u0105 toast kuflami piwa. \u015aciany s\u0105 z drewna i kamienia. Wygl\u0105da to przytulnie i rustykalnie. Atmosfera jest przyjazna i swobodna.\" srcset=\"https:\/\/9staedte.de\/wp-content\/smush-webp\/2023\/05\/Beertasting\u00a9Einbecker-Brauhaus-AG-300x165.jpg.webp 300w, https:\/\/9staedte.de\/wp-content\/smush-webp\/2023\/05\/Beertasting\u00a9Einbecker-Brauhaus-AG-768x423.jpg.webp 768w, https:\/\/9staedte.de\/wp-content\/smush-webp\/2023\/05\/Beertasting\u00a9Einbecker-Brauhaus-AG.jpg.webp 1019w\" sizes=\"auto, (max-width: 300px) 100vw, 300px\" \/>                        <div class=\"thumbnail-label\">\n    <span>Beertasting\u00a9Einbecker Brauhaus AG<\/span>\n    <\/div>\n                <\/div>\n                        <div class=\"contentKachel-content\">\n                                    <div class=\"city-tag bg-einbeck\">\n                        Einbeck                    <\/div>\n                \n                <div class=\"title\">\n\n                    P\u00f3\u0142dniowy program: Piwologia w EInbeck                    \n                <\/div>\n\n                            <\/div>\n\n        <\/div>\n    <\/a>\n<\/div>                                            <\/div>\r\n    <\/div>\r\n","protected":false},"excerpt":{"rendered":"","protected":false},"author":6,"featured_media":16945,"parent":18058,"menu_order":0,"comment_status":"closed","ping_status":"closed","template":"pagetemplates\/template-stadtthema.php","meta":{"_acf_changed":false,"footnotes":""},"categories":[],"tags":[],"ncap_cities_tax":[479,1108],"class_list":["post-16936","page","type-page","status-publish","has-post-thumbnail","hentry","ncap_cities_tax-einbeck-pl","ncap_cities_tax-tagesprogramme-einbeck-pl"],"acf":[],"yoast_head":"<!-- This site is optimized with the Yoast SEO plugin v26.8 - https:\/\/yoast.com\/product\/yoast-seo-wordpress\/ -->\n<title>Programy p\u00f3\u0142dniowe w Einbeck - 9 St\u00e4dte in Niedersachsen<\/title>\n<meta name=\"robots\" content=\"index, follow, max-snippet:-1, max-image-preview:large, max-video-preview:-1\" \/>\n<link rel=\"canonical\" href=\"https:\/\/9staedte.de\/pl\/einbeck-klasyczne-samochody-domy-z-muru-pruskiego-piwo\/programy-poldniowe-w-einbeck\/\" \/>\n<meta property=\"og:locale\" content=\"pl_PL\" \/>\n<meta property=\"og:type\" content=\"article\" \/>\n<meta property=\"og:title\" content=\"Programy p\u00f3\u0142dniowe w Einbeck - 9 St\u00e4dte in Niedersachsen\" \/>\n<meta property=\"og:url\" content=\"https:\/\/9staedte.de\/pl\/einbeck-klasyczne-samochody-domy-z-muru-pruskiego-piwo\/programy-poldniowe-w-einbeck\/\" \/>\n<meta property=\"og:site_name\" content=\"9 St\u00e4dte in Niedersachsen\" \/>\n<meta property=\"article:modified_time\" content=\"2023-11-02T16:38:37+00:00\" \/>\n<meta property=\"og:image\" content=\"https:\/\/9staedte.de\/wp-content\/uploads\/2023\/05\/Bierstadt-\u00a9Einbecker-Brauhaus-AG.jpg\" \/>\n\t<meta property=\"og:image:width\" content=\"1020\" \/>\n\t<meta property=\"og:image:height\" content=\"560\" \/>\n\t<meta property=\"og:image:type\" content=\"image\/jpeg\" \/>\n<meta name=\"twitter:card\" content=\"summary_large_image\" \/>\n<script type=\"application\/ld+json\" class=\"yoast-schema-graph\">{\"@context\":\"https:\/\/schema.org\",\"@graph\":[{\"@type\":\"WebPage\",\"@id\":\"https:\/\/9staedte.de\/pl\/einbeck-klasyczne-samochody-domy-z-muru-pruskiego-piwo\/programy-poldniowe-w-einbeck\/\",\"url\":\"https:\/\/9staedte.de\/pl\/einbeck-klasyczne-samochody-domy-z-muru-pruskiego-piwo\/programy-poldniowe-w-einbeck\/\",\"name\":\"Programy p\u00f3\u0142dniowe w Einbeck - 9 St\u00e4dte in Niedersachsen\",\"isPartOf\":{\"@id\":\"https:\/\/9staedte.de\/pl\/#website\"},\"primaryImageOfPage\":{\"@id\":\"https:\/\/9staedte.de\/pl\/einbeck-klasyczne-samochody-domy-z-muru-pruskiego-piwo\/programy-poldniowe-w-einbeck\/#primaryimage\"},\"image\":{\"@id\":\"https:\/\/9staedte.de\/pl\/einbeck-klasyczne-samochody-domy-z-muru-pruskiego-piwo\/programy-poldniowe-w-einbeck\/#primaryimage\"},\"thumbnailUrl\":\"https:\/\/9staedte.de\/wp-content\/uploads\/2023\/05\/Bierstadt-\u00a9Einbecker-Brauhaus-AG.jpg\",\"datePublished\":\"2023-11-02T08:46:22+00:00\",\"dateModified\":\"2023-11-02T16:38:37+00:00\",\"breadcrumb\":{\"@id\":\"https:\/\/9staedte.de\/pl\/einbeck-klasyczne-samochody-domy-z-muru-pruskiego-piwo\/programy-poldniowe-w-einbeck\/#breadcrumb\"},\"inLanguage\":\"pl-PL\",\"potentialAction\":[{\"@type\":\"ReadAction\",\"target\":[\"https:\/\/9staedte.de\/pl\/einbeck-klasyczne-samochody-domy-z-muru-pruskiego-piwo\/programy-poldniowe-w-einbeck\/\"]}]},{\"@type\":\"ImageObject\",\"inLanguage\":\"pl-PL\",\"@id\":\"https:\/\/9staedte.de\/pl\/einbeck-klasyczne-samochody-domy-z-muru-pruskiego-piwo\/programy-poldniowe-w-einbeck\/#primaryimage\",\"url\":\"https:\/\/9staedte.de\/wp-content\/uploads\/2023\/05\/Bierstadt-\u00a9Einbecker-Brauhaus-AG.jpg\",\"contentUrl\":\"https:\/\/9staedte.de\/wp-content\/uploads\/2023\/05\/Bierstadt-\u00a9Einbecker-Brauhaus-AG.jpg\",\"width\":1020,\"height\":560,\"caption\":\"Bierstadt, \u00a9Einbecker Brauhaus AG\"},{\"@type\":\"BreadcrumbList\",\"@id\":\"https:\/\/9staedte.de\/pl\/einbeck-klasyczne-samochody-domy-z-muru-pruskiego-piwo\/programy-poldniowe-w-einbeck\/#breadcrumb\",\"itemListElement\":[{\"@type\":\"ListItem\",\"position\":1,\"name\":\"Startseite\",\"item\":\"https:\/\/9staedte.de\/pl\/\"},{\"@type\":\"ListItem\",\"position\":2,\"name\":\"Einbeck &#8211; klasyczne samochody, domy z muru pruskiego, piwo\",\"item\":\"https:\/\/9staedte.de\/pl\/einbeck-klasyczne-samochody-domy-z-muru-pruskiego-piwo\/\"},{\"@type\":\"ListItem\",\"position\":3,\"name\":\"Programy p\u00f3\u0142dniowe w Einbeck\"}]},{\"@type\":\"WebSite\",\"@id\":\"https:\/\/9staedte.de\/pl\/#website\",\"url\":\"https:\/\/9staedte.de\/pl\/\",\"name\":\"9 St\u00e4dte in Niedersachsen\",\"description\":\"\",\"publisher\":{\"@id\":\"https:\/\/9staedte.de\/pl\/#organization\"},\"potentialAction\":[{\"@type\":\"SearchAction\",\"target\":{\"@type\":\"EntryPoint\",\"urlTemplate\":\"https:\/\/9staedte.de\/pl\/?s={search_term_string}\"},\"query-input\":{\"@type\":\"PropertyValueSpecification\",\"valueRequired\":true,\"valueName\":\"search_term_string\"}}],\"inLanguage\":\"pl-PL\"},{\"@type\":\"Organization\",\"@id\":\"https:\/\/9staedte.de\/pl\/#organization\",\"name\":\"9 St\u00e4dte in Niedersachsen\",\"url\":\"https:\/\/9staedte.de\/pl\/\",\"logo\":{\"@type\":\"ImageObject\",\"inLanguage\":\"pl-PL\",\"@id\":\"https:\/\/9staedte.de\/pl\/#\/schema\/logo\/image\/\",\"url\":\"https:\/\/9staedte.de\/wp-content\/uploads\/2025\/01\/9-neg-deutsch-2-1.png\",\"contentUrl\":\"https:\/\/9staedte.de\/wp-content\/uploads\/2025\/01\/9-neg-deutsch-2-1.png\",\"width\":190,\"height\":114,\"caption\":\"9 St\u00e4dte in Niedersachsen\"},\"image\":{\"@id\":\"https:\/\/9staedte.de\/pl\/#\/schema\/logo\/image\/\"}}]}<\/script>\n<!-- \/ Yoast SEO plugin. -->","yoast_head_json":{"title":"Programy p\u00f3\u0142dniowe w Einbeck - 9 St\u00e4dte in Niedersachsen","robots":{"index":"index","follow":"follow","max-snippet":"max-snippet:-1","max-image-preview":"max-image-preview:large","max-video-preview":"max-video-preview:-1"},"canonical":"https:\/\/9staedte.de\/pl\/einbeck-klasyczne-samochody-domy-z-muru-pruskiego-piwo\/programy-poldniowe-w-einbeck\/","og_locale":"pl_PL","og_type":"article","og_title":"Programy p\u00f3\u0142dniowe w Einbeck - 9 St\u00e4dte in Niedersachsen","og_url":"https:\/\/9staedte.de\/pl\/einbeck-klasyczne-samochody-domy-z-muru-pruskiego-piwo\/programy-poldniowe-w-einbeck\/","og_site_name":"9 St\u00e4dte in Niedersachsen","article_modified_time":"2023-11-02T16:38:37+00:00","og_image":[{"width":1020,"height":560,"url":"https:\/\/9staedte.de\/wp-content\/uploads\/2023\/05\/Bierstadt-\u00a9Einbecker-Brauhaus-AG.jpg","type":"image\/jpeg"}],"twitter_card":"summary_large_image","schema":{"@context":"https:\/\/schema.org","@graph":[{"@type":"WebPage","@id":"https:\/\/9staedte.de\/pl\/einbeck-klasyczne-samochody-domy-z-muru-pruskiego-piwo\/programy-poldniowe-w-einbeck\/","url":"https:\/\/9staedte.de\/pl\/einbeck-klasyczne-samochody-domy-z-muru-pruskiego-piwo\/programy-poldniowe-w-einbeck\/","name":"Programy p\u00f3\u0142dniowe w Einbeck - 9 St\u00e4dte in Niedersachsen","isPartOf":{"@id":"https:\/\/9staedte.de\/pl\/#website"},"primaryImageOfPage":{"@id":"https:\/\/9staedte.de\/pl\/einbeck-klasyczne-samochody-domy-z-muru-pruskiego-piwo\/programy-poldniowe-w-einbeck\/#primaryimage"},"image":{"@id":"https:\/\/9staedte.de\/pl\/einbeck-klasyczne-samochody-domy-z-muru-pruskiego-piwo\/programy-poldniowe-w-einbeck\/#primaryimage"},"thumbnailUrl":"https:\/\/9staedte.de\/wp-content\/uploads\/2023\/05\/Bierstadt-\u00a9Einbecker-Brauhaus-AG.jpg","datePublished":"2023-11-02T08:46:22+00:00","dateModified":"2023-11-02T16:38:37+00:00","breadcrumb":{"@id":"https:\/\/9staedte.de\/pl\/einbeck-klasyczne-samochody-domy-z-muru-pruskiego-piwo\/programy-poldniowe-w-einbeck\/#breadcrumb"},"inLanguage":"pl-PL","potentialAction":[{"@type":"ReadAction","target":["https:\/\/9staedte.de\/pl\/einbeck-klasyczne-samochody-domy-z-muru-pruskiego-piwo\/programy-poldniowe-w-einbeck\/"]}]},{"@type":"ImageObject","inLanguage":"pl-PL","@id":"https:\/\/9staedte.de\/pl\/einbeck-klasyczne-samochody-domy-z-muru-pruskiego-piwo\/programy-poldniowe-w-einbeck\/#primaryimage","url":"https:\/\/9staedte.de\/wp-content\/uploads\/2023\/05\/Bierstadt-\u00a9Einbecker-Brauhaus-AG.jpg","contentUrl":"https:\/\/9staedte.de\/wp-content\/uploads\/2023\/05\/Bierstadt-\u00a9Einbecker-Brauhaus-AG.jpg","width":1020,"height":560,"caption":"Bierstadt, \u00a9Einbecker Brauhaus AG"},{"@type":"BreadcrumbList","@id":"https:\/\/9staedte.de\/pl\/einbeck-klasyczne-samochody-domy-z-muru-pruskiego-piwo\/programy-poldniowe-w-einbeck\/#breadcrumb","itemListElement":[{"@type":"ListItem","position":1,"name":"Startseite","item":"https:\/\/9staedte.de\/pl\/"},{"@type":"ListItem","position":2,"name":"Einbeck &#8211; klasyczne samochody, domy z muru pruskiego, piwo","item":"https:\/\/9staedte.de\/pl\/einbeck-klasyczne-samochody-domy-z-muru-pruskiego-piwo\/"},{"@type":"ListItem","position":3,"name":"Programy p\u00f3\u0142dniowe w Einbeck"}]},{"@type":"WebSite","@id":"https:\/\/9staedte.de\/pl\/#website","url":"https:\/\/9staedte.de\/pl\/","name":"9 St\u00e4dte in Niedersachsen","description":"","publisher":{"@id":"https:\/\/9staedte.de\/pl\/#organization"},"potentialAction":[{"@type":"SearchAction","target":{"@type":"EntryPoint","urlTemplate":"https:\/\/9staedte.de\/pl\/?s={search_term_string}"},"query-input":{"@type":"PropertyValueSpecification","valueRequired":true,"valueName":"search_term_string"}}],"inLanguage":"pl-PL"},{"@type":"Organization","@id":"https:\/\/9staedte.de\/pl\/#organization","name":"9 St\u00e4dte in Niedersachsen","url":"https:\/\/9staedte.de\/pl\/","logo":{"@type":"ImageObject","inLanguage":"pl-PL","@id":"https:\/\/9staedte.de\/pl\/#\/schema\/logo\/image\/","url":"https:\/\/9staedte.de\/wp-content\/uploads\/2025\/01\/9-neg-deutsch-2-1.png","contentUrl":"https:\/\/9staedte.de\/wp-content\/uploads\/2025\/01\/9-neg-deutsch-2-1.png","width":190,"height":114,"caption":"9 St\u00e4dte in Niedersachsen"},"image":{"@id":"https:\/\/9staedte.de\/pl\/#\/schema\/logo\/image\/"}}]}},"_links":{"self":[{"href":"https:\/\/9staedte.de\/pl\/wp-json\/wp\/v2\/pages\/16936","targetHints":{"allow":["GET"]}}],"collection":[{"href":"https:\/\/9staedte.de\/pl\/wp-json\/wp\/v2\/pages"}],"about":[{"href":"https:\/\/9staedte.de\/pl\/wp-json\/wp\/v2\/types\/page"}],"author":[{"embeddable":true,"href":"https:\/\/9staedte.de\/pl\/wp-json\/wp\/v2\/users\/6"}],"replies":[{"embeddable":true,"href":"https:\/\/9staedte.de\/pl\/wp-json\/wp\/v2\/comments?post=16936"}],"version-history":[{"count":1,"href":"https:\/\/9staedte.de\/pl\/wp-json\/wp\/v2\/pages\/16936\/revisions"}],"predecessor-version":[{"id":19777,"href":"https:\/\/9staedte.de\/pl\/wp-json\/wp\/v2\/pages\/16936\/revisions\/19777"}],"up":[{"embeddable":true,"href":"https:\/\/9staedte.de\/pl\/wp-json\/wp\/v2\/pages\/18058"}],"wp:featuredmedia":[{"embeddable":true,"href":"https:\/\/9staedte.de\/pl\/wp-json\/wp\/v2\/media\/16945"}],"wp:attachment":[{"href":"https:\/\/9staedte.de\/pl\/wp-json\/wp\/v2\/media?parent=16936"}],"wp:term":[{"taxonomy":"category","embeddable":true,"href":"https:\/\/9staedte.de\/pl\/wp-json\/wp\/v2\/categories?post=16936"},{"taxonomy":"post_tag","embeddable":true,"href":"https:\/\/9staedte.de\/pl\/wp-json\/wp\/v2\/tags?post=16936"},{"taxonomy":"ncap_cities_tax","embeddable":true,"href":"https:\/\/9staedte.de\/pl\/wp-json\/wp\/v2\/ncap_cities_tax?post=16936"}],"curies":[{"name":"wp","href":"https:\/\/api.w.org\/{rel}","templated":true}]}}