{"id":16903,"date":"2023-11-02T09:46:19","date_gmt":"2023-11-02T08:46:19","guid":{"rendered":"https:\/\/9staedte.de\/pakiety-w-einbeck\/"},"modified":"2024-07-04T10:37:09","modified_gmt":"2024-07-04T08:37:09","slug":"pakiety-w-einbeck","status":"publish","type":"page","link":"https:\/\/9staedte.de\/pl\/einbeck-klasyczne-samochody-domy-z-muru-pruskiego-piwo\/pakiety-w-einbeck\/","title":{"rendered":"Pakiety w Einbeck"},"content":{"rendered":"\r\n\r\n    <div class=\"filter-posts\">\r\n            <div  id=\"filterContent\">\r\n                                                        \n<div class=\"contentKachel filtr-item\" data-category=\"einbeck-pl\">\n    <a href=\"https:\/\/9staedte.de\/pl\/oferta-pakietowa-jeden-weekend-przyjemnosci\/\">\n        <div class=\"contentKachel-inner\">\n                            <div class=\"contentKachel-thumbnail\">\n                    <img loading=\"lazy\" decoding=\"async\" width=\"300\" height=\"161\" src=\"https:\/\/9staedte.de\/wp-content\/smush-webp\/2023\/05\/Bierchen-vor-dem-Brodhaus-Einbeck-\u00a9Daniel-Li-Photography-300x161.jpg.webp\" class=\"objectfitcover withfilters wp-post-image\" alt=\"Dwie kobiety stukaj\u0105 si\u0119 szklankami piwa. \u015amiej\u0105 si\u0119. W tle wida\u0107 stary dom szachulcowy. Jest ciep\u0142o i s\u0142onecznie.\" srcset=\"https:\/\/9staedte.de\/wp-content\/smush-webp\/2023\/05\/Bierchen-vor-dem-Brodhaus-Einbeck-\u00a9Daniel-Li-Photography-300x161.jpg.webp 300w, https:\/\/9staedte.de\/wp-content\/smush-webp\/2023\/05\/Bierchen-vor-dem-Brodhaus-Einbeck-\u00a9Daniel-Li-Photography-768x412.jpg.webp 768w, https:\/\/9staedte.de\/wp-content\/smush-webp\/2023\/05\/Bierchen-vor-dem-Brodhaus-Einbeck-\u00a9Daniel-Li-Photography.jpg.webp 1020w\" sizes=\"auto, (max-width: 300px) 100vw, 300px\" \/>                    <img loading=\"lazy\" decoding=\"async\" width=\"300\" height=\"161\" src=\"https:\/\/9staedte.de\/wp-content\/smush-webp\/2023\/05\/Bierchen-vor-dem-Brodhaus-Einbeck-\u00a9Daniel-Li-Photography-300x161.jpg.webp\" class=\"objectfitcontain wp-post-image\" alt=\"Dwie kobiety stukaj\u0105 si\u0119 szklankami piwa. \u015amiej\u0105 si\u0119. W tle wida\u0107 stary dom szachulcowy. Jest ciep\u0142o i s\u0142onecznie.\" srcset=\"https:\/\/9staedte.de\/wp-content\/smush-webp\/2023\/05\/Bierchen-vor-dem-Brodhaus-Einbeck-\u00a9Daniel-Li-Photography-300x161.jpg.webp 300w, https:\/\/9staedte.de\/wp-content\/smush-webp\/2023\/05\/Bierchen-vor-dem-Brodhaus-Einbeck-\u00a9Daniel-Li-Photography-768x412.jpg.webp 768w, https:\/\/9staedte.de\/wp-content\/smush-webp\/2023\/05\/Bierchen-vor-dem-Brodhaus-Einbeck-\u00a9Daniel-Li-Photography.jpg.webp 1020w\" sizes=\"auto, (max-width: 300px) 100vw, 300px\" \/>                        <div class=\"thumbnail-label\">\n    <span>EInbeck Bier vor dem Brodhaus &#8211; Einbeck &#8211; \u00a9Daniel Li Photography<\/span>\n    <\/div>\n                <\/div>\n                        <div class=\"contentKachel-content\">\n                                    <div class=\"city-tag bg-einbeck\">\n                        Einbeck                    <\/div>\n                \n                <div class=\"title\">\n\n                    Oferta pakietowa: JEDEN weekend przyjemno\u015bci                    \n                <\/div>\n\n                            <\/div>\n\n        <\/div>\n    <\/a>\n<\/div>                                                        \n<div class=\"contentKachel filtr-item\" data-category=\"einbeck-pl\">\n    <a href=\"https:\/\/9staedte.de\/pl\/jahr-der-mobilitaet-in-einbeck-einbeck-bewegt-dich\/\">\n        <div class=\"contentKachel-inner\">\n                            <div class=\"contentKachel-thumbnail\">\n                    <img loading=\"lazy\" decoding=\"async\" width=\"300\" height=\"165\" src=\"https:\/\/9staedte.de\/wp-content\/smush-webp\/2024\/07\/Einbeck-PS.SPEICHER-\u00a9Spieker-Fotografie-300x165.jpg.webp\" class=\"objectfitcover withfilters wp-post-image\" alt=\"Zdj\u0119cie przedstawia budynek PS.Speicher w Einbecku. Na pierwszym planie znajduje si\u0119 stary szary garbus (VW). Budynek wykonany jest z czerwonej ceg\u0142y i ma wiele okien. Po prawej stronie znajduje si\u0119 nowoczesna dobud\u00f3wka. Po lewej stronie wida\u0107 stary fontann\u0119 otoczon\u0105 drzewkami i ro\u015blinami.\" srcset=\"https:\/\/9staedte.de\/wp-content\/smush-webp\/2024\/07\/Einbeck-PS.SPEICHER-\u00a9Spieker-Fotografie-300x165.jpg.webp 300w, https:\/\/9staedte.de\/wp-content\/smush-webp\/2024\/07\/Einbeck-PS.SPEICHER-\u00a9Spieker-Fotografie-768x422.jpg.webp 768w, https:\/\/9staedte.de\/wp-content\/smush-webp\/2024\/07\/Einbeck-PS.SPEICHER-\u00a9Spieker-Fotografie.jpg.webp 1020w\" sizes=\"auto, (max-width: 300px) 100vw, 300px\" \/>                    <img loading=\"lazy\" decoding=\"async\" width=\"300\" height=\"165\" src=\"https:\/\/9staedte.de\/wp-content\/smush-webp\/2024\/07\/Einbeck-PS.SPEICHER-\u00a9Spieker-Fotografie-300x165.jpg.webp\" class=\"objectfitcontain wp-post-image\" alt=\"Zdj\u0119cie przedstawia budynek PS.Speicher w Einbecku. Na pierwszym planie znajduje si\u0119 stary szary garbus (VW). Budynek wykonany jest z czerwonej ceg\u0142y i ma wiele okien. Po prawej stronie znajduje si\u0119 nowoczesna dobud\u00f3wka. Po lewej stronie wida\u0107 stary fontann\u0119 otoczon\u0105 drzewkami i ro\u015blinami.\" srcset=\"https:\/\/9staedte.de\/wp-content\/smush-webp\/2024\/07\/Einbeck-PS.SPEICHER-\u00a9Spieker-Fotografie-300x165.jpg.webp 300w, https:\/\/9staedte.de\/wp-content\/smush-webp\/2024\/07\/Einbeck-PS.SPEICHER-\u00a9Spieker-Fotografie-768x422.jpg.webp 768w, https:\/\/9staedte.de\/wp-content\/smush-webp\/2024\/07\/Einbeck-PS.SPEICHER-\u00a9Spieker-Fotografie.jpg.webp 1020w\" sizes=\"auto, (max-width: 300px) 100vw, 300px\" \/>                        <div class=\"thumbnail-label\">\n    <span>Einbeck PS.SPEICHER, \u00a9Spieker Fotografie<\/span>\n    <\/div>\n                <\/div>\n                        <div class=\"contentKachel-content\">\n                                    <div class=\"city-tag bg-einbeck\">\n                        Einbeck                    <\/div>\n                \n                <div class=\"title\">\n\n                    Rok mobilno\u015bci w Einbeck &#8211; Einbeck porusza Ciebie                    \n                <\/div>\n\n                            <\/div>\n\n        <\/div>\n    <\/a>\n<\/div>                                                        \n<div class=\"contentKachel filtr-item\" data-category=\"einbeck-pl\">\n    <a href=\"https:\/\/9staedte.de\/pl\/jahr-der-mobilitaet-einbeck-bewegt-exklusiv\/\">\n        <div class=\"contentKachel-inner\">\n                            <div class=\"contentKachel-thumbnail\">\n                    <img loading=\"lazy\" decoding=\"async\" width=\"300\" height=\"165\" src=\"https:\/\/9staedte.de\/wp-content\/smush-webp\/2024\/07\/PS.SPEICHER-Ausstellung-Auto-Horch-Motorraeder-CC0-300x165.jpg.webp\" class=\"objectfitcover withfilters wp-post-image\" alt=\"Zdj\u0119cie przedstawia wystaw\u0119 w PS.Speicher w Einbecku. Wida\u0107 zabytkowy motocykl z w\u00f3zkiem bocznym, drugi klasyczny motocykl oraz historyczny samoch\u00f3d marki Horch. W tle znajduje si\u0119 du\u017ce czarno-bia\u0142e zdj\u0119cie historycznej ulicy z murem pruskim. Pojazdy pochodz\u0105 z lat 20. XX wieku. Scena oddaje klimat nostalgii i historii motoryzacji.\" srcset=\"https:\/\/9staedte.de\/wp-content\/smush-webp\/2024\/07\/PS.SPEICHER-Ausstellung-Auto-Horch-Motorraeder-CC0-300x165.jpg.webp 300w, https:\/\/9staedte.de\/wp-content\/smush-webp\/2024\/07\/PS.SPEICHER-Ausstellung-Auto-Horch-Motorraeder-CC0-768x422.jpg.webp 768w, https:\/\/9staedte.de\/wp-content\/smush-webp\/2024\/07\/PS.SPEICHER-Ausstellung-Auto-Horch-Motorraeder-CC0.jpg.webp 1020w\" sizes=\"auto, (max-width: 300px) 100vw, 300px\" \/>                    <img loading=\"lazy\" decoding=\"async\" width=\"300\" height=\"165\" src=\"https:\/\/9staedte.de\/wp-content\/smush-webp\/2024\/07\/PS.SPEICHER-Ausstellung-Auto-Horch-Motorraeder-CC0-300x165.jpg.webp\" class=\"objectfitcontain wp-post-image\" alt=\"Zdj\u0119cie przedstawia wystaw\u0119 w PS.Speicher w Einbecku. Wida\u0107 zabytkowy motocykl z w\u00f3zkiem bocznym, drugi klasyczny motocykl oraz historyczny samoch\u00f3d marki Horch. W tle znajduje si\u0119 du\u017ce czarno-bia\u0142e zdj\u0119cie historycznej ulicy z murem pruskim. Pojazdy pochodz\u0105 z lat 20. XX wieku. Scena oddaje klimat nostalgii i historii motoryzacji.\" srcset=\"https:\/\/9staedte.de\/wp-content\/smush-webp\/2024\/07\/PS.SPEICHER-Ausstellung-Auto-Horch-Motorraeder-CC0-300x165.jpg.webp 300w, https:\/\/9staedte.de\/wp-content\/smush-webp\/2024\/07\/PS.SPEICHER-Ausstellung-Auto-Horch-Motorraeder-CC0-768x422.jpg.webp 768w, https:\/\/9staedte.de\/wp-content\/smush-webp\/2024\/07\/PS.SPEICHER-Ausstellung-Auto-Horch-Motorraeder-CC0.jpg.webp 1020w\" sizes=\"auto, (max-width: 300px) 100vw, 300px\" \/>                        <div class=\"thumbnail-label\">\n    <span>PS.SPEICHER, November 2022<\/span>\n    <\/div>\n                <\/div>\n                        <div class=\"contentKachel-content\">\n                                    <div class=\"city-tag bg-einbeck\">\n                        Einbeck                    <\/div>\n                \n                <div class=\"title\">\n\n                    Rok mobilno\u015bci &#8211; Einbeck przenosi si\u0119 na wy\u0142\u0105czno\u015b\u0107                    \n                <\/div>\n\n                            <\/div>\n\n        <\/div>\n    <\/a>\n<\/div>                                            <\/div>\r\n    <\/div>\r\n","protected":false},"excerpt":{"rendered":"","protected":false},"author":6,"featured_media":15628,"parent":18058,"menu_order":0,"comment_status":"closed","ping_status":"closed","template":"pagetemplates\/template-stadtthema.php","meta":{"_acf_changed":false,"footnotes":""},"categories":[],"tags":[],"ncap_cities_tax":[479,1389],"class_list":["post-16903","page","type-page","status-publish","has-post-thumbnail","hentry","ncap_cities_tax-einbeck-pl","ncap_cities_tax-pauschalen-einbeck-pl"],"acf":[],"yoast_head":"<!-- This site is optimized with the Yoast SEO plugin v27.4 - https:\/\/yoast.com\/product\/yoast-seo-wordpress\/ -->\n<title>Pakiety w Einbeck - 9 St\u00e4dte in Niedersachsen<\/title>\n<meta name=\"robots\" content=\"index, follow, max-snippet:-1, max-image-preview:large, max-video-preview:-1\" \/>\n<link rel=\"canonical\" href=\"https:\/\/9staedte.de\/pl\/einbeck-klasyczne-samochody-domy-z-muru-pruskiego-piwo\/pakiety-w-einbeck\/\" \/>\n<meta property=\"og:locale\" content=\"pl_PL\" \/>\n<meta property=\"og:type\" content=\"article\" \/>\n<meta property=\"og:title\" content=\"Pakiety w Einbeck - 9 St\u00e4dte in Niedersachsen\" \/>\n<meta property=\"og:url\" content=\"https:\/\/9staedte.de\/pl\/einbeck-klasyczne-samochody-domy-z-muru-pruskiego-piwo\/pakiety-w-einbeck\/\" \/>\n<meta property=\"og:site_name\" content=\"9 St\u00e4dte in Niedersachsen\" \/>\n<meta property=\"article:modified_time\" content=\"2024-07-04T08:37:09+00:00\" \/>\n<meta property=\"og:image\" content=\"https:\/\/9staedte.de\/wp-content\/uploads\/2023\/05\/Bierchen-vor-dem-Brodhaus-Einbeck-\u00a9Daniel-Li-Photography.jpg\" \/>\n\t<meta property=\"og:image:width\" content=\"1020\" \/>\n\t<meta property=\"og:image:height\" content=\"547\" \/>\n\t<meta property=\"og:image:type\" content=\"image\/jpeg\" \/>\n<meta name=\"twitter:card\" content=\"summary_large_image\" \/>\n<script type=\"application\/ld+json\" class=\"yoast-schema-graph\">{\"@context\":\"https:\\\/\\\/schema.org\",\"@graph\":[{\"@type\":\"WebPage\",\"@id\":\"https:\\\/\\\/9staedte.de\\\/pl\\\/einbeck-klasyczne-samochody-domy-z-muru-pruskiego-piwo\\\/pakiety-w-einbeck\\\/\",\"url\":\"https:\\\/\\\/9staedte.de\\\/pl\\\/einbeck-klasyczne-samochody-domy-z-muru-pruskiego-piwo\\\/pakiety-w-einbeck\\\/\",\"name\":\"Pakiety w Einbeck - 9 St\u00e4dte in Niedersachsen\",\"isPartOf\":{\"@id\":\"https:\\\/\\\/9staedte.de\\\/pl\\\/#website\"},\"primaryImageOfPage\":{\"@id\":\"https:\\\/\\\/9staedte.de\\\/pl\\\/einbeck-klasyczne-samochody-domy-z-muru-pruskiego-piwo\\\/pakiety-w-einbeck\\\/#primaryimage\"},\"image\":{\"@id\":\"https:\\\/\\\/9staedte.de\\\/pl\\\/einbeck-klasyczne-samochody-domy-z-muru-pruskiego-piwo\\\/pakiety-w-einbeck\\\/#primaryimage\"},\"thumbnailUrl\":\"https:\\\/\\\/9staedte.de\\\/wp-content\\\/uploads\\\/2023\\\/05\\\/Bierchen-vor-dem-Brodhaus-Einbeck-\u00a9Daniel-Li-Photography.jpg\",\"datePublished\":\"2023-11-02T08:46:19+00:00\",\"dateModified\":\"2024-07-04T08:37:09+00:00\",\"breadcrumb\":{\"@id\":\"https:\\\/\\\/9staedte.de\\\/pl\\\/einbeck-klasyczne-samochody-domy-z-muru-pruskiego-piwo\\\/pakiety-w-einbeck\\\/#breadcrumb\"},\"inLanguage\":\"pl-PL\",\"potentialAction\":[{\"@type\":\"ReadAction\",\"target\":[\"https:\\\/\\\/9staedte.de\\\/pl\\\/einbeck-klasyczne-samochody-domy-z-muru-pruskiego-piwo\\\/pakiety-w-einbeck\\\/\"]}]},{\"@type\":\"ImageObject\",\"inLanguage\":\"pl-PL\",\"@id\":\"https:\\\/\\\/9staedte.de\\\/pl\\\/einbeck-klasyczne-samochody-domy-z-muru-pruskiego-piwo\\\/pakiety-w-einbeck\\\/#primaryimage\",\"url\":\"https:\\\/\\\/9staedte.de\\\/wp-content\\\/uploads\\\/2023\\\/05\\\/Bierchen-vor-dem-Brodhaus-Einbeck-\u00a9Daniel-Li-Photography.jpg\",\"contentUrl\":\"https:\\\/\\\/9staedte.de\\\/wp-content\\\/uploads\\\/2023\\\/05\\\/Bierchen-vor-dem-Brodhaus-Einbeck-\u00a9Daniel-Li-Photography.jpg\",\"width\":1020,\"height\":547,\"caption\":\"EInbeck Bier vor dem Brodhaus - Einbeck - \u00a9Daniel Li Photography\"},{\"@type\":\"BreadcrumbList\",\"@id\":\"https:\\\/\\\/9staedte.de\\\/pl\\\/einbeck-klasyczne-samochody-domy-z-muru-pruskiego-piwo\\\/pakiety-w-einbeck\\\/#breadcrumb\",\"itemListElement\":[{\"@type\":\"ListItem\",\"position\":1,\"name\":\"Startseite\",\"item\":\"https:\\\/\\\/9staedte.de\\\/pl\\\/\"},{\"@type\":\"ListItem\",\"position\":2,\"name\":\"Einbeck &#8211; klasyczne samochody, domy z muru pruskiego, piwo\",\"item\":\"https:\\\/\\\/9staedte.de\\\/pl\\\/einbeck-klasyczne-samochody-domy-z-muru-pruskiego-piwo\\\/\"},{\"@type\":\"ListItem\",\"position\":3,\"name\":\"Pakiety w Einbeck\"}]},{\"@type\":\"WebSite\",\"@id\":\"https:\\\/\\\/9staedte.de\\\/pl\\\/#website\",\"url\":\"https:\\\/\\\/9staedte.de\\\/pl\\\/\",\"name\":\"9 St\u00e4dte in Niedersachsen\",\"description\":\"\",\"publisher\":{\"@id\":\"https:\\\/\\\/9staedte.de\\\/pl\\\/#organization\"},\"potentialAction\":[{\"@type\":\"SearchAction\",\"target\":{\"@type\":\"EntryPoint\",\"urlTemplate\":\"https:\\\/\\\/9staedte.de\\\/pl\\\/?s={search_term_string}\"},\"query-input\":{\"@type\":\"PropertyValueSpecification\",\"valueRequired\":true,\"valueName\":\"search_term_string\"}}],\"inLanguage\":\"pl-PL\"},{\"@type\":\"Organization\",\"@id\":\"https:\\\/\\\/9staedte.de\\\/pl\\\/#organization\",\"name\":\"9 St\u00e4dte in Niedersachsen\",\"url\":\"https:\\\/\\\/9staedte.de\\\/pl\\\/\",\"logo\":{\"@type\":\"ImageObject\",\"inLanguage\":\"pl-PL\",\"@id\":\"https:\\\/\\\/9staedte.de\\\/pl\\\/#\\\/schema\\\/logo\\\/image\\\/\",\"url\":\"https:\\\/\\\/9staedte.de\\\/wp-content\\\/uploads\\\/2025\\\/01\\\/9-neg-deutsch-2-1.png\",\"contentUrl\":\"https:\\\/\\\/9staedte.de\\\/wp-content\\\/uploads\\\/2025\\\/01\\\/9-neg-deutsch-2-1.png\",\"width\":190,\"height\":114,\"caption\":\"9 St\u00e4dte in Niedersachsen\"},\"image\":{\"@id\":\"https:\\\/\\\/9staedte.de\\\/pl\\\/#\\\/schema\\\/logo\\\/image\\\/\"}}]}<\/script>\n<!-- \/ Yoast SEO plugin. -->","yoast_head_json":{"title":"Pakiety w Einbeck - 9 St\u00e4dte in Niedersachsen","robots":{"index":"index","follow":"follow","max-snippet":"max-snippet:-1","max-image-preview":"max-image-preview:large","max-video-preview":"max-video-preview:-1"},"canonical":"https:\/\/9staedte.de\/pl\/einbeck-klasyczne-samochody-domy-z-muru-pruskiego-piwo\/pakiety-w-einbeck\/","og_locale":"pl_PL","og_type":"article","og_title":"Pakiety w Einbeck - 9 St\u00e4dte in Niedersachsen","og_url":"https:\/\/9staedte.de\/pl\/einbeck-klasyczne-samochody-domy-z-muru-pruskiego-piwo\/pakiety-w-einbeck\/","og_site_name":"9 St\u00e4dte in Niedersachsen","article_modified_time":"2024-07-04T08:37:09+00:00","og_image":[{"width":1020,"height":547,"url":"https:\/\/9staedte.de\/wp-content\/uploads\/2023\/05\/Bierchen-vor-dem-Brodhaus-Einbeck-\u00a9Daniel-Li-Photography.jpg","type":"image\/jpeg"}],"twitter_card":"summary_large_image","schema":{"@context":"https:\/\/schema.org","@graph":[{"@type":"WebPage","@id":"https:\/\/9staedte.de\/pl\/einbeck-klasyczne-samochody-domy-z-muru-pruskiego-piwo\/pakiety-w-einbeck\/","url":"https:\/\/9staedte.de\/pl\/einbeck-klasyczne-samochody-domy-z-muru-pruskiego-piwo\/pakiety-w-einbeck\/","name":"Pakiety w Einbeck - 9 St\u00e4dte in Niedersachsen","isPartOf":{"@id":"https:\/\/9staedte.de\/pl\/#website"},"primaryImageOfPage":{"@id":"https:\/\/9staedte.de\/pl\/einbeck-klasyczne-samochody-domy-z-muru-pruskiego-piwo\/pakiety-w-einbeck\/#primaryimage"},"image":{"@id":"https:\/\/9staedte.de\/pl\/einbeck-klasyczne-samochody-domy-z-muru-pruskiego-piwo\/pakiety-w-einbeck\/#primaryimage"},"thumbnailUrl":"https:\/\/9staedte.de\/wp-content\/uploads\/2023\/05\/Bierchen-vor-dem-Brodhaus-Einbeck-\u00a9Daniel-Li-Photography.jpg","datePublished":"2023-11-02T08:46:19+00:00","dateModified":"2024-07-04T08:37:09+00:00","breadcrumb":{"@id":"https:\/\/9staedte.de\/pl\/einbeck-klasyczne-samochody-domy-z-muru-pruskiego-piwo\/pakiety-w-einbeck\/#breadcrumb"},"inLanguage":"pl-PL","potentialAction":[{"@type":"ReadAction","target":["https:\/\/9staedte.de\/pl\/einbeck-klasyczne-samochody-domy-z-muru-pruskiego-piwo\/pakiety-w-einbeck\/"]}]},{"@type":"ImageObject","inLanguage":"pl-PL","@id":"https:\/\/9staedte.de\/pl\/einbeck-klasyczne-samochody-domy-z-muru-pruskiego-piwo\/pakiety-w-einbeck\/#primaryimage","url":"https:\/\/9staedte.de\/wp-content\/uploads\/2023\/05\/Bierchen-vor-dem-Brodhaus-Einbeck-\u00a9Daniel-Li-Photography.jpg","contentUrl":"https:\/\/9staedte.de\/wp-content\/uploads\/2023\/05\/Bierchen-vor-dem-Brodhaus-Einbeck-\u00a9Daniel-Li-Photography.jpg","width":1020,"height":547,"caption":"EInbeck Bier vor dem Brodhaus - Einbeck - \u00a9Daniel Li Photography"},{"@type":"BreadcrumbList","@id":"https:\/\/9staedte.de\/pl\/einbeck-klasyczne-samochody-domy-z-muru-pruskiego-piwo\/pakiety-w-einbeck\/#breadcrumb","itemListElement":[{"@type":"ListItem","position":1,"name":"Startseite","item":"https:\/\/9staedte.de\/pl\/"},{"@type":"ListItem","position":2,"name":"Einbeck &#8211; klasyczne samochody, domy z muru pruskiego, piwo","item":"https:\/\/9staedte.de\/pl\/einbeck-klasyczne-samochody-domy-z-muru-pruskiego-piwo\/"},{"@type":"ListItem","position":3,"name":"Pakiety w Einbeck"}]},{"@type":"WebSite","@id":"https:\/\/9staedte.de\/pl\/#website","url":"https:\/\/9staedte.de\/pl\/","name":"9 St\u00e4dte in Niedersachsen","description":"","publisher":{"@id":"https:\/\/9staedte.de\/pl\/#organization"},"potentialAction":[{"@type":"SearchAction","target":{"@type":"EntryPoint","urlTemplate":"https:\/\/9staedte.de\/pl\/?s={search_term_string}"},"query-input":{"@type":"PropertyValueSpecification","valueRequired":true,"valueName":"search_term_string"}}],"inLanguage":"pl-PL"},{"@type":"Organization","@id":"https:\/\/9staedte.de\/pl\/#organization","name":"9 St\u00e4dte in Niedersachsen","url":"https:\/\/9staedte.de\/pl\/","logo":{"@type":"ImageObject","inLanguage":"pl-PL","@id":"https:\/\/9staedte.de\/pl\/#\/schema\/logo\/image\/","url":"https:\/\/9staedte.de\/wp-content\/uploads\/2025\/01\/9-neg-deutsch-2-1.png","contentUrl":"https:\/\/9staedte.de\/wp-content\/uploads\/2025\/01\/9-neg-deutsch-2-1.png","width":190,"height":114,"caption":"9 St\u00e4dte in Niedersachsen"},"image":{"@id":"https:\/\/9staedte.de\/pl\/#\/schema\/logo\/image\/"}}]}},"_links":{"self":[{"href":"https:\/\/9staedte.de\/pl\/wp-json\/wp\/v2\/pages\/16903","targetHints":{"allow":["GET"]}}],"collection":[{"href":"https:\/\/9staedte.de\/pl\/wp-json\/wp\/v2\/pages"}],"about":[{"href":"https:\/\/9staedte.de\/pl\/wp-json\/wp\/v2\/types\/page"}],"author":[{"embeddable":true,"href":"https:\/\/9staedte.de\/pl\/wp-json\/wp\/v2\/users\/6"}],"replies":[{"embeddable":true,"href":"https:\/\/9staedte.de\/pl\/wp-json\/wp\/v2\/comments?post=16903"}],"version-history":[{"count":2,"href":"https:\/\/9staedte.de\/pl\/wp-json\/wp\/v2\/pages\/16903\/revisions"}],"predecessor-version":[{"id":22949,"href":"https:\/\/9staedte.de\/pl\/wp-json\/wp\/v2\/pages\/16903\/revisions\/22949"}],"up":[{"embeddable":true,"href":"https:\/\/9staedte.de\/pl\/wp-json\/wp\/v2\/pages\/18058"}],"wp:featuredmedia":[{"embeddable":true,"href":"https:\/\/9staedte.de\/pl\/wp-json\/wp\/v2\/media\/15628"}],"wp:attachment":[{"href":"https:\/\/9staedte.de\/pl\/wp-json\/wp\/v2\/media?parent=16903"}],"wp:term":[{"taxonomy":"category","embeddable":true,"href":"https:\/\/9staedte.de\/pl\/wp-json\/wp\/v2\/categories?post=16903"},{"taxonomy":"post_tag","embeddable":true,"href":"https:\/\/9staedte.de\/pl\/wp-json\/wp\/v2\/tags?post=16903"},{"taxonomy":"ncap_cities_tax","embeddable":true,"href":"https:\/\/9staedte.de\/pl\/wp-json\/wp\/v2\/ncap_cities_tax?post=16903"}],"curies":[{"name":"wp","href":"https:\/\/api.w.org\/{rel}","templated":true}]}}