{"id":9786,"date":"2023-09-28T15:36:42","date_gmt":"2023-09-28T13:36:42","guid":{"rendered":"https:\/\/9staedte.de\/goettingen-stad-die-kennis-creeert\/"},"modified":"2025-05-15T12:46:02","modified_gmt":"2025-05-15T10:46:02","slug":"goettingen-stad-die-kennis-creeert","status":"publish","type":"page","link":"https:\/\/9staedte.de\/nl\/goettingen-stad-die-kennis-creeert\/","title":{"rendered":"G\u00f6ttingen &#8211; Stad die kennis cre\u00ebert"},"content":{"rendered":"\n<h2 class=\"wp-block-heading\">Universiteitsstad rijk aan traditie<\/h2>\n\n\n\n<p>Reizigers waarderen de kosmopolitische sfeer van de levendige stad, waar studenten en internationale gasten het straatbeeld domineren. De combinatie van traditie en moderniteit is niet alleen te vinden op de beroemde Georg August Universiteit, maar overal in G\u00f6ttingen. De oude stad combineert op charmante wijze de herinneringen aan de middeleeuwse koopmansstad met de flair van een moderne winkelmetropool. De levendige zijstraten nodigen je uit om te winkelen, gezellige restaurants en schilderachtige studentencaf\u00e9s nodigen je uit om te blijven hangen. Het culturele aanbod is uitzonderlijk. Theaters, orkesten, musea en tentoonstellingen trekken veel bezoekers.<\/p>\n\n\n\n<p><a href=\"http:\/\/www.goettingen-tourismus.de\/\">www.goettingen-tourismus.de<\/a><\/p>\n\n\n\n\n<div class=\"banner-wrapper\">\n  <div class=\"banner-inner \">\n      <div class=\"img-container\">\n      <div class=\"img-wrapper\">\n        <img decoding=\"async\" src=\"https:\/\/9staedte.de\/wp-content\/smush-webp\/2023\/02\/Goettingen-Gaenseliesel-c-Lars-Gerhardts.jpg.webp\" alt=\"G\u00f6ttingen G\u00e4nseliesel c) G\u00f6ttingen Marketing GmbH Lars Gerhardts\" \/>\n                  <div class=\"thumbnail-label\">\n            <span>G\u00f6ttingen G\u00e4nseliesel c) Lars Gerhardts<\/span>\n          <\/div>\n              <\/div>\n    <\/div>\n        <div class=\"text-container\">\n      <div class=\"content\">\n        <p><strong>Speciale tips<\/strong><\/p>\n<p>&#8211; Neem deel aan een stadstour<br \/>\n&#8211; Winkelen in de historische oude stad<br \/>\n&#8211; Rondleiding door de traditionele universiteit<br \/>\n&#8211; Wandeling langs de stadswallen<br \/>\n&#8211; Rondleiding over de stadsbegraafplaats (graven van Nobelprijswinnaars)<br \/>\n&#8211; Bezoek aan de zoutfabriek Luisenhall<br \/>\n&#8211; Vandretur til Bismarckt\u00e5rnet<br \/>\n&#8211; Ontspanning in het zwemparadijs Eiswiese<br \/>\n&#8211; Internationaal H\u00e4ndelfestival<\/p>\n      <\/div>\n    <\/div>\n    <\/div>\n<\/div>\n\n\n\n\n<div style=\"height:30px\" aria-hidden=\"true\" class=\"wp-block-spacer\"><\/div>\n\n\n\n<div class=\"wp-block-columns is-layout-flex wp-container-core-columns-is-layout-9d6595d7 wp-block-columns-is-layout-flex\">\n<div class=\"wp-block-column is-layout-flow wp-block-column-is-layout-flow\" style=\"flex-basis:66.66%\">\n <div class=\"brlbs-cmpnt-container brlbs-cmpnt-content-blocker brlbs-cmpnt-with-individual-styles\" data-borlabs-cookie-content-blocker-id=\"google-maps\" data-borlabs-cookie-content=\"PGlmcmFtZSBzcmM9Imh0dHBzOi8vd3d3Lmdvb2dsZS5jb20vbWFwcy9kL2VtYmVkP21pZD0xcnFxUDl2dWdUcHVPdExseUUxWFlHc0VpaklYam91WSZhbXA7ZWhiYz0yRTMxMkYiIHdpZHRoPSIxMDAlIiBoZWlnaHQ9IjQ1MCI+PC9pZnJhbWU+\"><div class=\"brlbs-cmpnt-cb-preset-b brlbs-cmpnt-cb-google-maps\"> <div class=\"brlbs-cmpnt-cb-thumbnail\" style=\"background-image: url('https:\/\/9staedte.de\/wp-content\/uploads\/borlabs-cookie\/1\/brlbs-cb-google-maps-main.png')\"><\/div> <div class=\"brlbs-cmpnt-cb-main\"> <div class=\"brlbs-cmpnt-cb-content\"> <p class=\"brlbs-cmpnt-cb-description\">U bekijkt momenteel inhoud van een plaatshouder van <strong>Google Maps<\/strong>. Klik op de knop hieronder om de volledige inhoud te bekijken. Houd er rekening mee dat u op deze manier gegevens deelt met providers van derden.<\/p> <a class=\"brlbs-cmpnt-cb-provider-toggle\" href=\"#\" data-borlabs-cookie-show-provider-information role=\"button\">Meer informatie<\/a> <\/div> <div class=\"brlbs-cmpnt-cb-buttons\"> <a class=\"brlbs-cmpnt-cb-btn\" href=\"#\" data-borlabs-cookie-unblock role=\"button\">Inhoud deblokkeren<\/a> <a class=\"brlbs-cmpnt-cb-btn\" href=\"#\" data-borlabs-cookie-accept-service role=\"button\" style=\"display: inherit\">Vereiste service accepteren en inhoud deblokkeren<\/a> <\/div> <\/div> <\/div><\/div>\n<\/div>\n\n\n\n<div class=\"wp-block-column is-layout-flow wp-block-column-is-layout-flow\" style=\"flex-basis:33.33%\">\n<p><strong>Bezienswaardigheden:<\/strong><\/p>\n\n\n\n<ul class=\"wp-block-list map-legend main-legend\">\n<li>Kennismuseum &#8220;Forum Wissen  <\/li>\n\n\n\n<li>St. John&#8217;s  <\/li>\n\n\n\n<li>Oude Stadhuis  <\/li>\n\n\n\n<li>G\u00e4nseliesel fontein<\/li>\n\n\n\n<li>Junkernsch\u00e4nke  <\/li>\n\n\n\n<li>St. Jacob  <\/li>\n\n\n\n<li>Auditorium van de universiteit  <\/li>\n\n\n\n<li>Duits theater  <\/li>\n\n\n\n<li>Oude botanische tuin<\/li>\n<\/ul>\n<\/div>\n<\/div>\n\n\n\n<div style=\"height:60px\" aria-hidden=\"true\" class=\"wp-block-spacer\"><\/div>\n\n\n\n<div class=\"content-grid\">\n\n\n  \n  <div class=\"grid\">\n                        \n                    \n          <div class=\"featured-themen-single\">\n            <div class=\"featured-themen-single-inner\" style=\"background-image: url('https:\/\/9staedte.de\/wp-content\/uploads\/2023\/02\/Goettingen_Alter_Bot._GartencChristoph_Mischke.jpg')\">\n              \n              <a href=\"https:\/\/9staedte.de\/nl\/goettingen-stad-die-kennis-creeert\/goettingen-duurzaam-ontdekken\/\">\n                <span>G\u00f6ttingen &#8211; duurzaam ontdekken<\/span>\n              <\/a>\n            <\/div>\n          <\/div>\n    \n          \n                  \n                    \n          <div class=\"featured-themen-single\">\n            <div class=\"featured-themen-single-inner\" style=\"background-image: url('https:\/\/9staedte.de\/wp-content\/smush-webp\/2023\/02\/Ausgehen-in-Goettingen-c-Goettingen-Tourismus-Lars-Gerhardts.jpg.webp')\">\n              \n              <a href=\"https:\/\/9staedte.de\/nl\/goettingen-stad-die-kennis-creeert\/winkelen-en-uitgaan-in-goettingen\/\">\n                <span>Winkelen en uitgaan in G\u00f6ttingen<\/span>\n              <\/a>\n            <\/div>\n          <\/div>\n    \n          \n                  \n                    \n          <div class=\"featured-themen-single\">\n            <div class=\"featured-themen-single-inner\" style=\"background-image: url('https:\/\/9staedte.de\/wp-content\/smush-webp\/2022\/03\/Goettingen-Impressionen-Altes_Rathaus_Abendstimmung.jpg.webp')\">\n              \n              <a href=\"https:\/\/9staedte.de\/nl\/goettingen-stad-die-kennis-creeert\/impressies-uit-goettingen\/\">\n                <span>Impressies uit G\u00f6ttingen<\/span>\n              <\/a>\n            <\/div>\n          <\/div>\n    \n          \n                  \n                    \n          <div class=\"featured-themen-single\">\n            <div class=\"featured-themen-single-inner\" style=\"background-image: url('https:\/\/9staedte.de\/wp-content\/smush-webp\/2023\/02\/Goettingen-Paulinerstrasse-c-Lars-Gerhardts.jpg.webp')\">\n              \n              <a href=\"https:\/\/9staedte.de\/nl\/goettingen-stad-die-kennis-creeert\/stadswandelingen-in-gottingen\/\">\n                <span>Stadswandelingen in G\u00f6ttingen<\/span>\n              <\/a>\n            <\/div>\n          <\/div>\n    \n          \n                  \n                    \n          <div class=\"featured-themen-single\">\n            <div class=\"featured-themen-single-inner\" style=\"background-image: url('https:\/\/9staedte.de\/wp-content\/smush-webp\/2023\/02\/Goettingen-Weihnachtsmarkt-c-Christoph-Mischke.jpg.webp')\">\n              \n              <a href=\"https:\/\/9staedte.de\/nl\/goettingen-stad-die-kennis-creeert\/weihnachtsmarkt-in-goettingen\/\">\n                <span>Kerstmarkt in G\u00f6ttingen<\/span>\n              <\/a>\n            <\/div>\n          <\/div>\n    \n          \n                          \n        <\/div>\n<\/div>","protected":false},"excerpt":{"rendered":"<p>Universiteitsstad rijk aan traditie Reizigers waarderen de kosmopolitische sfeer van de levendige stad, waar studenten en internationale gasten het straatbeeld domineren. De combinatie van traditie en moderniteit is niet alleen te vinden op de beroemde Georg August Universiteit, maar overal in G\u00f6ttingen. De oude stad combineert op charmante wijze de herinneringen aan de middeleeuwse koopmansstad [&hellip;]<\/p>\n","protected":false},"author":1,"featured_media":11350,"parent":0,"menu_order":0,"comment_status":"closed","ping_status":"closed","template":"pagetemplates\/template-stadtseite.php","meta":{"_acf_changed":false,"footnotes":""},"categories":[],"tags":[],"ncap_cities_tax":[433],"class_list":["post-9786","page","type-page","status-publish","has-post-thumbnail","hentry","ncap_cities_tax-goettingen-nl"],"acf":[],"yoast_head":"<!-- This site is optimized with the Yoast SEO plugin v26.8 - https:\/\/yoast.com\/product\/yoast-seo-wordpress\/ -->\n<title>G\u00f6ttingen - Stad die kennis cre\u00ebert - 9 St\u00e4dte in Niedersachsen<\/title>\n<meta name=\"description\" content=\"De combinatie van traditie en moderniteit is niet alleen te vinden op de beroemde Georg August Universiteit, maar overal in G\u00f6ttingen.\" \/>\n<meta name=\"robots\" content=\"index, follow, max-snippet:-1, max-image-preview:large, max-video-preview:-1\" \/>\n<link rel=\"canonical\" href=\"https:\/\/9staedte.de\/nl\/goettingen-stad-die-kennis-creeert\/\" \/>\n<meta property=\"og:locale\" content=\"nl_NL\" \/>\n<meta property=\"og:type\" content=\"article\" \/>\n<meta property=\"og:title\" content=\"G\u00f6ttingen - Stad die kennis cre\u00ebert - 9 St\u00e4dte in Niedersachsen\" \/>\n<meta property=\"og:description\" content=\"De combinatie van traditie en moderniteit is niet alleen te vinden op de beroemde Georg August Universiteit, maar overal in G\u00f6ttingen.\" \/>\n<meta property=\"og:url\" content=\"https:\/\/9staedte.de\/nl\/goettingen-stad-die-kennis-creeert\/\" \/>\n<meta property=\"og:site_name\" content=\"9 St\u00e4dte in Niedersachsen\" \/>\n<meta property=\"article:modified_time\" content=\"2025-05-15T10:46:02+00:00\" \/>\n<meta property=\"og:image\" content=\"https:\/\/9staedte.de\/wp-content\/uploads\/2023\/06\/Goettingen-Gaenseliesel-c-Lars-Gerhardts.jpg\" \/>\n\t<meta property=\"og:image:width\" content=\"1020\" \/>\n\t<meta property=\"og:image:height\" content=\"560\" \/>\n\t<meta property=\"og:image:type\" content=\"image\/jpeg\" \/>\n<meta name=\"twitter:card\" content=\"summary_large_image\" \/>\n<meta name=\"twitter:label1\" content=\"Geschatte leestijd\" \/>\n\t<meta name=\"twitter:data1\" content=\"1 minuut\" \/>\n<script type=\"application\/ld+json\" class=\"yoast-schema-graph\">{\"@context\":\"https:\/\/schema.org\",\"@graph\":[{\"@type\":\"WebPage\",\"@id\":\"https:\/\/9staedte.de\/nl\/goettingen-stad-die-kennis-creeert\/\",\"url\":\"https:\/\/9staedte.de\/nl\/goettingen-stad-die-kennis-creeert\/\",\"name\":\"G\u00f6ttingen - Stad die kennis cre\u00ebert - 9 St\u00e4dte in Niedersachsen\",\"isPartOf\":{\"@id\":\"https:\/\/9staedte.de\/nl\/#website\"},\"primaryImageOfPage\":{\"@id\":\"https:\/\/9staedte.de\/nl\/goettingen-stad-die-kennis-creeert\/#primaryimage\"},\"image\":{\"@id\":\"https:\/\/9staedte.de\/nl\/goettingen-stad-die-kennis-creeert\/#primaryimage\"},\"thumbnailUrl\":\"https:\/\/9staedte.de\/wp-content\/uploads\/2023\/07\/Altes-Rathaus-Goettingen-Abendstimmung-c-Goettingen-Tourismus-und-Marketing-e.V.jpg\",\"datePublished\":\"2023-09-28T13:36:42+00:00\",\"dateModified\":\"2025-05-15T10:46:02+00:00\",\"description\":\"De combinatie van traditie en moderniteit is niet alleen te vinden op de beroemde Georg August Universiteit, maar overal in G\u00f6ttingen.\",\"breadcrumb\":{\"@id\":\"https:\/\/9staedte.de\/nl\/goettingen-stad-die-kennis-creeert\/#breadcrumb\"},\"inLanguage\":\"nl-NL\",\"potentialAction\":[{\"@type\":\"ReadAction\",\"target\":[\"https:\/\/9staedte.de\/nl\/goettingen-stad-die-kennis-creeert\/\"]}]},{\"@type\":\"ImageObject\",\"inLanguage\":\"nl-NL\",\"@id\":\"https:\/\/9staedte.de\/nl\/goettingen-stad-die-kennis-creeert\/#primaryimage\",\"url\":\"https:\/\/9staedte.de\/wp-content\/uploads\/2023\/07\/Altes-Rathaus-Goettingen-Abendstimmung-c-Goettingen-Tourismus-und-Marketing-e.V.jpg\",\"contentUrl\":\"https:\/\/9staedte.de\/wp-content\/uploads\/2023\/07\/Altes-Rathaus-Goettingen-Abendstimmung-c-Goettingen-Tourismus-und-Marketing-e.V.jpg\",\"width\":2500,\"height\":1623,\"caption\":\"Altes Rathaus G\u00f6ttingen - Abendstimmung c) G\u00f6ttingen Tourismus und Marketing e.V.\"},{\"@type\":\"BreadcrumbList\",\"@id\":\"https:\/\/9staedte.de\/nl\/goettingen-stad-die-kennis-creeert\/#breadcrumb\",\"itemListElement\":[{\"@type\":\"ListItem\",\"position\":1,\"name\":\"Startseite\",\"item\":\"https:\/\/9staedte.de\/nl\/\"},{\"@type\":\"ListItem\",\"position\":2,\"name\":\"G\u00f6ttingen &#8211; Stad die kennis cre\u00ebert\"}]},{\"@type\":\"WebSite\",\"@id\":\"https:\/\/9staedte.de\/nl\/#website\",\"url\":\"https:\/\/9staedte.de\/nl\/\",\"name\":\"9 St\u00e4dte in Niedersachsen\",\"description\":\"\",\"publisher\":{\"@id\":\"https:\/\/9staedte.de\/nl\/#organization\"},\"potentialAction\":[{\"@type\":\"SearchAction\",\"target\":{\"@type\":\"EntryPoint\",\"urlTemplate\":\"https:\/\/9staedte.de\/nl\/?s={search_term_string}\"},\"query-input\":{\"@type\":\"PropertyValueSpecification\",\"valueRequired\":true,\"valueName\":\"search_term_string\"}}],\"inLanguage\":\"nl-NL\"},{\"@type\":\"Organization\",\"@id\":\"https:\/\/9staedte.de\/nl\/#organization\",\"name\":\"9 St\u00e4dte in Niedersachsen\",\"url\":\"https:\/\/9staedte.de\/nl\/\",\"logo\":{\"@type\":\"ImageObject\",\"inLanguage\":\"nl-NL\",\"@id\":\"https:\/\/9staedte.de\/nl\/#\/schema\/logo\/image\/\",\"url\":\"https:\/\/9staedte.de\/wp-content\/uploads\/2025\/01\/9-neg-deutsch-2-1.png\",\"contentUrl\":\"https:\/\/9staedte.de\/wp-content\/uploads\/2025\/01\/9-neg-deutsch-2-1.png\",\"width\":190,\"height\":114,\"caption\":\"9 St\u00e4dte in Niedersachsen\"},\"image\":{\"@id\":\"https:\/\/9staedte.de\/nl\/#\/schema\/logo\/image\/\"}}]}<\/script>\n<!-- \/ Yoast SEO plugin. -->","yoast_head_json":{"title":"G\u00f6ttingen - Stad die kennis cre\u00ebert - 9 St\u00e4dte in Niedersachsen","description":"De combinatie van traditie en moderniteit is niet alleen te vinden op de beroemde Georg August Universiteit, maar overal in G\u00f6ttingen.","robots":{"index":"index","follow":"follow","max-snippet":"max-snippet:-1","max-image-preview":"max-image-preview:large","max-video-preview":"max-video-preview:-1"},"canonical":"https:\/\/9staedte.de\/nl\/goettingen-stad-die-kennis-creeert\/","og_locale":"nl_NL","og_type":"article","og_title":"G\u00f6ttingen - Stad die kennis cre\u00ebert - 9 St\u00e4dte in Niedersachsen","og_description":"De combinatie van traditie en moderniteit is niet alleen te vinden op de beroemde Georg August Universiteit, maar overal in G\u00f6ttingen.","og_url":"https:\/\/9staedte.de\/nl\/goettingen-stad-die-kennis-creeert\/","og_site_name":"9 St\u00e4dte in Niedersachsen","article_modified_time":"2025-05-15T10:46:02+00:00","og_image":[{"width":1020,"height":560,"url":"https:\/\/9staedte.de\/wp-content\/uploads\/2023\/06\/Goettingen-Gaenseliesel-c-Lars-Gerhardts.jpg","type":"image\/jpeg"}],"twitter_card":"summary_large_image","twitter_misc":{"Geschatte leestijd":"1 minuut"},"schema":{"@context":"https:\/\/schema.org","@graph":[{"@type":"WebPage","@id":"https:\/\/9staedte.de\/nl\/goettingen-stad-die-kennis-creeert\/","url":"https:\/\/9staedte.de\/nl\/goettingen-stad-die-kennis-creeert\/","name":"G\u00f6ttingen - Stad die kennis cre\u00ebert - 9 St\u00e4dte in Niedersachsen","isPartOf":{"@id":"https:\/\/9staedte.de\/nl\/#website"},"primaryImageOfPage":{"@id":"https:\/\/9staedte.de\/nl\/goettingen-stad-die-kennis-creeert\/#primaryimage"},"image":{"@id":"https:\/\/9staedte.de\/nl\/goettingen-stad-die-kennis-creeert\/#primaryimage"},"thumbnailUrl":"https:\/\/9staedte.de\/wp-content\/uploads\/2023\/07\/Altes-Rathaus-Goettingen-Abendstimmung-c-Goettingen-Tourismus-und-Marketing-e.V.jpg","datePublished":"2023-09-28T13:36:42+00:00","dateModified":"2025-05-15T10:46:02+00:00","description":"De combinatie van traditie en moderniteit is niet alleen te vinden op de beroemde Georg August Universiteit, maar overal in G\u00f6ttingen.","breadcrumb":{"@id":"https:\/\/9staedte.de\/nl\/goettingen-stad-die-kennis-creeert\/#breadcrumb"},"inLanguage":"nl-NL","potentialAction":[{"@type":"ReadAction","target":["https:\/\/9staedte.de\/nl\/goettingen-stad-die-kennis-creeert\/"]}]},{"@type":"ImageObject","inLanguage":"nl-NL","@id":"https:\/\/9staedte.de\/nl\/goettingen-stad-die-kennis-creeert\/#primaryimage","url":"https:\/\/9staedte.de\/wp-content\/uploads\/2023\/07\/Altes-Rathaus-Goettingen-Abendstimmung-c-Goettingen-Tourismus-und-Marketing-e.V.jpg","contentUrl":"https:\/\/9staedte.de\/wp-content\/uploads\/2023\/07\/Altes-Rathaus-Goettingen-Abendstimmung-c-Goettingen-Tourismus-und-Marketing-e.V.jpg","width":2500,"height":1623,"caption":"Altes Rathaus G\u00f6ttingen - Abendstimmung c) G\u00f6ttingen Tourismus und Marketing e.V."},{"@type":"BreadcrumbList","@id":"https:\/\/9staedte.de\/nl\/goettingen-stad-die-kennis-creeert\/#breadcrumb","itemListElement":[{"@type":"ListItem","position":1,"name":"Startseite","item":"https:\/\/9staedte.de\/nl\/"},{"@type":"ListItem","position":2,"name":"G\u00f6ttingen &#8211; Stad die kennis cre\u00ebert"}]},{"@type":"WebSite","@id":"https:\/\/9staedte.de\/nl\/#website","url":"https:\/\/9staedte.de\/nl\/","name":"9 St\u00e4dte in Niedersachsen","description":"","publisher":{"@id":"https:\/\/9staedte.de\/nl\/#organization"},"potentialAction":[{"@type":"SearchAction","target":{"@type":"EntryPoint","urlTemplate":"https:\/\/9staedte.de\/nl\/?s={search_term_string}"},"query-input":{"@type":"PropertyValueSpecification","valueRequired":true,"valueName":"search_term_string"}}],"inLanguage":"nl-NL"},{"@type":"Organization","@id":"https:\/\/9staedte.de\/nl\/#organization","name":"9 St\u00e4dte in Niedersachsen","url":"https:\/\/9staedte.de\/nl\/","logo":{"@type":"ImageObject","inLanguage":"nl-NL","@id":"https:\/\/9staedte.de\/nl\/#\/schema\/logo\/image\/","url":"https:\/\/9staedte.de\/wp-content\/uploads\/2025\/01\/9-neg-deutsch-2-1.png","contentUrl":"https:\/\/9staedte.de\/wp-content\/uploads\/2025\/01\/9-neg-deutsch-2-1.png","width":190,"height":114,"caption":"9 St\u00e4dte in Niedersachsen"},"image":{"@id":"https:\/\/9staedte.de\/nl\/#\/schema\/logo\/image\/"}}]}},"_links":{"self":[{"href":"https:\/\/9staedte.de\/nl\/wp-json\/wp\/v2\/pages\/9786","targetHints":{"allow":["GET"]}}],"collection":[{"href":"https:\/\/9staedte.de\/nl\/wp-json\/wp\/v2\/pages"}],"about":[{"href":"https:\/\/9staedte.de\/nl\/wp-json\/wp\/v2\/types\/page"}],"author":[{"embeddable":true,"href":"https:\/\/9staedte.de\/nl\/wp-json\/wp\/v2\/users\/1"}],"replies":[{"embeddable":true,"href":"https:\/\/9staedte.de\/nl\/wp-json\/wp\/v2\/comments?post=9786"}],"version-history":[{"count":6,"href":"https:\/\/9staedte.de\/nl\/wp-json\/wp\/v2\/pages\/9786\/revisions"}],"predecessor-version":[{"id":25787,"href":"https:\/\/9staedte.de\/nl\/wp-json\/wp\/v2\/pages\/9786\/revisions\/25787"}],"wp:featuredmedia":[{"embeddable":true,"href":"https:\/\/9staedte.de\/nl\/wp-json\/wp\/v2\/media\/11350"}],"wp:attachment":[{"href":"https:\/\/9staedte.de\/nl\/wp-json\/wp\/v2\/media?parent=9786"}],"wp:term":[{"taxonomy":"category","embeddable":true,"href":"https:\/\/9staedte.de\/nl\/wp-json\/wp\/v2\/categories?post=9786"},{"taxonomy":"post_tag","embeddable":true,"href":"https:\/\/9staedte.de\/nl\/wp-json\/wp\/v2\/tags?post=9786"},{"taxonomy":"ncap_cities_tax","embeddable":true,"href":"https:\/\/9staedte.de\/nl\/wp-json\/wp\/v2\/ncap_cities_tax?post=9786"}],"curies":[{"name":"wp","href":"https:\/\/api.w.org\/{rel}","templated":true}]}}