{"id":9772,"date":"2023-09-28T15:36:40","date_gmt":"2023-09-28T13:36:40","guid":{"rendered":"https:\/\/9staedte.de\/contact-reisplanning\/"},"modified":"2023-09-28T16:56:05","modified_gmt":"2023-09-28T14:56:05","slug":"contact-reisplanning","status":"publish","type":"page","link":"https:\/\/9staedte.de\/nl\/contact-reisplanning\/","title":{"rendered":"Contact &amp; Reisplanning"},"content":{"rendered":"\n<h3 class=\"wp-block-heading\">Je kunt ons hier vinden:  <\/h3>\n\n\n\n<p>Braunschweig, Celle, Einbeck, G\u00f6ttingen, Goslar, Hameln, Hannover, Hildesheim, Wolfenb\u00fcttel  <br>+ de Autostadt in Wolfsburg, luchthaven Hannover<\/p>\n\n\n\n<h4 class=\"wp-block-heading\">9 steden + 2 &#8211; \u00e9\u00e9n contact!<\/h4>\n\n\n\n<p>Informatie over alle 9 steden en de Autostadt in Wolfsburg is beschikbaar op een gemeenschappelijk adres.<\/p>\n\n\n\n<p>9 steden + 2 in Nedersaksen<br>Hannover Marketing &amp; Toerisme GmbH<br>Vahrenwalder Strasse 7<br>D-30165 Hannover<\/p>\n\n\n\n<p>Tel.: +49 (0) 511\/168-49746<br>Fax: +49 (0) 511\/168-49779<br>E-mail: 9cities@hannover-tourismus.de<\/p>\n\n\n\n<p><strong>Benadering<\/strong><\/p>\n\n\n\n <div class=\"brlbs-cmpnt-container brlbs-cmpnt-content-blocker brlbs-cmpnt-with-individual-styles\" data-borlabs-cookie-content-blocker-id=\"google-maps\" data-borlabs-cookie-content=\"PGlmcmFtZSBzcmM9Imh0dHBzOi8vd3d3Lmdvb2dsZS5jb20vbWFwcy9kL2VtYmVkP21pZD0xNjV0ZktCb2gySVFSR1JXLWVQQ01RX19uUWVsX09sZyZhbXA7ZWhiYz0yRTMxMkYiIHdpZHRoPSI2NDAiIGhlaWdodD0iNDgwIj48L2lmcmFtZT4=\"><div class=\"brlbs-cmpnt-cb-preset-b brlbs-cmpnt-cb-google-maps\"> <div class=\"brlbs-cmpnt-cb-thumbnail\" style=\"background-image: url('https:\/\/9staedte.de\/wp-content\/uploads\/borlabs-cookie\/1\/brlbs-cb-google-maps-main.png')\"><\/div> <div class=\"brlbs-cmpnt-cb-main\"> <div class=\"brlbs-cmpnt-cb-content\"> <p class=\"brlbs-cmpnt-cb-description\">U bekijkt momenteel inhoud van een plaatshouder van <strong>Google Maps<\/strong>. Klik op de knop hieronder om de volledige inhoud te bekijken. Houd er rekening mee dat u op deze manier gegevens deelt met providers van derden.<\/p> <a class=\"brlbs-cmpnt-cb-provider-toggle\" href=\"#\" data-borlabs-cookie-show-provider-information role=\"button\">Meer informatie<\/a> <\/div> <div class=\"brlbs-cmpnt-cb-buttons\"> <a class=\"brlbs-cmpnt-cb-btn\" href=\"#\" data-borlabs-cookie-unblock role=\"button\">Inhoud deblokkeren<\/a> <a class=\"brlbs-cmpnt-cb-btn\" href=\"#\" data-borlabs-cookie-accept-service role=\"button\" style=\"display: inherit\">Vereiste service accepteren en inhoud deblokkeren<\/a> <\/div> <\/div> <\/div><\/div>\n","protected":false},"excerpt":{"rendered":"<p>Je kunt ons hier vinden: Braunschweig, Celle, Einbeck, G\u00f6ttingen, Goslar, Hameln, Hannover, Hildesheim, Wolfenb\u00fcttel + de Autostadt in Wolfsburg, luchthaven Hannover 9 steden + 2 &#8211; \u00e9\u00e9n contact! Informatie over alle 9 steden en de Autostadt in Wolfsburg is beschikbaar op een gemeenschappelijk adres. 9 steden + 2 in NedersaksenHannover Marketing &amp; Toerisme GmbHVahrenwalder Strasse [&hellip;]<\/p>\n","protected":false},"author":1,"featured_media":9356,"parent":0,"menu_order":0,"comment_status":"closed","ping_status":"closed","template":"","meta":{"_acf_changed":false,"footnotes":""},"categories":[],"tags":[],"ncap_cities_tax":[],"class_list":["post-9772","page","type-page","status-publish","has-post-thumbnail","hentry"],"acf":[],"yoast_head":"<!-- This site is optimized with the Yoast SEO plugin v26.8 - https:\/\/yoast.com\/product\/yoast-seo-wordpress\/ -->\n<title>Contact &amp; Reisplanning - 9 St\u00e4dte in Niedersachsen<\/title>\n<meta name=\"robots\" content=\"index, follow, max-snippet:-1, max-image-preview:large, max-video-preview:-1\" \/>\n<link rel=\"canonical\" href=\"https:\/\/9staedte.de\/nl\/contact-reisplanning\/\" \/>\n<meta property=\"og:locale\" content=\"nl_NL\" \/>\n<meta property=\"og:type\" content=\"article\" \/>\n<meta property=\"og:title\" content=\"Contact &amp; Reisplanning - 9 St\u00e4dte in Niedersachsen\" \/>\n<meta property=\"og:description\" content=\"Je kunt ons hier vinden: Braunschweig, Celle, Einbeck, G\u00f6ttingen, Goslar, Hameln, Hannover, Hildesheim, Wolfenb\u00fcttel + de Autostadt in Wolfsburg, luchthaven Hannover 9 steden + 2 &#8211; \u00e9\u00e9n contact! Informatie over alle 9 steden en de Autostadt in Wolfsburg is beschikbaar op een gemeenschappelijk adres. 9 steden + 2 in NedersaksenHannover Marketing &amp; Toerisme GmbHVahrenwalder Strasse [&hellip;]\" \/>\n<meta property=\"og:url\" content=\"https:\/\/9staedte.de\/nl\/contact-reisplanning\/\" \/>\n<meta property=\"og:site_name\" content=\"9 St\u00e4dte in Niedersachsen\" \/>\n<meta property=\"article:modified_time\" content=\"2023-09-28T14:56:05+00:00\" \/>\n<meta property=\"og:image\" content=\"https:\/\/9staedte.de\/wp-content\/uploads\/2023\/06\/\u00a9-Hildesheim-Marketing-GmbH-Foto-Dagmar-Schwelle-3.jpg\" \/>\n\t<meta property=\"og:image:width\" content=\"1020\" \/>\n\t<meta property=\"og:image:height\" content=\"560\" \/>\n\t<meta property=\"og:image:type\" content=\"image\/jpeg\" \/>\n<meta name=\"twitter:card\" content=\"summary_large_image\" \/>\n<script type=\"application\/ld+json\" class=\"yoast-schema-graph\">{\"@context\":\"https:\/\/schema.org\",\"@graph\":[{\"@type\":\"WebPage\",\"@id\":\"https:\/\/9staedte.de\/nl\/contact-reisplanning\/\",\"url\":\"https:\/\/9staedte.de\/nl\/contact-reisplanning\/\",\"name\":\"Contact &amp; Reisplanning - 9 St\u00e4dte in Niedersachsen\",\"isPartOf\":{\"@id\":\"https:\/\/9staedte.de\/nl\/#website\"},\"primaryImageOfPage\":{\"@id\":\"https:\/\/9staedte.de\/nl\/contact-reisplanning\/#primaryimage\"},\"image\":{\"@id\":\"https:\/\/9staedte.de\/nl\/contact-reisplanning\/#primaryimage\"},\"thumbnailUrl\":\"https:\/\/9staedte.de\/wp-content\/uploads\/2023\/06\/\u00a9-Hildesheim-Marketing-GmbH-Foto-Dagmar-Schwelle-3.jpg\",\"datePublished\":\"2023-09-28T13:36:40+00:00\",\"dateModified\":\"2023-09-28T14:56:05+00:00\",\"breadcrumb\":{\"@id\":\"https:\/\/9staedte.de\/nl\/contact-reisplanning\/#breadcrumb\"},\"inLanguage\":\"nl-NL\",\"potentialAction\":[{\"@type\":\"ReadAction\",\"target\":[\"https:\/\/9staedte.de\/nl\/contact-reisplanning\/\"]}]},{\"@type\":\"ImageObject\",\"inLanguage\":\"nl-NL\",\"@id\":\"https:\/\/9staedte.de\/nl\/contact-reisplanning\/#primaryimage\",\"url\":\"https:\/\/9staedte.de\/wp-content\/uploads\/2023\/06\/\u00a9-Hildesheim-Marketing-GmbH-Foto-Dagmar-Schwelle-3.jpg\",\"contentUrl\":\"https:\/\/9staedte.de\/wp-content\/uploads\/2023\/06\/\u00a9-Hildesheim-Marketing-GmbH-Foto-Dagmar-Schwelle-3.jpg\",\"width\":1020,\"height\":560,\"caption\":\"Hildesheim Marktplatz c) Hildesheim Marketing Dagmar Schwelle\"},{\"@type\":\"BreadcrumbList\",\"@id\":\"https:\/\/9staedte.de\/nl\/contact-reisplanning\/#breadcrumb\",\"itemListElement\":[{\"@type\":\"ListItem\",\"position\":1,\"name\":\"Startseite\",\"item\":\"https:\/\/9staedte.de\/nl\/\"},{\"@type\":\"ListItem\",\"position\":2,\"name\":\"Contact &amp; Reisplanning\"}]},{\"@type\":\"WebSite\",\"@id\":\"https:\/\/9staedte.de\/nl\/#website\",\"url\":\"https:\/\/9staedte.de\/nl\/\",\"name\":\"9 St\u00e4dte in Niedersachsen\",\"description\":\"\",\"publisher\":{\"@id\":\"https:\/\/9staedte.de\/nl\/#organization\"},\"potentialAction\":[{\"@type\":\"SearchAction\",\"target\":{\"@type\":\"EntryPoint\",\"urlTemplate\":\"https:\/\/9staedte.de\/nl\/?s={search_term_string}\"},\"query-input\":{\"@type\":\"PropertyValueSpecification\",\"valueRequired\":true,\"valueName\":\"search_term_string\"}}],\"inLanguage\":\"nl-NL\"},{\"@type\":\"Organization\",\"@id\":\"https:\/\/9staedte.de\/nl\/#organization\",\"name\":\"9 St\u00e4dte in Niedersachsen\",\"url\":\"https:\/\/9staedte.de\/nl\/\",\"logo\":{\"@type\":\"ImageObject\",\"inLanguage\":\"nl-NL\",\"@id\":\"https:\/\/9staedte.de\/nl\/#\/schema\/logo\/image\/\",\"url\":\"https:\/\/9staedte.de\/wp-content\/uploads\/2025\/01\/9-neg-deutsch-2-1.png\",\"contentUrl\":\"https:\/\/9staedte.de\/wp-content\/uploads\/2025\/01\/9-neg-deutsch-2-1.png\",\"width\":190,\"height\":114,\"caption\":\"9 St\u00e4dte in Niedersachsen\"},\"image\":{\"@id\":\"https:\/\/9staedte.de\/nl\/#\/schema\/logo\/image\/\"}}]}<\/script>\n<!-- \/ Yoast SEO plugin. -->","yoast_head_json":{"title":"Contact &amp; Reisplanning - 9 St\u00e4dte in Niedersachsen","robots":{"index":"index","follow":"follow","max-snippet":"max-snippet:-1","max-image-preview":"max-image-preview:large","max-video-preview":"max-video-preview:-1"},"canonical":"https:\/\/9staedte.de\/nl\/contact-reisplanning\/","og_locale":"nl_NL","og_type":"article","og_title":"Contact &amp; Reisplanning - 9 St\u00e4dte in Niedersachsen","og_description":"Je kunt ons hier vinden: Braunschweig, Celle, Einbeck, G\u00f6ttingen, Goslar, Hameln, Hannover, Hildesheim, Wolfenb\u00fcttel + de Autostadt in Wolfsburg, luchthaven Hannover 9 steden + 2 &#8211; \u00e9\u00e9n contact! Informatie over alle 9 steden en de Autostadt in Wolfsburg is beschikbaar op een gemeenschappelijk adres. 9 steden + 2 in NedersaksenHannover Marketing &amp; Toerisme GmbHVahrenwalder Strasse [&hellip;]","og_url":"https:\/\/9staedte.de\/nl\/contact-reisplanning\/","og_site_name":"9 St\u00e4dte in Niedersachsen","article_modified_time":"2023-09-28T14:56:05+00:00","og_image":[{"width":1020,"height":560,"url":"https:\/\/9staedte.de\/wp-content\/uploads\/2023\/06\/\u00a9-Hildesheim-Marketing-GmbH-Foto-Dagmar-Schwelle-3.jpg","type":"image\/jpeg"}],"twitter_card":"summary_large_image","schema":{"@context":"https:\/\/schema.org","@graph":[{"@type":"WebPage","@id":"https:\/\/9staedte.de\/nl\/contact-reisplanning\/","url":"https:\/\/9staedte.de\/nl\/contact-reisplanning\/","name":"Contact &amp; Reisplanning - 9 St\u00e4dte in Niedersachsen","isPartOf":{"@id":"https:\/\/9staedte.de\/nl\/#website"},"primaryImageOfPage":{"@id":"https:\/\/9staedte.de\/nl\/contact-reisplanning\/#primaryimage"},"image":{"@id":"https:\/\/9staedte.de\/nl\/contact-reisplanning\/#primaryimage"},"thumbnailUrl":"https:\/\/9staedte.de\/wp-content\/uploads\/2023\/06\/\u00a9-Hildesheim-Marketing-GmbH-Foto-Dagmar-Schwelle-3.jpg","datePublished":"2023-09-28T13:36:40+00:00","dateModified":"2023-09-28T14:56:05+00:00","breadcrumb":{"@id":"https:\/\/9staedte.de\/nl\/contact-reisplanning\/#breadcrumb"},"inLanguage":"nl-NL","potentialAction":[{"@type":"ReadAction","target":["https:\/\/9staedte.de\/nl\/contact-reisplanning\/"]}]},{"@type":"ImageObject","inLanguage":"nl-NL","@id":"https:\/\/9staedte.de\/nl\/contact-reisplanning\/#primaryimage","url":"https:\/\/9staedte.de\/wp-content\/uploads\/2023\/06\/\u00a9-Hildesheim-Marketing-GmbH-Foto-Dagmar-Schwelle-3.jpg","contentUrl":"https:\/\/9staedte.de\/wp-content\/uploads\/2023\/06\/\u00a9-Hildesheim-Marketing-GmbH-Foto-Dagmar-Schwelle-3.jpg","width":1020,"height":560,"caption":"Hildesheim Marktplatz c) Hildesheim Marketing Dagmar Schwelle"},{"@type":"BreadcrumbList","@id":"https:\/\/9staedte.de\/nl\/contact-reisplanning\/#breadcrumb","itemListElement":[{"@type":"ListItem","position":1,"name":"Startseite","item":"https:\/\/9staedte.de\/nl\/"},{"@type":"ListItem","position":2,"name":"Contact &amp; Reisplanning"}]},{"@type":"WebSite","@id":"https:\/\/9staedte.de\/nl\/#website","url":"https:\/\/9staedte.de\/nl\/","name":"9 St\u00e4dte in Niedersachsen","description":"","publisher":{"@id":"https:\/\/9staedte.de\/nl\/#organization"},"potentialAction":[{"@type":"SearchAction","target":{"@type":"EntryPoint","urlTemplate":"https:\/\/9staedte.de\/nl\/?s={search_term_string}"},"query-input":{"@type":"PropertyValueSpecification","valueRequired":true,"valueName":"search_term_string"}}],"inLanguage":"nl-NL"},{"@type":"Organization","@id":"https:\/\/9staedte.de\/nl\/#organization","name":"9 St\u00e4dte in Niedersachsen","url":"https:\/\/9staedte.de\/nl\/","logo":{"@type":"ImageObject","inLanguage":"nl-NL","@id":"https:\/\/9staedte.de\/nl\/#\/schema\/logo\/image\/","url":"https:\/\/9staedte.de\/wp-content\/uploads\/2025\/01\/9-neg-deutsch-2-1.png","contentUrl":"https:\/\/9staedte.de\/wp-content\/uploads\/2025\/01\/9-neg-deutsch-2-1.png","width":190,"height":114,"caption":"9 St\u00e4dte in Niedersachsen"},"image":{"@id":"https:\/\/9staedte.de\/nl\/#\/schema\/logo\/image\/"}}]}},"_links":{"self":[{"href":"https:\/\/9staedte.de\/nl\/wp-json\/wp\/v2\/pages\/9772","targetHints":{"allow":["GET"]}}],"collection":[{"href":"https:\/\/9staedte.de\/nl\/wp-json\/wp\/v2\/pages"}],"about":[{"href":"https:\/\/9staedte.de\/nl\/wp-json\/wp\/v2\/types\/page"}],"author":[{"embeddable":true,"href":"https:\/\/9staedte.de\/nl\/wp-json\/wp\/v2\/users\/1"}],"replies":[{"embeddable":true,"href":"https:\/\/9staedte.de\/nl\/wp-json\/wp\/v2\/comments?post=9772"}],"version-history":[{"count":1,"href":"https:\/\/9staedte.de\/nl\/wp-json\/wp\/v2\/pages\/9772\/revisions"}],"predecessor-version":[{"id":9775,"href":"https:\/\/9staedte.de\/nl\/wp-json\/wp\/v2\/pages\/9772\/revisions\/9775"}],"wp:featuredmedia":[{"embeddable":true,"href":"https:\/\/9staedte.de\/nl\/wp-json\/wp\/v2\/media\/9356"}],"wp:attachment":[{"href":"https:\/\/9staedte.de\/nl\/wp-json\/wp\/v2\/media?parent=9772"}],"wp:term":[{"taxonomy":"category","embeddable":true,"href":"https:\/\/9staedte.de\/nl\/wp-json\/wp\/v2\/categories?post=9772"},{"taxonomy":"post_tag","embeddable":true,"href":"https:\/\/9staedte.de\/nl\/wp-json\/wp\/v2\/tags?post=9772"},{"taxonomy":"ncap_cities_tax","embeddable":true,"href":"https:\/\/9staedte.de\/nl\/wp-json\/wp\/v2\/ncap_cities_tax?post=9772"}],"curies":[{"name":"wp","href":"https:\/\/api.w.org\/{rel}","templated":true}]}}