{"id":9771,"date":"2023-09-28T15:36:40","date_gmt":"2023-09-28T13:36:40","guid":{"rendered":"https:\/\/9staedte.de\/wolfenbuettel-de-lessing-stad\/"},"modified":"2024-03-25T16:21:51","modified_gmt":"2024-03-25T15:21:51","slug":"wolfenbuettel-de-lessing-stad","status":"publish","type":"page","link":"https:\/\/9staedte.de\/nl\/wolfenbuettel-de-lessing-stad\/","title":{"rendered":"Wolfenb\u00fcttel &#8211; De Lessing-stad"},"content":{"rendered":"\n<h2 class=\"wp-block-heading\">1.000 vakwerkhuizen en J\u00e4germeister<\/h2>\n\n\n\n<p>Wolfenb\u00fcttel, bekend als de thuisbasis van de J\u00c4GERMEISTER. Maar wist je dat het op een na grootste bewaard gebleven kasteel in Nedersaksen in Wolfenb\u00fcttel staat? Of dat Gotthold Ephraim Lessing de laatste<br>jaren van zijn leven doorbracht in Wolfenb\u00fcttel? Nee? Wolfenb\u00fcttel was meer dan drie eeuwen lang de residentie van de hertogen van Guelph. Grotendeels gespaard door de oorlogen van de geschiedenis, lijkt<br>de oude stad met het kasteel en de wereldberoemde Herzog August-bibliotheek, het Lessing-huis, de eerste protestants gebouwde kerk grotendeels zoals het was in de dagen van het hof. Ontdek de<br>Lessingstadt Wolfenb\u00fcttel en dan nog eens en nog eens.<\/p>\n\n\n\n<p><a href=\"http:\/\/www.lessingstadt-wolfenbuettel.de\/\">www.lessingstadt-wolfenb\u00fcttel.de<\/a><\/p>\n\n\n\n\n<div class=\"banner-wrapper\">\n  <div class=\"banner-inner \">\n      <div class=\"img-container\">\n      <div class=\"img-wrapper\">\n        <img decoding=\"async\" src=\"https:\/\/9staedte.de\/wp-content\/smush-webp\/2022\/03\/WolfenbuettelSchloss-Fotograf-Christian-Bierwagen-Rechte-Stadt-Wolfenbuettel.jpg.webp\" alt=\"Wolfenb\u00fcttel Schloss, Fotograf Christian Bierwagen, Rechte Stadt Wolfenb\u00fcttel\" \/>\n                  <div class=\"thumbnail-label\">\n            <span>Wolfenb\u00fcttelSchloss, Fotograf Christian Bierwagen, Rechte Stadt Wolfenb\u00fcttel<\/span>\n          <\/div>\n              <\/div>\n    <\/div>\n        <div class=\"text-container\">\n      <div class=\"content\">\n        <p><strong>Speciale tips<\/strong><\/p>\n<ul>\n<li>Dagelijkse stadsrondleidingen van Pasen tot 3 oktober<\/li>\n<li>J\u00e4germeister Fan Shop in het Tourist Info Centre<\/li>\n<li>Schlossmuseum Wolfenb\u00fcttel met staatsievertrekken van de hertogen van Guelph<\/li>\n<li>Oude stad met ongeveer 1000 vakwerkhuizen<\/li>\n<li>SUP- en kanotochten op de Oker<\/li>\n<li>Disc golf in Seeliger Park en Linden Estate Park<\/li>\n<li>Sprookjesachtige kerstmarkt in het oude stadscentrum<\/li>\n<li>Wolfenb\u00fcttel APP voor vrije tijd en toerisme<\/li>\n<li>Puzzeltocht door de oude binnenstad<\/li>\n<\/ul>\n      <\/div>\n    <\/div>\n    <\/div>\n<\/div>\n\n\n\n\n<div style=\"height:30px\" aria-hidden=\"true\" class=\"wp-block-spacer\"><\/div>\n\n\n\n<div class=\"wp-block-columns is-layout-flex wp-container-core-columns-is-layout-9d6595d7 wp-block-columns-is-layout-flex\">\n<div class=\"wp-block-column is-layout-flow wp-block-column-is-layout-flow\">\n <div class=\"brlbs-cmpnt-container brlbs-cmpnt-content-blocker brlbs-cmpnt-with-individual-styles\" data-borlabs-cookie-content-blocker-id=\"google-maps\" data-borlabs-cookie-content=\"PGlmcmFtZSBzcmM9Imh0dHBzOi8vd3d3Lmdvb2dsZS5jb20vbWFwcy9kL2VtYmVkP21pZD0xdVpDMjJYaFVJUjB5dTNCYS1mQUgtbFczUWlGMERxZyZhbXA7ZWhiYz0yRTMxMkYiIHdpZHRoPSIxMDAlIiBoZWlnaHQ9IjQ1MCI+PC9pZnJhbWU+\"><div class=\"brlbs-cmpnt-cb-preset-b brlbs-cmpnt-cb-google-maps\"> <div class=\"brlbs-cmpnt-cb-thumbnail\" style=\"background-image: url('https:\/\/9staedte.de\/wp-content\/uploads\/borlabs-cookie\/1\/brlbs-cb-google-maps-main.png')\"><\/div> <div class=\"brlbs-cmpnt-cb-main\"> <div class=\"brlbs-cmpnt-cb-content\"> <p class=\"brlbs-cmpnt-cb-description\">U bekijkt momenteel inhoud van een plaatshouder van <strong>Google Maps<\/strong>. Klik op de knop hieronder om de volledige inhoud te bekijken. Houd er rekening mee dat u op deze manier gegevens deelt met providers van derden.<\/p> <a class=\"brlbs-cmpnt-cb-provider-toggle\" href=\"#\" data-borlabs-cookie-show-provider-information role=\"button\">Meer informatie<\/a> <\/div> <div class=\"brlbs-cmpnt-cb-buttons\"> <a class=\"brlbs-cmpnt-cb-btn\" href=\"#\" data-borlabs-cookie-unblock role=\"button\">Inhoud deblokkeren<\/a> <a class=\"brlbs-cmpnt-cb-btn\" href=\"#\" data-borlabs-cookie-accept-service role=\"button\" style=\"display: inherit\">Vereiste service accepteren en inhoud deblokkeren<\/a> <\/div> <\/div> <\/div><\/div>\n<\/div>\n\n\n\n<div class=\"wp-block-column is-layout-flow wp-block-column-is-layout-flow\" style=\"flex-basis:33.33%\">\n<p><strong>Bezienswaardigheden:<\/strong><\/p>\n\n\n\n<ul class=\"map-legend main-legend wp-block-list\">\n<li>Hertogelijk paleis<\/li>\n\n\n\n<li>Lessinghaus  <\/li>\n\n\n\n<li>Hertog August Bibliotheek en Wapenarsenaal  <\/li>\n\n\n\n<li>Burger Museum  <\/li>\n\n\n\n<li>Klein Veneti\u00eb  <\/li>\n\n\n\n<li>Stadhuis en Stadsmarkt<\/li>\n\n\n\n<li>Hoofdkerk Beatae Mariae Virginis  <\/li>\n\n\n\n<li>St. Drievuldigheidskerk  <\/li>\n\n\n\n<li>Kromme weg<\/li>\n<\/ul>\n<\/div>\n<\/div>\n\n\n\n<div style=\"height:60px\" aria-hidden=\"true\" class=\"wp-block-spacer\"><\/div>\n\n\n\n<div class=\"content-grid\">\n\n\n  \n  <div class=\"grid\">\n                        \n                    \n          <div class=\"featured-themen-single\">\n            <div class=\"featured-themen-single-inner\" style=\"background-image: url('https:\/\/9staedte.de\/wp-content\/smush-webp\/2023\/02\/161008-wf-marketing-087.jpg.webp')\">\n              \n              <a href=\"https:\/\/9staedte.de\/nl\/wolfenbuettel-de-lessing-stad\/stadswandelingen-in-wolfenbuettel\/\">\n                <span>Stadswandelingen in Wolfenb\u00fcttel<\/span>\n              <\/a>\n            <\/div>\n          <\/div>\n    \n          \n                  \n                    \n          <div class=\"featured-themen-single\">\n            <div class=\"featured-themen-single-inner\" style=\"background-image: url('https:\/\/9staedte.de\/wp-content\/smush-webp\/2023\/07\/Wolfenbuettel-Kulturnacht-Foto-Uwe-Doehner-Missling-Rechte-Stadt-WF.jpg.webp')\">\n              \n              <a href=\"https:\/\/9staedte.de\/nl\/wolfenbuettel-de-lessing-stad\/evenementen-in-wolfenbuettel\/\">\n                <span>Evenementen in Wolfenb\u00fcttel<\/span>\n              <\/a>\n            <\/div>\n          <\/div>\n    \n          \n                  \n                    \n          <div class=\"featured-themen-single\">\n            <div class=\"featured-themen-single-inner\" style=\"background-image: url('https:\/\/9staedte.de\/wp-content\/smush-webp\/2023\/02\/Lessinghaus-und-Schloss-Fotograf-Christian-Bierwagen-Rechte-Stadt-Wolfenbuettel.jpg.webp')\">\n              \n              <a href=\"https:\/\/9staedte.de\/nl\/wolfenbuettel-de-lessing-stad\/kastelen-en-tuinen-in-wolfenbuettel\/\">\n                <span>Kastelen en tuinen in Wolfenb\u00fcttel<\/span>\n              <\/a>\n            <\/div>\n          <\/div>\n    \n          \n                  \n                    \n          <div class=\"featured-themen-single\">\n            <div class=\"featured-themen-single-inner\" style=\"background-image: url('https:\/\/9staedte.de\/wp-content\/smush-webp\/2023\/02\/Herzog-August-Bibliothek-c-Stadt-Wolfenbuettel-Christian-Bierwagen.jpg.webp')\">\n              \n              <a href=\"https:\/\/9staedte.de\/nl\/wolfenbuettel-de-lessing-stad\/musea-en-tentoonstellingen-in-wolfenbuettel\/\">\n                <span>Musea en tentoonstellingen in Wolfenb\u00fcttel<\/span>\n              <\/a>\n            <\/div>\n          <\/div>\n    \n          \n                  \n                    \n          <div class=\"featured-themen-single\">\n            <div class=\"featured-themen-single-inner\" style=\"background-image: url('https:\/\/9staedte.de\/wp-content\/smush-webp\/2022\/03\/Schloss-Wolfenbuettel-Fotograf-Christian-Bierwagen-Rechte-Stadt-Wolfenbuettel.jpg.webp')\">\n              \n              <a href=\"https:\/\/9staedte.de\/nl\/wolfenbuettel-de-lessing-stad\/impressies-van-wolfenbuettel\/\">\n                <span>Impressies van Wolfenb\u00fcttel<\/span>\n              <\/a>\n            <\/div>\n          <\/div>\n    \n          \n                          \n        <\/div>\n<\/div>","protected":false},"excerpt":{"rendered":"<p>1.000 vakwerkhuizen en J\u00e4germeister Wolfenb\u00fcttel, bekend als de thuisbasis van de J\u00c4GERMEISTER. Maar wist je dat het op een na grootste bewaard gebleven kasteel in Nedersaksen in Wolfenb\u00fcttel staat? Of dat Gotthold Ephraim Lessing de laatstejaren van zijn leven doorbracht in Wolfenb\u00fcttel? Nee? Wolfenb\u00fcttel was meer dan drie eeuwen lang de residentie van de hertogen [&hellip;]<\/p>\n","protected":false},"author":1,"featured_media":11397,"parent":0,"menu_order":0,"comment_status":"closed","ping_status":"closed","template":"pagetemplates\/template-stadtseite.php","meta":{"_acf_changed":false,"footnotes":""},"categories":[],"tags":[],"ncap_cities_tax":[468],"class_list":["post-9771","page","type-page","status-publish","has-post-thumbnail","hentry","ncap_cities_tax-wolfenbuettel-nl"],"acf":[],"yoast_head":"<!-- This site is optimized with the Yoast SEO plugin v26.8 - https:\/\/yoast.com\/product\/yoast-seo-wordpress\/ -->\n<title>Wolfenb\u00fcttel - De Lessing-stad - 9 St\u00e4dte in Niedersachsen<\/title>\n<meta name=\"description\" content=\"Wolfenb\u00fcttel, de stad van Lessing. In de oude stad vind je meer dan 1000 vakwerkhuizen. Wolfenb\u00fcttel is wereldberoemd als de bakermat van de &quot;J\u00e4germeister&quot;.\" \/>\n<meta name=\"robots\" content=\"index, follow, max-snippet:-1, max-image-preview:large, max-video-preview:-1\" \/>\n<link rel=\"canonical\" href=\"https:\/\/9staedte.de\/nl\/wolfenbuettel-de-lessing-stad\/\" \/>\n<meta property=\"og:locale\" content=\"nl_NL\" \/>\n<meta property=\"og:type\" content=\"article\" \/>\n<meta property=\"og:title\" content=\"Wolfenb\u00fcttel - De Lessing-stad - 9 St\u00e4dte in Niedersachsen\" \/>\n<meta property=\"og:description\" content=\"Wolfenb\u00fcttel, de stad van Lessing. In de oude stad vind je meer dan 1000 vakwerkhuizen. Wolfenb\u00fcttel is wereldberoemd als de bakermat van de &quot;J\u00e4germeister&quot;.\" \/>\n<meta property=\"og:url\" content=\"https:\/\/9staedte.de\/nl\/wolfenbuettel-de-lessing-stad\/\" \/>\n<meta property=\"og:site_name\" content=\"9 St\u00e4dte in Niedersachsen\" \/>\n<meta property=\"article:modified_time\" content=\"2024-03-25T15:21:51+00:00\" \/>\n<meta property=\"og:image\" content=\"https:\/\/9staedte.de\/wp-content\/uploads\/2024\/03\/Wolfenbuettel-Krambuden-Wasser-cStadt-Woflenbuette-Christian-Bierwagen.jpg\" \/>\n\t<meta property=\"og:image:width\" content=\"1019\" \/>\n\t<meta property=\"og:image:height\" content=\"561\" \/>\n\t<meta property=\"og:image:type\" content=\"image\/jpeg\" \/>\n<meta name=\"twitter:card\" content=\"summary_large_image\" \/>\n<meta name=\"twitter:label1\" content=\"Geschatte leestijd\" \/>\n\t<meta name=\"twitter:data1\" content=\"1 minuut\" \/>\n<script type=\"application\/ld+json\" class=\"yoast-schema-graph\">{\"@context\":\"https:\/\/schema.org\",\"@graph\":[{\"@type\":\"WebPage\",\"@id\":\"https:\/\/9staedte.de\/nl\/wolfenbuettel-de-lessing-stad\/\",\"url\":\"https:\/\/9staedte.de\/nl\/wolfenbuettel-de-lessing-stad\/\",\"name\":\"Wolfenb\u00fcttel - De Lessing-stad - 9 St\u00e4dte in Niedersachsen\",\"isPartOf\":{\"@id\":\"https:\/\/9staedte.de\/nl\/#website\"},\"primaryImageOfPage\":{\"@id\":\"https:\/\/9staedte.de\/nl\/wolfenbuettel-de-lessing-stad\/#primaryimage\"},\"image\":{\"@id\":\"https:\/\/9staedte.de\/nl\/wolfenbuettel-de-lessing-stad\/#primaryimage\"},\"thumbnailUrl\":\"https:\/\/9staedte.de\/wp-content\/uploads\/2023\/07\/Wolfenbuettel-Residenzschloss-c-Stadt-Wolfenbuettel-Christian-Bierwagen-scaled.jpg\",\"datePublished\":\"2023-09-28T13:36:40+00:00\",\"dateModified\":\"2024-03-25T15:21:51+00:00\",\"description\":\"Wolfenb\u00fcttel, de stad van Lessing. In de oude stad vind je meer dan 1000 vakwerkhuizen. Wolfenb\u00fcttel is wereldberoemd als de bakermat van de \\\"J\u00e4germeister\\\".\",\"breadcrumb\":{\"@id\":\"https:\/\/9staedte.de\/nl\/wolfenbuettel-de-lessing-stad\/#breadcrumb\"},\"inLanguage\":\"nl-NL\",\"potentialAction\":[{\"@type\":\"ReadAction\",\"target\":[\"https:\/\/9staedte.de\/nl\/wolfenbuettel-de-lessing-stad\/\"]}]},{\"@type\":\"ImageObject\",\"inLanguage\":\"nl-NL\",\"@id\":\"https:\/\/9staedte.de\/nl\/wolfenbuettel-de-lessing-stad\/#primaryimage\",\"url\":\"https:\/\/9staedte.de\/wp-content\/uploads\/2023\/07\/Wolfenbuettel-Residenzschloss-c-Stadt-Wolfenbuettel-Christian-Bierwagen-scaled.jpg\",\"contentUrl\":\"https:\/\/9staedte.de\/wp-content\/uploads\/2023\/07\/Wolfenbuettel-Residenzschloss-c-Stadt-Wolfenbuettel-Christian-Bierwagen-scaled.jpg\",\"width\":2560,\"height\":1707,\"caption\":\"Wolfenb\u00fcttel Residenzschloss c) Stadt Wolfenb\u00fcttel Christian Bierwagen\"},{\"@type\":\"BreadcrumbList\",\"@id\":\"https:\/\/9staedte.de\/nl\/wolfenbuettel-de-lessing-stad\/#breadcrumb\",\"itemListElement\":[{\"@type\":\"ListItem\",\"position\":1,\"name\":\"Startseite\",\"item\":\"https:\/\/9staedte.de\/nl\/\"},{\"@type\":\"ListItem\",\"position\":2,\"name\":\"Wolfenb\u00fcttel &#8211; De Lessing-stad\"}]},{\"@type\":\"WebSite\",\"@id\":\"https:\/\/9staedte.de\/nl\/#website\",\"url\":\"https:\/\/9staedte.de\/nl\/\",\"name\":\"9 St\u00e4dte in Niedersachsen\",\"description\":\"\",\"publisher\":{\"@id\":\"https:\/\/9staedte.de\/nl\/#organization\"},\"potentialAction\":[{\"@type\":\"SearchAction\",\"target\":{\"@type\":\"EntryPoint\",\"urlTemplate\":\"https:\/\/9staedte.de\/nl\/?s={search_term_string}\"},\"query-input\":{\"@type\":\"PropertyValueSpecification\",\"valueRequired\":true,\"valueName\":\"search_term_string\"}}],\"inLanguage\":\"nl-NL\"},{\"@type\":\"Organization\",\"@id\":\"https:\/\/9staedte.de\/nl\/#organization\",\"name\":\"9 St\u00e4dte in Niedersachsen\",\"url\":\"https:\/\/9staedte.de\/nl\/\",\"logo\":{\"@type\":\"ImageObject\",\"inLanguage\":\"nl-NL\",\"@id\":\"https:\/\/9staedte.de\/nl\/#\/schema\/logo\/image\/\",\"url\":\"https:\/\/9staedte.de\/wp-content\/uploads\/2025\/01\/9-neg-deutsch-2-1.png\",\"contentUrl\":\"https:\/\/9staedte.de\/wp-content\/uploads\/2025\/01\/9-neg-deutsch-2-1.png\",\"width\":190,\"height\":114,\"caption\":\"9 St\u00e4dte in Niedersachsen\"},\"image\":{\"@id\":\"https:\/\/9staedte.de\/nl\/#\/schema\/logo\/image\/\"}}]}<\/script>\n<!-- \/ Yoast SEO plugin. -->","yoast_head_json":{"title":"Wolfenb\u00fcttel - De Lessing-stad - 9 St\u00e4dte in Niedersachsen","description":"Wolfenb\u00fcttel, de stad van Lessing. In de oude stad vind je meer dan 1000 vakwerkhuizen. Wolfenb\u00fcttel is wereldberoemd als de bakermat van de \"J\u00e4germeister\".","robots":{"index":"index","follow":"follow","max-snippet":"max-snippet:-1","max-image-preview":"max-image-preview:large","max-video-preview":"max-video-preview:-1"},"canonical":"https:\/\/9staedte.de\/nl\/wolfenbuettel-de-lessing-stad\/","og_locale":"nl_NL","og_type":"article","og_title":"Wolfenb\u00fcttel - De Lessing-stad - 9 St\u00e4dte in Niedersachsen","og_description":"Wolfenb\u00fcttel, de stad van Lessing. In de oude stad vind je meer dan 1000 vakwerkhuizen. Wolfenb\u00fcttel is wereldberoemd als de bakermat van de \"J\u00e4germeister\".","og_url":"https:\/\/9staedte.de\/nl\/wolfenbuettel-de-lessing-stad\/","og_site_name":"9 St\u00e4dte in Niedersachsen","article_modified_time":"2024-03-25T15:21:51+00:00","og_image":[{"width":1019,"height":561,"url":"https:\/\/9staedte.de\/wp-content\/uploads\/2024\/03\/Wolfenbuettel-Krambuden-Wasser-cStadt-Woflenbuette-Christian-Bierwagen.jpg","type":"image\/jpeg"}],"twitter_card":"summary_large_image","twitter_misc":{"Geschatte leestijd":"1 minuut"},"schema":{"@context":"https:\/\/schema.org","@graph":[{"@type":"WebPage","@id":"https:\/\/9staedte.de\/nl\/wolfenbuettel-de-lessing-stad\/","url":"https:\/\/9staedte.de\/nl\/wolfenbuettel-de-lessing-stad\/","name":"Wolfenb\u00fcttel - De Lessing-stad - 9 St\u00e4dte in Niedersachsen","isPartOf":{"@id":"https:\/\/9staedte.de\/nl\/#website"},"primaryImageOfPage":{"@id":"https:\/\/9staedte.de\/nl\/wolfenbuettel-de-lessing-stad\/#primaryimage"},"image":{"@id":"https:\/\/9staedte.de\/nl\/wolfenbuettel-de-lessing-stad\/#primaryimage"},"thumbnailUrl":"https:\/\/9staedte.de\/wp-content\/uploads\/2023\/07\/Wolfenbuettel-Residenzschloss-c-Stadt-Wolfenbuettel-Christian-Bierwagen-scaled.jpg","datePublished":"2023-09-28T13:36:40+00:00","dateModified":"2024-03-25T15:21:51+00:00","description":"Wolfenb\u00fcttel, de stad van Lessing. In de oude stad vind je meer dan 1000 vakwerkhuizen. Wolfenb\u00fcttel is wereldberoemd als de bakermat van de \"J\u00e4germeister\".","breadcrumb":{"@id":"https:\/\/9staedte.de\/nl\/wolfenbuettel-de-lessing-stad\/#breadcrumb"},"inLanguage":"nl-NL","potentialAction":[{"@type":"ReadAction","target":["https:\/\/9staedte.de\/nl\/wolfenbuettel-de-lessing-stad\/"]}]},{"@type":"ImageObject","inLanguage":"nl-NL","@id":"https:\/\/9staedte.de\/nl\/wolfenbuettel-de-lessing-stad\/#primaryimage","url":"https:\/\/9staedte.de\/wp-content\/uploads\/2023\/07\/Wolfenbuettel-Residenzschloss-c-Stadt-Wolfenbuettel-Christian-Bierwagen-scaled.jpg","contentUrl":"https:\/\/9staedte.de\/wp-content\/uploads\/2023\/07\/Wolfenbuettel-Residenzschloss-c-Stadt-Wolfenbuettel-Christian-Bierwagen-scaled.jpg","width":2560,"height":1707,"caption":"Wolfenb\u00fcttel Residenzschloss c) Stadt Wolfenb\u00fcttel Christian Bierwagen"},{"@type":"BreadcrumbList","@id":"https:\/\/9staedte.de\/nl\/wolfenbuettel-de-lessing-stad\/#breadcrumb","itemListElement":[{"@type":"ListItem","position":1,"name":"Startseite","item":"https:\/\/9staedte.de\/nl\/"},{"@type":"ListItem","position":2,"name":"Wolfenb\u00fcttel &#8211; De Lessing-stad"}]},{"@type":"WebSite","@id":"https:\/\/9staedte.de\/nl\/#website","url":"https:\/\/9staedte.de\/nl\/","name":"9 St\u00e4dte in Niedersachsen","description":"","publisher":{"@id":"https:\/\/9staedte.de\/nl\/#organization"},"potentialAction":[{"@type":"SearchAction","target":{"@type":"EntryPoint","urlTemplate":"https:\/\/9staedte.de\/nl\/?s={search_term_string}"},"query-input":{"@type":"PropertyValueSpecification","valueRequired":true,"valueName":"search_term_string"}}],"inLanguage":"nl-NL"},{"@type":"Organization","@id":"https:\/\/9staedte.de\/nl\/#organization","name":"9 St\u00e4dte in Niedersachsen","url":"https:\/\/9staedte.de\/nl\/","logo":{"@type":"ImageObject","inLanguage":"nl-NL","@id":"https:\/\/9staedte.de\/nl\/#\/schema\/logo\/image\/","url":"https:\/\/9staedte.de\/wp-content\/uploads\/2025\/01\/9-neg-deutsch-2-1.png","contentUrl":"https:\/\/9staedte.de\/wp-content\/uploads\/2025\/01\/9-neg-deutsch-2-1.png","width":190,"height":114,"caption":"9 St\u00e4dte in Niedersachsen"},"image":{"@id":"https:\/\/9staedte.de\/nl\/#\/schema\/logo\/image\/"}}]}},"_links":{"self":[{"href":"https:\/\/9staedte.de\/nl\/wp-json\/wp\/v2\/pages\/9771","targetHints":{"allow":["GET"]}}],"collection":[{"href":"https:\/\/9staedte.de\/nl\/wp-json\/wp\/v2\/pages"}],"about":[{"href":"https:\/\/9staedte.de\/nl\/wp-json\/wp\/v2\/types\/page"}],"author":[{"embeddable":true,"href":"https:\/\/9staedte.de\/nl\/wp-json\/wp\/v2\/users\/1"}],"replies":[{"embeddable":true,"href":"https:\/\/9staedte.de\/nl\/wp-json\/wp\/v2\/comments?post=9771"}],"version-history":[{"count":3,"href":"https:\/\/9staedte.de\/nl\/wp-json\/wp\/v2\/pages\/9771\/revisions"}],"predecessor-version":[{"id":21669,"href":"https:\/\/9staedte.de\/nl\/wp-json\/wp\/v2\/pages\/9771\/revisions\/21669"}],"wp:featuredmedia":[{"embeddable":true,"href":"https:\/\/9staedte.de\/nl\/wp-json\/wp\/v2\/media\/11397"}],"wp:attachment":[{"href":"https:\/\/9staedte.de\/nl\/wp-json\/wp\/v2\/media?parent=9771"}],"wp:term":[{"taxonomy":"category","embeddable":true,"href":"https:\/\/9staedte.de\/nl\/wp-json\/wp\/v2\/categories?post=9771"},{"taxonomy":"post_tag","embeddable":true,"href":"https:\/\/9staedte.de\/nl\/wp-json\/wp\/v2\/tags?post=9771"},{"taxonomy":"ncap_cities_tax","embeddable":true,"href":"https:\/\/9staedte.de\/nl\/wp-json\/wp\/v2\/ncap_cities_tax?post=9771"}],"curies":[{"name":"wp","href":"https:\/\/api.w.org\/{rel}","templated":true}]}}