{"id":9733,"date":"2023-09-28T15:36:37","date_gmt":"2023-09-28T13:36:37","guid":{"rendered":"https:\/\/9staedte.de\/celle-mooie-residentiele-stad\/"},"modified":"2025-05-08T14:52:26","modified_gmt":"2025-05-08T12:52:26","slug":"celle-mooie-residentiele-stad","status":"publish","type":"page","link":"https:\/\/9staedte.de\/nl\/celle-mooie-residentiele-stad\/","title":{"rendered":"Celle &#8211; Mooie residenti\u00eble stad"},"content":{"rendered":"\n<h2 class=\"wp-block-heading\">Mooie residenti\u00eble stad met het grootste vakwerkensemble van Europa<\/h2>\n\n<p>Van vakwerkhuizen tot Bauhaus, Guelph Paleis, 24-uurs kunstmuseum en regionale specialiteiten tot ontspannen winkelen: Celle staat voor diversiteit. Hier worden traditie en moderniteit harmonieus gecombineerd. Zelfs vandaag de dag kun je nog in de voetsporen treden van de hertogen in Celle. Naast het paleis met zijn woonmuseum, baroktheater en kapel nodigen tuinen en parken bezoekers uit voor een wandeling. Vrienden van Nieuwbouw kunnen overal in het stadsbeeld stenen getuigen van de architect Otto Haesler vinden. En natuurlijk is er ook geen gebrek aan plezier. Celle &#8211; de poort naar de L\u00fcneburger Heide &#8211; is altijd een bezoek waard.<\/p>\n\n<h4 class=\"wp-block-heading\"><strong>Duurzaamheid uit overtuiging<\/strong><\/h4>\n\n<p>Celle is de eerste duurzame stad in Noord-Duitsland en is sinds 2017 gecertificeerd. Veel hotels, winkels, de Congress Union of Celle Badeland hebben zich ingezet voor het behoud van het milieu en de hulpbronnen. En het worden er steeds meer. Veel door de eigenaar geleide bedrijven besteden niet alleen aandacht aan duurzaamheid, maar leven het ook uit overtuiging na.<\/p>\n\n<p>Overnacht in een van de romantische hotels of maak gebruik van de centrale camperplaats!<\/p>\n\n<p><a href=\"http:\/\/www.celle.de\/tourismus\" target=\"_blank\" rel=\"noreferrer noopener\">www.celle.de\/tourismus<\/a><\/p>\n\n\n<div class=\"banner-wrapper\">\n  <div class=\"banner-inner \">\n      <div class=\"img-container\">\n      <div class=\"img-wrapper\">\n        <img decoding=\"async\" src=\"https:\/\/9staedte.de\/wp-content\/smush-webp\/2024\/02\/Celler-Schloss-mit-Gruppe-CC0.jpg.webp\" alt=\"De foto laat het kasteel van Celle zien. Het kasteel is groot en wit. Er zijn veel ramen en torens. Er staan enkele mensen voor het kasteel. De lucht is blauw. Het is een mooie dag.\" \/>\n                  <div class=\"thumbnail-label\">\n            <span>Celler Schloss mit Gruppe CC0<\/span>\n          <\/div>\n              <\/div>\n    <\/div>\n        <div class=\"text-container\">\n      <div class=\"content\">\n        <p><strong>Speciale tips<\/strong> &#8211; Bezoek de musea van Celle &#8211; Beklim de toren van de stadskerk van Celle &#8211; Historische stadsrondleiding met de nachtwacht van Celle &#8211; Een gekostumeerde rondleiding door het kasteel van Celle &#8211; Het carillon van Celle in de historische oude stad &#8211; Winkelen in de oude stad, met veel eigen winkels &#8211; Woon een voorstelling bij in het kasteeltheater van Celle &#8211; De kerstmarkt in de historische oude stad &#8211; Bauhaus-architectuur in Celle<\/p>\n      <\/div>\n    <\/div>\n    <\/div>\n<\/div>\n\n\n<div style=\"height:30px\" aria-hidden=\"true\" class=\"wp-block-spacer\"><\/div>\n\n<div class=\"wp-block-columns is-layout-flex wp-container-core-columns-is-layout-9d6595d7 wp-block-columns-is-layout-flex\">\n<div class=\"wp-block-column is-layout-flow wp-block-column-is-layout-flow\" style=\"flex-basis:66.66%\">\n <div class=\"brlbs-cmpnt-container brlbs-cmpnt-content-blocker brlbs-cmpnt-with-individual-styles\" data-borlabs-cookie-content-blocker-id=\"google-maps\" data-borlabs-cookie-content=\"PGlmcmFtZSBzcmM9Imh0dHBzOi8vd3d3Lmdvb2dsZS5jb20vbWFwcy9kL2VtYmVkP21pZD0xX29WLTVuYjBISGN6WVZOeHVxcTNFV243ZEF1a1YzdyZlaGJjPTJFMzEyRiIgd2lkdGg9IjEwMCUiIGhlaWdodD0iNDUwIj48L2lmcmFtZT4=\"><div class=\"brlbs-cmpnt-cb-preset-b brlbs-cmpnt-cb-google-maps\"> <div class=\"brlbs-cmpnt-cb-thumbnail\" style=\"background-image: url('https:\/\/9staedte.de\/wp-content\/uploads\/borlabs-cookie\/1\/brlbs-cb-google-maps-main.png')\"><\/div> <div class=\"brlbs-cmpnt-cb-main\"> <div class=\"brlbs-cmpnt-cb-content\"> <p class=\"brlbs-cmpnt-cb-description\">U bekijkt momenteel inhoud van een plaatshouder van <strong>Google Maps<\/strong>. Klik op de knop hieronder om de volledige inhoud te bekijken. Houd er rekening mee dat u op deze manier gegevens deelt met providers van derden.<\/p> <a class=\"brlbs-cmpnt-cb-provider-toggle\" href=\"#\" data-borlabs-cookie-show-provider-information role=\"button\">Meer informatie<\/a> <\/div> <div class=\"brlbs-cmpnt-cb-buttons\"> <a class=\"brlbs-cmpnt-cb-btn\" href=\"#\" data-borlabs-cookie-unblock role=\"button\">Inhoud deblokkeren<\/a> <a class=\"brlbs-cmpnt-cb-btn\" href=\"#\" data-borlabs-cookie-accept-service role=\"button\" style=\"display: inherit\">Vereiste service accepteren en inhoud deblokkeren<\/a> <\/div> <\/div> <\/div><\/div>\n<\/div>\n\n\n\n<div class=\"wp-block-column map-legend is-layout-flow wp-block-column-is-layout-flow\">\n<p><strong>Bezienswaardigheden<\/strong><\/p>\n\n\n\n<ul class=\"map-legend main-legend wp-block-list\">\n<li>Residentiepaleis met paleiskapel  <\/li>\n\n\n\n<li>Stadskerk met prinselijke crypte<\/li>\n\n\n\n<li>Kalandgasse  <\/li>\n\n\n\n<li>Oude Stadhuis  <\/li>\n\n\n\n<li>Huis Hoppener  <\/li>\n\n\n\n<li>Lichtkunstproject Pratende Lantaarns  <\/li>\n\n\n\n<li>Groot plan met Stechinell House  <\/li>\n\n\n\n<li>Franse tuin  <\/li>\n\n\n\n<li>Nederzetting &#8220;Italiaanse tuin&#8221; (gebouwd 1924, architect Otto Haesler)<\/li>\n<\/ul>\n<\/div>\n<\/div>\n\n<div style=\"height:60px\" aria-hidden=\"true\" class=\"wp-block-spacer\"><\/div>\n\n<div class=\"content-grid\">\n\n\n  \n  <div class=\"grid\">\n                        \n                    \n          <div class=\"featured-themen-single\">\n            <div class=\"featured-themen-single-inner\" style=\"background-image: url('https:\/\/9staedte.de\/wp-content\/smush-webp\/2023\/02\/celle-franzoeischer-garten-fruehling-c-Stadt-Celle.jpg.webp')\">\n              \n              <a href=\"https:\/\/9staedte.de\/nl\/celle-mooie-residentiele-stad\/natuurbeleving-en-duurzaamheid-in-celle\/\">\n                <span>Natuurbeleving en duurzaamheid in Celle<\/span>\n              <\/a>\n            <\/div>\n          <\/div>\n    \n          \n                  \n                    \n          <div class=\"featured-themen-single\">\n            <div class=\"featured-themen-single-inner\" style=\"background-image: url('https:\/\/9staedte.de\/wp-content\/smush-webp\/2023\/01\/Rundgang-durch-Celle-c-Stadt-Celle.jpg.webp')\">\n              \n              <a href=\"https:\/\/9staedte.de\/nl\/celle-mooie-residentiele-stad\/stadswandelingen-in-celle\/\">\n                <span>Stadswandelingen in Celle<\/span>\n              <\/a>\n            <\/div>\n          <\/div>\n    \n          \n                  \n                    \n          <div class=\"featured-themen-single\">\n            <div class=\"featured-themen-single-inner\" style=\"background-image: url('https:\/\/9staedte.de\/wp-content\/smush-webp\/2023\/02\/Shopping-in-Celle-c-Celle-Tourimsus-4.jpg.webp')\">\n              \n              <a href=\"https:\/\/9staedte.de\/nl\/celle-mooie-residentiele-stad\/winkelen-en-uitgaan-in-celle\/\">\n                <span>Winkelen en uitgaan in Celle<\/span>\n              <\/a>\n            <\/div>\n          <\/div>\n    \n          \n                  \n                    \n          <div class=\"featured-themen-single\">\n            <div class=\"featured-themen-single-inner\" style=\"background-image: url('https:\/\/9staedte.de\/wp-content\/smush-webp\/2022\/03\/RS57_celle_schloss_luftbild.jpg.webp')\">\n              \n              <a href=\"https:\/\/9staedte.de\/nl\/celle-mooie-residentiele-stad\/indrukken-van-celle\/\">\n                <span>Indrukken van Celle<\/span>\n              <\/a>\n            <\/div>\n          <\/div>\n    \n          \n                  \n                    \n          <div class=\"featured-themen-single\">\n            <div class=\"featured-themen-single-inner\" style=\"background-image: url('https:\/\/9staedte.de\/wp-content\/smush-webp\/2024\/07\/Wohnmobilstellplatz-Celle-Luftbild-c-Celle-Tourismus.jpg.webp')\">\n              \n              <a href=\"https:\/\/9staedte.de\/nl\/celle-mooie-residentiele-stad\/wohnmobilstellplatz-celle\/\">\n                <span>Staanplaats Celle<\/span>\n              <\/a>\n            <\/div>\n          <\/div>\n    \n          \n                          \n        <\/div>\n<\/div>","protected":false},"excerpt":{"rendered":"<p>Mooie residenti\u00eble stad met het grootste vakwerkensemble van Europa Van vakwerkhuizen tot Bauhaus, Guelph Paleis, 24-uurs kunstmuseum en regionale specialiteiten tot ontspannen winkelen: Celle staat voor diversiteit. Hier worden traditie en moderniteit harmonieus gecombineerd. Zelfs vandaag de dag kun je nog in de voetsporen treden van de hertogen in Celle. Naast het paleis met zijn [&hellip;]<\/p>\n","protected":false},"author":1,"featured_media":20934,"parent":0,"menu_order":0,"comment_status":"closed","ping_status":"closed","template":"pagetemplates\/template-stadtseite.php","meta":{"_acf_changed":false,"footnotes":""},"categories":[],"tags":[],"ncap_cities_tax":[426],"class_list":["post-9733","page","type-page","status-publish","has-post-thumbnail","hentry","ncap_cities_tax-celle-nl"],"acf":[],"yoast_head":"<!-- This site is optimized with the Yoast SEO plugin v26.8 - https:\/\/yoast.com\/product\/yoast-seo-wordpress\/ -->\n<title>Celle - Mooie residenti\u00eble stad - 9 St\u00e4dte in Niedersachsen<\/title>\n<meta name=\"description\" content=\"Cellle - lieflijke residenti\u00eble stad: vakwerkhuizen, Bauhaus en Guelph Castle en een uniek 24-uurs kunstmuseum\" \/>\n<meta name=\"robots\" content=\"index, follow, max-snippet:-1, max-image-preview:large, max-video-preview:-1\" \/>\n<link rel=\"canonical\" href=\"https:\/\/9staedte.de\/nl\/celle-mooie-residentiele-stad\/\" \/>\n<meta property=\"og:locale\" content=\"nl_NL\" \/>\n<meta property=\"og:type\" content=\"article\" \/>\n<meta property=\"og:title\" content=\"Celle - Mooie residenti\u00eble stad - 9 St\u00e4dte in Niedersachsen\" \/>\n<meta property=\"og:description\" content=\"Cellle - lieflijke residenti\u00eble stad: vakwerkhuizen, Bauhaus en Guelph Castle en een uniek 24-uurs kunstmuseum\" \/>\n<meta property=\"og:url\" content=\"https:\/\/9staedte.de\/nl\/celle-mooie-residentiele-stad\/\" \/>\n<meta property=\"og:site_name\" content=\"9 St\u00e4dte in Niedersachsen\" \/>\n<meta property=\"article:modified_time\" content=\"2025-05-08T12:52:26+00:00\" \/>\n<meta property=\"og:image\" content=\"https:\/\/9staedte.de\/wp-content\/uploads\/2024\/02\/Hauptmotiv-celle-sonnenuntergang-ccbysa-vdb-220323-6.jpg\" \/>\n\t<meta property=\"og:image:width\" content=\"1020\" \/>\n\t<meta property=\"og:image:height\" content=\"574\" \/>\n\t<meta property=\"og:image:type\" content=\"image\/jpeg\" \/>\n<meta name=\"twitter:card\" content=\"summary_large_image\" \/>\n<meta name=\"twitter:label1\" content=\"Geschatte leestijd\" \/>\n\t<meta name=\"twitter:data1\" content=\"2 minuten\" \/>\n<script type=\"application\/ld+json\" class=\"yoast-schema-graph\">{\"@context\":\"https:\/\/schema.org\",\"@graph\":[{\"@type\":\"WebPage\",\"@id\":\"https:\/\/9staedte.de\/nl\/celle-mooie-residentiele-stad\/\",\"url\":\"https:\/\/9staedte.de\/nl\/celle-mooie-residentiele-stad\/\",\"name\":\"Celle - Mooie residenti\u00eble stad - 9 St\u00e4dte in Niedersachsen\",\"isPartOf\":{\"@id\":\"https:\/\/9staedte.de\/nl\/#website\"},\"primaryImageOfPage\":{\"@id\":\"https:\/\/9staedte.de\/nl\/celle-mooie-residentiele-stad\/#primaryimage\"},\"image\":{\"@id\":\"https:\/\/9staedte.de\/nl\/celle-mooie-residentiele-stad\/#primaryimage\"},\"thumbnailUrl\":\"https:\/\/9staedte.de\/wp-content\/uploads\/2024\/02\/Hauptmotiv-celle-sonnenuntergang-ccbysa-vdb-220323-6.jpg\",\"datePublished\":\"2023-09-28T13:36:37+00:00\",\"dateModified\":\"2025-05-08T12:52:26+00:00\",\"description\":\"Cellle - lieflijke residenti\u00eble stad: vakwerkhuizen, Bauhaus en Guelph Castle en een uniek 24-uurs kunstmuseum\",\"breadcrumb\":{\"@id\":\"https:\/\/9staedte.de\/nl\/celle-mooie-residentiele-stad\/#breadcrumb\"},\"inLanguage\":\"nl-NL\",\"potentialAction\":[{\"@type\":\"ReadAction\",\"target\":[\"https:\/\/9staedte.de\/nl\/celle-mooie-residentiele-stad\/\"]}]},{\"@type\":\"ImageObject\",\"inLanguage\":\"nl-NL\",\"@id\":\"https:\/\/9staedte.de\/nl\/celle-mooie-residentiele-stad\/#primaryimage\",\"url\":\"https:\/\/9staedte.de\/wp-content\/uploads\/2024\/02\/Hauptmotiv-celle-sonnenuntergang-ccbysa-vdb-220323-6.jpg\",\"contentUrl\":\"https:\/\/9staedte.de\/wp-content\/uploads\/2024\/02\/Hauptmotiv-celle-sonnenuntergang-ccbysa-vdb-220323-6.jpg\",\"width\":1020,\"height\":574,\"caption\":\"Celle Fachwerk Sonnenuntergang ccbysa-vdb\"},{\"@type\":\"BreadcrumbList\",\"@id\":\"https:\/\/9staedte.de\/nl\/celle-mooie-residentiele-stad\/#breadcrumb\",\"itemListElement\":[{\"@type\":\"ListItem\",\"position\":1,\"name\":\"Startseite\",\"item\":\"https:\/\/9staedte.de\/nl\/\"},{\"@type\":\"ListItem\",\"position\":2,\"name\":\"Celle &#8211; Mooie residenti\u00eble stad\"}]},{\"@type\":\"WebSite\",\"@id\":\"https:\/\/9staedte.de\/nl\/#website\",\"url\":\"https:\/\/9staedte.de\/nl\/\",\"name\":\"9 St\u00e4dte in Niedersachsen\",\"description\":\"\",\"publisher\":{\"@id\":\"https:\/\/9staedte.de\/nl\/#organization\"},\"potentialAction\":[{\"@type\":\"SearchAction\",\"target\":{\"@type\":\"EntryPoint\",\"urlTemplate\":\"https:\/\/9staedte.de\/nl\/?s={search_term_string}\"},\"query-input\":{\"@type\":\"PropertyValueSpecification\",\"valueRequired\":true,\"valueName\":\"search_term_string\"}}],\"inLanguage\":\"nl-NL\"},{\"@type\":\"Organization\",\"@id\":\"https:\/\/9staedte.de\/nl\/#organization\",\"name\":\"9 St\u00e4dte in Niedersachsen\",\"url\":\"https:\/\/9staedte.de\/nl\/\",\"logo\":{\"@type\":\"ImageObject\",\"inLanguage\":\"nl-NL\",\"@id\":\"https:\/\/9staedte.de\/nl\/#\/schema\/logo\/image\/\",\"url\":\"https:\/\/9staedte.de\/wp-content\/uploads\/2025\/01\/9-neg-deutsch-2-1.png\",\"contentUrl\":\"https:\/\/9staedte.de\/wp-content\/uploads\/2025\/01\/9-neg-deutsch-2-1.png\",\"width\":190,\"height\":114,\"caption\":\"9 St\u00e4dte in Niedersachsen\"},\"image\":{\"@id\":\"https:\/\/9staedte.de\/nl\/#\/schema\/logo\/image\/\"}}]}<\/script>\n<!-- \/ Yoast SEO plugin. -->","yoast_head_json":{"title":"Celle - Mooie residenti\u00eble stad - 9 St\u00e4dte in Niedersachsen","description":"Cellle - lieflijke residenti\u00eble stad: vakwerkhuizen, Bauhaus en Guelph Castle en een uniek 24-uurs kunstmuseum","robots":{"index":"index","follow":"follow","max-snippet":"max-snippet:-1","max-image-preview":"max-image-preview:large","max-video-preview":"max-video-preview:-1"},"canonical":"https:\/\/9staedte.de\/nl\/celle-mooie-residentiele-stad\/","og_locale":"nl_NL","og_type":"article","og_title":"Celle - Mooie residenti\u00eble stad - 9 St\u00e4dte in Niedersachsen","og_description":"Cellle - lieflijke residenti\u00eble stad: vakwerkhuizen, Bauhaus en Guelph Castle en een uniek 24-uurs kunstmuseum","og_url":"https:\/\/9staedte.de\/nl\/celle-mooie-residentiele-stad\/","og_site_name":"9 St\u00e4dte in Niedersachsen","article_modified_time":"2025-05-08T12:52:26+00:00","og_image":[{"width":1020,"height":574,"url":"https:\/\/9staedte.de\/wp-content\/uploads\/2024\/02\/Hauptmotiv-celle-sonnenuntergang-ccbysa-vdb-220323-6.jpg","type":"image\/jpeg"}],"twitter_card":"summary_large_image","twitter_misc":{"Geschatte leestijd":"2 minuten"},"schema":{"@context":"https:\/\/schema.org","@graph":[{"@type":"WebPage","@id":"https:\/\/9staedte.de\/nl\/celle-mooie-residentiele-stad\/","url":"https:\/\/9staedte.de\/nl\/celle-mooie-residentiele-stad\/","name":"Celle - Mooie residenti\u00eble stad - 9 St\u00e4dte in Niedersachsen","isPartOf":{"@id":"https:\/\/9staedte.de\/nl\/#website"},"primaryImageOfPage":{"@id":"https:\/\/9staedte.de\/nl\/celle-mooie-residentiele-stad\/#primaryimage"},"image":{"@id":"https:\/\/9staedte.de\/nl\/celle-mooie-residentiele-stad\/#primaryimage"},"thumbnailUrl":"https:\/\/9staedte.de\/wp-content\/uploads\/2024\/02\/Hauptmotiv-celle-sonnenuntergang-ccbysa-vdb-220323-6.jpg","datePublished":"2023-09-28T13:36:37+00:00","dateModified":"2025-05-08T12:52:26+00:00","description":"Cellle - lieflijke residenti\u00eble stad: vakwerkhuizen, Bauhaus en Guelph Castle en een uniek 24-uurs kunstmuseum","breadcrumb":{"@id":"https:\/\/9staedte.de\/nl\/celle-mooie-residentiele-stad\/#breadcrumb"},"inLanguage":"nl-NL","potentialAction":[{"@type":"ReadAction","target":["https:\/\/9staedte.de\/nl\/celle-mooie-residentiele-stad\/"]}]},{"@type":"ImageObject","inLanguage":"nl-NL","@id":"https:\/\/9staedte.de\/nl\/celle-mooie-residentiele-stad\/#primaryimage","url":"https:\/\/9staedte.de\/wp-content\/uploads\/2024\/02\/Hauptmotiv-celle-sonnenuntergang-ccbysa-vdb-220323-6.jpg","contentUrl":"https:\/\/9staedte.de\/wp-content\/uploads\/2024\/02\/Hauptmotiv-celle-sonnenuntergang-ccbysa-vdb-220323-6.jpg","width":1020,"height":574,"caption":"Celle Fachwerk Sonnenuntergang ccbysa-vdb"},{"@type":"BreadcrumbList","@id":"https:\/\/9staedte.de\/nl\/celle-mooie-residentiele-stad\/#breadcrumb","itemListElement":[{"@type":"ListItem","position":1,"name":"Startseite","item":"https:\/\/9staedte.de\/nl\/"},{"@type":"ListItem","position":2,"name":"Celle &#8211; Mooie residenti\u00eble stad"}]},{"@type":"WebSite","@id":"https:\/\/9staedte.de\/nl\/#website","url":"https:\/\/9staedte.de\/nl\/","name":"9 St\u00e4dte in Niedersachsen","description":"","publisher":{"@id":"https:\/\/9staedte.de\/nl\/#organization"},"potentialAction":[{"@type":"SearchAction","target":{"@type":"EntryPoint","urlTemplate":"https:\/\/9staedte.de\/nl\/?s={search_term_string}"},"query-input":{"@type":"PropertyValueSpecification","valueRequired":true,"valueName":"search_term_string"}}],"inLanguage":"nl-NL"},{"@type":"Organization","@id":"https:\/\/9staedte.de\/nl\/#organization","name":"9 St\u00e4dte in Niedersachsen","url":"https:\/\/9staedte.de\/nl\/","logo":{"@type":"ImageObject","inLanguage":"nl-NL","@id":"https:\/\/9staedte.de\/nl\/#\/schema\/logo\/image\/","url":"https:\/\/9staedte.de\/wp-content\/uploads\/2025\/01\/9-neg-deutsch-2-1.png","contentUrl":"https:\/\/9staedte.de\/wp-content\/uploads\/2025\/01\/9-neg-deutsch-2-1.png","width":190,"height":114,"caption":"9 St\u00e4dte in Niedersachsen"},"image":{"@id":"https:\/\/9staedte.de\/nl\/#\/schema\/logo\/image\/"}}]}},"_links":{"self":[{"href":"https:\/\/9staedte.de\/nl\/wp-json\/wp\/v2\/pages\/9733","targetHints":{"allow":["GET"]}}],"collection":[{"href":"https:\/\/9staedte.de\/nl\/wp-json\/wp\/v2\/pages"}],"about":[{"href":"https:\/\/9staedte.de\/nl\/wp-json\/wp\/v2\/types\/page"}],"author":[{"embeddable":true,"href":"https:\/\/9staedte.de\/nl\/wp-json\/wp\/v2\/users\/1"}],"replies":[{"embeddable":true,"href":"https:\/\/9staedte.de\/nl\/wp-json\/wp\/v2\/comments?post=9733"}],"version-history":[{"count":9,"href":"https:\/\/9staedte.de\/nl\/wp-json\/wp\/v2\/pages\/9733\/revisions"}],"predecessor-version":[{"id":25386,"href":"https:\/\/9staedte.de\/nl\/wp-json\/wp\/v2\/pages\/9733\/revisions\/25386"}],"wp:featuredmedia":[{"embeddable":true,"href":"https:\/\/9staedte.de\/nl\/wp-json\/wp\/v2\/media\/20934"}],"wp:attachment":[{"href":"https:\/\/9staedte.de\/nl\/wp-json\/wp\/v2\/media?parent=9733"}],"wp:term":[{"taxonomy":"category","embeddable":true,"href":"https:\/\/9staedte.de\/nl\/wp-json\/wp\/v2\/categories?post=9733"},{"taxonomy":"post_tag","embeddable":true,"href":"https:\/\/9staedte.de\/nl\/wp-json\/wp\/v2\/tags?post=9733"},{"taxonomy":"ncap_cities_tax","embeddable":true,"href":"https:\/\/9staedte.de\/nl\/wp-json\/wp\/v2\/ncap_cities_tax?post=9733"}],"curies":[{"name":"wp","href":"https:\/\/api.w.org\/{rel}","templated":true}]}}