{"id":9731,"date":"2023-09-28T16:56:43","date_gmt":"2023-09-28T14:56:43","guid":{"rendered":"https:\/\/9staedte.de\/downloads-brochures\/"},"modified":"2023-10-26T09:52:27","modified_gmt":"2023-10-26T07:52:27","slug":"downloads-brochures","status":"publish","type":"page","link":"https:\/\/9staedte.de\/nl\/downloads-brochures\/","title":{"rendered":"Downloads (Brochures)"},"content":{"rendered":"\r\n\r\n    <div class=\"filter-posts\">\r\n            <div  id=\"filterContent\">\r\n                                                        \n<div class=\"contentKachel filtr-item\" data-category=\"\">\n    <a href=\"https:\/\/9staedte.de\/nl\/historisch-levendig-uniek\/\">\n        <div class=\"contentKachel-inner\">\n                            <div class=\"contentKachel-thumbnail\">\n                    <img loading=\"lazy\" decoding=\"async\" width=\"300\" height=\"165\" src=\"https:\/\/9staedte.de\/wp-content\/smush-webp\/2023\/02\/Blick-ueber-Goslar_GOSLAR-marketing-gmbh_filmpunktton-300x165.jpg.webp\" class=\"objectfitcover withfilters wp-post-image\" alt=\"Das Bild zeigt einen Blick \u00fcber die Stadt Goslar. Im Vordergrund sieht man die Spitze von zwei Kircht\u00fcrmen. Im Hintergrund liegen viele H\u00e4user und gr\u00fcne H\u00fcgel. Man sieht auch die Berge im Harz.\" srcset=\"https:\/\/9staedte.de\/wp-content\/smush-webp\/2023\/02\/Blick-ueber-Goslar_GOSLAR-marketing-gmbh_filmpunktton-300x165.jpg.webp 300w, https:\/\/9staedte.de\/wp-content\/smush-webp\/2023\/02\/Blick-ueber-Goslar_GOSLAR-marketing-gmbh_filmpunktton-768x422.jpg.webp 768w, https:\/\/9staedte.de\/wp-content\/smush-webp\/2023\/02\/Blick-ueber-Goslar_GOSLAR-marketing-gmbh_filmpunktton.jpg.webp 1020w\" sizes=\"auto, (max-width: 300px) 100vw, 300px\" \/>                    <img loading=\"lazy\" decoding=\"async\" width=\"300\" height=\"165\" src=\"https:\/\/9staedte.de\/wp-content\/smush-webp\/2023\/02\/Blick-ueber-Goslar_GOSLAR-marketing-gmbh_filmpunktton-300x165.jpg.webp\" class=\"objectfitcontain wp-post-image\" alt=\"Das Bild zeigt einen Blick \u00fcber die Stadt Goslar. Im Vordergrund sieht man die Spitze von zwei Kircht\u00fcrmen. Im Hintergrund liegen viele H\u00e4user und gr\u00fcne H\u00fcgel. Man sieht auch die Berge im Harz.\" srcset=\"https:\/\/9staedte.de\/wp-content\/smush-webp\/2023\/02\/Blick-ueber-Goslar_GOSLAR-marketing-gmbh_filmpunktton-300x165.jpg.webp 300w, https:\/\/9staedte.de\/wp-content\/smush-webp\/2023\/02\/Blick-ueber-Goslar_GOSLAR-marketing-gmbh_filmpunktton-768x422.jpg.webp 768w, https:\/\/9staedte.de\/wp-content\/smush-webp\/2023\/02\/Blick-ueber-Goslar_GOSLAR-marketing-gmbh_filmpunktton.jpg.webp 1020w\" sizes=\"auto, (max-width: 300px) 100vw, 300px\" \/>                        <div class=\"thumbnail-label\">\n    <span>Blick \u00fcber Goslar_GOSLAR marketing gmbh_filmpunktton<\/span>\n    <\/div>\n                <\/div>\n                        <div class=\"contentKachel-content\">\n                \n                <div class=\"title\">\n\n                    Historisch, levendig, uniek&#8230;                    \n                <\/div>\n\n                            <\/div>\n\n        <\/div>\n    <\/a>\n<\/div>                                                        \n<div class=\"contentKachel filtr-item\" data-category=\"\">\n    <a href=\"https:\/\/9staedte.de\/nl\/hoogtepunten-evenement-2023\/\">\n        <div class=\"contentKachel-inner\">\n                            <div class=\"contentKachel-thumbnail\">\n                    <img loading=\"lazy\" decoding=\"async\" width=\"300\" height=\"165\" src=\"https:\/\/9staedte.de\/wp-content\/smush-webp\/2023\/02\/Braunschweig-Weihnachtsmarkt-3-c-Braunschweig-Stadtmarketing-Philipp-Ziebart-300x165.jpg.webp\" class=\"objectfitcover withfilters wp-post-image\" alt=\"De foto laat de kerstmarkt in Braunschweig zien. Er zijn veel lichtjes. Er is een reuzenrad en veel kraampjes. De mensen zijn blij. Op de achtergrond zie je de torens van de stad.\" srcset=\"https:\/\/9staedte.de\/wp-content\/smush-webp\/2023\/02\/Braunschweig-Weihnachtsmarkt-3-c-Braunschweig-Stadtmarketing-Philipp-Ziebart-300x165.jpg.webp 300w, https:\/\/9staedte.de\/wp-content\/smush-webp\/2023\/02\/Braunschweig-Weihnachtsmarkt-3-c-Braunschweig-Stadtmarketing-Philipp-Ziebart-768x422.jpg.webp 768w, https:\/\/9staedte.de\/wp-content\/smush-webp\/2023\/02\/Braunschweig-Weihnachtsmarkt-3-c-Braunschweig-Stadtmarketing-Philipp-Ziebart.jpg.webp 1020w\" sizes=\"auto, (max-width: 300px) 100vw, 300px\" \/>                    <img loading=\"lazy\" decoding=\"async\" width=\"300\" height=\"165\" src=\"https:\/\/9staedte.de\/wp-content\/smush-webp\/2023\/02\/Braunschweig-Weihnachtsmarkt-3-c-Braunschweig-Stadtmarketing-Philipp-Ziebart-300x165.jpg.webp\" class=\"objectfitcontain wp-post-image\" alt=\"De foto laat de kerstmarkt in Braunschweig zien. Er zijn veel lichtjes. Er is een reuzenrad en veel kraampjes. De mensen zijn blij. Op de achtergrond zie je de torens van de stad.\" srcset=\"https:\/\/9staedte.de\/wp-content\/smush-webp\/2023\/02\/Braunschweig-Weihnachtsmarkt-3-c-Braunschweig-Stadtmarketing-Philipp-Ziebart-300x165.jpg.webp 300w, https:\/\/9staedte.de\/wp-content\/smush-webp\/2023\/02\/Braunschweig-Weihnachtsmarkt-3-c-Braunschweig-Stadtmarketing-Philipp-Ziebart-768x422.jpg.webp 768w, https:\/\/9staedte.de\/wp-content\/smush-webp\/2023\/02\/Braunschweig-Weihnachtsmarkt-3-c-Braunschweig-Stadtmarketing-Philipp-Ziebart.jpg.webp 1020w\" sizes=\"auto, (max-width: 300px) 100vw, 300px\" \/>                        <div class=\"thumbnail-label\">\n    <span>Braunschweig Weihnachtsmarkt 3 c) Braunschweig Stadtmarketing Philipp Ziebart<\/span>\n    <\/div>\n                <\/div>\n                        <div class=\"contentKachel-content\">\n                \n                <div class=\"title\">\n\n                    Hoogtepunten evenement 2025                    \n                <\/div>\n\n                            <\/div>\n\n        <\/div>\n    <\/a>\n<\/div>                                            <\/div>\r\n    <\/div>\r\n","protected":false},"excerpt":{"rendered":"","protected":false},"author":1,"featured_media":9736,"parent":0,"menu_order":0,"comment_status":"closed","ping_status":"closed","template":"","meta":{"_acf_changed":false,"footnotes":""},"categories":[],"tags":[],"ncap_cities_tax":[],"class_list":["post-9731","page","type-page","status-publish","has-post-thumbnail","hentry"],"acf":[],"yoast_head":"<!-- This site is optimized with the Yoast SEO plugin v26.8 - https:\/\/yoast.com\/product\/yoast-seo-wordpress\/ -->\n<title>Downloads (Brochures) - 9 St\u00e4dte in Niedersachsen<\/title>\n<meta name=\"robots\" content=\"index, follow, max-snippet:-1, max-image-preview:large, max-video-preview:-1\" \/>\n<link rel=\"canonical\" href=\"https:\/\/9staedte.de\/nl\/downloads-brochures\/\" \/>\n<meta property=\"og:locale\" content=\"nl_NL\" \/>\n<meta property=\"og:type\" content=\"article\" \/>\n<meta property=\"og:title\" content=\"Downloads (Brochures) - 9 St\u00e4dte in Niedersachsen\" \/>\n<meta property=\"og:url\" content=\"https:\/\/9staedte.de\/nl\/downloads-brochures\/\" \/>\n<meta property=\"og:site_name\" content=\"9 St\u00e4dte in Niedersachsen\" \/>\n<meta property=\"article:modified_time\" content=\"2023-10-26T07:52:27+00:00\" \/>\n<meta property=\"og:image\" content=\"https:\/\/9staedte.de\/wp-content\/uploads\/2023\/06\/Fachwerkviertel-\u00a9-Hildesheim-Marketing-Foto-Dagmar-Schwelle.jpg\" \/>\n\t<meta property=\"og:image:width\" content=\"1020\" \/>\n\t<meta property=\"og:image:height\" content=\"560\" \/>\n\t<meta property=\"og:image:type\" content=\"image\/jpeg\" \/>\n<meta name=\"twitter:card\" content=\"summary_large_image\" \/>\n<script type=\"application\/ld+json\" class=\"yoast-schema-graph\">{\"@context\":\"https:\/\/schema.org\",\"@graph\":[{\"@type\":\"WebPage\",\"@id\":\"https:\/\/9staedte.de\/nl\/downloads-brochures\/\",\"url\":\"https:\/\/9staedte.de\/nl\/downloads-brochures\/\",\"name\":\"Downloads (Brochures) - 9 St\u00e4dte in Niedersachsen\",\"isPartOf\":{\"@id\":\"https:\/\/9staedte.de\/nl\/#website\"},\"primaryImageOfPage\":{\"@id\":\"https:\/\/9staedte.de\/nl\/downloads-brochures\/#primaryimage\"},\"image\":{\"@id\":\"https:\/\/9staedte.de\/nl\/downloads-brochures\/#primaryimage\"},\"thumbnailUrl\":\"https:\/\/9staedte.de\/wp-content\/uploads\/2023\/06\/Fachwerkviertel-\u00a9-Hildesheim-Marketing-Foto-Dagmar-Schwelle.jpg\",\"datePublished\":\"2023-09-28T14:56:43+00:00\",\"dateModified\":\"2023-10-26T07:52:27+00:00\",\"breadcrumb\":{\"@id\":\"https:\/\/9staedte.de\/nl\/downloads-brochures\/#breadcrumb\"},\"inLanguage\":\"nl-NL\",\"potentialAction\":[{\"@type\":\"ReadAction\",\"target\":[\"https:\/\/9staedte.de\/nl\/downloads-brochures\/\"]}]},{\"@type\":\"ImageObject\",\"inLanguage\":\"nl-NL\",\"@id\":\"https:\/\/9staedte.de\/nl\/downloads-brochures\/#primaryimage\",\"url\":\"https:\/\/9staedte.de\/wp-content\/uploads\/2023\/06\/Fachwerkviertel-\u00a9-Hildesheim-Marketing-Foto-Dagmar-Schwelle.jpg\",\"contentUrl\":\"https:\/\/9staedte.de\/wp-content\/uploads\/2023\/06\/Fachwerkviertel-\u00a9-Hildesheim-Marketing-Foto-Dagmar-Schwelle.jpg\",\"width\":1020,\"height\":560,\"caption\":\"Fachwerkviertel \u00a9 Hildesheim Marketing, Foto Dagmar Schwelle\"},{\"@type\":\"BreadcrumbList\",\"@id\":\"https:\/\/9staedte.de\/nl\/downloads-brochures\/#breadcrumb\",\"itemListElement\":[{\"@type\":\"ListItem\",\"position\":1,\"name\":\"Startseite\",\"item\":\"https:\/\/9staedte.de\/nl\/\"},{\"@type\":\"ListItem\",\"position\":2,\"name\":\"Downloads (Brochures)\"}]},{\"@type\":\"WebSite\",\"@id\":\"https:\/\/9staedte.de\/nl\/#website\",\"url\":\"https:\/\/9staedte.de\/nl\/\",\"name\":\"9 St\u00e4dte in Niedersachsen\",\"description\":\"\",\"publisher\":{\"@id\":\"https:\/\/9staedte.de\/nl\/#organization\"},\"potentialAction\":[{\"@type\":\"SearchAction\",\"target\":{\"@type\":\"EntryPoint\",\"urlTemplate\":\"https:\/\/9staedte.de\/nl\/?s={search_term_string}\"},\"query-input\":{\"@type\":\"PropertyValueSpecification\",\"valueRequired\":true,\"valueName\":\"search_term_string\"}}],\"inLanguage\":\"nl-NL\"},{\"@type\":\"Organization\",\"@id\":\"https:\/\/9staedte.de\/nl\/#organization\",\"name\":\"9 St\u00e4dte in Niedersachsen\",\"url\":\"https:\/\/9staedte.de\/nl\/\",\"logo\":{\"@type\":\"ImageObject\",\"inLanguage\":\"nl-NL\",\"@id\":\"https:\/\/9staedte.de\/nl\/#\/schema\/logo\/image\/\",\"url\":\"https:\/\/9staedte.de\/wp-content\/uploads\/2025\/01\/9-neg-deutsch-2-1.png\",\"contentUrl\":\"https:\/\/9staedte.de\/wp-content\/uploads\/2025\/01\/9-neg-deutsch-2-1.png\",\"width\":190,\"height\":114,\"caption\":\"9 St\u00e4dte in Niedersachsen\"},\"image\":{\"@id\":\"https:\/\/9staedte.de\/nl\/#\/schema\/logo\/image\/\"}}]}<\/script>\n<!-- \/ Yoast SEO plugin. -->","yoast_head_json":{"title":"Downloads (Brochures) - 9 St\u00e4dte in Niedersachsen","robots":{"index":"index","follow":"follow","max-snippet":"max-snippet:-1","max-image-preview":"max-image-preview:large","max-video-preview":"max-video-preview:-1"},"canonical":"https:\/\/9staedte.de\/nl\/downloads-brochures\/","og_locale":"nl_NL","og_type":"article","og_title":"Downloads (Brochures) - 9 St\u00e4dte in Niedersachsen","og_url":"https:\/\/9staedte.de\/nl\/downloads-brochures\/","og_site_name":"9 St\u00e4dte in Niedersachsen","article_modified_time":"2023-10-26T07:52:27+00:00","og_image":[{"width":1020,"height":560,"url":"https:\/\/9staedte.de\/wp-content\/uploads\/2023\/06\/Fachwerkviertel-\u00a9-Hildesheim-Marketing-Foto-Dagmar-Schwelle.jpg","type":"image\/jpeg"}],"twitter_card":"summary_large_image","schema":{"@context":"https:\/\/schema.org","@graph":[{"@type":"WebPage","@id":"https:\/\/9staedte.de\/nl\/downloads-brochures\/","url":"https:\/\/9staedte.de\/nl\/downloads-brochures\/","name":"Downloads (Brochures) - 9 St\u00e4dte in Niedersachsen","isPartOf":{"@id":"https:\/\/9staedte.de\/nl\/#website"},"primaryImageOfPage":{"@id":"https:\/\/9staedte.de\/nl\/downloads-brochures\/#primaryimage"},"image":{"@id":"https:\/\/9staedte.de\/nl\/downloads-brochures\/#primaryimage"},"thumbnailUrl":"https:\/\/9staedte.de\/wp-content\/uploads\/2023\/06\/Fachwerkviertel-\u00a9-Hildesheim-Marketing-Foto-Dagmar-Schwelle.jpg","datePublished":"2023-09-28T14:56:43+00:00","dateModified":"2023-10-26T07:52:27+00:00","breadcrumb":{"@id":"https:\/\/9staedte.de\/nl\/downloads-brochures\/#breadcrumb"},"inLanguage":"nl-NL","potentialAction":[{"@type":"ReadAction","target":["https:\/\/9staedte.de\/nl\/downloads-brochures\/"]}]},{"@type":"ImageObject","inLanguage":"nl-NL","@id":"https:\/\/9staedte.de\/nl\/downloads-brochures\/#primaryimage","url":"https:\/\/9staedte.de\/wp-content\/uploads\/2023\/06\/Fachwerkviertel-\u00a9-Hildesheim-Marketing-Foto-Dagmar-Schwelle.jpg","contentUrl":"https:\/\/9staedte.de\/wp-content\/uploads\/2023\/06\/Fachwerkviertel-\u00a9-Hildesheim-Marketing-Foto-Dagmar-Schwelle.jpg","width":1020,"height":560,"caption":"Fachwerkviertel \u00a9 Hildesheim Marketing, Foto Dagmar Schwelle"},{"@type":"BreadcrumbList","@id":"https:\/\/9staedte.de\/nl\/downloads-brochures\/#breadcrumb","itemListElement":[{"@type":"ListItem","position":1,"name":"Startseite","item":"https:\/\/9staedte.de\/nl\/"},{"@type":"ListItem","position":2,"name":"Downloads (Brochures)"}]},{"@type":"WebSite","@id":"https:\/\/9staedte.de\/nl\/#website","url":"https:\/\/9staedte.de\/nl\/","name":"9 St\u00e4dte in Niedersachsen","description":"","publisher":{"@id":"https:\/\/9staedte.de\/nl\/#organization"},"potentialAction":[{"@type":"SearchAction","target":{"@type":"EntryPoint","urlTemplate":"https:\/\/9staedte.de\/nl\/?s={search_term_string}"},"query-input":{"@type":"PropertyValueSpecification","valueRequired":true,"valueName":"search_term_string"}}],"inLanguage":"nl-NL"},{"@type":"Organization","@id":"https:\/\/9staedte.de\/nl\/#organization","name":"9 St\u00e4dte in Niedersachsen","url":"https:\/\/9staedte.de\/nl\/","logo":{"@type":"ImageObject","inLanguage":"nl-NL","@id":"https:\/\/9staedte.de\/nl\/#\/schema\/logo\/image\/","url":"https:\/\/9staedte.de\/wp-content\/uploads\/2025\/01\/9-neg-deutsch-2-1.png","contentUrl":"https:\/\/9staedte.de\/wp-content\/uploads\/2025\/01\/9-neg-deutsch-2-1.png","width":190,"height":114,"caption":"9 St\u00e4dte in Niedersachsen"},"image":{"@id":"https:\/\/9staedte.de\/nl\/#\/schema\/logo\/image\/"}}]}},"_links":{"self":[{"href":"https:\/\/9staedte.de\/nl\/wp-json\/wp\/v2\/pages\/9731","targetHints":{"allow":["GET"]}}],"collection":[{"href":"https:\/\/9staedte.de\/nl\/wp-json\/wp\/v2\/pages"}],"about":[{"href":"https:\/\/9staedte.de\/nl\/wp-json\/wp\/v2\/types\/page"}],"author":[{"embeddable":true,"href":"https:\/\/9staedte.de\/nl\/wp-json\/wp\/v2\/users\/1"}],"replies":[{"embeddable":true,"href":"https:\/\/9staedte.de\/nl\/wp-json\/wp\/v2\/comments?post=9731"}],"version-history":[{"count":1,"href":"https:\/\/9staedte.de\/nl\/wp-json\/wp\/v2\/pages\/9731\/revisions"}],"predecessor-version":[{"id":9742,"href":"https:\/\/9staedte.de\/nl\/wp-json\/wp\/v2\/pages\/9731\/revisions\/9742"}],"wp:featuredmedia":[{"embeddable":true,"href":"https:\/\/9staedte.de\/nl\/wp-json\/wp\/v2\/media\/9736"}],"wp:attachment":[{"href":"https:\/\/9staedte.de\/nl\/wp-json\/wp\/v2\/media?parent=9731"}],"wp:term":[{"taxonomy":"category","embeddable":true,"href":"https:\/\/9staedte.de\/nl\/wp-json\/wp\/v2\/categories?post=9731"},{"taxonomy":"post_tag","embeddable":true,"href":"https:\/\/9staedte.de\/nl\/wp-json\/wp\/v2\/tags?post=9731"},{"taxonomy":"ncap_cities_tax","embeddable":true,"href":"https:\/\/9staedte.de\/nl\/wp-json\/wp\/v2\/ncap_cities_tax?post=9731"}],"curies":[{"name":"wp","href":"https:\/\/api.w.org\/{rel}","templated":true}]}}