{"id":9669,"date":"2023-09-28T16:57:15","date_gmt":"2023-09-28T14:57:15","guid":{"rendered":"https:\/\/9staedte.de\/musea-en-tentoonstellingen-in-goettingen\/"},"modified":"2023-10-25T11:29:03","modified_gmt":"2023-10-25T09:29:03","slug":"musea-en-tentoonstellingen-in-goettingen","status":"publish","type":"page","link":"https:\/\/9staedte.de\/nl\/goettingen-stad-die-kennis-creeert\/musea-en-tentoonstellingen-in-goettingen\/","title":{"rendered":"Musea en tentoonstellingen in G\u00f6ttingen"},"content":{"rendered":"\r\n\r\n    <div class=\"filter-posts\">\r\n            <div  id=\"filterContent\">\r\n                                                        \n<div class=\"contentKachel filtr-item\" data-category=\"goettingen-nl\">\n    <a href=\"https:\/\/9staedte.de\/nl\/forum-kennis\/\">\n        <div class=\"contentKachel-inner\">\n                            <div class=\"contentKachel-thumbnail\">\n                    <img loading=\"lazy\" decoding=\"async\" width=\"300\" height=\"164\" src=\"https:\/\/9staedte.de\/wp-content\/smush-webp\/2023\/02\/Forum-Wissen-Luftaufnahme-c-Forum-Wissen-300x164.jpg.webp\" class=\"objectfitcover withfilters wp-post-image\" alt=\"\" srcset=\"https:\/\/9staedte.de\/wp-content\/smush-webp\/2023\/02\/Forum-Wissen-Luftaufnahme-c-Forum-Wissen-300x164.jpg.webp 300w, https:\/\/9staedte.de\/wp-content\/smush-webp\/2023\/02\/Forum-Wissen-Luftaufnahme-c-Forum-Wissen-768x421.jpg.webp 768w, https:\/\/9staedte.de\/wp-content\/smush-webp\/2023\/02\/Forum-Wissen-Luftaufnahme-c-Forum-Wissen.jpg.webp 1020w\" sizes=\"auto, (max-width: 300px) 100vw, 300px\" \/>                    <img loading=\"lazy\" decoding=\"async\" width=\"300\" height=\"164\" src=\"https:\/\/9staedte.de\/wp-content\/smush-webp\/2023\/02\/Forum-Wissen-Luftaufnahme-c-Forum-Wissen-300x164.jpg.webp\" class=\"objectfitcontain wp-post-image\" alt=\"\" srcset=\"https:\/\/9staedte.de\/wp-content\/smush-webp\/2023\/02\/Forum-Wissen-Luftaufnahme-c-Forum-Wissen-300x164.jpg.webp 300w, https:\/\/9staedte.de\/wp-content\/smush-webp\/2023\/02\/Forum-Wissen-Luftaufnahme-c-Forum-Wissen-768x421.jpg.webp 768w, https:\/\/9staedte.de\/wp-content\/smush-webp\/2023\/02\/Forum-Wissen-Luftaufnahme-c-Forum-Wissen.jpg.webp 1020w\" sizes=\"auto, (max-width: 300px) 100vw, 300px\" \/>                        <div class=\"thumbnail-label\">\n    <span>Forum Wissen Luftaufnahme c) Forum Wissen<\/span>\n    <\/div>\n                <\/div>\n                        <div class=\"contentKachel-content\">\n                                    <div class=\"city-tag bg-goettingen\">\n                        G\u00f6ttingen                    <\/div>\n                \n                <div class=\"title\">\n\n                    Forum kennis                    \n                <\/div>\n\n                            <\/div>\n\n        <\/div>\n    <\/a>\n<\/div>                                                        \n<div class=\"contentKachel filtr-item\" data-category=\"goettingen-nl\">\n    <a href=\"https:\/\/9staedte.de\/nl\/kunsthaus-gottingen\/\">\n        <div class=\"contentKachel-inner\">\n                            <div class=\"contentKachel-thumbnail\">\n                    <img loading=\"lazy\" decoding=\"async\" width=\"300\" height=\"165\" src=\"https:\/\/9staedte.de\/wp-content\/smush-webp\/2023\/02\/Kunsthaus_Goettingen_Innenansicht-300x165.jpg.webp\" class=\"objectfitcover withfilters wp-post-image\" alt=\"Kunsthaus G\u00f6ttingen Innenansicht c) Kunsthaus G\u00f6ttingen\" srcset=\"https:\/\/9staedte.de\/wp-content\/smush-webp\/2023\/02\/Kunsthaus_Goettingen_Innenansicht-300x165.jpg.webp 300w, https:\/\/9staedte.de\/wp-content\/smush-webp\/2023\/02\/Kunsthaus_Goettingen_Innenansicht-768x422.jpg.webp 768w, https:\/\/9staedte.de\/wp-content\/smush-webp\/2023\/02\/Kunsthaus_Goettingen_Innenansicht.jpg.webp 1020w\" sizes=\"auto, (max-width: 300px) 100vw, 300px\" \/>                    <img loading=\"lazy\" decoding=\"async\" width=\"300\" height=\"165\" src=\"https:\/\/9staedte.de\/wp-content\/smush-webp\/2023\/02\/Kunsthaus_Goettingen_Innenansicht-300x165.jpg.webp\" class=\"objectfitcontain wp-post-image\" alt=\"Kunsthaus G\u00f6ttingen Innenansicht c) Kunsthaus G\u00f6ttingen\" srcset=\"https:\/\/9staedte.de\/wp-content\/smush-webp\/2023\/02\/Kunsthaus_Goettingen_Innenansicht-300x165.jpg.webp 300w, https:\/\/9staedte.de\/wp-content\/smush-webp\/2023\/02\/Kunsthaus_Goettingen_Innenansicht-768x422.jpg.webp 768w, https:\/\/9staedte.de\/wp-content\/smush-webp\/2023\/02\/Kunsthaus_Goettingen_Innenansicht.jpg.webp 1020w\" sizes=\"auto, (max-width: 300px) 100vw, 300px\" \/>                        <div class=\"thumbnail-label\">\n    <span>Kunsthaus_G\u00f6ttingen_Innenansicht<\/span>\n    <\/div>\n                <\/div>\n                        <div class=\"contentKachel-content\">\n                                    <div class=\"city-tag bg-goettingen\">\n                        G\u00f6ttingen                    <\/div>\n                \n                <div class=\"title\">\n\n                    Kunsthaus G\u00f6ttingen                    \n                <\/div>\n\n                            <\/div>\n\n        <\/div>\n    <\/a>\n<\/div>                                                        \n<div class=\"contentKachel filtr-item\" data-category=\"goettingen-nl\">\n    <a href=\"https:\/\/9staedte.de\/nl\/regelmatig-wisselende-tentoonstellingen-in-het-stadsmuseum-goettingen\/\">\n        <div class=\"contentKachel-inner\">\n                            <div class=\"contentKachel-thumbnail\">\n                    <img loading=\"lazy\" decoding=\"async\" width=\"300\" height=\"165\" src=\"https:\/\/9staedte.de\/wp-content\/smush-webp\/2022\/03\/Staedtisches-Museum-Goettingen-c-Goettingen-Marketing-Christoph-Mischke-300x165.jpg.webp\" class=\"objectfitcover withfilters wp-post-image\" alt=\"Op de foto zie je het Stedelijk Museum in G\u00f6ttingen. Het is een oud vakwerkhuis met een rood dak. De lucht is blauw met witte wolken.\" srcset=\"https:\/\/9staedte.de\/wp-content\/smush-webp\/2022\/03\/Staedtisches-Museum-Goettingen-c-Goettingen-Marketing-Christoph-Mischke-300x165.jpg.webp 300w, https:\/\/9staedte.de\/wp-content\/smush-webp\/2022\/03\/Staedtisches-Museum-Goettingen-c-Goettingen-Marketing-Christoph-Mischke-768x422.jpg.webp 768w, https:\/\/9staedte.de\/wp-content\/smush-webp\/2022\/03\/Staedtisches-Museum-Goettingen-c-Goettingen-Marketing-Christoph-Mischke.jpg.webp 1020w\" sizes=\"auto, (max-width: 300px) 100vw, 300px\" \/>                    <img loading=\"lazy\" decoding=\"async\" width=\"300\" height=\"165\" src=\"https:\/\/9staedte.de\/wp-content\/smush-webp\/2022\/03\/Staedtisches-Museum-Goettingen-c-Goettingen-Marketing-Christoph-Mischke-300x165.jpg.webp\" class=\"objectfitcontain wp-post-image\" alt=\"Op de foto zie je het Stedelijk Museum in G\u00f6ttingen. Het is een oud vakwerkhuis met een rood dak. De lucht is blauw met witte wolken.\" srcset=\"https:\/\/9staedte.de\/wp-content\/smush-webp\/2022\/03\/Staedtisches-Museum-Goettingen-c-Goettingen-Marketing-Christoph-Mischke-300x165.jpg.webp 300w, https:\/\/9staedte.de\/wp-content\/smush-webp\/2022\/03\/Staedtisches-Museum-Goettingen-c-Goettingen-Marketing-Christoph-Mischke-768x422.jpg.webp 768w, https:\/\/9staedte.de\/wp-content\/smush-webp\/2022\/03\/Staedtisches-Museum-Goettingen-c-Goettingen-Marketing-Christoph-Mischke.jpg.webp 1020w\" sizes=\"auto, (max-width: 300px) 100vw, 300px\" \/>                        <div class=\"thumbnail-label\">\n    <span>St\u00e4dtisches Museum G\u00f6ttingen c) G\u00f6ttingen Marketing Christoph Mischke<\/span>\n    <\/div>\n                <\/div>\n                        <div class=\"contentKachel-content\">\n                                    <div class=\"city-tag bg-goettingen\">\n                        G\u00f6ttingen                    <\/div>\n                \n                <div class=\"title\">\n\n                    Regelmatig wisselende tentoonstellingen in het Stadsmuseum G\u00f6ttingen                    \n                <\/div>\n\n                            <\/div>\n\n        <\/div>\n    <\/a>\n<\/div>                                            <\/div>\r\n    <\/div>\r\n\n\n\n<div style=\"height:40px\" aria-hidden=\"true\" class=\"wp-block-spacer\"><\/div>\n\n\n\n<div class=\"wp-block-columns is-layout-flex wp-container-core-columns-is-layout-9d6595d7 wp-block-columns-is-layout-flex\">\n<div class=\"wp-block-column is-layout-flow wp-block-column-is-layout-flow\" style=\"flex-basis:66.66%\">\n <div class=\"brlbs-cmpnt-container brlbs-cmpnt-content-blocker brlbs-cmpnt-with-individual-styles\" data-borlabs-cookie-content-blocker-id=\"google-maps\" data-borlabs-cookie-content=\"PGlmcmFtZSBzcmM9Imh0dHBzOi8vd3d3Lmdvb2dsZS5jb20vbWFwcy9kL2VtYmVkP21pZD0xdTh6VmdDMHVNeEVUcjJ4aTNnXzhPSzRpYU5PVE1HayZhbXA7ZWhiYz0yRTMxMkYiIHdpZHRoPSI2NDAiIGhlaWdodD0iNDgwIj48L2lmcmFtZT4=\"><div class=\"brlbs-cmpnt-cb-preset-b brlbs-cmpnt-cb-google-maps\"> <div class=\"brlbs-cmpnt-cb-thumbnail\" style=\"background-image: url('https:\/\/9staedte.de\/wp-content\/uploads\/borlabs-cookie\/1\/brlbs-cb-google-maps-main.png')\"><\/div> <div class=\"brlbs-cmpnt-cb-main\"> <div class=\"brlbs-cmpnt-cb-content\"> <p class=\"brlbs-cmpnt-cb-description\">U bekijkt momenteel inhoud van een plaatshouder van <strong>Google Maps<\/strong>. Klik op de knop hieronder om de volledige inhoud te bekijken. Houd er rekening mee dat u op deze manier gegevens deelt met providers van derden.<\/p> <a class=\"brlbs-cmpnt-cb-provider-toggle\" href=\"#\" data-borlabs-cookie-show-provider-information role=\"button\">Meer informatie<\/a> <\/div> <div class=\"brlbs-cmpnt-cb-buttons\"> <a class=\"brlbs-cmpnt-cb-btn\" href=\"#\" data-borlabs-cookie-unblock role=\"button\">Inhoud deblokkeren<\/a> <a class=\"brlbs-cmpnt-cb-btn\" href=\"#\" data-borlabs-cookie-accept-service role=\"button\" style=\"display: inherit\">Vereiste service accepteren en inhoud deblokkeren<\/a> <\/div> <\/div> <\/div><\/div>\n<\/div>\n\n\n\n<div class=\"wp-block-column is-layout-flow wp-block-column-is-layout-flow\" style=\"flex-basis:33.33%\">\n<h4 class=\"wp-block-heading\"><strong>Musea in G\u00f6ttingen<\/strong><\/h4>\n\n\n\n<ul class=\"map-legend main-legend wp-block-list\">\n<li>Forum kennis<\/li>\n\n\n\n<li>Kunsthaus G\u00f6ttingen<\/li>\n\n\n\n<li>Gemeentemuseum G\u00f6ttingen<\/li>\n<\/ul>\n<\/div>\n<\/div>\n","protected":false},"excerpt":{"rendered":"<p>U bekijkt momenteel inhoud van een plaatshouder van Google Maps. Klik op de knop hieronder om de volledige inhoud te bekijken. Houd er rekening mee dat u op deze manier gegevens deelt met providers van derden. Meer informatie Inhoud deblokkeren Vereiste service accepteren en inhoud deblokkeren Musea in G\u00f6ttingen<\/p>\n","protected":false},"author":1,"featured_media":9672,"parent":9786,"menu_order":0,"comment_status":"closed","ping_status":"closed","template":"pagetemplates\/template-stadtthema.php","meta":{"_acf_changed":false,"footnotes":""},"categories":[],"tags":[],"ncap_cities_tax":[433,643],"class_list":["post-9669","page","type-page","status-publish","has-post-thumbnail","hentry","ncap_cities_tax-goettingen-nl","ncap_cities_tax-museen-goettingen-nl"],"acf":[],"yoast_head":"<!-- This site is optimized with the Yoast SEO plugin v26.8 - https:\/\/yoast.com\/product\/yoast-seo-wordpress\/ -->\n<title>Musea en tentoonstellingen in G\u00f6ttingen - 9 St\u00e4dte in Niedersachsen<\/title>\n<meta name=\"robots\" content=\"index, follow, max-snippet:-1, max-image-preview:large, max-video-preview:-1\" \/>\n<link rel=\"canonical\" href=\"https:\/\/9staedte.de\/nl\/goettingen-stad-die-kennis-creeert\/musea-en-tentoonstellingen-in-goettingen\/\" \/>\n<meta property=\"og:locale\" content=\"nl_NL\" \/>\n<meta property=\"og:type\" content=\"article\" \/>\n<meta property=\"og:title\" content=\"Musea en tentoonstellingen in G\u00f6ttingen - 9 St\u00e4dte in Niedersachsen\" \/>\n<meta property=\"og:description\" content=\"U bekijkt momenteel inhoud van een plaatshouder van Google Maps. Klik op de knop hieronder om de volledige inhoud te bekijken. Houd er rekening mee dat u op deze manier gegevens deelt met providers van derden. Meer informatie Inhoud deblokkeren Vereiste service accepteren en inhoud deblokkeren Musea in G\u00f6ttingen\" \/>\n<meta property=\"og:url\" content=\"https:\/\/9staedte.de\/nl\/goettingen-stad-die-kennis-creeert\/musea-en-tentoonstellingen-in-goettingen\/\" \/>\n<meta property=\"og:site_name\" content=\"9 St\u00e4dte in Niedersachsen\" \/>\n<meta property=\"article:modified_time\" content=\"2023-10-25T09:29:03+00:00\" \/>\n<meta property=\"og:image\" content=\"https:\/\/9staedte.de\/wp-content\/uploads\/2023\/06\/Kunsthaus-Goettingen-c-Kunsthaus-Goettingen.jpg\" \/>\n\t<meta property=\"og:image:width\" content=\"1019\" \/>\n\t<meta property=\"og:image:height\" content=\"559\" \/>\n\t<meta property=\"og:image:type\" content=\"image\/jpeg\" \/>\n<meta name=\"twitter:card\" content=\"summary_large_image\" \/>\n<meta name=\"twitter:label1\" content=\"Geschatte leestijd\" \/>\n\t<meta name=\"twitter:data1\" content=\"1 minuut\" \/>\n<script type=\"application\/ld+json\" class=\"yoast-schema-graph\">{\"@context\":\"https:\/\/schema.org\",\"@graph\":[{\"@type\":\"WebPage\",\"@id\":\"https:\/\/9staedte.de\/nl\/goettingen-stad-die-kennis-creeert\/musea-en-tentoonstellingen-in-goettingen\/\",\"url\":\"https:\/\/9staedte.de\/nl\/goettingen-stad-die-kennis-creeert\/musea-en-tentoonstellingen-in-goettingen\/\",\"name\":\"Musea en tentoonstellingen in G\u00f6ttingen - 9 St\u00e4dte in Niedersachsen\",\"isPartOf\":{\"@id\":\"https:\/\/9staedte.de\/nl\/#website\"},\"primaryImageOfPage\":{\"@id\":\"https:\/\/9staedte.de\/nl\/goettingen-stad-die-kennis-creeert\/musea-en-tentoonstellingen-in-goettingen\/#primaryimage\"},\"image\":{\"@id\":\"https:\/\/9staedte.de\/nl\/goettingen-stad-die-kennis-creeert\/musea-en-tentoonstellingen-in-goettingen\/#primaryimage\"},\"thumbnailUrl\":\"https:\/\/9staedte.de\/wp-content\/uploads\/2023\/06\/Kunsthaus-Goettingen-c-Kunsthaus-Goettingen.jpg\",\"datePublished\":\"2023-09-28T14:57:15+00:00\",\"dateModified\":\"2023-10-25T09:29:03+00:00\",\"breadcrumb\":{\"@id\":\"https:\/\/9staedte.de\/nl\/goettingen-stad-die-kennis-creeert\/musea-en-tentoonstellingen-in-goettingen\/#breadcrumb\"},\"inLanguage\":\"nl-NL\",\"potentialAction\":[{\"@type\":\"ReadAction\",\"target\":[\"https:\/\/9staedte.de\/nl\/goettingen-stad-die-kennis-creeert\/musea-en-tentoonstellingen-in-goettingen\/\"]}]},{\"@type\":\"ImageObject\",\"inLanguage\":\"nl-NL\",\"@id\":\"https:\/\/9staedte.de\/nl\/goettingen-stad-die-kennis-creeert\/musea-en-tentoonstellingen-in-goettingen\/#primaryimage\",\"url\":\"https:\/\/9staedte.de\/wp-content\/uploads\/2023\/06\/Kunsthaus-Goettingen-c-Kunsthaus-Goettingen.jpg\",\"contentUrl\":\"https:\/\/9staedte.de\/wp-content\/uploads\/2023\/06\/Kunsthaus-Goettingen-c-Kunsthaus-Goettingen.jpg\",\"width\":1019,\"height\":559,\"caption\":\"Kunsthaus G\u00f6ttingen c) Kunsthaus G\u00f6ttingen\"},{\"@type\":\"BreadcrumbList\",\"@id\":\"https:\/\/9staedte.de\/nl\/goettingen-stad-die-kennis-creeert\/musea-en-tentoonstellingen-in-goettingen\/#breadcrumb\",\"itemListElement\":[{\"@type\":\"ListItem\",\"position\":1,\"name\":\"Startseite\",\"item\":\"https:\/\/9staedte.de\/nl\/\"},{\"@type\":\"ListItem\",\"position\":2,\"name\":\"G\u00f6ttingen &#8211; Stad die kennis cre\u00ebert\",\"item\":\"https:\/\/9staedte.de\/nl\/goettingen-stad-die-kennis-creeert\/\"},{\"@type\":\"ListItem\",\"position\":3,\"name\":\"Musea en tentoonstellingen in G\u00f6ttingen\"}]},{\"@type\":\"WebSite\",\"@id\":\"https:\/\/9staedte.de\/nl\/#website\",\"url\":\"https:\/\/9staedte.de\/nl\/\",\"name\":\"9 St\u00e4dte in Niedersachsen\",\"description\":\"\",\"publisher\":{\"@id\":\"https:\/\/9staedte.de\/nl\/#organization\"},\"potentialAction\":[{\"@type\":\"SearchAction\",\"target\":{\"@type\":\"EntryPoint\",\"urlTemplate\":\"https:\/\/9staedte.de\/nl\/?s={search_term_string}\"},\"query-input\":{\"@type\":\"PropertyValueSpecification\",\"valueRequired\":true,\"valueName\":\"search_term_string\"}}],\"inLanguage\":\"nl-NL\"},{\"@type\":\"Organization\",\"@id\":\"https:\/\/9staedte.de\/nl\/#organization\",\"name\":\"9 St\u00e4dte in Niedersachsen\",\"url\":\"https:\/\/9staedte.de\/nl\/\",\"logo\":{\"@type\":\"ImageObject\",\"inLanguage\":\"nl-NL\",\"@id\":\"https:\/\/9staedte.de\/nl\/#\/schema\/logo\/image\/\",\"url\":\"https:\/\/9staedte.de\/wp-content\/uploads\/2025\/01\/9-neg-deutsch-2-1.png\",\"contentUrl\":\"https:\/\/9staedte.de\/wp-content\/uploads\/2025\/01\/9-neg-deutsch-2-1.png\",\"width\":190,\"height\":114,\"caption\":\"9 St\u00e4dte in Niedersachsen\"},\"image\":{\"@id\":\"https:\/\/9staedte.de\/nl\/#\/schema\/logo\/image\/\"}}]}<\/script>\n<!-- \/ Yoast SEO plugin. -->","yoast_head_json":{"title":"Musea en tentoonstellingen in G\u00f6ttingen - 9 St\u00e4dte in Niedersachsen","robots":{"index":"index","follow":"follow","max-snippet":"max-snippet:-1","max-image-preview":"max-image-preview:large","max-video-preview":"max-video-preview:-1"},"canonical":"https:\/\/9staedte.de\/nl\/goettingen-stad-die-kennis-creeert\/musea-en-tentoonstellingen-in-goettingen\/","og_locale":"nl_NL","og_type":"article","og_title":"Musea en tentoonstellingen in G\u00f6ttingen - 9 St\u00e4dte in Niedersachsen","og_description":"U bekijkt momenteel inhoud van een plaatshouder van Google Maps. Klik op de knop hieronder om de volledige inhoud te bekijken. Houd er rekening mee dat u op deze manier gegevens deelt met providers van derden. Meer informatie Inhoud deblokkeren Vereiste service accepteren en inhoud deblokkeren Musea in G\u00f6ttingen","og_url":"https:\/\/9staedte.de\/nl\/goettingen-stad-die-kennis-creeert\/musea-en-tentoonstellingen-in-goettingen\/","og_site_name":"9 St\u00e4dte in Niedersachsen","article_modified_time":"2023-10-25T09:29:03+00:00","og_image":[{"width":1019,"height":559,"url":"https:\/\/9staedte.de\/wp-content\/uploads\/2023\/06\/Kunsthaus-Goettingen-c-Kunsthaus-Goettingen.jpg","type":"image\/jpeg"}],"twitter_card":"summary_large_image","twitter_misc":{"Geschatte leestijd":"1 minuut"},"schema":{"@context":"https:\/\/schema.org","@graph":[{"@type":"WebPage","@id":"https:\/\/9staedte.de\/nl\/goettingen-stad-die-kennis-creeert\/musea-en-tentoonstellingen-in-goettingen\/","url":"https:\/\/9staedte.de\/nl\/goettingen-stad-die-kennis-creeert\/musea-en-tentoonstellingen-in-goettingen\/","name":"Musea en tentoonstellingen in G\u00f6ttingen - 9 St\u00e4dte in Niedersachsen","isPartOf":{"@id":"https:\/\/9staedte.de\/nl\/#website"},"primaryImageOfPage":{"@id":"https:\/\/9staedte.de\/nl\/goettingen-stad-die-kennis-creeert\/musea-en-tentoonstellingen-in-goettingen\/#primaryimage"},"image":{"@id":"https:\/\/9staedte.de\/nl\/goettingen-stad-die-kennis-creeert\/musea-en-tentoonstellingen-in-goettingen\/#primaryimage"},"thumbnailUrl":"https:\/\/9staedte.de\/wp-content\/uploads\/2023\/06\/Kunsthaus-Goettingen-c-Kunsthaus-Goettingen.jpg","datePublished":"2023-09-28T14:57:15+00:00","dateModified":"2023-10-25T09:29:03+00:00","breadcrumb":{"@id":"https:\/\/9staedte.de\/nl\/goettingen-stad-die-kennis-creeert\/musea-en-tentoonstellingen-in-goettingen\/#breadcrumb"},"inLanguage":"nl-NL","potentialAction":[{"@type":"ReadAction","target":["https:\/\/9staedte.de\/nl\/goettingen-stad-die-kennis-creeert\/musea-en-tentoonstellingen-in-goettingen\/"]}]},{"@type":"ImageObject","inLanguage":"nl-NL","@id":"https:\/\/9staedte.de\/nl\/goettingen-stad-die-kennis-creeert\/musea-en-tentoonstellingen-in-goettingen\/#primaryimage","url":"https:\/\/9staedte.de\/wp-content\/uploads\/2023\/06\/Kunsthaus-Goettingen-c-Kunsthaus-Goettingen.jpg","contentUrl":"https:\/\/9staedte.de\/wp-content\/uploads\/2023\/06\/Kunsthaus-Goettingen-c-Kunsthaus-Goettingen.jpg","width":1019,"height":559,"caption":"Kunsthaus G\u00f6ttingen c) Kunsthaus G\u00f6ttingen"},{"@type":"BreadcrumbList","@id":"https:\/\/9staedte.de\/nl\/goettingen-stad-die-kennis-creeert\/musea-en-tentoonstellingen-in-goettingen\/#breadcrumb","itemListElement":[{"@type":"ListItem","position":1,"name":"Startseite","item":"https:\/\/9staedte.de\/nl\/"},{"@type":"ListItem","position":2,"name":"G\u00f6ttingen &#8211; Stad die kennis cre\u00ebert","item":"https:\/\/9staedte.de\/nl\/goettingen-stad-die-kennis-creeert\/"},{"@type":"ListItem","position":3,"name":"Musea en tentoonstellingen in G\u00f6ttingen"}]},{"@type":"WebSite","@id":"https:\/\/9staedte.de\/nl\/#website","url":"https:\/\/9staedte.de\/nl\/","name":"9 St\u00e4dte in Niedersachsen","description":"","publisher":{"@id":"https:\/\/9staedte.de\/nl\/#organization"},"potentialAction":[{"@type":"SearchAction","target":{"@type":"EntryPoint","urlTemplate":"https:\/\/9staedte.de\/nl\/?s={search_term_string}"},"query-input":{"@type":"PropertyValueSpecification","valueRequired":true,"valueName":"search_term_string"}}],"inLanguage":"nl-NL"},{"@type":"Organization","@id":"https:\/\/9staedte.de\/nl\/#organization","name":"9 St\u00e4dte in Niedersachsen","url":"https:\/\/9staedte.de\/nl\/","logo":{"@type":"ImageObject","inLanguage":"nl-NL","@id":"https:\/\/9staedte.de\/nl\/#\/schema\/logo\/image\/","url":"https:\/\/9staedte.de\/wp-content\/uploads\/2025\/01\/9-neg-deutsch-2-1.png","contentUrl":"https:\/\/9staedte.de\/wp-content\/uploads\/2025\/01\/9-neg-deutsch-2-1.png","width":190,"height":114,"caption":"9 St\u00e4dte in Niedersachsen"},"image":{"@id":"https:\/\/9staedte.de\/nl\/#\/schema\/logo\/image\/"}}]}},"_links":{"self":[{"href":"https:\/\/9staedte.de\/nl\/wp-json\/wp\/v2\/pages\/9669","targetHints":{"allow":["GET"]}}],"collection":[{"href":"https:\/\/9staedte.de\/nl\/wp-json\/wp\/v2\/pages"}],"about":[{"href":"https:\/\/9staedte.de\/nl\/wp-json\/wp\/v2\/types\/page"}],"author":[{"embeddable":true,"href":"https:\/\/9staedte.de\/nl\/wp-json\/wp\/v2\/users\/1"}],"replies":[{"embeddable":true,"href":"https:\/\/9staedte.de\/nl\/wp-json\/wp\/v2\/comments?post=9669"}],"version-history":[{"count":1,"href":"https:\/\/9staedte.de\/nl\/wp-json\/wp\/v2\/pages\/9669\/revisions"}],"predecessor-version":[{"id":9675,"href":"https:\/\/9staedte.de\/nl\/wp-json\/wp\/v2\/pages\/9669\/revisions\/9675"}],"up":[{"embeddable":true,"href":"https:\/\/9staedte.de\/nl\/wp-json\/wp\/v2\/pages\/9786"}],"wp:featuredmedia":[{"embeddable":true,"href":"https:\/\/9staedte.de\/nl\/wp-json\/wp\/v2\/media\/9672"}],"wp:attachment":[{"href":"https:\/\/9staedte.de\/nl\/wp-json\/wp\/v2\/media?parent=9669"}],"wp:term":[{"taxonomy":"category","embeddable":true,"href":"https:\/\/9staedte.de\/nl\/wp-json\/wp\/v2\/categories?post=9669"},{"taxonomy":"post_tag","embeddable":true,"href":"https:\/\/9staedte.de\/nl\/wp-json\/wp\/v2\/tags?post=9669"},{"taxonomy":"ncap_cities_tax","embeddable":true,"href":"https:\/\/9staedte.de\/nl\/wp-json\/wp\/v2\/ncap_cities_tax?post=9669"}],"curies":[{"name":"wp","href":"https:\/\/api.w.org\/{rel}","templated":true}]}}