{"id":9620,"date":"2023-09-28T16:57:40","date_gmt":"2023-09-28T14:57:40","guid":{"rendered":"https:\/\/9staedte.de\/tuinen-in-goettingen\/"},"modified":"2023-10-25T11:29:36","modified_gmt":"2023-10-25T09:29:36","slug":"tuinen-in-goettingen","status":"publish","type":"page","link":"https:\/\/9staedte.de\/nl\/goettingen-stad-die-kennis-creeert\/tuinen-in-goettingen\/","title":{"rendered":"Tuinen in G\u00f6ttingen"},"content":{"rendered":"\n<h2 class=\"wp-block-heading\">Oude botanische tuin G\u00f6ttingen &#8211; Idylle in de stad<\/h2>\n\n\n\n<p>In het stadscentrum, aan beide zijden van de stadswallen, ligt de Oude Botanische Tuin G\u00f6ttingen, aangelegd in 1736, die met zijn historische kassen, botanische tuinen en oude bomen uitnodigt tot een wandeling weg van de drukte van het stadscentrum.<\/p>\n\n\n\n<p>Ingangen: Untere Karsp\u00fcle en Wilhelm-Weber-Stra\u00dfe<\/p>\n\n\n\n<div class=\"wp-block-columns is-layout-flex wp-container-core-columns-is-layout-9d6595d7 wp-block-columns-is-layout-flex\">\n<div class=\"wp-block-column is-layout-flow wp-block-column-is-layout-flow\" style=\"flex-basis:100%\">\n<div class=\"wp-block-group\"><div class=\"wp-block-group__inner-container is-layout-constrained wp-block-group-is-layout-constrained\">\n<div class=\"wp-block-columns is-layout-flex wp-container-core-columns-is-layout-9d6595d7 wp-block-columns-is-layout-flex\">\n<div class=\"wp-block-column is-layout-flow wp-block-column-is-layout-flow\" style=\"flex-basis:50%\">\n<p><strong>Openingstijden:<\/strong><\/p>\n\n\n\n<p>Open land:<br>Maart-oktober dagelijks 8.00 &#8211; 18.30 uur.<br>November-februari dagelijks 8.00 &#8211; 16.00 uur.<\/p>\n\n\n\n<p>Kassen:<br>dagelijks 8.00 -15.00<\/p>\n\n\n\n<p>Rondleidingen op afspraak.<\/p>\n\n\n\n<h4 class=\"wp-block-heading\">Contact:<\/h4>\n\n\n\n<p>Beneden keteldal 1<br>37073 G\u00f6ttingen<br>Tel.: +49 (0) 551\/395755<br>Internet:&nbsp;<a href=\"http:\/\/www.altgart.uni-goettingen.de\/\" target=\"_blank\" rel=\"noreferrer noopener\">www.altgart.uni-goettingen.de<\/a><\/p>\n<\/div>\n\n\n\n<div class=\"wp-block-column is-vertically-aligned-center is-layout-flow wp-block-column-is-layout-flow\" style=\"flex-basis:50%\">\n <div class=\"brlbs-cmpnt-container brlbs-cmpnt-content-blocker brlbs-cmpnt-with-individual-styles\" data-borlabs-cookie-content-blocker-id=\"google-maps\" data-borlabs-cookie-content=\"PGlmcmFtZSBzcmM9Imh0dHBzOi8vd3d3Lmdvb2dsZS5jb20vbWFwcy9lbWJlZD9wYj0hMW0xOCExbTEyITFtMyExZDQ5NjMuNDU5MjcyOTgyNTQ3ITJkOS45MjgzNzIxMzExNTA0NjghM2Q1MS41MzY1MTg1MzcyMjAwNTQhMm0zITFmMCEyZjAhM2YwITNtMiExaTEwMjQhMmk3NjghNGYxMy4xITNtMyExbTIhMXMweDQ3YTRkNGMwM2QyYzk3OTclM0EweDNjYWQ3MTdmZTViZDQ3OTQhMnNBbHRlciUyMEJvdGFuaXNjaGVyJTIwR2FydGVuITVlMCEzbTIhMXNkZSEyc2RlITR2MTY5MjE4ODM5MDI5OCE1bTIhMXNkZSEyc2RlIiB3aWR0aD0iNDAwIiBoZWlnaHQ9IjMwMCIgc3R5bGU9ImJvcmRlcjowOyIgYWxsb3dmdWxsc2NyZWVuPSIiIGxvYWRpbmc9ImxhenkiIHJlZmVycmVycG9saWN5PSJuby1yZWZlcnJlci13aGVuLWRvd25ncmFkZSI+PC9pZnJhbWU+\"><div class=\"brlbs-cmpnt-cb-preset-b brlbs-cmpnt-cb-google-maps\"> <div class=\"brlbs-cmpnt-cb-thumbnail\" style=\"background-image: url('https:\/\/9staedte.de\/wp-content\/uploads\/borlabs-cookie\/1\/brlbs-cb-google-maps-main.png')\"><\/div> <div class=\"brlbs-cmpnt-cb-main\"> <div class=\"brlbs-cmpnt-cb-content\"> <p class=\"brlbs-cmpnt-cb-description\">U bekijkt momenteel inhoud van een plaatshouder van <strong>Google Maps<\/strong>. Klik op de knop hieronder om de volledige inhoud te bekijken. Houd er rekening mee dat u op deze manier gegevens deelt met providers van derden.<\/p> <a class=\"brlbs-cmpnt-cb-provider-toggle\" href=\"#\" data-borlabs-cookie-show-provider-information role=\"button\">Meer informatie<\/a> <\/div> <div class=\"brlbs-cmpnt-cb-buttons\"> <a class=\"brlbs-cmpnt-cb-btn\" href=\"#\" data-borlabs-cookie-unblock role=\"button\">Inhoud deblokkeren<\/a> <a class=\"brlbs-cmpnt-cb-btn\" href=\"#\" data-borlabs-cookie-accept-service role=\"button\" style=\"display: inherit\">Vereiste service accepteren en inhoud deblokkeren<\/a> <\/div> <\/div> <\/div><\/div>\n<\/div>\n<\/div>\n<\/div><\/div>\n<\/div>\n<\/div>\n","protected":false},"excerpt":{"rendered":"<p>Oude botanische tuin G\u00f6ttingen &#8211; Idylle in de stad In het stadscentrum, aan beide zijden van de stadswallen, ligt de Oude Botanische Tuin G\u00f6ttingen, aangelegd in 1736, die met zijn historische kassen, botanische tuinen en oude bomen uitnodigt tot een wandeling weg van de drukte van het stadscentrum. Ingangen: Untere Karsp\u00fcle en Wilhelm-Weber-Stra\u00dfe Openingstijden: Open [&hellip;]<\/p>\n","protected":false},"author":1,"featured_media":9624,"parent":9786,"menu_order":0,"comment_status":"closed","ping_status":"closed","template":"pagetemplates\/template-stadtthema.php","meta":{"_acf_changed":false,"footnotes":""},"categories":[],"tags":[],"ncap_cities_tax":[433,713],"class_list":["post-9620","page","type-page","status-publish","has-post-thumbnail","hentry","ncap_cities_tax-goettingen-nl","ncap_cities_tax-schlosser-und-garten-goettingen-nl"],"acf":[],"yoast_head":"<!-- This site is optimized with the Yoast SEO plugin v27.4 - https:\/\/yoast.com\/product\/yoast-seo-wordpress\/ -->\n<title>Tuinen in G\u00f6ttingen - 9 St\u00e4dte in Niedersachsen<\/title>\n<meta name=\"robots\" content=\"index, follow, max-snippet:-1, max-image-preview:large, max-video-preview:-1\" \/>\n<link rel=\"canonical\" href=\"https:\/\/9staedte.de\/nl\/goettingen-stad-die-kennis-creeert\/tuinen-in-goettingen\/\" \/>\n<meta property=\"og:locale\" content=\"nl_NL\" \/>\n<meta property=\"og:type\" content=\"article\" \/>\n<meta property=\"og:title\" content=\"Tuinen in G\u00f6ttingen - 9 St\u00e4dte in Niedersachsen\" \/>\n<meta property=\"og:description\" content=\"Oude botanische tuin G\u00f6ttingen &#8211; Idylle in de stad In het stadscentrum, aan beide zijden van de stadswallen, ligt de Oude Botanische Tuin G\u00f6ttingen, aangelegd in 1736, die met zijn historische kassen, botanische tuinen en oude bomen uitnodigt tot een wandeling weg van de drukte van het stadscentrum. Ingangen: Untere Karsp\u00fcle en Wilhelm-Weber-Stra\u00dfe Openingstijden: Open [&hellip;]\" \/>\n<meta property=\"og:url\" content=\"https:\/\/9staedte.de\/nl\/goettingen-stad-die-kennis-creeert\/tuinen-in-goettingen\/\" \/>\n<meta property=\"og:site_name\" content=\"9 St\u00e4dte in Niedersachsen\" \/>\n<meta property=\"article:modified_time\" content=\"2023-10-25T09:29:36+00:00\" \/>\n<meta property=\"og:image\" content=\"https:\/\/9staedte.de\/wp-content\/uploads\/2023\/02\/Goettingen_Alter_Bot._GartencChristoph_Mischke-1.jpg\" \/>\n\t<meta property=\"og:image:width\" content=\"1020\" \/>\n\t<meta property=\"og:image:height\" content=\"558\" \/>\n\t<meta property=\"og:image:type\" content=\"image\/jpeg\" \/>\n<meta name=\"twitter:card\" content=\"summary_large_image\" \/>\n<meta name=\"twitter:label1\" content=\"Geschatte leestijd\" \/>\n\t<meta name=\"twitter:data1\" content=\"1 minuut\" \/>\n<script type=\"application\/ld+json\" class=\"yoast-schema-graph\">{\"@context\":\"https:\\\/\\\/schema.org\",\"@graph\":[{\"@type\":\"WebPage\",\"@id\":\"https:\\\/\\\/9staedte.de\\\/nl\\\/goettingen-stad-die-kennis-creeert\\\/tuinen-in-goettingen\\\/\",\"url\":\"https:\\\/\\\/9staedte.de\\\/nl\\\/goettingen-stad-die-kennis-creeert\\\/tuinen-in-goettingen\\\/\",\"name\":\"Tuinen in G\u00f6ttingen - 9 St\u00e4dte in Niedersachsen\",\"isPartOf\":{\"@id\":\"https:\\\/\\\/9staedte.de\\\/nl\\\/#website\"},\"primaryImageOfPage\":{\"@id\":\"https:\\\/\\\/9staedte.de\\\/nl\\\/goettingen-stad-die-kennis-creeert\\\/tuinen-in-goettingen\\\/#primaryimage\"},\"image\":{\"@id\":\"https:\\\/\\\/9staedte.de\\\/nl\\\/goettingen-stad-die-kennis-creeert\\\/tuinen-in-goettingen\\\/#primaryimage\"},\"thumbnailUrl\":\"https:\\\/\\\/9staedte.de\\\/wp-content\\\/uploads\\\/2023\\\/02\\\/Goettingen_Alter_Bot._GartencChristoph_Mischke-1.jpg\",\"datePublished\":\"2023-09-28T14:57:40+00:00\",\"dateModified\":\"2023-10-25T09:29:36+00:00\",\"breadcrumb\":{\"@id\":\"https:\\\/\\\/9staedte.de\\\/nl\\\/goettingen-stad-die-kennis-creeert\\\/tuinen-in-goettingen\\\/#breadcrumb\"},\"inLanguage\":\"nl-NL\",\"potentialAction\":[{\"@type\":\"ReadAction\",\"target\":[\"https:\\\/\\\/9staedte.de\\\/nl\\\/goettingen-stad-die-kennis-creeert\\\/tuinen-in-goettingen\\\/\"]}]},{\"@type\":\"ImageObject\",\"inLanguage\":\"nl-NL\",\"@id\":\"https:\\\/\\\/9staedte.de\\\/nl\\\/goettingen-stad-die-kennis-creeert\\\/tuinen-in-goettingen\\\/#primaryimage\",\"url\":\"https:\\\/\\\/9staedte.de\\\/wp-content\\\/uploads\\\/2023\\\/02\\\/Goettingen_Alter_Bot._GartencChristoph_Mischke-1.jpg\",\"contentUrl\":\"https:\\\/\\\/9staedte.de\\\/wp-content\\\/uploads\\\/2023\\\/02\\\/Goettingen_Alter_Bot._GartencChristoph_Mischke-1.jpg\",\"width\":1020,\"height\":558,\"caption\":\"G\u00f6ttingen_Alter_Bot._Garten(c)Christoph_Mischke\"},{\"@type\":\"BreadcrumbList\",\"@id\":\"https:\\\/\\\/9staedte.de\\\/nl\\\/goettingen-stad-die-kennis-creeert\\\/tuinen-in-goettingen\\\/#breadcrumb\",\"itemListElement\":[{\"@type\":\"ListItem\",\"position\":1,\"name\":\"Startseite\",\"item\":\"https:\\\/\\\/9staedte.de\\\/nl\\\/\"},{\"@type\":\"ListItem\",\"position\":2,\"name\":\"G\u00f6ttingen &#8211; Stad die kennis cre\u00ebert\",\"item\":\"https:\\\/\\\/9staedte.de\\\/nl\\\/goettingen-stad-die-kennis-creeert\\\/\"},{\"@type\":\"ListItem\",\"position\":3,\"name\":\"Tuinen in G\u00f6ttingen\"}]},{\"@type\":\"WebSite\",\"@id\":\"https:\\\/\\\/9staedte.de\\\/nl\\\/#website\",\"url\":\"https:\\\/\\\/9staedte.de\\\/nl\\\/\",\"name\":\"9 St\u00e4dte in Niedersachsen\",\"description\":\"\",\"publisher\":{\"@id\":\"https:\\\/\\\/9staedte.de\\\/nl\\\/#organization\"},\"potentialAction\":[{\"@type\":\"SearchAction\",\"target\":{\"@type\":\"EntryPoint\",\"urlTemplate\":\"https:\\\/\\\/9staedte.de\\\/nl\\\/?s={search_term_string}\"},\"query-input\":{\"@type\":\"PropertyValueSpecification\",\"valueRequired\":true,\"valueName\":\"search_term_string\"}}],\"inLanguage\":\"nl-NL\"},{\"@type\":\"Organization\",\"@id\":\"https:\\\/\\\/9staedte.de\\\/nl\\\/#organization\",\"name\":\"9 St\u00e4dte in Niedersachsen\",\"url\":\"https:\\\/\\\/9staedte.de\\\/nl\\\/\",\"logo\":{\"@type\":\"ImageObject\",\"inLanguage\":\"nl-NL\",\"@id\":\"https:\\\/\\\/9staedte.de\\\/nl\\\/#\\\/schema\\\/logo\\\/image\\\/\",\"url\":\"https:\\\/\\\/9staedte.de\\\/wp-content\\\/uploads\\\/2025\\\/01\\\/9-neg-deutsch-2-1.png\",\"contentUrl\":\"https:\\\/\\\/9staedte.de\\\/wp-content\\\/uploads\\\/2025\\\/01\\\/9-neg-deutsch-2-1.png\",\"width\":190,\"height\":114,\"caption\":\"9 St\u00e4dte in Niedersachsen\"},\"image\":{\"@id\":\"https:\\\/\\\/9staedte.de\\\/nl\\\/#\\\/schema\\\/logo\\\/image\\\/\"}}]}<\/script>\n<!-- \/ Yoast SEO plugin. -->","yoast_head_json":{"title":"Tuinen in G\u00f6ttingen - 9 St\u00e4dte in Niedersachsen","robots":{"index":"index","follow":"follow","max-snippet":"max-snippet:-1","max-image-preview":"max-image-preview:large","max-video-preview":"max-video-preview:-1"},"canonical":"https:\/\/9staedte.de\/nl\/goettingen-stad-die-kennis-creeert\/tuinen-in-goettingen\/","og_locale":"nl_NL","og_type":"article","og_title":"Tuinen in G\u00f6ttingen - 9 St\u00e4dte in Niedersachsen","og_description":"Oude botanische tuin G\u00f6ttingen &#8211; Idylle in de stad In het stadscentrum, aan beide zijden van de stadswallen, ligt de Oude Botanische Tuin G\u00f6ttingen, aangelegd in 1736, die met zijn historische kassen, botanische tuinen en oude bomen uitnodigt tot een wandeling weg van de drukte van het stadscentrum. Ingangen: Untere Karsp\u00fcle en Wilhelm-Weber-Stra\u00dfe Openingstijden: Open [&hellip;]","og_url":"https:\/\/9staedte.de\/nl\/goettingen-stad-die-kennis-creeert\/tuinen-in-goettingen\/","og_site_name":"9 St\u00e4dte in Niedersachsen","article_modified_time":"2023-10-25T09:29:36+00:00","og_image":[{"width":1020,"height":558,"url":"https:\/\/9staedte.de\/wp-content\/uploads\/2023\/02\/Goettingen_Alter_Bot._GartencChristoph_Mischke-1.jpg","type":"image\/jpeg"}],"twitter_card":"summary_large_image","twitter_misc":{"Geschatte leestijd":"1 minuut"},"schema":{"@context":"https:\/\/schema.org","@graph":[{"@type":"WebPage","@id":"https:\/\/9staedte.de\/nl\/goettingen-stad-die-kennis-creeert\/tuinen-in-goettingen\/","url":"https:\/\/9staedte.de\/nl\/goettingen-stad-die-kennis-creeert\/tuinen-in-goettingen\/","name":"Tuinen in G\u00f6ttingen - 9 St\u00e4dte in Niedersachsen","isPartOf":{"@id":"https:\/\/9staedte.de\/nl\/#website"},"primaryImageOfPage":{"@id":"https:\/\/9staedte.de\/nl\/goettingen-stad-die-kennis-creeert\/tuinen-in-goettingen\/#primaryimage"},"image":{"@id":"https:\/\/9staedte.de\/nl\/goettingen-stad-die-kennis-creeert\/tuinen-in-goettingen\/#primaryimage"},"thumbnailUrl":"https:\/\/9staedte.de\/wp-content\/uploads\/2023\/02\/Goettingen_Alter_Bot._GartencChristoph_Mischke-1.jpg","datePublished":"2023-09-28T14:57:40+00:00","dateModified":"2023-10-25T09:29:36+00:00","breadcrumb":{"@id":"https:\/\/9staedte.de\/nl\/goettingen-stad-die-kennis-creeert\/tuinen-in-goettingen\/#breadcrumb"},"inLanguage":"nl-NL","potentialAction":[{"@type":"ReadAction","target":["https:\/\/9staedte.de\/nl\/goettingen-stad-die-kennis-creeert\/tuinen-in-goettingen\/"]}]},{"@type":"ImageObject","inLanguage":"nl-NL","@id":"https:\/\/9staedte.de\/nl\/goettingen-stad-die-kennis-creeert\/tuinen-in-goettingen\/#primaryimage","url":"https:\/\/9staedte.de\/wp-content\/uploads\/2023\/02\/Goettingen_Alter_Bot._GartencChristoph_Mischke-1.jpg","contentUrl":"https:\/\/9staedte.de\/wp-content\/uploads\/2023\/02\/Goettingen_Alter_Bot._GartencChristoph_Mischke-1.jpg","width":1020,"height":558,"caption":"G\u00f6ttingen_Alter_Bot._Garten(c)Christoph_Mischke"},{"@type":"BreadcrumbList","@id":"https:\/\/9staedte.de\/nl\/goettingen-stad-die-kennis-creeert\/tuinen-in-goettingen\/#breadcrumb","itemListElement":[{"@type":"ListItem","position":1,"name":"Startseite","item":"https:\/\/9staedte.de\/nl\/"},{"@type":"ListItem","position":2,"name":"G\u00f6ttingen &#8211; Stad die kennis cre\u00ebert","item":"https:\/\/9staedte.de\/nl\/goettingen-stad-die-kennis-creeert\/"},{"@type":"ListItem","position":3,"name":"Tuinen in G\u00f6ttingen"}]},{"@type":"WebSite","@id":"https:\/\/9staedte.de\/nl\/#website","url":"https:\/\/9staedte.de\/nl\/","name":"9 St\u00e4dte in Niedersachsen","description":"","publisher":{"@id":"https:\/\/9staedte.de\/nl\/#organization"},"potentialAction":[{"@type":"SearchAction","target":{"@type":"EntryPoint","urlTemplate":"https:\/\/9staedte.de\/nl\/?s={search_term_string}"},"query-input":{"@type":"PropertyValueSpecification","valueRequired":true,"valueName":"search_term_string"}}],"inLanguage":"nl-NL"},{"@type":"Organization","@id":"https:\/\/9staedte.de\/nl\/#organization","name":"9 St\u00e4dte in Niedersachsen","url":"https:\/\/9staedte.de\/nl\/","logo":{"@type":"ImageObject","inLanguage":"nl-NL","@id":"https:\/\/9staedte.de\/nl\/#\/schema\/logo\/image\/","url":"https:\/\/9staedte.de\/wp-content\/uploads\/2025\/01\/9-neg-deutsch-2-1.png","contentUrl":"https:\/\/9staedte.de\/wp-content\/uploads\/2025\/01\/9-neg-deutsch-2-1.png","width":190,"height":114,"caption":"9 St\u00e4dte in Niedersachsen"},"image":{"@id":"https:\/\/9staedte.de\/nl\/#\/schema\/logo\/image\/"}}]}},"_links":{"self":[{"href":"https:\/\/9staedte.de\/nl\/wp-json\/wp\/v2\/pages\/9620","targetHints":{"allow":["GET"]}}],"collection":[{"href":"https:\/\/9staedte.de\/nl\/wp-json\/wp\/v2\/pages"}],"about":[{"href":"https:\/\/9staedte.de\/nl\/wp-json\/wp\/v2\/types\/page"}],"author":[{"embeddable":true,"href":"https:\/\/9staedte.de\/nl\/wp-json\/wp\/v2\/users\/1"}],"replies":[{"embeddable":true,"href":"https:\/\/9staedte.de\/nl\/wp-json\/wp\/v2\/comments?post=9620"}],"version-history":[{"count":2,"href":"https:\/\/9staedte.de\/nl\/wp-json\/wp\/v2\/pages\/9620\/revisions"}],"predecessor-version":[{"id":12709,"href":"https:\/\/9staedte.de\/nl\/wp-json\/wp\/v2\/pages\/9620\/revisions\/12709"}],"up":[{"embeddable":true,"href":"https:\/\/9staedte.de\/nl\/wp-json\/wp\/v2\/pages\/9786"}],"wp:featuredmedia":[{"embeddable":true,"href":"https:\/\/9staedte.de\/nl\/wp-json\/wp\/v2\/media\/9624"}],"wp:attachment":[{"href":"https:\/\/9staedte.de\/nl\/wp-json\/wp\/v2\/media?parent=9620"}],"wp:term":[{"taxonomy":"category","embeddable":true,"href":"https:\/\/9staedte.de\/nl\/wp-json\/wp\/v2\/categories?post=9620"},{"taxonomy":"post_tag","embeddable":true,"href":"https:\/\/9staedte.de\/nl\/wp-json\/wp\/v2\/tags?post=9620"},{"taxonomy":"ncap_cities_tax","embeddable":true,"href":"https:\/\/9staedte.de\/nl\/wp-json\/wp\/v2\/ncap_cities_tax?post=9620"}],"curies":[{"name":"wp","href":"https:\/\/api.w.org\/{rel}","templated":true}]}}