{"id":9608,"date":"2023-09-28T16:57:40","date_gmt":"2023-09-28T14:57:40","guid":{"rendered":"https:\/\/9staedte.de\/winkelen-en-uitgaan-in-goettingen\/"},"modified":"2025-05-15T17:03:05","modified_gmt":"2025-05-15T15:03:05","slug":"winkelen-en-uitgaan-in-goettingen","status":"publish","type":"page","link":"https:\/\/9staedte.de\/nl\/goettingen-stad-die-kennis-creeert\/winkelen-en-uitgaan-in-goettingen\/","title":{"rendered":"Winkelen en uitgaan in G\u00f6ttingen"},"content":{"rendered":"\n<h2 class=\"wp-block-heading\">G\u00f6ttingen winkelervaring &#8211; winkelen met flair<\/h2>\n\n<p>Winkelen en genieten: het hele jaar door kun je in de juiste sfeer stressvrij winkelen in G\u00f6ttingen. De historische oude stad met zijn middeleeuwse stadhuis, kerken, vakwerkhuizen, pubs en straatcaf\u00e9s is een uitnodigende plek om te wandelen en te bezoeken. Grote en kleine speciaalzaken bieden variatie en service. Theaters, festivals, openluchtevenementen en bioscopen beloven artistiek genot en ontspanning voor elke smaak.   <\/p>\n\n\n<div class=\"banner-wrapper\">\n  <div class=\"banner-inner \">\n      <div class=\"img-container\">\n      <div class=\"img-wrapper\">\n        <img decoding=\"async\" src=\"https:\/\/9staedte.de\/wp-content\/smush-webp\/2023\/02\/aboutcities-goettingen-shopping-woggon7.jpg.webp\" alt=\"Op de foto zie je een kledingwinkel. Veel gekleurde overhemden en blouses hangen aan rekken. Achterin ligt opgevouwen kleding. De winkel heeft warme verlichting en bakstenen muren.\" \/>\n                  <div class=\"thumbnail-label\">\n            <span>goettingen-shopping-woggon7<\/span>\n          <\/div>\n              <\/div>\n    <\/div>\n        <div class=\"text-container\">\n      <div class=\"content\">\n        <h3>9 tips voor winkelen en uitgaan<\/h3>\n<p><strong>Winkelen en uitgaan in G\u00f6ttingen &#8211; culturele diversiteit en traditie<\/strong><\/p>\n<ul>\n<li>Bijzondere winkels in de oude stad<\/li>\n<li>Traditionele en trendy restaurants, studentencaf\u00e9s<\/li>\n<li>Wekelijkse markten<\/li>\n<li>G\u00e4nselieselfest &#8211; zondag open voor business<\/li>\n<li>Internationaal H\u00e4ndel Festival<\/li>\n<li>Jazz Festival<\/li>\n<li>Literaire herfst<\/li>\n<li>Nacht van de cultuur<\/li>\n<li>Grote kerstmarkt<\/li>\n<\/ul>\n      <\/div>\n    <\/div>\n    <\/div>\n<\/div>\n\n\n<p><a href=\"https:\/\/www.goettingen-tourismus.de\/uebernachten\/pauschalen-angebote\/bummeln-geniessen\/#\/de\/goettingen-tourismus\/default\/detail\/Package\/k_7663\/x\" target=\"_blank\" rel=\"noreferrer noopener\">Meer informatie:<\/a><\/p>\n","protected":false},"excerpt":{"rendered":"<p>G\u00f6ttingen winkelervaring &#8211; winkelen met flair Winkelen en genieten: het hele jaar door kun je in de juiste sfeer stressvrij winkelen in G\u00f6ttingen. De historische oude stad met zijn middeleeuwse stadhuis, kerken, vakwerkhuizen, pubs en straatcaf\u00e9s is een uitnodigende plek om te wandelen en te bezoeken. Grote en kleine speciaalzaken bieden variatie en service. Theaters, [&hellip;]<\/p>\n","protected":false},"author":1,"featured_media":9611,"parent":9786,"menu_order":0,"comment_status":"closed","ping_status":"closed","template":"pagetemplates\/template-stadtthema.php","meta":{"_acf_changed":false,"footnotes":""},"categories":[],"tags":[],"ncap_cities_tax":[433,769],"class_list":["post-9608","page","type-page","status-publish","has-post-thumbnail","hentry","ncap_cities_tax-goettingen-nl","ncap_cities_tax-shopping-und-ausgehen-goettingen-nl"],"acf":[],"yoast_head":"<!-- This site is optimized with the Yoast SEO plugin v27.4 - https:\/\/yoast.com\/product\/yoast-seo-wordpress\/ -->\n<title>Winkelen en uitgaan in G\u00f6ttingen - 9 St\u00e4dte in Niedersachsen<\/title>\n<meta name=\"robots\" content=\"index, follow, max-snippet:-1, max-image-preview:large, max-video-preview:-1\" \/>\n<link rel=\"canonical\" href=\"https:\/\/9staedte.de\/nl\/goettingen-stad-die-kennis-creeert\/winkelen-en-uitgaan-in-goettingen\/\" \/>\n<meta property=\"og:locale\" content=\"nl_NL\" \/>\n<meta property=\"og:type\" content=\"article\" \/>\n<meta property=\"og:title\" content=\"Winkelen en uitgaan in G\u00f6ttingen - 9 St\u00e4dte in Niedersachsen\" \/>\n<meta property=\"og:description\" content=\"G\u00f6ttingen winkelervaring &#8211; winkelen met flair Winkelen en genieten: het hele jaar door kun je in de juiste sfeer stressvrij winkelen in G\u00f6ttingen. De historische oude stad met zijn middeleeuwse stadhuis, kerken, vakwerkhuizen, pubs en straatcaf\u00e9s is een uitnodigende plek om te wandelen en te bezoeken. Grote en kleine speciaalzaken bieden variatie en service. Theaters, [&hellip;]\" \/>\n<meta property=\"og:url\" content=\"https:\/\/9staedte.de\/nl\/goettingen-stad-die-kennis-creeert\/winkelen-en-uitgaan-in-goettingen\/\" \/>\n<meta property=\"og:site_name\" content=\"9 St\u00e4dte in Niedersachsen\" \/>\n<meta property=\"article:modified_time\" content=\"2025-05-15T15:03:05+00:00\" \/>\n<meta property=\"og:image\" content=\"https:\/\/9staedte.de\/wp-content\/uploads\/2023\/02\/Ausgehen-in-Goettingen-c-Goettingen-Tourismus-Lars-Gerhardts.jpg\" \/>\n\t<meta property=\"og:image:width\" content=\"1020\" \/>\n\t<meta property=\"og:image:height\" content=\"560\" \/>\n\t<meta property=\"og:image:type\" content=\"image\/jpeg\" \/>\n<meta name=\"twitter:card\" content=\"summary_large_image\" \/>\n<meta name=\"twitter:label1\" content=\"Geschatte leestijd\" \/>\n\t<meta name=\"twitter:data1\" content=\"1 minuut\" \/>\n<script type=\"application\/ld+json\" class=\"yoast-schema-graph\">{\"@context\":\"https:\\\/\\\/schema.org\",\"@graph\":[{\"@type\":\"WebPage\",\"@id\":\"https:\\\/\\\/9staedte.de\\\/nl\\\/goettingen-stad-die-kennis-creeert\\\/winkelen-en-uitgaan-in-goettingen\\\/\",\"url\":\"https:\\\/\\\/9staedte.de\\\/nl\\\/goettingen-stad-die-kennis-creeert\\\/winkelen-en-uitgaan-in-goettingen\\\/\",\"name\":\"Winkelen en uitgaan in G\u00f6ttingen - 9 St\u00e4dte in Niedersachsen\",\"isPartOf\":{\"@id\":\"https:\\\/\\\/9staedte.de\\\/nl\\\/#website\"},\"primaryImageOfPage\":{\"@id\":\"https:\\\/\\\/9staedte.de\\\/nl\\\/goettingen-stad-die-kennis-creeert\\\/winkelen-en-uitgaan-in-goettingen\\\/#primaryimage\"},\"image\":{\"@id\":\"https:\\\/\\\/9staedte.de\\\/nl\\\/goettingen-stad-die-kennis-creeert\\\/winkelen-en-uitgaan-in-goettingen\\\/#primaryimage\"},\"thumbnailUrl\":\"https:\\\/\\\/9staedte.de\\\/wp-content\\\/uploads\\\/2023\\\/02\\\/Ausgehen-in-Goettingen-c-Goettingen-Tourismus-Lars-Gerhardts.jpg\",\"datePublished\":\"2023-09-28T14:57:40+00:00\",\"dateModified\":\"2025-05-15T15:03:05+00:00\",\"breadcrumb\":{\"@id\":\"https:\\\/\\\/9staedte.de\\\/nl\\\/goettingen-stad-die-kennis-creeert\\\/winkelen-en-uitgaan-in-goettingen\\\/#breadcrumb\"},\"inLanguage\":\"nl-NL\",\"potentialAction\":[{\"@type\":\"ReadAction\",\"target\":[\"https:\\\/\\\/9staedte.de\\\/nl\\\/goettingen-stad-die-kennis-creeert\\\/winkelen-en-uitgaan-in-goettingen\\\/\"]}]},{\"@type\":\"ImageObject\",\"inLanguage\":\"nl-NL\",\"@id\":\"https:\\\/\\\/9staedte.de\\\/nl\\\/goettingen-stad-die-kennis-creeert\\\/winkelen-en-uitgaan-in-goettingen\\\/#primaryimage\",\"url\":\"https:\\\/\\\/9staedte.de\\\/wp-content\\\/uploads\\\/2023\\\/02\\\/Ausgehen-in-Goettingen-c-Goettingen-Tourismus-Lars-Gerhardts.jpg\",\"contentUrl\":\"https:\\\/\\\/9staedte.de\\\/wp-content\\\/uploads\\\/2023\\\/02\\\/Ausgehen-in-Goettingen-c-Goettingen-Tourismus-Lars-Gerhardts.jpg\",\"width\":1020,\"height\":560,\"caption\":\"Ausgehen in G\u00f6ttingen c) G\u00f6ttingen Tourismus Lars Gerhardts\"},{\"@type\":\"BreadcrumbList\",\"@id\":\"https:\\\/\\\/9staedte.de\\\/nl\\\/goettingen-stad-die-kennis-creeert\\\/winkelen-en-uitgaan-in-goettingen\\\/#breadcrumb\",\"itemListElement\":[{\"@type\":\"ListItem\",\"position\":1,\"name\":\"Startseite\",\"item\":\"https:\\\/\\\/9staedte.de\\\/nl\\\/\"},{\"@type\":\"ListItem\",\"position\":2,\"name\":\"G\u00f6ttingen &#8211; Stad die kennis cre\u00ebert\",\"item\":\"https:\\\/\\\/9staedte.de\\\/nl\\\/goettingen-stad-die-kennis-creeert\\\/\"},{\"@type\":\"ListItem\",\"position\":3,\"name\":\"Winkelen en uitgaan in G\u00f6ttingen\"}]},{\"@type\":\"WebSite\",\"@id\":\"https:\\\/\\\/9staedte.de\\\/nl\\\/#website\",\"url\":\"https:\\\/\\\/9staedte.de\\\/nl\\\/\",\"name\":\"9 St\u00e4dte in Niedersachsen\",\"description\":\"\",\"publisher\":{\"@id\":\"https:\\\/\\\/9staedte.de\\\/nl\\\/#organization\"},\"potentialAction\":[{\"@type\":\"SearchAction\",\"target\":{\"@type\":\"EntryPoint\",\"urlTemplate\":\"https:\\\/\\\/9staedte.de\\\/nl\\\/?s={search_term_string}\"},\"query-input\":{\"@type\":\"PropertyValueSpecification\",\"valueRequired\":true,\"valueName\":\"search_term_string\"}}],\"inLanguage\":\"nl-NL\"},{\"@type\":\"Organization\",\"@id\":\"https:\\\/\\\/9staedte.de\\\/nl\\\/#organization\",\"name\":\"9 St\u00e4dte in Niedersachsen\",\"url\":\"https:\\\/\\\/9staedte.de\\\/nl\\\/\",\"logo\":{\"@type\":\"ImageObject\",\"inLanguage\":\"nl-NL\",\"@id\":\"https:\\\/\\\/9staedte.de\\\/nl\\\/#\\\/schema\\\/logo\\\/image\\\/\",\"url\":\"https:\\\/\\\/9staedte.de\\\/wp-content\\\/uploads\\\/2025\\\/01\\\/9-neg-deutsch-2-1.png\",\"contentUrl\":\"https:\\\/\\\/9staedte.de\\\/wp-content\\\/uploads\\\/2025\\\/01\\\/9-neg-deutsch-2-1.png\",\"width\":190,\"height\":114,\"caption\":\"9 St\u00e4dte in Niedersachsen\"},\"image\":{\"@id\":\"https:\\\/\\\/9staedte.de\\\/nl\\\/#\\\/schema\\\/logo\\\/image\\\/\"}}]}<\/script>\n<!-- \/ Yoast SEO plugin. -->","yoast_head_json":{"title":"Winkelen en uitgaan in G\u00f6ttingen - 9 St\u00e4dte in Niedersachsen","robots":{"index":"index","follow":"follow","max-snippet":"max-snippet:-1","max-image-preview":"max-image-preview:large","max-video-preview":"max-video-preview:-1"},"canonical":"https:\/\/9staedte.de\/nl\/goettingen-stad-die-kennis-creeert\/winkelen-en-uitgaan-in-goettingen\/","og_locale":"nl_NL","og_type":"article","og_title":"Winkelen en uitgaan in G\u00f6ttingen - 9 St\u00e4dte in Niedersachsen","og_description":"G\u00f6ttingen winkelervaring &#8211; winkelen met flair Winkelen en genieten: het hele jaar door kun je in de juiste sfeer stressvrij winkelen in G\u00f6ttingen. De historische oude stad met zijn middeleeuwse stadhuis, kerken, vakwerkhuizen, pubs en straatcaf\u00e9s is een uitnodigende plek om te wandelen en te bezoeken. Grote en kleine speciaalzaken bieden variatie en service. Theaters, [&hellip;]","og_url":"https:\/\/9staedte.de\/nl\/goettingen-stad-die-kennis-creeert\/winkelen-en-uitgaan-in-goettingen\/","og_site_name":"9 St\u00e4dte in Niedersachsen","article_modified_time":"2025-05-15T15:03:05+00:00","og_image":[{"width":1020,"height":560,"url":"https:\/\/9staedte.de\/wp-content\/uploads\/2023\/02\/Ausgehen-in-Goettingen-c-Goettingen-Tourismus-Lars-Gerhardts.jpg","type":"image\/jpeg"}],"twitter_card":"summary_large_image","twitter_misc":{"Geschatte leestijd":"1 minuut"},"schema":{"@context":"https:\/\/schema.org","@graph":[{"@type":"WebPage","@id":"https:\/\/9staedte.de\/nl\/goettingen-stad-die-kennis-creeert\/winkelen-en-uitgaan-in-goettingen\/","url":"https:\/\/9staedte.de\/nl\/goettingen-stad-die-kennis-creeert\/winkelen-en-uitgaan-in-goettingen\/","name":"Winkelen en uitgaan in G\u00f6ttingen - 9 St\u00e4dte in Niedersachsen","isPartOf":{"@id":"https:\/\/9staedte.de\/nl\/#website"},"primaryImageOfPage":{"@id":"https:\/\/9staedte.de\/nl\/goettingen-stad-die-kennis-creeert\/winkelen-en-uitgaan-in-goettingen\/#primaryimage"},"image":{"@id":"https:\/\/9staedte.de\/nl\/goettingen-stad-die-kennis-creeert\/winkelen-en-uitgaan-in-goettingen\/#primaryimage"},"thumbnailUrl":"https:\/\/9staedte.de\/wp-content\/uploads\/2023\/02\/Ausgehen-in-Goettingen-c-Goettingen-Tourismus-Lars-Gerhardts.jpg","datePublished":"2023-09-28T14:57:40+00:00","dateModified":"2025-05-15T15:03:05+00:00","breadcrumb":{"@id":"https:\/\/9staedte.de\/nl\/goettingen-stad-die-kennis-creeert\/winkelen-en-uitgaan-in-goettingen\/#breadcrumb"},"inLanguage":"nl-NL","potentialAction":[{"@type":"ReadAction","target":["https:\/\/9staedte.de\/nl\/goettingen-stad-die-kennis-creeert\/winkelen-en-uitgaan-in-goettingen\/"]}]},{"@type":"ImageObject","inLanguage":"nl-NL","@id":"https:\/\/9staedte.de\/nl\/goettingen-stad-die-kennis-creeert\/winkelen-en-uitgaan-in-goettingen\/#primaryimage","url":"https:\/\/9staedte.de\/wp-content\/uploads\/2023\/02\/Ausgehen-in-Goettingen-c-Goettingen-Tourismus-Lars-Gerhardts.jpg","contentUrl":"https:\/\/9staedte.de\/wp-content\/uploads\/2023\/02\/Ausgehen-in-Goettingen-c-Goettingen-Tourismus-Lars-Gerhardts.jpg","width":1020,"height":560,"caption":"Ausgehen in G\u00f6ttingen c) G\u00f6ttingen Tourismus Lars Gerhardts"},{"@type":"BreadcrumbList","@id":"https:\/\/9staedte.de\/nl\/goettingen-stad-die-kennis-creeert\/winkelen-en-uitgaan-in-goettingen\/#breadcrumb","itemListElement":[{"@type":"ListItem","position":1,"name":"Startseite","item":"https:\/\/9staedte.de\/nl\/"},{"@type":"ListItem","position":2,"name":"G\u00f6ttingen &#8211; Stad die kennis cre\u00ebert","item":"https:\/\/9staedte.de\/nl\/goettingen-stad-die-kennis-creeert\/"},{"@type":"ListItem","position":3,"name":"Winkelen en uitgaan in G\u00f6ttingen"}]},{"@type":"WebSite","@id":"https:\/\/9staedte.de\/nl\/#website","url":"https:\/\/9staedte.de\/nl\/","name":"9 St\u00e4dte in Niedersachsen","description":"","publisher":{"@id":"https:\/\/9staedte.de\/nl\/#organization"},"potentialAction":[{"@type":"SearchAction","target":{"@type":"EntryPoint","urlTemplate":"https:\/\/9staedte.de\/nl\/?s={search_term_string}"},"query-input":{"@type":"PropertyValueSpecification","valueRequired":true,"valueName":"search_term_string"}}],"inLanguage":"nl-NL"},{"@type":"Organization","@id":"https:\/\/9staedte.de\/nl\/#organization","name":"9 St\u00e4dte in Niedersachsen","url":"https:\/\/9staedte.de\/nl\/","logo":{"@type":"ImageObject","inLanguage":"nl-NL","@id":"https:\/\/9staedte.de\/nl\/#\/schema\/logo\/image\/","url":"https:\/\/9staedte.de\/wp-content\/uploads\/2025\/01\/9-neg-deutsch-2-1.png","contentUrl":"https:\/\/9staedte.de\/wp-content\/uploads\/2025\/01\/9-neg-deutsch-2-1.png","width":190,"height":114,"caption":"9 St\u00e4dte in Niedersachsen"},"image":{"@id":"https:\/\/9staedte.de\/nl\/#\/schema\/logo\/image\/"}}]}},"_links":{"self":[{"href":"https:\/\/9staedte.de\/nl\/wp-json\/wp\/v2\/pages\/9608","targetHints":{"allow":["GET"]}}],"collection":[{"href":"https:\/\/9staedte.de\/nl\/wp-json\/wp\/v2\/pages"}],"about":[{"href":"https:\/\/9staedte.de\/nl\/wp-json\/wp\/v2\/types\/page"}],"author":[{"embeddable":true,"href":"https:\/\/9staedte.de\/nl\/wp-json\/wp\/v2\/users\/1"}],"replies":[{"embeddable":true,"href":"https:\/\/9staedte.de\/nl\/wp-json\/wp\/v2\/comments?post=9608"}],"version-history":[{"count":20,"href":"https:\/\/9staedte.de\/nl\/wp-json\/wp\/v2\/pages\/9608\/revisions"}],"predecessor-version":[{"id":25888,"href":"https:\/\/9staedte.de\/nl\/wp-json\/wp\/v2\/pages\/9608\/revisions\/25888"}],"up":[{"embeddable":true,"href":"https:\/\/9staedte.de\/nl\/wp-json\/wp\/v2\/pages\/9786"}],"wp:featuredmedia":[{"embeddable":true,"href":"https:\/\/9staedte.de\/nl\/wp-json\/wp\/v2\/media\/9611"}],"wp:attachment":[{"href":"https:\/\/9staedte.de\/nl\/wp-json\/wp\/v2\/media?parent=9608"}],"wp:term":[{"taxonomy":"category","embeddable":true,"href":"https:\/\/9staedte.de\/nl\/wp-json\/wp\/v2\/categories?post=9608"},{"taxonomy":"post_tag","embeddable":true,"href":"https:\/\/9staedte.de\/nl\/wp-json\/wp\/v2\/tags?post=9608"},{"taxonomy":"ncap_cities_tax","embeddable":true,"href":"https:\/\/9staedte.de\/nl\/wp-json\/wp\/v2\/ncap_cities_tax?post=9608"}],"curies":[{"name":"wp","href":"https:\/\/api.w.org\/{rel}","templated":true}]}}