{"id":9568,"date":"2023-09-28T15:31:34","date_gmt":"2023-09-28T13:31:34","guid":{"rendered":"https:\/\/9staedte.de\/9-steden-in-de-baja-sajonia\/"},"modified":"2023-10-25T12:17:45","modified_gmt":"2023-10-25T10:17:45","slug":"9-steden-in-de-baja-sajonia","status":"publish","type":"page","link":"https:\/\/9staedte.de\/nl\/9-steden-in-de-baja-sajonia\/","title":{"rendered":"9 steden in de Baja Sajonia"},"content":{"rendered":"\n<p>Er zijn oneindig veel redenen om 9 steden in de Baja Sajonia te bezoeken: traditionele feesten, UNESCO patrimonios de la humanidad, middeleeuwse steden, idyllische huizen, gastvrije gastvrijheid, moderne commerci\u00eble gebouwen, veel bedrijvigheid&#8230;<\/p>\n\n\n\n<p>Plan je reis naar 9 steden. Cada ciudad fascina con su propio encanto especial. Een bezoek aan een of meer historische steden kun je perfect combineren met een excursie naar de L\u00fcneburger Heide, het Harzgebergte of het Weserbergland. Het centrale vliegveld in het noorden van Alemani\u00eb, de luchthaven van Hannover, en de goede communicatiemogelijkheden per trein en autopista garanderen een aangename reis.<\/p>\n\n\n\n<p>Combineer je reis door de geschiedenis met een escapade door de inspirerende wereld van de Autostadt van Wolfsburg. Viva expediciones hacia el futuro de la movilidad, viajes en el tiempo por la historia del autom\u00f3vil y explore el cosmos de la tecnolog\u00eda y la innovaci\u00f3n.<\/p>\n\n\n\n<div style=\"height:60px\" aria-hidden=\"true\" class=\"wp-block-spacer\"><\/div>\n\n\n\n<div class=\"content-grid\">\n\n\n  \n  <div class=\"grid\">\n                        \n                    \n          <div class=\"featured-themen-single\">\n            <div class=\"featured-themen-single-inner\" style=\"background-image: url('')\">\n              \n              <a href=\"https:\/\/9staedte.de\/nl\/hameln-hamelin-de-stad-van-de-beroemde-fluitist\/\">\n                <span>Hameln (Hamel\u00edn) &#8211; De stad van de beroemde fluitist<\/span>\n              <\/a>\n            <\/div>\n          <\/div>\n    \n          \n                  \n                    \n          <div class=\"featured-themen-single\">\n            <div class=\"featured-themen-single-inner\" style=\"background-image: url('')\">\n              \n              <a href=\"https:\/\/9staedte.de\/nl\/braunschweig-brunswijk-een-levendige-en-historische-stad\/\">\n                <span>Braunschweig (Brunswijk) &#8211; Een levendige en historische stad<\/span>\n              <\/a>\n            <\/div>\n          <\/div>\n    \n          \n                  \n                    \n          <div class=\"featured-themen-single\">\n            <div class=\"featured-themen-single-inner\" style=\"background-image: url('')\">\n              \n              <a href=\"https:\/\/9staedte.de\/nl\/autostadt-de-wolfsburg-un-viaje-al-mundo-de-la-movilidad\/\">\n                <span>Autostadt de Wolfsburg &#8211; Un viaje al mundo de la movilidad<\/span>\n              <\/a>\n            <\/div>\n          <\/div>\n    \n          \n                  \n                    \n          <div class=\"featured-themen-single\">\n            <div class=\"featured-themen-single-inner\" style=\"background-image: url('')\">\n              \n              <a href=\"https:\/\/9staedte.de\/nl\/goslar-cultureel-erfgoed-van-de-mensheid-in-de-harz\/\">\n                <span>Goslar &#8211; Cultureel erfgoed van de mensheid in de Harz<\/span>\n              <\/a>\n            <\/div>\n          <\/div>\n    \n          \n                  \n                    \n          <div class=\"featured-themen-single\">\n            <div class=\"featured-themen-single-inner\" style=\"background-image: url('')\">\n              \n              <a href=\"https:\/\/9staedte.de\/nl\/wolfenbuttel-smulpapen-en-jagermeister\/\">\n                <span>Wolfenb\u00fcttel &#8211; Smulpapen en J\u00e4germeister<\/span>\n              <\/a>\n            <\/div>\n          <\/div>\n    \n          \n                  \n                    \n          <div class=\"featured-themen-single\">\n            <div class=\"featured-themen-single-inner\" style=\"background-image: url('')\">\n              \n              <a href=\"https:\/\/9staedte.de\/nl\/gottingen-gotinga-de-stad-van-het-begrip\/\">\n                <span>G\u00f6ttingen (Gotinga) &#8211; De stad van het begrip<\/span>\n              <\/a>\n            <\/div>\n          <\/div>\n    \n          \n                  \n                    \n          <div class=\"featured-themen-single\">\n            <div class=\"featured-themen-single-inner\" style=\"background-image: url('')\">\n              \n              <a href=\"https:\/\/9staedte.de\/nl\/hildesheim-een-stad-vol-huizen-cultuur-en-geschiedenis\/\">\n                <span>Hildesheim &#8211; Een stad vol huizen, cultuur en geschiedenis<\/span>\n              <\/a>\n            <\/div>\n          <\/div>\n    \n          \n                  \n                    \n          <div class=\"featured-themen-single\">\n            <div class=\"featured-themen-single-inner\" style=\"background-image: url('')\">\n              \n              <a href=\"https:\/\/9staedte.de\/nl\/einbeck-historische-autos-huizen-met-wijn-en-bier\/\">\n                <span>Einbeck &#8211; Historische auto&#8217;s, huizen met wijn en bier<\/span>\n              <\/a>\n            <\/div>\n          <\/div>\n    \n          \n                  \n                    \n          <div class=\"featured-themen-single\">\n            <div class=\"featured-themen-single-inner\" style=\"background-image: url('')\">\n              \n              <a href=\"https:\/\/9staedte.de\/nl\/hannover-een-fascinerende-stad-met-levenskwaliteit\/\">\n                <span>Hannover &#8211; Een fascinerende stad met levenskwaliteit<\/span>\n              <\/a>\n            <\/div>\n          <\/div>\n    \n          \n                  \n                    \n          <div class=\"featured-themen-single\">\n            <div class=\"featured-themen-single-inner\" style=\"background-image: url('')\">\n              \n              <a href=\"https:\/\/9staedte.de\/nl\/celle-una-preciosa-ciudad-palaciega-con-el-mayor-conjunto-de-casas-de-entramado-de-europa\/\">\n                <span>Celle &#8211; Una preciosa ciudad palaciega con el mayor conjunto de casas de entramado de Europa<\/span>\n              <\/a>\n            <\/div>\n          <\/div>\n    \n          \n                          \n        <\/div>\n<\/div>","protected":false},"excerpt":{"rendered":"<p>Er zijn oneindig veel redenen om 9 steden in de Baja Sajonia te bezoeken: traditionele feesten, UNESCO patrimonios de la humanidad, middeleeuwse steden, idyllische huizen, gastvrije gastvrijheid, moderne commerci\u00eble gebouwen, veel bedrijvigheid&#8230; Plan je reis naar 9 steden. Cada ciudad fascina con su propio encanto especial. Een bezoek aan een of meer historische steden kun [&hellip;]<\/p>\n","protected":false},"author":1,"featured_media":0,"parent":0,"menu_order":0,"comment_status":"closed","ping_status":"closed","template":"","meta":{"_acf_changed":false,"footnotes":""},"categories":[],"tags":[],"ncap_cities_tax":[],"class_list":["post-9568","page","type-page","status-publish","hentry"],"acf":[],"yoast_head":"<!-- This site is optimized with the Yoast SEO plugin v26.8 - https:\/\/yoast.com\/product\/yoast-seo-wordpress\/ -->\n<title>9 steden in de Baja Sajonia - 9 St\u00e4dte in Niedersachsen<\/title>\n<meta name=\"robots\" content=\"index, follow, max-snippet:-1, max-image-preview:large, max-video-preview:-1\" \/>\n<link rel=\"canonical\" href=\"https:\/\/9staedte.de\/nl\/9-steden-in-de-baja-sajonia\/\" \/>\n<meta property=\"og:locale\" content=\"nl_NL\" \/>\n<meta property=\"og:type\" content=\"article\" \/>\n<meta property=\"og:title\" content=\"9 steden in de Baja Sajonia - 9 St\u00e4dte in Niedersachsen\" \/>\n<meta property=\"og:description\" content=\"Er zijn oneindig veel redenen om 9 steden in de Baja Sajonia te bezoeken: traditionele feesten, UNESCO patrimonios de la humanidad, middeleeuwse steden, idyllische huizen, gastvrije gastvrijheid, moderne commerci\u00eble gebouwen, veel bedrijvigheid&#8230; Plan je reis naar 9 steden. Cada ciudad fascina con su propio encanto especial. Een bezoek aan een of meer historische steden kun [&hellip;]\" \/>\n<meta property=\"og:url\" content=\"https:\/\/9staedte.de\/nl\/9-steden-in-de-baja-sajonia\/\" \/>\n<meta property=\"og:site_name\" content=\"9 St\u00e4dte in Niedersachsen\" \/>\n<meta property=\"article:modified_time\" content=\"2023-10-25T10:17:45+00:00\" \/>\n<meta name=\"twitter:card\" content=\"summary_large_image\" \/>\n<meta name=\"twitter:label1\" content=\"Geschatte leestijd\" \/>\n\t<meta name=\"twitter:data1\" content=\"1 minuut\" \/>\n<script type=\"application\/ld+json\" class=\"yoast-schema-graph\">{\"@context\":\"https:\/\/schema.org\",\"@graph\":[{\"@type\":\"WebPage\",\"@id\":\"https:\/\/9staedte.de\/nl\/9-steden-in-de-baja-sajonia\/\",\"url\":\"https:\/\/9staedte.de\/nl\/9-steden-in-de-baja-sajonia\/\",\"name\":\"9 steden in de Baja Sajonia - 9 St\u00e4dte in Niedersachsen\",\"isPartOf\":{\"@id\":\"https:\/\/9staedte.de\/nl\/#website\"},\"datePublished\":\"2023-09-28T13:31:34+00:00\",\"dateModified\":\"2023-10-25T10:17:45+00:00\",\"breadcrumb\":{\"@id\":\"https:\/\/9staedte.de\/nl\/9-steden-in-de-baja-sajonia\/#breadcrumb\"},\"inLanguage\":\"nl-NL\",\"potentialAction\":[{\"@type\":\"ReadAction\",\"target\":[\"https:\/\/9staedte.de\/nl\/9-steden-in-de-baja-sajonia\/\"]}]},{\"@type\":\"BreadcrumbList\",\"@id\":\"https:\/\/9staedte.de\/nl\/9-steden-in-de-baja-sajonia\/#breadcrumb\",\"itemListElement\":[{\"@type\":\"ListItem\",\"position\":1,\"name\":\"Startseite\",\"item\":\"https:\/\/9staedte.de\/nl\/\"},{\"@type\":\"ListItem\",\"position\":2,\"name\":\"9 steden in de Baja Sajonia\"}]},{\"@type\":\"WebSite\",\"@id\":\"https:\/\/9staedte.de\/nl\/#website\",\"url\":\"https:\/\/9staedte.de\/nl\/\",\"name\":\"9 St\u00e4dte in Niedersachsen\",\"description\":\"\",\"publisher\":{\"@id\":\"https:\/\/9staedte.de\/nl\/#organization\"},\"potentialAction\":[{\"@type\":\"SearchAction\",\"target\":{\"@type\":\"EntryPoint\",\"urlTemplate\":\"https:\/\/9staedte.de\/nl\/?s={search_term_string}\"},\"query-input\":{\"@type\":\"PropertyValueSpecification\",\"valueRequired\":true,\"valueName\":\"search_term_string\"}}],\"inLanguage\":\"nl-NL\"},{\"@type\":\"Organization\",\"@id\":\"https:\/\/9staedte.de\/nl\/#organization\",\"name\":\"9 St\u00e4dte in Niedersachsen\",\"url\":\"https:\/\/9staedte.de\/nl\/\",\"logo\":{\"@type\":\"ImageObject\",\"inLanguage\":\"nl-NL\",\"@id\":\"https:\/\/9staedte.de\/nl\/#\/schema\/logo\/image\/\",\"url\":\"https:\/\/9staedte.de\/wp-content\/uploads\/2025\/01\/9-neg-deutsch-2-1.png\",\"contentUrl\":\"https:\/\/9staedte.de\/wp-content\/uploads\/2025\/01\/9-neg-deutsch-2-1.png\",\"width\":190,\"height\":114,\"caption\":\"9 St\u00e4dte in Niedersachsen\"},\"image\":{\"@id\":\"https:\/\/9staedte.de\/nl\/#\/schema\/logo\/image\/\"}}]}<\/script>\n<!-- \/ Yoast SEO plugin. -->","yoast_head_json":{"title":"9 steden in de Baja Sajonia - 9 St\u00e4dte in Niedersachsen","robots":{"index":"index","follow":"follow","max-snippet":"max-snippet:-1","max-image-preview":"max-image-preview:large","max-video-preview":"max-video-preview:-1"},"canonical":"https:\/\/9staedte.de\/nl\/9-steden-in-de-baja-sajonia\/","og_locale":"nl_NL","og_type":"article","og_title":"9 steden in de Baja Sajonia - 9 St\u00e4dte in Niedersachsen","og_description":"Er zijn oneindig veel redenen om 9 steden in de Baja Sajonia te bezoeken: traditionele feesten, UNESCO patrimonios de la humanidad, middeleeuwse steden, idyllische huizen, gastvrije gastvrijheid, moderne commerci\u00eble gebouwen, veel bedrijvigheid&#8230; Plan je reis naar 9 steden. Cada ciudad fascina con su propio encanto especial. Een bezoek aan een of meer historische steden kun [&hellip;]","og_url":"https:\/\/9staedte.de\/nl\/9-steden-in-de-baja-sajonia\/","og_site_name":"9 St\u00e4dte in Niedersachsen","article_modified_time":"2023-10-25T10:17:45+00:00","twitter_card":"summary_large_image","twitter_misc":{"Geschatte leestijd":"1 minuut"},"schema":{"@context":"https:\/\/schema.org","@graph":[{"@type":"WebPage","@id":"https:\/\/9staedte.de\/nl\/9-steden-in-de-baja-sajonia\/","url":"https:\/\/9staedte.de\/nl\/9-steden-in-de-baja-sajonia\/","name":"9 steden in de Baja Sajonia - 9 St\u00e4dte in Niedersachsen","isPartOf":{"@id":"https:\/\/9staedte.de\/nl\/#website"},"datePublished":"2023-09-28T13:31:34+00:00","dateModified":"2023-10-25T10:17:45+00:00","breadcrumb":{"@id":"https:\/\/9staedte.de\/nl\/9-steden-in-de-baja-sajonia\/#breadcrumb"},"inLanguage":"nl-NL","potentialAction":[{"@type":"ReadAction","target":["https:\/\/9staedte.de\/nl\/9-steden-in-de-baja-sajonia\/"]}]},{"@type":"BreadcrumbList","@id":"https:\/\/9staedte.de\/nl\/9-steden-in-de-baja-sajonia\/#breadcrumb","itemListElement":[{"@type":"ListItem","position":1,"name":"Startseite","item":"https:\/\/9staedte.de\/nl\/"},{"@type":"ListItem","position":2,"name":"9 steden in de Baja Sajonia"}]},{"@type":"WebSite","@id":"https:\/\/9staedte.de\/nl\/#website","url":"https:\/\/9staedte.de\/nl\/","name":"9 St\u00e4dte in Niedersachsen","description":"","publisher":{"@id":"https:\/\/9staedte.de\/nl\/#organization"},"potentialAction":[{"@type":"SearchAction","target":{"@type":"EntryPoint","urlTemplate":"https:\/\/9staedte.de\/nl\/?s={search_term_string}"},"query-input":{"@type":"PropertyValueSpecification","valueRequired":true,"valueName":"search_term_string"}}],"inLanguage":"nl-NL"},{"@type":"Organization","@id":"https:\/\/9staedte.de\/nl\/#organization","name":"9 St\u00e4dte in Niedersachsen","url":"https:\/\/9staedte.de\/nl\/","logo":{"@type":"ImageObject","inLanguage":"nl-NL","@id":"https:\/\/9staedte.de\/nl\/#\/schema\/logo\/image\/","url":"https:\/\/9staedte.de\/wp-content\/uploads\/2025\/01\/9-neg-deutsch-2-1.png","contentUrl":"https:\/\/9staedte.de\/wp-content\/uploads\/2025\/01\/9-neg-deutsch-2-1.png","width":190,"height":114,"caption":"9 St\u00e4dte in Niedersachsen"},"image":{"@id":"https:\/\/9staedte.de\/nl\/#\/schema\/logo\/image\/"}}]}},"_links":{"self":[{"href":"https:\/\/9staedte.de\/nl\/wp-json\/wp\/v2\/pages\/9568","targetHints":{"allow":["GET"]}}],"collection":[{"href":"https:\/\/9staedte.de\/nl\/wp-json\/wp\/v2\/pages"}],"about":[{"href":"https:\/\/9staedte.de\/nl\/wp-json\/wp\/v2\/types\/page"}],"author":[{"embeddable":true,"href":"https:\/\/9staedte.de\/nl\/wp-json\/wp\/v2\/users\/1"}],"replies":[{"embeddable":true,"href":"https:\/\/9staedte.de\/nl\/wp-json\/wp\/v2\/comments?post=9568"}],"version-history":[{"count":1,"href":"https:\/\/9staedte.de\/nl\/wp-json\/wp\/v2\/pages\/9568\/revisions"}],"predecessor-version":[{"id":9571,"href":"https:\/\/9staedte.de\/nl\/wp-json\/wp\/v2\/pages\/9568\/revisions\/9571"}],"wp:attachment":[{"href":"https:\/\/9staedte.de\/nl\/wp-json\/wp\/v2\/media?parent=9568"}],"wp:term":[{"taxonomy":"category","embeddable":true,"href":"https:\/\/9staedte.de\/nl\/wp-json\/wp\/v2\/categories?post=9568"},{"taxonomy":"post_tag","embeddable":true,"href":"https:\/\/9staedte.de\/nl\/wp-json\/wp\/v2\/tags?post=9568"},{"taxonomy":"ncap_cities_tax","embeddable":true,"href":"https:\/\/9staedte.de\/nl\/wp-json\/wp\/v2\/ncap_cities_tax?post=9568"}],"curies":[{"name":"wp","href":"https:\/\/api.w.org\/{rel}","templated":true}]}}