{"id":9559,"date":"2023-09-28T15:31:33","date_gmt":"2023-09-28T13:31:33","guid":{"rendered":"https:\/\/9staedte.de\/9-dorpen-in-niedersachsen-basse-saxe\/"},"modified":"2023-10-25T12:17:43","modified_gmt":"2023-10-25T10:17:43","slug":"9-dorpen-in-niedersachsen-basse-saxe","status":"publish","type":"page","link":"https:\/\/9staedte.de\/nl\/9-dorpen-in-niedersachsen-basse-saxe\/","title":{"rendered":"9 dorpen in Niedersachsen (Basse-Saxe)"},"content":{"rendered":"\n<p><strong>9 dorpen in Nedersaksen:<\/strong><\/p>\n\n\n\n<p>Il y a une infinit\u00e9 de visiter les 9 villes! De culturele evenementen die rijk zijn aan tradities, het werelderfgoed dat door UNESCO is geclassificeerd, de historische middeleeuwse steden, de idyllische ensembles van colombagehuizen, de aangename gastvrijheid, de moderne marktkramen, de betoverende animaties&#8230;<\/p>\n\n\n\n<p>Plan uw bezoek aan de 9 dorpen. Elk dorp heeft een unieke en unieke charme die elk dorp fascinerend maakt. Een bezoek aan een of meer van deze dorpen wordt gecompleteerd door een randonn\u00e9e in het land van Lunebourg, in de montagnes van de Harz of in het berggebied van de Weser. De centrale luchthaven in het noorden van Duitsland, de luchthaven van Hanovre, en de optimale verbindingen via de snelweg en het spoor zorgen voor een aangename reis.<\/p>\n\n\n\n<p>Maak uw reis door de geschiedenis met een reis door de wereld ge\u00efnspireerd door de Autostadt van Wolfsburg. Beleef de toekomst van de mobiliteit, reis door de tijd van de geschiedenis van de auto en verken het universum van technologie\u00ebn en innovaties.<\/p>\n\n\n\n<div style=\"height:60px\" aria-hidden=\"true\" class=\"wp-block-spacer\"><\/div>\n\n\n\n<div class=\"content-grid\">\n\n\n  \n  <div class=\"grid\">\n                        \n                    \n          <div class=\"featured-themen-single\">\n            <div class=\"featured-themen-single-inner\" style=\"background-image: url('')\">\n              \n              <a href=\"https:\/\/9staedte.de\/nl\/hildesheim-een-stad-met-veel-cultuur-en-geschiedenis-bekend-om-haar-huizen-met-kolommen\/\">\n                <span>Hildesheim &#8211; Een stad met veel cultuur en geschiedenis, bekend om haar huizen met kolommen<\/span>\n              <\/a>\n            <\/div>\n          <\/div>\n    \n          \n                  \n                    \n          <div class=\"featured-themen-single\">\n            <div class=\"featured-themen-single-inner\" style=\"background-image: url('')\">\n              \n              <a href=\"https:\/\/9staedte.de\/nl\/goettingen-de-stad-van-de-kennis\/\">\n                <span>G\u00f6ttingen &#8211; De stad van de kennis<\/span>\n              <\/a>\n            <\/div>\n          <\/div>\n    \n          \n                  \n                    \n          <div class=\"featured-themen-single\">\n            <div class=\"featured-themen-single-inner\" style=\"background-image: url('')\">\n              \n              <a href=\"https:\/\/9staedte.de\/nl\/einbeck-oude-huizen-huizen-met-kolommen-en-biere\/\">\n                <span>Einbeck &#8211; Oude huizen, huizen met kolommen en bi\u00e8re<\/span>\n              <\/a>\n            <\/div>\n          <\/div>\n    \n          \n                  \n                    \n          <div class=\"featured-themen-single\">\n            <div class=\"featured-themen-single-inner\" style=\"background-image: url('')\">\n              \n              <a href=\"https:\/\/9staedte.de\/nl\/celle-charmante-stad-met-het-grootste-aantal-maisons-a-colombages-van-europa\/\">\n                <span>Celle &#8211; Charmante stad met het grootste aantal maisons \u00e0 colombages van Europa<\/span>\n              <\/a>\n            <\/div>\n          <\/div>\n    \n          \n                  \n                    \n          <div class=\"featured-themen-single\">\n            <div class=\"featured-themen-single-inner\" style=\"background-image: url('')\">\n              \n              <a href=\"https:\/\/9staedte.de\/nl\/hannover-hanovre-een-stad-waar-het-goed-toeven-is\/\">\n                <span>Hannover (Hanovre) &#8211; Een stad waar het goed toeven is<\/span>\n              <\/a>\n            <\/div>\n          <\/div>\n    \n          \n                  \n                    \n          <div class=\"featured-themen-single\">\n            <div class=\"featured-themen-single-inner\" style=\"background-image: url('')\">\n              \n              <a href=\"https:\/\/9staedte.de\/nl\/autostadt-in-wolfsburg-een-onderdompeling-in-het-universum-van-de-mobiliteit\/\">\n                <span>Autostadt in Wolfsburg &#8211; Een onderdompeling in het universum van de mobiliteit<\/span>\n              <\/a>\n            <\/div>\n          <\/div>\n    \n          \n                  \n                    \n          <div class=\"featured-themen-single\">\n            <div class=\"featured-themen-single-inner\" style=\"background-image: url('')\">\n              \n              <a href=\"https:\/\/9staedte.de\/nl\/hamelen-de-stad-van-de-fluitspeler\/\">\n                <span>Hamelen &#8211; De stad van de fluitspeler<\/span>\n              <\/a>\n            <\/div>\n          <\/div>\n    \n          \n                  \n                    \n          <div class=\"featured-themen-single\">\n            <div class=\"featured-themen-single-inner\" style=\"background-image: url('')\">\n              \n              <a href=\"https:\/\/9staedte.de\/nl\/goslar-wereldwijd-cultureel-erfgoed-aan-de-voet-van-de-harz\/\">\n                <span>Goslar &#8211; Wereldwijd cultureel erfgoed aan de voet van de Harz<\/span>\n              <\/a>\n            <\/div>\n          <\/div>\n    \n          \n                  \n                    \n          <div class=\"featured-themen-single\">\n            <div class=\"featured-themen-single-inner\" style=\"background-image: url('')\">\n              \n              <a href=\"https:\/\/9staedte.de\/nl\/wolfenbuettel-maisons-a-colombages-et-jaegermeister\/\">\n                <span>Wolfenb\u00fcttel &#8211; Maisons \u00e0 colombages et J\u00e4germeister<\/span>\n              <\/a>\n            <\/div>\n          <\/div>\n    \n          \n                  \n                    \n          <div class=\"featured-themen-single\">\n            <div class=\"featured-themen-single-inner\" style=\"background-image: url('')\">\n              \n              <a href=\"https:\/\/9staedte.de\/nl\/braunschweig-brunswijk-geanimeerde-en-historische-stad\/\">\n                <span>Braunschweig (Brunswijk) &#8211; Geanimeerde en historische stad<\/span>\n              <\/a>\n            <\/div>\n          <\/div>\n    \n          \n                          \n        <\/div>\n<\/div>","protected":false},"excerpt":{"rendered":"<p>9 dorpen in Nedersaksen: Il y a une infinit\u00e9 de visiter les 9 villes! De culturele evenementen die rijk zijn aan tradities, het werelderfgoed dat door UNESCO is geclassificeerd, de historische middeleeuwse steden, de idyllische ensembles van colombagehuizen, de aangename gastvrijheid, de moderne marktkramen, de betoverende animaties&#8230; Plan uw bezoek aan de 9 dorpen. Elk [&hellip;]<\/p>\n","protected":false},"author":1,"featured_media":0,"parent":0,"menu_order":0,"comment_status":"closed","ping_status":"closed","template":"","meta":{"_acf_changed":false,"footnotes":""},"categories":[],"tags":[],"ncap_cities_tax":[],"class_list":["post-9559","page","type-page","status-publish","hentry"],"acf":[],"yoast_head":"<!-- This site is optimized with the Yoast SEO plugin v26.8 - https:\/\/yoast.com\/product\/yoast-seo-wordpress\/ -->\n<title>9 dorpen in Niedersachsen (Basse-Saxe) - 9 St\u00e4dte in Niedersachsen<\/title>\n<meta name=\"robots\" content=\"index, follow, max-snippet:-1, max-image-preview:large, max-video-preview:-1\" \/>\n<link rel=\"canonical\" href=\"https:\/\/9staedte.de\/nl\/9-dorpen-in-niedersachsen-basse-saxe\/\" \/>\n<meta property=\"og:locale\" content=\"nl_NL\" \/>\n<meta property=\"og:type\" content=\"article\" \/>\n<meta property=\"og:title\" content=\"9 dorpen in Niedersachsen (Basse-Saxe) - 9 St\u00e4dte in Niedersachsen\" \/>\n<meta property=\"og:description\" content=\"9 dorpen in Nedersaksen: Il y a une infinit\u00e9 de visiter les 9 villes! De culturele evenementen die rijk zijn aan tradities, het werelderfgoed dat door UNESCO is geclassificeerd, de historische middeleeuwse steden, de idyllische ensembles van colombagehuizen, de aangename gastvrijheid, de moderne marktkramen, de betoverende animaties&#8230; Plan uw bezoek aan de 9 dorpen. Elk [&hellip;]\" \/>\n<meta property=\"og:url\" content=\"https:\/\/9staedte.de\/nl\/9-dorpen-in-niedersachsen-basse-saxe\/\" \/>\n<meta property=\"og:site_name\" content=\"9 St\u00e4dte in Niedersachsen\" \/>\n<meta property=\"article:modified_time\" content=\"2023-10-25T10:17:43+00:00\" \/>\n<meta name=\"twitter:card\" content=\"summary_large_image\" \/>\n<meta name=\"twitter:label1\" content=\"Geschatte leestijd\" \/>\n\t<meta name=\"twitter:data1\" content=\"1 minuut\" \/>\n<script type=\"application\/ld+json\" class=\"yoast-schema-graph\">{\"@context\":\"https:\/\/schema.org\",\"@graph\":[{\"@type\":\"WebPage\",\"@id\":\"https:\/\/9staedte.de\/nl\/9-dorpen-in-niedersachsen-basse-saxe\/\",\"url\":\"https:\/\/9staedte.de\/nl\/9-dorpen-in-niedersachsen-basse-saxe\/\",\"name\":\"9 dorpen in Niedersachsen (Basse-Saxe) - 9 St\u00e4dte in Niedersachsen\",\"isPartOf\":{\"@id\":\"https:\/\/9staedte.de\/nl\/#website\"},\"datePublished\":\"2023-09-28T13:31:33+00:00\",\"dateModified\":\"2023-10-25T10:17:43+00:00\",\"breadcrumb\":{\"@id\":\"https:\/\/9staedte.de\/nl\/9-dorpen-in-niedersachsen-basse-saxe\/#breadcrumb\"},\"inLanguage\":\"nl-NL\",\"potentialAction\":[{\"@type\":\"ReadAction\",\"target\":[\"https:\/\/9staedte.de\/nl\/9-dorpen-in-niedersachsen-basse-saxe\/\"]}]},{\"@type\":\"BreadcrumbList\",\"@id\":\"https:\/\/9staedte.de\/nl\/9-dorpen-in-niedersachsen-basse-saxe\/#breadcrumb\",\"itemListElement\":[{\"@type\":\"ListItem\",\"position\":1,\"name\":\"Startseite\",\"item\":\"https:\/\/9staedte.de\/nl\/\"},{\"@type\":\"ListItem\",\"position\":2,\"name\":\"9 dorpen in Niedersachsen (Basse-Saxe)\"}]},{\"@type\":\"WebSite\",\"@id\":\"https:\/\/9staedte.de\/nl\/#website\",\"url\":\"https:\/\/9staedte.de\/nl\/\",\"name\":\"9 St\u00e4dte in Niedersachsen\",\"description\":\"\",\"publisher\":{\"@id\":\"https:\/\/9staedte.de\/nl\/#organization\"},\"potentialAction\":[{\"@type\":\"SearchAction\",\"target\":{\"@type\":\"EntryPoint\",\"urlTemplate\":\"https:\/\/9staedte.de\/nl\/?s={search_term_string}\"},\"query-input\":{\"@type\":\"PropertyValueSpecification\",\"valueRequired\":true,\"valueName\":\"search_term_string\"}}],\"inLanguage\":\"nl-NL\"},{\"@type\":\"Organization\",\"@id\":\"https:\/\/9staedte.de\/nl\/#organization\",\"name\":\"9 St\u00e4dte in Niedersachsen\",\"url\":\"https:\/\/9staedte.de\/nl\/\",\"logo\":{\"@type\":\"ImageObject\",\"inLanguage\":\"nl-NL\",\"@id\":\"https:\/\/9staedte.de\/nl\/#\/schema\/logo\/image\/\",\"url\":\"https:\/\/9staedte.de\/wp-content\/uploads\/2025\/01\/9-neg-deutsch-2-1.png\",\"contentUrl\":\"https:\/\/9staedte.de\/wp-content\/uploads\/2025\/01\/9-neg-deutsch-2-1.png\",\"width\":190,\"height\":114,\"caption\":\"9 St\u00e4dte in Niedersachsen\"},\"image\":{\"@id\":\"https:\/\/9staedte.de\/nl\/#\/schema\/logo\/image\/\"}}]}<\/script>\n<!-- \/ Yoast SEO plugin. -->","yoast_head_json":{"title":"9 dorpen in Niedersachsen (Basse-Saxe) - 9 St\u00e4dte in Niedersachsen","robots":{"index":"index","follow":"follow","max-snippet":"max-snippet:-1","max-image-preview":"max-image-preview:large","max-video-preview":"max-video-preview:-1"},"canonical":"https:\/\/9staedte.de\/nl\/9-dorpen-in-niedersachsen-basse-saxe\/","og_locale":"nl_NL","og_type":"article","og_title":"9 dorpen in Niedersachsen (Basse-Saxe) - 9 St\u00e4dte in Niedersachsen","og_description":"9 dorpen in Nedersaksen: Il y a une infinit\u00e9 de visiter les 9 villes! De culturele evenementen die rijk zijn aan tradities, het werelderfgoed dat door UNESCO is geclassificeerd, de historische middeleeuwse steden, de idyllische ensembles van colombagehuizen, de aangename gastvrijheid, de moderne marktkramen, de betoverende animaties&#8230; Plan uw bezoek aan de 9 dorpen. Elk [&hellip;]","og_url":"https:\/\/9staedte.de\/nl\/9-dorpen-in-niedersachsen-basse-saxe\/","og_site_name":"9 St\u00e4dte in Niedersachsen","article_modified_time":"2023-10-25T10:17:43+00:00","twitter_card":"summary_large_image","twitter_misc":{"Geschatte leestijd":"1 minuut"},"schema":{"@context":"https:\/\/schema.org","@graph":[{"@type":"WebPage","@id":"https:\/\/9staedte.de\/nl\/9-dorpen-in-niedersachsen-basse-saxe\/","url":"https:\/\/9staedte.de\/nl\/9-dorpen-in-niedersachsen-basse-saxe\/","name":"9 dorpen in Niedersachsen (Basse-Saxe) - 9 St\u00e4dte in Niedersachsen","isPartOf":{"@id":"https:\/\/9staedte.de\/nl\/#website"},"datePublished":"2023-09-28T13:31:33+00:00","dateModified":"2023-10-25T10:17:43+00:00","breadcrumb":{"@id":"https:\/\/9staedte.de\/nl\/9-dorpen-in-niedersachsen-basse-saxe\/#breadcrumb"},"inLanguage":"nl-NL","potentialAction":[{"@type":"ReadAction","target":["https:\/\/9staedte.de\/nl\/9-dorpen-in-niedersachsen-basse-saxe\/"]}]},{"@type":"BreadcrumbList","@id":"https:\/\/9staedte.de\/nl\/9-dorpen-in-niedersachsen-basse-saxe\/#breadcrumb","itemListElement":[{"@type":"ListItem","position":1,"name":"Startseite","item":"https:\/\/9staedte.de\/nl\/"},{"@type":"ListItem","position":2,"name":"9 dorpen in Niedersachsen (Basse-Saxe)"}]},{"@type":"WebSite","@id":"https:\/\/9staedte.de\/nl\/#website","url":"https:\/\/9staedte.de\/nl\/","name":"9 St\u00e4dte in Niedersachsen","description":"","publisher":{"@id":"https:\/\/9staedte.de\/nl\/#organization"},"potentialAction":[{"@type":"SearchAction","target":{"@type":"EntryPoint","urlTemplate":"https:\/\/9staedte.de\/nl\/?s={search_term_string}"},"query-input":{"@type":"PropertyValueSpecification","valueRequired":true,"valueName":"search_term_string"}}],"inLanguage":"nl-NL"},{"@type":"Organization","@id":"https:\/\/9staedte.de\/nl\/#organization","name":"9 St\u00e4dte in Niedersachsen","url":"https:\/\/9staedte.de\/nl\/","logo":{"@type":"ImageObject","inLanguage":"nl-NL","@id":"https:\/\/9staedte.de\/nl\/#\/schema\/logo\/image\/","url":"https:\/\/9staedte.de\/wp-content\/uploads\/2025\/01\/9-neg-deutsch-2-1.png","contentUrl":"https:\/\/9staedte.de\/wp-content\/uploads\/2025\/01\/9-neg-deutsch-2-1.png","width":190,"height":114,"caption":"9 St\u00e4dte in Niedersachsen"},"image":{"@id":"https:\/\/9staedte.de\/nl\/#\/schema\/logo\/image\/"}}]}},"_links":{"self":[{"href":"https:\/\/9staedte.de\/nl\/wp-json\/wp\/v2\/pages\/9559","targetHints":{"allow":["GET"]}}],"collection":[{"href":"https:\/\/9staedte.de\/nl\/wp-json\/wp\/v2\/pages"}],"about":[{"href":"https:\/\/9staedte.de\/nl\/wp-json\/wp\/v2\/types\/page"}],"author":[{"embeddable":true,"href":"https:\/\/9staedte.de\/nl\/wp-json\/wp\/v2\/users\/1"}],"replies":[{"embeddable":true,"href":"https:\/\/9staedte.de\/nl\/wp-json\/wp\/v2\/comments?post=9559"}],"version-history":[{"count":1,"href":"https:\/\/9staedte.de\/nl\/wp-json\/wp\/v2\/pages\/9559\/revisions"}],"predecessor-version":[{"id":9563,"href":"https:\/\/9staedte.de\/nl\/wp-json\/wp\/v2\/pages\/9559\/revisions\/9563"}],"wp:attachment":[{"href":"https:\/\/9staedte.de\/nl\/wp-json\/wp\/v2\/media?parent=9559"}],"wp:term":[{"taxonomy":"category","embeddable":true,"href":"https:\/\/9staedte.de\/nl\/wp-json\/wp\/v2\/categories?post=9559"},{"taxonomy":"post_tag","embeddable":true,"href":"https:\/\/9staedte.de\/nl\/wp-json\/wp\/v2\/tags?post=9559"},{"taxonomy":"ncap_cities_tax","embeddable":true,"href":"https:\/\/9staedte.de\/nl\/wp-json\/wp\/v2\/ncap_cities_tax?post=9559"}],"curies":[{"name":"wp","href":"https:\/\/api.w.org\/{rel}","templated":true}]}}