{"id":9551,"date":"2023-09-28T16:57:13","date_gmt":"2023-09-28T14:57:13","guid":{"rendered":"https:\/\/9staedte.de\/dagprogrammas-in-goettingen\/"},"modified":"2023-10-25T11:29:42","modified_gmt":"2023-10-25T09:29:42","slug":"dagprogrammas-in-goettingen","status":"publish","type":"page","link":"https:\/\/9staedte.de\/nl\/goettingen-stad-die-kennis-creeert\/dagprogrammas-in-goettingen\/","title":{"rendered":"Dagprogramma&#8217;s in G\u00f6ttingen"},"content":{"rendered":"\r\n\r\n    <div class=\"filter-posts\">\r\n            <div  id=\"filterContent\">\r\n                                                        \n<div class=\"contentKachel filtr-item\" data-category=\"goettingen-nl\">\n    <a href=\"https:\/\/9staedte.de\/nl\/kerstmis-gottingen\/\">\n        <div class=\"contentKachel-inner\">\n                            <div class=\"contentKachel-thumbnail\">\n                    <img loading=\"lazy\" decoding=\"async\" width=\"300\" height=\"165\" src=\"https:\/\/9staedte.de\/wp-content\/smush-webp\/2023\/02\/Weihnachtliche-City-Goettingen-c-Goettingen-Tourismus-Christoph-Mischke-300x165.jpg.webp\" class=\"objectfitcover withfilters wp-post-image\" alt=\"Op de foto zie je een kerstmarkt in de stad. Het is avond en er branden veel lichtjes. De kraampjes verkopen kleurrijke kerstversiering. Er lopen veel mensen door de straat. De huizen op de achtergrond zijn oud en mooi.\" srcset=\"https:\/\/9staedte.de\/wp-content\/smush-webp\/2023\/02\/Weihnachtliche-City-Goettingen-c-Goettingen-Tourismus-Christoph-Mischke-300x165.jpg.webp 300w, https:\/\/9staedte.de\/wp-content\/smush-webp\/2023\/02\/Weihnachtliche-City-Goettingen-c-Goettingen-Tourismus-Christoph-Mischke-768x422.jpg.webp 768w, https:\/\/9staedte.de\/wp-content\/smush-webp\/2023\/02\/Weihnachtliche-City-Goettingen-c-Goettingen-Tourismus-Christoph-Mischke.jpg.webp 1020w\" sizes=\"auto, (max-width: 300px) 100vw, 300px\" \/>                    <img loading=\"lazy\" decoding=\"async\" width=\"300\" height=\"165\" src=\"https:\/\/9staedte.de\/wp-content\/smush-webp\/2023\/02\/Weihnachtliche-City-Goettingen-c-Goettingen-Tourismus-Christoph-Mischke-300x165.jpg.webp\" class=\"objectfitcontain wp-post-image\" alt=\"Op de foto zie je een kerstmarkt in de stad. Het is avond en er branden veel lichtjes. De kraampjes verkopen kleurrijke kerstversiering. Er lopen veel mensen door de straat. De huizen op de achtergrond zijn oud en mooi.\" srcset=\"https:\/\/9staedte.de\/wp-content\/smush-webp\/2023\/02\/Weihnachtliche-City-Goettingen-c-Goettingen-Tourismus-Christoph-Mischke-300x165.jpg.webp 300w, https:\/\/9staedte.de\/wp-content\/smush-webp\/2023\/02\/Weihnachtliche-City-Goettingen-c-Goettingen-Tourismus-Christoph-Mischke-768x422.jpg.webp 768w, https:\/\/9staedte.de\/wp-content\/smush-webp\/2023\/02\/Weihnachtliche-City-Goettingen-c-Goettingen-Tourismus-Christoph-Mischke.jpg.webp 1020w\" sizes=\"auto, (max-width: 300px) 100vw, 300px\" \/>                        <div class=\"thumbnail-label\">\n    <span>Die weihnachtliche G\u00f6ttinger Innenstadt mit Weihnachtsmarkt \r\nFoto: Christoph Mischke<\/span>\n    <\/div>\n                <\/div>\n                        <div class=\"contentKachel-content\">\n                                    <div class=\"city-tag bg-goettingen\">\n                        G\u00f6ttingen                    <\/div>\n                \n                <div class=\"title\">\n\n                    Kerstmis G\u00f6ttingen                    \n                <\/div>\n\n                            <\/div>\n\n        <\/div>\n    <\/a>\n<\/div>                                                        \n<div class=\"contentKachel filtr-item\" data-category=\"goettingen-nl\">\n    <a href=\"https:\/\/9staedte.de\/nl\/ontdek-de-hardenberg\/\">\n        <div class=\"contentKachel-inner\">\n                            <div class=\"contentKachel-thumbnail\">\n                    <img loading=\"lazy\" decoding=\"async\" width=\"300\" height=\"165\" src=\"https:\/\/9staedte.de\/wp-content\/smush-webp\/2023\/02\/Tagespauschale-Entdecke-den-Hardenberg-300x165.jpg.webp\" class=\"objectfitcover withfilters wp-post-image\" alt=\"Op de foto staat een groot metalen beeld. Het beeld toont een wild zwijn met grote slagtanden. Het dier ligt op de grond en kijkt naar voren. Op de achtergrond zie je bomen en een straat.\" srcset=\"https:\/\/9staedte.de\/wp-content\/smush-webp\/2023\/02\/Tagespauschale-Entdecke-den-Hardenberg-300x165.jpg.webp 300w, https:\/\/9staedte.de\/wp-content\/smush-webp\/2023\/02\/Tagespauschale-Entdecke-den-Hardenberg-768x422.jpg.webp 768w, https:\/\/9staedte.de\/wp-content\/smush-webp\/2023\/02\/Tagespauschale-Entdecke-den-Hardenberg.jpg.webp 1020w\" sizes=\"auto, (max-width: 300px) 100vw, 300px\" \/>                    <img loading=\"lazy\" decoding=\"async\" width=\"300\" height=\"165\" src=\"https:\/\/9staedte.de\/wp-content\/smush-webp\/2023\/02\/Tagespauschale-Entdecke-den-Hardenberg-300x165.jpg.webp\" class=\"objectfitcontain wp-post-image\" alt=\"Op de foto staat een groot metalen beeld. Het beeld toont een wild zwijn met grote slagtanden. Het dier ligt op de grond en kijkt naar voren. Op de achtergrond zie je bomen en een straat.\" srcset=\"https:\/\/9staedte.de\/wp-content\/smush-webp\/2023\/02\/Tagespauschale-Entdecke-den-Hardenberg-300x165.jpg.webp 300w, https:\/\/9staedte.de\/wp-content\/smush-webp\/2023\/02\/Tagespauschale-Entdecke-den-Hardenberg-768x422.jpg.webp 768w, https:\/\/9staedte.de\/wp-content\/smush-webp\/2023\/02\/Tagespauschale-Entdecke-den-Hardenberg.jpg.webp 1020w\" sizes=\"auto, (max-width: 300px) 100vw, 300px\" \/>                        <div class=\"thumbnail-label\">\n    <span>Tagespauschale Entdecke den Hardenberg<\/span>\n    <\/div>\n                <\/div>\n                        <div class=\"contentKachel-content\">\n                                    <div class=\"city-tag bg-goettingen\">\n                        G\u00f6ttingen                    <\/div>\n                \n                <div class=\"title\">\n\n                    Ontdek de Hardenberg                    \n                <\/div>\n\n                            <\/div>\n\n        <\/div>\n    <\/a>\n<\/div>                                                        \n<div class=\"contentKachel filtr-item\" data-category=\"goettingen-nl\">\n    <a href=\"https:\/\/9staedte.de\/nl\/ontdek-gottingen\/\">\n        <div class=\"contentKachel-inner\">\n                            <div class=\"contentKachel-thumbnail\">\n                    <img loading=\"lazy\" decoding=\"async\" width=\"300\" height=\"165\" src=\"https:\/\/9staedte.de\/wp-content\/smush-webp\/2023\/02\/Goettingen_Paulinerstrasse-c-Goettingen-Tourismus-Christoph-Mischke-300x165.jpg.webp\" class=\"objectfitcover withfilters wp-post-image\" alt=\"Op de foto zie je een straat met oude vakwerkhuizen. Achterin staan twee grote kerktorens van steen. De huizen hebben rode daken. De lucht is blauw met een paar wolken.\" srcset=\"https:\/\/9staedte.de\/wp-content\/smush-webp\/2023\/02\/Goettingen_Paulinerstrasse-c-Goettingen-Tourismus-Christoph-Mischke-300x165.jpg.webp 300w, https:\/\/9staedte.de\/wp-content\/smush-webp\/2023\/02\/Goettingen_Paulinerstrasse-c-Goettingen-Tourismus-Christoph-Mischke-768x422.jpg.webp 768w, https:\/\/9staedte.de\/wp-content\/smush-webp\/2023\/02\/Goettingen_Paulinerstrasse-c-Goettingen-Tourismus-Christoph-Mischke.jpg.webp 1020w\" sizes=\"auto, (max-width: 300px) 100vw, 300px\" \/>                    <img loading=\"lazy\" decoding=\"async\" width=\"300\" height=\"165\" src=\"https:\/\/9staedte.de\/wp-content\/smush-webp\/2023\/02\/Goettingen_Paulinerstrasse-c-Goettingen-Tourismus-Christoph-Mischke-300x165.jpg.webp\" class=\"objectfitcontain wp-post-image\" alt=\"Op de foto zie je een straat met oude vakwerkhuizen. Achterin staan twee grote kerktorens van steen. De huizen hebben rode daken. De lucht is blauw met een paar wolken.\" srcset=\"https:\/\/9staedte.de\/wp-content\/smush-webp\/2023\/02\/Goettingen_Paulinerstrasse-c-Goettingen-Tourismus-Christoph-Mischke-300x165.jpg.webp 300w, https:\/\/9staedte.de\/wp-content\/smush-webp\/2023\/02\/Goettingen_Paulinerstrasse-c-Goettingen-Tourismus-Christoph-Mischke-768x422.jpg.webp 768w, https:\/\/9staedte.de\/wp-content\/smush-webp\/2023\/02\/Goettingen_Paulinerstrasse-c-Goettingen-Tourismus-Christoph-Mischke.jpg.webp 1020w\" sizes=\"auto, (max-width: 300px) 100vw, 300px\" \/>                        <div class=\"thumbnail-label\">\n    <span>G\u00f6ttingen Paulinerstra\u00dfe c) G\u00f6ttingen Marketing GmbH Christoph Mischke<\/span>\n    <\/div>\n                <\/div>\n                        <div class=\"contentKachel-content\">\n                                    <div class=\"city-tag bg-goettingen\">\n                        G\u00f6ttingen                    <\/div>\n                \n                <div class=\"title\">\n\n                    Ontdek G\u00f6ttingen                    \n                <\/div>\n\n                            <\/div>\n\n        <\/div>\n    <\/a>\n<\/div>                                            <\/div>\r\n    <\/div>\r\n","protected":false},"excerpt":{"rendered":"","protected":false},"author":1,"featured_media":9554,"parent":9786,"menu_order":0,"comment_status":"closed","ping_status":"closed","template":"pagetemplates\/template-stadtthema.php","meta":{"_acf_changed":false,"footnotes":""},"categories":[],"tags":[],"ncap_cities_tax":[433,944],"class_list":["post-9551","page","type-page","status-publish","has-post-thumbnail","hentry","ncap_cities_tax-goettingen-nl","ncap_cities_tax-tagesprogramme-goettingen-nl"],"acf":[],"yoast_head":"<!-- This site is optimized with the Yoast SEO plugin v26.8 - https:\/\/yoast.com\/product\/yoast-seo-wordpress\/ -->\n<title>Dagprogramma&#039;s in G\u00f6ttingen - 9 St\u00e4dte in Niedersachsen<\/title>\n<meta name=\"robots\" content=\"index, follow, max-snippet:-1, max-image-preview:large, max-video-preview:-1\" \/>\n<link rel=\"canonical\" href=\"https:\/\/9staedte.de\/nl\/goettingen-stad-die-kennis-creeert\/dagprogrammas-in-goettingen\/\" \/>\n<meta property=\"og:locale\" content=\"nl_NL\" \/>\n<meta property=\"og:type\" content=\"article\" \/>\n<meta property=\"og:title\" content=\"Dagprogramma&#039;s in G\u00f6ttingen - 9 St\u00e4dte in Niedersachsen\" \/>\n<meta property=\"og:url\" content=\"https:\/\/9staedte.de\/nl\/goettingen-stad-die-kennis-creeert\/dagprogrammas-in-goettingen\/\" \/>\n<meta property=\"og:site_name\" content=\"9 St\u00e4dte in Niedersachsen\" \/>\n<meta property=\"article:modified_time\" content=\"2023-10-25T09:29:42+00:00\" \/>\n<meta property=\"og:image\" content=\"https:\/\/9staedte.de\/wp-content\/uploads\/2023\/02\/Goettingen_Johanniskirche-c-Goettingen-Tourismus-Lars-Gerhardts.jpg\" \/>\n\t<meta property=\"og:image:width\" content=\"1020\" \/>\n\t<meta property=\"og:image:height\" content=\"559\" \/>\n\t<meta property=\"og:image:type\" content=\"image\/jpeg\" \/>\n<meta name=\"twitter:card\" content=\"summary_large_image\" \/>\n<script type=\"application\/ld+json\" class=\"yoast-schema-graph\">{\"@context\":\"https:\/\/schema.org\",\"@graph\":[{\"@type\":\"WebPage\",\"@id\":\"https:\/\/9staedte.de\/nl\/goettingen-stad-die-kennis-creeert\/dagprogrammas-in-goettingen\/\",\"url\":\"https:\/\/9staedte.de\/nl\/goettingen-stad-die-kennis-creeert\/dagprogrammas-in-goettingen\/\",\"name\":\"Dagprogramma's in G\u00f6ttingen - 9 St\u00e4dte in Niedersachsen\",\"isPartOf\":{\"@id\":\"https:\/\/9staedte.de\/nl\/#website\"},\"primaryImageOfPage\":{\"@id\":\"https:\/\/9staedte.de\/nl\/goettingen-stad-die-kennis-creeert\/dagprogrammas-in-goettingen\/#primaryimage\"},\"image\":{\"@id\":\"https:\/\/9staedte.de\/nl\/goettingen-stad-die-kennis-creeert\/dagprogrammas-in-goettingen\/#primaryimage\"},\"thumbnailUrl\":\"https:\/\/9staedte.de\/wp-content\/uploads\/2023\/02\/Goettingen_Johanniskirche-c-Goettingen-Tourismus-Lars-Gerhardts.jpg\",\"datePublished\":\"2023-09-28T14:57:13+00:00\",\"dateModified\":\"2023-10-25T09:29:42+00:00\",\"breadcrumb\":{\"@id\":\"https:\/\/9staedte.de\/nl\/goettingen-stad-die-kennis-creeert\/dagprogrammas-in-goettingen\/#breadcrumb\"},\"inLanguage\":\"nl-NL\",\"potentialAction\":[{\"@type\":\"ReadAction\",\"target\":[\"https:\/\/9staedte.de\/nl\/goettingen-stad-die-kennis-creeert\/dagprogrammas-in-goettingen\/\"]}]},{\"@type\":\"ImageObject\",\"inLanguage\":\"nl-NL\",\"@id\":\"https:\/\/9staedte.de\/nl\/goettingen-stad-die-kennis-creeert\/dagprogrammas-in-goettingen\/#primaryimage\",\"url\":\"https:\/\/9staedte.de\/wp-content\/uploads\/2023\/02\/Goettingen_Johanniskirche-c-Goettingen-Tourismus-Lars-Gerhardts.jpg\",\"contentUrl\":\"https:\/\/9staedte.de\/wp-content\/uploads\/2023\/02\/Goettingen_Johanniskirche-c-Goettingen-Tourismus-Lars-Gerhardts.jpg\",\"width\":1020,\"height\":559,\"caption\":\"Goettingen Johanniskirche c) G\u00f6ttingen Marketing GmbH Lars Gerhardts\"},{\"@type\":\"BreadcrumbList\",\"@id\":\"https:\/\/9staedte.de\/nl\/goettingen-stad-die-kennis-creeert\/dagprogrammas-in-goettingen\/#breadcrumb\",\"itemListElement\":[{\"@type\":\"ListItem\",\"position\":1,\"name\":\"Startseite\",\"item\":\"https:\/\/9staedte.de\/nl\/\"},{\"@type\":\"ListItem\",\"position\":2,\"name\":\"G\u00f6ttingen &#8211; Stad die kennis cre\u00ebert\",\"item\":\"https:\/\/9staedte.de\/nl\/goettingen-stad-die-kennis-creeert\/\"},{\"@type\":\"ListItem\",\"position\":3,\"name\":\"Dagprogramma&#8217;s in G\u00f6ttingen\"}]},{\"@type\":\"WebSite\",\"@id\":\"https:\/\/9staedte.de\/nl\/#website\",\"url\":\"https:\/\/9staedte.de\/nl\/\",\"name\":\"9 St\u00e4dte in Niedersachsen\",\"description\":\"\",\"publisher\":{\"@id\":\"https:\/\/9staedte.de\/nl\/#organization\"},\"potentialAction\":[{\"@type\":\"SearchAction\",\"target\":{\"@type\":\"EntryPoint\",\"urlTemplate\":\"https:\/\/9staedte.de\/nl\/?s={search_term_string}\"},\"query-input\":{\"@type\":\"PropertyValueSpecification\",\"valueRequired\":true,\"valueName\":\"search_term_string\"}}],\"inLanguage\":\"nl-NL\"},{\"@type\":\"Organization\",\"@id\":\"https:\/\/9staedte.de\/nl\/#organization\",\"name\":\"9 St\u00e4dte in Niedersachsen\",\"url\":\"https:\/\/9staedte.de\/nl\/\",\"logo\":{\"@type\":\"ImageObject\",\"inLanguage\":\"nl-NL\",\"@id\":\"https:\/\/9staedte.de\/nl\/#\/schema\/logo\/image\/\",\"url\":\"https:\/\/9staedte.de\/wp-content\/uploads\/2025\/01\/9-neg-deutsch-2-1.png\",\"contentUrl\":\"https:\/\/9staedte.de\/wp-content\/uploads\/2025\/01\/9-neg-deutsch-2-1.png\",\"width\":190,\"height\":114,\"caption\":\"9 St\u00e4dte in Niedersachsen\"},\"image\":{\"@id\":\"https:\/\/9staedte.de\/nl\/#\/schema\/logo\/image\/\"}}]}<\/script>\n<!-- \/ Yoast SEO plugin. -->","yoast_head_json":{"title":"Dagprogramma's in G\u00f6ttingen - 9 St\u00e4dte in Niedersachsen","robots":{"index":"index","follow":"follow","max-snippet":"max-snippet:-1","max-image-preview":"max-image-preview:large","max-video-preview":"max-video-preview:-1"},"canonical":"https:\/\/9staedte.de\/nl\/goettingen-stad-die-kennis-creeert\/dagprogrammas-in-goettingen\/","og_locale":"nl_NL","og_type":"article","og_title":"Dagprogramma's in G\u00f6ttingen - 9 St\u00e4dte in Niedersachsen","og_url":"https:\/\/9staedte.de\/nl\/goettingen-stad-die-kennis-creeert\/dagprogrammas-in-goettingen\/","og_site_name":"9 St\u00e4dte in Niedersachsen","article_modified_time":"2023-10-25T09:29:42+00:00","og_image":[{"width":1020,"height":559,"url":"https:\/\/9staedte.de\/wp-content\/uploads\/2023\/02\/Goettingen_Johanniskirche-c-Goettingen-Tourismus-Lars-Gerhardts.jpg","type":"image\/jpeg"}],"twitter_card":"summary_large_image","schema":{"@context":"https:\/\/schema.org","@graph":[{"@type":"WebPage","@id":"https:\/\/9staedte.de\/nl\/goettingen-stad-die-kennis-creeert\/dagprogrammas-in-goettingen\/","url":"https:\/\/9staedte.de\/nl\/goettingen-stad-die-kennis-creeert\/dagprogrammas-in-goettingen\/","name":"Dagprogramma's in G\u00f6ttingen - 9 St\u00e4dte in Niedersachsen","isPartOf":{"@id":"https:\/\/9staedte.de\/nl\/#website"},"primaryImageOfPage":{"@id":"https:\/\/9staedte.de\/nl\/goettingen-stad-die-kennis-creeert\/dagprogrammas-in-goettingen\/#primaryimage"},"image":{"@id":"https:\/\/9staedte.de\/nl\/goettingen-stad-die-kennis-creeert\/dagprogrammas-in-goettingen\/#primaryimage"},"thumbnailUrl":"https:\/\/9staedte.de\/wp-content\/uploads\/2023\/02\/Goettingen_Johanniskirche-c-Goettingen-Tourismus-Lars-Gerhardts.jpg","datePublished":"2023-09-28T14:57:13+00:00","dateModified":"2023-10-25T09:29:42+00:00","breadcrumb":{"@id":"https:\/\/9staedte.de\/nl\/goettingen-stad-die-kennis-creeert\/dagprogrammas-in-goettingen\/#breadcrumb"},"inLanguage":"nl-NL","potentialAction":[{"@type":"ReadAction","target":["https:\/\/9staedte.de\/nl\/goettingen-stad-die-kennis-creeert\/dagprogrammas-in-goettingen\/"]}]},{"@type":"ImageObject","inLanguage":"nl-NL","@id":"https:\/\/9staedte.de\/nl\/goettingen-stad-die-kennis-creeert\/dagprogrammas-in-goettingen\/#primaryimage","url":"https:\/\/9staedte.de\/wp-content\/uploads\/2023\/02\/Goettingen_Johanniskirche-c-Goettingen-Tourismus-Lars-Gerhardts.jpg","contentUrl":"https:\/\/9staedte.de\/wp-content\/uploads\/2023\/02\/Goettingen_Johanniskirche-c-Goettingen-Tourismus-Lars-Gerhardts.jpg","width":1020,"height":559,"caption":"Goettingen Johanniskirche c) G\u00f6ttingen Marketing GmbH Lars Gerhardts"},{"@type":"BreadcrumbList","@id":"https:\/\/9staedte.de\/nl\/goettingen-stad-die-kennis-creeert\/dagprogrammas-in-goettingen\/#breadcrumb","itemListElement":[{"@type":"ListItem","position":1,"name":"Startseite","item":"https:\/\/9staedte.de\/nl\/"},{"@type":"ListItem","position":2,"name":"G\u00f6ttingen &#8211; Stad die kennis cre\u00ebert","item":"https:\/\/9staedte.de\/nl\/goettingen-stad-die-kennis-creeert\/"},{"@type":"ListItem","position":3,"name":"Dagprogramma&#8217;s in G\u00f6ttingen"}]},{"@type":"WebSite","@id":"https:\/\/9staedte.de\/nl\/#website","url":"https:\/\/9staedte.de\/nl\/","name":"9 St\u00e4dte in Niedersachsen","description":"","publisher":{"@id":"https:\/\/9staedte.de\/nl\/#organization"},"potentialAction":[{"@type":"SearchAction","target":{"@type":"EntryPoint","urlTemplate":"https:\/\/9staedte.de\/nl\/?s={search_term_string}"},"query-input":{"@type":"PropertyValueSpecification","valueRequired":true,"valueName":"search_term_string"}}],"inLanguage":"nl-NL"},{"@type":"Organization","@id":"https:\/\/9staedte.de\/nl\/#organization","name":"9 St\u00e4dte in Niedersachsen","url":"https:\/\/9staedte.de\/nl\/","logo":{"@type":"ImageObject","inLanguage":"nl-NL","@id":"https:\/\/9staedte.de\/nl\/#\/schema\/logo\/image\/","url":"https:\/\/9staedte.de\/wp-content\/uploads\/2025\/01\/9-neg-deutsch-2-1.png","contentUrl":"https:\/\/9staedte.de\/wp-content\/uploads\/2025\/01\/9-neg-deutsch-2-1.png","width":190,"height":114,"caption":"9 St\u00e4dte in Niedersachsen"},"image":{"@id":"https:\/\/9staedte.de\/nl\/#\/schema\/logo\/image\/"}}]}},"_links":{"self":[{"href":"https:\/\/9staedte.de\/nl\/wp-json\/wp\/v2\/pages\/9551","targetHints":{"allow":["GET"]}}],"collection":[{"href":"https:\/\/9staedte.de\/nl\/wp-json\/wp\/v2\/pages"}],"about":[{"href":"https:\/\/9staedte.de\/nl\/wp-json\/wp\/v2\/types\/page"}],"author":[{"embeddable":true,"href":"https:\/\/9staedte.de\/nl\/wp-json\/wp\/v2\/users\/1"}],"replies":[{"embeddable":true,"href":"https:\/\/9staedte.de\/nl\/wp-json\/wp\/v2\/comments?post=9551"}],"version-history":[{"count":1,"href":"https:\/\/9staedte.de\/nl\/wp-json\/wp\/v2\/pages\/9551\/revisions"}],"predecessor-version":[{"id":9556,"href":"https:\/\/9staedte.de\/nl\/wp-json\/wp\/v2\/pages\/9551\/revisions\/9556"}],"up":[{"embeddable":true,"href":"https:\/\/9staedte.de\/nl\/wp-json\/wp\/v2\/pages\/9786"}],"wp:featuredmedia":[{"embeddable":true,"href":"https:\/\/9staedte.de\/nl\/wp-json\/wp\/v2\/media\/9554"}],"wp:attachment":[{"href":"https:\/\/9staedte.de\/nl\/wp-json\/wp\/v2\/media?parent=9551"}],"wp:term":[{"taxonomy":"category","embeddable":true,"href":"https:\/\/9staedte.de\/nl\/wp-json\/wp\/v2\/categories?post=9551"},{"taxonomy":"post_tag","embeddable":true,"href":"https:\/\/9staedte.de\/nl\/wp-json\/wp\/v2\/tags?post=9551"},{"taxonomy":"ncap_cities_tax","embeddable":true,"href":"https:\/\/9staedte.de\/nl\/wp-json\/wp\/v2\/ncap_cities_tax?post=9551"}],"curies":[{"name":"wp","href":"https:\/\/api.w.org\/{rel}","templated":true}]}}