{"id":9534,"date":"2023-09-28T16:57:14","date_gmt":"2023-09-28T14:57:14","guid":{"rendered":"https:\/\/9staedte.de\/goettingen-duurzaam-ontdekken\/"},"modified":"2025-05-15T16:58:05","modified_gmt":"2025-05-15T14:58:05","slug":"goettingen-duurzaam-ontdekken","status":"publish","type":"page","link":"https:\/\/9staedte.de\/nl\/goettingen-stad-die-kennis-creeert\/goettingen-duurzaam-ontdekken\/","title":{"rendered":"G\u00f6ttingen &#8211; duurzaam ontdekken"},"content":{"rendered":"\n<h2 class=\"wp-block-heading\">Natuurbeleving en duurzaamheid in G\u00f6ttingen<\/h2>\n\n\n\n<p>Als moderne wetenschapslocatie houdt G\u00f6ttingen altijd de vinger aan de pols. Drie universiteiten, vijf Max Planck Instituten en tal van andere onderzoeksinstellingen zijn voortdurend bezig om ons leven leefbaarder te maken. En hier speelt duurzaamheid natuurlijk een steeds grotere rol. Maar ook buiten deze instellingen heeft de regio G\u00f6ttingen de afgelopen jaren goede vooruitgang geboekt. Projecten zoals de Klimaatbeschermingsdagen met talrijke activiteiten rond het thema duurzaamheid maken al jaren deel uit van de vaste agenda van G\u00f6ttingenaren en hun bezoekers. Klimaatvriendelijk winkelen is in veel winkels vanzelfsprekend en wordt door de stad gepromoot met de G\u00f6ttingen Climate Card.<\/p>\n\n\n\n\n<div class=\"banner-wrapper\">\n  <div class=\"banner-inner \">\n      <div class=\"img-container\">\n      <div class=\"img-wrapper\">\n        <img decoding=\"async\" src=\"https:\/\/9staedte.de\/wp-content\/smush-webp\/2023\/02\/Fair-Trade-shopping-in-Goettingen-c-Goettingen-Tourismus-und-Marketing.jpg.webp\" alt=\"Op de foto zie je een oud vakwerkhuis met een rode gevel. Beneden is een Fair Trade-winkel. Bij de ingang hangt een gekleurde mand. In de etalage staan veel producten.\" \/>\n                  <div class=\"thumbnail-label\">\n            <span>Fair Trade shopping in G\u00f6ttingen c) G\u00f6ttingen Marketing GmbH<\/span>\n          <\/div>\n              <\/div>\n    <\/div>\n        <div class=\"text-container\">\n      <div class=\"content\">\n        <h2>Beleef G\u00f6ttingen duurzaam: 9 tips<\/h2>\n<p>&#8211; Begin de dag met een veganistisch ontbijt in het P-Caf\u00e9<\/p>\n<p>&#8211; Winkelen bij Contigo &#8211; FairTrade en duurzaam &#8211; een idee uit G\u00f6ttingen<\/p>\n<p>&#8211; Met het Recup-systeem voor een goede coffee-to-go<\/p>\n<p>&#8211; Huur een e-bike in de fietsstad van G\u00f6ttingen<\/p>\n<p>&#8211; Test de snelle fietsroute van het station naar de noordelijke stadsrand<\/p>\n<p>&#8211; Klimaatvriendelijk winkelen in veel winkels met de G\u00f6ttinger klimaatkaart<\/p>\n<p>&#8211; Geniet van een heerlijk diner in de Chay Vegan Kitchen<\/p>\n<p>&#8211; Geniet van de wekelijkse markt met zuidelijke flair en regionale producten<\/p>\n<p>&#8211; Een bezoek aan het natuurzwembad in Grone<\/p>\n      <\/div>\n    <\/div>\n    <\/div>\n<\/div>\n\n\n\n\n<h2 class=\"wp-block-heading\">Beleef G\u00f6ttingen &#8211; stadstour per fiets<\/h2>\n\n\n\n<p>Na een rondje om het stadscentrum volgt de route de fietsroute door groene ruimten en Wilhelminakwartieren naar talrijke persoonlijkheden uit G\u00f6ttingen, met een korte stop bij elke persoonlijkheid. Er zijn nauwelijks beklimmingen op de aangeboden route en daarom is de tocht geschikt voor alle ge\u00efnteresseerden.<\/p>\n\n\n\n<p>Duur: 2 uur, Prijs: 105,- \u20ac, max. 10 deelnemers per groep<\/p>\n","protected":false},"excerpt":{"rendered":"<p>Natuurbeleving en duurzaamheid in G\u00f6ttingen Als moderne wetenschapslocatie houdt G\u00f6ttingen altijd de vinger aan de pols. Drie universiteiten, vijf Max Planck Instituten en tal van andere onderzoeksinstellingen zijn voortdurend bezig om ons leven leefbaarder te maken. En hier speelt duurzaamheid natuurlijk een steeds grotere rol. Maar ook buiten deze instellingen heeft de regio G\u00f6ttingen de [&hellip;]<\/p>\n","protected":false},"author":1,"featured_media":9546,"parent":9786,"menu_order":0,"comment_status":"closed","ping_status":"closed","template":"pagetemplates\/template-stadtthema.php","meta":{"_acf_changed":false,"footnotes":""},"categories":[],"tags":[],"ncap_cities_tax":[433,951],"class_list":["post-9534","page","type-page","status-publish","has-post-thumbnail","hentry","ncap_cities_tax-goettingen-nl","ncap_cities_tax-naturerlebnisse-und-nachhaltigkeit-goettingen-nl"],"acf":[],"yoast_head":"<!-- This site is optimized with the Yoast SEO plugin v27.4 - https:\/\/yoast.com\/product\/yoast-seo-wordpress\/ -->\n<title>G\u00f6ttingen - duurzaam ontdekken - 9 St\u00e4dte in Niedersachsen<\/title>\n<meta name=\"robots\" content=\"index, follow, max-snippet:-1, max-image-preview:large, max-video-preview:-1\" \/>\n<link rel=\"canonical\" href=\"https:\/\/9staedte.de\/nl\/goettingen-stad-die-kennis-creeert\/goettingen-duurzaam-ontdekken\/\" \/>\n<meta property=\"og:locale\" content=\"nl_NL\" \/>\n<meta property=\"og:type\" content=\"article\" \/>\n<meta property=\"og:title\" content=\"G\u00f6ttingen - duurzaam ontdekken - 9 St\u00e4dte in Niedersachsen\" \/>\n<meta property=\"og:description\" content=\"Natuurbeleving en duurzaamheid in G\u00f6ttingen Als moderne wetenschapslocatie houdt G\u00f6ttingen altijd de vinger aan de pols. Drie universiteiten, vijf Max Planck Instituten en tal van andere onderzoeksinstellingen zijn voortdurend bezig om ons leven leefbaarder te maken. En hier speelt duurzaamheid natuurlijk een steeds grotere rol. Maar ook buiten deze instellingen heeft de regio G\u00f6ttingen de [&hellip;]\" \/>\n<meta property=\"og:url\" content=\"https:\/\/9staedte.de\/nl\/goettingen-stad-die-kennis-creeert\/goettingen-duurzaam-ontdekken\/\" \/>\n<meta property=\"og:site_name\" content=\"9 St\u00e4dte in Niedersachsen\" \/>\n<meta property=\"article:modified_time\" content=\"2025-05-15T14:58:05+00:00\" \/>\n<meta property=\"og:image\" content=\"https:\/\/9staedte.de\/wp-content\/uploads\/2023\/02\/Goettingen_Alter_Bot._GartencChristoph_Mischke.jpg\" \/>\n\t<meta property=\"og:image:width\" content=\"1020\" \/>\n\t<meta property=\"og:image:height\" content=\"558\" \/>\n\t<meta property=\"og:image:type\" content=\"image\/jpeg\" \/>\n<meta name=\"twitter:card\" content=\"summary_large_image\" \/>\n<meta name=\"twitter:label1\" content=\"Geschatte leestijd\" \/>\n\t<meta name=\"twitter:data1\" content=\"2 minuten\" \/>\n<script type=\"application\/ld+json\" class=\"yoast-schema-graph\">{\"@context\":\"https:\\\/\\\/schema.org\",\"@graph\":[{\"@type\":\"WebPage\",\"@id\":\"https:\\\/\\\/9staedte.de\\\/nl\\\/goettingen-stad-die-kennis-creeert\\\/goettingen-duurzaam-ontdekken\\\/\",\"url\":\"https:\\\/\\\/9staedte.de\\\/nl\\\/goettingen-stad-die-kennis-creeert\\\/goettingen-duurzaam-ontdekken\\\/\",\"name\":\"G\u00f6ttingen - duurzaam ontdekken - 9 St\u00e4dte in Niedersachsen\",\"isPartOf\":{\"@id\":\"https:\\\/\\\/9staedte.de\\\/nl\\\/#website\"},\"primaryImageOfPage\":{\"@id\":\"https:\\\/\\\/9staedte.de\\\/nl\\\/goettingen-stad-die-kennis-creeert\\\/goettingen-duurzaam-ontdekken\\\/#primaryimage\"},\"image\":{\"@id\":\"https:\\\/\\\/9staedte.de\\\/nl\\\/goettingen-stad-die-kennis-creeert\\\/goettingen-duurzaam-ontdekken\\\/#primaryimage\"},\"thumbnailUrl\":\"https:\\\/\\\/9staedte.de\\\/wp-content\\\/uploads\\\/2023\\\/02\\\/Goettingen_Alter_Bot._GartencChristoph_Mischke.jpg\",\"datePublished\":\"2023-09-28T14:57:14+00:00\",\"dateModified\":\"2025-05-15T14:58:05+00:00\",\"breadcrumb\":{\"@id\":\"https:\\\/\\\/9staedte.de\\\/nl\\\/goettingen-stad-die-kennis-creeert\\\/goettingen-duurzaam-ontdekken\\\/#breadcrumb\"},\"inLanguage\":\"nl-NL\",\"potentialAction\":[{\"@type\":\"ReadAction\",\"target\":[\"https:\\\/\\\/9staedte.de\\\/nl\\\/goettingen-stad-die-kennis-creeert\\\/goettingen-duurzaam-ontdekken\\\/\"]}]},{\"@type\":\"ImageObject\",\"inLanguage\":\"nl-NL\",\"@id\":\"https:\\\/\\\/9staedte.de\\\/nl\\\/goettingen-stad-die-kennis-creeert\\\/goettingen-duurzaam-ontdekken\\\/#primaryimage\",\"url\":\"https:\\\/\\\/9staedte.de\\\/wp-content\\\/uploads\\\/2023\\\/02\\\/Goettingen_Alter_Bot._GartencChristoph_Mischke.jpg\",\"contentUrl\":\"https:\\\/\\\/9staedte.de\\\/wp-content\\\/uploads\\\/2023\\\/02\\\/Goettingen_Alter_Bot._GartencChristoph_Mischke.jpg\",\"width\":1020,\"height\":558,\"caption\":\"G\u00f6ttingen_Alter_Bot._Garten(c)Christoph_Mischke\"},{\"@type\":\"BreadcrumbList\",\"@id\":\"https:\\\/\\\/9staedte.de\\\/nl\\\/goettingen-stad-die-kennis-creeert\\\/goettingen-duurzaam-ontdekken\\\/#breadcrumb\",\"itemListElement\":[{\"@type\":\"ListItem\",\"position\":1,\"name\":\"Startseite\",\"item\":\"https:\\\/\\\/9staedte.de\\\/nl\\\/\"},{\"@type\":\"ListItem\",\"position\":2,\"name\":\"G\u00f6ttingen &#8211; Stad die kennis cre\u00ebert\",\"item\":\"https:\\\/\\\/9staedte.de\\\/nl\\\/goettingen-stad-die-kennis-creeert\\\/\"},{\"@type\":\"ListItem\",\"position\":3,\"name\":\"G\u00f6ttingen &#8211; duurzaam ontdekken\"}]},{\"@type\":\"WebSite\",\"@id\":\"https:\\\/\\\/9staedte.de\\\/nl\\\/#website\",\"url\":\"https:\\\/\\\/9staedte.de\\\/nl\\\/\",\"name\":\"9 St\u00e4dte in Niedersachsen\",\"description\":\"\",\"publisher\":{\"@id\":\"https:\\\/\\\/9staedte.de\\\/nl\\\/#organization\"},\"potentialAction\":[{\"@type\":\"SearchAction\",\"target\":{\"@type\":\"EntryPoint\",\"urlTemplate\":\"https:\\\/\\\/9staedte.de\\\/nl\\\/?s={search_term_string}\"},\"query-input\":{\"@type\":\"PropertyValueSpecification\",\"valueRequired\":true,\"valueName\":\"search_term_string\"}}],\"inLanguage\":\"nl-NL\"},{\"@type\":\"Organization\",\"@id\":\"https:\\\/\\\/9staedte.de\\\/nl\\\/#organization\",\"name\":\"9 St\u00e4dte in Niedersachsen\",\"url\":\"https:\\\/\\\/9staedte.de\\\/nl\\\/\",\"logo\":{\"@type\":\"ImageObject\",\"inLanguage\":\"nl-NL\",\"@id\":\"https:\\\/\\\/9staedte.de\\\/nl\\\/#\\\/schema\\\/logo\\\/image\\\/\",\"url\":\"https:\\\/\\\/9staedte.de\\\/wp-content\\\/uploads\\\/2025\\\/01\\\/9-neg-deutsch-2-1.png\",\"contentUrl\":\"https:\\\/\\\/9staedte.de\\\/wp-content\\\/uploads\\\/2025\\\/01\\\/9-neg-deutsch-2-1.png\",\"width\":190,\"height\":114,\"caption\":\"9 St\u00e4dte in Niedersachsen\"},\"image\":{\"@id\":\"https:\\\/\\\/9staedte.de\\\/nl\\\/#\\\/schema\\\/logo\\\/image\\\/\"}}]}<\/script>\n<!-- \/ Yoast SEO plugin. -->","yoast_head_json":{"title":"G\u00f6ttingen - duurzaam ontdekken - 9 St\u00e4dte in Niedersachsen","robots":{"index":"index","follow":"follow","max-snippet":"max-snippet:-1","max-image-preview":"max-image-preview:large","max-video-preview":"max-video-preview:-1"},"canonical":"https:\/\/9staedte.de\/nl\/goettingen-stad-die-kennis-creeert\/goettingen-duurzaam-ontdekken\/","og_locale":"nl_NL","og_type":"article","og_title":"G\u00f6ttingen - duurzaam ontdekken - 9 St\u00e4dte in Niedersachsen","og_description":"Natuurbeleving en duurzaamheid in G\u00f6ttingen Als moderne wetenschapslocatie houdt G\u00f6ttingen altijd de vinger aan de pols. Drie universiteiten, vijf Max Planck Instituten en tal van andere onderzoeksinstellingen zijn voortdurend bezig om ons leven leefbaarder te maken. En hier speelt duurzaamheid natuurlijk een steeds grotere rol. Maar ook buiten deze instellingen heeft de regio G\u00f6ttingen de [&hellip;]","og_url":"https:\/\/9staedte.de\/nl\/goettingen-stad-die-kennis-creeert\/goettingen-duurzaam-ontdekken\/","og_site_name":"9 St\u00e4dte in Niedersachsen","article_modified_time":"2025-05-15T14:58:05+00:00","og_image":[{"width":1020,"height":558,"url":"https:\/\/9staedte.de\/wp-content\/uploads\/2023\/02\/Goettingen_Alter_Bot._GartencChristoph_Mischke.jpg","type":"image\/jpeg"}],"twitter_card":"summary_large_image","twitter_misc":{"Geschatte leestijd":"2 minuten"},"schema":{"@context":"https:\/\/schema.org","@graph":[{"@type":"WebPage","@id":"https:\/\/9staedte.de\/nl\/goettingen-stad-die-kennis-creeert\/goettingen-duurzaam-ontdekken\/","url":"https:\/\/9staedte.de\/nl\/goettingen-stad-die-kennis-creeert\/goettingen-duurzaam-ontdekken\/","name":"G\u00f6ttingen - duurzaam ontdekken - 9 St\u00e4dte in Niedersachsen","isPartOf":{"@id":"https:\/\/9staedte.de\/nl\/#website"},"primaryImageOfPage":{"@id":"https:\/\/9staedte.de\/nl\/goettingen-stad-die-kennis-creeert\/goettingen-duurzaam-ontdekken\/#primaryimage"},"image":{"@id":"https:\/\/9staedte.de\/nl\/goettingen-stad-die-kennis-creeert\/goettingen-duurzaam-ontdekken\/#primaryimage"},"thumbnailUrl":"https:\/\/9staedte.de\/wp-content\/uploads\/2023\/02\/Goettingen_Alter_Bot._GartencChristoph_Mischke.jpg","datePublished":"2023-09-28T14:57:14+00:00","dateModified":"2025-05-15T14:58:05+00:00","breadcrumb":{"@id":"https:\/\/9staedte.de\/nl\/goettingen-stad-die-kennis-creeert\/goettingen-duurzaam-ontdekken\/#breadcrumb"},"inLanguage":"nl-NL","potentialAction":[{"@type":"ReadAction","target":["https:\/\/9staedte.de\/nl\/goettingen-stad-die-kennis-creeert\/goettingen-duurzaam-ontdekken\/"]}]},{"@type":"ImageObject","inLanguage":"nl-NL","@id":"https:\/\/9staedte.de\/nl\/goettingen-stad-die-kennis-creeert\/goettingen-duurzaam-ontdekken\/#primaryimage","url":"https:\/\/9staedte.de\/wp-content\/uploads\/2023\/02\/Goettingen_Alter_Bot._GartencChristoph_Mischke.jpg","contentUrl":"https:\/\/9staedte.de\/wp-content\/uploads\/2023\/02\/Goettingen_Alter_Bot._GartencChristoph_Mischke.jpg","width":1020,"height":558,"caption":"G\u00f6ttingen_Alter_Bot._Garten(c)Christoph_Mischke"},{"@type":"BreadcrumbList","@id":"https:\/\/9staedte.de\/nl\/goettingen-stad-die-kennis-creeert\/goettingen-duurzaam-ontdekken\/#breadcrumb","itemListElement":[{"@type":"ListItem","position":1,"name":"Startseite","item":"https:\/\/9staedte.de\/nl\/"},{"@type":"ListItem","position":2,"name":"G\u00f6ttingen &#8211; Stad die kennis cre\u00ebert","item":"https:\/\/9staedte.de\/nl\/goettingen-stad-die-kennis-creeert\/"},{"@type":"ListItem","position":3,"name":"G\u00f6ttingen &#8211; duurzaam ontdekken"}]},{"@type":"WebSite","@id":"https:\/\/9staedte.de\/nl\/#website","url":"https:\/\/9staedte.de\/nl\/","name":"9 St\u00e4dte in Niedersachsen","description":"","publisher":{"@id":"https:\/\/9staedte.de\/nl\/#organization"},"potentialAction":[{"@type":"SearchAction","target":{"@type":"EntryPoint","urlTemplate":"https:\/\/9staedte.de\/nl\/?s={search_term_string}"},"query-input":{"@type":"PropertyValueSpecification","valueRequired":true,"valueName":"search_term_string"}}],"inLanguage":"nl-NL"},{"@type":"Organization","@id":"https:\/\/9staedte.de\/nl\/#organization","name":"9 St\u00e4dte in Niedersachsen","url":"https:\/\/9staedte.de\/nl\/","logo":{"@type":"ImageObject","inLanguage":"nl-NL","@id":"https:\/\/9staedte.de\/nl\/#\/schema\/logo\/image\/","url":"https:\/\/9staedte.de\/wp-content\/uploads\/2025\/01\/9-neg-deutsch-2-1.png","contentUrl":"https:\/\/9staedte.de\/wp-content\/uploads\/2025\/01\/9-neg-deutsch-2-1.png","width":190,"height":114,"caption":"9 St\u00e4dte in Niedersachsen"},"image":{"@id":"https:\/\/9staedte.de\/nl\/#\/schema\/logo\/image\/"}}]}},"_links":{"self":[{"href":"https:\/\/9staedte.de\/nl\/wp-json\/wp\/v2\/pages\/9534","targetHints":{"allow":["GET"]}}],"collection":[{"href":"https:\/\/9staedte.de\/nl\/wp-json\/wp\/v2\/pages"}],"about":[{"href":"https:\/\/9staedte.de\/nl\/wp-json\/wp\/v2\/types\/page"}],"author":[{"embeddable":true,"href":"https:\/\/9staedte.de\/nl\/wp-json\/wp\/v2\/users\/1"}],"replies":[{"embeddable":true,"href":"https:\/\/9staedte.de\/nl\/wp-json\/wp\/v2\/comments?post=9534"}],"version-history":[{"count":7,"href":"https:\/\/9staedte.de\/nl\/wp-json\/wp\/v2\/pages\/9534\/revisions"}],"predecessor-version":[{"id":25872,"href":"https:\/\/9staedte.de\/nl\/wp-json\/wp\/v2\/pages\/9534\/revisions\/25872"}],"up":[{"embeddable":true,"href":"https:\/\/9staedte.de\/nl\/wp-json\/wp\/v2\/pages\/9786"}],"wp:featuredmedia":[{"embeddable":true,"href":"https:\/\/9staedte.de\/nl\/wp-json\/wp\/v2\/media\/9546"}],"wp:attachment":[{"href":"https:\/\/9staedte.de\/nl\/wp-json\/wp\/v2\/media?parent=9534"}],"wp:term":[{"taxonomy":"category","embeddable":true,"href":"https:\/\/9staedte.de\/nl\/wp-json\/wp\/v2\/categories?post=9534"},{"taxonomy":"post_tag","embeddable":true,"href":"https:\/\/9staedte.de\/nl\/wp-json\/wp\/v2\/tags?post=9534"},{"taxonomy":"ncap_cities_tax","embeddable":true,"href":"https:\/\/9staedte.de\/nl\/wp-json\/wp\/v2\/ncap_cities_tax?post=9534"}],"curies":[{"name":"wp","href":"https:\/\/api.w.org\/{rel}","templated":true}]}}