{"id":9533,"date":"2023-09-28T15:31:04","date_gmt":"2023-09-28T13:31:04","guid":{"rendered":"https:\/\/9staedte.de\/conferenties-en-congressen-in-celle\/"},"modified":"2025-05-08T15:33:55","modified_gmt":"2025-05-08T13:33:55","slug":"conferenties-en-congressen-in-celle","status":"publish","type":"page","link":"https:\/\/9staedte.de\/nl\/celle-mooie-residentiele-stad\/conferenties-en-congressen-in-celle\/","title":{"rendered":"Conferenties en congressen in Celle"},"content":{"rendered":"\n<h2 class=\"wp-block-heading\">Uw volgende vergaderingen en congressen in Celle<\/h2>\n\n\n\n<p>We nodigen u van harte uit om uw volgende conferenties en congressen te beleven in Celle, het centrum voor uw evenement. Celle met zijn unieke vakwerkstad en zijn kasteel, de regio met zijn indrukwekkende landschap van heide, weiden, bossen en rivieren.<\/p>\n\n\n\n<p>De Congress Union is een modern en veelzijdig conferentiecentrum dat plaats biedt aan maximaal 3000 mensen. De ideale locatie voor internationale congressen, bedrijfsbijeenkomsten, statige banketten of indrukwekkende bals. Maar veel hotels hebben ook conferentie- en vergaderzalen van verschillende groottes, zodat voor elke zakelijke bijeenkomst de juiste capaciteit beschikbaar is.<\/p>\n\n\n\n<p>We helpen ook graag met de planning van het individuele evenementenprogramma en de accommodatie en catering voor de gasten en de vrijetijdsactiviteiten. Of je nu aan het werk bent of in je vrije tijd, we willen dat&nbsp; je evenement tot een succes maakt en dat je gasten zich gewoon thuis voelen in Celle.<\/p>\n\n\n\n\n<div class=\"banner-wrapper\">\n  <div class=\"banner-inner \">\n      <div class=\"img-container\">\n      <div class=\"img-wrapper\">\n        <img decoding=\"async\" src=\"https:\/\/9staedte.de\/wp-content\/smush-webp\/2023\/02\/Ralves-Hof-Celle-c-Ralves-Hof.jpg.webp\" alt=\"Veel mensen zitten buiten op witte stoelen. Ze kijken naar een oude boerderij met een rood dak. Het is zomer en de zon schijnt. Er is een feest, misschien een bruiloft.\" \/>\n                  <div class=\"thumbnail-label\">\n            <span>Ralves Hof Celle c) Ralves Hof<\/span>\n          <\/div>\n              <\/div>\n    <\/div>\n        <div class=\"text-container\">\n      <div class=\"content\">\n        <h3>Unsere 9 Tipps f\u00fcr Tagungen und Kongresse in Celle<\/h3>\n<p>Congress Union Celle I Thaerplatz 1 I 29221 Celle<br \/>\nDas gr\u00f6\u00dfte Tagungs- und Congresshaus in Celle mit 11 Tagungsr\u00e4umen von 18 \u2013 3000 Personen. Unmittelbar  am Rande der Altstadt gelegen  mit guten Parkm\u00f6glichkeiten und zentral zu allen Hotels.<\/p>\n<p>Ralves Hof<br \/>\nTagen und feiern im historischen Bauernhaus aus dem Jahre 1589. Den besonderen Charme des romantischen Hofes macht seine idyllische l\u00e4ndliche Lage nur 2 km entfernt von der Celler Altstadt aus.<\/p>\n<p>Der Rittersaal im Celler Schloss<br \/>\nEdler und hochherrschaftlicher geht es kaum. Der Rittersaal im Celler Schloss in sowohl f\u00fcr eine Tagung wie auch f\u00fcr eine begleitende Veranstaltung wie einen Ball bis 300 Personen ein stilvolle R\u00e4umlichkeit.<\/p>\n<p>Stadtpalais Celle<br \/>\n1 Tagungsraum f\u00fcr 2-120 Personen. Stilvoll tagen und feiern im Ambiente eines ehemaligen Offizierskasinos mit angeschlossenem Biergarten.<\/p>\n<p>Hotel F\u00fcrstenhof*****<br \/>\n72 Zimmer und Suiten, 7 Tagungsr\u00e4umen f\u00fcr 2-200 Personen. Das  Hotel der Luxus Klasse im Ambiente eines ehemaligen Barockpalais liegt zentrumsnah am Altstadtrand.<\/p>\n<p>Ringhotel Celler Tor****s<br \/>\n73 Zimmer unterschiedlicher Kategorie, 14 behinderten freundliche Zimmer, 1 behinderten gerechtes Zimmer, 15 Tagungsr\u00e4umen f\u00fcr 4-350 Personen. Das familiengef\u00fchrte First Class superior Hotel liegt im n\u00f6rdlichen Stadtteil Gro\u00df Hehlen und verf\u00fcgt auch \u00fcber behinderten- und rollstuhlgerechte Zimmer.<\/p>\n<p>Hotel Caroline Mathilde****<br \/>\n53 Zimmer, 3 Tagungsr\u00e4ume f\u00fcr 2-30 Personen. Idyllisch am Celler Weinberg gelegen, befindet sich das Hotel nur wenige Gehminuten entfernt zur Altstadt.<\/p>\n<p>InterCity Hotel***<br \/>\n121 Zimmer, 4 Tagungsr\u00e4ume f\u00fcr 2 bis 55 Personen. Mit Blick auf die Fachwerkkulisse der Celler Altstadt liegt das Komforthotel nur ein paar Minuten Fu\u00dfweg entfernt von allen Sehensw\u00fcrdigkeiten.<\/p>\n<p>Tryp Hotel Celle***<br \/>\n126 Zimmer, 3 Tagungsr\u00e4ume von 2-100 Personen. Ruhig gelegen nur ca. 2 km entfernt von der Celler Altstadt.<\/p>\n      <\/div>\n    <\/div>\n    <\/div>\n<\/div>\n\n\n\n\n<p><\/p>\n","protected":false},"excerpt":{"rendered":"<p>Uw volgende vergaderingen en congressen in Celle We nodigen u van harte uit om uw volgende conferenties en congressen te beleven in Celle, het centrum voor uw evenement. Celle met zijn unieke vakwerkstad en zijn kasteel, de regio met zijn indrukwekkende landschap van heide, weiden, bossen en rivieren. De Congress Union is een modern en [&hellip;]<\/p>\n","protected":false},"author":1,"featured_media":9535,"parent":9733,"menu_order":0,"comment_status":"closed","ping_status":"closed","template":"pagetemplates\/template-stadtthema.php","meta":{"_acf_changed":false,"footnotes":""},"categories":[],"tags":[],"ncap_cities_tax":[426,1133],"class_list":["post-9533","page","type-page","status-publish","has-post-thumbnail","hentry","ncap_cities_tax-celle-nl","ncap_cities_tax-tagungen-und-kongresse-celle-nl"],"acf":[],"yoast_head":"<!-- This site is optimized with the Yoast SEO plugin v26.8 - https:\/\/yoast.com\/product\/yoast-seo-wordpress\/ -->\n<title>Conferenties en congressen in Celle - 9 St\u00e4dte in Niedersachsen<\/title>\n<meta name=\"robots\" content=\"index, follow, max-snippet:-1, max-image-preview:large, max-video-preview:-1\" \/>\n<link rel=\"canonical\" href=\"https:\/\/9staedte.de\/nl\/celle-mooie-residentiele-stad\/conferenties-en-congressen-in-celle\/\" \/>\n<meta property=\"og:locale\" content=\"nl_NL\" \/>\n<meta property=\"og:type\" content=\"article\" \/>\n<meta property=\"og:title\" content=\"Conferenties en congressen in Celle - 9 St\u00e4dte in Niedersachsen\" \/>\n<meta property=\"og:description\" content=\"Uw volgende vergaderingen en congressen in Celle We nodigen u van harte uit om uw volgende conferenties en congressen te beleven in Celle, het centrum voor uw evenement. Celle met zijn unieke vakwerkstad en zijn kasteel, de regio met zijn indrukwekkende landschap van heide, weiden, bossen en rivieren. De Congress Union is een modern en [&hellip;]\" \/>\n<meta property=\"og:url\" content=\"https:\/\/9staedte.de\/nl\/celle-mooie-residentiele-stad\/conferenties-en-congressen-in-celle\/\" \/>\n<meta property=\"og:site_name\" content=\"9 St\u00e4dte in Niedersachsen\" \/>\n<meta property=\"article:modified_time\" content=\"2025-05-08T13:33:55+00:00\" \/>\n<meta property=\"og:image\" content=\"https:\/\/9staedte.de\/wp-content\/uploads\/2023\/02\/Congress-Union-Celle-c-Congress-Union.jpg\" \/>\n\t<meta property=\"og:image:width\" content=\"1020\" \/>\n\t<meta property=\"og:image:height\" content=\"561\" \/>\n\t<meta property=\"og:image:type\" content=\"image\/jpeg\" \/>\n<meta name=\"twitter:card\" content=\"summary_large_image\" \/>\n<meta name=\"twitter:label1\" content=\"Geschatte leestijd\" \/>\n\t<meta name=\"twitter:data1\" content=\"2 minuten\" \/>\n<script type=\"application\/ld+json\" class=\"yoast-schema-graph\">{\"@context\":\"https:\/\/schema.org\",\"@graph\":[{\"@type\":\"WebPage\",\"@id\":\"https:\/\/9staedte.de\/nl\/celle-mooie-residentiele-stad\/conferenties-en-congressen-in-celle\/\",\"url\":\"https:\/\/9staedte.de\/nl\/celle-mooie-residentiele-stad\/conferenties-en-congressen-in-celle\/\",\"name\":\"Conferenties en congressen in Celle - 9 St\u00e4dte in Niedersachsen\",\"isPartOf\":{\"@id\":\"https:\/\/9staedte.de\/nl\/#website\"},\"primaryImageOfPage\":{\"@id\":\"https:\/\/9staedte.de\/nl\/celle-mooie-residentiele-stad\/conferenties-en-congressen-in-celle\/#primaryimage\"},\"image\":{\"@id\":\"https:\/\/9staedte.de\/nl\/celle-mooie-residentiele-stad\/conferenties-en-congressen-in-celle\/#primaryimage\"},\"thumbnailUrl\":\"https:\/\/9staedte.de\/wp-content\/uploads\/2023\/02\/Congress-Union-Celle-c-Congress-Union.jpg\",\"datePublished\":\"2023-09-28T13:31:04+00:00\",\"dateModified\":\"2025-05-08T13:33:55+00:00\",\"breadcrumb\":{\"@id\":\"https:\/\/9staedte.de\/nl\/celle-mooie-residentiele-stad\/conferenties-en-congressen-in-celle\/#breadcrumb\"},\"inLanguage\":\"nl-NL\",\"potentialAction\":[{\"@type\":\"ReadAction\",\"target\":[\"https:\/\/9staedte.de\/nl\/celle-mooie-residentiele-stad\/conferenties-en-congressen-in-celle\/\"]}]},{\"@type\":\"ImageObject\",\"inLanguage\":\"nl-NL\",\"@id\":\"https:\/\/9staedte.de\/nl\/celle-mooie-residentiele-stad\/conferenties-en-congressen-in-celle\/#primaryimage\",\"url\":\"https:\/\/9staedte.de\/wp-content\/uploads\/2023\/02\/Congress-Union-Celle-c-Congress-Union.jpg\",\"contentUrl\":\"https:\/\/9staedte.de\/wp-content\/uploads\/2023\/02\/Congress-Union-Celle-c-Congress-Union.jpg\",\"width\":1020,\"height\":561,\"caption\":\"Congress Union Celle c) Congress Union\"},{\"@type\":\"BreadcrumbList\",\"@id\":\"https:\/\/9staedte.de\/nl\/celle-mooie-residentiele-stad\/conferenties-en-congressen-in-celle\/#breadcrumb\",\"itemListElement\":[{\"@type\":\"ListItem\",\"position\":1,\"name\":\"Startseite\",\"item\":\"https:\/\/9staedte.de\/nl\/\"},{\"@type\":\"ListItem\",\"position\":2,\"name\":\"Celle &#8211; Mooie residenti\u00eble stad\",\"item\":\"https:\/\/9staedte.de\/nl\/celle-mooie-residentiele-stad\/\"},{\"@type\":\"ListItem\",\"position\":3,\"name\":\"Conferenties en congressen in Celle\"}]},{\"@type\":\"WebSite\",\"@id\":\"https:\/\/9staedte.de\/nl\/#website\",\"url\":\"https:\/\/9staedte.de\/nl\/\",\"name\":\"9 St\u00e4dte in Niedersachsen\",\"description\":\"\",\"publisher\":{\"@id\":\"https:\/\/9staedte.de\/nl\/#organization\"},\"potentialAction\":[{\"@type\":\"SearchAction\",\"target\":{\"@type\":\"EntryPoint\",\"urlTemplate\":\"https:\/\/9staedte.de\/nl\/?s={search_term_string}\"},\"query-input\":{\"@type\":\"PropertyValueSpecification\",\"valueRequired\":true,\"valueName\":\"search_term_string\"}}],\"inLanguage\":\"nl-NL\"},{\"@type\":\"Organization\",\"@id\":\"https:\/\/9staedte.de\/nl\/#organization\",\"name\":\"9 St\u00e4dte in Niedersachsen\",\"url\":\"https:\/\/9staedte.de\/nl\/\",\"logo\":{\"@type\":\"ImageObject\",\"inLanguage\":\"nl-NL\",\"@id\":\"https:\/\/9staedte.de\/nl\/#\/schema\/logo\/image\/\",\"url\":\"https:\/\/9staedte.de\/wp-content\/uploads\/2025\/01\/9-neg-deutsch-2-1.png\",\"contentUrl\":\"https:\/\/9staedte.de\/wp-content\/uploads\/2025\/01\/9-neg-deutsch-2-1.png\",\"width\":190,\"height\":114,\"caption\":\"9 St\u00e4dte in Niedersachsen\"},\"image\":{\"@id\":\"https:\/\/9staedte.de\/nl\/#\/schema\/logo\/image\/\"}}]}<\/script>\n<!-- \/ Yoast SEO plugin. -->","yoast_head_json":{"title":"Conferenties en congressen in Celle - 9 St\u00e4dte in Niedersachsen","robots":{"index":"index","follow":"follow","max-snippet":"max-snippet:-1","max-image-preview":"max-image-preview:large","max-video-preview":"max-video-preview:-1"},"canonical":"https:\/\/9staedte.de\/nl\/celle-mooie-residentiele-stad\/conferenties-en-congressen-in-celle\/","og_locale":"nl_NL","og_type":"article","og_title":"Conferenties en congressen in Celle - 9 St\u00e4dte in Niedersachsen","og_description":"Uw volgende vergaderingen en congressen in Celle We nodigen u van harte uit om uw volgende conferenties en congressen te beleven in Celle, het centrum voor uw evenement. Celle met zijn unieke vakwerkstad en zijn kasteel, de regio met zijn indrukwekkende landschap van heide, weiden, bossen en rivieren. De Congress Union is een modern en [&hellip;]","og_url":"https:\/\/9staedte.de\/nl\/celle-mooie-residentiele-stad\/conferenties-en-congressen-in-celle\/","og_site_name":"9 St\u00e4dte in Niedersachsen","article_modified_time":"2025-05-08T13:33:55+00:00","og_image":[{"width":1020,"height":561,"url":"https:\/\/9staedte.de\/wp-content\/uploads\/2023\/02\/Congress-Union-Celle-c-Congress-Union.jpg","type":"image\/jpeg"}],"twitter_card":"summary_large_image","twitter_misc":{"Geschatte leestijd":"2 minuten"},"schema":{"@context":"https:\/\/schema.org","@graph":[{"@type":"WebPage","@id":"https:\/\/9staedte.de\/nl\/celle-mooie-residentiele-stad\/conferenties-en-congressen-in-celle\/","url":"https:\/\/9staedte.de\/nl\/celle-mooie-residentiele-stad\/conferenties-en-congressen-in-celle\/","name":"Conferenties en congressen in Celle - 9 St\u00e4dte in Niedersachsen","isPartOf":{"@id":"https:\/\/9staedte.de\/nl\/#website"},"primaryImageOfPage":{"@id":"https:\/\/9staedte.de\/nl\/celle-mooie-residentiele-stad\/conferenties-en-congressen-in-celle\/#primaryimage"},"image":{"@id":"https:\/\/9staedte.de\/nl\/celle-mooie-residentiele-stad\/conferenties-en-congressen-in-celle\/#primaryimage"},"thumbnailUrl":"https:\/\/9staedte.de\/wp-content\/uploads\/2023\/02\/Congress-Union-Celle-c-Congress-Union.jpg","datePublished":"2023-09-28T13:31:04+00:00","dateModified":"2025-05-08T13:33:55+00:00","breadcrumb":{"@id":"https:\/\/9staedte.de\/nl\/celle-mooie-residentiele-stad\/conferenties-en-congressen-in-celle\/#breadcrumb"},"inLanguage":"nl-NL","potentialAction":[{"@type":"ReadAction","target":["https:\/\/9staedte.de\/nl\/celle-mooie-residentiele-stad\/conferenties-en-congressen-in-celle\/"]}]},{"@type":"ImageObject","inLanguage":"nl-NL","@id":"https:\/\/9staedte.de\/nl\/celle-mooie-residentiele-stad\/conferenties-en-congressen-in-celle\/#primaryimage","url":"https:\/\/9staedte.de\/wp-content\/uploads\/2023\/02\/Congress-Union-Celle-c-Congress-Union.jpg","contentUrl":"https:\/\/9staedte.de\/wp-content\/uploads\/2023\/02\/Congress-Union-Celle-c-Congress-Union.jpg","width":1020,"height":561,"caption":"Congress Union Celle c) Congress Union"},{"@type":"BreadcrumbList","@id":"https:\/\/9staedte.de\/nl\/celle-mooie-residentiele-stad\/conferenties-en-congressen-in-celle\/#breadcrumb","itemListElement":[{"@type":"ListItem","position":1,"name":"Startseite","item":"https:\/\/9staedte.de\/nl\/"},{"@type":"ListItem","position":2,"name":"Celle &#8211; Mooie residenti\u00eble stad","item":"https:\/\/9staedte.de\/nl\/celle-mooie-residentiele-stad\/"},{"@type":"ListItem","position":3,"name":"Conferenties en congressen in Celle"}]},{"@type":"WebSite","@id":"https:\/\/9staedte.de\/nl\/#website","url":"https:\/\/9staedte.de\/nl\/","name":"9 St\u00e4dte in Niedersachsen","description":"","publisher":{"@id":"https:\/\/9staedte.de\/nl\/#organization"},"potentialAction":[{"@type":"SearchAction","target":{"@type":"EntryPoint","urlTemplate":"https:\/\/9staedte.de\/nl\/?s={search_term_string}"},"query-input":{"@type":"PropertyValueSpecification","valueRequired":true,"valueName":"search_term_string"}}],"inLanguage":"nl-NL"},{"@type":"Organization","@id":"https:\/\/9staedte.de\/nl\/#organization","name":"9 St\u00e4dte in Niedersachsen","url":"https:\/\/9staedte.de\/nl\/","logo":{"@type":"ImageObject","inLanguage":"nl-NL","@id":"https:\/\/9staedte.de\/nl\/#\/schema\/logo\/image\/","url":"https:\/\/9staedte.de\/wp-content\/uploads\/2025\/01\/9-neg-deutsch-2-1.png","contentUrl":"https:\/\/9staedte.de\/wp-content\/uploads\/2025\/01\/9-neg-deutsch-2-1.png","width":190,"height":114,"caption":"9 St\u00e4dte in Niedersachsen"},"image":{"@id":"https:\/\/9staedte.de\/nl\/#\/schema\/logo\/image\/"}}]}},"_links":{"self":[{"href":"https:\/\/9staedte.de\/nl\/wp-json\/wp\/v2\/pages\/9533","targetHints":{"allow":["GET"]}}],"collection":[{"href":"https:\/\/9staedte.de\/nl\/wp-json\/wp\/v2\/pages"}],"about":[{"href":"https:\/\/9staedte.de\/nl\/wp-json\/wp\/v2\/types\/page"}],"author":[{"embeddable":true,"href":"https:\/\/9staedte.de\/nl\/wp-json\/wp\/v2\/users\/1"}],"replies":[{"embeddable":true,"href":"https:\/\/9staedte.de\/nl\/wp-json\/wp\/v2\/comments?post=9533"}],"version-history":[{"count":2,"href":"https:\/\/9staedte.de\/nl\/wp-json\/wp\/v2\/pages\/9533\/revisions"}],"predecessor-version":[{"id":25445,"href":"https:\/\/9staedte.de\/nl\/wp-json\/wp\/v2\/pages\/9533\/revisions\/25445"}],"up":[{"embeddable":true,"href":"https:\/\/9staedte.de\/nl\/wp-json\/wp\/v2\/pages\/9733"}],"wp:featuredmedia":[{"embeddable":true,"href":"https:\/\/9staedte.de\/nl\/wp-json\/wp\/v2\/media\/9535"}],"wp:attachment":[{"href":"https:\/\/9staedte.de\/nl\/wp-json\/wp\/v2\/media?parent=9533"}],"wp:term":[{"taxonomy":"category","embeddable":true,"href":"https:\/\/9staedte.de\/nl\/wp-json\/wp\/v2\/categories?post=9533"},{"taxonomy":"post_tag","embeddable":true,"href":"https:\/\/9staedte.de\/nl\/wp-json\/wp\/v2\/tags?post=9533"},{"taxonomy":"ncap_cities_tax","embeddable":true,"href":"https:\/\/9staedte.de\/nl\/wp-json\/wp\/v2\/ncap_cities_tax?post=9533"}],"curies":[{"name":"wp","href":"https:\/\/api.w.org\/{rel}","templated":true}]}}