{"id":9484,"date":"2023-09-28T16:57:43","date_gmt":"2023-09-28T14:57:43","guid":{"rendered":"https:\/\/9staedte.de\/rondleidingen-in-hamelen\/"},"modified":"2023-10-25T11:35:17","modified_gmt":"2023-10-25T09:35:17","slug":"rondleidingen-in-hamelen","status":"publish","type":"page","link":"https:\/\/9staedte.de\/nl\/hamelen-legendarische-rattenvangerstad\/rondleidingen-in-hamelen\/","title":{"rendered":"Rondleidingen in Hamelen"},"content":{"rendered":"\r\n\r\n    <div class=\"filter-posts\">\r\n            <div  id=\"filterContent\">\r\n                                                        \n<div class=\"contentKachel filtr-item\" data-category=\"hameln-nl\">\n    <a href=\"https:\/\/9staedte.de\/nl\/de-verleidelijke-verleider\/\">\n        <div class=\"contentKachel-inner\">\n                            <div class=\"contentKachel-thumbnail\">\n                    <img loading=\"lazy\" decoding=\"async\" width=\"300\" height=\"166\" src=\"https:\/\/9staedte.de\/wp-content\/smush-webp\/2022\/06\/Stadtfuehrung-Der-verfuehrte-Verfuehrer-300x166.jpg.webp\" class=\"objectfitcover withfilters wp-post-image\" alt=\"Een man kijkt ernstig naar de camera. Hij draagt oude, donkere kleren. Achter hem zie je een standbeeld en oude huizen. Hij doet een speciale stadswandeling. De wandeling heet: \u201cDe verleidde verleider\u201d. De rondleiding is in Hameln.\" srcset=\"https:\/\/9staedte.de\/wp-content\/smush-webp\/2022\/06\/Stadtfuehrung-Der-verfuehrte-Verfuehrer-300x166.jpg.webp 300w, https:\/\/9staedte.de\/wp-content\/smush-webp\/2022\/06\/Stadtfuehrung-Der-verfuehrte-Verfuehrer-768x424.jpg.webp 768w, https:\/\/9staedte.de\/wp-content\/smush-webp\/2022\/06\/Stadtfuehrung-Der-verfuehrte-Verfuehrer.jpg.webp 1020w\" sizes=\"auto, (max-width: 300px) 100vw, 300px\" \/>                    <img loading=\"lazy\" decoding=\"async\" width=\"300\" height=\"166\" src=\"https:\/\/9staedte.de\/wp-content\/smush-webp\/2022\/06\/Stadtfuehrung-Der-verfuehrte-Verfuehrer-300x166.jpg.webp\" class=\"objectfitcontain wp-post-image\" alt=\"Een man kijkt ernstig naar de camera. Hij draagt oude, donkere kleren. Achter hem zie je een standbeeld en oude huizen. Hij doet een speciale stadswandeling. De wandeling heet: \u201cDe verleidde verleider\u201d. De rondleiding is in Hameln.\" srcset=\"https:\/\/9staedte.de\/wp-content\/smush-webp\/2022\/06\/Stadtfuehrung-Der-verfuehrte-Verfuehrer-300x166.jpg.webp 300w, https:\/\/9staedte.de\/wp-content\/smush-webp\/2022\/06\/Stadtfuehrung-Der-verfuehrte-Verfuehrer-768x424.jpg.webp 768w, https:\/\/9staedte.de\/wp-content\/smush-webp\/2022\/06\/Stadtfuehrung-Der-verfuehrte-Verfuehrer.jpg.webp 1020w\" sizes=\"auto, (max-width: 300px) 100vw, 300px\" \/>                        <div class=\"thumbnail-label\">\n    <span>Stadtf\u00fchrung Der verf\u00fchrte Verf\u00fchrer c) HMT<\/span>\n    <\/div>\n                <\/div>\n                        <div class=\"contentKachel-content\">\n                                    <div class=\"city-tag bg-hameln\">\n                        Hameln                    <\/div>\n                \n                <div class=\"title\">\n\n                    &#8220;De verleidelijke verleider&#8221;                    \n                <\/div>\n\n                            <\/div>\n\n        <\/div>\n    <\/a>\n<\/div>                                                        \n<div class=\"contentKachel filtr-item\" data-category=\"hameln-nl\">\n    <a href=\"https:\/\/9staedte.de\/nl\/de-nachttour-voor-dappere-krijgers\/\">\n        <div class=\"contentKachel-inner\">\n                            <div class=\"contentKachel-thumbnail\">\n                    <img loading=\"lazy\" decoding=\"async\" width=\"300\" height=\"173\" src=\"https:\/\/9staedte.de\/wp-content\/smush-webp\/2022\/06\/Henker-Hexen-und-Halunken-c-HMT-300x173.jpg.webp\" class=\"objectfitcover withfilters wp-post-image\" alt=\"Het is avond of nacht. Veel mensen staan in een groep. Ze luisteren naar een gids. De mensen hebben fakkels in hun handen. Het is een stadswandeling in het donker. De rondleiding is in Hameln.\" srcset=\"https:\/\/9staedte.de\/wp-content\/smush-webp\/2022\/06\/Henker-Hexen-und-Halunken-c-HMT-300x173.jpg.webp 300w, https:\/\/9staedte.de\/wp-content\/smush-webp\/2022\/06\/Henker-Hexen-und-Halunken-c-HMT-768x442.jpg.webp 768w, https:\/\/9staedte.de\/wp-content\/smush-webp\/2022\/06\/Henker-Hexen-und-Halunken-c-HMT.jpg.webp 1000w\" sizes=\"auto, (max-width: 300px) 100vw, 300px\" \/>                    <img loading=\"lazy\" decoding=\"async\" width=\"300\" height=\"173\" src=\"https:\/\/9staedte.de\/wp-content\/smush-webp\/2022\/06\/Henker-Hexen-und-Halunken-c-HMT-300x173.jpg.webp\" class=\"objectfitcontain wp-post-image\" alt=\"Het is avond of nacht. Veel mensen staan in een groep. Ze luisteren naar een gids. De mensen hebben fakkels in hun handen. Het is een stadswandeling in het donker. De rondleiding is in Hameln.\" srcset=\"https:\/\/9staedte.de\/wp-content\/smush-webp\/2022\/06\/Henker-Hexen-und-Halunken-c-HMT-300x173.jpg.webp 300w, https:\/\/9staedte.de\/wp-content\/smush-webp\/2022\/06\/Henker-Hexen-und-Halunken-c-HMT-768x442.jpg.webp 768w, https:\/\/9staedte.de\/wp-content\/smush-webp\/2022\/06\/Henker-Hexen-und-Halunken-c-HMT.jpg.webp 1000w\" sizes=\"auto, (max-width: 300px) 100vw, 300px\" \/>                        <div class=\"thumbnail-label\">\n    <span>Stadtf\u00fchrung Henker Hexen und Halunken c) HMT<\/span>\n    <\/div>\n                <\/div>\n                        <div class=\"contentKachel-content\">\n                                    <div class=\"city-tag bg-hameln\">\n                        Hameln                    <\/div>\n                \n                <div class=\"title\">\n\n                    De nachttour voor dappere krijgers                    \n                <\/div>\n\n                            <\/div>\n\n        <\/div>\n    <\/a>\n<\/div>                                                        \n<div class=\"contentKachel filtr-item\" data-category=\"hameln-nl\">\n    <a href=\"https:\/\/9staedte.de\/nl\/om-te-leren-kennen-hoogtepunten-van-hamelen-in-60-minuten\/\">\n        <div class=\"contentKachel-inner\">\n                            <div class=\"contentKachel-thumbnail\">\n                    <img loading=\"lazy\" decoding=\"async\" width=\"300\" height=\"165\" src=\"https:\/\/9staedte.de\/wp-content\/smush-webp\/2022\/06\/Hameln-Stadtfuehrung-300x165.jpg.webp\" class=\"objectfitcover withfilters wp-post-image\" alt=\"Op de foto zie je een groep mensen. Ze lopen samen door de stad Hameln. E\u00e9n persoon vertelt over de stad. Het is een stadsrondleiding. De mensen kijken aandachtig.\" srcset=\"https:\/\/9staedte.de\/wp-content\/smush-webp\/2022\/06\/Hameln-Stadtfuehrung-300x165.jpg.webp 300w, https:\/\/9staedte.de\/wp-content\/smush-webp\/2022\/06\/Hameln-Stadtfuehrung-768x422.jpg.webp 768w, https:\/\/9staedte.de\/wp-content\/smush-webp\/2022\/06\/Hameln-Stadtfuehrung.jpg.webp 1020w\" sizes=\"auto, (max-width: 300px) 100vw, 300px\" \/>                    <img loading=\"lazy\" decoding=\"async\" width=\"300\" height=\"165\" src=\"https:\/\/9staedte.de\/wp-content\/smush-webp\/2022\/06\/Hameln-Stadtfuehrung-300x165.jpg.webp\" class=\"objectfitcontain wp-post-image\" alt=\"Op de foto zie je een groep mensen. Ze lopen samen door de stad Hameln. E\u00e9n persoon vertelt over de stad. Het is een stadsrondleiding. De mensen kijken aandachtig.\" srcset=\"https:\/\/9staedte.de\/wp-content\/smush-webp\/2022\/06\/Hameln-Stadtfuehrung-300x165.jpg.webp 300w, https:\/\/9staedte.de\/wp-content\/smush-webp\/2022\/06\/Hameln-Stadtfuehrung-768x422.jpg.webp 768w, https:\/\/9staedte.de\/wp-content\/smush-webp\/2022\/06\/Hameln-Stadtfuehrung.jpg.webp 1020w\" sizes=\"auto, (max-width: 300px) 100vw, 300px\" \/>                        <div class=\"thumbnail-label\">\n    <span>Hameln Stadtfuehrung c) HMT<\/span>\n    <\/div>\n                <\/div>\n                        <div class=\"contentKachel-content\">\n                                    <div class=\"city-tag bg-hameln\">\n                        Hameln                    <\/div>\n                \n                <div class=\"title\">\n\n                    Om te leren kennen: hoogtepunten van Hamelen in 60 minuten                    \n                <\/div>\n\n                            <\/div>\n\n        <\/div>\n    <\/a>\n<\/div>                                                        \n<div class=\"contentKachel filtr-item\" data-category=\"hameln-nl\">\n    <a href=\"https:\/\/9staedte.de\/nl\/rattenvanger-welkom\/\">\n        <div class=\"contentKachel-inner\">\n                            <div class=\"contentKachel-thumbnail\">\n                    <img loading=\"lazy\" decoding=\"async\" width=\"300\" height=\"165\" src=\"https:\/\/9staedte.de\/wp-content\/smush-webp\/2023\/01\/Guided-tour-with-the-pied-piper-c-Hameln-Marketing-und-Tourismus-GmbH-300x165.jpg.webp\" class=\"objectfitcover withfilters wp-post-image\" alt=\"EEen man draagt een kleurrijk kostuum. Hij heeft een rode hoed met een lange veer. Hij houdt een kleine fluit vast. De man maakt een spannende handbeweging. Hij praat met mensen voor hem. Hij is de rattenvanger van Hameln.\" srcset=\"https:\/\/9staedte.de\/wp-content\/smush-webp\/2023\/01\/Guided-tour-with-the-pied-piper-c-Hameln-Marketing-und-Tourismus-GmbH-300x165.jpg.webp 300w, https:\/\/9staedte.de\/wp-content\/smush-webp\/2023\/01\/Guided-tour-with-the-pied-piper-c-Hameln-Marketing-und-Tourismus-GmbH-768x422.jpg.webp 768w, https:\/\/9staedte.de\/wp-content\/smush-webp\/2023\/01\/Guided-tour-with-the-pied-piper-c-Hameln-Marketing-und-Tourismus-GmbH.jpg.webp 1020w\" sizes=\"auto, (max-width: 300px) 100vw, 300px\" \/>                    <img loading=\"lazy\" decoding=\"async\" width=\"300\" height=\"165\" src=\"https:\/\/9staedte.de\/wp-content\/smush-webp\/2023\/01\/Guided-tour-with-the-pied-piper-c-Hameln-Marketing-und-Tourismus-GmbH-300x165.jpg.webp\" class=\"objectfitcontain wp-post-image\" alt=\"EEen man draagt een kleurrijk kostuum. Hij heeft een rode hoed met een lange veer. Hij houdt een kleine fluit vast. De man maakt een spannende handbeweging. Hij praat met mensen voor hem. Hij is de rattenvanger van Hameln.\" srcset=\"https:\/\/9staedte.de\/wp-content\/smush-webp\/2023\/01\/Guided-tour-with-the-pied-piper-c-Hameln-Marketing-und-Tourismus-GmbH-300x165.jpg.webp 300w, https:\/\/9staedte.de\/wp-content\/smush-webp\/2023\/01\/Guided-tour-with-the-pied-piper-c-Hameln-Marketing-und-Tourismus-GmbH-768x422.jpg.webp 768w, https:\/\/9staedte.de\/wp-content\/smush-webp\/2023\/01\/Guided-tour-with-the-pied-piper-c-Hameln-Marketing-und-Tourismus-GmbH.jpg.webp 1020w\" sizes=\"auto, (max-width: 300px) 100vw, 300px\" \/>                        <div class=\"thumbnail-label\">\n    <span>Stadtf\u00fchrung mit dem Rattenf\u00e4nger c) HMT<\/span>\n    <\/div>\n                <\/div>\n                        <div class=\"contentKachel-content\">\n                                    <div class=\"city-tag bg-hameln\">\n                        Hameln                    <\/div>\n                \n                <div class=\"title\">\n\n                    Rattenvanger Welkom                    \n                <\/div>\n\n                            <\/div>\n\n        <\/div>\n    <\/a>\n<\/div>                                                        \n<div class=\"contentKachel filtr-item\" data-category=\"hameln-nl\">\n    <a href=\"https:\/\/9staedte.de\/nl\/stadstour-met-de-rattenvanger\/\">\n        <div class=\"contentKachel-inner\">\n                            <div class=\"contentKachel-thumbnail\">\n                    <img loading=\"lazy\" decoding=\"async\" width=\"300\" height=\"162\" src=\"https:\/\/9staedte.de\/wp-content\/smush-webp\/2022\/06\/Rattenfaenger-Fuehrung-c-Hameln-Marketing-und-Tourismus-GmbhG-300x162.jpg.webp\" class=\"objectfitcover withfilters wp-post-image\" alt=\"De foto laat een rondleiding in Hameln zien. Een man draagt een kleurrijk kostuum. Hij lijkt op de rattenvanger uit het bekende verhaal. Hij wijst naar een oud vakwerkhuis. De huizen hebben mooie versieringen.\" srcset=\"https:\/\/9staedte.de\/wp-content\/smush-webp\/2022\/06\/Rattenfaenger-Fuehrung-c-Hameln-Marketing-und-Tourismus-GmbhG-300x162.jpg.webp 300w, https:\/\/9staedte.de\/wp-content\/smush-webp\/2022\/06\/Rattenfaenger-Fuehrung-c-Hameln-Marketing-und-Tourismus-GmbhG-768x415.jpg.webp 768w, https:\/\/9staedte.de\/wp-content\/smush-webp\/2022\/06\/Rattenfaenger-Fuehrung-c-Hameln-Marketing-und-Tourismus-GmbhG.jpg.webp 1020w\" sizes=\"auto, (max-width: 300px) 100vw, 300px\" \/>                    <img loading=\"lazy\" decoding=\"async\" width=\"300\" height=\"162\" src=\"https:\/\/9staedte.de\/wp-content\/smush-webp\/2022\/06\/Rattenfaenger-Fuehrung-c-Hameln-Marketing-und-Tourismus-GmbhG-300x162.jpg.webp\" class=\"objectfitcontain wp-post-image\" alt=\"De foto laat een rondleiding in Hameln zien. Een man draagt een kleurrijk kostuum. Hij lijkt op de rattenvanger uit het bekende verhaal. Hij wijst naar een oud vakwerkhuis. De huizen hebben mooie versieringen.\" srcset=\"https:\/\/9staedte.de\/wp-content\/smush-webp\/2022\/06\/Rattenfaenger-Fuehrung-c-Hameln-Marketing-und-Tourismus-GmbhG-300x162.jpg.webp 300w, https:\/\/9staedte.de\/wp-content\/smush-webp\/2022\/06\/Rattenfaenger-Fuehrung-c-Hameln-Marketing-und-Tourismus-GmbhG-768x415.jpg.webp 768w, https:\/\/9staedte.de\/wp-content\/smush-webp\/2022\/06\/Rattenfaenger-Fuehrung-c-Hameln-Marketing-und-Tourismus-GmbhG.jpg.webp 1020w\" sizes=\"auto, (max-width: 300px) 100vw, 300px\" \/>                        <div class=\"thumbnail-label\">\n    <span>Rattenf\u00e4nger-F\u00fchrung c) Hameln Marketing und Tourismus GmbH<\/span>\n    <\/div>\n                <\/div>\n                        <div class=\"contentKachel-content\">\n                                    <div class=\"city-tag bg-hameln\">\n                        Hameln                    <\/div>\n                \n                <div class=\"title\">\n\n                    Stadstour met de rattenvanger                    \n                <\/div>\n\n                            <\/div>\n\n        <\/div>\n    <\/a>\n<\/div>                                            <\/div>\r\n    <\/div>\r\n","protected":false},"excerpt":{"rendered":"","protected":false},"author":1,"featured_media":9495,"parent":9783,"menu_order":0,"comment_status":"closed","ping_status":"closed","template":"pagetemplates\/template-stadtthema.php","meta":{"_acf_changed":false,"footnotes":""},"categories":[],"tags":[],"ncap_cities_tax":[447,1224],"class_list":["post-9484","page","type-page","status-publish","has-post-thumbnail","hentry","ncap_cities_tax-hameln-nl","ncap_cities_tax-stadtfuhrungen-hameln-nl"],"acf":[],"yoast_head":"<!-- This site is optimized with the Yoast SEO plugin v26.8 - https:\/\/yoast.com\/product\/yoast-seo-wordpress\/ -->\n<title>Rondleidingen in Hamelen - 9 St\u00e4dte in Niedersachsen<\/title>\n<meta name=\"robots\" content=\"index, follow, max-snippet:-1, max-image-preview:large, max-video-preview:-1\" \/>\n<link rel=\"canonical\" href=\"https:\/\/9staedte.de\/nl\/hamelen-legendarische-rattenvangerstad\/rondleidingen-in-hamelen\/\" \/>\n<meta property=\"og:locale\" content=\"nl_NL\" \/>\n<meta property=\"og:type\" content=\"article\" \/>\n<meta property=\"og:title\" content=\"Rondleidingen in Hamelen - 9 St\u00e4dte in Niedersachsen\" \/>\n<meta property=\"og:url\" content=\"https:\/\/9staedte.de\/nl\/hamelen-legendarische-rattenvangerstad\/rondleidingen-in-hamelen\/\" \/>\n<meta property=\"og:site_name\" content=\"9 St\u00e4dte in Niedersachsen\" \/>\n<meta property=\"article:modified_time\" content=\"2023-10-25T09:35:17+00:00\" \/>\n<meta property=\"og:image\" content=\"https:\/\/9staedte.de\/wp-content\/uploads\/2023\/07\/Hameln-Stadtfuehrung-c-Hameln-Marketing-und-Tourismus-GmbH.jpg\" \/>\n\t<meta property=\"og:image:width\" content=\"2508\" \/>\n\t<meta property=\"og:image:height\" content=\"1672\" \/>\n\t<meta property=\"og:image:type\" content=\"image\/jpeg\" \/>\n<meta name=\"twitter:card\" content=\"summary_large_image\" \/>\n<script type=\"application\/ld+json\" class=\"yoast-schema-graph\">{\"@context\":\"https:\/\/schema.org\",\"@graph\":[{\"@type\":\"WebPage\",\"@id\":\"https:\/\/9staedte.de\/nl\/hamelen-legendarische-rattenvangerstad\/rondleidingen-in-hamelen\/\",\"url\":\"https:\/\/9staedte.de\/nl\/hamelen-legendarische-rattenvangerstad\/rondleidingen-in-hamelen\/\",\"name\":\"Rondleidingen in Hamelen - 9 St\u00e4dte in Niedersachsen\",\"isPartOf\":{\"@id\":\"https:\/\/9staedte.de\/nl\/#website\"},\"primaryImageOfPage\":{\"@id\":\"https:\/\/9staedte.de\/nl\/hamelen-legendarische-rattenvangerstad\/rondleidingen-in-hamelen\/#primaryimage\"},\"image\":{\"@id\":\"https:\/\/9staedte.de\/nl\/hamelen-legendarische-rattenvangerstad\/rondleidingen-in-hamelen\/#primaryimage\"},\"thumbnailUrl\":\"https:\/\/9staedte.de\/wp-content\/uploads\/2023\/07\/Hameln-Stadtfuehrung-c-Hameln-Marketing-und-Tourismus-GmbH.jpg\",\"datePublished\":\"2023-09-28T14:57:43+00:00\",\"dateModified\":\"2023-10-25T09:35:17+00:00\",\"breadcrumb\":{\"@id\":\"https:\/\/9staedte.de\/nl\/hamelen-legendarische-rattenvangerstad\/rondleidingen-in-hamelen\/#breadcrumb\"},\"inLanguage\":\"nl-NL\",\"potentialAction\":[{\"@type\":\"ReadAction\",\"target\":[\"https:\/\/9staedte.de\/nl\/hamelen-legendarische-rattenvangerstad\/rondleidingen-in-hamelen\/\"]}]},{\"@type\":\"ImageObject\",\"inLanguage\":\"nl-NL\",\"@id\":\"https:\/\/9staedte.de\/nl\/hamelen-legendarische-rattenvangerstad\/rondleidingen-in-hamelen\/#primaryimage\",\"url\":\"https:\/\/9staedte.de\/wp-content\/uploads\/2023\/07\/Hameln-Stadtfuehrung-c-Hameln-Marketing-und-Tourismus-GmbH.jpg\",\"contentUrl\":\"https:\/\/9staedte.de\/wp-content\/uploads\/2023\/07\/Hameln-Stadtfuehrung-c-Hameln-Marketing-und-Tourismus-GmbH.jpg\",\"width\":2508,\"height\":1672,\"caption\":\"Hameln Stadtfuehrung c) Hameln Marketing und Tourismus GmbH\"},{\"@type\":\"BreadcrumbList\",\"@id\":\"https:\/\/9staedte.de\/nl\/hamelen-legendarische-rattenvangerstad\/rondleidingen-in-hamelen\/#breadcrumb\",\"itemListElement\":[{\"@type\":\"ListItem\",\"position\":1,\"name\":\"Startseite\",\"item\":\"https:\/\/9staedte.de\/nl\/\"},{\"@type\":\"ListItem\",\"position\":2,\"name\":\"Hamelen &#8211; Legendarische rattenvangerstad\",\"item\":\"https:\/\/9staedte.de\/nl\/hamelen-legendarische-rattenvangerstad\/\"},{\"@type\":\"ListItem\",\"position\":3,\"name\":\"Rondleidingen in Hamelen\"}]},{\"@type\":\"WebSite\",\"@id\":\"https:\/\/9staedte.de\/nl\/#website\",\"url\":\"https:\/\/9staedte.de\/nl\/\",\"name\":\"9 St\u00e4dte in Niedersachsen\",\"description\":\"\",\"publisher\":{\"@id\":\"https:\/\/9staedte.de\/nl\/#organization\"},\"potentialAction\":[{\"@type\":\"SearchAction\",\"target\":{\"@type\":\"EntryPoint\",\"urlTemplate\":\"https:\/\/9staedte.de\/nl\/?s={search_term_string}\"},\"query-input\":{\"@type\":\"PropertyValueSpecification\",\"valueRequired\":true,\"valueName\":\"search_term_string\"}}],\"inLanguage\":\"nl-NL\"},{\"@type\":\"Organization\",\"@id\":\"https:\/\/9staedte.de\/nl\/#organization\",\"name\":\"9 St\u00e4dte in Niedersachsen\",\"url\":\"https:\/\/9staedte.de\/nl\/\",\"logo\":{\"@type\":\"ImageObject\",\"inLanguage\":\"nl-NL\",\"@id\":\"https:\/\/9staedte.de\/nl\/#\/schema\/logo\/image\/\",\"url\":\"https:\/\/9staedte.de\/wp-content\/uploads\/2025\/01\/9-neg-deutsch-2-1.png\",\"contentUrl\":\"https:\/\/9staedte.de\/wp-content\/uploads\/2025\/01\/9-neg-deutsch-2-1.png\",\"width\":190,\"height\":114,\"caption\":\"9 St\u00e4dte in Niedersachsen\"},\"image\":{\"@id\":\"https:\/\/9staedte.de\/nl\/#\/schema\/logo\/image\/\"}}]}<\/script>\n<!-- \/ Yoast SEO plugin. -->","yoast_head_json":{"title":"Rondleidingen in Hamelen - 9 St\u00e4dte in Niedersachsen","robots":{"index":"index","follow":"follow","max-snippet":"max-snippet:-1","max-image-preview":"max-image-preview:large","max-video-preview":"max-video-preview:-1"},"canonical":"https:\/\/9staedte.de\/nl\/hamelen-legendarische-rattenvangerstad\/rondleidingen-in-hamelen\/","og_locale":"nl_NL","og_type":"article","og_title":"Rondleidingen in Hamelen - 9 St\u00e4dte in Niedersachsen","og_url":"https:\/\/9staedte.de\/nl\/hamelen-legendarische-rattenvangerstad\/rondleidingen-in-hamelen\/","og_site_name":"9 St\u00e4dte in Niedersachsen","article_modified_time":"2023-10-25T09:35:17+00:00","og_image":[{"width":2508,"height":1672,"url":"https:\/\/9staedte.de\/wp-content\/uploads\/2023\/07\/Hameln-Stadtfuehrung-c-Hameln-Marketing-und-Tourismus-GmbH.jpg","type":"image\/jpeg"}],"twitter_card":"summary_large_image","schema":{"@context":"https:\/\/schema.org","@graph":[{"@type":"WebPage","@id":"https:\/\/9staedte.de\/nl\/hamelen-legendarische-rattenvangerstad\/rondleidingen-in-hamelen\/","url":"https:\/\/9staedte.de\/nl\/hamelen-legendarische-rattenvangerstad\/rondleidingen-in-hamelen\/","name":"Rondleidingen in Hamelen - 9 St\u00e4dte in Niedersachsen","isPartOf":{"@id":"https:\/\/9staedte.de\/nl\/#website"},"primaryImageOfPage":{"@id":"https:\/\/9staedte.de\/nl\/hamelen-legendarische-rattenvangerstad\/rondleidingen-in-hamelen\/#primaryimage"},"image":{"@id":"https:\/\/9staedte.de\/nl\/hamelen-legendarische-rattenvangerstad\/rondleidingen-in-hamelen\/#primaryimage"},"thumbnailUrl":"https:\/\/9staedte.de\/wp-content\/uploads\/2023\/07\/Hameln-Stadtfuehrung-c-Hameln-Marketing-und-Tourismus-GmbH.jpg","datePublished":"2023-09-28T14:57:43+00:00","dateModified":"2023-10-25T09:35:17+00:00","breadcrumb":{"@id":"https:\/\/9staedte.de\/nl\/hamelen-legendarische-rattenvangerstad\/rondleidingen-in-hamelen\/#breadcrumb"},"inLanguage":"nl-NL","potentialAction":[{"@type":"ReadAction","target":["https:\/\/9staedte.de\/nl\/hamelen-legendarische-rattenvangerstad\/rondleidingen-in-hamelen\/"]}]},{"@type":"ImageObject","inLanguage":"nl-NL","@id":"https:\/\/9staedte.de\/nl\/hamelen-legendarische-rattenvangerstad\/rondleidingen-in-hamelen\/#primaryimage","url":"https:\/\/9staedte.de\/wp-content\/uploads\/2023\/07\/Hameln-Stadtfuehrung-c-Hameln-Marketing-und-Tourismus-GmbH.jpg","contentUrl":"https:\/\/9staedte.de\/wp-content\/uploads\/2023\/07\/Hameln-Stadtfuehrung-c-Hameln-Marketing-und-Tourismus-GmbH.jpg","width":2508,"height":1672,"caption":"Hameln Stadtfuehrung c) Hameln Marketing und Tourismus GmbH"},{"@type":"BreadcrumbList","@id":"https:\/\/9staedte.de\/nl\/hamelen-legendarische-rattenvangerstad\/rondleidingen-in-hamelen\/#breadcrumb","itemListElement":[{"@type":"ListItem","position":1,"name":"Startseite","item":"https:\/\/9staedte.de\/nl\/"},{"@type":"ListItem","position":2,"name":"Hamelen &#8211; Legendarische rattenvangerstad","item":"https:\/\/9staedte.de\/nl\/hamelen-legendarische-rattenvangerstad\/"},{"@type":"ListItem","position":3,"name":"Rondleidingen in Hamelen"}]},{"@type":"WebSite","@id":"https:\/\/9staedte.de\/nl\/#website","url":"https:\/\/9staedte.de\/nl\/","name":"9 St\u00e4dte in Niedersachsen","description":"","publisher":{"@id":"https:\/\/9staedte.de\/nl\/#organization"},"potentialAction":[{"@type":"SearchAction","target":{"@type":"EntryPoint","urlTemplate":"https:\/\/9staedte.de\/nl\/?s={search_term_string}"},"query-input":{"@type":"PropertyValueSpecification","valueRequired":true,"valueName":"search_term_string"}}],"inLanguage":"nl-NL"},{"@type":"Organization","@id":"https:\/\/9staedte.de\/nl\/#organization","name":"9 St\u00e4dte in Niedersachsen","url":"https:\/\/9staedte.de\/nl\/","logo":{"@type":"ImageObject","inLanguage":"nl-NL","@id":"https:\/\/9staedte.de\/nl\/#\/schema\/logo\/image\/","url":"https:\/\/9staedte.de\/wp-content\/uploads\/2025\/01\/9-neg-deutsch-2-1.png","contentUrl":"https:\/\/9staedte.de\/wp-content\/uploads\/2025\/01\/9-neg-deutsch-2-1.png","width":190,"height":114,"caption":"9 St\u00e4dte in Niedersachsen"},"image":{"@id":"https:\/\/9staedte.de\/nl\/#\/schema\/logo\/image\/"}}]}},"_links":{"self":[{"href":"https:\/\/9staedte.de\/nl\/wp-json\/wp\/v2\/pages\/9484","targetHints":{"allow":["GET"]}}],"collection":[{"href":"https:\/\/9staedte.de\/nl\/wp-json\/wp\/v2\/pages"}],"about":[{"href":"https:\/\/9staedte.de\/nl\/wp-json\/wp\/v2\/types\/page"}],"author":[{"embeddable":true,"href":"https:\/\/9staedte.de\/nl\/wp-json\/wp\/v2\/users\/1"}],"replies":[{"embeddable":true,"href":"https:\/\/9staedte.de\/nl\/wp-json\/wp\/v2\/comments?post=9484"}],"version-history":[{"count":1,"href":"https:\/\/9staedte.de\/nl\/wp-json\/wp\/v2\/pages\/9484\/revisions"}],"predecessor-version":[{"id":9496,"href":"https:\/\/9staedte.de\/nl\/wp-json\/wp\/v2\/pages\/9484\/revisions\/9496"}],"up":[{"embeddable":true,"href":"https:\/\/9staedte.de\/nl\/wp-json\/wp\/v2\/pages\/9783"}],"wp:featuredmedia":[{"embeddable":true,"href":"https:\/\/9staedte.de\/nl\/wp-json\/wp\/v2\/media\/9495"}],"wp:attachment":[{"href":"https:\/\/9staedte.de\/nl\/wp-json\/wp\/v2\/media?parent=9484"}],"wp:term":[{"taxonomy":"category","embeddable":true,"href":"https:\/\/9staedte.de\/nl\/wp-json\/wp\/v2\/categories?post=9484"},{"taxonomy":"post_tag","embeddable":true,"href":"https:\/\/9staedte.de\/nl\/wp-json\/wp\/v2\/tags?post=9484"},{"taxonomy":"ncap_cities_tax","embeddable":true,"href":"https:\/\/9staedte.de\/nl\/wp-json\/wp\/v2\/ncap_cities_tax?post=9484"}],"curies":[{"name":"wp","href":"https:\/\/api.w.org\/{rel}","templated":true}]}}