{"id":9469,"date":"2023-09-28T16:57:41","date_gmt":"2023-09-28T14:57:41","guid":{"rendered":"https:\/\/9staedte.de\/dagprogrammas-in-hamelen\/"},"modified":"2023-10-25T11:35:45","modified_gmt":"2023-10-25T09:35:45","slug":"dagprogrammas-in-hamelen","status":"publish","type":"page","link":"https:\/\/9staedte.de\/nl\/hamelen-legendarische-rattenvangerstad\/dagprogrammas-in-hamelen\/","title":{"rendered":"Dagprogramma&#8217;s in Hamelen"},"content":{"rendered":"\r\n\r\n    <div class=\"filter-posts\">\r\n            <div  id=\"filterContent\">\r\n                                                        \n<div class=\"contentKachel filtr-item\" data-category=\"hameln\">\n    <a href=\"https:\/\/9staedte.de\/tagesprogramm-stippvisite-hameln-entdecken-sie-die-rattenfaengerstadt\/\">\n        <div class=\"contentKachel-inner\">\n                            <div class=\"contentKachel-thumbnail\">\n                    <img loading=\"lazy\" decoding=\"async\" width=\"300\" height=\"165\" src=\"https:\/\/9staedte.de\/wp-content\/smush-webp\/2022\/07\/Bummel-durch-Hameln-c-HMT-300x165.jpg.webp\" class=\"objectfitcover withfilters wp-post-image\" alt=\"Ein Mann und eine Frau gehen durch die Innenstadt. Sie halten sich an den H\u00e4nden. Der Mann tr\u00e4gt ein schwarzes T-Shirt und Jeans. Die Frau tr\u00e4gt eine schwarze Hose und eine helle Jacke. Links und rechts sitzen viele Menschen vor Caf\u00e9s. Das Bild ist aus Hameln.\" srcset=\"https:\/\/9staedte.de\/wp-content\/smush-webp\/2022\/07\/Bummel-durch-Hameln-c-HMT-300x165.jpg.webp 300w, https:\/\/9staedte.de\/wp-content\/smush-webp\/2022\/07\/Bummel-durch-Hameln-c-HMT-768x422.jpg.webp 768w, https:\/\/9staedte.de\/wp-content\/smush-webp\/2022\/07\/Bummel-durch-Hameln-c-HMT.jpg.webp 1020w\" sizes=\"auto, (max-width: 300px) 100vw, 300px\" \/>                    <img loading=\"lazy\" decoding=\"async\" width=\"300\" height=\"165\" src=\"https:\/\/9staedte.de\/wp-content\/smush-webp\/2022\/07\/Bummel-durch-Hameln-c-HMT-300x165.jpg.webp\" class=\"objectfitcontain wp-post-image\" alt=\"Ein Mann und eine Frau gehen durch die Innenstadt. Sie halten sich an den H\u00e4nden. Der Mann tr\u00e4gt ein schwarzes T-Shirt und Jeans. Die Frau tr\u00e4gt eine schwarze Hose und eine helle Jacke. Links und rechts sitzen viele Menschen vor Caf\u00e9s. Das Bild ist aus Hameln.\" srcset=\"https:\/\/9staedte.de\/wp-content\/smush-webp\/2022\/07\/Bummel-durch-Hameln-c-HMT-300x165.jpg.webp 300w, https:\/\/9staedte.de\/wp-content\/smush-webp\/2022\/07\/Bummel-durch-Hameln-c-HMT-768x422.jpg.webp 768w, https:\/\/9staedte.de\/wp-content\/smush-webp\/2022\/07\/Bummel-durch-Hameln-c-HMT.jpg.webp 1020w\" sizes=\"auto, (max-width: 300px) 100vw, 300px\" \/>                        <div class=\"thumbnail-label\">\n    <span>Bummel durch Hameln c) HMT<\/span>\n    <\/div>\n                <\/div>\n                        <div class=\"contentKachel-content\">\n                                    <div class=\"city-tag bg-hameln\">\n                        Hameln                    <\/div>\n                \n                <div class=\"title\">\n\n                    Tagesprogramm: Stippvisite Hameln &#8211; Entdecken Sie die Rattenf\u00e4ngerstadt                    \n                <\/div>\n\n                            <\/div>\n\n        <\/div>\n    <\/a>\n<\/div>                                                        \n<div class=\"contentKachel filtr-item\" data-category=\"hameln-nl\">\n    <a href=\"https:\/\/9staedte.de\/nl\/dagprogramma-in-de-aanloop-naar-kerstmis-heerlijke-kersttijd\/\">\n        <div class=\"contentKachel-inner\">\n                            <div class=\"contentKachel-thumbnail\">\n                    <img loading=\"lazy\" decoding=\"async\" width=\"300\" height=\"165\" src=\"https:\/\/9staedte.de\/wp-content\/smush-webp\/2022\/07\/Weihnachtsmarkt-Hameln-copyright-HMT-300x165.jpg.webp\" class=\"objectfitcover withfilters wp-post-image\" alt=\"De foto toont de kerstmarkt in Hameln. Veel mensen wandelen langs kleine kraampjes met lichtjes. Op de achtergrond zie je vakwerkhuizen en een trapgevelgebouw van steen. Aan de rechterkant staat een versierde kerstboom. Het is avond en de lichten geven een warme gloed. De sfeer is vrolijk en feestelijk.\" srcset=\"https:\/\/9staedte.de\/wp-content\/smush-webp\/2022\/07\/Weihnachtsmarkt-Hameln-copyright-HMT-300x165.jpg.webp 300w, https:\/\/9staedte.de\/wp-content\/smush-webp\/2022\/07\/Weihnachtsmarkt-Hameln-copyright-HMT-768x422.jpg.webp 768w, https:\/\/9staedte.de\/wp-content\/smush-webp\/2022\/07\/Weihnachtsmarkt-Hameln-copyright-HMT.jpg.webp 1019w\" sizes=\"auto, (max-width: 300px) 100vw, 300px\" \/>                    <img loading=\"lazy\" decoding=\"async\" width=\"300\" height=\"165\" src=\"https:\/\/9staedte.de\/wp-content\/smush-webp\/2022\/07\/Weihnachtsmarkt-Hameln-copyright-HMT-300x165.jpg.webp\" class=\"objectfitcontain wp-post-image\" alt=\"De foto toont de kerstmarkt in Hameln. Veel mensen wandelen langs kleine kraampjes met lichtjes. Op de achtergrond zie je vakwerkhuizen en een trapgevelgebouw van steen. Aan de rechterkant staat een versierde kerstboom. Het is avond en de lichten geven een warme gloed. De sfeer is vrolijk en feestelijk.\" srcset=\"https:\/\/9staedte.de\/wp-content\/smush-webp\/2022\/07\/Weihnachtsmarkt-Hameln-copyright-HMT-300x165.jpg.webp 300w, https:\/\/9staedte.de\/wp-content\/smush-webp\/2022\/07\/Weihnachtsmarkt-Hameln-copyright-HMT-768x422.jpg.webp 768w, https:\/\/9staedte.de\/wp-content\/smush-webp\/2022\/07\/Weihnachtsmarkt-Hameln-copyright-HMT.jpg.webp 1019w\" sizes=\"auto, (max-width: 300px) 100vw, 300px\" \/>                        <div class=\"thumbnail-label\">\n    <span>Weihnachtsmarkt Hameln copyright HMT<\/span>\n    <\/div>\n                <\/div>\n                        <div class=\"contentKachel-content\">\n                                    <div class=\"city-tag bg-hameln\">\n                        Hameln                    <\/div>\n                \n                <div class=\"title\">\n\n                    Dagprogramma in de aanloop naar Kerstmis: Heerlijke kersttijd                    \n                <\/div>\n\n                            <\/div>\n\n        <\/div>\n    <\/a>\n<\/div>                                                        \n<div class=\"contentKachel filtr-item\" data-category=\"hameln-nl\">\n    <a href=\"https:\/\/9staedte.de\/nl\/dagprogramma-in-het-spoor-van-de-rattenvanger-in-hamelen\/\">\n        <div class=\"contentKachel-inner\">\n                            <div class=\"contentKachel-thumbnail\">\n                    <img loading=\"lazy\" decoding=\"async\" width=\"300\" height=\"165\" src=\"https:\/\/9staedte.de\/wp-content\/smush-webp\/2023\/01\/Guided-tour-with-the-pied-piper-c-Hameln-Marketing-und-Tourismus-GmbH-300x165.jpg.webp\" class=\"objectfitcover withfilters wp-post-image\" alt=\"EEen man draagt een kleurrijk kostuum. Hij heeft een rode hoed met een lange veer. Hij houdt een kleine fluit vast. De man maakt een spannende handbeweging. Hij praat met mensen voor hem. Hij is de rattenvanger van Hameln.\" srcset=\"https:\/\/9staedte.de\/wp-content\/smush-webp\/2023\/01\/Guided-tour-with-the-pied-piper-c-Hameln-Marketing-und-Tourismus-GmbH-300x165.jpg.webp 300w, https:\/\/9staedte.de\/wp-content\/smush-webp\/2023\/01\/Guided-tour-with-the-pied-piper-c-Hameln-Marketing-und-Tourismus-GmbH-768x422.jpg.webp 768w, https:\/\/9staedte.de\/wp-content\/smush-webp\/2023\/01\/Guided-tour-with-the-pied-piper-c-Hameln-Marketing-und-Tourismus-GmbH.jpg.webp 1020w\" sizes=\"auto, (max-width: 300px) 100vw, 300px\" \/>                    <img loading=\"lazy\" decoding=\"async\" width=\"300\" height=\"165\" src=\"https:\/\/9staedte.de\/wp-content\/smush-webp\/2023\/01\/Guided-tour-with-the-pied-piper-c-Hameln-Marketing-und-Tourismus-GmbH-300x165.jpg.webp\" class=\"objectfitcontain wp-post-image\" alt=\"EEen man draagt een kleurrijk kostuum. Hij heeft een rode hoed met een lange veer. Hij houdt een kleine fluit vast. De man maakt een spannende handbeweging. Hij praat met mensen voor hem. Hij is de rattenvanger van Hameln.\" srcset=\"https:\/\/9staedte.de\/wp-content\/smush-webp\/2023\/01\/Guided-tour-with-the-pied-piper-c-Hameln-Marketing-und-Tourismus-GmbH-300x165.jpg.webp 300w, https:\/\/9staedte.de\/wp-content\/smush-webp\/2023\/01\/Guided-tour-with-the-pied-piper-c-Hameln-Marketing-und-Tourismus-GmbH-768x422.jpg.webp 768w, https:\/\/9staedte.de\/wp-content\/smush-webp\/2023\/01\/Guided-tour-with-the-pied-piper-c-Hameln-Marketing-und-Tourismus-GmbH.jpg.webp 1020w\" sizes=\"auto, (max-width: 300px) 100vw, 300px\" \/>                        <div class=\"thumbnail-label\">\n    <span>Stadtf\u00fchrung mit dem Rattenf\u00e4nger c) HMT<\/span>\n    <\/div>\n                <\/div>\n                        <div class=\"contentKachel-content\">\n                                    <div class=\"city-tag bg-hameln\">\n                        Hameln                    <\/div>\n                \n                <div class=\"title\">\n\n                    Dagprogramma: In het spoor van de Rattenvanger in Hamelen                    \n                <\/div>\n\n                            <\/div>\n\n        <\/div>\n    <\/a>\n<\/div>                                            <\/div>\r\n    <\/div>\r\n","protected":false},"excerpt":{"rendered":"","protected":false},"author":1,"featured_media":9474,"parent":9783,"menu_order":0,"comment_status":"closed","ping_status":"closed","template":"pagetemplates\/template-stadtthema.php","meta":{"_acf_changed":false,"footnotes":""},"categories":[],"tags":[],"ncap_cities_tax":[447,1000],"class_list":["post-9469","page","type-page","status-publish","has-post-thumbnail","hentry","ncap_cities_tax-hameln-nl","ncap_cities_tax-tagesprogramme-hameln-nl"],"acf":[],"yoast_head":"<!-- This site is optimized with the Yoast SEO plugin v26.8 - https:\/\/yoast.com\/product\/yoast-seo-wordpress\/ -->\n<title>Dagprogramma&#039;s in Hamelen - 9 St\u00e4dte in Niedersachsen<\/title>\n<meta name=\"robots\" content=\"index, follow, max-snippet:-1, max-image-preview:large, max-video-preview:-1\" \/>\n<link rel=\"canonical\" href=\"https:\/\/9staedte.de\/nl\/hamelen-legendarische-rattenvangerstad\/dagprogrammas-in-hamelen\/\" \/>\n<meta property=\"og:locale\" content=\"nl_NL\" \/>\n<meta property=\"og:type\" content=\"article\" \/>\n<meta property=\"og:title\" content=\"Dagprogramma&#039;s in Hamelen - 9 St\u00e4dte in Niedersachsen\" \/>\n<meta property=\"og:url\" content=\"https:\/\/9staedte.de\/nl\/hamelen-legendarische-rattenvangerstad\/dagprogrammas-in-hamelen\/\" \/>\n<meta property=\"og:site_name\" content=\"9 St\u00e4dte in Niedersachsen\" \/>\n<meta property=\"article:modified_time\" content=\"2023-10-25T09:35:45+00:00\" \/>\n<meta property=\"og:image\" content=\"https:\/\/9staedte.de\/wp-content\/uploads\/2023\/02\/Hameln-Weserschiff-c-Hameln-Marketing-und-Tourismus-GmbH.jpg\" \/>\n\t<meta property=\"og:image:width\" content=\"1020\" \/>\n\t<meta property=\"og:image:height\" content=\"558\" \/>\n\t<meta property=\"og:image:type\" content=\"image\/jpeg\" \/>\n<meta name=\"twitter:card\" content=\"summary_large_image\" \/>\n<script type=\"application\/ld+json\" class=\"yoast-schema-graph\">{\"@context\":\"https:\/\/schema.org\",\"@graph\":[{\"@type\":\"WebPage\",\"@id\":\"https:\/\/9staedte.de\/nl\/hamelen-legendarische-rattenvangerstad\/dagprogrammas-in-hamelen\/\",\"url\":\"https:\/\/9staedte.de\/nl\/hamelen-legendarische-rattenvangerstad\/dagprogrammas-in-hamelen\/\",\"name\":\"Dagprogramma's in Hamelen - 9 St\u00e4dte in Niedersachsen\",\"isPartOf\":{\"@id\":\"https:\/\/9staedte.de\/nl\/#website\"},\"primaryImageOfPage\":{\"@id\":\"https:\/\/9staedte.de\/nl\/hamelen-legendarische-rattenvangerstad\/dagprogrammas-in-hamelen\/#primaryimage\"},\"image\":{\"@id\":\"https:\/\/9staedte.de\/nl\/hamelen-legendarische-rattenvangerstad\/dagprogrammas-in-hamelen\/#primaryimage\"},\"thumbnailUrl\":\"https:\/\/9staedte.de\/wp-content\/uploads\/2023\/02\/Hameln-Weserschiff-c-Hameln-Marketing-und-Tourismus-GmbH.jpg\",\"datePublished\":\"2023-09-28T14:57:41+00:00\",\"dateModified\":\"2023-10-25T09:35:45+00:00\",\"breadcrumb\":{\"@id\":\"https:\/\/9staedte.de\/nl\/hamelen-legendarische-rattenvangerstad\/dagprogrammas-in-hamelen\/#breadcrumb\"},\"inLanguage\":\"nl-NL\",\"potentialAction\":[{\"@type\":\"ReadAction\",\"target\":[\"https:\/\/9staedte.de\/nl\/hamelen-legendarische-rattenvangerstad\/dagprogrammas-in-hamelen\/\"]}]},{\"@type\":\"ImageObject\",\"inLanguage\":\"nl-NL\",\"@id\":\"https:\/\/9staedte.de\/nl\/hamelen-legendarische-rattenvangerstad\/dagprogrammas-in-hamelen\/#primaryimage\",\"url\":\"https:\/\/9staedte.de\/wp-content\/uploads\/2023\/02\/Hameln-Weserschiff-c-Hameln-Marketing-und-Tourismus-GmbH.jpg\",\"contentUrl\":\"https:\/\/9staedte.de\/wp-content\/uploads\/2023\/02\/Hameln-Weserschiff-c-Hameln-Marketing-und-Tourismus-GmbH.jpg\",\"width\":1020,\"height\":558,\"caption\":\"Hameln Weserschiff c) Hameln Marketing und Tourismus GmbH\"},{\"@type\":\"BreadcrumbList\",\"@id\":\"https:\/\/9staedte.de\/nl\/hamelen-legendarische-rattenvangerstad\/dagprogrammas-in-hamelen\/#breadcrumb\",\"itemListElement\":[{\"@type\":\"ListItem\",\"position\":1,\"name\":\"Startseite\",\"item\":\"https:\/\/9staedte.de\/nl\/\"},{\"@type\":\"ListItem\",\"position\":2,\"name\":\"Hamelen &#8211; Legendarische rattenvangerstad\",\"item\":\"https:\/\/9staedte.de\/nl\/hamelen-legendarische-rattenvangerstad\/\"},{\"@type\":\"ListItem\",\"position\":3,\"name\":\"Dagprogramma&#8217;s in Hamelen\"}]},{\"@type\":\"WebSite\",\"@id\":\"https:\/\/9staedte.de\/nl\/#website\",\"url\":\"https:\/\/9staedte.de\/nl\/\",\"name\":\"9 St\u00e4dte in Niedersachsen\",\"description\":\"\",\"publisher\":{\"@id\":\"https:\/\/9staedte.de\/nl\/#organization\"},\"potentialAction\":[{\"@type\":\"SearchAction\",\"target\":{\"@type\":\"EntryPoint\",\"urlTemplate\":\"https:\/\/9staedte.de\/nl\/?s={search_term_string}\"},\"query-input\":{\"@type\":\"PropertyValueSpecification\",\"valueRequired\":true,\"valueName\":\"search_term_string\"}}],\"inLanguage\":\"nl-NL\"},{\"@type\":\"Organization\",\"@id\":\"https:\/\/9staedte.de\/nl\/#organization\",\"name\":\"9 St\u00e4dte in Niedersachsen\",\"url\":\"https:\/\/9staedte.de\/nl\/\",\"logo\":{\"@type\":\"ImageObject\",\"inLanguage\":\"nl-NL\",\"@id\":\"https:\/\/9staedte.de\/nl\/#\/schema\/logo\/image\/\",\"url\":\"https:\/\/9staedte.de\/wp-content\/uploads\/2025\/01\/9-neg-deutsch-2-1.png\",\"contentUrl\":\"https:\/\/9staedte.de\/wp-content\/uploads\/2025\/01\/9-neg-deutsch-2-1.png\",\"width\":190,\"height\":114,\"caption\":\"9 St\u00e4dte in Niedersachsen\"},\"image\":{\"@id\":\"https:\/\/9staedte.de\/nl\/#\/schema\/logo\/image\/\"}}]}<\/script>\n<!-- \/ Yoast SEO plugin. -->","yoast_head_json":{"title":"Dagprogramma's in Hamelen - 9 St\u00e4dte in Niedersachsen","robots":{"index":"index","follow":"follow","max-snippet":"max-snippet:-1","max-image-preview":"max-image-preview:large","max-video-preview":"max-video-preview:-1"},"canonical":"https:\/\/9staedte.de\/nl\/hamelen-legendarische-rattenvangerstad\/dagprogrammas-in-hamelen\/","og_locale":"nl_NL","og_type":"article","og_title":"Dagprogramma's in Hamelen - 9 St\u00e4dte in Niedersachsen","og_url":"https:\/\/9staedte.de\/nl\/hamelen-legendarische-rattenvangerstad\/dagprogrammas-in-hamelen\/","og_site_name":"9 St\u00e4dte in Niedersachsen","article_modified_time":"2023-10-25T09:35:45+00:00","og_image":[{"width":1020,"height":558,"url":"https:\/\/9staedte.de\/wp-content\/uploads\/2023\/02\/Hameln-Weserschiff-c-Hameln-Marketing-und-Tourismus-GmbH.jpg","type":"image\/jpeg"}],"twitter_card":"summary_large_image","schema":{"@context":"https:\/\/schema.org","@graph":[{"@type":"WebPage","@id":"https:\/\/9staedte.de\/nl\/hamelen-legendarische-rattenvangerstad\/dagprogrammas-in-hamelen\/","url":"https:\/\/9staedte.de\/nl\/hamelen-legendarische-rattenvangerstad\/dagprogrammas-in-hamelen\/","name":"Dagprogramma's in Hamelen - 9 St\u00e4dte in Niedersachsen","isPartOf":{"@id":"https:\/\/9staedte.de\/nl\/#website"},"primaryImageOfPage":{"@id":"https:\/\/9staedte.de\/nl\/hamelen-legendarische-rattenvangerstad\/dagprogrammas-in-hamelen\/#primaryimage"},"image":{"@id":"https:\/\/9staedte.de\/nl\/hamelen-legendarische-rattenvangerstad\/dagprogrammas-in-hamelen\/#primaryimage"},"thumbnailUrl":"https:\/\/9staedte.de\/wp-content\/uploads\/2023\/02\/Hameln-Weserschiff-c-Hameln-Marketing-und-Tourismus-GmbH.jpg","datePublished":"2023-09-28T14:57:41+00:00","dateModified":"2023-10-25T09:35:45+00:00","breadcrumb":{"@id":"https:\/\/9staedte.de\/nl\/hamelen-legendarische-rattenvangerstad\/dagprogrammas-in-hamelen\/#breadcrumb"},"inLanguage":"nl-NL","potentialAction":[{"@type":"ReadAction","target":["https:\/\/9staedte.de\/nl\/hamelen-legendarische-rattenvangerstad\/dagprogrammas-in-hamelen\/"]}]},{"@type":"ImageObject","inLanguage":"nl-NL","@id":"https:\/\/9staedte.de\/nl\/hamelen-legendarische-rattenvangerstad\/dagprogrammas-in-hamelen\/#primaryimage","url":"https:\/\/9staedte.de\/wp-content\/uploads\/2023\/02\/Hameln-Weserschiff-c-Hameln-Marketing-und-Tourismus-GmbH.jpg","contentUrl":"https:\/\/9staedte.de\/wp-content\/uploads\/2023\/02\/Hameln-Weserschiff-c-Hameln-Marketing-und-Tourismus-GmbH.jpg","width":1020,"height":558,"caption":"Hameln Weserschiff c) Hameln Marketing und Tourismus GmbH"},{"@type":"BreadcrumbList","@id":"https:\/\/9staedte.de\/nl\/hamelen-legendarische-rattenvangerstad\/dagprogrammas-in-hamelen\/#breadcrumb","itemListElement":[{"@type":"ListItem","position":1,"name":"Startseite","item":"https:\/\/9staedte.de\/nl\/"},{"@type":"ListItem","position":2,"name":"Hamelen &#8211; Legendarische rattenvangerstad","item":"https:\/\/9staedte.de\/nl\/hamelen-legendarische-rattenvangerstad\/"},{"@type":"ListItem","position":3,"name":"Dagprogramma&#8217;s in Hamelen"}]},{"@type":"WebSite","@id":"https:\/\/9staedte.de\/nl\/#website","url":"https:\/\/9staedte.de\/nl\/","name":"9 St\u00e4dte in Niedersachsen","description":"","publisher":{"@id":"https:\/\/9staedte.de\/nl\/#organization"},"potentialAction":[{"@type":"SearchAction","target":{"@type":"EntryPoint","urlTemplate":"https:\/\/9staedte.de\/nl\/?s={search_term_string}"},"query-input":{"@type":"PropertyValueSpecification","valueRequired":true,"valueName":"search_term_string"}}],"inLanguage":"nl-NL"},{"@type":"Organization","@id":"https:\/\/9staedte.de\/nl\/#organization","name":"9 St\u00e4dte in Niedersachsen","url":"https:\/\/9staedte.de\/nl\/","logo":{"@type":"ImageObject","inLanguage":"nl-NL","@id":"https:\/\/9staedte.de\/nl\/#\/schema\/logo\/image\/","url":"https:\/\/9staedte.de\/wp-content\/uploads\/2025\/01\/9-neg-deutsch-2-1.png","contentUrl":"https:\/\/9staedte.de\/wp-content\/uploads\/2025\/01\/9-neg-deutsch-2-1.png","width":190,"height":114,"caption":"9 St\u00e4dte in Niedersachsen"},"image":{"@id":"https:\/\/9staedte.de\/nl\/#\/schema\/logo\/image\/"}}]}},"_links":{"self":[{"href":"https:\/\/9staedte.de\/nl\/wp-json\/wp\/v2\/pages\/9469","targetHints":{"allow":["GET"]}}],"collection":[{"href":"https:\/\/9staedte.de\/nl\/wp-json\/wp\/v2\/pages"}],"about":[{"href":"https:\/\/9staedte.de\/nl\/wp-json\/wp\/v2\/types\/page"}],"author":[{"embeddable":true,"href":"https:\/\/9staedte.de\/nl\/wp-json\/wp\/v2\/users\/1"}],"replies":[{"embeddable":true,"href":"https:\/\/9staedte.de\/nl\/wp-json\/wp\/v2\/comments?post=9469"}],"version-history":[{"count":1,"href":"https:\/\/9staedte.de\/nl\/wp-json\/wp\/v2\/pages\/9469\/revisions"}],"predecessor-version":[{"id":9476,"href":"https:\/\/9staedte.de\/nl\/wp-json\/wp\/v2\/pages\/9469\/revisions\/9476"}],"up":[{"embeddable":true,"href":"https:\/\/9staedte.de\/nl\/wp-json\/wp\/v2\/pages\/9783"}],"wp:featuredmedia":[{"embeddable":true,"href":"https:\/\/9staedte.de\/nl\/wp-json\/wp\/v2\/media\/9474"}],"wp:attachment":[{"href":"https:\/\/9staedte.de\/nl\/wp-json\/wp\/v2\/media?parent=9469"}],"wp:term":[{"taxonomy":"category","embeddable":true,"href":"https:\/\/9staedte.de\/nl\/wp-json\/wp\/v2\/categories?post=9469"},{"taxonomy":"post_tag","embeddable":true,"href":"https:\/\/9staedte.de\/nl\/wp-json\/wp\/v2\/tags?post=9469"},{"taxonomy":"ncap_cities_tax","embeddable":true,"href":"https:\/\/9staedte.de\/nl\/wp-json\/wp\/v2\/ncap_cities_tax?post=9469"}],"curies":[{"name":"wp","href":"https:\/\/api.w.org\/{rel}","templated":true}]}}