{"id":9467,"date":"2023-09-28T16:57:42","date_gmt":"2023-09-28T14:57:42","guid":{"rendered":"https:\/\/9staedte.de\/informatie-over-reisleiding-en-excursies-in-hamelen\/"},"modified":"2023-10-25T11:36:17","modified_gmt":"2023-10-25T09:36:17","slug":"informatie-over-reisleiding-en-excursies-in-hamelen","status":"publish","type":"page","link":"https:\/\/9staedte.de\/nl\/hamelen-legendarische-rattenvangerstad\/informatie-over-reisleiding-en-excursies-in-hamelen\/","title":{"rendered":"Informatie over reisleiding en excursies in Hamelen"},"content":{"rendered":"\n<h2 class=\"wp-block-heading\">Boek je tour naar het Weserbergland  <\/h2>\n\n\n\n<p>Hameln Marketing und Tourismus GmbH regelt graag reisleiders voor busreizen, fietstochten<br>of wandelingen in het Weserbergland. Onderwerpen zijn onder andere legenden en sprookjes, de Wezerrenaissance en kerken.<\/p>\n\n\n\n<p><\/p>\n\n\n\n<h3 class=\"wp-block-heading\">Het Weserbergland wordt beschouwd als een land voor ontdekkingsreizigers&#8230;<\/h3>\n\n\n\n<p>&#8230;hier vind je niet alleen onvoorstelbare toevluchtsoorden om tot rust te komen, maar ook aantrekkelijke vrijetijdsmogelijkheden. Prachtig versierde vakwerkstadjes in een idyllisch middelgebergtelandschap gevormd door de Weser openen een breed aanbod voor de vakantieganger.<\/p>\n\n\n\n<p>Een netwerk van goed bewegwijzerde wandel- en fietspaden omringt Hameln en verbindt de bonte adelaarstad met aantrekkelijke lokale recreatiegebieden langs de Weser. Populaire bestemmingen voor wandelaars zijn de S\u00fcntel Toren en de Hohenstein bij Hessisch Oldendorf.<\/p>\n\n\n\n<p>De langeafstandsfietsroute door de Weser is erg aantrekkelijk en dienovereenkomstig populair. De route loopt door Hamelen op zijn 450 km lange route van Hannoversch M\u00fcnden naar Bremerhaven en wordt jaarlijks door ongeveer 150.000 fietstoeristen gebruikt. Volgens de Allgemeiner Deutscher Fahrradclub (ADFC) is de Weser-fietsroute al jaren de populairste langeafstandsfietsroute in Duitsland.<\/p>\n\n\n\n<p>Een hoogtepunt in het Weserbergland is kasteel H\u00e4melschenburg bij Hameln. Het werd in 1588 gebouwd als een waterburcht in de stijl van de Wezerrenaissance en wordt beschouwd als een van de mooiste kastelen in Noord-Duitsland.<\/p>\n\n\n\n<p>De abdij Fischbeck in Hessich Oldendorf met het beroemde wandtapijt uit 1583 is ook de moeite waard. Het klooster is dagelijks te bezoeken van april tot oktober, behalve op maandag.<\/p>\n\n\n\n<p>Andere bestemmingen die de moeite waard zijn in het Weserbergland zijn het kuuroord Bad Pyrmont met zijn ruime kuurpark en palmentuin (de grootste openluchtpalmentuin ten noorden van de Alpen), het M\u00fcnchhausenstadje Bodenwerder, Rinteln, B\u00fcckeburg en Holzminden.<\/p>\n\n\n\n<p>Ongeveer 60 km ten zuiden van Hameln is F\u00fcrstenberg de thuisbasis van een van de oudste porseleinfabrieken van Europa in een prachtig kasteel uit de Wezerrenaissance. De museumtentoonstelling over meer dan 250 jaar productiegeschiedenis is de moeite waard. Niet ver hiervandaan, aan de andere kant van de Weser, is kasteel Corvey een bezoek waard.<\/p>\n\n\n\n<p>Het Weserbergland wordt doorkruist door de Duitse vakwerkroute, de Weserrenaissanceweg en de Duitse sprookjesroute.<\/p>\n\n\n\n<p>Het Weserbergland wordt beschouwd als een land van sprookjes en legenden. Naast het Rattenvanger openluchtspel en de musical &#8220;Ratten&#8221; in Hamelen worden er ook andere openluchtspelen opgevoerd: M\u00fcnchhausen in Bodenwerder, Assepoester in Polle, Hans en Grietje in H\u00f6xter en Dokter IJzerbaard in Hann. M\u00fcnden.<\/p>\n\n\n\n<p>Ongeveer 25 km ten oosten van Hameln komen jong en oud aan hun trekken in het attractiepark Rastiland. Een bezoek aan de rodelbaan in Bodenwerder (23 km zuidwaarts) belooft ook veel plezier.<\/p>\n\n\n\n<p>Meer informatie over de aantrekkelijke omgeving van Hameln is verkrijgbaar bij <a href=\"https:\/\/www.weserbergland-tourismus.de\/de\/\" target=\"_blank\" rel=\"noreferrer noopener\">Weserbergland Tourismus e.V.<\/a> klaar voor jou.<\/p>\n\n\n\n<h4 class=\"wp-block-heading\">Boekingen bij:<\/h4>\n\n\n\n<p>Hameln Marketing en Toerisme GmbH<br>Toeristische informatie<br>Deisterallee 1<br>31785 Hamelen<br>Tel.: +49 (0) 5151\/957823<br>Fax:&nbsp; +49 (0) 5151\/957840<br>E-mail:&nbsp;<a href=\"mailto:touristinfo@hameln.de\" target=\"_blank\" rel=\"noreferrer noopener\">touristinfo@hameln.de<\/a><br>Internet:&nbsp;<a href=\"http:\/\/www.hameln.de\/\" target=\"_blank\" rel=\"noreferrer noopener\">www.hameln.de<\/a><\/p>\n","protected":false},"excerpt":{"rendered":"<p>Boek je tour naar het Weserbergland Hameln Marketing und Tourismus GmbH regelt graag reisleiders voor busreizen, fietstochtenof wandelingen in het Weserbergland. Onderwerpen zijn onder andere legenden en sprookjes, de Wezerrenaissance en kerken. Het Weserbergland wordt beschouwd als een land voor ontdekkingsreizigers&#8230; &#8230;hier vind je niet alleen onvoorstelbare toevluchtsoorden om tot rust te komen, maar ook [&hellip;]<\/p>\n","protected":false},"author":1,"featured_media":9473,"parent":9783,"menu_order":0,"comment_status":"closed","ping_status":"closed","template":"pagetemplates\/template-stadtthema.php","meta":{"_acf_changed":false,"footnotes":""},"categories":[],"tags":[],"ncap_cities_tax":[447,1287],"class_list":["post-9467","page","type-page","status-publish","has-post-thumbnail","hentry","ncap_cities_tax-hameln-nl","ncap_cities_tax-reiseleitung-und-ausflugen-hameln-nl"],"acf":[],"yoast_head":"<!-- This site is optimized with the Yoast SEO plugin v26.8 - https:\/\/yoast.com\/product\/yoast-seo-wordpress\/ -->\n<title>Informatie over reisleiding en excursies in Hamelen - 9 St\u00e4dte in Niedersachsen<\/title>\n<meta name=\"robots\" content=\"index, follow, max-snippet:-1, max-image-preview:large, max-video-preview:-1\" \/>\n<link rel=\"canonical\" href=\"https:\/\/9staedte.de\/nl\/hamelen-legendarische-rattenvangerstad\/informatie-over-reisleiding-en-excursies-in-hamelen\/\" \/>\n<meta property=\"og:locale\" content=\"nl_NL\" \/>\n<meta property=\"og:type\" content=\"article\" \/>\n<meta property=\"og:title\" content=\"Informatie over reisleiding en excursies in Hamelen - 9 St\u00e4dte in Niedersachsen\" \/>\n<meta property=\"og:description\" content=\"Boek je tour naar het Weserbergland Hameln Marketing und Tourismus GmbH regelt graag reisleiders voor busreizen, fietstochtenof wandelingen in het Weserbergland. Onderwerpen zijn onder andere legenden en sprookjes, de Wezerrenaissance en kerken. Het Weserbergland wordt beschouwd als een land voor ontdekkingsreizigers&#8230; &#8230;hier vind je niet alleen onvoorstelbare toevluchtsoorden om tot rust te komen, maar ook [&hellip;]\" \/>\n<meta property=\"og:url\" content=\"https:\/\/9staedte.de\/nl\/hamelen-legendarische-rattenvangerstad\/informatie-over-reisleiding-en-excursies-in-hamelen\/\" \/>\n<meta property=\"og:site_name\" content=\"9 St\u00e4dte in Niedersachsen\" \/>\n<meta property=\"article:modified_time\" content=\"2023-10-25T09:36:17+00:00\" \/>\n<meta property=\"og:image\" content=\"https:\/\/9staedte.de\/wp-content\/uploads\/2023\/02\/Indian-Summer-iim-Weserbergland-cHMT.jpg\" \/>\n\t<meta property=\"og:image:width\" content=\"1020\" \/>\n\t<meta property=\"og:image:height\" content=\"560\" \/>\n\t<meta property=\"og:image:type\" content=\"image\/jpeg\" \/>\n<meta name=\"twitter:card\" content=\"summary_large_image\" \/>\n<meta name=\"twitter:label1\" content=\"Geschatte leestijd\" \/>\n\t<meta name=\"twitter:data1\" content=\"3 minuten\" \/>\n<script type=\"application\/ld+json\" class=\"yoast-schema-graph\">{\"@context\":\"https:\/\/schema.org\",\"@graph\":[{\"@type\":\"WebPage\",\"@id\":\"https:\/\/9staedte.de\/nl\/hamelen-legendarische-rattenvangerstad\/informatie-over-reisleiding-en-excursies-in-hamelen\/\",\"url\":\"https:\/\/9staedte.de\/nl\/hamelen-legendarische-rattenvangerstad\/informatie-over-reisleiding-en-excursies-in-hamelen\/\",\"name\":\"Informatie over reisleiding en excursies in Hamelen - 9 St\u00e4dte in Niedersachsen\",\"isPartOf\":{\"@id\":\"https:\/\/9staedte.de\/nl\/#website\"},\"primaryImageOfPage\":{\"@id\":\"https:\/\/9staedte.de\/nl\/hamelen-legendarische-rattenvangerstad\/informatie-over-reisleiding-en-excursies-in-hamelen\/#primaryimage\"},\"image\":{\"@id\":\"https:\/\/9staedte.de\/nl\/hamelen-legendarische-rattenvangerstad\/informatie-over-reisleiding-en-excursies-in-hamelen\/#primaryimage\"},\"thumbnailUrl\":\"https:\/\/9staedte.de\/wp-content\/uploads\/2023\/02\/Indian-Summer-iim-Weserbergland-cHMT.jpg\",\"datePublished\":\"2023-09-28T14:57:42+00:00\",\"dateModified\":\"2023-10-25T09:36:17+00:00\",\"breadcrumb\":{\"@id\":\"https:\/\/9staedte.de\/nl\/hamelen-legendarische-rattenvangerstad\/informatie-over-reisleiding-en-excursies-in-hamelen\/#breadcrumb\"},\"inLanguage\":\"nl-NL\",\"potentialAction\":[{\"@type\":\"ReadAction\",\"target\":[\"https:\/\/9staedte.de\/nl\/hamelen-legendarische-rattenvangerstad\/informatie-over-reisleiding-en-excursies-in-hamelen\/\"]}]},{\"@type\":\"ImageObject\",\"inLanguage\":\"nl-NL\",\"@id\":\"https:\/\/9staedte.de\/nl\/hamelen-legendarische-rattenvangerstad\/informatie-over-reisleiding-en-excursies-in-hamelen\/#primaryimage\",\"url\":\"https:\/\/9staedte.de\/wp-content\/uploads\/2023\/02\/Indian-Summer-iim-Weserbergland-cHMT.jpg\",\"contentUrl\":\"https:\/\/9staedte.de\/wp-content\/uploads\/2023\/02\/Indian-Summer-iim-Weserbergland-cHMT.jpg\",\"width\":1020,\"height\":560,\"caption\":\"Indian Summer im Weserbergland c)HMT\"},{\"@type\":\"BreadcrumbList\",\"@id\":\"https:\/\/9staedte.de\/nl\/hamelen-legendarische-rattenvangerstad\/informatie-over-reisleiding-en-excursies-in-hamelen\/#breadcrumb\",\"itemListElement\":[{\"@type\":\"ListItem\",\"position\":1,\"name\":\"Startseite\",\"item\":\"https:\/\/9staedte.de\/nl\/\"},{\"@type\":\"ListItem\",\"position\":2,\"name\":\"Hamelen &#8211; Legendarische rattenvangerstad\",\"item\":\"https:\/\/9staedte.de\/nl\/hamelen-legendarische-rattenvangerstad\/\"},{\"@type\":\"ListItem\",\"position\":3,\"name\":\"Informatie over reisleiding en excursies in Hamelen\"}]},{\"@type\":\"WebSite\",\"@id\":\"https:\/\/9staedte.de\/nl\/#website\",\"url\":\"https:\/\/9staedte.de\/nl\/\",\"name\":\"9 St\u00e4dte in Niedersachsen\",\"description\":\"\",\"publisher\":{\"@id\":\"https:\/\/9staedte.de\/nl\/#organization\"},\"potentialAction\":[{\"@type\":\"SearchAction\",\"target\":{\"@type\":\"EntryPoint\",\"urlTemplate\":\"https:\/\/9staedte.de\/nl\/?s={search_term_string}\"},\"query-input\":{\"@type\":\"PropertyValueSpecification\",\"valueRequired\":true,\"valueName\":\"search_term_string\"}}],\"inLanguage\":\"nl-NL\"},{\"@type\":\"Organization\",\"@id\":\"https:\/\/9staedte.de\/nl\/#organization\",\"name\":\"9 St\u00e4dte in Niedersachsen\",\"url\":\"https:\/\/9staedte.de\/nl\/\",\"logo\":{\"@type\":\"ImageObject\",\"inLanguage\":\"nl-NL\",\"@id\":\"https:\/\/9staedte.de\/nl\/#\/schema\/logo\/image\/\",\"url\":\"https:\/\/9staedte.de\/wp-content\/uploads\/2025\/01\/9-neg-deutsch-2-1.png\",\"contentUrl\":\"https:\/\/9staedte.de\/wp-content\/uploads\/2025\/01\/9-neg-deutsch-2-1.png\",\"width\":190,\"height\":114,\"caption\":\"9 St\u00e4dte in Niedersachsen\"},\"image\":{\"@id\":\"https:\/\/9staedte.de\/nl\/#\/schema\/logo\/image\/\"}}]}<\/script>\n<!-- \/ Yoast SEO plugin. -->","yoast_head_json":{"title":"Informatie over reisleiding en excursies in Hamelen - 9 St\u00e4dte in Niedersachsen","robots":{"index":"index","follow":"follow","max-snippet":"max-snippet:-1","max-image-preview":"max-image-preview:large","max-video-preview":"max-video-preview:-1"},"canonical":"https:\/\/9staedte.de\/nl\/hamelen-legendarische-rattenvangerstad\/informatie-over-reisleiding-en-excursies-in-hamelen\/","og_locale":"nl_NL","og_type":"article","og_title":"Informatie over reisleiding en excursies in Hamelen - 9 St\u00e4dte in Niedersachsen","og_description":"Boek je tour naar het Weserbergland Hameln Marketing und Tourismus GmbH regelt graag reisleiders voor busreizen, fietstochtenof wandelingen in het Weserbergland. Onderwerpen zijn onder andere legenden en sprookjes, de Wezerrenaissance en kerken. Het Weserbergland wordt beschouwd als een land voor ontdekkingsreizigers&#8230; &#8230;hier vind je niet alleen onvoorstelbare toevluchtsoorden om tot rust te komen, maar ook [&hellip;]","og_url":"https:\/\/9staedte.de\/nl\/hamelen-legendarische-rattenvangerstad\/informatie-over-reisleiding-en-excursies-in-hamelen\/","og_site_name":"9 St\u00e4dte in Niedersachsen","article_modified_time":"2023-10-25T09:36:17+00:00","og_image":[{"width":1020,"height":560,"url":"https:\/\/9staedte.de\/wp-content\/uploads\/2023\/02\/Indian-Summer-iim-Weserbergland-cHMT.jpg","type":"image\/jpeg"}],"twitter_card":"summary_large_image","twitter_misc":{"Geschatte leestijd":"3 minuten"},"schema":{"@context":"https:\/\/schema.org","@graph":[{"@type":"WebPage","@id":"https:\/\/9staedte.de\/nl\/hamelen-legendarische-rattenvangerstad\/informatie-over-reisleiding-en-excursies-in-hamelen\/","url":"https:\/\/9staedte.de\/nl\/hamelen-legendarische-rattenvangerstad\/informatie-over-reisleiding-en-excursies-in-hamelen\/","name":"Informatie over reisleiding en excursies in Hamelen - 9 St\u00e4dte in Niedersachsen","isPartOf":{"@id":"https:\/\/9staedte.de\/nl\/#website"},"primaryImageOfPage":{"@id":"https:\/\/9staedte.de\/nl\/hamelen-legendarische-rattenvangerstad\/informatie-over-reisleiding-en-excursies-in-hamelen\/#primaryimage"},"image":{"@id":"https:\/\/9staedte.de\/nl\/hamelen-legendarische-rattenvangerstad\/informatie-over-reisleiding-en-excursies-in-hamelen\/#primaryimage"},"thumbnailUrl":"https:\/\/9staedte.de\/wp-content\/uploads\/2023\/02\/Indian-Summer-iim-Weserbergland-cHMT.jpg","datePublished":"2023-09-28T14:57:42+00:00","dateModified":"2023-10-25T09:36:17+00:00","breadcrumb":{"@id":"https:\/\/9staedte.de\/nl\/hamelen-legendarische-rattenvangerstad\/informatie-over-reisleiding-en-excursies-in-hamelen\/#breadcrumb"},"inLanguage":"nl-NL","potentialAction":[{"@type":"ReadAction","target":["https:\/\/9staedte.de\/nl\/hamelen-legendarische-rattenvangerstad\/informatie-over-reisleiding-en-excursies-in-hamelen\/"]}]},{"@type":"ImageObject","inLanguage":"nl-NL","@id":"https:\/\/9staedte.de\/nl\/hamelen-legendarische-rattenvangerstad\/informatie-over-reisleiding-en-excursies-in-hamelen\/#primaryimage","url":"https:\/\/9staedte.de\/wp-content\/uploads\/2023\/02\/Indian-Summer-iim-Weserbergland-cHMT.jpg","contentUrl":"https:\/\/9staedte.de\/wp-content\/uploads\/2023\/02\/Indian-Summer-iim-Weserbergland-cHMT.jpg","width":1020,"height":560,"caption":"Indian Summer im Weserbergland c)HMT"},{"@type":"BreadcrumbList","@id":"https:\/\/9staedte.de\/nl\/hamelen-legendarische-rattenvangerstad\/informatie-over-reisleiding-en-excursies-in-hamelen\/#breadcrumb","itemListElement":[{"@type":"ListItem","position":1,"name":"Startseite","item":"https:\/\/9staedte.de\/nl\/"},{"@type":"ListItem","position":2,"name":"Hamelen &#8211; Legendarische rattenvangerstad","item":"https:\/\/9staedte.de\/nl\/hamelen-legendarische-rattenvangerstad\/"},{"@type":"ListItem","position":3,"name":"Informatie over reisleiding en excursies in Hamelen"}]},{"@type":"WebSite","@id":"https:\/\/9staedte.de\/nl\/#website","url":"https:\/\/9staedte.de\/nl\/","name":"9 St\u00e4dte in Niedersachsen","description":"","publisher":{"@id":"https:\/\/9staedte.de\/nl\/#organization"},"potentialAction":[{"@type":"SearchAction","target":{"@type":"EntryPoint","urlTemplate":"https:\/\/9staedte.de\/nl\/?s={search_term_string}"},"query-input":{"@type":"PropertyValueSpecification","valueRequired":true,"valueName":"search_term_string"}}],"inLanguage":"nl-NL"},{"@type":"Organization","@id":"https:\/\/9staedte.de\/nl\/#organization","name":"9 St\u00e4dte in Niedersachsen","url":"https:\/\/9staedte.de\/nl\/","logo":{"@type":"ImageObject","inLanguage":"nl-NL","@id":"https:\/\/9staedte.de\/nl\/#\/schema\/logo\/image\/","url":"https:\/\/9staedte.de\/wp-content\/uploads\/2025\/01\/9-neg-deutsch-2-1.png","contentUrl":"https:\/\/9staedte.de\/wp-content\/uploads\/2025\/01\/9-neg-deutsch-2-1.png","width":190,"height":114,"caption":"9 St\u00e4dte in Niedersachsen"},"image":{"@id":"https:\/\/9staedte.de\/nl\/#\/schema\/logo\/image\/"}}]}},"_links":{"self":[{"href":"https:\/\/9staedte.de\/nl\/wp-json\/wp\/v2\/pages\/9467","targetHints":{"allow":["GET"]}}],"collection":[{"href":"https:\/\/9staedte.de\/nl\/wp-json\/wp\/v2\/pages"}],"about":[{"href":"https:\/\/9staedte.de\/nl\/wp-json\/wp\/v2\/types\/page"}],"author":[{"embeddable":true,"href":"https:\/\/9staedte.de\/nl\/wp-json\/wp\/v2\/users\/1"}],"replies":[{"embeddable":true,"href":"https:\/\/9staedte.de\/nl\/wp-json\/wp\/v2\/comments?post=9467"}],"version-history":[{"count":1,"href":"https:\/\/9staedte.de\/nl\/wp-json\/wp\/v2\/pages\/9467\/revisions"}],"predecessor-version":[{"id":9475,"href":"https:\/\/9staedte.de\/nl\/wp-json\/wp\/v2\/pages\/9467\/revisions\/9475"}],"up":[{"embeddable":true,"href":"https:\/\/9staedte.de\/nl\/wp-json\/wp\/v2\/pages\/9783"}],"wp:featuredmedia":[{"embeddable":true,"href":"https:\/\/9staedte.de\/nl\/wp-json\/wp\/v2\/media\/9473"}],"wp:attachment":[{"href":"https:\/\/9staedte.de\/nl\/wp-json\/wp\/v2\/media?parent=9467"}],"wp:term":[{"taxonomy":"category","embeddable":true,"href":"https:\/\/9staedte.de\/nl\/wp-json\/wp\/v2\/categories?post=9467"},{"taxonomy":"post_tag","embeddable":true,"href":"https:\/\/9staedte.de\/nl\/wp-json\/wp\/v2\/tags?post=9467"},{"taxonomy":"ncap_cities_tax","embeddable":true,"href":"https:\/\/9staedte.de\/nl\/wp-json\/wp\/v2\/ncap_cities_tax?post=9467"}],"curies":[{"name":"wp","href":"https:\/\/api.w.org\/{rel}","templated":true}]}}