{"id":9464,"date":"2023-09-28T16:57:07","date_gmt":"2023-09-28T14:57:07","guid":{"rendered":"https:\/\/9staedte.de\/conferenties-en-congressen-in-goslar\/"},"modified":"2024-05-08T15:25:54","modified_gmt":"2024-05-08T13:25:54","slug":"conferenties-en-congressen-in-goslar","status":"publish","type":"page","link":"https:\/\/9staedte.de\/nl\/goslar-werelderfgoed-in-het-harzgebergte\/conferenties-en-congressen-in-goslar\/","title":{"rendered":"Conferenties en congressen in Goslar"},"content":{"rendered":"\n<h2 class=\"wp-block-heading\">Conferenties en congressen in de UNESCO Werelderfgoedstad Goslar<\/h2>\n\n\n\n<p><strong>Conferenties en congressen in de UNESCO Werelderfgoedstad Goslar:<\/strong><\/p>\n\n\n\n<p>Overleg en verblijf in de UNESCO Werelderfgoedstad Goslar en laat u inspireren door de uitstekende mogelijkheden om succesvolle evenementen te organiseren in een buitengewone omgeving. Alle bezienswaardigheden, evenementenlocaties en congreslocaties liggen op loopafstand.<br>Perspectieven verbreden, teams vormen, individuele vaardigheden trainen, problemen begrijpen en oplossingen vinden &#8211; ver weg van de grote agglomeraties vind je een droomcombinatie van geschiedenis in oude stadsmuren en de pure natuur van het Harzgebergte. Het podium waarop ooit wereldgeschiedenis werd geschreven, ligt voor je open.<\/p>\n\n\n\n\n<div class=\"banner-wrapper\">\n  <div class=\"banner-inner \">\n      <div class=\"img-container\">\n      <div class=\"img-wrapper\">\n        <img decoding=\"async\" src=\"https:\/\/9staedte.de\/wp-content\/smush-webp\/2023\/02\/Tagung-in-Goslar-Grosses-Heiliges-Kreuz.jpg.webp\" alt=\"Op de foto zie je een grote zaal met houten balken. Veel mensen zitten aan lange tafels. Er is eten en drinken. Een man spreekt bij een lessenaar. De muren zijn oud en van steen. De zaal heet: Gro\u00dfes Heiliges Kreuz in Goslar. Het is een bijeenkomst of vergadering.\" \/>\n                  <div class=\"thumbnail-label\">\n            <span>Tagung in Goslar Gro\u00dfes Heiliges Kreuz<\/span>\n          <\/div>\n              <\/div>\n    <\/div>\n        <div class=\"text-container\">\n      <div class=\"content\">\n        <h3>9 Tipps f\u00fcr Ihre Veranstaltung in Goslar<\/h3>\n<p>&#8211; Hotel Der ACHTERMANN \u2013 Das historische Haus mit besonderem Ambiente, welches Tradition und Moderne geschmackvoll vereint, liegt zentral an der Fu\u00dfg\u00e4ngerzone und in Bahnhofsn\u00e4he.<br \/>\n\u2013 Hotel Nieders\u00e4chsischer Hof \u2013 Das stilvolle, traditionsreiche Haus wurde in Zusammenarbeit mit dem bekannten M\u00f6nchehaus Museum f\u00fcr Moderne Kunst mit vielen Kunstwerken ausgestattet und liegt zentral, dem Bahnhofsplatz gegen\u00fcber.<br \/>\n\u2013 Hotel &amp; Restaurant Schiefer \u2013 Das Hotel &amp; Restaurant Schiefer bietet Ihnen ein atemberaubendes Wohnerlebnis am historischen Marktplatz und die besten Voraussetzungen f\u00fcr Tagungen und Seminare.<br \/>\n\u2013 Klosterhotel W\u00f6ltingerode \u2013 Schon aus Tradition ist das Kloster ein Ort der Begegnung und bietet viel Platz zum Tagen und Arbeiten. Das stimmungsvolle Ambiente der Tagungsr\u00e4ume l\u00e4dt Sie ein.<\/p>\n<p>Au\u00dfergew\u00f6hnliche Tagungslocations:<br \/>\n\u2013 UNESCO Weltkulturerbe Rammelsberg \u2013 Erleben Sie das besondere Highlight: Tagen untertage! (max.  650 Personen)<br \/>\n&#8211; Kaiserpfalz \u2013 Tagen, wo einst die Kaiser Weltgeschichte schrieben. (Max. 515 Personen)<br \/>\nTipp: Als Alternative f\u00fcr kleinere Veranstaltungen steht der 120 qm gro\u00dfe \u201eWintersaal\u201c zur Verf\u00fcgung. (max. 515 Personen)<br \/>\n&#8211;  Gro\u00dfes Heiliges Kreuz \u2013 Die \u201eD\u00e4le\u201c des Gro\u00dfen Heiligen Kreuzes bietet eine unvergleichliche Atmosph\u00e4re f\u00fcr Ihre Veranstaltung. (max. 99 Personen)<br \/>\n&#8211; Siemenshaus \u2013  Tagen Sie im 1693 erbauten Stammsitz der Industriellenfamilie und eines der gr\u00f6\u00dften B\u00fcrgerh\u00e4user der Stadt. (max. 50 Personen)<\/p>\n      <\/div>\n    <\/div>\n    <\/div>\n<\/div>\n\n","protected":false},"excerpt":{"rendered":"<p>Conferenties en congressen in de UNESCO Werelderfgoedstad Goslar Conferenties en congressen in de UNESCO Werelderfgoedstad Goslar: Overleg en verblijf in de UNESCO Werelderfgoedstad Goslar en laat u inspireren door de uitstekende mogelijkheden om succesvolle evenementen te organiseren in een buitengewone omgeving. Alle bezienswaardigheden, evenementenlocaties en congreslocaties liggen op loopafstand.Perspectieven verbreden, teams vormen, individuele vaardigheden trainen, [&hellip;]<\/p>\n","protected":false},"author":1,"featured_media":9470,"parent":9734,"menu_order":0,"comment_status":"closed","ping_status":"closed","template":"pagetemplates\/template-stadtthema.php","meta":{"_acf_changed":false,"footnotes":""},"categories":[],"tags":[],"ncap_cities_tax":[440,1147],"class_list":["post-9464","page","type-page","status-publish","has-post-thumbnail","hentry","ncap_cities_tax-goslar-nl","ncap_cities_tax-tagungen-und-kongresse-goslar-nl"],"acf":[],"yoast_head":"<!-- This site is optimized with the Yoast SEO plugin v27.4 - https:\/\/yoast.com\/product\/yoast-seo-wordpress\/ -->\n<title>Conferenties en congressen in Goslar - 9 St\u00e4dte in Niedersachsen<\/title>\n<meta name=\"robots\" content=\"index, follow, max-snippet:-1, max-image-preview:large, max-video-preview:-1\" \/>\n<link rel=\"canonical\" href=\"https:\/\/9staedte.de\/nl\/goslar-werelderfgoed-in-het-harzgebergte\/conferenties-en-congressen-in-goslar\/\" \/>\n<meta property=\"og:locale\" content=\"nl_NL\" \/>\n<meta property=\"og:type\" content=\"article\" \/>\n<meta property=\"og:title\" content=\"Conferenties en congressen in Goslar - 9 St\u00e4dte in Niedersachsen\" \/>\n<meta property=\"og:description\" content=\"Conferenties en congressen in de UNESCO Werelderfgoedstad Goslar Conferenties en congressen in de UNESCO Werelderfgoedstad Goslar: Overleg en verblijf in de UNESCO Werelderfgoedstad Goslar en laat u inspireren door de uitstekende mogelijkheden om succesvolle evenementen te organiseren in een buitengewone omgeving. Alle bezienswaardigheden, evenementenlocaties en congreslocaties liggen op loopafstand.Perspectieven verbreden, teams vormen, individuele vaardigheden trainen, [&hellip;]\" \/>\n<meta property=\"og:url\" content=\"https:\/\/9staedte.de\/nl\/goslar-werelderfgoed-in-het-harzgebergte\/conferenties-en-congressen-in-goslar\/\" \/>\n<meta property=\"og:site_name\" content=\"9 St\u00e4dte in Niedersachsen\" \/>\n<meta property=\"article:modified_time\" content=\"2024-05-08T13:25:54+00:00\" \/>\n<meta property=\"og:image\" content=\"https:\/\/9staedte.de\/wp-content\/uploads\/2023\/02\/Goslar-Kaiserpfalz-c-GOSLAR-marketing-gmbh-Fotograf-Stefan-Schiefer.jpg\" \/>\n\t<meta property=\"og:image:width\" content=\"1020\" \/>\n\t<meta property=\"og:image:height\" content=\"559\" \/>\n\t<meta property=\"og:image:type\" content=\"image\/jpeg\" \/>\n<meta name=\"twitter:card\" content=\"summary_large_image\" \/>\n<meta name=\"twitter:label1\" content=\"Geschatte leestijd\" \/>\n\t<meta name=\"twitter:data1\" content=\"1 minuut\" \/>\n<script type=\"application\/ld+json\" class=\"yoast-schema-graph\">{\"@context\":\"https:\\\/\\\/schema.org\",\"@graph\":[{\"@type\":\"WebPage\",\"@id\":\"https:\\\/\\\/9staedte.de\\\/nl\\\/goslar-werelderfgoed-in-het-harzgebergte\\\/conferenties-en-congressen-in-goslar\\\/\",\"url\":\"https:\\\/\\\/9staedte.de\\\/nl\\\/goslar-werelderfgoed-in-het-harzgebergte\\\/conferenties-en-congressen-in-goslar\\\/\",\"name\":\"Conferenties en congressen in Goslar - 9 St\u00e4dte in Niedersachsen\",\"isPartOf\":{\"@id\":\"https:\\\/\\\/9staedte.de\\\/nl\\\/#website\"},\"primaryImageOfPage\":{\"@id\":\"https:\\\/\\\/9staedte.de\\\/nl\\\/goslar-werelderfgoed-in-het-harzgebergte\\\/conferenties-en-congressen-in-goslar\\\/#primaryimage\"},\"image\":{\"@id\":\"https:\\\/\\\/9staedte.de\\\/nl\\\/goslar-werelderfgoed-in-het-harzgebergte\\\/conferenties-en-congressen-in-goslar\\\/#primaryimage\"},\"thumbnailUrl\":\"https:\\\/\\\/9staedte.de\\\/wp-content\\\/uploads\\\/2023\\\/02\\\/Goslar-Kaiserpfalz-c-GOSLAR-marketing-gmbh-Fotograf-Stefan-Schiefer.jpg\",\"datePublished\":\"2023-09-28T14:57:07+00:00\",\"dateModified\":\"2024-05-08T13:25:54+00:00\",\"breadcrumb\":{\"@id\":\"https:\\\/\\\/9staedte.de\\\/nl\\\/goslar-werelderfgoed-in-het-harzgebergte\\\/conferenties-en-congressen-in-goslar\\\/#breadcrumb\"},\"inLanguage\":\"nl-NL\",\"potentialAction\":[{\"@type\":\"ReadAction\",\"target\":[\"https:\\\/\\\/9staedte.de\\\/nl\\\/goslar-werelderfgoed-in-het-harzgebergte\\\/conferenties-en-congressen-in-goslar\\\/\"]}]},{\"@type\":\"ImageObject\",\"inLanguage\":\"nl-NL\",\"@id\":\"https:\\\/\\\/9staedte.de\\\/nl\\\/goslar-werelderfgoed-in-het-harzgebergte\\\/conferenties-en-congressen-in-goslar\\\/#primaryimage\",\"url\":\"https:\\\/\\\/9staedte.de\\\/wp-content\\\/uploads\\\/2023\\\/02\\\/Goslar-Kaiserpfalz-c-GOSLAR-marketing-gmbh-Fotograf-Stefan-Schiefer.jpg\",\"contentUrl\":\"https:\\\/\\\/9staedte.de\\\/wp-content\\\/uploads\\\/2023\\\/02\\\/Goslar-Kaiserpfalz-c-GOSLAR-marketing-gmbh-Fotograf-Stefan-Schiefer.jpg\",\"width\":1020,\"height\":559,\"caption\":\"Goslar Kaiserpfalz c) GOSLAR marketing gmbh Fotograf Stefan Schiefer\"},{\"@type\":\"BreadcrumbList\",\"@id\":\"https:\\\/\\\/9staedte.de\\\/nl\\\/goslar-werelderfgoed-in-het-harzgebergte\\\/conferenties-en-congressen-in-goslar\\\/#breadcrumb\",\"itemListElement\":[{\"@type\":\"ListItem\",\"position\":1,\"name\":\"Startseite\",\"item\":\"https:\\\/\\\/9staedte.de\\\/nl\\\/\"},{\"@type\":\"ListItem\",\"position\":2,\"name\":\"Goslar &#8211; Werelderfgoed in het Harzgebergte\",\"item\":\"https:\\\/\\\/9staedte.de\\\/nl\\\/goslar-werelderfgoed-in-het-harzgebergte\\\/\"},{\"@type\":\"ListItem\",\"position\":3,\"name\":\"Conferenties en congressen in Goslar\"}]},{\"@type\":\"WebSite\",\"@id\":\"https:\\\/\\\/9staedte.de\\\/nl\\\/#website\",\"url\":\"https:\\\/\\\/9staedte.de\\\/nl\\\/\",\"name\":\"9 St\u00e4dte in Niedersachsen\",\"description\":\"\",\"publisher\":{\"@id\":\"https:\\\/\\\/9staedte.de\\\/nl\\\/#organization\"},\"potentialAction\":[{\"@type\":\"SearchAction\",\"target\":{\"@type\":\"EntryPoint\",\"urlTemplate\":\"https:\\\/\\\/9staedte.de\\\/nl\\\/?s={search_term_string}\"},\"query-input\":{\"@type\":\"PropertyValueSpecification\",\"valueRequired\":true,\"valueName\":\"search_term_string\"}}],\"inLanguage\":\"nl-NL\"},{\"@type\":\"Organization\",\"@id\":\"https:\\\/\\\/9staedte.de\\\/nl\\\/#organization\",\"name\":\"9 St\u00e4dte in Niedersachsen\",\"url\":\"https:\\\/\\\/9staedte.de\\\/nl\\\/\",\"logo\":{\"@type\":\"ImageObject\",\"inLanguage\":\"nl-NL\",\"@id\":\"https:\\\/\\\/9staedte.de\\\/nl\\\/#\\\/schema\\\/logo\\\/image\\\/\",\"url\":\"https:\\\/\\\/9staedte.de\\\/wp-content\\\/uploads\\\/2025\\\/01\\\/9-neg-deutsch-2-1.png\",\"contentUrl\":\"https:\\\/\\\/9staedte.de\\\/wp-content\\\/uploads\\\/2025\\\/01\\\/9-neg-deutsch-2-1.png\",\"width\":190,\"height\":114,\"caption\":\"9 St\u00e4dte in Niedersachsen\"},\"image\":{\"@id\":\"https:\\\/\\\/9staedte.de\\\/nl\\\/#\\\/schema\\\/logo\\\/image\\\/\"}}]}<\/script>\n<!-- \/ Yoast SEO plugin. -->","yoast_head_json":{"title":"Conferenties en congressen in Goslar - 9 St\u00e4dte in Niedersachsen","robots":{"index":"index","follow":"follow","max-snippet":"max-snippet:-1","max-image-preview":"max-image-preview:large","max-video-preview":"max-video-preview:-1"},"canonical":"https:\/\/9staedte.de\/nl\/goslar-werelderfgoed-in-het-harzgebergte\/conferenties-en-congressen-in-goslar\/","og_locale":"nl_NL","og_type":"article","og_title":"Conferenties en congressen in Goslar - 9 St\u00e4dte in Niedersachsen","og_description":"Conferenties en congressen in de UNESCO Werelderfgoedstad Goslar Conferenties en congressen in de UNESCO Werelderfgoedstad Goslar: Overleg en verblijf in de UNESCO Werelderfgoedstad Goslar en laat u inspireren door de uitstekende mogelijkheden om succesvolle evenementen te organiseren in een buitengewone omgeving. Alle bezienswaardigheden, evenementenlocaties en congreslocaties liggen op loopafstand.Perspectieven verbreden, teams vormen, individuele vaardigheden trainen, [&hellip;]","og_url":"https:\/\/9staedte.de\/nl\/goslar-werelderfgoed-in-het-harzgebergte\/conferenties-en-congressen-in-goslar\/","og_site_name":"9 St\u00e4dte in Niedersachsen","article_modified_time":"2024-05-08T13:25:54+00:00","og_image":[{"width":1020,"height":559,"url":"https:\/\/9staedte.de\/wp-content\/uploads\/2023\/02\/Goslar-Kaiserpfalz-c-GOSLAR-marketing-gmbh-Fotograf-Stefan-Schiefer.jpg","type":"image\/jpeg"}],"twitter_card":"summary_large_image","twitter_misc":{"Geschatte leestijd":"1 minuut"},"schema":{"@context":"https:\/\/schema.org","@graph":[{"@type":"WebPage","@id":"https:\/\/9staedte.de\/nl\/goslar-werelderfgoed-in-het-harzgebergte\/conferenties-en-congressen-in-goslar\/","url":"https:\/\/9staedte.de\/nl\/goslar-werelderfgoed-in-het-harzgebergte\/conferenties-en-congressen-in-goslar\/","name":"Conferenties en congressen in Goslar - 9 St\u00e4dte in Niedersachsen","isPartOf":{"@id":"https:\/\/9staedte.de\/nl\/#website"},"primaryImageOfPage":{"@id":"https:\/\/9staedte.de\/nl\/goslar-werelderfgoed-in-het-harzgebergte\/conferenties-en-congressen-in-goslar\/#primaryimage"},"image":{"@id":"https:\/\/9staedte.de\/nl\/goslar-werelderfgoed-in-het-harzgebergte\/conferenties-en-congressen-in-goslar\/#primaryimage"},"thumbnailUrl":"https:\/\/9staedte.de\/wp-content\/uploads\/2023\/02\/Goslar-Kaiserpfalz-c-GOSLAR-marketing-gmbh-Fotograf-Stefan-Schiefer.jpg","datePublished":"2023-09-28T14:57:07+00:00","dateModified":"2024-05-08T13:25:54+00:00","breadcrumb":{"@id":"https:\/\/9staedte.de\/nl\/goslar-werelderfgoed-in-het-harzgebergte\/conferenties-en-congressen-in-goslar\/#breadcrumb"},"inLanguage":"nl-NL","potentialAction":[{"@type":"ReadAction","target":["https:\/\/9staedte.de\/nl\/goslar-werelderfgoed-in-het-harzgebergte\/conferenties-en-congressen-in-goslar\/"]}]},{"@type":"ImageObject","inLanguage":"nl-NL","@id":"https:\/\/9staedte.de\/nl\/goslar-werelderfgoed-in-het-harzgebergte\/conferenties-en-congressen-in-goslar\/#primaryimage","url":"https:\/\/9staedte.de\/wp-content\/uploads\/2023\/02\/Goslar-Kaiserpfalz-c-GOSLAR-marketing-gmbh-Fotograf-Stefan-Schiefer.jpg","contentUrl":"https:\/\/9staedte.de\/wp-content\/uploads\/2023\/02\/Goslar-Kaiserpfalz-c-GOSLAR-marketing-gmbh-Fotograf-Stefan-Schiefer.jpg","width":1020,"height":559,"caption":"Goslar Kaiserpfalz c) GOSLAR marketing gmbh Fotograf Stefan Schiefer"},{"@type":"BreadcrumbList","@id":"https:\/\/9staedte.de\/nl\/goslar-werelderfgoed-in-het-harzgebergte\/conferenties-en-congressen-in-goslar\/#breadcrumb","itemListElement":[{"@type":"ListItem","position":1,"name":"Startseite","item":"https:\/\/9staedte.de\/nl\/"},{"@type":"ListItem","position":2,"name":"Goslar &#8211; Werelderfgoed in het Harzgebergte","item":"https:\/\/9staedte.de\/nl\/goslar-werelderfgoed-in-het-harzgebergte\/"},{"@type":"ListItem","position":3,"name":"Conferenties en congressen in Goslar"}]},{"@type":"WebSite","@id":"https:\/\/9staedte.de\/nl\/#website","url":"https:\/\/9staedte.de\/nl\/","name":"9 St\u00e4dte in Niedersachsen","description":"","publisher":{"@id":"https:\/\/9staedte.de\/nl\/#organization"},"potentialAction":[{"@type":"SearchAction","target":{"@type":"EntryPoint","urlTemplate":"https:\/\/9staedte.de\/nl\/?s={search_term_string}"},"query-input":{"@type":"PropertyValueSpecification","valueRequired":true,"valueName":"search_term_string"}}],"inLanguage":"nl-NL"},{"@type":"Organization","@id":"https:\/\/9staedte.de\/nl\/#organization","name":"9 St\u00e4dte in Niedersachsen","url":"https:\/\/9staedte.de\/nl\/","logo":{"@type":"ImageObject","inLanguage":"nl-NL","@id":"https:\/\/9staedte.de\/nl\/#\/schema\/logo\/image\/","url":"https:\/\/9staedte.de\/wp-content\/uploads\/2025\/01\/9-neg-deutsch-2-1.png","contentUrl":"https:\/\/9staedte.de\/wp-content\/uploads\/2025\/01\/9-neg-deutsch-2-1.png","width":190,"height":114,"caption":"9 St\u00e4dte in Niedersachsen"},"image":{"@id":"https:\/\/9staedte.de\/nl\/#\/schema\/logo\/image\/"}}]}},"_links":{"self":[{"href":"https:\/\/9staedte.de\/nl\/wp-json\/wp\/v2\/pages\/9464","targetHints":{"allow":["GET"]}}],"collection":[{"href":"https:\/\/9staedte.de\/nl\/wp-json\/wp\/v2\/pages"}],"about":[{"href":"https:\/\/9staedte.de\/nl\/wp-json\/wp\/v2\/types\/page"}],"author":[{"embeddable":true,"href":"https:\/\/9staedte.de\/nl\/wp-json\/wp\/v2\/users\/1"}],"replies":[{"embeddable":true,"href":"https:\/\/9staedte.de\/nl\/wp-json\/wp\/v2\/comments?post=9464"}],"version-history":[{"count":3,"href":"https:\/\/9staedte.de\/nl\/wp-json\/wp\/v2\/pages\/9464\/revisions"}],"predecessor-version":[{"id":22284,"href":"https:\/\/9staedte.de\/nl\/wp-json\/wp\/v2\/pages\/9464\/revisions\/22284"}],"up":[{"embeddable":true,"href":"https:\/\/9staedte.de\/nl\/wp-json\/wp\/v2\/pages\/9734"}],"wp:featuredmedia":[{"embeddable":true,"href":"https:\/\/9staedte.de\/nl\/wp-json\/wp\/v2\/media\/9470"}],"wp:attachment":[{"href":"https:\/\/9staedte.de\/nl\/wp-json\/wp\/v2\/media?parent=9464"}],"wp:term":[{"taxonomy":"category","embeddable":true,"href":"https:\/\/9staedte.de\/nl\/wp-json\/wp\/v2\/categories?post=9464"},{"taxonomy":"post_tag","embeddable":true,"href":"https:\/\/9staedte.de\/nl\/wp-json\/wp\/v2\/tags?post=9464"},{"taxonomy":"ncap_cities_tax","embeddable":true,"href":"https:\/\/9staedte.de\/nl\/wp-json\/wp\/v2\/ncap_cities_tax?post=9464"}],"curies":[{"name":"wp","href":"https:\/\/api.w.org\/{rel}","templated":true}]}}