{"id":9428,"date":"2023-09-28T16:57:08","date_gmt":"2023-09-28T14:57:08","guid":{"rendered":"https:\/\/9staedte.de\/goslar-duurzaam-ontdekken\/"},"modified":"2024-05-08T15:15:11","modified_gmt":"2024-05-08T13:15:11","slug":"goslar-duurzaam-ontdekken","status":"publish","type":"page","link":"https:\/\/9staedte.de\/nl\/goslar-werelderfgoed-in-het-harzgebergte\/goslar-duurzaam-ontdekken\/","title":{"rendered":"Goslar &#8211; duurzaam ontdekken"},"content":{"rendered":"\n<h2 class=\"wp-block-heading\">Onvergetelijke momenten in de keizerlijke stad<\/h2>\n\n\n\n<p>Beleef onvergetelijke momenten in de duizend jaar oude keizerlijke stad. Ontdek middeleeuwse magie, smalle steegjes, met leien beklede vakwerkhuizen en nostalgische flair. Dompel jezelf onder in de geschiedenis, verheug je op indrukwekkende historische architectuur en ontdek je persoonlijke hoogtepunten. Tijdens een wandeling of een begeleide fietstocht kun je even bijkomen van het dagelijks leven en genieten van de frisse lucht in het Harzgebergte.<\/p>\n\n\n\n\n<div class=\"banner-wrapper\">\n  <div class=\"banner-inner \">\n      <div class=\"img-container\">\n      <div class=\"img-wrapper\">\n        <img decoding=\"async\" src=\"https:\/\/9staedte.de\/wp-content\/smush-webp\/2023\/02\/Goslar-c-Martin-Kirchner.jpg.webp\" alt=\"Op de foto zie je een oude straat in Goslar. Aan beide kanten staan vakwerkhuizen. De straat is van kleine stenen. Twee mensen fietsen. De zon schijnt op de huizen. Het ziet er rustig en gezellig uit.\" \/>\n                  <div class=\"thumbnail-label\">\n            <span>Goslar, Peterstrasse c) Martin Kirchner<\/span>\n          <\/div>\n              <\/div>\n    <\/div>\n        <div class=\"text-container\">\n      <div class=\"content\">\n        <h2>Goslar duurzaam beleven: 9 tips<\/h2>\n<p>&#8211; Ontspan tijdens je treinreis &#8211; Goslar heeft een treinverbinding (regionaal vervoer), bijvoorbeeld naar de ICE treinstations in Hannover, Hildesheim en Braunschweig.<\/p>\n<p>&#8211; Verken het Harzgebergte per bus en trein. Overnachtende gasten reizen gratis met HATIX.<\/p>\n<p>&#8211; Proef vegetarische en veganistische lekkernijen in de Schneeweiss &amp; Rosenrot caf\u00e9-bistro of in het Soup &amp; Soul Kitchen restaurant.<\/p>\n<p>&#8211; Bespaar op plastic bij het winkelen en bezoek het Unverpackt Laden Goslar.<\/p>\n<p>&#8211; Geniet bewust en regionaal met het merk &#8220;Typisch Harz&#8221;, bijvoorbeeld bij B\u00e4cker Braun, Brauhaus Goslar, Klosterbrennerei W\u00f6ltingerode, Fleischerei Henning Klu\u00df of Klosterimkerei Grauhof.<\/p>\n<p>&#8211; Wandel over een van de wekelijkse markten van Goslar en koop verse regionale en seizoensproducten van plaatselijke handelaren.<\/p>\n<p>&#8211; Wandel door de gezellige steegjes van de oude binnenstad van Goslar met zijn eigen winkels en opvallende leistenen vakwerkhuizen en verken de stad met onze audiogids.<\/p>\n<p>&#8211; Ontdek het Harzgebergte en zijn prachtige natuur op twee wielen tijdens een fietstocht met gids per e-bike, trekkingfiets of mountainbike.<\/p>\n<p>&#8211; Wandel over de Liebesbankweg in Hahnenklee en geniet van de natuur.<\/p>\n      <\/div>\n    <\/div>\n    <\/div>\n<\/div>\n\n","protected":false},"excerpt":{"rendered":"<p>Onvergetelijke momenten in de keizerlijke stad Beleef onvergetelijke momenten in de duizend jaar oude keizerlijke stad. Ontdek middeleeuwse magie, smalle steegjes, met leien beklede vakwerkhuizen en nostalgische flair. Dompel jezelf onder in de geschiedenis, verheug je op indrukwekkende historische architectuur en ontdek je persoonlijke hoogtepunten. Tijdens een wandeling of een begeleide fietstocht kun je even [&hellip;]<\/p>\n","protected":false},"author":1,"featured_media":9435,"parent":9734,"menu_order":0,"comment_status":"closed","ping_status":"closed","template":"pagetemplates\/template-stadtthema.php","meta":{"_acf_changed":false,"footnotes":""},"categories":[],"tags":[],"ncap_cities_tax":[440,979],"class_list":["post-9428","page","type-page","status-publish","has-post-thumbnail","hentry","ncap_cities_tax-goslar-nl","ncap_cities_tax-naturerlebnisse-und-nachhaltigkeit-goslar-nl"],"acf":[],"yoast_head":"<!-- This site is optimized with the Yoast SEO plugin v26.8 - https:\/\/yoast.com\/product\/yoast-seo-wordpress\/ -->\n<title>Goslar - duurzaam ontdekken - 9 St\u00e4dte in Niedersachsen<\/title>\n<meta name=\"robots\" content=\"index, follow, max-snippet:-1, max-image-preview:large, max-video-preview:-1\" \/>\n<link rel=\"canonical\" href=\"https:\/\/9staedte.de\/nl\/goslar-werelderfgoed-in-het-harzgebergte\/goslar-duurzaam-ontdekken\/\" \/>\n<meta property=\"og:locale\" content=\"nl_NL\" \/>\n<meta property=\"og:type\" content=\"article\" \/>\n<meta property=\"og:title\" content=\"Goslar - duurzaam ontdekken - 9 St\u00e4dte in Niedersachsen\" \/>\n<meta property=\"og:description\" content=\"Onvergetelijke momenten in de keizerlijke stad Beleef onvergetelijke momenten in de duizend jaar oude keizerlijke stad. Ontdek middeleeuwse magie, smalle steegjes, met leien beklede vakwerkhuizen en nostalgische flair. Dompel jezelf onder in de geschiedenis, verheug je op indrukwekkende historische architectuur en ontdek je persoonlijke hoogtepunten. Tijdens een wandeling of een begeleide fietstocht kun je even [&hellip;]\" \/>\n<meta property=\"og:url\" content=\"https:\/\/9staedte.de\/nl\/goslar-werelderfgoed-in-het-harzgebergte\/goslar-duurzaam-ontdekken\/\" \/>\n<meta property=\"og:site_name\" content=\"9 St\u00e4dte in Niedersachsen\" \/>\n<meta property=\"article:modified_time\" content=\"2024-05-08T13:15:11+00:00\" \/>\n<meta property=\"og:image\" content=\"https:\/\/9staedte.de\/wp-content\/uploads\/2023\/02\/Mountainbiking_GOSLAR_marketing_gmbh.jpg\" \/>\n\t<meta property=\"og:image:width\" content=\"1020\" \/>\n\t<meta property=\"og:image:height\" content=\"569\" \/>\n\t<meta property=\"og:image:type\" content=\"image\/jpeg\" \/>\n<meta name=\"twitter:card\" content=\"summary_large_image\" \/>\n<meta name=\"twitter:label1\" content=\"Geschatte leestijd\" \/>\n\t<meta name=\"twitter:data1\" content=\"1 minuut\" \/>\n<script type=\"application\/ld+json\" class=\"yoast-schema-graph\">{\"@context\":\"https:\/\/schema.org\",\"@graph\":[{\"@type\":\"WebPage\",\"@id\":\"https:\/\/9staedte.de\/nl\/goslar-werelderfgoed-in-het-harzgebergte\/goslar-duurzaam-ontdekken\/\",\"url\":\"https:\/\/9staedte.de\/nl\/goslar-werelderfgoed-in-het-harzgebergte\/goslar-duurzaam-ontdekken\/\",\"name\":\"Goslar - duurzaam ontdekken - 9 St\u00e4dte in Niedersachsen\",\"isPartOf\":{\"@id\":\"https:\/\/9staedte.de\/nl\/#website\"},\"primaryImageOfPage\":{\"@id\":\"https:\/\/9staedte.de\/nl\/goslar-werelderfgoed-in-het-harzgebergte\/goslar-duurzaam-ontdekken\/#primaryimage\"},\"image\":{\"@id\":\"https:\/\/9staedte.de\/nl\/goslar-werelderfgoed-in-het-harzgebergte\/goslar-duurzaam-ontdekken\/#primaryimage\"},\"thumbnailUrl\":\"https:\/\/9staedte.de\/wp-content\/uploads\/2023\/02\/Mountainbiking_GOSLAR_marketing_gmbh.jpg\",\"datePublished\":\"2023-09-28T14:57:08+00:00\",\"dateModified\":\"2024-05-08T13:15:11+00:00\",\"breadcrumb\":{\"@id\":\"https:\/\/9staedte.de\/nl\/goslar-werelderfgoed-in-het-harzgebergte\/goslar-duurzaam-ontdekken\/#breadcrumb\"},\"inLanguage\":\"nl-NL\",\"potentialAction\":[{\"@type\":\"ReadAction\",\"target\":[\"https:\/\/9staedte.de\/nl\/goslar-werelderfgoed-in-het-harzgebergte\/goslar-duurzaam-ontdekken\/\"]}]},{\"@type\":\"ImageObject\",\"inLanguage\":\"nl-NL\",\"@id\":\"https:\/\/9staedte.de\/nl\/goslar-werelderfgoed-in-het-harzgebergte\/goslar-duurzaam-ontdekken\/#primaryimage\",\"url\":\"https:\/\/9staedte.de\/wp-content\/uploads\/2023\/02\/Mountainbiking_GOSLAR_marketing_gmbh.jpg\",\"contentUrl\":\"https:\/\/9staedte.de\/wp-content\/uploads\/2023\/02\/Mountainbiking_GOSLAR_marketing_gmbh.jpg\",\"width\":1020,\"height\":569,\"caption\":\"Mountainbiking_GOSLAR_marketing_gmbh\"},{\"@type\":\"BreadcrumbList\",\"@id\":\"https:\/\/9staedte.de\/nl\/goslar-werelderfgoed-in-het-harzgebergte\/goslar-duurzaam-ontdekken\/#breadcrumb\",\"itemListElement\":[{\"@type\":\"ListItem\",\"position\":1,\"name\":\"Startseite\",\"item\":\"https:\/\/9staedte.de\/nl\/\"},{\"@type\":\"ListItem\",\"position\":2,\"name\":\"Goslar &#8211; Werelderfgoed in het Harzgebergte\",\"item\":\"https:\/\/9staedte.de\/nl\/goslar-werelderfgoed-in-het-harzgebergte\/\"},{\"@type\":\"ListItem\",\"position\":3,\"name\":\"Goslar &#8211; duurzaam ontdekken\"}]},{\"@type\":\"WebSite\",\"@id\":\"https:\/\/9staedte.de\/nl\/#website\",\"url\":\"https:\/\/9staedte.de\/nl\/\",\"name\":\"9 St\u00e4dte in Niedersachsen\",\"description\":\"\",\"publisher\":{\"@id\":\"https:\/\/9staedte.de\/nl\/#organization\"},\"potentialAction\":[{\"@type\":\"SearchAction\",\"target\":{\"@type\":\"EntryPoint\",\"urlTemplate\":\"https:\/\/9staedte.de\/nl\/?s={search_term_string}\"},\"query-input\":{\"@type\":\"PropertyValueSpecification\",\"valueRequired\":true,\"valueName\":\"search_term_string\"}}],\"inLanguage\":\"nl-NL\"},{\"@type\":\"Organization\",\"@id\":\"https:\/\/9staedte.de\/nl\/#organization\",\"name\":\"9 St\u00e4dte in Niedersachsen\",\"url\":\"https:\/\/9staedte.de\/nl\/\",\"logo\":{\"@type\":\"ImageObject\",\"inLanguage\":\"nl-NL\",\"@id\":\"https:\/\/9staedte.de\/nl\/#\/schema\/logo\/image\/\",\"url\":\"https:\/\/9staedte.de\/wp-content\/uploads\/2025\/01\/9-neg-deutsch-2-1.png\",\"contentUrl\":\"https:\/\/9staedte.de\/wp-content\/uploads\/2025\/01\/9-neg-deutsch-2-1.png\",\"width\":190,\"height\":114,\"caption\":\"9 St\u00e4dte in Niedersachsen\"},\"image\":{\"@id\":\"https:\/\/9staedte.de\/nl\/#\/schema\/logo\/image\/\"}}]}<\/script>\n<!-- \/ Yoast SEO plugin. -->","yoast_head_json":{"title":"Goslar - duurzaam ontdekken - 9 St\u00e4dte in Niedersachsen","robots":{"index":"index","follow":"follow","max-snippet":"max-snippet:-1","max-image-preview":"max-image-preview:large","max-video-preview":"max-video-preview:-1"},"canonical":"https:\/\/9staedte.de\/nl\/goslar-werelderfgoed-in-het-harzgebergte\/goslar-duurzaam-ontdekken\/","og_locale":"nl_NL","og_type":"article","og_title":"Goslar - duurzaam ontdekken - 9 St\u00e4dte in Niedersachsen","og_description":"Onvergetelijke momenten in de keizerlijke stad Beleef onvergetelijke momenten in de duizend jaar oude keizerlijke stad. Ontdek middeleeuwse magie, smalle steegjes, met leien beklede vakwerkhuizen en nostalgische flair. Dompel jezelf onder in de geschiedenis, verheug je op indrukwekkende historische architectuur en ontdek je persoonlijke hoogtepunten. Tijdens een wandeling of een begeleide fietstocht kun je even [&hellip;]","og_url":"https:\/\/9staedte.de\/nl\/goslar-werelderfgoed-in-het-harzgebergte\/goslar-duurzaam-ontdekken\/","og_site_name":"9 St\u00e4dte in Niedersachsen","article_modified_time":"2024-05-08T13:15:11+00:00","og_image":[{"width":1020,"height":569,"url":"https:\/\/9staedte.de\/wp-content\/uploads\/2023\/02\/Mountainbiking_GOSLAR_marketing_gmbh.jpg","type":"image\/jpeg"}],"twitter_card":"summary_large_image","twitter_misc":{"Geschatte leestijd":"1 minuut"},"schema":{"@context":"https:\/\/schema.org","@graph":[{"@type":"WebPage","@id":"https:\/\/9staedte.de\/nl\/goslar-werelderfgoed-in-het-harzgebergte\/goslar-duurzaam-ontdekken\/","url":"https:\/\/9staedte.de\/nl\/goslar-werelderfgoed-in-het-harzgebergte\/goslar-duurzaam-ontdekken\/","name":"Goslar - duurzaam ontdekken - 9 St\u00e4dte in Niedersachsen","isPartOf":{"@id":"https:\/\/9staedte.de\/nl\/#website"},"primaryImageOfPage":{"@id":"https:\/\/9staedte.de\/nl\/goslar-werelderfgoed-in-het-harzgebergte\/goslar-duurzaam-ontdekken\/#primaryimage"},"image":{"@id":"https:\/\/9staedte.de\/nl\/goslar-werelderfgoed-in-het-harzgebergte\/goslar-duurzaam-ontdekken\/#primaryimage"},"thumbnailUrl":"https:\/\/9staedte.de\/wp-content\/uploads\/2023\/02\/Mountainbiking_GOSLAR_marketing_gmbh.jpg","datePublished":"2023-09-28T14:57:08+00:00","dateModified":"2024-05-08T13:15:11+00:00","breadcrumb":{"@id":"https:\/\/9staedte.de\/nl\/goslar-werelderfgoed-in-het-harzgebergte\/goslar-duurzaam-ontdekken\/#breadcrumb"},"inLanguage":"nl-NL","potentialAction":[{"@type":"ReadAction","target":["https:\/\/9staedte.de\/nl\/goslar-werelderfgoed-in-het-harzgebergte\/goslar-duurzaam-ontdekken\/"]}]},{"@type":"ImageObject","inLanguage":"nl-NL","@id":"https:\/\/9staedte.de\/nl\/goslar-werelderfgoed-in-het-harzgebergte\/goslar-duurzaam-ontdekken\/#primaryimage","url":"https:\/\/9staedte.de\/wp-content\/uploads\/2023\/02\/Mountainbiking_GOSLAR_marketing_gmbh.jpg","contentUrl":"https:\/\/9staedte.de\/wp-content\/uploads\/2023\/02\/Mountainbiking_GOSLAR_marketing_gmbh.jpg","width":1020,"height":569,"caption":"Mountainbiking_GOSLAR_marketing_gmbh"},{"@type":"BreadcrumbList","@id":"https:\/\/9staedte.de\/nl\/goslar-werelderfgoed-in-het-harzgebergte\/goslar-duurzaam-ontdekken\/#breadcrumb","itemListElement":[{"@type":"ListItem","position":1,"name":"Startseite","item":"https:\/\/9staedte.de\/nl\/"},{"@type":"ListItem","position":2,"name":"Goslar &#8211; Werelderfgoed in het Harzgebergte","item":"https:\/\/9staedte.de\/nl\/goslar-werelderfgoed-in-het-harzgebergte\/"},{"@type":"ListItem","position":3,"name":"Goslar &#8211; duurzaam ontdekken"}]},{"@type":"WebSite","@id":"https:\/\/9staedte.de\/nl\/#website","url":"https:\/\/9staedte.de\/nl\/","name":"9 St\u00e4dte in Niedersachsen","description":"","publisher":{"@id":"https:\/\/9staedte.de\/nl\/#organization"},"potentialAction":[{"@type":"SearchAction","target":{"@type":"EntryPoint","urlTemplate":"https:\/\/9staedte.de\/nl\/?s={search_term_string}"},"query-input":{"@type":"PropertyValueSpecification","valueRequired":true,"valueName":"search_term_string"}}],"inLanguage":"nl-NL"},{"@type":"Organization","@id":"https:\/\/9staedte.de\/nl\/#organization","name":"9 St\u00e4dte in Niedersachsen","url":"https:\/\/9staedte.de\/nl\/","logo":{"@type":"ImageObject","inLanguage":"nl-NL","@id":"https:\/\/9staedte.de\/nl\/#\/schema\/logo\/image\/","url":"https:\/\/9staedte.de\/wp-content\/uploads\/2025\/01\/9-neg-deutsch-2-1.png","contentUrl":"https:\/\/9staedte.de\/wp-content\/uploads\/2025\/01\/9-neg-deutsch-2-1.png","width":190,"height":114,"caption":"9 St\u00e4dte in Niedersachsen"},"image":{"@id":"https:\/\/9staedte.de\/nl\/#\/schema\/logo\/image\/"}}]}},"_links":{"self":[{"href":"https:\/\/9staedte.de\/nl\/wp-json\/wp\/v2\/pages\/9428","targetHints":{"allow":["GET"]}}],"collection":[{"href":"https:\/\/9staedte.de\/nl\/wp-json\/wp\/v2\/pages"}],"about":[{"href":"https:\/\/9staedte.de\/nl\/wp-json\/wp\/v2\/types\/page"}],"author":[{"embeddable":true,"href":"https:\/\/9staedte.de\/nl\/wp-json\/wp\/v2\/users\/1"}],"replies":[{"embeddable":true,"href":"https:\/\/9staedte.de\/nl\/wp-json\/wp\/v2\/comments?post=9428"}],"version-history":[{"count":4,"href":"https:\/\/9staedte.de\/nl\/wp-json\/wp\/v2\/pages\/9428\/revisions"}],"predecessor-version":[{"id":22268,"href":"https:\/\/9staedte.de\/nl\/wp-json\/wp\/v2\/pages\/9428\/revisions\/22268"}],"up":[{"embeddable":true,"href":"https:\/\/9staedte.de\/nl\/wp-json\/wp\/v2\/pages\/9734"}],"wp:featuredmedia":[{"embeddable":true,"href":"https:\/\/9staedte.de\/nl\/wp-json\/wp\/v2\/media\/9435"}],"wp:attachment":[{"href":"https:\/\/9staedte.de\/nl\/wp-json\/wp\/v2\/media?parent=9428"}],"wp:term":[{"taxonomy":"category","embeddable":true,"href":"https:\/\/9staedte.de\/nl\/wp-json\/wp\/v2\/categories?post=9428"},{"taxonomy":"post_tag","embeddable":true,"href":"https:\/\/9staedte.de\/nl\/wp-json\/wp\/v2\/tags?post=9428"},{"taxonomy":"ncap_cities_tax","embeddable":true,"href":"https:\/\/9staedte.de\/nl\/wp-json\/wp\/v2\/ncap_cities_tax?post=9428"}],"curies":[{"name":"wp","href":"https:\/\/api.w.org\/{rel}","templated":true}]}}