{"id":9384,"date":"2023-09-28T16:58:12","date_gmt":"2023-09-28T14:58:12","guid":{"rendered":"https:\/\/9staedte.de\/conferenties-en-congressen-in-hildesheim\/"},"modified":"2023-10-25T11:42:08","modified_gmt":"2023-10-25T09:42:08","slug":"conferenties-en-congressen-in-hildesheim","status":"publish","type":"page","link":"https:\/\/9staedte.de\/nl\/hildesheim-unesco-werelderfgoedstad\/conferenties-en-congressen-in-hildesheim\/","title":{"rendered":"Conferenties en congressen in Hildesheim"},"content":{"rendered":"\n<h2 class=\"wp-block-heading\">Uw volgende evenement in Hildesheim<\/h2>\n\n\n\n<p>Net als de stad zelf zijn de conferentiehotels en -locaties in Hildesheim net zo divers: conferenties in stijlvolle hotels, effectieve presentaties in moderne evenementenruimtes of ongewone locaties, conferenties in het museum, vaklezingen in het UNESCO-werelderfgoed, bemiddelingsdagen in het klooster of collegereeksen aan de universiteit &#8211; Hildesheim biedt een aantrekkelijke omgeving en professionele servicestructuren voor vakdiscussies, conferenties en congressen.<\/p>\n\n\n\n\n<div class=\"banner-wrapper\">\n  <div class=\"banner-inner \">\n      <div class=\"img-container\">\n      <div class=\"img-wrapper\">\n        <img decoding=\"async\" src=\"https:\/\/9staedte.de\/wp-content\/smush-webp\/2023\/07\/Pelizaeus-Pavillon_Aussicht-c-RPM.jpg.webp\" alt=\"Op de foto zie je een feestelijk gedekte tafel. De tafel staat in een ruimte met een glazen muur. Buiten staan tafels en stoelen op een terras. Achterin zie je rode daken en een oud kasteel. Het uitzicht is mooi.\" \/>\n                  <div class=\"thumbnail-label\">\n            <span>Pelizeaus Pavillon im Roemer-  und Pelizeaus Museum <\/span>\n          <\/div>\n              <\/div>\n    <\/div>\n        <div class=\"text-container\">\n      <div class=\"content\">\n        <p><strong>Mit diesen 9 Tipps f\u00fcr Tagungen und Kongresse in Hildesheim : <\/strong><\/p>\n<p>\u2013  N\u00e4he zum gr\u00f6\u00dften Messegel\u00e4nde der Welt Hannover\/Laatzen<br \/>\n\u2013 Direkte Autobahnanbindung, ICE-Bahnhof, 30 min. zum Flughafen Hannover<br \/>\n\u2013 Multifunktionale Tagungsr\u00e4ume von 25 m\u00b2 bis knapp 2.000 m\u00b2<br \/>\n\u2013 Au\u00dfergew\u00f6hnliche Locations \u2013 Veranstaltungen im Welterbe und in Museen<br \/>\n\u2013 Knapp 5000  Betten in der Region<br \/>\n\u2013 Kurze Wege bei \u00fcber 100.000 Einwohnern<br \/>\n\u2013 Eine Universit\u00e4t und zwei Hochschulen<br \/>\n\u2013 UNESCO-Welterbe, vielf\u00e4ltige Kultur, historische Bauten und viel Gr\u00fcn<br \/>\n\u2013 Service aus einer Hand<\/p>\n      <\/div>\n    <\/div>\n    <\/div>\n<\/div>\n\n\n\n\n\n<div class=\"banner-wrapper\">\n  <div class=\"banner-inner reverse\">\n      <div class=\"img-container\">\n      <div class=\"img-wrapper\">\n        <img decoding=\"async\" src=\"https:\/\/9staedte.de\/wp-content\/smush-webp\/2023\/07\/Wollenweber_Tagungraum-im-Van-der-Valk-Hotel-Hildesheim.jpg.webp\" alt=\"Op de foto staat een kop koffie op een dienblad. Ernaast staat een glas water. Op het dienblad liggen ook een lepel, een koekje en suiker. Achterin zie je muffins op borden. Er branden twee waxinelichtjes op de tafel. Het ziet er rustig en gezellig uit.\" \/>\n                  <div class=\"thumbnail-label\">\n            <span>Wollenweber_Tagungraum im Van der Valk Hotel Hildesheim<\/span>\n          <\/div>\n              <\/div>\n    <\/div>\n        <div class=\"text-container\">\n      <div class=\"content\">\n        <p><strong>Angebots- und Serviceleistungen der Hildesheim Marketing GmbH<br \/>\n<\/strong><br \/>\nVon der Basisleistung bis zu Full-Services \u2013 wir unterst\u00fctzen Sie erfolgreiche Tagungen und Kongresse in Hildesheim bei f\u00fcr Sie minimalem Aufwand und geringem Risiko durchzuf\u00fchren. Unser Team steht Ihnen von der ersten Planung an bis hin zur Veranstaltungsdokumentation zur Seite. Bei uns finden Sie umfassende Informationen zu den Tagungsst\u00e4tten sowie zu professionellen Leistungsanbietern. Wir beraten bei der Festlegung Ihrer Tagungsorte, organisieren ausgefallene Rahmenprogramme und verwalten die Hotelkontingente f\u00fcr Ihre Veranstaltung. Bis hin zur kompletten Tagungsabwicklung, speziell auf Ihre Bed\u00fcrfnisse zugeschnitten.<\/p>\n<p><a href=\"https:\/\/www.hildesheim.de\/tagen-in-hildesheim.html\">Weitere Informationen:<\/a><\/p>\n      <\/div>\n    <\/div>\n    <\/div>\n<\/div>\n\n","protected":false},"excerpt":{"rendered":"<p>Uw volgende evenement in Hildesheim Net als de stad zelf zijn de conferentiehotels en -locaties in Hildesheim net zo divers: conferenties in stijlvolle hotels, effectieve presentaties in moderne evenementenruimtes of ongewone locaties, conferenties in het museum, vaklezingen in het UNESCO-werelderfgoed, bemiddelingsdagen in het klooster of collegereeksen aan de universiteit &#8211; Hildesheim biedt een aantrekkelijke omgeving [&hellip;]<\/p>\n","protected":false},"author":1,"featured_media":9387,"parent":9777,"menu_order":0,"comment_status":"closed","ping_status":"closed","template":"pagetemplates\/template-stadtthema.php","meta":{"_acf_changed":false,"footnotes":""},"categories":[],"tags":[],"ncap_cities_tax":[461,1168],"class_list":["post-9384","page","type-page","status-publish","has-post-thumbnail","hentry","ncap_cities_tax-hildesheim-nl","ncap_cities_tax-tagungen-und-kongresse-hildesheim-nl"],"acf":[],"yoast_head":"<!-- This site is optimized with the Yoast SEO plugin v26.8 - https:\/\/yoast.com\/product\/yoast-seo-wordpress\/ -->\n<title>Conferenties en congressen in Hildesheim - 9 St\u00e4dte in Niedersachsen<\/title>\n<meta name=\"robots\" content=\"index, follow, max-snippet:-1, max-image-preview:large, max-video-preview:-1\" \/>\n<link rel=\"canonical\" href=\"https:\/\/9staedte.de\/nl\/hildesheim-unesco-werelderfgoedstad\/conferenties-en-congressen-in-hildesheim\/\" \/>\n<meta property=\"og:locale\" content=\"nl_NL\" \/>\n<meta property=\"og:type\" content=\"article\" \/>\n<meta property=\"og:title\" content=\"Conferenties en congressen in Hildesheim - 9 St\u00e4dte in Niedersachsen\" \/>\n<meta property=\"og:description\" content=\"Uw volgende evenement in Hildesheim Net als de stad zelf zijn de conferentiehotels en -locaties in Hildesheim net zo divers: conferenties in stijlvolle hotels, effectieve presentaties in moderne evenementenruimtes of ongewone locaties, conferenties in het museum, vaklezingen in het UNESCO-werelderfgoed, bemiddelingsdagen in het klooster of collegereeksen aan de universiteit &#8211; Hildesheim biedt een aantrekkelijke omgeving [&hellip;]\" \/>\n<meta property=\"og:url\" content=\"https:\/\/9staedte.de\/nl\/hildesheim-unesco-werelderfgoedstad\/conferenties-en-congressen-in-hildesheim\/\" \/>\n<meta property=\"og:site_name\" content=\"9 St\u00e4dte in Niedersachsen\" \/>\n<meta property=\"article:modified_time\" content=\"2023-10-25T09:42:08+00:00\" \/>\n<meta property=\"og:image\" content=\"https:\/\/9staedte.de\/wp-content\/uploads\/2023\/07\/Hildesheimer-Marktplatz_Foto-Max-Wiesenbach-1.jpg\" \/>\n\t<meta property=\"og:image:width\" content=\"1020\" \/>\n\t<meta property=\"og:image:height\" content=\"561\" \/>\n\t<meta property=\"og:image:type\" content=\"image\/jpeg\" \/>\n<meta name=\"twitter:card\" content=\"summary_large_image\" \/>\n<meta name=\"twitter:label1\" content=\"Geschatte leestijd\" \/>\n\t<meta name=\"twitter:data1\" content=\"1 minuut\" \/>\n<script type=\"application\/ld+json\" class=\"yoast-schema-graph\">{\"@context\":\"https:\/\/schema.org\",\"@graph\":[{\"@type\":\"WebPage\",\"@id\":\"https:\/\/9staedte.de\/nl\/hildesheim-unesco-werelderfgoedstad\/conferenties-en-congressen-in-hildesheim\/\",\"url\":\"https:\/\/9staedte.de\/nl\/hildesheim-unesco-werelderfgoedstad\/conferenties-en-congressen-in-hildesheim\/\",\"name\":\"Conferenties en congressen in Hildesheim - 9 St\u00e4dte in Niedersachsen\",\"isPartOf\":{\"@id\":\"https:\/\/9staedte.de\/nl\/#website\"},\"primaryImageOfPage\":{\"@id\":\"https:\/\/9staedte.de\/nl\/hildesheim-unesco-werelderfgoedstad\/conferenties-en-congressen-in-hildesheim\/#primaryimage\"},\"image\":{\"@id\":\"https:\/\/9staedte.de\/nl\/hildesheim-unesco-werelderfgoedstad\/conferenties-en-congressen-in-hildesheim\/#primaryimage\"},\"thumbnailUrl\":\"https:\/\/9staedte.de\/wp-content\/uploads\/2023\/07\/Hildesheimer-Marktplatz_Foto-Max-Wiesenbach-1.jpg\",\"datePublished\":\"2023-09-28T14:58:12+00:00\",\"dateModified\":\"2023-10-25T09:42:08+00:00\",\"breadcrumb\":{\"@id\":\"https:\/\/9staedte.de\/nl\/hildesheim-unesco-werelderfgoedstad\/conferenties-en-congressen-in-hildesheim\/#breadcrumb\"},\"inLanguage\":\"nl-NL\",\"potentialAction\":[{\"@type\":\"ReadAction\",\"target\":[\"https:\/\/9staedte.de\/nl\/hildesheim-unesco-werelderfgoedstad\/conferenties-en-congressen-in-hildesheim\/\"]}]},{\"@type\":\"ImageObject\",\"inLanguage\":\"nl-NL\",\"@id\":\"https:\/\/9staedte.de\/nl\/hildesheim-unesco-werelderfgoedstad\/conferenties-en-congressen-in-hildesheim\/#primaryimage\",\"url\":\"https:\/\/9staedte.de\/wp-content\/uploads\/2023\/07\/Hildesheimer-Marktplatz_Foto-Max-Wiesenbach-1.jpg\",\"contentUrl\":\"https:\/\/9staedte.de\/wp-content\/uploads\/2023\/07\/Hildesheimer-Marktplatz_Foto-Max-Wiesenbach-1.jpg\",\"width\":1020,\"height\":561,\"caption\":\"Hildesheimer Marktplatz_Foto Max Wiesenbach (1)\"},{\"@type\":\"BreadcrumbList\",\"@id\":\"https:\/\/9staedte.de\/nl\/hildesheim-unesco-werelderfgoedstad\/conferenties-en-congressen-in-hildesheim\/#breadcrumb\",\"itemListElement\":[{\"@type\":\"ListItem\",\"position\":1,\"name\":\"Startseite\",\"item\":\"https:\/\/9staedte.de\/nl\/\"},{\"@type\":\"ListItem\",\"position\":2,\"name\":\"Hildesheim &#8211; UNESCO Werelderfgoedstad\",\"item\":\"https:\/\/9staedte.de\/nl\/hildesheim-unesco-werelderfgoedstad\/\"},{\"@type\":\"ListItem\",\"position\":3,\"name\":\"Conferenties en congressen in Hildesheim\"}]},{\"@type\":\"WebSite\",\"@id\":\"https:\/\/9staedte.de\/nl\/#website\",\"url\":\"https:\/\/9staedte.de\/nl\/\",\"name\":\"9 St\u00e4dte in Niedersachsen\",\"description\":\"\",\"publisher\":{\"@id\":\"https:\/\/9staedte.de\/nl\/#organization\"},\"potentialAction\":[{\"@type\":\"SearchAction\",\"target\":{\"@type\":\"EntryPoint\",\"urlTemplate\":\"https:\/\/9staedte.de\/nl\/?s={search_term_string}\"},\"query-input\":{\"@type\":\"PropertyValueSpecification\",\"valueRequired\":true,\"valueName\":\"search_term_string\"}}],\"inLanguage\":\"nl-NL\"},{\"@type\":\"Organization\",\"@id\":\"https:\/\/9staedte.de\/nl\/#organization\",\"name\":\"9 St\u00e4dte in Niedersachsen\",\"url\":\"https:\/\/9staedte.de\/nl\/\",\"logo\":{\"@type\":\"ImageObject\",\"inLanguage\":\"nl-NL\",\"@id\":\"https:\/\/9staedte.de\/nl\/#\/schema\/logo\/image\/\",\"url\":\"https:\/\/9staedte.de\/wp-content\/uploads\/2025\/01\/9-neg-deutsch-2-1.png\",\"contentUrl\":\"https:\/\/9staedte.de\/wp-content\/uploads\/2025\/01\/9-neg-deutsch-2-1.png\",\"width\":190,\"height\":114,\"caption\":\"9 St\u00e4dte in Niedersachsen\"},\"image\":{\"@id\":\"https:\/\/9staedte.de\/nl\/#\/schema\/logo\/image\/\"}}]}<\/script>\n<!-- \/ Yoast SEO plugin. -->","yoast_head_json":{"title":"Conferenties en congressen in Hildesheim - 9 St\u00e4dte in Niedersachsen","robots":{"index":"index","follow":"follow","max-snippet":"max-snippet:-1","max-image-preview":"max-image-preview:large","max-video-preview":"max-video-preview:-1"},"canonical":"https:\/\/9staedte.de\/nl\/hildesheim-unesco-werelderfgoedstad\/conferenties-en-congressen-in-hildesheim\/","og_locale":"nl_NL","og_type":"article","og_title":"Conferenties en congressen in Hildesheim - 9 St\u00e4dte in Niedersachsen","og_description":"Uw volgende evenement in Hildesheim Net als de stad zelf zijn de conferentiehotels en -locaties in Hildesheim net zo divers: conferenties in stijlvolle hotels, effectieve presentaties in moderne evenementenruimtes of ongewone locaties, conferenties in het museum, vaklezingen in het UNESCO-werelderfgoed, bemiddelingsdagen in het klooster of collegereeksen aan de universiteit &#8211; Hildesheim biedt een aantrekkelijke omgeving [&hellip;]","og_url":"https:\/\/9staedte.de\/nl\/hildesheim-unesco-werelderfgoedstad\/conferenties-en-congressen-in-hildesheim\/","og_site_name":"9 St\u00e4dte in Niedersachsen","article_modified_time":"2023-10-25T09:42:08+00:00","og_image":[{"width":1020,"height":561,"url":"https:\/\/9staedte.de\/wp-content\/uploads\/2023\/07\/Hildesheimer-Marktplatz_Foto-Max-Wiesenbach-1.jpg","type":"image\/jpeg"}],"twitter_card":"summary_large_image","twitter_misc":{"Geschatte leestijd":"1 minuut"},"schema":{"@context":"https:\/\/schema.org","@graph":[{"@type":"WebPage","@id":"https:\/\/9staedte.de\/nl\/hildesheim-unesco-werelderfgoedstad\/conferenties-en-congressen-in-hildesheim\/","url":"https:\/\/9staedte.de\/nl\/hildesheim-unesco-werelderfgoedstad\/conferenties-en-congressen-in-hildesheim\/","name":"Conferenties en congressen in Hildesheim - 9 St\u00e4dte in Niedersachsen","isPartOf":{"@id":"https:\/\/9staedte.de\/nl\/#website"},"primaryImageOfPage":{"@id":"https:\/\/9staedte.de\/nl\/hildesheim-unesco-werelderfgoedstad\/conferenties-en-congressen-in-hildesheim\/#primaryimage"},"image":{"@id":"https:\/\/9staedte.de\/nl\/hildesheim-unesco-werelderfgoedstad\/conferenties-en-congressen-in-hildesheim\/#primaryimage"},"thumbnailUrl":"https:\/\/9staedte.de\/wp-content\/uploads\/2023\/07\/Hildesheimer-Marktplatz_Foto-Max-Wiesenbach-1.jpg","datePublished":"2023-09-28T14:58:12+00:00","dateModified":"2023-10-25T09:42:08+00:00","breadcrumb":{"@id":"https:\/\/9staedte.de\/nl\/hildesheim-unesco-werelderfgoedstad\/conferenties-en-congressen-in-hildesheim\/#breadcrumb"},"inLanguage":"nl-NL","potentialAction":[{"@type":"ReadAction","target":["https:\/\/9staedte.de\/nl\/hildesheim-unesco-werelderfgoedstad\/conferenties-en-congressen-in-hildesheim\/"]}]},{"@type":"ImageObject","inLanguage":"nl-NL","@id":"https:\/\/9staedte.de\/nl\/hildesheim-unesco-werelderfgoedstad\/conferenties-en-congressen-in-hildesheim\/#primaryimage","url":"https:\/\/9staedte.de\/wp-content\/uploads\/2023\/07\/Hildesheimer-Marktplatz_Foto-Max-Wiesenbach-1.jpg","contentUrl":"https:\/\/9staedte.de\/wp-content\/uploads\/2023\/07\/Hildesheimer-Marktplatz_Foto-Max-Wiesenbach-1.jpg","width":1020,"height":561,"caption":"Hildesheimer Marktplatz_Foto Max Wiesenbach (1)"},{"@type":"BreadcrumbList","@id":"https:\/\/9staedte.de\/nl\/hildesheim-unesco-werelderfgoedstad\/conferenties-en-congressen-in-hildesheim\/#breadcrumb","itemListElement":[{"@type":"ListItem","position":1,"name":"Startseite","item":"https:\/\/9staedte.de\/nl\/"},{"@type":"ListItem","position":2,"name":"Hildesheim &#8211; UNESCO Werelderfgoedstad","item":"https:\/\/9staedte.de\/nl\/hildesheim-unesco-werelderfgoedstad\/"},{"@type":"ListItem","position":3,"name":"Conferenties en congressen in Hildesheim"}]},{"@type":"WebSite","@id":"https:\/\/9staedte.de\/nl\/#website","url":"https:\/\/9staedte.de\/nl\/","name":"9 St\u00e4dte in Niedersachsen","description":"","publisher":{"@id":"https:\/\/9staedte.de\/nl\/#organization"},"potentialAction":[{"@type":"SearchAction","target":{"@type":"EntryPoint","urlTemplate":"https:\/\/9staedte.de\/nl\/?s={search_term_string}"},"query-input":{"@type":"PropertyValueSpecification","valueRequired":true,"valueName":"search_term_string"}}],"inLanguage":"nl-NL"},{"@type":"Organization","@id":"https:\/\/9staedte.de\/nl\/#organization","name":"9 St\u00e4dte in Niedersachsen","url":"https:\/\/9staedte.de\/nl\/","logo":{"@type":"ImageObject","inLanguage":"nl-NL","@id":"https:\/\/9staedte.de\/nl\/#\/schema\/logo\/image\/","url":"https:\/\/9staedte.de\/wp-content\/uploads\/2025\/01\/9-neg-deutsch-2-1.png","contentUrl":"https:\/\/9staedte.de\/wp-content\/uploads\/2025\/01\/9-neg-deutsch-2-1.png","width":190,"height":114,"caption":"9 St\u00e4dte in Niedersachsen"},"image":{"@id":"https:\/\/9staedte.de\/nl\/#\/schema\/logo\/image\/"}}]}},"_links":{"self":[{"href":"https:\/\/9staedte.de\/nl\/wp-json\/wp\/v2\/pages\/9384","targetHints":{"allow":["GET"]}}],"collection":[{"href":"https:\/\/9staedte.de\/nl\/wp-json\/wp\/v2\/pages"}],"about":[{"href":"https:\/\/9staedte.de\/nl\/wp-json\/wp\/v2\/types\/page"}],"author":[{"embeddable":true,"href":"https:\/\/9staedte.de\/nl\/wp-json\/wp\/v2\/users\/1"}],"replies":[{"embeddable":true,"href":"https:\/\/9staedte.de\/nl\/wp-json\/wp\/v2\/comments?post=9384"}],"version-history":[{"count":1,"href":"https:\/\/9staedte.de\/nl\/wp-json\/wp\/v2\/pages\/9384\/revisions"}],"predecessor-version":[{"id":9395,"href":"https:\/\/9staedte.de\/nl\/wp-json\/wp\/v2\/pages\/9384\/revisions\/9395"}],"up":[{"embeddable":true,"href":"https:\/\/9staedte.de\/nl\/wp-json\/wp\/v2\/pages\/9777"}],"wp:featuredmedia":[{"embeddable":true,"href":"https:\/\/9staedte.de\/nl\/wp-json\/wp\/v2\/media\/9387"}],"wp:attachment":[{"href":"https:\/\/9staedte.de\/nl\/wp-json\/wp\/v2\/media?parent=9384"}],"wp:term":[{"taxonomy":"category","embeddable":true,"href":"https:\/\/9staedte.de\/nl\/wp-json\/wp\/v2\/categories?post=9384"},{"taxonomy":"post_tag","embeddable":true,"href":"https:\/\/9staedte.de\/nl\/wp-json\/wp\/v2\/tags?post=9384"},{"taxonomy":"ncap_cities_tax","embeddable":true,"href":"https:\/\/9staedte.de\/nl\/wp-json\/wp\/v2\/ncap_cities_tax?post=9384"}],"curies":[{"name":"wp","href":"https:\/\/api.w.org\/{rel}","templated":true}]}}