{"id":9383,"date":"2023-09-28T16:58:14","date_gmt":"2023-09-28T14:58:14","guid":{"rendered":"https:\/\/9staedte.de\/kerstmarkt-in-hildesheim\/"},"modified":"2026-03-23T16:57:32","modified_gmt":"2026-03-23T15:57:32","slug":"kerstmarkt-in-hildesheim","status":"publish","type":"page","link":"https:\/\/9staedte.de\/nl\/hildesheim-unesco-werelderfgoedstad\/kerstmarkt-in-hildesheim\/","title":{"rendered":"Kerstmarkt in Hildesheim"},"content":{"rendered":"\n<h2 class=\"wp-block-heading\">Het hart van de kerstmarkt klopt op het historische marktplein<\/h2>\n\n<p>Hier zorgen de prachtige vakwerkgevels en de geur van verse peperkoek en gl\u00fchwein voor een heel speciale sfeer v\u00f3\u00f3r Kerstmis. Feestelijk versierde kraampjes op het An der Lilie plein nodigen ook uit om rond te wandelen.<br\/>In het &#8220;Zum Rentier&#8221; postkantoor op het An der Lilie plein kunnen kinderen tot 12 december hun verlanglijstjes posten, die rechtstreeks naar het oudste kerstpostkantoor in Himmelsth\u00fcr worden gestuurd. <br\/>De meer dan 30 kerken in Hildesheim karakteriseren het stadsbeeld en vertellen over de rijke geschiedenis van de stad. In de aanloop naar Kerstmis zijn de kerken een plek van innerlijke rust, begeleid door contemplatieve advents- en kerstmuziek. <\/p>\n\n<p><a href=\"https:\/\/www.hildesheim-tourismus.de\/weihnachtsmarkt\" target=\"_blank\" rel=\"noreferrer noopener\">Meer informatie<\/a><\/p>\n\n\n<div class=\"banner-wrapper\">\n  <div class=\"banner-inner \">\n      <div class=\"img-container\">\n      <div class=\"img-wrapper\">\n        <img decoding=\"async\" src=\"https:\/\/9staedte.de\/wp-content\/smush-webp\/2023\/02\/Weihnachtsmarkt-Hildesheim-\u00a9-Dirk-Bastert.jpg.webp\" alt=\"De foto toont de kerstmarkt in Hildesheim. Het is avond en de lucht is donker. In het midden staat een grote kerstpiramide met lichtjes. Veel mensen lopen tussen de kraampjes. Rechts staat een versierde kerstboom. Op de achtergrond zie je mooie oude huizen. De sfeer is feestelijk en gezellig.\" \/>\n                  <div class=\"thumbnail-label\">\n            <span>Weihnachtsmarkt Hildesheim \u00a9 Dirk Bastert<\/span>\n          <\/div>\n              <\/div>\n    <\/div>\n        <div class=\"text-container\">\n      <div class=\"content\">\n        <h2 class=\"h3\">9 tips voor een bezoek aan de kerstmarkt in Hildesheim<\/h2>\n<ul>\n<li>Rondleidingen door het kerstsfeervolle Hildesheim<\/li>\n<li>Warm, knus, gezellig &#8211; hutten vol kerstmagie<\/li>\n<li>Foto&#8217;s: Rendier, ijsbeer, legendabos, cadeauboom (#weihnachtsmarkthildesheim)<\/li>\n<li>Kunstzinnige kersttentoonstelling in het gemeentehuis<\/li>\n<li><a href=\"https:\/\/www.hildesheim-tourismus.de\/veranstaltungen\">Advent en kerstmuziek in de Romaanse kerken<\/a><\/li>\n<li>Postkantoor &#8220;Zum Rendier&#8221; voor brieven en verlanglijstjes aan de kerstman<\/li>\n<li>Feestelijk verlicht werelderfgoedlint naar de UNESCO-kerken St Michael&#8217;s en de kathedraal<\/li>\n<li>Proef Hildesheim pompernikkel en hemelse truffels<\/li>\n<li>weihnachtliche Souvenirs, Pr\u00e4sente u. Geschenkgutscheine in der Tourist-Information<\/li>\n<\/ul>\n      <\/div>\n    <\/div>\n    <\/div>\n<\/div>\n\n\n<p class=\"h3\"><strong>Kerstmarkt in Hildesheim<\/strong><\/p>\n\n <div class=\"brlbs-cmpnt-container brlbs-cmpnt-content-blocker brlbs-cmpnt-with-individual-styles\" data-borlabs-cookie-content-blocker-id=\"google-maps\" data-borlabs-cookie-content=\"PGlmcmFtZSBzcmM9Imh0dHBzOi8vd3d3Lmdvb2dsZS5jb20vbWFwcy9lbWJlZD9wYj0hMW0xOCExbTEyITFtMyExZDI0NDcuOTg1ODQ4NjY0MjQ3NCEyZDkuOTQ4OTY3ODc3MzEyNjQ3ITNkNTIuMTUyNzY3MDcxOTY3MjA1ITJtMyExZjAhMmYwITNmMCEzbTIhMWkxMDI0ITJpNzY4ITRmMTMuMSEzbTMhMW0yITFzMHg0N2JhYWZhOWJkY2U4ZjI1JTNBMHg0YzY5M2M3MzYyMmRiZmJjITJzTWFya3RwbGF0eiUyMEhpbGRlc2hlaW0hNWUwITNtMiExc2RlITJzZGUhNHYxNjkyMTg0NTQ1OTk5ITVtMiExc2RlITJzZGUiIHdpZHRoPSI2MDAiIGhlaWdodD0iNDUwIiBzdHlsZT0iYm9yZGVyOjA7IiBhbGxvd2Z1bGxzY3JlZW49IiIgbG9hZGluZz0ibGF6eSIgcmVmZXJyZXJwb2xpY3k9Im5vLXJlZmVycmVyLXdoZW4tZG93bmdyYWRlIj48L2lmcmFtZT4=\"><div class=\"brlbs-cmpnt-cb-preset-b brlbs-cmpnt-cb-google-maps\"> <div class=\"brlbs-cmpnt-cb-thumbnail\" style=\"background-image: url('https:\/\/9staedte.de\/wp-content\/uploads\/borlabs-cookie\/1\/brlbs-cb-google-maps-main.png')\"><\/div> <div class=\"brlbs-cmpnt-cb-main\"> <div class=\"brlbs-cmpnt-cb-content\"> <p class=\"brlbs-cmpnt-cb-description\">U bekijkt momenteel inhoud van een plaatshouder van <strong>Google Maps<\/strong>. Klik op de knop hieronder om de volledige inhoud te bekijken. Houd er rekening mee dat u op deze manier gegevens deelt met providers van derden.<\/p> <a class=\"brlbs-cmpnt-cb-provider-toggle\" href=\"#\" data-borlabs-cookie-show-provider-information role=\"button\">Meer informatie<\/a> <\/div> <div class=\"brlbs-cmpnt-cb-buttons\"> <a class=\"brlbs-cmpnt-cb-btn\" href=\"#\" data-borlabs-cookie-unblock role=\"button\">Inhoud deblokkeren<\/a> <a class=\"brlbs-cmpnt-cb-btn\" href=\"#\" data-borlabs-cookie-accept-service role=\"button\" style=\"display: inherit\">Vereiste service accepteren en inhoud deblokkeren<\/a> <\/div> <\/div> <\/div><\/div>\n\n<div style=\"height:41px\" aria-hidden=\"true\" class=\"wp-block-spacer\"><\/div>\n\n<h2 class=\"wp-block-heading h3\">Kerstmagie in Hildesheim<\/h2>\n\n<p>&#8211; \u00e9\u00e9n overnachting incl. Ontbijt<br\/>&#8211; Gl\u00fchwein op de kerstmarkt<br\/>&#8211; Een kerstsouvenir<br\/>&#8211; Infomap over het kerstseizoen in Hildesheim per kamer <br\/><br\/><strong><a href=\"https:\/\/www.hildesheim-tourismus.de\/package\/weihnachtszauber-in-hildesheim-fuer-kleingruppen\" target=\"_blank\" rel=\"noreferrer noopener\">Boekingen<\/a><\/strong><br\/><br\/>De Algemene Voorwaarden van Hildesheim Marketing GmbH zijn van toepassing.<\/p>\n\n<p><\/p>\n","protected":false},"excerpt":{"rendered":"<p>Het hart van de kerstmarkt klopt op het historische marktplein Hier zorgen de prachtige vakwerkgevels en de geur van verse peperkoek en gl\u00fchwein voor een heel speciale sfeer v\u00f3\u00f3r Kerstmis. Feestelijk versierde kraampjes op het An der Lilie plein nodigen ook uit om rond te wandelen.In het &#8220;Zum Rentier&#8221; postkantoor op het An der Lilie [&hellip;]<\/p>\n","protected":false},"author":1,"featured_media":23633,"parent":9777,"menu_order":0,"comment_status":"closed","ping_status":"closed","template":"pagetemplates\/template-stadtthema.php","meta":{"_acf_changed":false,"footnotes":""},"categories":[],"tags":[],"ncap_cities_tax":[461,531],"class_list":["post-9383","page","type-page","status-publish","has-post-thumbnail","hentry","ncap_cities_tax-hildesheim-nl","ncap_cities_tax-weihnachtsmarkte-hildesheim-nl"],"acf":[],"yoast_head":"<!-- This site is optimized with the Yoast SEO plugin v26.8 - https:\/\/yoast.com\/product\/yoast-seo-wordpress\/ -->\n<title>Kerstmarkt in Hildesheim - 9 St\u00e4dte in Niedersachsen<\/title>\n<meta name=\"description\" content=\"Het hart van de kerstmarkt in Hildesheim klopt op het historische marktplein met zijn prachtige vakwerkhuizen.\" \/>\n<meta name=\"robots\" content=\"index, follow, max-snippet:-1, max-image-preview:large, max-video-preview:-1\" \/>\n<link rel=\"canonical\" href=\"https:\/\/9staedte.de\/nl\/hildesheim-unesco-werelderfgoedstad\/kerstmarkt-in-hildesheim\/\" \/>\n<meta property=\"og:locale\" content=\"nl_NL\" \/>\n<meta property=\"og:type\" content=\"article\" \/>\n<meta property=\"og:title\" content=\"Kerstmarkt in Hildesheim - 9 St\u00e4dte in Niedersachsen\" \/>\n<meta property=\"og:description\" content=\"Het hart van de kerstmarkt in Hildesheim klopt op het historische marktplein met zijn prachtige vakwerkhuizen.\" \/>\n<meta property=\"og:url\" content=\"https:\/\/9staedte.de\/nl\/hildesheim-unesco-werelderfgoedstad\/kerstmarkt-in-hildesheim\/\" \/>\n<meta property=\"og:site_name\" content=\"9 St\u00e4dte in Niedersachsen\" \/>\n<meta property=\"article:modified_time\" content=\"2026-03-23T15:57:32+00:00\" \/>\n<meta property=\"og:image\" content=\"https:\/\/9staedte.de\/wp-content\/uploads\/2024\/09\/Weihnachtsmarkt-Hildesheim-c-Hildesheim-Marketing-Foto-Lars-Griebner-CC-BY.jpg\" \/>\n\t<meta property=\"og:image:width\" content=\"1020\" \/>\n\t<meta property=\"og:image:height\" content=\"560\" \/>\n\t<meta property=\"og:image:type\" content=\"image\/jpeg\" \/>\n<meta name=\"twitter:card\" content=\"summary_large_image\" \/>\n<meta name=\"twitter:label1\" content=\"Geschatte leestijd\" \/>\n\t<meta name=\"twitter:data1\" content=\"1 minuut\" \/>\n<script type=\"application\/ld+json\" class=\"yoast-schema-graph\">{\"@context\":\"https:\/\/schema.org\",\"@graph\":[{\"@type\":\"WebPage\",\"@id\":\"https:\/\/9staedte.de\/nl\/hildesheim-unesco-werelderfgoedstad\/kerstmarkt-in-hildesheim\/\",\"url\":\"https:\/\/9staedte.de\/nl\/hildesheim-unesco-werelderfgoedstad\/kerstmarkt-in-hildesheim\/\",\"name\":\"Kerstmarkt in Hildesheim - 9 St\u00e4dte in Niedersachsen\",\"isPartOf\":{\"@id\":\"https:\/\/9staedte.de\/nl\/#website\"},\"primaryImageOfPage\":{\"@id\":\"https:\/\/9staedte.de\/nl\/hildesheim-unesco-werelderfgoedstad\/kerstmarkt-in-hildesheim\/#primaryimage\"},\"image\":{\"@id\":\"https:\/\/9staedte.de\/nl\/hildesheim-unesco-werelderfgoedstad\/kerstmarkt-in-hildesheim\/#primaryimage\"},\"thumbnailUrl\":\"https:\/\/9staedte.de\/wp-content\/uploads\/2024\/09\/Weihnachtsmarkt-Hildesheim-c-Hildesheim-Marketing-Foto-Lars-Griebner-CC-BY.jpg\",\"datePublished\":\"2023-09-28T14:58:14+00:00\",\"dateModified\":\"2026-03-23T15:57:32+00:00\",\"description\":\"Het hart van de kerstmarkt in Hildesheim klopt op het historische marktplein met zijn prachtige vakwerkhuizen.\",\"breadcrumb\":{\"@id\":\"https:\/\/9staedte.de\/nl\/hildesheim-unesco-werelderfgoedstad\/kerstmarkt-in-hildesheim\/#breadcrumb\"},\"inLanguage\":\"nl-NL\",\"potentialAction\":[{\"@type\":\"ReadAction\",\"target\":[\"https:\/\/9staedte.de\/nl\/hildesheim-unesco-werelderfgoedstad\/kerstmarkt-in-hildesheim\/\"]}]},{\"@type\":\"ImageObject\",\"inLanguage\":\"nl-NL\",\"@id\":\"https:\/\/9staedte.de\/nl\/hildesheim-unesco-werelderfgoedstad\/kerstmarkt-in-hildesheim\/#primaryimage\",\"url\":\"https:\/\/9staedte.de\/wp-content\/uploads\/2024\/09\/Weihnachtsmarkt-Hildesheim-c-Hildesheim-Marketing-Foto-Lars-Griebner-CC-BY.jpg\",\"contentUrl\":\"https:\/\/9staedte.de\/wp-content\/uploads\/2024\/09\/Weihnachtsmarkt-Hildesheim-c-Hildesheim-Marketing-Foto-Lars-Griebner-CC-BY.jpg\",\"width\":1020,\"height\":560,\"caption\":\"Weihnachtsmarkt Hildesheim c) Hildesheim Marketing Foto Lars Griebner (CC-BY)\"},{\"@type\":\"BreadcrumbList\",\"@id\":\"https:\/\/9staedte.de\/nl\/hildesheim-unesco-werelderfgoedstad\/kerstmarkt-in-hildesheim\/#breadcrumb\",\"itemListElement\":[{\"@type\":\"ListItem\",\"position\":1,\"name\":\"Startseite\",\"item\":\"https:\/\/9staedte.de\/nl\/\"},{\"@type\":\"ListItem\",\"position\":2,\"name\":\"Hildesheim &#8211; UNESCO Werelderfgoedstad\",\"item\":\"https:\/\/9staedte.de\/nl\/hildesheim-unesco-werelderfgoedstad\/\"},{\"@type\":\"ListItem\",\"position\":3,\"name\":\"Kerstmarkt in Hildesheim\"}]},{\"@type\":\"WebSite\",\"@id\":\"https:\/\/9staedte.de\/nl\/#website\",\"url\":\"https:\/\/9staedte.de\/nl\/\",\"name\":\"9 St\u00e4dte in Niedersachsen\",\"description\":\"\",\"publisher\":{\"@id\":\"https:\/\/9staedte.de\/nl\/#organization\"},\"potentialAction\":[{\"@type\":\"SearchAction\",\"target\":{\"@type\":\"EntryPoint\",\"urlTemplate\":\"https:\/\/9staedte.de\/nl\/?s={search_term_string}\"},\"query-input\":{\"@type\":\"PropertyValueSpecification\",\"valueRequired\":true,\"valueName\":\"search_term_string\"}}],\"inLanguage\":\"nl-NL\"},{\"@type\":\"Organization\",\"@id\":\"https:\/\/9staedte.de\/nl\/#organization\",\"name\":\"9 St\u00e4dte in Niedersachsen\",\"url\":\"https:\/\/9staedte.de\/nl\/\",\"logo\":{\"@type\":\"ImageObject\",\"inLanguage\":\"nl-NL\",\"@id\":\"https:\/\/9staedte.de\/nl\/#\/schema\/logo\/image\/\",\"url\":\"https:\/\/9staedte.de\/wp-content\/uploads\/2025\/01\/9-neg-deutsch-2-1.png\",\"contentUrl\":\"https:\/\/9staedte.de\/wp-content\/uploads\/2025\/01\/9-neg-deutsch-2-1.png\",\"width\":190,\"height\":114,\"caption\":\"9 St\u00e4dte in Niedersachsen\"},\"image\":{\"@id\":\"https:\/\/9staedte.de\/nl\/#\/schema\/logo\/image\/\"}}]}<\/script>\n<!-- \/ Yoast SEO plugin. -->","yoast_head_json":{"title":"Kerstmarkt in Hildesheim - 9 St\u00e4dte in Niedersachsen","description":"Het hart van de kerstmarkt in Hildesheim klopt op het historische marktplein met zijn prachtige vakwerkhuizen.","robots":{"index":"index","follow":"follow","max-snippet":"max-snippet:-1","max-image-preview":"max-image-preview:large","max-video-preview":"max-video-preview:-1"},"canonical":"https:\/\/9staedte.de\/nl\/hildesheim-unesco-werelderfgoedstad\/kerstmarkt-in-hildesheim\/","og_locale":"nl_NL","og_type":"article","og_title":"Kerstmarkt in Hildesheim - 9 St\u00e4dte in Niedersachsen","og_description":"Het hart van de kerstmarkt in Hildesheim klopt op het historische marktplein met zijn prachtige vakwerkhuizen.","og_url":"https:\/\/9staedte.de\/nl\/hildesheim-unesco-werelderfgoedstad\/kerstmarkt-in-hildesheim\/","og_site_name":"9 St\u00e4dte in Niedersachsen","article_modified_time":"2026-03-23T15:57:32+00:00","og_image":[{"width":1020,"height":560,"url":"https:\/\/9staedte.de\/wp-content\/uploads\/2024\/09\/Weihnachtsmarkt-Hildesheim-c-Hildesheim-Marketing-Foto-Lars-Griebner-CC-BY.jpg","type":"image\/jpeg"}],"twitter_card":"summary_large_image","twitter_misc":{"Geschatte leestijd":"1 minuut"},"schema":{"@context":"https:\/\/schema.org","@graph":[{"@type":"WebPage","@id":"https:\/\/9staedte.de\/nl\/hildesheim-unesco-werelderfgoedstad\/kerstmarkt-in-hildesheim\/","url":"https:\/\/9staedte.de\/nl\/hildesheim-unesco-werelderfgoedstad\/kerstmarkt-in-hildesheim\/","name":"Kerstmarkt in Hildesheim - 9 St\u00e4dte in Niedersachsen","isPartOf":{"@id":"https:\/\/9staedte.de\/nl\/#website"},"primaryImageOfPage":{"@id":"https:\/\/9staedte.de\/nl\/hildesheim-unesco-werelderfgoedstad\/kerstmarkt-in-hildesheim\/#primaryimage"},"image":{"@id":"https:\/\/9staedte.de\/nl\/hildesheim-unesco-werelderfgoedstad\/kerstmarkt-in-hildesheim\/#primaryimage"},"thumbnailUrl":"https:\/\/9staedte.de\/wp-content\/uploads\/2024\/09\/Weihnachtsmarkt-Hildesheim-c-Hildesheim-Marketing-Foto-Lars-Griebner-CC-BY.jpg","datePublished":"2023-09-28T14:58:14+00:00","dateModified":"2026-03-23T15:57:32+00:00","description":"Het hart van de kerstmarkt in Hildesheim klopt op het historische marktplein met zijn prachtige vakwerkhuizen.","breadcrumb":{"@id":"https:\/\/9staedte.de\/nl\/hildesheim-unesco-werelderfgoedstad\/kerstmarkt-in-hildesheim\/#breadcrumb"},"inLanguage":"nl-NL","potentialAction":[{"@type":"ReadAction","target":["https:\/\/9staedte.de\/nl\/hildesheim-unesco-werelderfgoedstad\/kerstmarkt-in-hildesheim\/"]}]},{"@type":"ImageObject","inLanguage":"nl-NL","@id":"https:\/\/9staedte.de\/nl\/hildesheim-unesco-werelderfgoedstad\/kerstmarkt-in-hildesheim\/#primaryimage","url":"https:\/\/9staedte.de\/wp-content\/uploads\/2024\/09\/Weihnachtsmarkt-Hildesheim-c-Hildesheim-Marketing-Foto-Lars-Griebner-CC-BY.jpg","contentUrl":"https:\/\/9staedte.de\/wp-content\/uploads\/2024\/09\/Weihnachtsmarkt-Hildesheim-c-Hildesheim-Marketing-Foto-Lars-Griebner-CC-BY.jpg","width":1020,"height":560,"caption":"Weihnachtsmarkt Hildesheim c) Hildesheim Marketing Foto Lars Griebner (CC-BY)"},{"@type":"BreadcrumbList","@id":"https:\/\/9staedte.de\/nl\/hildesheim-unesco-werelderfgoedstad\/kerstmarkt-in-hildesheim\/#breadcrumb","itemListElement":[{"@type":"ListItem","position":1,"name":"Startseite","item":"https:\/\/9staedte.de\/nl\/"},{"@type":"ListItem","position":2,"name":"Hildesheim &#8211; UNESCO Werelderfgoedstad","item":"https:\/\/9staedte.de\/nl\/hildesheim-unesco-werelderfgoedstad\/"},{"@type":"ListItem","position":3,"name":"Kerstmarkt in Hildesheim"}]},{"@type":"WebSite","@id":"https:\/\/9staedte.de\/nl\/#website","url":"https:\/\/9staedte.de\/nl\/","name":"9 St\u00e4dte in Niedersachsen","description":"","publisher":{"@id":"https:\/\/9staedte.de\/nl\/#organization"},"potentialAction":[{"@type":"SearchAction","target":{"@type":"EntryPoint","urlTemplate":"https:\/\/9staedte.de\/nl\/?s={search_term_string}"},"query-input":{"@type":"PropertyValueSpecification","valueRequired":true,"valueName":"search_term_string"}}],"inLanguage":"nl-NL"},{"@type":"Organization","@id":"https:\/\/9staedte.de\/nl\/#organization","name":"9 St\u00e4dte in Niedersachsen","url":"https:\/\/9staedte.de\/nl\/","logo":{"@type":"ImageObject","inLanguage":"nl-NL","@id":"https:\/\/9staedte.de\/nl\/#\/schema\/logo\/image\/","url":"https:\/\/9staedte.de\/wp-content\/uploads\/2025\/01\/9-neg-deutsch-2-1.png","contentUrl":"https:\/\/9staedte.de\/wp-content\/uploads\/2025\/01\/9-neg-deutsch-2-1.png","width":190,"height":114,"caption":"9 St\u00e4dte in Niedersachsen"},"image":{"@id":"https:\/\/9staedte.de\/nl\/#\/schema\/logo\/image\/"}}]}},"_links":{"self":[{"href":"https:\/\/9staedte.de\/nl\/wp-json\/wp\/v2\/pages\/9383","targetHints":{"allow":["GET"]}}],"collection":[{"href":"https:\/\/9staedte.de\/nl\/wp-json\/wp\/v2\/pages"}],"about":[{"href":"https:\/\/9staedte.de\/nl\/wp-json\/wp\/v2\/types\/page"}],"author":[{"embeddable":true,"href":"https:\/\/9staedte.de\/nl\/wp-json\/wp\/v2\/users\/1"}],"replies":[{"embeddable":true,"href":"https:\/\/9staedte.de\/nl\/wp-json\/wp\/v2\/comments?post=9383"}],"version-history":[{"count":12,"href":"https:\/\/9staedte.de\/nl\/wp-json\/wp\/v2\/pages\/9383\/revisions"}],"predecessor-version":[{"id":27931,"href":"https:\/\/9staedte.de\/nl\/wp-json\/wp\/v2\/pages\/9383\/revisions\/27931"}],"up":[{"embeddable":true,"href":"https:\/\/9staedte.de\/nl\/wp-json\/wp\/v2\/pages\/9777"}],"wp:featuredmedia":[{"embeddable":true,"href":"https:\/\/9staedte.de\/nl\/wp-json\/wp\/v2\/media\/23633"}],"wp:attachment":[{"href":"https:\/\/9staedte.de\/nl\/wp-json\/wp\/v2\/media?parent=9383"}],"wp:term":[{"taxonomy":"category","embeddable":true,"href":"https:\/\/9staedte.de\/nl\/wp-json\/wp\/v2\/categories?post=9383"},{"taxonomy":"post_tag","embeddable":true,"href":"https:\/\/9staedte.de\/nl\/wp-json\/wp\/v2\/tags?post=9383"},{"taxonomy":"ncap_cities_tax","embeddable":true,"href":"https:\/\/9staedte.de\/nl\/wp-json\/wp\/v2\/ncap_cities_tax?post=9383"}],"curies":[{"name":"wp","href":"https:\/\/api.w.org\/{rel}","templated":true}]}}