{"id":9369,"date":"2023-09-28T16:59:16","date_gmt":"2023-09-28T14:59:16","guid":{"rendered":"https:\/\/9staedte.de\/wolfenbuettel-duurzaam-ontdekken\/"},"modified":"2024-03-21T15:59:29","modified_gmt":"2024-03-21T14:59:29","slug":"wolfenbuettel-duurzaam-ontdekken","status":"publish","type":"page","link":"https:\/\/9staedte.de\/nl\/wolfenbuettel-de-lessing-stad\/wolfenbuettel-duurzaam-ontdekken\/","title":{"rendered":"Wolfenb\u00fcttel &#8211; duurzaam ontdekken"},"content":{"rendered":"\n<h2 class=\"wp-block-heading\">Vakantie vanaf het begin<\/h2>\n\n\n\n<p>Een vakantie in Wolfenb\u00fcttel begint met de wandeling van het treinstation naar de accommodatie van je keuze. Je bereikt de oude stad in slechts een paar minuten langs prachtige huizen in Wilhelminische stijl of door het Seeligerpark of de Wallanlage met zijn oude bomen. De oude stad maakt indruk met meer dan 1000 vakwerkhuizen, prachtige pleinen en natuurlijk het kasteel van Guelph, de wereldberoemde Duke August Library, het Lessing House, het nieuwe gedenkteken voor de nazi-rechtspraak en de kerken. Een bezoek aan de Lessingstadt is vooral duurzaam omdat alles zo dichtbij is. In het stadscentrum kun je alle bezienswaardigheden gemakkelijk te voet doen, en als je veel op pad wilt, kun je gewoon een eBike huren bij het drempelvrije toeristeninformatiecentrum. Wolfenb\u00fcttel is ook ideaal als startpunt voor fietstochten in de regio.<\/p>\n\n\n\n<p>Wolfenb\u00fcttel is gemakkelijk bereikbaar met het openbaar vervoer. Vanaf het ICE treinstation in de naburige stad Braunschweig duurt het iets minder dan tien minuten met de regionale trein of 20 minuten met de bus naar Wolfenb\u00fcttel. Bovendien kun je van daaruit bijvoorbeeld Berlijn bereiken in ongeveer 1,5 uur.<\/p>\n\n\n\n\n<div class=\"banner-wrapper\">\n  <div class=\"banner-inner \">\n      <div class=\"img-container\">\n      <div class=\"img-wrapper\">\n        <img decoding=\"async\" src=\"https:\/\/9staedte.de\/wp-content\/smush-webp\/2023\/04\/Raddahren-in-Wolfenbuettel-c-Christian-Bierwagen.jpg.webp\" alt=\"Op de foto staan twee mensen met fietsen. Ze dragen helmen. Ze staan op een plein in de stad. Achter hen is een fontein met een beeld. De mensen lachen. Het is een mooie dag.\" \/>\n                  <div class=\"thumbnail-label\">\n            <span>Radfahren in Wolfenb\u00fcttel c) Christian Bierwagen<\/span>\n          <\/div>\n              <\/div>\n    <\/div>\n        <div class=\"text-container\">\n      <div class=\"content\">\n        <h2>Wolfenb\u00fcttel duurzaam beleven: 9 tips<\/h2>\n<p>&#8211; Gecertificeerde Fairtrade Stad<\/p>\n<p>&#8211; Door de eigenaar beheerde delicatessenwinkels zoals slagerijen, wijnwinkels, natuurvoedingswinkels, enz.<\/p>\n<p>&#8211; Wekelijkse markt op woensdag en zaterdag met o.a. biologische producenten uit de regio<\/p>\n<p>&#8211; Bekroond als fietsvriendelijke gemeente: verhuur van e-bikes bij het VVV-kantoor, voor individuele gasten en op afspraak ook voor groepen; tips voor tochten, bijv: Fiets in de voetsporen van Lessing van Wolfenb\u00fcttel naar Braunschweig en terug<\/p>\n<p>&#8211; Plaatselijke recreatie in de stad met bossen en parken of voor gezinnen: L\u00d6WEPfad bosavonturenpad in Lechlumer Holz direct aan de noordelijke rand van de stad (elke 15 minuten bereikbaar met de bus)<\/p>\n<p>&#8211; Kano-verhuur en talrijke kanosteigers langs de Oker voor uitgebreide tochten in de natuur<\/p>\n<p>&#8211; Geocaching in de voetsporen van Lessing<\/p>\n<p>&#8211; RECUP statiegeldbekersysteem<\/p>\n      <\/div>\n    <\/div>\n    <\/div>\n<\/div>\n\n","protected":false},"excerpt":{"rendered":"<p>Vakantie vanaf het begin Een vakantie in Wolfenb\u00fcttel begint met de wandeling van het treinstation naar de accommodatie van je keuze. Je bereikt de oude stad in slechts een paar minuten langs prachtige huizen in Wilhelminische stijl of door het Seeligerpark of de Wallanlage met zijn oude bomen. De oude stad maakt indruk met meer [&hellip;]<\/p>\n","protected":false},"author":1,"featured_media":9374,"parent":9771,"menu_order":0,"comment_status":"closed","ping_status":"closed","template":"pagetemplates\/template-stadtthema.php","meta":{"_acf_changed":false,"footnotes":""},"categories":[],"tags":[],"ncap_cities_tax":[1091,468],"class_list":["post-9369","page","type-page","status-publish","has-post-thumbnail","hentry","ncap_cities_tax-naturerlebnisse-und-nachhaltigkeit-wolfenbuettel-nl","ncap_cities_tax-wolfenbuettel-nl"],"acf":[],"yoast_head":"<!-- This site is optimized with the Yoast SEO plugin v27.4 - https:\/\/yoast.com\/product\/yoast-seo-wordpress\/ -->\n<title>Wolfenb\u00fcttel - duurzaam ontdekken - 9 St\u00e4dte in Niedersachsen<\/title>\n<meta name=\"robots\" content=\"index, follow, max-snippet:-1, max-image-preview:large, max-video-preview:-1\" \/>\n<link rel=\"canonical\" href=\"https:\/\/9staedte.de\/nl\/wolfenbuettel-de-lessing-stad\/wolfenbuettel-duurzaam-ontdekken\/\" \/>\n<meta property=\"og:locale\" content=\"nl_NL\" \/>\n<meta property=\"og:type\" content=\"article\" \/>\n<meta property=\"og:title\" content=\"Wolfenb\u00fcttel - duurzaam ontdekken - 9 St\u00e4dte in Niedersachsen\" \/>\n<meta property=\"og:description\" content=\"Vakantie vanaf het begin Een vakantie in Wolfenb\u00fcttel begint met de wandeling van het treinstation naar de accommodatie van je keuze. Je bereikt de oude stad in slechts een paar minuten langs prachtige huizen in Wilhelminische stijl of door het Seeligerpark of de Wallanlage met zijn oude bomen. De oude stad maakt indruk met meer [&hellip;]\" \/>\n<meta property=\"og:url\" content=\"https:\/\/9staedte.de\/nl\/wolfenbuettel-de-lessing-stad\/wolfenbuettel-duurzaam-ontdekken\/\" \/>\n<meta property=\"og:site_name\" content=\"9 St\u00e4dte in Niedersachsen\" \/>\n<meta property=\"article:modified_time\" content=\"2024-03-21T14:59:29+00:00\" \/>\n<meta property=\"og:image\" content=\"https:\/\/9staedte.de\/wp-content\/uploads\/2023\/04\/Wallanlagen-Wolfenbuettel-c-Achim-Meurer.jpg\" \/>\n\t<meta property=\"og:image:width\" content=\"1020\" \/>\n\t<meta property=\"og:image:height\" content=\"560\" \/>\n\t<meta property=\"og:image:type\" content=\"image\/jpeg\" \/>\n<meta name=\"twitter:card\" content=\"summary_large_image\" \/>\n<meta name=\"twitter:label1\" content=\"Geschatte leestijd\" \/>\n\t<meta name=\"twitter:data1\" content=\"2 minuten\" \/>\n<script type=\"application\/ld+json\" class=\"yoast-schema-graph\">{\"@context\":\"https:\\\/\\\/schema.org\",\"@graph\":[{\"@type\":\"WebPage\",\"@id\":\"https:\\\/\\\/9staedte.de\\\/nl\\\/wolfenbuettel-de-lessing-stad\\\/wolfenbuettel-duurzaam-ontdekken\\\/\",\"url\":\"https:\\\/\\\/9staedte.de\\\/nl\\\/wolfenbuettel-de-lessing-stad\\\/wolfenbuettel-duurzaam-ontdekken\\\/\",\"name\":\"Wolfenb\u00fcttel - duurzaam ontdekken - 9 St\u00e4dte in Niedersachsen\",\"isPartOf\":{\"@id\":\"https:\\\/\\\/9staedte.de\\\/nl\\\/#website\"},\"primaryImageOfPage\":{\"@id\":\"https:\\\/\\\/9staedte.de\\\/nl\\\/wolfenbuettel-de-lessing-stad\\\/wolfenbuettel-duurzaam-ontdekken\\\/#primaryimage\"},\"image\":{\"@id\":\"https:\\\/\\\/9staedte.de\\\/nl\\\/wolfenbuettel-de-lessing-stad\\\/wolfenbuettel-duurzaam-ontdekken\\\/#primaryimage\"},\"thumbnailUrl\":\"https:\\\/\\\/9staedte.de\\\/wp-content\\\/uploads\\\/2023\\\/04\\\/Wallanlagen-Wolfenbuettel-c-Achim-Meurer.jpg\",\"datePublished\":\"2023-09-28T14:59:16+00:00\",\"dateModified\":\"2024-03-21T14:59:29+00:00\",\"breadcrumb\":{\"@id\":\"https:\\\/\\\/9staedte.de\\\/nl\\\/wolfenbuettel-de-lessing-stad\\\/wolfenbuettel-duurzaam-ontdekken\\\/#breadcrumb\"},\"inLanguage\":\"nl-NL\",\"potentialAction\":[{\"@type\":\"ReadAction\",\"target\":[\"https:\\\/\\\/9staedte.de\\\/nl\\\/wolfenbuettel-de-lessing-stad\\\/wolfenbuettel-duurzaam-ontdekken\\\/\"]}]},{\"@type\":\"ImageObject\",\"inLanguage\":\"nl-NL\",\"@id\":\"https:\\\/\\\/9staedte.de\\\/nl\\\/wolfenbuettel-de-lessing-stad\\\/wolfenbuettel-duurzaam-ontdekken\\\/#primaryimage\",\"url\":\"https:\\\/\\\/9staedte.de\\\/wp-content\\\/uploads\\\/2023\\\/04\\\/Wallanlagen-Wolfenbuettel-c-Achim-Meurer.jpg\",\"contentUrl\":\"https:\\\/\\\/9staedte.de\\\/wp-content\\\/uploads\\\/2023\\\/04\\\/Wallanlagen-Wolfenbuettel-c-Achim-Meurer.jpg\",\"width\":1020,\"height\":560,\"caption\":\"Gr\u00fcnes Wolfenb\u00fcttel - Wallanlagen c) Achim Meurer\"},{\"@type\":\"BreadcrumbList\",\"@id\":\"https:\\\/\\\/9staedte.de\\\/nl\\\/wolfenbuettel-de-lessing-stad\\\/wolfenbuettel-duurzaam-ontdekken\\\/#breadcrumb\",\"itemListElement\":[{\"@type\":\"ListItem\",\"position\":1,\"name\":\"Startseite\",\"item\":\"https:\\\/\\\/9staedte.de\\\/nl\\\/\"},{\"@type\":\"ListItem\",\"position\":2,\"name\":\"Wolfenb\u00fcttel &#8211; De Lessing-stad\",\"item\":\"https:\\\/\\\/9staedte.de\\\/nl\\\/wolfenbuettel-de-lessing-stad\\\/\"},{\"@type\":\"ListItem\",\"position\":3,\"name\":\"Wolfenb\u00fcttel &#8211; duurzaam ontdekken\"}]},{\"@type\":\"WebSite\",\"@id\":\"https:\\\/\\\/9staedte.de\\\/nl\\\/#website\",\"url\":\"https:\\\/\\\/9staedte.de\\\/nl\\\/\",\"name\":\"9 St\u00e4dte in Niedersachsen\",\"description\":\"\",\"publisher\":{\"@id\":\"https:\\\/\\\/9staedte.de\\\/nl\\\/#organization\"},\"potentialAction\":[{\"@type\":\"SearchAction\",\"target\":{\"@type\":\"EntryPoint\",\"urlTemplate\":\"https:\\\/\\\/9staedte.de\\\/nl\\\/?s={search_term_string}\"},\"query-input\":{\"@type\":\"PropertyValueSpecification\",\"valueRequired\":true,\"valueName\":\"search_term_string\"}}],\"inLanguage\":\"nl-NL\"},{\"@type\":\"Organization\",\"@id\":\"https:\\\/\\\/9staedte.de\\\/nl\\\/#organization\",\"name\":\"9 St\u00e4dte in Niedersachsen\",\"url\":\"https:\\\/\\\/9staedte.de\\\/nl\\\/\",\"logo\":{\"@type\":\"ImageObject\",\"inLanguage\":\"nl-NL\",\"@id\":\"https:\\\/\\\/9staedte.de\\\/nl\\\/#\\\/schema\\\/logo\\\/image\\\/\",\"url\":\"https:\\\/\\\/9staedte.de\\\/wp-content\\\/uploads\\\/2025\\\/01\\\/9-neg-deutsch-2-1.png\",\"contentUrl\":\"https:\\\/\\\/9staedte.de\\\/wp-content\\\/uploads\\\/2025\\\/01\\\/9-neg-deutsch-2-1.png\",\"width\":190,\"height\":114,\"caption\":\"9 St\u00e4dte in Niedersachsen\"},\"image\":{\"@id\":\"https:\\\/\\\/9staedte.de\\\/nl\\\/#\\\/schema\\\/logo\\\/image\\\/\"}}]}<\/script>\n<!-- \/ Yoast SEO plugin. -->","yoast_head_json":{"title":"Wolfenb\u00fcttel - duurzaam ontdekken - 9 St\u00e4dte in Niedersachsen","robots":{"index":"index","follow":"follow","max-snippet":"max-snippet:-1","max-image-preview":"max-image-preview:large","max-video-preview":"max-video-preview:-1"},"canonical":"https:\/\/9staedte.de\/nl\/wolfenbuettel-de-lessing-stad\/wolfenbuettel-duurzaam-ontdekken\/","og_locale":"nl_NL","og_type":"article","og_title":"Wolfenb\u00fcttel - duurzaam ontdekken - 9 St\u00e4dte in Niedersachsen","og_description":"Vakantie vanaf het begin Een vakantie in Wolfenb\u00fcttel begint met de wandeling van het treinstation naar de accommodatie van je keuze. Je bereikt de oude stad in slechts een paar minuten langs prachtige huizen in Wilhelminische stijl of door het Seeligerpark of de Wallanlage met zijn oude bomen. De oude stad maakt indruk met meer [&hellip;]","og_url":"https:\/\/9staedte.de\/nl\/wolfenbuettel-de-lessing-stad\/wolfenbuettel-duurzaam-ontdekken\/","og_site_name":"9 St\u00e4dte in Niedersachsen","article_modified_time":"2024-03-21T14:59:29+00:00","og_image":[{"width":1020,"height":560,"url":"https:\/\/9staedte.de\/wp-content\/uploads\/2023\/04\/Wallanlagen-Wolfenbuettel-c-Achim-Meurer.jpg","type":"image\/jpeg"}],"twitter_card":"summary_large_image","twitter_misc":{"Geschatte leestijd":"2 minuten"},"schema":{"@context":"https:\/\/schema.org","@graph":[{"@type":"WebPage","@id":"https:\/\/9staedte.de\/nl\/wolfenbuettel-de-lessing-stad\/wolfenbuettel-duurzaam-ontdekken\/","url":"https:\/\/9staedte.de\/nl\/wolfenbuettel-de-lessing-stad\/wolfenbuettel-duurzaam-ontdekken\/","name":"Wolfenb\u00fcttel - duurzaam ontdekken - 9 St\u00e4dte in Niedersachsen","isPartOf":{"@id":"https:\/\/9staedte.de\/nl\/#website"},"primaryImageOfPage":{"@id":"https:\/\/9staedte.de\/nl\/wolfenbuettel-de-lessing-stad\/wolfenbuettel-duurzaam-ontdekken\/#primaryimage"},"image":{"@id":"https:\/\/9staedte.de\/nl\/wolfenbuettel-de-lessing-stad\/wolfenbuettel-duurzaam-ontdekken\/#primaryimage"},"thumbnailUrl":"https:\/\/9staedte.de\/wp-content\/uploads\/2023\/04\/Wallanlagen-Wolfenbuettel-c-Achim-Meurer.jpg","datePublished":"2023-09-28T14:59:16+00:00","dateModified":"2024-03-21T14:59:29+00:00","breadcrumb":{"@id":"https:\/\/9staedte.de\/nl\/wolfenbuettel-de-lessing-stad\/wolfenbuettel-duurzaam-ontdekken\/#breadcrumb"},"inLanguage":"nl-NL","potentialAction":[{"@type":"ReadAction","target":["https:\/\/9staedte.de\/nl\/wolfenbuettel-de-lessing-stad\/wolfenbuettel-duurzaam-ontdekken\/"]}]},{"@type":"ImageObject","inLanguage":"nl-NL","@id":"https:\/\/9staedte.de\/nl\/wolfenbuettel-de-lessing-stad\/wolfenbuettel-duurzaam-ontdekken\/#primaryimage","url":"https:\/\/9staedte.de\/wp-content\/uploads\/2023\/04\/Wallanlagen-Wolfenbuettel-c-Achim-Meurer.jpg","contentUrl":"https:\/\/9staedte.de\/wp-content\/uploads\/2023\/04\/Wallanlagen-Wolfenbuettel-c-Achim-Meurer.jpg","width":1020,"height":560,"caption":"Gr\u00fcnes Wolfenb\u00fcttel - Wallanlagen c) Achim Meurer"},{"@type":"BreadcrumbList","@id":"https:\/\/9staedte.de\/nl\/wolfenbuettel-de-lessing-stad\/wolfenbuettel-duurzaam-ontdekken\/#breadcrumb","itemListElement":[{"@type":"ListItem","position":1,"name":"Startseite","item":"https:\/\/9staedte.de\/nl\/"},{"@type":"ListItem","position":2,"name":"Wolfenb\u00fcttel &#8211; De Lessing-stad","item":"https:\/\/9staedte.de\/nl\/wolfenbuettel-de-lessing-stad\/"},{"@type":"ListItem","position":3,"name":"Wolfenb\u00fcttel &#8211; duurzaam ontdekken"}]},{"@type":"WebSite","@id":"https:\/\/9staedte.de\/nl\/#website","url":"https:\/\/9staedte.de\/nl\/","name":"9 St\u00e4dte in Niedersachsen","description":"","publisher":{"@id":"https:\/\/9staedte.de\/nl\/#organization"},"potentialAction":[{"@type":"SearchAction","target":{"@type":"EntryPoint","urlTemplate":"https:\/\/9staedte.de\/nl\/?s={search_term_string}"},"query-input":{"@type":"PropertyValueSpecification","valueRequired":true,"valueName":"search_term_string"}}],"inLanguage":"nl-NL"},{"@type":"Organization","@id":"https:\/\/9staedte.de\/nl\/#organization","name":"9 St\u00e4dte in Niedersachsen","url":"https:\/\/9staedte.de\/nl\/","logo":{"@type":"ImageObject","inLanguage":"nl-NL","@id":"https:\/\/9staedte.de\/nl\/#\/schema\/logo\/image\/","url":"https:\/\/9staedte.de\/wp-content\/uploads\/2025\/01\/9-neg-deutsch-2-1.png","contentUrl":"https:\/\/9staedte.de\/wp-content\/uploads\/2025\/01\/9-neg-deutsch-2-1.png","width":190,"height":114,"caption":"9 St\u00e4dte in Niedersachsen"},"image":{"@id":"https:\/\/9staedte.de\/nl\/#\/schema\/logo\/image\/"}}]}},"_links":{"self":[{"href":"https:\/\/9staedte.de\/nl\/wp-json\/wp\/v2\/pages\/9369","targetHints":{"allow":["GET"]}}],"collection":[{"href":"https:\/\/9staedte.de\/nl\/wp-json\/wp\/v2\/pages"}],"about":[{"href":"https:\/\/9staedte.de\/nl\/wp-json\/wp\/v2\/types\/page"}],"author":[{"embeddable":true,"href":"https:\/\/9staedte.de\/nl\/wp-json\/wp\/v2\/users\/1"}],"replies":[{"embeddable":true,"href":"https:\/\/9staedte.de\/nl\/wp-json\/wp\/v2\/comments?post=9369"}],"version-history":[{"count":3,"href":"https:\/\/9staedte.de\/nl\/wp-json\/wp\/v2\/pages\/9369\/revisions"}],"predecessor-version":[{"id":21520,"href":"https:\/\/9staedte.de\/nl\/wp-json\/wp\/v2\/pages\/9369\/revisions\/21520"}],"up":[{"embeddable":true,"href":"https:\/\/9staedte.de\/nl\/wp-json\/wp\/v2\/pages\/9771"}],"wp:featuredmedia":[{"embeddable":true,"href":"https:\/\/9staedte.de\/nl\/wp-json\/wp\/v2\/media\/9374"}],"wp:attachment":[{"href":"https:\/\/9staedte.de\/nl\/wp-json\/wp\/v2\/media?parent=9369"}],"wp:term":[{"taxonomy":"category","embeddable":true,"href":"https:\/\/9staedte.de\/nl\/wp-json\/wp\/v2\/categories?post=9369"},{"taxonomy":"post_tag","embeddable":true,"href":"https:\/\/9staedte.de\/nl\/wp-json\/wp\/v2\/tags?post=9369"},{"taxonomy":"ncap_cities_tax","embeddable":true,"href":"https:\/\/9staedte.de\/nl\/wp-json\/wp\/v2\/ncap_cities_tax?post=9369"}],"curies":[{"name":"wp","href":"https:\/\/api.w.org\/{rel}","templated":true}]}}