{"id":9350,"date":"2023-09-28T16:59:16","date_gmt":"2023-09-28T14:59:16","guid":{"rendered":"https:\/\/9staedte.de\/overnachting-in-wolfenbuettel\/"},"modified":"2023-10-25T11:42:59","modified_gmt":"2023-10-25T09:42:59","slug":"overnachting-in-wolfenbuettel","status":"publish","type":"page","link":"https:\/\/9staedte.de\/nl\/wolfenbuettel-de-lessing-stad\/overnachting-in-wolfenbuettel\/","title":{"rendered":"Overnachting in Wolfenb\u00fcttel"},"content":{"rendered":"\n<h2 class=\"wp-block-heading\">Kamerreservering in Wolfenb\u00fcttel<\/h2>\n\n\n\n<h3 class=\"wp-block-heading\"><a href=\"https:\/\/www.lessingstadt-wolfenbuettel.de\/buchen\/gastgeber\/unterkuenfte\">Kies hier uit verschillende aanbiedingen:<\/a><\/h3>\n\n\n\n<figure class=\"wp-block-image size-large\"><a href=\"https:\/\/www.lessingstadt-wolfenbuettel.de\/buchen\/gastgeber\/unterkuenfte\"><img loading=\"lazy\" decoding=\"async\" width=\"1024\" height=\"497\" src=\"https:\/\/9staedte.de\/wp-content\/smush-webp\/2023\/07\/Reservierung-Wolfenbuettel-1024x497.jpg.webp\" alt=\"\" class=\"wp-image-7466\" srcset=\"https:\/\/9staedte.de\/wp-content\/smush-webp\/2023\/07\/Reservierung-Wolfenbuettel-1024x497.jpg.webp 1024w, https:\/\/9staedte.de\/wp-content\/smush-webp\/2023\/07\/Reservierung-Wolfenbuettel-300x146.jpg.webp 300w, https:\/\/9staedte.de\/wp-content\/smush-webp\/2023\/07\/Reservierung-Wolfenbuettel-768x373.jpg.webp 768w, https:\/\/9staedte.de\/wp-content\/smush-webp\/2023\/07\/Reservierung-Wolfenbuettel.jpg.webp 1028w\" sizes=\"auto, (max-width: 1024px) 100vw, 1024px\" \/><\/a><\/figure>\n","protected":false},"excerpt":{"rendered":"<p>Kamerreservering in Wolfenb\u00fcttel Kies hier uit verschillende aanbiedingen:<\/p>\n","protected":false},"author":1,"featured_media":9363,"parent":9771,"menu_order":0,"comment_status":"closed","ping_status":"closed","template":"pagetemplates\/template-stadtthema.php","meta":{"_acf_changed":false,"footnotes":""},"categories":[],"tags":[],"ncap_cities_tax":[1098,468],"class_list":["post-9350","page","type-page","status-publish","has-post-thumbnail","hentry","ncap_cities_tax-reservierungen-wolfenbuettel-nl","ncap_cities_tax-wolfenbuettel-nl"],"acf":[],"yoast_head":"<!-- This site is optimized with the Yoast SEO plugin v26.8 - https:\/\/yoast.com\/product\/yoast-seo-wordpress\/ -->\n<title>Overnachting in Wolfenb\u00fcttel - 9 St\u00e4dte in Niedersachsen<\/title>\n<meta name=\"robots\" content=\"index, follow, max-snippet:-1, max-image-preview:large, max-video-preview:-1\" \/>\n<link rel=\"canonical\" href=\"https:\/\/9staedte.de\/nl\/wolfenbuettel-de-lessing-stad\/overnachting-in-wolfenbuettel\/\" \/>\n<meta property=\"og:locale\" content=\"nl_NL\" \/>\n<meta property=\"og:type\" content=\"article\" \/>\n<meta property=\"og:title\" content=\"Overnachting in Wolfenb\u00fcttel - 9 St\u00e4dte in Niedersachsen\" \/>\n<meta property=\"og:description\" content=\"Kamerreservering in Wolfenb\u00fcttel Kies hier uit verschillende aanbiedingen:\" \/>\n<meta property=\"og:url\" content=\"https:\/\/9staedte.de\/nl\/wolfenbuettel-de-lessing-stad\/overnachting-in-wolfenbuettel\/\" \/>\n<meta property=\"og:site_name\" content=\"9 St\u00e4dte in Niedersachsen\" \/>\n<meta property=\"article:modified_time\" content=\"2023-10-25T09:42:59+00:00\" \/>\n<meta property=\"og:image\" content=\"https:\/\/9staedte.de\/wp-content\/uploads\/2022\/03\/Schloss-Wolfenbuettel-Fotograf-Christian-Bierwagen-Rechte-Stadt-Wolfenbuettel.jpg\" \/>\n\t<meta property=\"og:image:width\" content=\"1019\" \/>\n\t<meta property=\"og:image:height\" content=\"555\" \/>\n\t<meta property=\"og:image:type\" content=\"image\/jpeg\" \/>\n<meta name=\"twitter:card\" content=\"summary_large_image\" \/>\n<meta name=\"twitter:label1\" content=\"Geschatte leestijd\" \/>\n\t<meta name=\"twitter:data1\" content=\"1 minuut\" \/>\n<script type=\"application\/ld+json\" class=\"yoast-schema-graph\">{\"@context\":\"https:\/\/schema.org\",\"@graph\":[{\"@type\":\"WebPage\",\"@id\":\"https:\/\/9staedte.de\/nl\/wolfenbuettel-de-lessing-stad\/overnachting-in-wolfenbuettel\/\",\"url\":\"https:\/\/9staedte.de\/nl\/wolfenbuettel-de-lessing-stad\/overnachting-in-wolfenbuettel\/\",\"name\":\"Overnachting in Wolfenb\u00fcttel - 9 St\u00e4dte in Niedersachsen\",\"isPartOf\":{\"@id\":\"https:\/\/9staedte.de\/nl\/#website\"},\"primaryImageOfPage\":{\"@id\":\"https:\/\/9staedte.de\/nl\/wolfenbuettel-de-lessing-stad\/overnachting-in-wolfenbuettel\/#primaryimage\"},\"image\":{\"@id\":\"https:\/\/9staedte.de\/nl\/wolfenbuettel-de-lessing-stad\/overnachting-in-wolfenbuettel\/#primaryimage\"},\"thumbnailUrl\":\"https:\/\/9staedte.de\/wp-content\/uploads\/2022\/03\/Schloss-Wolfenbuettel-Fotograf-Christian-Bierwagen-Rechte-Stadt-Wolfenbuettel.jpg\",\"datePublished\":\"2023-09-28T14:59:16+00:00\",\"dateModified\":\"2023-10-25T09:42:59+00:00\",\"breadcrumb\":{\"@id\":\"https:\/\/9staedte.de\/nl\/wolfenbuettel-de-lessing-stad\/overnachting-in-wolfenbuettel\/#breadcrumb\"},\"inLanguage\":\"nl-NL\",\"potentialAction\":[{\"@type\":\"ReadAction\",\"target\":[\"https:\/\/9staedte.de\/nl\/wolfenbuettel-de-lessing-stad\/overnachting-in-wolfenbuettel\/\"]}]},{\"@type\":\"ImageObject\",\"inLanguage\":\"nl-NL\",\"@id\":\"https:\/\/9staedte.de\/nl\/wolfenbuettel-de-lessing-stad\/overnachting-in-wolfenbuettel\/#primaryimage\",\"url\":\"https:\/\/9staedte.de\/wp-content\/uploads\/2022\/03\/Schloss-Wolfenbuettel-Fotograf-Christian-Bierwagen-Rechte-Stadt-Wolfenbuettel.jpg\",\"contentUrl\":\"https:\/\/9staedte.de\/wp-content\/uploads\/2022\/03\/Schloss-Wolfenbuettel-Fotograf-Christian-Bierwagen-Rechte-Stadt-Wolfenbuettel.jpg\",\"width\":1019,\"height\":555,\"caption\":\"Schloss Wolfenb\u00fcttel, Fotograf Christian Bierwagen, Rechte Stadt Wolfenb\u00fcttel\"},{\"@type\":\"BreadcrumbList\",\"@id\":\"https:\/\/9staedte.de\/nl\/wolfenbuettel-de-lessing-stad\/overnachting-in-wolfenbuettel\/#breadcrumb\",\"itemListElement\":[{\"@type\":\"ListItem\",\"position\":1,\"name\":\"Startseite\",\"item\":\"https:\/\/9staedte.de\/nl\/\"},{\"@type\":\"ListItem\",\"position\":2,\"name\":\"Wolfenb\u00fcttel &#8211; De Lessing-stad\",\"item\":\"https:\/\/9staedte.de\/nl\/wolfenbuettel-de-lessing-stad\/\"},{\"@type\":\"ListItem\",\"position\":3,\"name\":\"Overnachting in Wolfenb\u00fcttel\"}]},{\"@type\":\"WebSite\",\"@id\":\"https:\/\/9staedte.de\/nl\/#website\",\"url\":\"https:\/\/9staedte.de\/nl\/\",\"name\":\"9 St\u00e4dte in Niedersachsen\",\"description\":\"\",\"publisher\":{\"@id\":\"https:\/\/9staedte.de\/nl\/#organization\"},\"potentialAction\":[{\"@type\":\"SearchAction\",\"target\":{\"@type\":\"EntryPoint\",\"urlTemplate\":\"https:\/\/9staedte.de\/nl\/?s={search_term_string}\"},\"query-input\":{\"@type\":\"PropertyValueSpecification\",\"valueRequired\":true,\"valueName\":\"search_term_string\"}}],\"inLanguage\":\"nl-NL\"},{\"@type\":\"Organization\",\"@id\":\"https:\/\/9staedte.de\/nl\/#organization\",\"name\":\"9 St\u00e4dte in Niedersachsen\",\"url\":\"https:\/\/9staedte.de\/nl\/\",\"logo\":{\"@type\":\"ImageObject\",\"inLanguage\":\"nl-NL\",\"@id\":\"https:\/\/9staedte.de\/nl\/#\/schema\/logo\/image\/\",\"url\":\"https:\/\/9staedte.de\/wp-content\/uploads\/2025\/01\/9-neg-deutsch-2-1.png\",\"contentUrl\":\"https:\/\/9staedte.de\/wp-content\/uploads\/2025\/01\/9-neg-deutsch-2-1.png\",\"width\":190,\"height\":114,\"caption\":\"9 St\u00e4dte in Niedersachsen\"},\"image\":{\"@id\":\"https:\/\/9staedte.de\/nl\/#\/schema\/logo\/image\/\"}}]}<\/script>\n<!-- \/ Yoast SEO plugin. -->","yoast_head_json":{"title":"Overnachting in Wolfenb\u00fcttel - 9 St\u00e4dte in Niedersachsen","robots":{"index":"index","follow":"follow","max-snippet":"max-snippet:-1","max-image-preview":"max-image-preview:large","max-video-preview":"max-video-preview:-1"},"canonical":"https:\/\/9staedte.de\/nl\/wolfenbuettel-de-lessing-stad\/overnachting-in-wolfenbuettel\/","og_locale":"nl_NL","og_type":"article","og_title":"Overnachting in Wolfenb\u00fcttel - 9 St\u00e4dte in Niedersachsen","og_description":"Kamerreservering in Wolfenb\u00fcttel Kies hier uit verschillende aanbiedingen:","og_url":"https:\/\/9staedte.de\/nl\/wolfenbuettel-de-lessing-stad\/overnachting-in-wolfenbuettel\/","og_site_name":"9 St\u00e4dte in Niedersachsen","article_modified_time":"2023-10-25T09:42:59+00:00","og_image":[{"width":1019,"height":555,"url":"https:\/\/9staedte.de\/wp-content\/uploads\/2022\/03\/Schloss-Wolfenbuettel-Fotograf-Christian-Bierwagen-Rechte-Stadt-Wolfenbuettel.jpg","type":"image\/jpeg"}],"twitter_card":"summary_large_image","twitter_misc":{"Geschatte leestijd":"1 minuut"},"schema":{"@context":"https:\/\/schema.org","@graph":[{"@type":"WebPage","@id":"https:\/\/9staedte.de\/nl\/wolfenbuettel-de-lessing-stad\/overnachting-in-wolfenbuettel\/","url":"https:\/\/9staedte.de\/nl\/wolfenbuettel-de-lessing-stad\/overnachting-in-wolfenbuettel\/","name":"Overnachting in Wolfenb\u00fcttel - 9 St\u00e4dte in Niedersachsen","isPartOf":{"@id":"https:\/\/9staedte.de\/nl\/#website"},"primaryImageOfPage":{"@id":"https:\/\/9staedte.de\/nl\/wolfenbuettel-de-lessing-stad\/overnachting-in-wolfenbuettel\/#primaryimage"},"image":{"@id":"https:\/\/9staedte.de\/nl\/wolfenbuettel-de-lessing-stad\/overnachting-in-wolfenbuettel\/#primaryimage"},"thumbnailUrl":"https:\/\/9staedte.de\/wp-content\/uploads\/2022\/03\/Schloss-Wolfenbuettel-Fotograf-Christian-Bierwagen-Rechte-Stadt-Wolfenbuettel.jpg","datePublished":"2023-09-28T14:59:16+00:00","dateModified":"2023-10-25T09:42:59+00:00","breadcrumb":{"@id":"https:\/\/9staedte.de\/nl\/wolfenbuettel-de-lessing-stad\/overnachting-in-wolfenbuettel\/#breadcrumb"},"inLanguage":"nl-NL","potentialAction":[{"@type":"ReadAction","target":["https:\/\/9staedte.de\/nl\/wolfenbuettel-de-lessing-stad\/overnachting-in-wolfenbuettel\/"]}]},{"@type":"ImageObject","inLanguage":"nl-NL","@id":"https:\/\/9staedte.de\/nl\/wolfenbuettel-de-lessing-stad\/overnachting-in-wolfenbuettel\/#primaryimage","url":"https:\/\/9staedte.de\/wp-content\/uploads\/2022\/03\/Schloss-Wolfenbuettel-Fotograf-Christian-Bierwagen-Rechte-Stadt-Wolfenbuettel.jpg","contentUrl":"https:\/\/9staedte.de\/wp-content\/uploads\/2022\/03\/Schloss-Wolfenbuettel-Fotograf-Christian-Bierwagen-Rechte-Stadt-Wolfenbuettel.jpg","width":1019,"height":555,"caption":"Schloss Wolfenb\u00fcttel, Fotograf Christian Bierwagen, Rechte Stadt Wolfenb\u00fcttel"},{"@type":"BreadcrumbList","@id":"https:\/\/9staedte.de\/nl\/wolfenbuettel-de-lessing-stad\/overnachting-in-wolfenbuettel\/#breadcrumb","itemListElement":[{"@type":"ListItem","position":1,"name":"Startseite","item":"https:\/\/9staedte.de\/nl\/"},{"@type":"ListItem","position":2,"name":"Wolfenb\u00fcttel &#8211; De Lessing-stad","item":"https:\/\/9staedte.de\/nl\/wolfenbuettel-de-lessing-stad\/"},{"@type":"ListItem","position":3,"name":"Overnachting in Wolfenb\u00fcttel"}]},{"@type":"WebSite","@id":"https:\/\/9staedte.de\/nl\/#website","url":"https:\/\/9staedte.de\/nl\/","name":"9 St\u00e4dte in Niedersachsen","description":"","publisher":{"@id":"https:\/\/9staedte.de\/nl\/#organization"},"potentialAction":[{"@type":"SearchAction","target":{"@type":"EntryPoint","urlTemplate":"https:\/\/9staedte.de\/nl\/?s={search_term_string}"},"query-input":{"@type":"PropertyValueSpecification","valueRequired":true,"valueName":"search_term_string"}}],"inLanguage":"nl-NL"},{"@type":"Organization","@id":"https:\/\/9staedte.de\/nl\/#organization","name":"9 St\u00e4dte in Niedersachsen","url":"https:\/\/9staedte.de\/nl\/","logo":{"@type":"ImageObject","inLanguage":"nl-NL","@id":"https:\/\/9staedte.de\/nl\/#\/schema\/logo\/image\/","url":"https:\/\/9staedte.de\/wp-content\/uploads\/2025\/01\/9-neg-deutsch-2-1.png","contentUrl":"https:\/\/9staedte.de\/wp-content\/uploads\/2025\/01\/9-neg-deutsch-2-1.png","width":190,"height":114,"caption":"9 St\u00e4dte in Niedersachsen"},"image":{"@id":"https:\/\/9staedte.de\/nl\/#\/schema\/logo\/image\/"}}]}},"_links":{"self":[{"href":"https:\/\/9staedte.de\/nl\/wp-json\/wp\/v2\/pages\/9350","targetHints":{"allow":["GET"]}}],"collection":[{"href":"https:\/\/9staedte.de\/nl\/wp-json\/wp\/v2\/pages"}],"about":[{"href":"https:\/\/9staedte.de\/nl\/wp-json\/wp\/v2\/types\/page"}],"author":[{"embeddable":true,"href":"https:\/\/9staedte.de\/nl\/wp-json\/wp\/v2\/users\/1"}],"replies":[{"embeddable":true,"href":"https:\/\/9staedte.de\/nl\/wp-json\/wp\/v2\/comments?post=9350"}],"version-history":[{"count":2,"href":"https:\/\/9staedte.de\/nl\/wp-json\/wp\/v2\/pages\/9350\/revisions"}],"predecessor-version":[{"id":12720,"href":"https:\/\/9staedte.de\/nl\/wp-json\/wp\/v2\/pages\/9350\/revisions\/12720"}],"up":[{"embeddable":true,"href":"https:\/\/9staedte.de\/nl\/wp-json\/wp\/v2\/pages\/9771"}],"wp:featuredmedia":[{"embeddable":true,"href":"https:\/\/9staedte.de\/nl\/wp-json\/wp\/v2\/media\/9363"}],"wp:attachment":[{"href":"https:\/\/9staedte.de\/nl\/wp-json\/wp\/v2\/media?parent=9350"}],"wp:term":[{"taxonomy":"category","embeddable":true,"href":"https:\/\/9staedte.de\/nl\/wp-json\/wp\/v2\/categories?post=9350"},{"taxonomy":"post_tag","embeddable":true,"href":"https:\/\/9staedte.de\/nl\/wp-json\/wp\/v2\/tags?post=9350"},{"taxonomy":"ncap_cities_tax","embeddable":true,"href":"https:\/\/9staedte.de\/nl\/wp-json\/wp\/v2\/ncap_cities_tax?post=9350"}],"curies":[{"name":"wp","href":"https:\/\/api.w.org\/{rel}","templated":true}]}}