{"id":9331,"date":"2023-09-28T16:59:14","date_gmt":"2023-09-28T14:59:14","guid":{"rendered":"https:\/\/9staedte.de\/conferenties-en-congressen-in-wolfenbuettel\/"},"modified":"2023-10-25T11:44:57","modified_gmt":"2023-10-25T09:44:57","slug":"conferenties-en-congressen-in-wolfenbuettel","status":"publish","type":"page","link":"https:\/\/9staedte.de\/nl\/wolfenbuettel-de-lessing-stad\/conferenties-en-congressen-in-wolfenbuettel\/","title":{"rendered":"Conferenties en congressen in Wolfenb\u00fcttel"},"content":{"rendered":"\n<p><strong>Conferenties en congressen in Wolfenb\u00fcttel:&nbsp;<\/strong><\/p>\n\n\n\n<p>De juiste locatie met een aangename sfeer speelt een zeer belangrijke rol in het succes van een conferentie of congres. Wolfenb\u00fcttel biedt je niet alleen klassieke vergaderzalen, maar ook ongebruikelijke locaties. Of het nu voor 10 of 800 mensen is, uw conferentie-evenement is bij ons in de beste handen. Onze locaties zijn centraal gelegen in Wolfenb\u00fcttel en zijn gemakkelijk bereikbaar via de BAB 395, het treinstation van Braunschweig met ICE-verbinding en de luchthaven van Hannover, op slechts 60 minuten afstand.<\/p>\n\n\n\n<p>Ontmoet ons en je zult je eindelijk thuis voelen!<\/p>\n\n\n\n<div class=\"content-grid\">\n\n\n  \n  <div class=\"grid\">\n                        \n                    \n          <div class=\"featured-themen-single\">\n            <div class=\"featured-themen-single-inner\" style=\"background-image: url('https:\/\/9staedte.de\/wp-content\/smush-webp\/2023\/03\/Lindenhalle-c-Susanne-Huebner.jpg.webp')\">\n              \n              <a href=\"https:\/\/9staedte.de\/tips-fur-ihre-veranstaltung-in-wolfenbuttel\/\">\n                <span>Tipps f\u00fcr Ihre Veranstaltung in Wolfenb\u00fcttel<\/span>\n              <\/a>\n            <\/div>\n          <\/div>\n    \n          \n                  \n                    \n          <div class=\"featured-themen-single\">\n            <div class=\"featured-themen-single-inner\" style=\"background-image: url('https:\/\/9staedte.de\/wp-content\/smush-webp\/2023\/03\/2-c-Stadt-Wolfenbuettel-Jugendgaestehaus.jpg.webp')\">\n              \n              <a href=\"https:\/\/9staedte.de\/nl\/aanbiedingen-en-diensten-in-de-lessingstad-wolfenbuttel\/\">\n                <span>Aanbiedingen en diensten in de Lessingstad Wolfenb\u00fcttel<\/span>\n              <\/a>\n            <\/div>\n          <\/div>\n    \n          \n                  \n                    \n          <div class=\"featured-themen-single\">\n            <div class=\"featured-themen-single-inner\" style=\"background-image: url('https:\/\/9staedte.de\/wp-content\/smush-webp\/2023\/06\/Schloss_Christian_Bierwagen.jpg.webp')\">\n              \n              <a href=\"https:\/\/9staedte.de\/nl\/contactlessing-stad-wolfenbuttel\/\">\n                <span>Contact:<br>Lessing Stad Wolfenb\u00fcttel<\/span>\n              <\/a>\n            <\/div>\n          <\/div>\n    \n          \n                          \n        <\/div>\n<\/div>\n\n\n<p><\/p>\n","protected":false},"excerpt":{"rendered":"<p>Conferenties en congressen in Wolfenb\u00fcttel:&nbsp; De juiste locatie met een aangename sfeer speelt een zeer belangrijke rol in het succes van een conferentie of congres. Wolfenb\u00fcttel biedt je niet alleen klassieke vergaderzalen, maar ook ongebruikelijke locaties. Of het nu voor 10 of 800 mensen is, uw conferentie-evenement is bij ons in de beste handen. Onze [&hellip;]<\/p>\n","protected":false},"author":1,"featured_media":9335,"parent":9771,"menu_order":0,"comment_status":"closed","ping_status":"closed","template":"pagetemplates\/template-stadtthema.php","meta":{"_acf_changed":false,"footnotes":""},"categories":[],"tags":[],"ncap_cities_tax":[1175,468],"class_list":["post-9331","page","type-page","status-publish","has-post-thumbnail","hentry","ncap_cities_tax-tagungen-und-kongresse-wolfenbuettel-nl-wolfenbuettel-nl","ncap_cities_tax-wolfenbuettel-nl"],"acf":[],"yoast_head":"<!-- This site is optimized with the Yoast SEO plugin v27.4 - https:\/\/yoast.com\/product\/yoast-seo-wordpress\/ -->\n<title>Conferenties en congressen in Wolfenb\u00fcttel - 9 St\u00e4dte in Niedersachsen<\/title>\n<meta name=\"robots\" content=\"index, follow, max-snippet:-1, max-image-preview:large, max-video-preview:-1\" \/>\n<link rel=\"canonical\" href=\"https:\/\/9staedte.de\/nl\/wolfenbuettel-de-lessing-stad\/conferenties-en-congressen-in-wolfenbuettel\/\" \/>\n<meta property=\"og:locale\" content=\"nl_NL\" \/>\n<meta property=\"og:type\" content=\"article\" \/>\n<meta property=\"og:title\" content=\"Conferenties en congressen in Wolfenb\u00fcttel - 9 St\u00e4dte in Niedersachsen\" \/>\n<meta property=\"og:description\" content=\"Conferenties en congressen in Wolfenb\u00fcttel:&nbsp; De juiste locatie met een aangename sfeer speelt een zeer belangrijke rol in het succes van een conferentie of congres. Wolfenb\u00fcttel biedt je niet alleen klassieke vergaderzalen, maar ook ongebruikelijke locaties. Of het nu voor 10 of 800 mensen is, uw conferentie-evenement is bij ons in de beste handen. Onze [&hellip;]\" \/>\n<meta property=\"og:url\" content=\"https:\/\/9staedte.de\/nl\/wolfenbuettel-de-lessing-stad\/conferenties-en-congressen-in-wolfenbuettel\/\" \/>\n<meta property=\"og:site_name\" content=\"9 St\u00e4dte in Niedersachsen\" \/>\n<meta property=\"article:modified_time\" content=\"2023-10-25T09:44:57+00:00\" \/>\n<meta property=\"og:image\" content=\"https:\/\/9staedte.de\/wp-content\/uploads\/2023\/03\/Wolfenbuettel-c-Susanne-Huebner.jpg\" \/>\n\t<meta property=\"og:image:width\" content=\"1020\" \/>\n\t<meta property=\"og:image:height\" content=\"561\" \/>\n\t<meta property=\"og:image:type\" content=\"image\/jpeg\" \/>\n<meta name=\"twitter:card\" content=\"summary_large_image\" \/>\n<meta name=\"twitter:label1\" content=\"Geschatte leestijd\" \/>\n\t<meta name=\"twitter:data1\" content=\"1 minuut\" \/>\n<script type=\"application\/ld+json\" class=\"yoast-schema-graph\">{\"@context\":\"https:\\\/\\\/schema.org\",\"@graph\":[{\"@type\":\"WebPage\",\"@id\":\"https:\\\/\\\/9staedte.de\\\/nl\\\/wolfenbuettel-de-lessing-stad\\\/conferenties-en-congressen-in-wolfenbuettel\\\/\",\"url\":\"https:\\\/\\\/9staedte.de\\\/nl\\\/wolfenbuettel-de-lessing-stad\\\/conferenties-en-congressen-in-wolfenbuettel\\\/\",\"name\":\"Conferenties en congressen in Wolfenb\u00fcttel - 9 St\u00e4dte in Niedersachsen\",\"isPartOf\":{\"@id\":\"https:\\\/\\\/9staedte.de\\\/nl\\\/#website\"},\"primaryImageOfPage\":{\"@id\":\"https:\\\/\\\/9staedte.de\\\/nl\\\/wolfenbuettel-de-lessing-stad\\\/conferenties-en-congressen-in-wolfenbuettel\\\/#primaryimage\"},\"image\":{\"@id\":\"https:\\\/\\\/9staedte.de\\\/nl\\\/wolfenbuettel-de-lessing-stad\\\/conferenties-en-congressen-in-wolfenbuettel\\\/#primaryimage\"},\"thumbnailUrl\":\"https:\\\/\\\/9staedte.de\\\/wp-content\\\/uploads\\\/2023\\\/03\\\/Wolfenbuettel-c-Susanne-Huebner.jpg\",\"datePublished\":\"2023-09-28T14:59:14+00:00\",\"dateModified\":\"2023-10-25T09:44:57+00:00\",\"breadcrumb\":{\"@id\":\"https:\\\/\\\/9staedte.de\\\/nl\\\/wolfenbuettel-de-lessing-stad\\\/conferenties-en-congressen-in-wolfenbuettel\\\/#breadcrumb\"},\"inLanguage\":\"nl-NL\",\"potentialAction\":[{\"@type\":\"ReadAction\",\"target\":[\"https:\\\/\\\/9staedte.de\\\/nl\\\/wolfenbuettel-de-lessing-stad\\\/conferenties-en-congressen-in-wolfenbuettel\\\/\"]}]},{\"@type\":\"ImageObject\",\"inLanguage\":\"nl-NL\",\"@id\":\"https:\\\/\\\/9staedte.de\\\/nl\\\/wolfenbuettel-de-lessing-stad\\\/conferenties-en-congressen-in-wolfenbuettel\\\/#primaryimage\",\"url\":\"https:\\\/\\\/9staedte.de\\\/wp-content\\\/uploads\\\/2023\\\/03\\\/Wolfenbuettel-c-Susanne-Huebner.jpg\",\"contentUrl\":\"https:\\\/\\\/9staedte.de\\\/wp-content\\\/uploads\\\/2023\\\/03\\\/Wolfenbuettel-c-Susanne-Huebner.jpg\",\"width\":1020,\"height\":561,\"caption\":\"Wolfenb\u00fcttel (c) Susanne H\u00fcbner\"},{\"@type\":\"BreadcrumbList\",\"@id\":\"https:\\\/\\\/9staedte.de\\\/nl\\\/wolfenbuettel-de-lessing-stad\\\/conferenties-en-congressen-in-wolfenbuettel\\\/#breadcrumb\",\"itemListElement\":[{\"@type\":\"ListItem\",\"position\":1,\"name\":\"Startseite\",\"item\":\"https:\\\/\\\/9staedte.de\\\/nl\\\/\"},{\"@type\":\"ListItem\",\"position\":2,\"name\":\"Wolfenb\u00fcttel &#8211; De Lessing-stad\",\"item\":\"https:\\\/\\\/9staedte.de\\\/nl\\\/wolfenbuettel-de-lessing-stad\\\/\"},{\"@type\":\"ListItem\",\"position\":3,\"name\":\"Conferenties en congressen in Wolfenb\u00fcttel\"}]},{\"@type\":\"WebSite\",\"@id\":\"https:\\\/\\\/9staedte.de\\\/nl\\\/#website\",\"url\":\"https:\\\/\\\/9staedte.de\\\/nl\\\/\",\"name\":\"9 St\u00e4dte in Niedersachsen\",\"description\":\"\",\"publisher\":{\"@id\":\"https:\\\/\\\/9staedte.de\\\/nl\\\/#organization\"},\"potentialAction\":[{\"@type\":\"SearchAction\",\"target\":{\"@type\":\"EntryPoint\",\"urlTemplate\":\"https:\\\/\\\/9staedte.de\\\/nl\\\/?s={search_term_string}\"},\"query-input\":{\"@type\":\"PropertyValueSpecification\",\"valueRequired\":true,\"valueName\":\"search_term_string\"}}],\"inLanguage\":\"nl-NL\"},{\"@type\":\"Organization\",\"@id\":\"https:\\\/\\\/9staedte.de\\\/nl\\\/#organization\",\"name\":\"9 St\u00e4dte in Niedersachsen\",\"url\":\"https:\\\/\\\/9staedte.de\\\/nl\\\/\",\"logo\":{\"@type\":\"ImageObject\",\"inLanguage\":\"nl-NL\",\"@id\":\"https:\\\/\\\/9staedte.de\\\/nl\\\/#\\\/schema\\\/logo\\\/image\\\/\",\"url\":\"https:\\\/\\\/9staedte.de\\\/wp-content\\\/uploads\\\/2025\\\/01\\\/9-neg-deutsch-2-1.png\",\"contentUrl\":\"https:\\\/\\\/9staedte.de\\\/wp-content\\\/uploads\\\/2025\\\/01\\\/9-neg-deutsch-2-1.png\",\"width\":190,\"height\":114,\"caption\":\"9 St\u00e4dte in Niedersachsen\"},\"image\":{\"@id\":\"https:\\\/\\\/9staedte.de\\\/nl\\\/#\\\/schema\\\/logo\\\/image\\\/\"}}]}<\/script>\n<!-- \/ Yoast SEO plugin. -->","yoast_head_json":{"title":"Conferenties en congressen in Wolfenb\u00fcttel - 9 St\u00e4dte in Niedersachsen","robots":{"index":"index","follow":"follow","max-snippet":"max-snippet:-1","max-image-preview":"max-image-preview:large","max-video-preview":"max-video-preview:-1"},"canonical":"https:\/\/9staedte.de\/nl\/wolfenbuettel-de-lessing-stad\/conferenties-en-congressen-in-wolfenbuettel\/","og_locale":"nl_NL","og_type":"article","og_title":"Conferenties en congressen in Wolfenb\u00fcttel - 9 St\u00e4dte in Niedersachsen","og_description":"Conferenties en congressen in Wolfenb\u00fcttel:&nbsp; De juiste locatie met een aangename sfeer speelt een zeer belangrijke rol in het succes van een conferentie of congres. Wolfenb\u00fcttel biedt je niet alleen klassieke vergaderzalen, maar ook ongebruikelijke locaties. Of het nu voor 10 of 800 mensen is, uw conferentie-evenement is bij ons in de beste handen. Onze [&hellip;]","og_url":"https:\/\/9staedte.de\/nl\/wolfenbuettel-de-lessing-stad\/conferenties-en-congressen-in-wolfenbuettel\/","og_site_name":"9 St\u00e4dte in Niedersachsen","article_modified_time":"2023-10-25T09:44:57+00:00","og_image":[{"width":1020,"height":561,"url":"https:\/\/9staedte.de\/wp-content\/uploads\/2023\/03\/Wolfenbuettel-c-Susanne-Huebner.jpg","type":"image\/jpeg"}],"twitter_card":"summary_large_image","twitter_misc":{"Geschatte leestijd":"1 minuut"},"schema":{"@context":"https:\/\/schema.org","@graph":[{"@type":"WebPage","@id":"https:\/\/9staedte.de\/nl\/wolfenbuettel-de-lessing-stad\/conferenties-en-congressen-in-wolfenbuettel\/","url":"https:\/\/9staedte.de\/nl\/wolfenbuettel-de-lessing-stad\/conferenties-en-congressen-in-wolfenbuettel\/","name":"Conferenties en congressen in Wolfenb\u00fcttel - 9 St\u00e4dte in Niedersachsen","isPartOf":{"@id":"https:\/\/9staedte.de\/nl\/#website"},"primaryImageOfPage":{"@id":"https:\/\/9staedte.de\/nl\/wolfenbuettel-de-lessing-stad\/conferenties-en-congressen-in-wolfenbuettel\/#primaryimage"},"image":{"@id":"https:\/\/9staedte.de\/nl\/wolfenbuettel-de-lessing-stad\/conferenties-en-congressen-in-wolfenbuettel\/#primaryimage"},"thumbnailUrl":"https:\/\/9staedte.de\/wp-content\/uploads\/2023\/03\/Wolfenbuettel-c-Susanne-Huebner.jpg","datePublished":"2023-09-28T14:59:14+00:00","dateModified":"2023-10-25T09:44:57+00:00","breadcrumb":{"@id":"https:\/\/9staedte.de\/nl\/wolfenbuettel-de-lessing-stad\/conferenties-en-congressen-in-wolfenbuettel\/#breadcrumb"},"inLanguage":"nl-NL","potentialAction":[{"@type":"ReadAction","target":["https:\/\/9staedte.de\/nl\/wolfenbuettel-de-lessing-stad\/conferenties-en-congressen-in-wolfenbuettel\/"]}]},{"@type":"ImageObject","inLanguage":"nl-NL","@id":"https:\/\/9staedte.de\/nl\/wolfenbuettel-de-lessing-stad\/conferenties-en-congressen-in-wolfenbuettel\/#primaryimage","url":"https:\/\/9staedte.de\/wp-content\/uploads\/2023\/03\/Wolfenbuettel-c-Susanne-Huebner.jpg","contentUrl":"https:\/\/9staedte.de\/wp-content\/uploads\/2023\/03\/Wolfenbuettel-c-Susanne-Huebner.jpg","width":1020,"height":561,"caption":"Wolfenb\u00fcttel (c) Susanne H\u00fcbner"},{"@type":"BreadcrumbList","@id":"https:\/\/9staedte.de\/nl\/wolfenbuettel-de-lessing-stad\/conferenties-en-congressen-in-wolfenbuettel\/#breadcrumb","itemListElement":[{"@type":"ListItem","position":1,"name":"Startseite","item":"https:\/\/9staedte.de\/nl\/"},{"@type":"ListItem","position":2,"name":"Wolfenb\u00fcttel &#8211; De Lessing-stad","item":"https:\/\/9staedte.de\/nl\/wolfenbuettel-de-lessing-stad\/"},{"@type":"ListItem","position":3,"name":"Conferenties en congressen in Wolfenb\u00fcttel"}]},{"@type":"WebSite","@id":"https:\/\/9staedte.de\/nl\/#website","url":"https:\/\/9staedte.de\/nl\/","name":"9 St\u00e4dte in Niedersachsen","description":"","publisher":{"@id":"https:\/\/9staedte.de\/nl\/#organization"},"potentialAction":[{"@type":"SearchAction","target":{"@type":"EntryPoint","urlTemplate":"https:\/\/9staedte.de\/nl\/?s={search_term_string}"},"query-input":{"@type":"PropertyValueSpecification","valueRequired":true,"valueName":"search_term_string"}}],"inLanguage":"nl-NL"},{"@type":"Organization","@id":"https:\/\/9staedte.de\/nl\/#organization","name":"9 St\u00e4dte in Niedersachsen","url":"https:\/\/9staedte.de\/nl\/","logo":{"@type":"ImageObject","inLanguage":"nl-NL","@id":"https:\/\/9staedte.de\/nl\/#\/schema\/logo\/image\/","url":"https:\/\/9staedte.de\/wp-content\/uploads\/2025\/01\/9-neg-deutsch-2-1.png","contentUrl":"https:\/\/9staedte.de\/wp-content\/uploads\/2025\/01\/9-neg-deutsch-2-1.png","width":190,"height":114,"caption":"9 St\u00e4dte in Niedersachsen"},"image":{"@id":"https:\/\/9staedte.de\/nl\/#\/schema\/logo\/image\/"}}]}},"_links":{"self":[{"href":"https:\/\/9staedte.de\/nl\/wp-json\/wp\/v2\/pages\/9331","targetHints":{"allow":["GET"]}}],"collection":[{"href":"https:\/\/9staedte.de\/nl\/wp-json\/wp\/v2\/pages"}],"about":[{"href":"https:\/\/9staedte.de\/nl\/wp-json\/wp\/v2\/types\/page"}],"author":[{"embeddable":true,"href":"https:\/\/9staedte.de\/nl\/wp-json\/wp\/v2\/users\/1"}],"replies":[{"embeddable":true,"href":"https:\/\/9staedte.de\/nl\/wp-json\/wp\/v2\/comments?post=9331"}],"version-history":[{"count":1,"href":"https:\/\/9staedte.de\/nl\/wp-json\/wp\/v2\/pages\/9331\/revisions"}],"predecessor-version":[{"id":9336,"href":"https:\/\/9staedte.de\/nl\/wp-json\/wp\/v2\/pages\/9331\/revisions\/9336"}],"up":[{"embeddable":true,"href":"https:\/\/9staedte.de\/nl\/wp-json\/wp\/v2\/pages\/9771"}],"wp:featuredmedia":[{"embeddable":true,"href":"https:\/\/9staedte.de\/nl\/wp-json\/wp\/v2\/media\/9335"}],"wp:attachment":[{"href":"https:\/\/9staedte.de\/nl\/wp-json\/wp\/v2\/media?parent=9331"}],"wp:term":[{"taxonomy":"category","embeddable":true,"href":"https:\/\/9staedte.de\/nl\/wp-json\/wp\/v2\/categories?post=9331"},{"taxonomy":"post_tag","embeddable":true,"href":"https:\/\/9staedte.de\/nl\/wp-json\/wp\/v2\/tags?post=9331"},{"taxonomy":"ncap_cities_tax","embeddable":true,"href":"https:\/\/9staedte.de\/nl\/wp-json\/wp\/v2\/ncap_cities_tax?post=9331"}],"curies":[{"name":"wp","href":"https:\/\/api.w.org\/{rel}","templated":true}]}}