{"id":9321,"date":"2023-09-28T16:59:16","date_gmt":"2023-09-28T14:59:16","guid":{"rendered":"https:\/\/9staedte.de\/stadswandelingen-in-wolfenbuettel\/"},"modified":"2023-10-25T11:43:33","modified_gmt":"2023-10-25T09:43:33","slug":"stadswandelingen-in-wolfenbuettel","status":"publish","type":"page","link":"https:\/\/9staedte.de\/nl\/wolfenbuettel-de-lessing-stad\/stadswandelingen-in-wolfenbuettel\/","title":{"rendered":"Stadswandelingen in Wolfenb\u00fcttel"},"content":{"rendered":"\r\n\r\n    <div class=\"filter-posts\">\r\n            <div  id=\"filterContent\">\r\n                                                        \n<div class=\"contentKachel filtr-item\" data-category=\"wolfenbuettel-nl\">\n    <a href=\"https:\/\/9staedte.de\/nl\/wolfenbuttel-tour-met-hoofdgerecht\/\">\n        <div class=\"contentKachel-inner\">\n                            <div class=\"contentKachel-thumbnail\">\n                    <img loading=\"lazy\" decoding=\"async\" width=\"300\" height=\"165\" src=\"https:\/\/9staedte.de\/wp-content\/smush-webp\/2023\/06\/Ausgehen-in-Wolfenbuettel-c-Stadt-Wolfenbuettel-Christian-Bierwagen-300x165.jpg.webp\" class=\"objectfitcover withfilters wp-post-image\" alt=\"Vier mensen zitten aan een tafel in een restaurant. Ze lachen en eten samen. Op tafel staan pizza, salade, wijn en water. Iedereen ziet er blij uit. Achter hen hangen foto&#039;s aan de muur. De sfeer is gezellig.\" srcset=\"https:\/\/9staedte.de\/wp-content\/smush-webp\/2023\/06\/Ausgehen-in-Wolfenbuettel-c-Stadt-Wolfenbuettel-Christian-Bierwagen-300x165.jpg.webp 300w, https:\/\/9staedte.de\/wp-content\/smush-webp\/2023\/06\/Ausgehen-in-Wolfenbuettel-c-Stadt-Wolfenbuettel-Christian-Bierwagen-768x422.jpg.webp 768w, https:\/\/9staedte.de\/wp-content\/smush-webp\/2023\/06\/Ausgehen-in-Wolfenbuettel-c-Stadt-Wolfenbuettel-Christian-Bierwagen.jpg.webp 1020w\" sizes=\"auto, (max-width: 300px) 100vw, 300px\" \/>                    <img loading=\"lazy\" decoding=\"async\" width=\"300\" height=\"165\" src=\"https:\/\/9staedte.de\/wp-content\/smush-webp\/2023\/06\/Ausgehen-in-Wolfenbuettel-c-Stadt-Wolfenbuettel-Christian-Bierwagen-300x165.jpg.webp\" class=\"objectfitcontain wp-post-image\" alt=\"Vier mensen zitten aan een tafel in een restaurant. Ze lachen en eten samen. Op tafel staan pizza, salade, wijn en water. Iedereen ziet er blij uit. Achter hen hangen foto&#039;s aan de muur. De sfeer is gezellig.\" srcset=\"https:\/\/9staedte.de\/wp-content\/smush-webp\/2023\/06\/Ausgehen-in-Wolfenbuettel-c-Stadt-Wolfenbuettel-Christian-Bierwagen-300x165.jpg.webp 300w, https:\/\/9staedte.de\/wp-content\/smush-webp\/2023\/06\/Ausgehen-in-Wolfenbuettel-c-Stadt-Wolfenbuettel-Christian-Bierwagen-768x422.jpg.webp 768w, https:\/\/9staedte.de\/wp-content\/smush-webp\/2023\/06\/Ausgehen-in-Wolfenbuettel-c-Stadt-Wolfenbuettel-Christian-Bierwagen.jpg.webp 1020w\" sizes=\"auto, (max-width: 300px) 100vw, 300px\" \/>                        <div class=\"thumbnail-label\">\n    <span>Ausgehen in Wolfenb\u00fcttel c) Stadt Wolfenb\u00fcttel Christian Bierwagen<\/span>\n    <\/div>\n                <\/div>\n                        <div class=\"contentKachel-content\">\n                                    <div class=\"city-tag bg-wolfenbuettel\">\n                        Wolfenb\u00fcttel                    <\/div>\n                \n                <div class=\"title\">\n\n                    Wolfenb\u00fcttel &#8211; geschiedenis en genieten                    \n                <\/div>\n\n                            <\/div>\n\n        <\/div>\n    <\/a>\n<\/div>                                                        \n<div class=\"contentKachel filtr-item\" data-category=\"wolfenbuettel-nl\">\n    <a href=\"https:\/\/9staedte.de\/nl\/stadstours-met-een-verschil-thematours-door-wolfenbuttel\/\">\n        <div class=\"contentKachel-inner\">\n                            <div class=\"contentKachel-thumbnail\">\n                    <img loading=\"lazy\" decoding=\"async\" width=\"300\" height=\"165\" src=\"https:\/\/9staedte.de\/wp-content\/smush-webp\/2022\/06\/Themenfuehrung-in-Wolfenbuettel-c-Lessingstadt-Wolfenbuettel-300x165.jpg.webp\" class=\"objectfitcover withfilters wp-post-image\" alt=\"De foto toont een rondleiding. Acht mensen staan voor een oud gebouw. Ze kijken omhoog en luisteren. Een man draagt een hoed en houdt een paraplu vast. Achter hen zie je het bord: \u201cRetter der Antike\u201d. De rondleiding is in Wolfenb\u00fcttel.\" srcset=\"https:\/\/9staedte.de\/wp-content\/smush-webp\/2022\/06\/Themenfuehrung-in-Wolfenbuettel-c-Lessingstadt-Wolfenbuettel-300x165.jpg.webp 300w, https:\/\/9staedte.de\/wp-content\/smush-webp\/2022\/06\/Themenfuehrung-in-Wolfenbuettel-c-Lessingstadt-Wolfenbuettel-768x422.jpg.webp 768w, https:\/\/9staedte.de\/wp-content\/smush-webp\/2022\/06\/Themenfuehrung-in-Wolfenbuettel-c-Lessingstadt-Wolfenbuettel.jpg.webp 1019w\" sizes=\"auto, (max-width: 300px) 100vw, 300px\" \/>                    <img loading=\"lazy\" decoding=\"async\" width=\"300\" height=\"165\" src=\"https:\/\/9staedte.de\/wp-content\/smush-webp\/2022\/06\/Themenfuehrung-in-Wolfenbuettel-c-Lessingstadt-Wolfenbuettel-300x165.jpg.webp\" class=\"objectfitcontain wp-post-image\" alt=\"De foto toont een rondleiding. Acht mensen staan voor een oud gebouw. Ze kijken omhoog en luisteren. Een man draagt een hoed en houdt een paraplu vast. Achter hen zie je het bord: \u201cRetter der Antike\u201d. De rondleiding is in Wolfenb\u00fcttel.\" srcset=\"https:\/\/9staedte.de\/wp-content\/smush-webp\/2022\/06\/Themenfuehrung-in-Wolfenbuettel-c-Lessingstadt-Wolfenbuettel-300x165.jpg.webp 300w, https:\/\/9staedte.de\/wp-content\/smush-webp\/2022\/06\/Themenfuehrung-in-Wolfenbuettel-c-Lessingstadt-Wolfenbuettel-768x422.jpg.webp 768w, https:\/\/9staedte.de\/wp-content\/smush-webp\/2022\/06\/Themenfuehrung-in-Wolfenbuettel-c-Lessingstadt-Wolfenbuettel.jpg.webp 1019w\" sizes=\"auto, (max-width: 300px) 100vw, 300px\" \/>                        <div class=\"thumbnail-label\">\n    <span>Themenf\u00fchrung in Wolfenb\u00fcttel c) Lessingstadt Wolfenb\u00fcttel c) Stadt Wolfenb\u00fcttel Christian Bierwagen<\/span>\n    <\/div>\n                <\/div>\n                        <div class=\"contentKachel-content\">\n                                    <div class=\"city-tag bg-wolfenbuettel\">\n                        Wolfenb\u00fcttel                    <\/div>\n                \n                <div class=\"title\">\n\n                    Stadstours met een verschil: thematours door Wolfenb\u00fcttel                    \n                <\/div>\n\n                            <\/div>\n\n        <\/div>\n    <\/a>\n<\/div>                                                        \n<div class=\"contentKachel filtr-item\" data-category=\"wolfenbuettel-nl\">\n    <a href=\"https:\/\/9staedte.de\/nl\/rondleiding-door-de-oude-binnenstad-van-wolfenbuttel-voor-groepen\/\">\n        <div class=\"contentKachel-inner\">\n                            <div class=\"contentKachel-thumbnail\">\n                    <img loading=\"lazy\" decoding=\"async\" width=\"300\" height=\"200\" src=\"https:\/\/9staedte.de\/wp-content\/smush-webp\/2022\/06\/Altstadtrundgang-Wolfenbuettel-c-Stadt-Wolfenbuettel-Christian-Bierwagen1-300x200.jpg.webp\" class=\"objectfitcover withfilters wp-post-image\" alt=\"Veel mensen maken een rondleiding in Wolfenb\u00fcttel. Een man met een bril en naamkaartje vertelt iets. Hij wijst naar een huis. De anderen kijken omhoog. De straat heeft oude vakwerkhuizen. De mensen zijn ge\u00efnteresseerd.\" srcset=\"https:\/\/9staedte.de\/wp-content\/smush-webp\/2022\/06\/Altstadtrundgang-Wolfenbuettel-c-Stadt-Wolfenbuettel-Christian-Bierwagen1-300x200.jpg.webp 300w, https:\/\/9staedte.de\/wp-content\/smush-webp\/2022\/06\/Altstadtrundgang-Wolfenbuettel-c-Stadt-Wolfenbuettel-Christian-Bierwagen1.jpg.webp 580w\" sizes=\"auto, (max-width: 300px) 100vw, 300px\" \/>                    <img loading=\"lazy\" decoding=\"async\" width=\"300\" height=\"200\" src=\"https:\/\/9staedte.de\/wp-content\/smush-webp\/2022\/06\/Altstadtrundgang-Wolfenbuettel-c-Stadt-Wolfenbuettel-Christian-Bierwagen1-300x200.jpg.webp\" class=\"objectfitcontain wp-post-image\" alt=\"Veel mensen maken een rondleiding in Wolfenb\u00fcttel. Een man met een bril en naamkaartje vertelt iets. Hij wijst naar een huis. De anderen kijken omhoog. De straat heeft oude vakwerkhuizen. De mensen zijn ge\u00efnteresseerd.\" srcset=\"https:\/\/9staedte.de\/wp-content\/smush-webp\/2022\/06\/Altstadtrundgang-Wolfenbuettel-c-Stadt-Wolfenbuettel-Christian-Bierwagen1-300x200.jpg.webp 300w, https:\/\/9staedte.de\/wp-content\/smush-webp\/2022\/06\/Altstadtrundgang-Wolfenbuettel-c-Stadt-Wolfenbuettel-Christian-Bierwagen1.jpg.webp 580w\" sizes=\"auto, (max-width: 300px) 100vw, 300px\" \/>                        <div class=\"thumbnail-label\">\n    <span>Altstadtrundgang-Wolfenbuettel-c-Stadt-Wolfenbuettel-Christian-Bierwagen[1]<\/span>\n    <\/div>\n                <\/div>\n                        <div class=\"contentKachel-content\">\n                                    <div class=\"city-tag bg-wolfenbuettel\">\n                        Wolfenb\u00fcttel                    <\/div>\n                \n                <div class=\"title\">\n\n                    Rondleiding door de oude binnenstad van Wolfenb\u00fcttel voor groepen                    \n                <\/div>\n\n                            <\/div>\n\n        <\/div>\n    <\/a>\n<\/div>                                            <\/div>\r\n    <\/div>\r\n","protected":false},"excerpt":{"rendered":"","protected":false},"author":1,"featured_media":9325,"parent":9771,"menu_order":0,"comment_status":"closed","ping_status":"closed","template":"pagetemplates\/template-stadtthema.php","meta":{"_acf_changed":false,"footnotes":""},"categories":[],"tags":[],"ncap_cities_tax":[1245,468],"class_list":["post-9321","page","type-page","status-publish","has-post-thumbnail","hentry","ncap_cities_tax-stadtfuhrungen-wolfenbuettel-nl-wolfenbuettel-nl","ncap_cities_tax-wolfenbuettel-nl"],"acf":[],"yoast_head":"<!-- This site is optimized with the Yoast SEO plugin v27.4 - https:\/\/yoast.com\/product\/yoast-seo-wordpress\/ -->\n<title>Stadswandelingen in Wolfenb\u00fcttel - 9 St\u00e4dte in Niedersachsen<\/title>\n<meta name=\"robots\" content=\"index, follow, max-snippet:-1, max-image-preview:large, max-video-preview:-1\" \/>\n<link rel=\"canonical\" href=\"https:\/\/9staedte.de\/nl\/wolfenbuettel-de-lessing-stad\/stadswandelingen-in-wolfenbuettel\/\" \/>\n<meta property=\"og:locale\" content=\"nl_NL\" \/>\n<meta property=\"og:type\" content=\"article\" \/>\n<meta property=\"og:title\" content=\"Stadswandelingen in Wolfenb\u00fcttel - 9 St\u00e4dte in Niedersachsen\" \/>\n<meta property=\"og:url\" content=\"https:\/\/9staedte.de\/nl\/wolfenbuettel-de-lessing-stad\/stadswandelingen-in-wolfenbuettel\/\" \/>\n<meta property=\"og:site_name\" content=\"9 St\u00e4dte in Niedersachsen\" \/>\n<meta property=\"article:modified_time\" content=\"2023-10-25T09:43:33+00:00\" \/>\n<meta property=\"og:image\" content=\"https:\/\/9staedte.de\/wp-content\/uploads\/2023\/02\/161008-wf-marketing-087.jpg\" \/>\n\t<meta property=\"og:image:width\" content=\"1020\" \/>\n\t<meta property=\"og:image:height\" content=\"575\" \/>\n\t<meta property=\"og:image:type\" content=\"image\/jpeg\" \/>\n<meta name=\"twitter:card\" content=\"summary_large_image\" \/>\n<script type=\"application\/ld+json\" class=\"yoast-schema-graph\">{\"@context\":\"https:\\\/\\\/schema.org\",\"@graph\":[{\"@type\":\"WebPage\",\"@id\":\"https:\\\/\\\/9staedte.de\\\/nl\\\/wolfenbuettel-de-lessing-stad\\\/stadswandelingen-in-wolfenbuettel\\\/\",\"url\":\"https:\\\/\\\/9staedte.de\\\/nl\\\/wolfenbuettel-de-lessing-stad\\\/stadswandelingen-in-wolfenbuettel\\\/\",\"name\":\"Stadswandelingen in Wolfenb\u00fcttel - 9 St\u00e4dte in Niedersachsen\",\"isPartOf\":{\"@id\":\"https:\\\/\\\/9staedte.de\\\/nl\\\/#website\"},\"primaryImageOfPage\":{\"@id\":\"https:\\\/\\\/9staedte.de\\\/nl\\\/wolfenbuettel-de-lessing-stad\\\/stadswandelingen-in-wolfenbuettel\\\/#primaryimage\"},\"image\":{\"@id\":\"https:\\\/\\\/9staedte.de\\\/nl\\\/wolfenbuettel-de-lessing-stad\\\/stadswandelingen-in-wolfenbuettel\\\/#primaryimage\"},\"thumbnailUrl\":\"https:\\\/\\\/9staedte.de\\\/wp-content\\\/uploads\\\/2023\\\/02\\\/161008-wf-marketing-087.jpg\",\"datePublished\":\"2023-09-28T14:59:16+00:00\",\"dateModified\":\"2023-10-25T09:43:33+00:00\",\"breadcrumb\":{\"@id\":\"https:\\\/\\\/9staedte.de\\\/nl\\\/wolfenbuettel-de-lessing-stad\\\/stadswandelingen-in-wolfenbuettel\\\/#breadcrumb\"},\"inLanguage\":\"nl-NL\",\"potentialAction\":[{\"@type\":\"ReadAction\",\"target\":[\"https:\\\/\\\/9staedte.de\\\/nl\\\/wolfenbuettel-de-lessing-stad\\\/stadswandelingen-in-wolfenbuettel\\\/\"]}]},{\"@type\":\"ImageObject\",\"inLanguage\":\"nl-NL\",\"@id\":\"https:\\\/\\\/9staedte.de\\\/nl\\\/wolfenbuettel-de-lessing-stad\\\/stadswandelingen-in-wolfenbuettel\\\/#primaryimage\",\"url\":\"https:\\\/\\\/9staedte.de\\\/wp-content\\\/uploads\\\/2023\\\/02\\\/161008-wf-marketing-087.jpg\",\"contentUrl\":\"https:\\\/\\\/9staedte.de\\\/wp-content\\\/uploads\\\/2023\\\/02\\\/161008-wf-marketing-087.jpg\",\"width\":1020,\"height\":575,\"caption\":\"F\u00fchrung in Wolfenb\u00fcttel c) Stadt Wolfenb\u00fcttel Christian Bierwagen\"},{\"@type\":\"BreadcrumbList\",\"@id\":\"https:\\\/\\\/9staedte.de\\\/nl\\\/wolfenbuettel-de-lessing-stad\\\/stadswandelingen-in-wolfenbuettel\\\/#breadcrumb\",\"itemListElement\":[{\"@type\":\"ListItem\",\"position\":1,\"name\":\"Startseite\",\"item\":\"https:\\\/\\\/9staedte.de\\\/nl\\\/\"},{\"@type\":\"ListItem\",\"position\":2,\"name\":\"Wolfenb\u00fcttel &#8211; De Lessing-stad\",\"item\":\"https:\\\/\\\/9staedte.de\\\/nl\\\/wolfenbuettel-de-lessing-stad\\\/\"},{\"@type\":\"ListItem\",\"position\":3,\"name\":\"Stadswandelingen in Wolfenb\u00fcttel\"}]},{\"@type\":\"WebSite\",\"@id\":\"https:\\\/\\\/9staedte.de\\\/nl\\\/#website\",\"url\":\"https:\\\/\\\/9staedte.de\\\/nl\\\/\",\"name\":\"9 St\u00e4dte in Niedersachsen\",\"description\":\"\",\"publisher\":{\"@id\":\"https:\\\/\\\/9staedte.de\\\/nl\\\/#organization\"},\"potentialAction\":[{\"@type\":\"SearchAction\",\"target\":{\"@type\":\"EntryPoint\",\"urlTemplate\":\"https:\\\/\\\/9staedte.de\\\/nl\\\/?s={search_term_string}\"},\"query-input\":{\"@type\":\"PropertyValueSpecification\",\"valueRequired\":true,\"valueName\":\"search_term_string\"}}],\"inLanguage\":\"nl-NL\"},{\"@type\":\"Organization\",\"@id\":\"https:\\\/\\\/9staedte.de\\\/nl\\\/#organization\",\"name\":\"9 St\u00e4dte in Niedersachsen\",\"url\":\"https:\\\/\\\/9staedte.de\\\/nl\\\/\",\"logo\":{\"@type\":\"ImageObject\",\"inLanguage\":\"nl-NL\",\"@id\":\"https:\\\/\\\/9staedte.de\\\/nl\\\/#\\\/schema\\\/logo\\\/image\\\/\",\"url\":\"https:\\\/\\\/9staedte.de\\\/wp-content\\\/uploads\\\/2025\\\/01\\\/9-neg-deutsch-2-1.png\",\"contentUrl\":\"https:\\\/\\\/9staedte.de\\\/wp-content\\\/uploads\\\/2025\\\/01\\\/9-neg-deutsch-2-1.png\",\"width\":190,\"height\":114,\"caption\":\"9 St\u00e4dte in Niedersachsen\"},\"image\":{\"@id\":\"https:\\\/\\\/9staedte.de\\\/nl\\\/#\\\/schema\\\/logo\\\/image\\\/\"}}]}<\/script>\n<!-- \/ Yoast SEO plugin. -->","yoast_head_json":{"title":"Stadswandelingen in Wolfenb\u00fcttel - 9 St\u00e4dte in Niedersachsen","robots":{"index":"index","follow":"follow","max-snippet":"max-snippet:-1","max-image-preview":"max-image-preview:large","max-video-preview":"max-video-preview:-1"},"canonical":"https:\/\/9staedte.de\/nl\/wolfenbuettel-de-lessing-stad\/stadswandelingen-in-wolfenbuettel\/","og_locale":"nl_NL","og_type":"article","og_title":"Stadswandelingen in Wolfenb\u00fcttel - 9 St\u00e4dte in Niedersachsen","og_url":"https:\/\/9staedte.de\/nl\/wolfenbuettel-de-lessing-stad\/stadswandelingen-in-wolfenbuettel\/","og_site_name":"9 St\u00e4dte in Niedersachsen","article_modified_time":"2023-10-25T09:43:33+00:00","og_image":[{"width":1020,"height":575,"url":"https:\/\/9staedte.de\/wp-content\/uploads\/2023\/02\/161008-wf-marketing-087.jpg","type":"image\/jpeg"}],"twitter_card":"summary_large_image","schema":{"@context":"https:\/\/schema.org","@graph":[{"@type":"WebPage","@id":"https:\/\/9staedte.de\/nl\/wolfenbuettel-de-lessing-stad\/stadswandelingen-in-wolfenbuettel\/","url":"https:\/\/9staedte.de\/nl\/wolfenbuettel-de-lessing-stad\/stadswandelingen-in-wolfenbuettel\/","name":"Stadswandelingen in Wolfenb\u00fcttel - 9 St\u00e4dte in Niedersachsen","isPartOf":{"@id":"https:\/\/9staedte.de\/nl\/#website"},"primaryImageOfPage":{"@id":"https:\/\/9staedte.de\/nl\/wolfenbuettel-de-lessing-stad\/stadswandelingen-in-wolfenbuettel\/#primaryimage"},"image":{"@id":"https:\/\/9staedte.de\/nl\/wolfenbuettel-de-lessing-stad\/stadswandelingen-in-wolfenbuettel\/#primaryimage"},"thumbnailUrl":"https:\/\/9staedte.de\/wp-content\/uploads\/2023\/02\/161008-wf-marketing-087.jpg","datePublished":"2023-09-28T14:59:16+00:00","dateModified":"2023-10-25T09:43:33+00:00","breadcrumb":{"@id":"https:\/\/9staedte.de\/nl\/wolfenbuettel-de-lessing-stad\/stadswandelingen-in-wolfenbuettel\/#breadcrumb"},"inLanguage":"nl-NL","potentialAction":[{"@type":"ReadAction","target":["https:\/\/9staedte.de\/nl\/wolfenbuettel-de-lessing-stad\/stadswandelingen-in-wolfenbuettel\/"]}]},{"@type":"ImageObject","inLanguage":"nl-NL","@id":"https:\/\/9staedte.de\/nl\/wolfenbuettel-de-lessing-stad\/stadswandelingen-in-wolfenbuettel\/#primaryimage","url":"https:\/\/9staedte.de\/wp-content\/uploads\/2023\/02\/161008-wf-marketing-087.jpg","contentUrl":"https:\/\/9staedte.de\/wp-content\/uploads\/2023\/02\/161008-wf-marketing-087.jpg","width":1020,"height":575,"caption":"F\u00fchrung in Wolfenb\u00fcttel c) Stadt Wolfenb\u00fcttel Christian Bierwagen"},{"@type":"BreadcrumbList","@id":"https:\/\/9staedte.de\/nl\/wolfenbuettel-de-lessing-stad\/stadswandelingen-in-wolfenbuettel\/#breadcrumb","itemListElement":[{"@type":"ListItem","position":1,"name":"Startseite","item":"https:\/\/9staedte.de\/nl\/"},{"@type":"ListItem","position":2,"name":"Wolfenb\u00fcttel &#8211; De Lessing-stad","item":"https:\/\/9staedte.de\/nl\/wolfenbuettel-de-lessing-stad\/"},{"@type":"ListItem","position":3,"name":"Stadswandelingen in Wolfenb\u00fcttel"}]},{"@type":"WebSite","@id":"https:\/\/9staedte.de\/nl\/#website","url":"https:\/\/9staedte.de\/nl\/","name":"9 St\u00e4dte in Niedersachsen","description":"","publisher":{"@id":"https:\/\/9staedte.de\/nl\/#organization"},"potentialAction":[{"@type":"SearchAction","target":{"@type":"EntryPoint","urlTemplate":"https:\/\/9staedte.de\/nl\/?s={search_term_string}"},"query-input":{"@type":"PropertyValueSpecification","valueRequired":true,"valueName":"search_term_string"}}],"inLanguage":"nl-NL"},{"@type":"Organization","@id":"https:\/\/9staedte.de\/nl\/#organization","name":"9 St\u00e4dte in Niedersachsen","url":"https:\/\/9staedte.de\/nl\/","logo":{"@type":"ImageObject","inLanguage":"nl-NL","@id":"https:\/\/9staedte.de\/nl\/#\/schema\/logo\/image\/","url":"https:\/\/9staedte.de\/wp-content\/uploads\/2025\/01\/9-neg-deutsch-2-1.png","contentUrl":"https:\/\/9staedte.de\/wp-content\/uploads\/2025\/01\/9-neg-deutsch-2-1.png","width":190,"height":114,"caption":"9 St\u00e4dte in Niedersachsen"},"image":{"@id":"https:\/\/9staedte.de\/nl\/#\/schema\/logo\/image\/"}}]}},"_links":{"self":[{"href":"https:\/\/9staedte.de\/nl\/wp-json\/wp\/v2\/pages\/9321","targetHints":{"allow":["GET"]}}],"collection":[{"href":"https:\/\/9staedte.de\/nl\/wp-json\/wp\/v2\/pages"}],"about":[{"href":"https:\/\/9staedte.de\/nl\/wp-json\/wp\/v2\/types\/page"}],"author":[{"embeddable":true,"href":"https:\/\/9staedte.de\/nl\/wp-json\/wp\/v2\/users\/1"}],"replies":[{"embeddable":true,"href":"https:\/\/9staedte.de\/nl\/wp-json\/wp\/v2\/comments?post=9321"}],"version-history":[{"count":1,"href":"https:\/\/9staedte.de\/nl\/wp-json\/wp\/v2\/pages\/9321\/revisions"}],"predecessor-version":[{"id":9326,"href":"https:\/\/9staedte.de\/nl\/wp-json\/wp\/v2\/pages\/9321\/revisions\/9326"}],"up":[{"embeddable":true,"href":"https:\/\/9staedte.de\/nl\/wp-json\/wp\/v2\/pages\/9771"}],"wp:featuredmedia":[{"embeddable":true,"href":"https:\/\/9staedte.de\/nl\/wp-json\/wp\/v2\/media\/9325"}],"wp:attachment":[{"href":"https:\/\/9staedte.de\/nl\/wp-json\/wp\/v2\/media?parent=9321"}],"wp:term":[{"taxonomy":"category","embeddable":true,"href":"https:\/\/9staedte.de\/nl\/wp-json\/wp\/v2\/categories?post=9321"},{"taxonomy":"post_tag","embeddable":true,"href":"https:\/\/9staedte.de\/nl\/wp-json\/wp\/v2\/tags?post=9321"},{"taxonomy":"ncap_cities_tax","embeddable":true,"href":"https:\/\/9staedte.de\/nl\/wp-json\/wp\/v2\/ncap_cities_tax?post=9321"}],"curies":[{"name":"wp","href":"https:\/\/api.w.org\/{rel}","templated":true}]}}