{"id":9309,"date":"2023-09-28T16:59:15","date_gmt":"2023-09-28T14:59:15","guid":{"rendered":"https:\/\/9staedte.de\/informatie-over-reisleiding-en-excursies-in-wolfenbuettel\/"},"modified":"2023-10-25T11:45:57","modified_gmt":"2023-10-25T09:45:57","slug":"informatie-over-reisleiding-en-excursies-in-wolfenbuettel","status":"publish","type":"page","link":"https:\/\/9staedte.de\/nl\/wolfenbuettel-de-lessing-stad\/informatie-over-reisleiding-en-excursies-in-wolfenbuettel\/","title":{"rendered":"Informatie over reisleiding en excursies in Wolfenb\u00fcttel"},"content":{"rendered":"\n<h2 class=\"wp-block-heading\">Bekwame gids voor je programma<\/h2>\n\n\n\n<p>We regelen graag een bekwame en onderhoudende gids die je groep een hele dag in Wolfenb\u00fcttel begeleidt, organiseren rondleidingen en interieurbezoeken, kennen de juiste plekken voor een lunch of koffiepauze en maken van alle deelnemers echte Wolfenb\u00fcttelkenners.<\/p>\n\n\n\n<p>We kunnen ook de juiste gids regelen voor excursies, bijvoorbeeld naar de noordelijke uitlopers van de Harz, naar het Harzgebergte of naar de Autostadt Wolfsburg &#8211; en als je geen bus hebt, kunnen we er een voor je regelen.<\/p>\n\n\n\n<p><br><strong>Prijzen op aanvraag<\/strong><\/p>\n\n\n\n<p><\/p>\n\n\n\n<p>Lessing Stad Wolfenb\u00fcttel<br>Toeristische informatie<br>L\u00f6wenstra\u00dfe 1<br>38300 Wolfenb\u00fcttel<br>Tel.: +49 (0) 5331\/86280<br>Fax. +49 (0) 5331\/867708<br>E-mail: <a href=\"mailto:touristinfo@wolfenbuettel.de\">touristinfo@wolfenbuettel.de<br><\/a>Internet: <a href=\"http:\/\/www.lessingstadt-wolfenbuettel.de\/\">www.lessingstadt-wolfenbuettel.de<\/a><\/p>\n","protected":false},"excerpt":{"rendered":"<p>Bekwame gids voor je programma We regelen graag een bekwame en onderhoudende gids die je groep een hele dag in Wolfenb\u00fcttel begeleidt, organiseren rondleidingen en interieurbezoeken, kennen de juiste plekken voor een lunch of koffiepauze en maken van alle deelnemers echte Wolfenb\u00fcttelkenners. We kunnen ook de juiste gids regelen voor excursies, bijvoorbeeld naar de noordelijke [&hellip;]<\/p>\n","protected":false},"author":1,"featured_media":9313,"parent":9771,"menu_order":0,"comment_status":"closed","ping_status":"closed","template":"pagetemplates\/template-stadtthema.php","meta":{"_acf_changed":false,"footnotes":""},"categories":[],"tags":[],"ncap_cities_tax":[1308,468],"class_list":["post-9309","page","type-page","status-publish","has-post-thumbnail","hentry","ncap_cities_tax-reiseleitung-und-ausflugen-wolfenbuettel-nl","ncap_cities_tax-wolfenbuettel-nl"],"acf":[],"yoast_head":"<!-- This site is optimized with the Yoast SEO plugin v27.4 - https:\/\/yoast.com\/product\/yoast-seo-wordpress\/ -->\n<title>Informatie over reisleiding en excursies in Wolfenb\u00fcttel - 9 St\u00e4dte in Niedersachsen<\/title>\n<meta name=\"robots\" content=\"index, follow, max-snippet:-1, max-image-preview:large, max-video-preview:-1\" \/>\n<link rel=\"canonical\" href=\"https:\/\/9staedte.de\/nl\/wolfenbuettel-de-lessing-stad\/informatie-over-reisleiding-en-excursies-in-wolfenbuettel\/\" \/>\n<meta property=\"og:locale\" content=\"nl_NL\" \/>\n<meta property=\"og:type\" content=\"article\" \/>\n<meta property=\"og:title\" content=\"Informatie over reisleiding en excursies in Wolfenb\u00fcttel - 9 St\u00e4dte in Niedersachsen\" \/>\n<meta property=\"og:description\" content=\"Bekwame gids voor je programma We regelen graag een bekwame en onderhoudende gids die je groep een hele dag in Wolfenb\u00fcttel begeleidt, organiseren rondleidingen en interieurbezoeken, kennen de juiste plekken voor een lunch of koffiepauze en maken van alle deelnemers echte Wolfenb\u00fcttelkenners. We kunnen ook de juiste gids regelen voor excursies, bijvoorbeeld naar de noordelijke [&hellip;]\" \/>\n<meta property=\"og:url\" content=\"https:\/\/9staedte.de\/nl\/wolfenbuettel-de-lessing-stad\/informatie-over-reisleiding-en-excursies-in-wolfenbuettel\/\" \/>\n<meta property=\"og:site_name\" content=\"9 St\u00e4dte in Niedersachsen\" \/>\n<meta property=\"article:modified_time\" content=\"2023-10-25T09:45:57+00:00\" \/>\n<meta property=\"og:image\" content=\"https:\/\/9staedte.de\/wp-content\/uploads\/2022\/06\/Themenfuehrung-in-Wolfenbuettel-c-Lessingstadt-Wolfenbuettel.jpg\" \/>\n\t<meta property=\"og:image:width\" content=\"1019\" \/>\n\t<meta property=\"og:image:height\" content=\"560\" \/>\n\t<meta property=\"og:image:type\" content=\"image\/jpeg\" \/>\n<meta name=\"twitter:card\" content=\"summary_large_image\" \/>\n<meta name=\"twitter:label1\" content=\"Geschatte leestijd\" \/>\n\t<meta name=\"twitter:data1\" content=\"1 minuut\" \/>\n<script type=\"application\/ld+json\" class=\"yoast-schema-graph\">{\"@context\":\"https:\\\/\\\/schema.org\",\"@graph\":[{\"@type\":\"WebPage\",\"@id\":\"https:\\\/\\\/9staedte.de\\\/nl\\\/wolfenbuettel-de-lessing-stad\\\/informatie-over-reisleiding-en-excursies-in-wolfenbuettel\\\/\",\"url\":\"https:\\\/\\\/9staedte.de\\\/nl\\\/wolfenbuettel-de-lessing-stad\\\/informatie-over-reisleiding-en-excursies-in-wolfenbuettel\\\/\",\"name\":\"Informatie over reisleiding en excursies in Wolfenb\u00fcttel - 9 St\u00e4dte in Niedersachsen\",\"isPartOf\":{\"@id\":\"https:\\\/\\\/9staedte.de\\\/nl\\\/#website\"},\"primaryImageOfPage\":{\"@id\":\"https:\\\/\\\/9staedte.de\\\/nl\\\/wolfenbuettel-de-lessing-stad\\\/informatie-over-reisleiding-en-excursies-in-wolfenbuettel\\\/#primaryimage\"},\"image\":{\"@id\":\"https:\\\/\\\/9staedte.de\\\/nl\\\/wolfenbuettel-de-lessing-stad\\\/informatie-over-reisleiding-en-excursies-in-wolfenbuettel\\\/#primaryimage\"},\"thumbnailUrl\":\"https:\\\/\\\/9staedte.de\\\/wp-content\\\/uploads\\\/2022\\\/06\\\/Themenfuehrung-in-Wolfenbuettel-c-Lessingstadt-Wolfenbuettel.jpg\",\"datePublished\":\"2023-09-28T14:59:15+00:00\",\"dateModified\":\"2023-10-25T09:45:57+00:00\",\"breadcrumb\":{\"@id\":\"https:\\\/\\\/9staedte.de\\\/nl\\\/wolfenbuettel-de-lessing-stad\\\/informatie-over-reisleiding-en-excursies-in-wolfenbuettel\\\/#breadcrumb\"},\"inLanguage\":\"nl-NL\",\"potentialAction\":[{\"@type\":\"ReadAction\",\"target\":[\"https:\\\/\\\/9staedte.de\\\/nl\\\/wolfenbuettel-de-lessing-stad\\\/informatie-over-reisleiding-en-excursies-in-wolfenbuettel\\\/\"]}]},{\"@type\":\"ImageObject\",\"inLanguage\":\"nl-NL\",\"@id\":\"https:\\\/\\\/9staedte.de\\\/nl\\\/wolfenbuettel-de-lessing-stad\\\/informatie-over-reisleiding-en-excursies-in-wolfenbuettel\\\/#primaryimage\",\"url\":\"https:\\\/\\\/9staedte.de\\\/wp-content\\\/uploads\\\/2022\\\/06\\\/Themenfuehrung-in-Wolfenbuettel-c-Lessingstadt-Wolfenbuettel.jpg\",\"contentUrl\":\"https:\\\/\\\/9staedte.de\\\/wp-content\\\/uploads\\\/2022\\\/06\\\/Themenfuehrung-in-Wolfenbuettel-c-Lessingstadt-Wolfenbuettel.jpg\",\"width\":1019,\"height\":560,\"caption\":\"Themenf\u00fchrung in Wolfenb\u00fcttel c) Lessingstadt Wolfenb\u00fcttel c) Stadt Wolfenb\u00fcttel Christian Bierwagen\"},{\"@type\":\"BreadcrumbList\",\"@id\":\"https:\\\/\\\/9staedte.de\\\/nl\\\/wolfenbuettel-de-lessing-stad\\\/informatie-over-reisleiding-en-excursies-in-wolfenbuettel\\\/#breadcrumb\",\"itemListElement\":[{\"@type\":\"ListItem\",\"position\":1,\"name\":\"Startseite\",\"item\":\"https:\\\/\\\/9staedte.de\\\/nl\\\/\"},{\"@type\":\"ListItem\",\"position\":2,\"name\":\"Wolfenb\u00fcttel &#8211; De Lessing-stad\",\"item\":\"https:\\\/\\\/9staedte.de\\\/nl\\\/wolfenbuettel-de-lessing-stad\\\/\"},{\"@type\":\"ListItem\",\"position\":3,\"name\":\"Informatie over reisleiding en excursies in Wolfenb\u00fcttel\"}]},{\"@type\":\"WebSite\",\"@id\":\"https:\\\/\\\/9staedte.de\\\/nl\\\/#website\",\"url\":\"https:\\\/\\\/9staedte.de\\\/nl\\\/\",\"name\":\"9 St\u00e4dte in Niedersachsen\",\"description\":\"\",\"publisher\":{\"@id\":\"https:\\\/\\\/9staedte.de\\\/nl\\\/#organization\"},\"potentialAction\":[{\"@type\":\"SearchAction\",\"target\":{\"@type\":\"EntryPoint\",\"urlTemplate\":\"https:\\\/\\\/9staedte.de\\\/nl\\\/?s={search_term_string}\"},\"query-input\":{\"@type\":\"PropertyValueSpecification\",\"valueRequired\":true,\"valueName\":\"search_term_string\"}}],\"inLanguage\":\"nl-NL\"},{\"@type\":\"Organization\",\"@id\":\"https:\\\/\\\/9staedte.de\\\/nl\\\/#organization\",\"name\":\"9 St\u00e4dte in Niedersachsen\",\"url\":\"https:\\\/\\\/9staedte.de\\\/nl\\\/\",\"logo\":{\"@type\":\"ImageObject\",\"inLanguage\":\"nl-NL\",\"@id\":\"https:\\\/\\\/9staedte.de\\\/nl\\\/#\\\/schema\\\/logo\\\/image\\\/\",\"url\":\"https:\\\/\\\/9staedte.de\\\/wp-content\\\/uploads\\\/2025\\\/01\\\/9-neg-deutsch-2-1.png\",\"contentUrl\":\"https:\\\/\\\/9staedte.de\\\/wp-content\\\/uploads\\\/2025\\\/01\\\/9-neg-deutsch-2-1.png\",\"width\":190,\"height\":114,\"caption\":\"9 St\u00e4dte in Niedersachsen\"},\"image\":{\"@id\":\"https:\\\/\\\/9staedte.de\\\/nl\\\/#\\\/schema\\\/logo\\\/image\\\/\"}}]}<\/script>\n<!-- \/ Yoast SEO plugin. -->","yoast_head_json":{"title":"Informatie over reisleiding en excursies in Wolfenb\u00fcttel - 9 St\u00e4dte in Niedersachsen","robots":{"index":"index","follow":"follow","max-snippet":"max-snippet:-1","max-image-preview":"max-image-preview:large","max-video-preview":"max-video-preview:-1"},"canonical":"https:\/\/9staedte.de\/nl\/wolfenbuettel-de-lessing-stad\/informatie-over-reisleiding-en-excursies-in-wolfenbuettel\/","og_locale":"nl_NL","og_type":"article","og_title":"Informatie over reisleiding en excursies in Wolfenb\u00fcttel - 9 St\u00e4dte in Niedersachsen","og_description":"Bekwame gids voor je programma We regelen graag een bekwame en onderhoudende gids die je groep een hele dag in Wolfenb\u00fcttel begeleidt, organiseren rondleidingen en interieurbezoeken, kennen de juiste plekken voor een lunch of koffiepauze en maken van alle deelnemers echte Wolfenb\u00fcttelkenners. We kunnen ook de juiste gids regelen voor excursies, bijvoorbeeld naar de noordelijke [&hellip;]","og_url":"https:\/\/9staedte.de\/nl\/wolfenbuettel-de-lessing-stad\/informatie-over-reisleiding-en-excursies-in-wolfenbuettel\/","og_site_name":"9 St\u00e4dte in Niedersachsen","article_modified_time":"2023-10-25T09:45:57+00:00","og_image":[{"width":1019,"height":560,"url":"https:\/\/9staedte.de\/wp-content\/uploads\/2022\/06\/Themenfuehrung-in-Wolfenbuettel-c-Lessingstadt-Wolfenbuettel.jpg","type":"image\/jpeg"}],"twitter_card":"summary_large_image","twitter_misc":{"Geschatte leestijd":"1 minuut"},"schema":{"@context":"https:\/\/schema.org","@graph":[{"@type":"WebPage","@id":"https:\/\/9staedte.de\/nl\/wolfenbuettel-de-lessing-stad\/informatie-over-reisleiding-en-excursies-in-wolfenbuettel\/","url":"https:\/\/9staedte.de\/nl\/wolfenbuettel-de-lessing-stad\/informatie-over-reisleiding-en-excursies-in-wolfenbuettel\/","name":"Informatie over reisleiding en excursies in Wolfenb\u00fcttel - 9 St\u00e4dte in Niedersachsen","isPartOf":{"@id":"https:\/\/9staedte.de\/nl\/#website"},"primaryImageOfPage":{"@id":"https:\/\/9staedte.de\/nl\/wolfenbuettel-de-lessing-stad\/informatie-over-reisleiding-en-excursies-in-wolfenbuettel\/#primaryimage"},"image":{"@id":"https:\/\/9staedte.de\/nl\/wolfenbuettel-de-lessing-stad\/informatie-over-reisleiding-en-excursies-in-wolfenbuettel\/#primaryimage"},"thumbnailUrl":"https:\/\/9staedte.de\/wp-content\/uploads\/2022\/06\/Themenfuehrung-in-Wolfenbuettel-c-Lessingstadt-Wolfenbuettel.jpg","datePublished":"2023-09-28T14:59:15+00:00","dateModified":"2023-10-25T09:45:57+00:00","breadcrumb":{"@id":"https:\/\/9staedte.de\/nl\/wolfenbuettel-de-lessing-stad\/informatie-over-reisleiding-en-excursies-in-wolfenbuettel\/#breadcrumb"},"inLanguage":"nl-NL","potentialAction":[{"@type":"ReadAction","target":["https:\/\/9staedte.de\/nl\/wolfenbuettel-de-lessing-stad\/informatie-over-reisleiding-en-excursies-in-wolfenbuettel\/"]}]},{"@type":"ImageObject","inLanguage":"nl-NL","@id":"https:\/\/9staedte.de\/nl\/wolfenbuettel-de-lessing-stad\/informatie-over-reisleiding-en-excursies-in-wolfenbuettel\/#primaryimage","url":"https:\/\/9staedte.de\/wp-content\/uploads\/2022\/06\/Themenfuehrung-in-Wolfenbuettel-c-Lessingstadt-Wolfenbuettel.jpg","contentUrl":"https:\/\/9staedte.de\/wp-content\/uploads\/2022\/06\/Themenfuehrung-in-Wolfenbuettel-c-Lessingstadt-Wolfenbuettel.jpg","width":1019,"height":560,"caption":"Themenf\u00fchrung in Wolfenb\u00fcttel c) Lessingstadt Wolfenb\u00fcttel c) Stadt Wolfenb\u00fcttel Christian Bierwagen"},{"@type":"BreadcrumbList","@id":"https:\/\/9staedte.de\/nl\/wolfenbuettel-de-lessing-stad\/informatie-over-reisleiding-en-excursies-in-wolfenbuettel\/#breadcrumb","itemListElement":[{"@type":"ListItem","position":1,"name":"Startseite","item":"https:\/\/9staedte.de\/nl\/"},{"@type":"ListItem","position":2,"name":"Wolfenb\u00fcttel &#8211; De Lessing-stad","item":"https:\/\/9staedte.de\/nl\/wolfenbuettel-de-lessing-stad\/"},{"@type":"ListItem","position":3,"name":"Informatie over reisleiding en excursies in Wolfenb\u00fcttel"}]},{"@type":"WebSite","@id":"https:\/\/9staedte.de\/nl\/#website","url":"https:\/\/9staedte.de\/nl\/","name":"9 St\u00e4dte in Niedersachsen","description":"","publisher":{"@id":"https:\/\/9staedte.de\/nl\/#organization"},"potentialAction":[{"@type":"SearchAction","target":{"@type":"EntryPoint","urlTemplate":"https:\/\/9staedte.de\/nl\/?s={search_term_string}"},"query-input":{"@type":"PropertyValueSpecification","valueRequired":true,"valueName":"search_term_string"}}],"inLanguage":"nl-NL"},{"@type":"Organization","@id":"https:\/\/9staedte.de\/nl\/#organization","name":"9 St\u00e4dte in Niedersachsen","url":"https:\/\/9staedte.de\/nl\/","logo":{"@type":"ImageObject","inLanguage":"nl-NL","@id":"https:\/\/9staedte.de\/nl\/#\/schema\/logo\/image\/","url":"https:\/\/9staedte.de\/wp-content\/uploads\/2025\/01\/9-neg-deutsch-2-1.png","contentUrl":"https:\/\/9staedte.de\/wp-content\/uploads\/2025\/01\/9-neg-deutsch-2-1.png","width":190,"height":114,"caption":"9 St\u00e4dte in Niedersachsen"},"image":{"@id":"https:\/\/9staedte.de\/nl\/#\/schema\/logo\/image\/"}}]}},"_links":{"self":[{"href":"https:\/\/9staedte.de\/nl\/wp-json\/wp\/v2\/pages\/9309","targetHints":{"allow":["GET"]}}],"collection":[{"href":"https:\/\/9staedte.de\/nl\/wp-json\/wp\/v2\/pages"}],"about":[{"href":"https:\/\/9staedte.de\/nl\/wp-json\/wp\/v2\/types\/page"}],"author":[{"embeddable":true,"href":"https:\/\/9staedte.de\/nl\/wp-json\/wp\/v2\/users\/1"}],"replies":[{"embeddable":true,"href":"https:\/\/9staedte.de\/nl\/wp-json\/wp\/v2\/comments?post=9309"}],"version-history":[{"count":1,"href":"https:\/\/9staedte.de\/nl\/wp-json\/wp\/v2\/pages\/9309\/revisions"}],"predecessor-version":[{"id":9317,"href":"https:\/\/9staedte.de\/nl\/wp-json\/wp\/v2\/pages\/9309\/revisions\/9317"}],"up":[{"embeddable":true,"href":"https:\/\/9staedte.de\/nl\/wp-json\/wp\/v2\/pages\/9771"}],"wp:featuredmedia":[{"embeddable":true,"href":"https:\/\/9staedte.de\/nl\/wp-json\/wp\/v2\/media\/9313"}],"wp:attachment":[{"href":"https:\/\/9staedte.de\/nl\/wp-json\/wp\/v2\/media?parent=9309"}],"wp:term":[{"taxonomy":"category","embeddable":true,"href":"https:\/\/9staedte.de\/nl\/wp-json\/wp\/v2\/categories?post=9309"},{"taxonomy":"post_tag","embeddable":true,"href":"https:\/\/9staedte.de\/nl\/wp-json\/wp\/v2\/tags?post=9309"},{"taxonomy":"ncap_cities_tax","embeddable":true,"href":"https:\/\/9staedte.de\/nl\/wp-json\/wp\/v2\/ncap_cities_tax?post=9309"}],"curies":[{"name":"wp","href":"https:\/\/api.w.org\/{rel}","templated":true}]}}