{"id":9295,"date":"2023-09-28T16:58:55","date_gmt":"2023-09-28T14:58:55","guid":{"rendered":"https:\/\/9staedte.de\/tips-voor-je-conferentie-in-wolfenbuettel\/"},"modified":"2023-09-28T16:58:55","modified_gmt":"2023-09-28T14:58:55","slug":"tips-voor-je-conferentie-in-wolfenbuettel","status":"publish","type":"page","link":"https:\/\/9staedte.de\/nl\/tips-voor-je-conferentie-in-wolfenbuettel\/","title":{"rendered":"Tips voor je conferentie in Wolfenb\u00fcttel:"},"content":{"rendered":"\n<p><strong>Vergaderingen op kasteel Wolfenb\u00fcttel<\/strong><br>Houd je conferentie in het op een na grootste kasteel van Nedersaksen en verblijf zoals de hertogen van Guelph ooit deden. Wij bieden je zowel historische ruimtes als geschikte en onvergetelijke sociale programma&#8217;s in het directe centrum van Wolfenb\u00fcttel.<\/p>\n\n\n\n<p><strong>Congressen in de Lindenhalle Wolfenb\u00fcttel<\/strong><br>Het topadres voor conferenties en congressen in klassieke maar moderne stijl. Als grootste evenementencentrum van Wolfenb\u00fcttel biedt de Lindenhalle u een hoge mate van flexibiliteit, ultramoderne apparatuur en een geschikte infrastructuur.<\/p>\n\n\n\n<p><strong>Natuur en moderniteit in het Jugendg\u00e4stehaus Wolfenb\u00fcttel<\/strong><br>Het Jugendg\u00e4stehaus Wolfenb\u00fcttel ligt in het centrum van de stad Wolfenb\u00fcttel en biedt verschillende vergaderzalen en accommodatie en directe toegang tot ons stadspark, het Seeligerpark, hier is volop ruimte voor buitenactiviteiten, levendige discussies en goede beslissingen.<\/p>\n\n\n\n<p><strong>Kommisse &#8230; buitengewone conferenties in een historische omgeving<\/strong><br>De Kommisse Wolfenb\u00fcttel is een oud traditioneel gebouw in het stadscentrum van Wolfenb\u00fcttel. Gebouwd als molen werd het in dienst gesteld van de hertogen van Guelph en sindsdien deed het dienst als verkoopmagazijn en als gok- en trouwhuis. Vandaag de dag bieden de trouw gerestaureerde kamers de perfecte gelegenheid om van elk evenement een hoogtepunt te maken.<\/p>\n\n\n\n<p><strong>Individuele sociale programma&#8217;s<\/strong><br>Samen met onze toeristische informatie verzorgen we graag een passend voorprogramma voor uw congres of conferentie. Culinaire rondleidingen door de oude stad, sportieve activiteiten als teambuildingmaatregel, J\u00e4germeister-avondwandelingen en nog veel meer kunnen ook individueel voor je worden geregeld.<\/p>\n\n\n\n<p><strong>Catering naar wens!<\/strong><br>We bieden de best mogelijke service voor je gasten. We ontwerpen de catering voor je gasten volledig individueel volgens jouw wensen. Via geselecteerde en diverse partners draagt de catering bij aan het succes van je evenement.<br>Pakketten voor elke wens<br>Onze verschillende conferentiepakketten bieden voor elk evenement een goede mogelijkheid om de kosten in de hand te houden en toch niets tekort te komen. We kunnen je ook een individueel all-inclusive aanbod doen op basis van jouw wensen.<\/p>\n\n\n\n<p><strong>Meerdaagse conferenties voor elk budget<\/strong><br>Voor meerdaagse evenementen ondersteunen we je met de accommodatie van je deelnemers. Voor prijsbewuste deelnemers zijn er tot 131 bedden in moderne en functionele een- tot vierpersoonskamers beschikbaar in het jeugdgasthuis. Via een goed netwerk in de regio kunnen we ook een 5-sterrenhotel voor je regelen.<\/p>\n","protected":false},"excerpt":{"rendered":"<p>Vergaderingen op kasteel Wolfenb\u00fcttelHoud je conferentie in het op een na grootste kasteel van Nedersaksen en verblijf zoals de hertogen van Guelph ooit deden. Wij bieden je zowel historische ruimtes als geschikte en onvergetelijke sociale programma&#8217;s in het directe centrum van Wolfenb\u00fcttel. Congressen in de Lindenhalle Wolfenb\u00fcttelHet topadres voor conferenties en congressen in klassieke maar [&hellip;]<\/p>\n","protected":false},"author":6,"featured_media":9297,"parent":0,"menu_order":0,"comment_status":"closed","ping_status":"closed","template":"","meta":{"_acf_changed":false,"footnotes":""},"categories":[],"tags":[],"ncap_cities_tax":[468],"class_list":["post-9295","page","type-page","status-publish","has-post-thumbnail","hentry","ncap_cities_tax-wolfenbuettel-nl"],"acf":[],"yoast_head":"<!-- This site is optimized with the Yoast SEO plugin v26.8 - https:\/\/yoast.com\/product\/yoast-seo-wordpress\/ -->\n<title>Tips voor je conferentie in Wolfenb\u00fcttel: - 9 St\u00e4dte in Niedersachsen<\/title>\n<meta name=\"robots\" content=\"index, follow, max-snippet:-1, max-image-preview:large, max-video-preview:-1\" \/>\n<link rel=\"canonical\" href=\"https:\/\/9staedte.de\/nl\/tips-voor-je-conferentie-in-wolfenbuettel\/\" \/>\n<meta property=\"og:locale\" content=\"nl_NL\" \/>\n<meta property=\"og:type\" content=\"article\" \/>\n<meta property=\"og:title\" content=\"Tips voor je conferentie in Wolfenb\u00fcttel: - 9 St\u00e4dte in Niedersachsen\" \/>\n<meta property=\"og:description\" content=\"Vergaderingen op kasteel Wolfenb\u00fcttelHoud je conferentie in het op een na grootste kasteel van Nedersaksen en verblijf zoals de hertogen van Guelph ooit deden. Wij bieden je zowel historische ruimtes als geschikte en onvergetelijke sociale programma&#8217;s in het directe centrum van Wolfenb\u00fcttel. Congressen in de Lindenhalle Wolfenb\u00fcttelHet topadres voor conferenties en congressen in klassieke maar [&hellip;]\" \/>\n<meta property=\"og:url\" content=\"https:\/\/9staedte.de\/nl\/tips-voor-je-conferentie-in-wolfenbuettel\/\" \/>\n<meta property=\"og:site_name\" content=\"9 St\u00e4dte in Niedersachsen\" \/>\n<meta property=\"og:image\" content=\"https:\/\/9staedte.de\/wp-content\/uploads\/2023\/03\/Lindenhalle-c-Susanne-Huebner.jpg\" \/>\n\t<meta property=\"og:image:width\" content=\"1019\" \/>\n\t<meta property=\"og:image:height\" content=\"558\" \/>\n\t<meta property=\"og:image:type\" content=\"image\/jpeg\" \/>\n<meta name=\"twitter:card\" content=\"summary_large_image\" \/>\n<meta name=\"twitter:label1\" content=\"Geschatte leestijd\" \/>\n\t<meta name=\"twitter:data1\" content=\"2 minuten\" \/>\n<script type=\"application\/ld+json\" class=\"yoast-schema-graph\">{\"@context\":\"https:\/\/schema.org\",\"@graph\":[{\"@type\":\"WebPage\",\"@id\":\"https:\/\/9staedte.de\/nl\/tips-voor-je-conferentie-in-wolfenbuettel\/\",\"url\":\"https:\/\/9staedte.de\/nl\/tips-voor-je-conferentie-in-wolfenbuettel\/\",\"name\":\"Tips voor je conferentie in Wolfenb\u00fcttel: - 9 St\u00e4dte in Niedersachsen\",\"isPartOf\":{\"@id\":\"https:\/\/9staedte.de\/nl\/#website\"},\"primaryImageOfPage\":{\"@id\":\"https:\/\/9staedte.de\/nl\/tips-voor-je-conferentie-in-wolfenbuettel\/#primaryimage\"},\"image\":{\"@id\":\"https:\/\/9staedte.de\/nl\/tips-voor-je-conferentie-in-wolfenbuettel\/#primaryimage\"},\"thumbnailUrl\":\"https:\/\/9staedte.de\/wp-content\/uploads\/2023\/03\/Lindenhalle-c-Susanne-Huebner.jpg\",\"datePublished\":\"2023-09-28T14:58:55+00:00\",\"breadcrumb\":{\"@id\":\"https:\/\/9staedte.de\/nl\/tips-voor-je-conferentie-in-wolfenbuettel\/#breadcrumb\"},\"inLanguage\":\"nl-NL\",\"potentialAction\":[{\"@type\":\"ReadAction\",\"target\":[\"https:\/\/9staedte.de\/nl\/tips-voor-je-conferentie-in-wolfenbuettel\/\"]}]},{\"@type\":\"ImageObject\",\"inLanguage\":\"nl-NL\",\"@id\":\"https:\/\/9staedte.de\/nl\/tips-voor-je-conferentie-in-wolfenbuettel\/#primaryimage\",\"url\":\"https:\/\/9staedte.de\/wp-content\/uploads\/2023\/03\/Lindenhalle-c-Susanne-Huebner.jpg\",\"contentUrl\":\"https:\/\/9staedte.de\/wp-content\/uploads\/2023\/03\/Lindenhalle-c-Susanne-Huebner.jpg\",\"width\":1019,\"height\":558,\"caption\":\"Lindenhalle Wolfenb\u00fcttel (c) Susanne H\u00fcbner\"},{\"@type\":\"BreadcrumbList\",\"@id\":\"https:\/\/9staedte.de\/nl\/tips-voor-je-conferentie-in-wolfenbuettel\/#breadcrumb\",\"itemListElement\":[{\"@type\":\"ListItem\",\"position\":1,\"name\":\"Startseite\",\"item\":\"https:\/\/9staedte.de\/nl\/\"},{\"@type\":\"ListItem\",\"position\":2,\"name\":\"Tips voor je conferentie in Wolfenb\u00fcttel:\"}]},{\"@type\":\"WebSite\",\"@id\":\"https:\/\/9staedte.de\/nl\/#website\",\"url\":\"https:\/\/9staedte.de\/nl\/\",\"name\":\"9 St\u00e4dte in Niedersachsen\",\"description\":\"\",\"publisher\":{\"@id\":\"https:\/\/9staedte.de\/nl\/#organization\"},\"potentialAction\":[{\"@type\":\"SearchAction\",\"target\":{\"@type\":\"EntryPoint\",\"urlTemplate\":\"https:\/\/9staedte.de\/nl\/?s={search_term_string}\"},\"query-input\":{\"@type\":\"PropertyValueSpecification\",\"valueRequired\":true,\"valueName\":\"search_term_string\"}}],\"inLanguage\":\"nl-NL\"},{\"@type\":\"Organization\",\"@id\":\"https:\/\/9staedte.de\/nl\/#organization\",\"name\":\"9 St\u00e4dte in Niedersachsen\",\"url\":\"https:\/\/9staedte.de\/nl\/\",\"logo\":{\"@type\":\"ImageObject\",\"inLanguage\":\"nl-NL\",\"@id\":\"https:\/\/9staedte.de\/nl\/#\/schema\/logo\/image\/\",\"url\":\"https:\/\/9staedte.de\/wp-content\/uploads\/2025\/01\/9-neg-deutsch-2-1.png\",\"contentUrl\":\"https:\/\/9staedte.de\/wp-content\/uploads\/2025\/01\/9-neg-deutsch-2-1.png\",\"width\":190,\"height\":114,\"caption\":\"9 St\u00e4dte in Niedersachsen\"},\"image\":{\"@id\":\"https:\/\/9staedte.de\/nl\/#\/schema\/logo\/image\/\"}}]}<\/script>\n<!-- \/ Yoast SEO plugin. -->","yoast_head_json":{"title":"Tips voor je conferentie in Wolfenb\u00fcttel: - 9 St\u00e4dte in Niedersachsen","robots":{"index":"index","follow":"follow","max-snippet":"max-snippet:-1","max-image-preview":"max-image-preview:large","max-video-preview":"max-video-preview:-1"},"canonical":"https:\/\/9staedte.de\/nl\/tips-voor-je-conferentie-in-wolfenbuettel\/","og_locale":"nl_NL","og_type":"article","og_title":"Tips voor je conferentie in Wolfenb\u00fcttel: - 9 St\u00e4dte in Niedersachsen","og_description":"Vergaderingen op kasteel Wolfenb\u00fcttelHoud je conferentie in het op een na grootste kasteel van Nedersaksen en verblijf zoals de hertogen van Guelph ooit deden. Wij bieden je zowel historische ruimtes als geschikte en onvergetelijke sociale programma&#8217;s in het directe centrum van Wolfenb\u00fcttel. Congressen in de Lindenhalle Wolfenb\u00fcttelHet topadres voor conferenties en congressen in klassieke maar [&hellip;]","og_url":"https:\/\/9staedte.de\/nl\/tips-voor-je-conferentie-in-wolfenbuettel\/","og_site_name":"9 St\u00e4dte in Niedersachsen","og_image":[{"width":1019,"height":558,"url":"https:\/\/9staedte.de\/wp-content\/uploads\/2023\/03\/Lindenhalle-c-Susanne-Huebner.jpg","type":"image\/jpeg"}],"twitter_card":"summary_large_image","twitter_misc":{"Geschatte leestijd":"2 minuten"},"schema":{"@context":"https:\/\/schema.org","@graph":[{"@type":"WebPage","@id":"https:\/\/9staedte.de\/nl\/tips-voor-je-conferentie-in-wolfenbuettel\/","url":"https:\/\/9staedte.de\/nl\/tips-voor-je-conferentie-in-wolfenbuettel\/","name":"Tips voor je conferentie in Wolfenb\u00fcttel: - 9 St\u00e4dte in Niedersachsen","isPartOf":{"@id":"https:\/\/9staedte.de\/nl\/#website"},"primaryImageOfPage":{"@id":"https:\/\/9staedte.de\/nl\/tips-voor-je-conferentie-in-wolfenbuettel\/#primaryimage"},"image":{"@id":"https:\/\/9staedte.de\/nl\/tips-voor-je-conferentie-in-wolfenbuettel\/#primaryimage"},"thumbnailUrl":"https:\/\/9staedte.de\/wp-content\/uploads\/2023\/03\/Lindenhalle-c-Susanne-Huebner.jpg","datePublished":"2023-09-28T14:58:55+00:00","breadcrumb":{"@id":"https:\/\/9staedte.de\/nl\/tips-voor-je-conferentie-in-wolfenbuettel\/#breadcrumb"},"inLanguage":"nl-NL","potentialAction":[{"@type":"ReadAction","target":["https:\/\/9staedte.de\/nl\/tips-voor-je-conferentie-in-wolfenbuettel\/"]}]},{"@type":"ImageObject","inLanguage":"nl-NL","@id":"https:\/\/9staedte.de\/nl\/tips-voor-je-conferentie-in-wolfenbuettel\/#primaryimage","url":"https:\/\/9staedte.de\/wp-content\/uploads\/2023\/03\/Lindenhalle-c-Susanne-Huebner.jpg","contentUrl":"https:\/\/9staedte.de\/wp-content\/uploads\/2023\/03\/Lindenhalle-c-Susanne-Huebner.jpg","width":1019,"height":558,"caption":"Lindenhalle Wolfenb\u00fcttel (c) Susanne H\u00fcbner"},{"@type":"BreadcrumbList","@id":"https:\/\/9staedte.de\/nl\/tips-voor-je-conferentie-in-wolfenbuettel\/#breadcrumb","itemListElement":[{"@type":"ListItem","position":1,"name":"Startseite","item":"https:\/\/9staedte.de\/nl\/"},{"@type":"ListItem","position":2,"name":"Tips voor je conferentie in Wolfenb\u00fcttel:"}]},{"@type":"WebSite","@id":"https:\/\/9staedte.de\/nl\/#website","url":"https:\/\/9staedte.de\/nl\/","name":"9 St\u00e4dte in Niedersachsen","description":"","publisher":{"@id":"https:\/\/9staedte.de\/nl\/#organization"},"potentialAction":[{"@type":"SearchAction","target":{"@type":"EntryPoint","urlTemplate":"https:\/\/9staedte.de\/nl\/?s={search_term_string}"},"query-input":{"@type":"PropertyValueSpecification","valueRequired":true,"valueName":"search_term_string"}}],"inLanguage":"nl-NL"},{"@type":"Organization","@id":"https:\/\/9staedte.de\/nl\/#organization","name":"9 St\u00e4dte in Niedersachsen","url":"https:\/\/9staedte.de\/nl\/","logo":{"@type":"ImageObject","inLanguage":"nl-NL","@id":"https:\/\/9staedte.de\/nl\/#\/schema\/logo\/image\/","url":"https:\/\/9staedte.de\/wp-content\/uploads\/2025\/01\/9-neg-deutsch-2-1.png","contentUrl":"https:\/\/9staedte.de\/wp-content\/uploads\/2025\/01\/9-neg-deutsch-2-1.png","width":190,"height":114,"caption":"9 St\u00e4dte in Niedersachsen"},"image":{"@id":"https:\/\/9staedte.de\/nl\/#\/schema\/logo\/image\/"}}]}},"_links":{"self":[{"href":"https:\/\/9staedte.de\/nl\/wp-json\/wp\/v2\/pages\/9295","targetHints":{"allow":["GET"]}}],"collection":[{"href":"https:\/\/9staedte.de\/nl\/wp-json\/wp\/v2\/pages"}],"about":[{"href":"https:\/\/9staedte.de\/nl\/wp-json\/wp\/v2\/types\/page"}],"author":[{"embeddable":true,"href":"https:\/\/9staedte.de\/nl\/wp-json\/wp\/v2\/users\/6"}],"replies":[{"embeddable":true,"href":"https:\/\/9staedte.de\/nl\/wp-json\/wp\/v2\/comments?post=9295"}],"version-history":[{"count":1,"href":"https:\/\/9staedte.de\/nl\/wp-json\/wp\/v2\/pages\/9295\/revisions"}],"predecessor-version":[{"id":9301,"href":"https:\/\/9staedte.de\/nl\/wp-json\/wp\/v2\/pages\/9295\/revisions\/9301"}],"wp:featuredmedia":[{"embeddable":true,"href":"https:\/\/9staedte.de\/nl\/wp-json\/wp\/v2\/media\/9297"}],"wp:attachment":[{"href":"https:\/\/9staedte.de\/nl\/wp-json\/wp\/v2\/media?parent=9295"}],"wp:term":[{"taxonomy":"category","embeddable":true,"href":"https:\/\/9staedte.de\/nl\/wp-json\/wp\/v2\/categories?post=9295"},{"taxonomy":"post_tag","embeddable":true,"href":"https:\/\/9staedte.de\/nl\/wp-json\/wp\/v2\/tags?post=9295"},{"taxonomy":"ncap_cities_tax","embeddable":true,"href":"https:\/\/9staedte.de\/nl\/wp-json\/wp\/v2\/ncap_cities_tax?post=9295"}],"curies":[{"name":"wp","href":"https:\/\/api.w.org\/{rel}","templated":true}]}}