{"id":22573,"date":"2024-06-14T11:16:48","date_gmt":"2024-06-14T09:16:48","guid":{"rendered":"https:\/\/9staedte.de\/met-de-camper-naar-goettingen\/"},"modified":"2025-05-15T17:06:31","modified_gmt":"2025-05-15T15:06:31","slug":"met-de-camper-naar-goettingen","status":"publish","type":"page","link":"https:\/\/9staedte.de\/nl\/goettingen-stad-die-kennis-creeert\/met-de-camper-naar-goettingen\/","title":{"rendered":"Met de camper naar G\u00f6ttingen"},"content":{"rendered":"\n<p><strong>Camperhaven G\u00f6ttingen: &#8220;Topplaats&#8221; vlakbij het stadscentrum<\/strong><\/p>\n\n<p>De camperhaven van G\u00f6ttingen is een succesvol voorbeeld van hoe de belangen van camperaars gecombineerd kunnen worden met de omstandigheden in een grote stad die aantrekkelijk is voor toeristen.<\/p>\n\n<p>De camperplaats Eiswiese, die aan alle kanten omheind en verlicht is, ligt op een uitstekende locatie: Gelegen in een groene gordel bij de Kiessee, direct grenzend aan de rivier de Leine, op een zeer rustige locatie en toch dicht bij het historische stadscentrum van G\u00f6ttingen. Het is slechts 10 minuten lopen naar de oude stad, waar het middeleeuwse stadhuis, kerken, vakwerkhuizen, pubs, straatcaf\u00e9s en vele winkels uitnodigen tot een wandeling en een bezoek. En last but not least is een bezoek aan de G\u00e4nseliesel, het &#8220;meest gekuste meisje ter wereld&#8221; dat je begroet vanaf de marktfontein, een absolute must.<\/p>\n\n<p>De in totaal 28 vlakke en verharde parkeerplaatsen zijn royaal verkaveld met een breedte van 5,50 m en een lengte van 10 tot 12 m overal, en milieuvriendelijke aan- en afvoerfaciliteiten zijn natuurlijk beschikbaar. Het zwemparadijs Eiswiese met zijn enorme saunalandschap en het openluchtzwembad Brauweg liggen direct naast het plein, terwijl het sportpark van G\u00f6ttingen en het Kiessee-meer met bootverhuur, vissen en watersport talrijke vrijetijdsactiviteiten in de buurt bieden. Winkelmogelijkheden, supermarkten, apotheken, bank, spaarbank zijn op loopafstand. Een straal van 1 km.<\/p>\n\n<figure class=\"wp-block-image size-full\"><img loading=\"lazy\" decoding=\"async\" width=\"1020\" height=\"560\" src=\"https:\/\/9staedte.de\/wp-content\/smush-webp\/2024\/06\/Goettingen-Reisemobilhafen-c-Goettingen-Tourismus.jpg.webp\" alt=\"Goettingen-Motorhome-Haven-c-Goettingen-Toerisme\" class=\"wp-image-22560\" srcset=\"https:\/\/9staedte.de\/wp-content\/smush-webp\/2024\/06\/Goettingen-Reisemobilhafen-c-Goettingen-Tourismus.jpg.webp 1020w, https:\/\/9staedte.de\/wp-content\/smush-webp\/2024\/06\/Goettingen-Reisemobilhafen-c-Goettingen-Tourismus-300x165.jpg.webp 300w, https:\/\/9staedte.de\/wp-content\/smush-webp\/2024\/06\/Goettingen-Reisemobilhafen-c-Goettingen-Tourismus-768x422.jpg.webp 768w\" sizes=\"auto, (max-width: 1020px) 100vw, 1020px\" \/><figcaption class=\"wp-element-caption\">Goettingen-Motorhome-Haven-c-Goettingen-Toerisme<\/figcaption><\/figure>\n\n<p>Contact:<br\/>G\u00f6ttinger Sport- und Freizeit GmbH<br\/>Windrichting 60<br\/>37073 G\u00f6ttingen<br\/>Tel. +49 (0) 551 \/ 50709-0<br\/>Fax +49 (0) 5 51 \/ 50709-161<br\/>E-mail: <a href=\"mailto:info@goesf.de\">info@goesf.de<\/a><br\/>Internet: <a href=\"http:\/\/www.goesf.de\/\" target=\"_blank\" rel=\"noreferrer noopener\">www.goesf.de<\/a><\/p>\n\n <div class=\"brlbs-cmpnt-container brlbs-cmpnt-content-blocker brlbs-cmpnt-with-individual-styles\" data-borlabs-cookie-content-blocker-id=\"google-maps\" data-borlabs-cookie-content=\"PGlmcmFtZSBzcmM9Imh0dHBzOi8vd3d3Lmdvb2dsZS5jb20vbWFwcy9kL2VtYmVkP21pZD0xWnlKcEkxU1pzQXZCTUtzc29GdG1zeDNVM3BlQmtNNCZlaGJjPTJFMzEyRiIgd2lkdGg9IjY0MCIgaGVpZ2h0PSI0ODAiPjwvaWZyYW1lPg==\"><div class=\"brlbs-cmpnt-cb-preset-b brlbs-cmpnt-cb-google-maps\"> <div class=\"brlbs-cmpnt-cb-thumbnail\" style=\"background-image: url('https:\/\/9staedte.de\/wp-content\/uploads\/borlabs-cookie\/1\/brlbs-cb-google-maps-main.png')\"><\/div> <div class=\"brlbs-cmpnt-cb-main\"> <div class=\"brlbs-cmpnt-cb-content\"> <p class=\"brlbs-cmpnt-cb-description\">U bekijkt momenteel inhoud van een plaatshouder van <strong>Google Maps<\/strong>. Klik op de knop hieronder om de volledige inhoud te bekijken. Houd er rekening mee dat u op deze manier gegevens deelt met providers van derden.<\/p> <a class=\"brlbs-cmpnt-cb-provider-toggle\" href=\"#\" data-borlabs-cookie-show-provider-information role=\"button\">Meer informatie<\/a> <\/div> <div class=\"brlbs-cmpnt-cb-buttons\"> <a class=\"brlbs-cmpnt-cb-btn\" href=\"#\" data-borlabs-cookie-unblock role=\"button\">Inhoud deblokkeren<\/a> <a class=\"brlbs-cmpnt-cb-btn\" href=\"#\" data-borlabs-cookie-accept-service role=\"button\" style=\"display: inherit\">Vereiste service accepteren en inhoud deblokkeren<\/a> <\/div> <\/div> <\/div><\/div>\n\n<p><strong>9 tips voor je camperreis naar G\u00f6ttingen:<\/strong><\/p>\n\n<ol class=\"wp-block-list\" start=\"1\">\n<li>Geniet van een ontspannen duik in het zwemparadijs Eiswiese<\/li>\n\n\n\n<li>Maak een wandeling rond het nabijgelegen grindmeer<\/li>\n\n\n\n<li>Bekijk een film in de openluchtbioscoop in Brauweg in augustus<\/li>\n\n\n\n<li>Maak een fietstocht over het Leine-Heide fietspad<\/li>\n\n\n\n<li>Neem een pauze bij Caf\u00e9 Kredo en geniet van het uitzicht op het meer<\/li>\n\n\n\n<li>Huur een waterfiets op de Kiessee<\/li>\n\n\n\n<li>Verken de nabijgelegen oude stad van G\u00f6ttingen<\/li>\n\n\n\n<li>Ontdek de oude botanische tuin op de stadsmuur<\/li>\n\n\n\n<li>Geniet van de levendige culturele scene  <\/li>\n<\/ol>\n","protected":false},"excerpt":{"rendered":"<p>Camperhaven G\u00f6ttingen: &#8220;Topplaats&#8221; vlakbij het stadscentrum De camperhaven van G\u00f6ttingen is een succesvol voorbeeld van hoe de belangen van camperaars gecombineerd kunnen worden met de omstandigheden in een grote stad die aantrekkelijk is voor toeristen. De camperplaats Eiswiese, die aan alle kanten omheind en verlicht is, ligt op een uitstekende locatie: Gelegen in een groene [&hellip;]<\/p>\n","protected":false},"author":6,"featured_media":9554,"parent":9786,"menu_order":0,"comment_status":"closed","ping_status":"closed","template":"","meta":{"_acf_changed":false,"footnotes":""},"categories":[],"tags":[],"ncap_cities_tax":[433,1406],"class_list":["post-22573","page","type-page","status-publish","has-post-thumbnail","hentry","ncap_cities_tax-goettingen-nl","ncap_cities_tax-reisemobilstellplatze-goettingen-nl"],"acf":[],"yoast_head":"<!-- This site is optimized with the Yoast SEO plugin v26.8 - https:\/\/yoast.com\/product\/yoast-seo-wordpress\/ -->\n<title>Met de camper naar G\u00f6ttingen - 9 St\u00e4dte in Niedersachsen<\/title>\n<meta name=\"robots\" content=\"index, follow, max-snippet:-1, max-image-preview:large, max-video-preview:-1\" \/>\n<link rel=\"canonical\" href=\"https:\/\/9staedte.de\/nl\/goettingen-stad-die-kennis-creeert\/met-de-camper-naar-goettingen\/\" \/>\n<meta property=\"og:locale\" content=\"nl_NL\" \/>\n<meta property=\"og:type\" content=\"article\" \/>\n<meta property=\"og:title\" content=\"Met de camper naar G\u00f6ttingen - 9 St\u00e4dte in Niedersachsen\" \/>\n<meta property=\"og:description\" content=\"Camperhaven G\u00f6ttingen: &#8220;Topplaats&#8221; vlakbij het stadscentrum De camperhaven van G\u00f6ttingen is een succesvol voorbeeld van hoe de belangen van camperaars gecombineerd kunnen worden met de omstandigheden in een grote stad die aantrekkelijk is voor toeristen. De camperplaats Eiswiese, die aan alle kanten omheind en verlicht is, ligt op een uitstekende locatie: Gelegen in een groene [&hellip;]\" \/>\n<meta property=\"og:url\" content=\"https:\/\/9staedte.de\/nl\/goettingen-stad-die-kennis-creeert\/met-de-camper-naar-goettingen\/\" \/>\n<meta property=\"og:site_name\" content=\"9 St\u00e4dte in Niedersachsen\" \/>\n<meta property=\"article:modified_time\" content=\"2025-05-15T15:06:31+00:00\" \/>\n<meta property=\"og:image\" content=\"https:\/\/9staedte.de\/wp-content\/uploads\/2023\/02\/Goettingen_Johanniskirche-c-Goettingen-Tourismus-Lars-Gerhardts.jpg\" \/>\n\t<meta property=\"og:image:width\" content=\"1020\" \/>\n\t<meta property=\"og:image:height\" content=\"559\" \/>\n\t<meta property=\"og:image:type\" content=\"image\/jpeg\" \/>\n<meta name=\"twitter:card\" content=\"summary_large_image\" \/>\n<meta name=\"twitter:label1\" content=\"Geschatte leestijd\" \/>\n\t<meta name=\"twitter:data1\" content=\"3 minuten\" \/>\n<script type=\"application\/ld+json\" class=\"yoast-schema-graph\">{\"@context\":\"https:\/\/schema.org\",\"@graph\":[{\"@type\":\"WebPage\",\"@id\":\"https:\/\/9staedte.de\/nl\/goettingen-stad-die-kennis-creeert\/met-de-camper-naar-goettingen\/\",\"url\":\"https:\/\/9staedte.de\/nl\/goettingen-stad-die-kennis-creeert\/met-de-camper-naar-goettingen\/\",\"name\":\"Met de camper naar G\u00f6ttingen - 9 St\u00e4dte in Niedersachsen\",\"isPartOf\":{\"@id\":\"https:\/\/9staedte.de\/nl\/#website\"},\"primaryImageOfPage\":{\"@id\":\"https:\/\/9staedte.de\/nl\/goettingen-stad-die-kennis-creeert\/met-de-camper-naar-goettingen\/#primaryimage\"},\"image\":{\"@id\":\"https:\/\/9staedte.de\/nl\/goettingen-stad-die-kennis-creeert\/met-de-camper-naar-goettingen\/#primaryimage\"},\"thumbnailUrl\":\"https:\/\/9staedte.de\/wp-content\/uploads\/2023\/02\/Goettingen_Johanniskirche-c-Goettingen-Tourismus-Lars-Gerhardts.jpg\",\"datePublished\":\"2024-06-14T09:16:48+00:00\",\"dateModified\":\"2025-05-15T15:06:31+00:00\",\"breadcrumb\":{\"@id\":\"https:\/\/9staedte.de\/nl\/goettingen-stad-die-kennis-creeert\/met-de-camper-naar-goettingen\/#breadcrumb\"},\"inLanguage\":\"nl-NL\",\"potentialAction\":[{\"@type\":\"ReadAction\",\"target\":[\"https:\/\/9staedte.de\/nl\/goettingen-stad-die-kennis-creeert\/met-de-camper-naar-goettingen\/\"]}]},{\"@type\":\"ImageObject\",\"inLanguage\":\"nl-NL\",\"@id\":\"https:\/\/9staedte.de\/nl\/goettingen-stad-die-kennis-creeert\/met-de-camper-naar-goettingen\/#primaryimage\",\"url\":\"https:\/\/9staedte.de\/wp-content\/uploads\/2023\/02\/Goettingen_Johanniskirche-c-Goettingen-Tourismus-Lars-Gerhardts.jpg\",\"contentUrl\":\"https:\/\/9staedte.de\/wp-content\/uploads\/2023\/02\/Goettingen_Johanniskirche-c-Goettingen-Tourismus-Lars-Gerhardts.jpg\",\"width\":1020,\"height\":559,\"caption\":\"Goettingen Johanniskirche c) G\u00f6ttingen Marketing GmbH Lars Gerhardts\"},{\"@type\":\"BreadcrumbList\",\"@id\":\"https:\/\/9staedte.de\/nl\/goettingen-stad-die-kennis-creeert\/met-de-camper-naar-goettingen\/#breadcrumb\",\"itemListElement\":[{\"@type\":\"ListItem\",\"position\":1,\"name\":\"Startseite\",\"item\":\"https:\/\/9staedte.de\/nl\/\"},{\"@type\":\"ListItem\",\"position\":2,\"name\":\"G\u00f6ttingen &#8211; Stad die kennis cre\u00ebert\",\"item\":\"https:\/\/9staedte.de\/nl\/goettingen-stad-die-kennis-creeert\/\"},{\"@type\":\"ListItem\",\"position\":3,\"name\":\"Met de camper naar G\u00f6ttingen\"}]},{\"@type\":\"WebSite\",\"@id\":\"https:\/\/9staedte.de\/nl\/#website\",\"url\":\"https:\/\/9staedte.de\/nl\/\",\"name\":\"9 St\u00e4dte in Niedersachsen\",\"description\":\"\",\"publisher\":{\"@id\":\"https:\/\/9staedte.de\/nl\/#organization\"},\"potentialAction\":[{\"@type\":\"SearchAction\",\"target\":{\"@type\":\"EntryPoint\",\"urlTemplate\":\"https:\/\/9staedte.de\/nl\/?s={search_term_string}\"},\"query-input\":{\"@type\":\"PropertyValueSpecification\",\"valueRequired\":true,\"valueName\":\"search_term_string\"}}],\"inLanguage\":\"nl-NL\"},{\"@type\":\"Organization\",\"@id\":\"https:\/\/9staedte.de\/nl\/#organization\",\"name\":\"9 St\u00e4dte in Niedersachsen\",\"url\":\"https:\/\/9staedte.de\/nl\/\",\"logo\":{\"@type\":\"ImageObject\",\"inLanguage\":\"nl-NL\",\"@id\":\"https:\/\/9staedte.de\/nl\/#\/schema\/logo\/image\/\",\"url\":\"https:\/\/9staedte.de\/wp-content\/uploads\/2025\/01\/9-neg-deutsch-2-1.png\",\"contentUrl\":\"https:\/\/9staedte.de\/wp-content\/uploads\/2025\/01\/9-neg-deutsch-2-1.png\",\"width\":190,\"height\":114,\"caption\":\"9 St\u00e4dte in Niedersachsen\"},\"image\":{\"@id\":\"https:\/\/9staedte.de\/nl\/#\/schema\/logo\/image\/\"}}]}<\/script>\n<!-- \/ Yoast SEO plugin. -->","yoast_head_json":{"title":"Met de camper naar G\u00f6ttingen - 9 St\u00e4dte in Niedersachsen","robots":{"index":"index","follow":"follow","max-snippet":"max-snippet:-1","max-image-preview":"max-image-preview:large","max-video-preview":"max-video-preview:-1"},"canonical":"https:\/\/9staedte.de\/nl\/goettingen-stad-die-kennis-creeert\/met-de-camper-naar-goettingen\/","og_locale":"nl_NL","og_type":"article","og_title":"Met de camper naar G\u00f6ttingen - 9 St\u00e4dte in Niedersachsen","og_description":"Camperhaven G\u00f6ttingen: &#8220;Topplaats&#8221; vlakbij het stadscentrum De camperhaven van G\u00f6ttingen is een succesvol voorbeeld van hoe de belangen van camperaars gecombineerd kunnen worden met de omstandigheden in een grote stad die aantrekkelijk is voor toeristen. De camperplaats Eiswiese, die aan alle kanten omheind en verlicht is, ligt op een uitstekende locatie: Gelegen in een groene [&hellip;]","og_url":"https:\/\/9staedte.de\/nl\/goettingen-stad-die-kennis-creeert\/met-de-camper-naar-goettingen\/","og_site_name":"9 St\u00e4dte in Niedersachsen","article_modified_time":"2025-05-15T15:06:31+00:00","og_image":[{"width":1020,"height":559,"url":"https:\/\/9staedte.de\/wp-content\/uploads\/2023\/02\/Goettingen_Johanniskirche-c-Goettingen-Tourismus-Lars-Gerhardts.jpg","type":"image\/jpeg"}],"twitter_card":"summary_large_image","twitter_misc":{"Geschatte leestijd":"3 minuten"},"schema":{"@context":"https:\/\/schema.org","@graph":[{"@type":"WebPage","@id":"https:\/\/9staedte.de\/nl\/goettingen-stad-die-kennis-creeert\/met-de-camper-naar-goettingen\/","url":"https:\/\/9staedte.de\/nl\/goettingen-stad-die-kennis-creeert\/met-de-camper-naar-goettingen\/","name":"Met de camper naar G\u00f6ttingen - 9 St\u00e4dte in Niedersachsen","isPartOf":{"@id":"https:\/\/9staedte.de\/nl\/#website"},"primaryImageOfPage":{"@id":"https:\/\/9staedte.de\/nl\/goettingen-stad-die-kennis-creeert\/met-de-camper-naar-goettingen\/#primaryimage"},"image":{"@id":"https:\/\/9staedte.de\/nl\/goettingen-stad-die-kennis-creeert\/met-de-camper-naar-goettingen\/#primaryimage"},"thumbnailUrl":"https:\/\/9staedte.de\/wp-content\/uploads\/2023\/02\/Goettingen_Johanniskirche-c-Goettingen-Tourismus-Lars-Gerhardts.jpg","datePublished":"2024-06-14T09:16:48+00:00","dateModified":"2025-05-15T15:06:31+00:00","breadcrumb":{"@id":"https:\/\/9staedte.de\/nl\/goettingen-stad-die-kennis-creeert\/met-de-camper-naar-goettingen\/#breadcrumb"},"inLanguage":"nl-NL","potentialAction":[{"@type":"ReadAction","target":["https:\/\/9staedte.de\/nl\/goettingen-stad-die-kennis-creeert\/met-de-camper-naar-goettingen\/"]}]},{"@type":"ImageObject","inLanguage":"nl-NL","@id":"https:\/\/9staedte.de\/nl\/goettingen-stad-die-kennis-creeert\/met-de-camper-naar-goettingen\/#primaryimage","url":"https:\/\/9staedte.de\/wp-content\/uploads\/2023\/02\/Goettingen_Johanniskirche-c-Goettingen-Tourismus-Lars-Gerhardts.jpg","contentUrl":"https:\/\/9staedte.de\/wp-content\/uploads\/2023\/02\/Goettingen_Johanniskirche-c-Goettingen-Tourismus-Lars-Gerhardts.jpg","width":1020,"height":559,"caption":"Goettingen Johanniskirche c) G\u00f6ttingen Marketing GmbH Lars Gerhardts"},{"@type":"BreadcrumbList","@id":"https:\/\/9staedte.de\/nl\/goettingen-stad-die-kennis-creeert\/met-de-camper-naar-goettingen\/#breadcrumb","itemListElement":[{"@type":"ListItem","position":1,"name":"Startseite","item":"https:\/\/9staedte.de\/nl\/"},{"@type":"ListItem","position":2,"name":"G\u00f6ttingen &#8211; Stad die kennis cre\u00ebert","item":"https:\/\/9staedte.de\/nl\/goettingen-stad-die-kennis-creeert\/"},{"@type":"ListItem","position":3,"name":"Met de camper naar G\u00f6ttingen"}]},{"@type":"WebSite","@id":"https:\/\/9staedte.de\/nl\/#website","url":"https:\/\/9staedte.de\/nl\/","name":"9 St\u00e4dte in Niedersachsen","description":"","publisher":{"@id":"https:\/\/9staedte.de\/nl\/#organization"},"potentialAction":[{"@type":"SearchAction","target":{"@type":"EntryPoint","urlTemplate":"https:\/\/9staedte.de\/nl\/?s={search_term_string}"},"query-input":{"@type":"PropertyValueSpecification","valueRequired":true,"valueName":"search_term_string"}}],"inLanguage":"nl-NL"},{"@type":"Organization","@id":"https:\/\/9staedte.de\/nl\/#organization","name":"9 St\u00e4dte in Niedersachsen","url":"https:\/\/9staedte.de\/nl\/","logo":{"@type":"ImageObject","inLanguage":"nl-NL","@id":"https:\/\/9staedte.de\/nl\/#\/schema\/logo\/image\/","url":"https:\/\/9staedte.de\/wp-content\/uploads\/2025\/01\/9-neg-deutsch-2-1.png","contentUrl":"https:\/\/9staedte.de\/wp-content\/uploads\/2025\/01\/9-neg-deutsch-2-1.png","width":190,"height":114,"caption":"9 St\u00e4dte in Niedersachsen"},"image":{"@id":"https:\/\/9staedte.de\/nl\/#\/schema\/logo\/image\/"}}]}},"_links":{"self":[{"href":"https:\/\/9staedte.de\/nl\/wp-json\/wp\/v2\/pages\/22573","targetHints":{"allow":["GET"]}}],"collection":[{"href":"https:\/\/9staedte.de\/nl\/wp-json\/wp\/v2\/pages"}],"about":[{"href":"https:\/\/9staedte.de\/nl\/wp-json\/wp\/v2\/types\/page"}],"author":[{"embeddable":true,"href":"https:\/\/9staedte.de\/nl\/wp-json\/wp\/v2\/users\/6"}],"replies":[{"embeddable":true,"href":"https:\/\/9staedte.de\/nl\/wp-json\/wp\/v2\/comments?post=22573"}],"version-history":[{"count":4,"href":"https:\/\/9staedte.de\/nl\/wp-json\/wp\/v2\/pages\/22573\/revisions"}],"predecessor-version":[{"id":25896,"href":"https:\/\/9staedte.de\/nl\/wp-json\/wp\/v2\/pages\/22573\/revisions\/25896"}],"up":[{"embeddable":true,"href":"https:\/\/9staedte.de\/nl\/wp-json\/wp\/v2\/pages\/9786"}],"wp:featuredmedia":[{"embeddable":true,"href":"https:\/\/9staedte.de\/nl\/wp-json\/wp\/v2\/media\/9554"}],"wp:attachment":[{"href":"https:\/\/9staedte.de\/nl\/wp-json\/wp\/v2\/media?parent=22573"}],"wp:term":[{"taxonomy":"category","embeddable":true,"href":"https:\/\/9staedte.de\/nl\/wp-json\/wp\/v2\/categories?post=22573"},{"taxonomy":"post_tag","embeddable":true,"href":"https:\/\/9staedte.de\/nl\/wp-json\/wp\/v2\/tags?post=22573"},{"taxonomy":"ncap_cities_tax","embeddable":true,"href":"https:\/\/9staedte.de\/nl\/wp-json\/wp\/v2\/ncap_cities_tax?post=22573"}],"curies":[{"name":"wp","href":"https:\/\/api.w.org\/{rel}","templated":true}]}}